{"id":11939,"date":"2022-01-19T12:55:24","date_gmt":"2022-01-19T11:55:24","guid":{"rendered":"https:\/\/new.tiketi.com\/cheap-flights-to-zanzibar\/"},"modified":"2022-11-09T15:51:19","modified_gmt":"2022-11-09T14:51:19","slug":"zanzibar-znz","status":"publish","type":"page","link":"https:\/\/tiketi.com\/fr-fr\/cheap-flights\/zanzibar-znz\/","title":{"rendered":"Vols pas chers vers Zanzibar"},"content":{"rendered":"<h2>Vous recherchez un billet d&#039;avion pas cher pour Zanzibar ou des offres de derni\u00e8re minute ?<\/h2>\n<h3>Recherchez, comparez et r\u00e9servez des vols pas chers pour Zanzibar en ligne d\u00e8s maintenant.<\/h3>\n<p>Situ\u00e9e au large des c\u00f4tes de la Tanzanie, l&#039;\u00eele de Zanzibar est devenue de plus en plus c\u00e9l\u00e8bre en tant que meilleur lieu touristique d&#039;Afrique de l&#039;Est au fil des ans et des vols bon march\u00e9 vers Zanzibar sont accessibles. L&#039;\u00eele est bord\u00e9e de charmants environs c\u00f4tiers et regorge d&#039;attractions culturelles ainsi que d&#039;activit\u00e9s sp\u00e9ciales. Il accueille chaque ann\u00e9e des milliers de visiteurs de la r\u00e9gion et du monde entier. Il offre un cadre id\u00e9al pour des vacances reposantes - pour les voyageurs en solo, les couples, les groupes d&#039;amis ou les familles. Comparez les prix et obtenez le tarif le plus bas sur les billets d&#039;avion pour Zanzibar gr\u00e2ce \u00e0 des offres exceptionnelles sur la r\u00e9servation de billets en ligne de vols Zanzibar.<\/p>\n<h2>Voici quelques-unes des meilleures attractions de Zanzibar<\/h2>\n<h3>L&#039;\u00eele-prison<\/h3>\n<p>L&#039;\u00eele de la prison est \u00e9galement appel\u00e9e Changuu, une \u00eele situ\u00e9e \u00e0 environ six km au nord-ouest de la ville de pierre. Les grandes attractions de cette \u00eele sont les tortues monstres et le mus\u00e9e de la traite des esclaves, o\u00f9 vous en apprendrez plus sur l&#039;histoire de l&#039;\u00eele. Vous aurez la chance de voir comment les tortues sont nourries dans l&#039;apr\u00e8s-midi. L&#039;\u00eele de la prison comprend de magnifiques zones coralliennes o\u00f9 vous pourrez faire de la plong\u00e9e avec tuba apr\u00e8s avoir vu les tortues et le mus\u00e9e.<\/p>\n<h3>La ville de pierre<\/h3>\n<p>La ville de pierre est la merveilleuse capitale de Zanzibar et c&#039;est une \u00e9tape dans la culture et l&#039;histoire regorgeant de fascination et de charme. La vieille ville est un lieu du patrimoine mondial de l&#039;UNESCO, c\u00e9l\u00e8bre pour ses diff\u00e9rentes rues \u00e9troites qui serpentent \u00e0 travers un large \u00e9ventail de maisons, de caf\u00e9s pittoresques, de boutiques d&#039;artisanat et de galeries d&#039;art. Explorez la ville \u00e0 pied, perdez-vous dans son d\u00e9dale de rues tr\u00e8s anciennes et d\u00e9couvrez des exp\u00e9riences culturelles remarquables en vous m\u00ealant aux habitants.<\/p>\n<h3>Visite des \u00e9pices<\/h3>\n<p>Populairement appel\u00e9e les \u00eeles aux \u00e9pices, Zanzibar regorge d&#039;\u00e9pices telles que la vanille, la muscade, la cannelle, les clous de girofle et le poivre vert. Un voyage dans une plantation d&#039;\u00e9pices est une merveilleuse fa\u00e7on de voir comment l&#039;\u00eele est devenue un centre commercial au XVIIIe si\u00e8cle. Explorez la plantation, situ\u00e9e entre les plages du nord et la ville de pierre.<\/p>\n<h2>FAQ sur les vols pas chers vers Zanzibar<\/h2>\n<h3>Compagnies a\u00e9riennes desservant Zanzibar<\/h3>\n<p>\u00c0 l&#039;heure actuelle, aucune compagnie a\u00e9rienne ne vole directement vers Zanzibar depuis le Royaume-Uni. Services a\u00e9riens r\u00e9gionaux et Zan Air.<br \/>\nLes vols saisonniers des mois chauds sont \u00e9galement op\u00e9r\u00e9s par Atitlan, Akria Israel Airlines, Condor, Blue Panorama Airlines, Neos, Meridiana et Travel Service Airlines. Certains vols charter Zanzibar sont \u00e9galement propos\u00e9s par Jetaairfly et Arkefly.<\/p>\n<h3>Quand prendre l&#039;avion pour Zanzibar ?<\/h3>\n<p>Il n&#039;y a g\u00e9n\u00e9ralement pas de mauvais moment pour visiter Zanzibar car le temps est g\u00e9n\u00e9ralement chaud. La saison s\u00e8che dure de juin \u00e0 novembre mais c&#039;est aussi la p\u00e9riode la plus froide. Mars \u00e0 mai voir la saison la plus humide lorsque les temp\u00e9ratures sont \u00e9lev\u00e9es et les meilleurs vols vers Zanzibar.<\/p>\n<h3>Quel est le meilleur moment pour r\u00e9server un billet d&#039;avion pas cher pour Zanzibar ?<\/h3>\n<p>Pour b\u00e9n\u00e9ficier des meilleures chances de prix du billet d&#039;avion pour Zanzibar, pensez \u00e0 r\u00e9server 54 jours avant votre voyage. Les tarifs sont susceptibles d&#039;augmenter une quinzaine de jours avant votre date de d\u00e9part.<\/p>\n<h3>Quel est le principal a\u00e9roport international de Zanzibar\u00a0?<\/h3>\n<p>L&#039;a\u00e9roport international Abeid Amani Karume est le grand a\u00e9roport qui dessert des vols directs vers Zanzibar, ainsi que vers l&#039;archipel de Zanzibar. La distance est d&#039;environ cinq kilom\u00e8tres de la ville de Zanzibar. L&#039;a\u00e9roport est situ\u00e9 sur l&#039;\u00eele d&#039;Unguja, au sud du centre-ville de Zanzibar.<\/p>\n<p>Les vols internationaux op\u00e8rent actuellement \u00e0 partir du terminal un de l&#039;a\u00e9roport, tandis qu&#039;un deuxi\u00e8me terminal est en construction. Une fois le dernier terminal termin\u00e9, tout le trafic international et les vols vers Zanzibar Tanzanie, les vols Zanzibar Dar es Salaam et les vols vers Zanzibar Pemba y seraient d\u00e9tourn\u00e9s et le premier terminal serait utilis\u00e9 exclusivement pour le trafic a\u00e9rien local.<\/p>\n<h3>Quel est le meilleur mois pour les vols vers Zanzibar ?<\/h3>\n<p>Actuellement, le mois le moins cher pour les vols pas chers vers Zanzibar est novembre. Le mois le plus cher pour les vols vers Zanzibar est juillet.<\/p>\n<h3>Combien co\u00fbtent les billets d&#039;avion pour Zanzibar ?<\/h3>\n<p>Juillet est le mois le plus cher pour voler de Londres \u00e0 Zanzibar co\u00fbt moyen US$ 1,009 par billet et novembre est le mois le moins cher pour un vol vers Zanzibar prix moyen du billet seulement US$ 536.<\/p>\n<h3>Haute saison (d\u00e9cembre \u00e0 f\u00e9vrier ?<\/h3>\n<p>Comme il s&#039;agit de la p\u00e9riode la plus c\u00e9l\u00e8bre pour visiter Zanzibar, vous pouvez supposer que vous devrez payer entre 30 et 40 % de plus pour vos vols et votre h\u00e9bergement. Gardez \u00e0 l&#039;esprit que plus vous choisissez de r\u00e9server vos billets d&#039;avion pour Zanzibar tard, plus vous risquez de payer.<\/p>\n<h3>Hors pointe (mars \u00e0 mai et novembre)<\/h3>\n<p>Bien que vous puissiez rencontrer des averses, la r\u00e9servation pendant la saison des pluies \u00e0 Zanzibar peut vous permettre de conserver jusqu&#039;\u00e0 50 % de vos vols et de votre h\u00e9bergement. Veuillez noter qu&#039;il est toujours pr\u00e9f\u00e9rable de r\u00e9server vos vols pour Zanzibar le plus t\u00f4t possible pour les meilleures offres, m\u00eame en basse saison.<\/p>\n<h2>Se d\u00e9placer \u00e0 Zanzibar<\/h2>\n<p>Se d\u00e9placer dans Stone Town, le centre historique de Zanzibar n&#039;est qu&#039;\u00e0 pied. En dehors du centre, les voitures priv\u00e9es ou les taxis sont le meilleur pari. L&#039;h\u00f4tel de Zanzibar peut organiser des taxis mais inclura une commission. Les Dallas-dallas sont de petites fourgonnettes et moins ch\u00e8res que les voitures priv\u00e9es ou les taxis.<\/p>\n<h2>Vols int\u00e9rieurs au d\u00e9part de Zanzibar<\/h2>\n<table border=\"0\" cellspacing=\"2\" cellpadding=\"2\">\n<tbody>\n<tr>\n<td>Vols pas chers \u00e0 partir de <a href=\"https:\/\/tiketi.com\/fr-fr\/flights-zanzibar-dar-es-salaam-znz-dar\/\" target=\"_blank\" rel=\"noopener\">Zanzibar \u00e0 Dar es Salam<\/a><\/td>\n<td style=\"width: 30px;\"><\/td>\n<td>Vols pas chers \u00e0 partir de <a href=\"https:\/\/tiketi.com\/fr-fr\/flights-zanzibar-kilimanjaro-znz-jro\/\" target=\"_blank\" rel=\"noopener\">Zanzibar \u00e0 Kilimandjaro<\/a><\/td>\n<\/tr>\n<tr>\n<td>Vols pas chers \u00e0 partir de\u00a0<a href=\"https:\/\/tiketi.com\/fr-fr\/flights-zanzibar-arusha-znz-ark\/\" target=\"_blank\" rel=\"noopener\">Zanzibar \u00e0 Arusha<\/a><\/td>\n<td><\/td>\n<td>Vols pas chers \u00e0 partir de <a href=\"https:\/\/tiketi.com\/fr-fr\/flights-zanzibar-selous-matambwe-znz-se4\/\" target=\"_blank\" rel=\"noopener\">Zanzibar \u00e0 Selous Matambwe<\/a><\/td>\n<\/tr>\n<tr>\n<td>Vols \u00e0 bas prix de Zanzibar \u00e0 Tanga<\/td>\n<td><\/td>\n<td>Vols pas chers \u00e0 partir de <a href=\"https:\/\/tiketi.com\/fr-fr\/flights-zanzibar-selous-matambwe-znz-se4\/\" target=\"_blank\" rel=\"noopener\">Zanzibar \u00e0 Selous Matambwe<\/a><\/td>\n<\/tr>\n<tr>\n<td>Vols pas chers \u00e0 partir de\u00a0<a href=\"https:\/\/tiketi.com\/fr-fr\/flights-zanzibar-pemba-island-znz-pol\/\" target=\"_blank\" rel=\"noopener\">Zanzibar \u00e0 l&#039;\u00eele de Pemba<\/a><\/td>\n<td><\/td>\n<td><\/td>\n<\/tr>\n<tr>\n<td><\/td>\n<td><\/td>\n<td><\/td>\n<\/tr>\n<\/tbody>\n<\/table>\n<h2><\/h2>","protected":false},"excerpt":{"rendered":"<p>Looking for cheap airline ticket to Zanzibar or last minute deals? Search, compare and book cheap Zanzibar flights online now. Placed off the coast of Tanzania, Zanzibar Island has became increasingly famous as a best tourist place in East Africa over the years and cheap flights to Zanzibar accessible. The Island is fringed by charming [&hellip;]<\/p>\n","protected":false},"author":1,"featured_media":17852,"parent":23264,"menu_order":0,"comment_status":"open","ping_status":"closed","template":"template-home-modern.php","meta":{"footnotes":""},"class_list":["post-11939","page","type-page","status-publish","has-post-thumbnail","hentry"],"yoast_head":"<!-- This site is optimized with the Yoast SEO plugin v27.3 - https:\/\/yoast.com\/product\/yoast-seo-wordpress\/ -->\n<title>Cheap Flights to Zanzibar<\/title>\n<meta name=\"description\" content=\"Looking for cheap flights to\u00a0Zanzibar? Search, compare and book cheap airline ticket from to\u00a0Zanzibar online and save money\" \/>\n<meta name=\"robots\" content=\"index, follow, max-snippet:-1, max-image-preview:large, max-video-preview:-1\" \/>\n<link rel=\"canonical\" href=\"https:\/\/tiketi.com\/fr-fr\/cheap-flights\/zanzibar-znz\/\" \/>\n<meta property=\"og:locale\" content=\"fr_FR\" \/>\n<meta property=\"og:type\" content=\"article\" \/>\n<meta property=\"og:title\" content=\"Cheap Flights to Zanzibar\" \/>\n<meta property=\"og:description\" content=\"Looking for cheap flights to\u00a0Zanzibar? Search, compare and book cheap airline ticket from to\u00a0Zanzibar online and save money\" \/>\n<meta property=\"og:url\" content=\"https:\/\/tiketi.com\/fr-fr\/cheap-flights\/zanzibar-znz\/\" \/>\n<meta property=\"og:site_name\" content=\"Tiketi.com\" \/>\n<meta property=\"article:publisher\" content=\"https:\/\/www.facebook.com\/TiketiCom\/\" \/>\n<meta property=\"article:modified_time\" content=\"2022-11-09T14:51:19+00:00\" \/>\n<meta property=\"og:image\" content=\"https:\/\/tiketi.com\/wp-content\/uploads\/2019\/05\/zanzibar-humphrey-muleba-e6dRLBx6Kg8.jpg\" \/>\n\t<meta property=\"og:image:width\" content=\"1200\" \/>\n\t<meta property=\"og:image:height\" content=\"204\" \/>\n\t<meta property=\"og:image:type\" content=\"image\/jpeg\" \/>\n<meta name=\"twitter:card\" content=\"summary_large_image\" \/>\n<meta name=\"twitter:label1\" content=\"Dur\u00e9e de lecture estim\u00e9e\" \/>\n\t<meta name=\"twitter:data1\" content=\"5 minutes\" \/>\n<script type=\"application\/ld+json\" class=\"yoast-schema-graph\">{\"@context\":\"https:\\\/\\\/schema.org\",\"@graph\":[{\"@type\":\"WebPage\",\"@id\":\"https:\\\/\\\/tiketi.com\\\/cheap-flights\\\/zanzibar-znz\\\/\",\"url\":\"https:\\\/\\\/tiketi.com\\\/cheap-flights\\\/zanzibar-znz\\\/\",\"name\":\"Cheap Flights to Zanzibar\",\"isPartOf\":{\"@id\":\"https:\\\/\\\/tiketi.com\\\/#website\"},\"primaryImageOfPage\":{\"@id\":\"https:\\\/\\\/tiketi.com\\\/cheap-flights\\\/zanzibar-znz\\\/#primaryimage\"},\"image\":{\"@id\":\"https:\\\/\\\/tiketi.com\\\/cheap-flights\\\/zanzibar-znz\\\/#primaryimage\"},\"thumbnailUrl\":\"https:\\\/\\\/tiketi.com\\\/wp-content\\\/uploads\\\/2019\\\/05\\\/zanzibar-humphrey-muleba-e6dRLBx6Kg8.jpg\",\"datePublished\":\"2022-01-19T11:55:24+00:00\",\"dateModified\":\"2022-11-09T14:51:19+00:00\",\"description\":\"Looking for cheap flights to\u00a0Zanzibar? Search, compare and book cheap airline ticket from to\u00a0Zanzibar online and save money\",\"breadcrumb\":{\"@id\":\"https:\\\/\\\/tiketi.com\\\/cheap-flights\\\/zanzibar-znz\\\/#breadcrumb\"},\"inLanguage\":\"fr-FR\",\"potentialAction\":[{\"@type\":\"ReadAction\",\"target\":[\"https:\\\/\\\/tiketi.com\\\/cheap-flights\\\/zanzibar-znz\\\/\"]}]},{\"@type\":\"ImageObject\",\"inLanguage\":\"fr-FR\",\"@id\":\"https:\\\/\\\/tiketi.com\\\/cheap-flights\\\/zanzibar-znz\\\/#primaryimage\",\"url\":\"https:\\\/\\\/tiketi.com\\\/wp-content\\\/uploads\\\/2019\\\/05\\\/zanzibar-humphrey-muleba-e6dRLBx6Kg8.jpg\",\"contentUrl\":\"https:\\\/\\\/tiketi.com\\\/wp-content\\\/uploads\\\/2019\\\/05\\\/zanzibar-humphrey-muleba-e6dRLBx6Kg8.jpg\",\"width\":1200,\"height\":204,\"caption\":\"Cheap Flights to Zanzibar\"},{\"@type\":\"BreadcrumbList\",\"@id\":\"https:\\\/\\\/tiketi.com\\\/cheap-flights\\\/zanzibar-znz\\\/#breadcrumb\",\"itemListElement\":[{\"@type\":\"ListItem\",\"position\":1,\"name\":\"Home\",\"item\":\"https:\\\/\\\/tiketi.com\\\/\"},{\"@type\":\"ListItem\",\"position\":2,\"name\":\"Cheap Flights\",\"item\":\"https:\\\/\\\/tiketi.com\\\/cheap-flights\\\/\"},{\"@type\":\"ListItem\",\"position\":3,\"name\":\"Cheap Flights to Zanzibar\"}]},{\"@type\":\"WebSite\",\"@id\":\"https:\\\/\\\/tiketi.com\\\/#website\",\"url\":\"https:\\\/\\\/tiketi.com\\\/\",\"name\":\"Flight & Bus Tickets, Tour Packages & Activitites - Tiketi.com\",\"description\":\"Flight &amp; Bus Tickets, Tours, Activitites\",\"publisher\":{\"@id\":\"https:\\\/\\\/tiketi.com\\\/#organization\"},\"potentialAction\":[{\"@type\":\"SearchAction\",\"target\":{\"@type\":\"EntryPoint\",\"urlTemplate\":\"https:\\\/\\\/tiketi.com\\\/?s={search_term_string}\"},\"query-input\":{\"@type\":\"PropertyValueSpecification\",\"valueRequired\":true,\"valueName\":\"search_term_string\"}}],\"inLanguage\":\"fr-FR\"},{\"@type\":\"Organization\",\"@id\":\"https:\\\/\\\/tiketi.com\\\/#organization\",\"name\":\"Tiketi.com\",\"alternateName\":\"Tiketi\",\"url\":\"https:\\\/\\\/tiketi.com\\\/\",\"logo\":{\"@type\":\"ImageObject\",\"inLanguage\":\"fr-FR\",\"@id\":\"https:\\\/\\\/tiketi.com\\\/#\\\/schema\\\/logo\\\/image\\\/\",\"url\":\"https:\\\/\\\/tiketi.com\\\/wp-content\\\/uploads\\\/2019\\\/05\\\/tiketi-logo-696.png\",\"contentUrl\":\"https:\\\/\\\/tiketi.com\\\/wp-content\\\/uploads\\\/2019\\\/05\\\/tiketi-logo-696.png\",\"width\":696,\"height\":696,\"caption\":\"Tiketi.com\"},\"image\":{\"@id\":\"https:\\\/\\\/tiketi.com\\\/#\\\/schema\\\/logo\\\/image\\\/\"},\"sameAs\":[\"https:\\\/\\\/www.facebook.com\\\/TiketiCom\\\/\"]}]}<\/script>\n<!-- \/ Yoast SEO plugin. -->","yoast_head_json":{"title":"Vols pas chers vers Zanzibar","description":"Vous cherchez des vols pas chers vers Zanzibar ? Recherchez, comparez et r\u00e9servez en ligne un billet d&#039;avion pas cher de vers Zanzibar et \u00e9conomisez de l&#039;argent","robots":{"index":"index","follow":"follow","max-snippet":"max-snippet:-1","max-image-preview":"max-image-preview:large","max-video-preview":"max-video-preview:-1"},"canonical":"https:\/\/tiketi.com\/fr-fr\/cheap-flights\/zanzibar-znz\/","og_locale":"fr_FR","og_type":"article","og_title":"Cheap Flights to Zanzibar","og_description":"Looking for cheap flights to\u00a0Zanzibar? Search, compare and book cheap airline ticket from to\u00a0Zanzibar online and save money","og_url":"https:\/\/tiketi.com\/fr-fr\/cheap-flights\/zanzibar-znz\/","og_site_name":"Tiketi.com","article_publisher":"https:\/\/www.facebook.com\/TiketiCom\/","article_modified_time":"2022-11-09T14:51:19+00:00","og_image":[{"width":1200,"height":204,"url":"https:\/\/tiketi.com\/wp-content\/uploads\/2019\/05\/zanzibar-humphrey-muleba-e6dRLBx6Kg8.jpg","type":"image\/jpeg"}],"twitter_card":"summary_large_image","twitter_misc":{"Dur\u00e9e de lecture estim\u00e9e":"5 minutes"},"schema":{"@context":"https:\/\/schema.org","@graph":[{"@type":"WebPage","@id":"https:\/\/tiketi.com\/cheap-flights\/zanzibar-znz\/","url":"https:\/\/tiketi.com\/cheap-flights\/zanzibar-znz\/","name":"Vols pas chers vers Zanzibar","isPartOf":{"@id":"https:\/\/tiketi.com\/#website"},"primaryImageOfPage":{"@id":"https:\/\/tiketi.com\/cheap-flights\/zanzibar-znz\/#primaryimage"},"image":{"@id":"https:\/\/tiketi.com\/cheap-flights\/zanzibar-znz\/#primaryimage"},"thumbnailUrl":"https:\/\/tiketi.com\/wp-content\/uploads\/2019\/05\/zanzibar-humphrey-muleba-e6dRLBx6Kg8.jpg","datePublished":"2022-01-19T11:55:24+00:00","dateModified":"2022-11-09T14:51:19+00:00","description":"Vous cherchez des vols pas chers vers Zanzibar ? Recherchez, comparez et r\u00e9servez en ligne un billet d&#039;avion pas cher de vers Zanzibar et \u00e9conomisez de l&#039;argent","breadcrumb":{"@id":"https:\/\/tiketi.com\/cheap-flights\/zanzibar-znz\/#breadcrumb"},"inLanguage":"fr-FR","potentialAction":[{"@type":"ReadAction","target":["https:\/\/tiketi.com\/cheap-flights\/zanzibar-znz\/"]}]},{"@type":"ImageObject","inLanguage":"fr-FR","@id":"https:\/\/tiketi.com\/cheap-flights\/zanzibar-znz\/#primaryimage","url":"https:\/\/tiketi.com\/wp-content\/uploads\/2019\/05\/zanzibar-humphrey-muleba-e6dRLBx6Kg8.jpg","contentUrl":"https:\/\/tiketi.com\/wp-content\/uploads\/2019\/05\/zanzibar-humphrey-muleba-e6dRLBx6Kg8.jpg","width":1200,"height":204,"caption":"Cheap Flights to Zanzibar"},{"@type":"BreadcrumbList","@id":"https:\/\/tiketi.com\/cheap-flights\/zanzibar-znz\/#breadcrumb","itemListElement":[{"@type":"ListItem","position":1,"name":"Home","item":"https:\/\/tiketi.com\/"},{"@type":"ListItem","position":2,"name":"Cheap Flights","item":"https:\/\/tiketi.com\/cheap-flights\/"},{"@type":"ListItem","position":3,"name":"Cheap Flights to Zanzibar"}]},{"@type":"WebSite","@id":"https:\/\/tiketi.com\/#website","url":"https:\/\/tiketi.com\/","name":"Billets d&#039;avion et de bus, forfaits touristiques et activit\u00e9s - Tiketi.com","description":"Billets d&#039;avion et de bus, Tours, Activit\u00e9s","publisher":{"@id":"https:\/\/tiketi.com\/#organization"},"potentialAction":[{"@type":"SearchAction","target":{"@type":"EntryPoint","urlTemplate":"https:\/\/tiketi.com\/?s={search_term_string}"},"query-input":{"@type":"PropertyValueSpecification","valueRequired":true,"valueName":"search_term_string"}}],"inLanguage":"fr-FR"},{"@type":"Organization","@id":"https:\/\/tiketi.com\/#organization","name":"Tiketi.com","alternateName":"Tiketi","url":"https:\/\/tiketi.com\/","logo":{"@type":"ImageObject","inLanguage":"fr-FR","@id":"https:\/\/tiketi.com\/#\/schema\/logo\/image\/","url":"https:\/\/tiketi.com\/wp-content\/uploads\/2019\/05\/tiketi-logo-696.png","contentUrl":"https:\/\/tiketi.com\/wp-content\/uploads\/2019\/05\/tiketi-logo-696.png","width":696,"height":696,"caption":"Tiketi.com"},"image":{"@id":"https:\/\/tiketi.com\/#\/schema\/logo\/image\/"},"sameAs":["https:\/\/www.facebook.com\/TiketiCom\/"]}]}},"_links":{"self":[{"href":"https:\/\/tiketi.com\/fr-fr\/wp-json\/wp\/v2\/pages\/11939","targetHints":{"allow":["GET"]}}],"collection":[{"href":"https:\/\/tiketi.com\/fr-fr\/wp-json\/wp\/v2\/pages"}],"about":[{"href":"https:\/\/tiketi.com\/fr-fr\/wp-json\/wp\/v2\/types\/page"}],"author":[{"embeddable":true,"href":"https:\/\/tiketi.com\/fr-fr\/wp-json\/wp\/v2\/users\/1"}],"replies":[{"embeddable":true,"href":"https:\/\/tiketi.com\/fr-fr\/wp-json\/wp\/v2\/comments?post=11939"}],"version-history":[{"count":0,"href":"https:\/\/tiketi.com\/fr-fr\/wp-json\/wp\/v2\/pages\/11939\/revisions"}],"up":[{"embeddable":true,"href":"https:\/\/tiketi.com\/fr-fr\/wp-json\/wp\/v2\/pages\/23264"}],"wp:featuredmedia":[{"embeddable":true,"href":"https:\/\/tiketi.com\/fr-fr\/wp-json\/wp\/v2\/media\/17852"}],"wp:attachment":[{"href":"https:\/\/tiketi.com\/fr-fr\/wp-json\/wp\/v2\/media?parent=11939"}],"curies":[{"name":"wp","href":"https:\/\/api.w.org\/{rel}","templated":true}]}}