{"id":11941,"date":"2022-01-19T12:55:24","date_gmt":"2022-01-19T11:55:24","guid":{"rendered":"https:\/\/new.tiketi.com\/cheap-flights-to-kenya\/"},"modified":"2022-11-09T16:44:05","modified_gmt":"2022-11-09T15:44:05","slug":"kenya","status":"publish","type":"page","link":"https:\/\/tiketi.com\/fr-fr\/cheap-flights\/kenya\/","title":{"rendered":"Vols pas chers vers Kenya"},"content":{"rendered":"<h2>Vous recherchez un billet d&#039;avion pas cher pour le Kenya ou des offres de derni\u00e8re minute ?<\/h2>\n<h3>Cherchez, comparez et r\u00e9servez des billets d&#039;avion pas chers Kenya en ligne maintenant.<\/h3>\n<p>R\u00e9servez en ligne des vols pas chers pour le Kenya et \u00e9conomisez de l&#039;argent sur les billets d&#039;avion. Populaire pour ses safaris classiques dans la savane, le Kenya est un pays de contrastes classiques et d&#039;extr\u00eames dramatiques. Neiges alpines et d\u00e9serts, plaines ouvertes et for\u00eats, la m\u00e9tropole de Nairobi et les cultures tribales color\u00e9es\u00a0; r\u00e9cifs coralliens et lacs d&#039;eau douce. Les safaris animaliers sont les meilleures attractions touristiques du Kenya depuis des d\u00e9cennies, tandis que d&#039;autres activit\u00e9s incluent le trekking au mont Kenya. Comparez les prix et obtenez les tarifs les plus bas sur les billets d&#039;avion pour Kenya gr\u00e2ce \u00e0 des offres exceptionnelles sur la r\u00e9servation de billets en ligne de vols Kenya.<\/p>\n<h2>Voici quelques-unes des meilleures attractions du Kenya<\/h2>\n<h3>R\u00e9serve nationale du Masai Mara<\/h3>\n<p>La r\u00e9serve nationale du Masai Mara est l&#039;un des lieux touristiques les plus c\u00e9l\u00e8bres du Kenya. La r\u00e9serve est situ\u00e9e dans la vall\u00e9e du Grand Rift dans des prairies principalement ouvertes. Le Masai Mara est connu comme le joyau des lieux d&#039;observation de la faune du Kenya. La migration annuelle des gnous implique \u00e0 elle seule 1,4 million d&#039;animaux arrivant en juillet et repartant en octobre-novembre. Ils ont \u00e9t\u00e9 quelque quatre-vingt-quinze esp\u00e8ces d&#039;amphibiens, de mammif\u00e8res et de reptiles et plus de quatre cents esp\u00e8ces d&#039;oiseaux enregistr\u00e9es dans la r\u00e9serve.<\/p>\n<h3>Malindi<\/h3>\n<p>Malindi offre une introduction parfaite aux attractions touristiques c\u00f4ti\u00e8res du Kenya avec ses vastes r\u00e9cifs coralliens et ses charmantes plages. Il y a la plong\u00e9e en apn\u00e9e, le surf, la p\u00eache en haute mer et d&#039;autres sports nautiques. Le parc national marin de Malindi est prot\u00e9g\u00e9 et poss\u00e8de une eau claire et des poissons extr\u00eamement color\u00e9s. Malindi est desservie par un a\u00e9roport local et une autoroute entre Lamu et Mombasa.<\/p>\n<h3>R\u00e9serve nationale de Samburu<\/h3>\n<p>La r\u00e9serve nationale de Samburu est un parc national extr\u00eamement paisible dans le nord du Kenya. Il attire la faune en raison de la rivi\u00e8re Uaso Nyiro qui le traverse et de la combinaison de v\u00e9g\u00e9tation foresti\u00e8re et herbeuse. Les 3 grands f\u00e9lins, gu\u00e9pard, lion et l\u00e9opard, peuvent \u00eatre trouv\u00e9s ici, ainsi que des buffles, des \u00e9l\u00e9phants et des hippopotames. La rivi\u00e8re Uaso Nyiro contient un grand nombre de crocodiles du Nil.<\/p>\n<h3>\u00cele de Lamu<\/h3>\n<p>L&#039;\u00eele de Lamu fait partie de l&#039;archipel de Lamu au Kenya et a r\u00e9ussi \u00e0 rester intacte et indemne du grand tourisme qui a frapp\u00e9 une grande partie du littoral du Kenya. En tant que plus ancienne ville vivante du Kenya, Lamu Town a conserv\u00e9 toute la magie et le caract\u00e8re construits au fil des si\u00e8cles. Il n&#039;y a pas de routes sur l&#039;\u00eele de Lamu, juste des sentiers et des ruelles, et donc, il y a peu de v\u00e9hicules motoris\u00e9s sur l&#039;\u00eele.<\/p>\n<h3>Parc national d&#039;Amboseli<\/h3>\n<p>Le parc national d&#039;Amboseli est un parc relativement petit situ\u00e9 pr\u00e8s de la fronti\u00e8re tanzanienne, au pied de la plus haute montagne d&#039;Afrique, le mont Kilimandjaro. Le parc est populaire pour \u00eatre le meilleur endroit en Afrique pour se rapprocher des \u00e9l\u00e9phants en libert\u00e9. D&#039;autres attractions du parc national d&#039;Amboseli contiennent des occasions de rencontrer le peuple Massa\u00ef et des vues magnifiques sur le mont Kilimandjaro.<\/p>\n<p>Autre chose \u00e0 voir et \u00e0 faire au Kenya :<\/p>\n<p>\u2022 Mombasa<br \/>\n\u2022 Fort J\u00e9sus<br \/>\n\u2022 David Sheldrick Wildlife Trust<br \/>\n\u2022 Parc national de Nairobi<br \/>\n\u2022 Mus\u00e9e national<br \/>\n\u2022 Centre Girafe<br \/>\n\u2022 Restaurant Carnivore<br \/>\n\u2022 Mus\u00e9e de Lamu<br \/>\n\u2022 Jardin de caf\u00e9 Karen\u00a0Blixen<br \/>\n\u2022 Rivi\u00e8re Galana<br \/>\n\u2022 Sanctuaire des \u00e9l\u00e9phants de Mwaluganje<br \/>\n\u2022 Sanctuaire des rhinoc\u00e9ros de Ngulia<br \/>\n\u2022 Sources de Mzima<br \/>\n\u2022 Collines de Ngulia<br \/>\n\u2022 Parc national de Tsavo Ouest<br \/>\n\u2022 Parc national marin de Kisite<br \/>\n\u2022 Marais de Kanderi<br \/>\n\u2022 R\u00e9serve nationale des collines de Shimba<br \/>\n\u2022 Parc national de Tsavo Est<br \/>\n\u2022 Restaurant Trout Tree<br \/>\n\u2022 Ferme et laboratoire de serpents Bio-Ken<br \/>\n\u2022 Bar La Havane<br \/>\n\u2022 Connecter le caf\u00e9<br \/>\n\u2022 Grill Roadhouse<br \/>\n\u2022 Club House<br \/>\n\u2022 Vivre \u00e0 l&#039;\u00e9l\u00e9phant<br \/>\n\u2022 Sanctuaire faunique communautaire de Lumo<br \/>\n\u2022 Couvertures et vin<br \/>\n\u2022 Mus\u00e9e Karen\u00a0Blixen<\/p>\n<h2>FAQ sur les vols pas chers vers le Kenya<\/h2>\n<h3>Quelle est la meilleure p\u00e9riode pour partir au Kenya ?<\/h3>\n<h4>Haute saison pour les vols pas chers vers le Kenya<\/h4>\n<p>La migration annuelle des gnous et d&#039;autres animaux \u00e0 travers les plaines du Massai Mara a lieu entre juin et septembre. Ainsi, c&#039;est la haute saison pour les safaris et les prix augmentent consid\u00e9rablement \u00e0 travers le pays.<\/p>\n<h3>Hors saison pour les billets d&#039;avion pour le Kenya<\/h3>\n<p>Les saisons des pluies sont la grande saison creuse, bien qu&#039;elles soient toujours le meilleur moment pour visiter le Kenya. Les prix peuvent \u00eatre abordables et il y a d&#039;excellentes affaires \u00e0 trouver. Bien que les migrations vous manquent, il reste encore beaucoup de gros gibier \u00e0 rep\u00e9rer, ainsi que d&#039;autres attractions de montagnes, de l&#039;ancienne tribu des Massa\u00ef et de la plong\u00e9e sur la c\u00f4te.<\/p>\n<p>Octobre-f\u00e9vrier, bien que hors pointe, est le moment id\u00e9al pour faire de la plong\u00e9e en apn\u00e9e car les mers sont les plus claires. F\u00e9vrier et janvier sont les mois les plus secs et les plus chauds, de toute fa\u00e7on, il peut \u00eatre simple de rep\u00e9rer la faune qui se rassemble autour des points d&#039;eau.<\/p>\n<h3>Quel jour est le moins cher pour partir pour Kenya ?<\/h3>\n<p>Le mardi est le jour le plus abordable pour prendre des vols au Kenya. Le samedi est probablement le plus co\u00fbteux.<\/p>\n<h3>Quelles compagnies a\u00e9riennes desservent le Kenya ?<\/h3>\n<p>En tant que grandes villes cosmopolites, les billets d&#039;avion pour Kenya Lamu, Nairobi et Mombasa sont desservis par de grandes compagnies a\u00e9riennes, notamment les transporteurs a\u00e9riens am\u00e9ricains Delta, United Airlines et American Airlines. Les grands transporteurs internationaux qui desservent le Kenya depuis les \u00c9tats-Unis comprennent Emirates Airlines, KLM, British Airways et Lufthansa.<\/p>\n<h3>Quelle est la p\u00e9riode de l&#039;ann\u00e9e la moins ch\u00e8re pour r\u00e9server un billet d&#039;avion pour le Kenya ?<\/h3>\n<p>Le moment abordable pour visiter le Kenya est au d\u00e9but de la saison des pluies en avril, mars et mai. Le nombre de visiteurs r\u00e9servant un billet d&#039;avion pour le Kenya est relativement faible. C&#039;est le prix des billets pour le Kenya qui est bien moins cher que les autres mois de l&#039;ann\u00e9e. Les vols et les h\u00f4tels au Kenya offrent d&#039;excellentes offres, ainsi que les chambres, sont vides et les chambres juste occup\u00e9es rapportent des revenus \u00e0 ces entreprises. Alors que la saison des pluies est sur le point de commencer, l&#039;humidit\u00e9 est faible, ce qui rend l&#039;air sec et frais. L&#039;environnement est beaucoup plus agr\u00e9able au cours de ces mois, comme en ao\u00fbt lorsque l&#039;humidit\u00e9 est sup\u00e9rieure \u00e0 soixante-dix pour cent.<\/p>\n<h2>Vols int\u00e9rieurs au Kenya<\/h2>\n<h3>\u00c0 quelle heure de la journ\u00e9e les vols pour Kenya sont-ils les moins chers ?<\/h3>\n<p>Les vols Kenya Mombasa le soir sont g\u00e9n\u00e9ralement le moment le plus abordable de la journ\u00e9e pour le Kenya. Les vols \u00e0 midi sont g\u00e9n\u00e9ralement les plus chers.<\/p>\n<h2>Conseils pour un billet d&#039;avion pas cher au Kenya<\/h2>\n<p>\u2022 Les principaux a\u00e9roports du Kenya sont l&#039;a\u00e9roport international Moi, l&#039;a\u00e9roport international Jomo Kenyatta de Nairobi, l&#039;a\u00e9roport international de Kisumu, l&#039;a\u00e9roport international d&#039;Eldoret et l&#039;a\u00e9roport de Malindi.<\/p>\n<p>\u2022 Fr\u00e9quence des vols \u00e0 l&#039;a\u00e9roport international Jomo Kenyatta : Chaque semaine, plus de deux cents vols locaux et plus de deux mille vols internationaux partent de l&#039;a\u00e9roport.<\/p>\n<p>\u2022 Il existe de nombreux vols r\u00e9guliers Kenya Airways accessibles depuis l&#039;a\u00e9roport Jomo Kenyatta de Nairobi vers des lieux locaux tels que Lamu, Mombasa ou les r\u00e9serves de chasse du Maasai Mara. Au total, le Kenya compte environ 250 a\u00e9roports et les vols int\u00e9rieurs au Kenya sont abordables, ce qui peut \u00eatre le moyen le plus parfait de voyager \u00e0 la fois en termes de co\u00fbt et de temps.<\/p>\n<h2>Vols pour Kenya<\/h2>\n<table border=\"0\" cellspacing=\"1\" cellpadding=\"1\">\n<tbody>\n<tr>\n<td>Vols pas chers vers <a href=\"https:\/\/tiketi.com\/fr-fr\/cheap-flights-to-nairobi-nbo\/\" target=\"_blank\" rel=\"noopener\">Nairobi (NBO)<\/a><\/td>\n<td><\/td>\n<td><\/td>\n<\/tr>\n<\/tbody>\n<\/table>\n<h2>Vols au d\u00e9part de Nairobi<\/h2>\n<h3>Vols int\u00e9rieurs pas chers au d\u00e9part de Nairobi<\/h3>\n<table border=\"0\" cellspacing=\"2\" cellpadding=\"2\">\n<tbody>\n<tr>\n<td>Vols pas chers \u00e0 partir de <a href=\"https:\/\/tiketi.com\/fr-fr\/flights-nairobi-mombasa-nbo-mba\/\" target=\"_blank\" rel=\"noopener\">Nairobi \u00e0 Mombasa<\/a><\/td>\n<td style=\"width: 30px;\"><\/td>\n<td>Vols pas chers \u00e0 partir de <a href=\"https:\/\/tiketi.com\/fr-fr\/flights-nairobi-masai-mara-nbo-mre\/\" target=\"_blank\" rel=\"noopener\">Nairobi \u00e0 Masa\u00ef Mara<\/a><\/td>\n<\/tr>\n<tr>\n<td>Vols pas chers \u00e0 partir de <a href=\"https:\/\/tiketi.com\/fr-fr\/flights-nairobi-nakuru-nbo-nuu\/\" target=\"_blank\" rel=\"noopener\">Nairobi \u00e0 Nakuru<\/a><\/td>\n<td><\/td>\n<td>Vols pas chers \u00e0 partir de <a href=\"https:\/\/tiketi.com\/fr-fr\/flights-nairobi-malindi-nbo-myd\/\" target=\"_blank\" rel=\"noopener\">Nairobi \u00e0 Malindi<\/a><\/td>\n<\/tr>\n<\/tbody>\n<\/table>\n<h3>Vols internationaux et billets d&#039;avion pas chers au d\u00e9part de Nairobi<\/h3>\n<table border=\"0\" cellspacing=\"2\" cellpadding=\"2\">\n<tbody>\n<tr>\n<td>Vols pas chers \u00e0 partir de <a href=\"https:\/\/tiketi.com\/fr-fr\/flights-nairobi-dubai-nbo-dxb\/\" target=\"_blank\" rel=\"noopener\">Nairobi \u00e0 Duba\u00ef<\/a><\/td>\n<td style=\"width: 30px;\"><\/td>\n<td>Vols pas chers \u00e0 partir de <a href=\"https:\/\/tiketi.com\/fr-fr\/flights-nairobi-dar-es-salaam-nbo-dar\/\" target=\"_blank\" rel=\"noopener\">Nairobi \u00e0 Dar es Salam<\/a><\/td>\n<\/tr>\n<tr>\n<td>Vols pas chers \u00e0 partir de <a href=\"https:\/\/tiketi.com\/fr-fr\/flights-nairobi-mumbai-nbo-bom\/\" target=\"_blank\" rel=\"noopener\">Nairobi \u00e0 Bombay<\/a><\/td>\n<td><\/td>\n<td>Vols pas chers \u00e0 partir de <a href=\"https:\/\/tiketi.com\/fr-fr\/flights-nairobi-hong-kong-nbo-hkg\/\" target=\"_blank\" rel=\"noopener\">Nairobi \u00e0 Hong-Kong<\/a><\/td>\n<\/tr>\n<tr>\n<td>Vols pas chers \u00e0 partir de\u00a0<a href=\"https:\/\/tiketi.com\/fr-fr\/flights-nairobi-cape-town-nbo-cpt\/\" target=\"_blank\" rel=\"noopener\">Nairobi \u00e0 Le Cap<\/a><\/td>\n<td><\/td>\n<td>Vols pas chers \u00e0 partir de <a href=\"https:\/\/tiketi.com\/fr-fr\/flights-nairobi-johannesburg-nbo-jnb\/\" target=\"_blank\" rel=\"noopener\">Nairobi \u00e0 Johannesbourg<\/a><\/td>\n<\/tr>\n<tr>\n<td>Vols pas chers \u00e0 partir de <a href=\"https:\/\/tiketi.com\/fr-fr\/flights-nairobi-kigali-nbo-kgl\/\" target=\"_blank\" rel=\"noopener\">Nairobi \u00e0 Kigali<\/a><\/td>\n<td><\/td>\n<td>Vols pas chers \u00e0 partir de\u00a0<a href=\"https:\/\/tiketi.com\/fr-fr\/flights-nairobi-accra-nbo-acc\/\" target=\"_blank\" rel=\"noopener\">Nairobi \u00e0 Kenya<\/a><\/td>\n<\/tr>\n<tr>\n<td>Vols pas chers \u00e0 partir de\u00a0<a href=\"https:\/\/tiketi.com\/fr-fr\/flights-nairobi-lagos-nbo-los\/\" target=\"_blank\" rel=\"noopener\">Nairobi \u00e0 Lagos<\/a><\/td>\n<td><\/td>\n<td>Vols pas chers \u00e0 partir de\u00a0<a href=\"https:\/\/tiketi.com\/fr-fr\/flights-nairobi-khartoum-nbo-krt\/\" target=\"_blank\" rel=\"noopener\">Nairobi \u00e0 Khartoum<\/a><\/td>\n<\/tr>\n<tr>\n<td>Vols pas chers \u00e0 partir de\u00a0<a href=\"https:\/\/tiketi.com\/fr-fr\/flights-nairobi-entebbe-nbo-ebb\/\" target=\"_blank\" rel=\"noopener\">Nairobi \u00e0 Entebbe<\/a><\/td>\n<td><\/td>\n<td>Vols pas chers \u00e0 partir de\u00a0<a href=\"https:\/\/tiketi.com\/fr-fr\/flights-nairobi-kinshasa-nbo-fih\/\" target=\"_blank\" rel=\"noopener\">Nairobi \u00e0 Kinshasa<\/a><\/td>\n<\/tr>\n<tr>\n<td>Vols pas chers \u00e0 partir de\u00a0<a href=\"https:\/\/tiketi.com\/fr-fr\/flights-nairobi-cotonou-nbo-coo\/\" target=\"_blank\" rel=\"noopener\">Nairobi \u00e0 Cotonou<\/a><\/td>\n<td><\/td>\n<td>Vols pas chers \u00e0 partir de\u00a0<a href=\"https:\/\/tiketi.com\/fr-fr\/flights-nairobi-antananarivo-nbo\/\" target=\"_blank\" rel=\"noopener\">Nairobi \u00e0 Antananarivo<\/a><\/td>\n<\/tr>\n<tr>\n<td>Vols pas chers \u00e0 partir de\u00a0<a href=\"https:\/\/tiketi.com\/fr-fr\/flights-nairobi-lilongwe-nbo-llw\/\" target=\"_blank\" rel=\"noopener\">Nairobi \u00e0 Lilongwe<\/a><\/td>\n<td><\/td>\n<td>Vols pas chers \u00e0 partir de\u00a0<a href=\"https:\/\/tiketi.com\/fr-fr\/flights-nairobi-kilimanjaro-nbo-jro\/\" target=\"_blank\" rel=\"noopener\">Nairobi \u00e0 Kilimandjaro<\/a><\/td>\n<\/tr>\n<tr>\n<td>Vols pas chers \u00e0 partir de <a href=\"https:\/\/tiketi.com\/fr-fr\/flights-nairobi-port-kouis-nbo-mru\/\" target=\"_blank\" rel=\"noopener\">Nairobi \u00e0 Port-Louis<\/a><\/td>\n<td><\/td>\n<td>Vols pas chers \u00e0 partir de\u00a0<a href=\"https:\/\/tiketi.com\/fr-fr\/cheap-flights-from-nairobi-to-arusha-nbo-ark\/\" target=\"_blank\" rel=\"noopener\">Nairobi \u00e0 Arusha<\/a><\/td>\n<\/tr>\n<tr>\n<td>Vols pas chers \u00e0 partir de <a href=\"https:\/\/tiketi.com\/fr-fr\/flights-nairobi-zanzibar-nbo-znz\/\" target=\"_blank\" rel=\"noopener\">Nairobi \u00e0 Zanzibar<\/a><\/td>\n<td><\/td>\n<td><\/td>\n<\/tr>\n<\/tbody>\n<\/table>","protected":false},"excerpt":{"rendered":"<p>Looking for cheap airline ticket to Kenya or last minute deals? Search, compare and book cheap airline ticket Kenya online now. Book cheap flights to Kenya online and save money on airfare. Popular for its classic savanna safaris, Kenya is a country of classic contrasts and dramatic extremes. Alpine snows and deserts, open plains and [&hellip;]<\/p>\n","protected":false},"author":1,"featured_media":17853,"parent":23264,"menu_order":0,"comment_status":"open","ping_status":"closed","template":"template-home-modern.php","meta":{"footnotes":""},"class_list":["post-11941","page","type-page","status-publish","has-post-thumbnail","hentry"],"yoast_head":"<!-- This site is optimized with the Yoast SEO plugin v27.2 - https:\/\/yoast.com\/product\/yoast-seo-wordpress\/ -->\n<title>Cheap Flights to Kenya<\/title>\n<meta name=\"description\" content=\"Looking for cheap flights to\u00a0Kenya? Search, compare and book cheap airline ticket from to\u00a0Kenya online and save money\" \/>\n<meta name=\"robots\" content=\"index, follow, max-snippet:-1, max-image-preview:large, max-video-preview:-1\" \/>\n<link rel=\"canonical\" href=\"https:\/\/tiketi.com\/fr-fr\/cheap-flights\/kenya\/\" \/>\n<meta property=\"og:locale\" content=\"fr_FR\" \/>\n<meta property=\"og:type\" content=\"article\" \/>\n<meta property=\"og:title\" content=\"Cheap Flights to Kenya\" \/>\n<meta property=\"og:description\" content=\"Looking for cheap flights to\u00a0Kenya? Search, compare and book cheap airline ticket from to\u00a0Kenya online and save money\" \/>\n<meta property=\"og:url\" content=\"https:\/\/tiketi.com\/fr-fr\/cheap-flights\/kenya\/\" \/>\n<meta property=\"og:site_name\" content=\"Tiketi.com\" \/>\n<meta property=\"article:publisher\" content=\"https:\/\/www.facebook.com\/TiketiCom\/\" \/>\n<meta property=\"article:modified_time\" content=\"2022-11-09T15:44:05+00:00\" \/>\n<meta property=\"og:image\" content=\"https:\/\/tiketi.com\/wp-content\/uploads\/2019\/05\/nairobi-city-3143632_1280.jpg\" \/>\n\t<meta property=\"og:image:width\" content=\"1200\" \/>\n\t<meta property=\"og:image:height\" content=\"202\" \/>\n\t<meta property=\"og:image:type\" content=\"image\/jpeg\" \/>\n<meta name=\"twitter:card\" content=\"summary_large_image\" \/>\n<meta name=\"twitter:label1\" content=\"Dur\u00e9e de lecture estim\u00e9e\" \/>\n\t<meta name=\"twitter:data1\" content=\"6 minutes\" \/>\n<script type=\"application\/ld+json\" class=\"yoast-schema-graph\">{\"@context\":\"https:\/\/schema.org\",\"@graph\":[{\"@type\":\"WebPage\",\"@id\":\"https:\/\/tiketi.com\/cheap-flights\/kenya\/\",\"url\":\"https:\/\/tiketi.com\/cheap-flights\/kenya\/\",\"name\":\"Cheap Flights to Kenya\",\"isPartOf\":{\"@id\":\"https:\/\/tiketi.com\/#website\"},\"primaryImageOfPage\":{\"@id\":\"https:\/\/tiketi.com\/cheap-flights\/kenya\/#primaryimage\"},\"image\":{\"@id\":\"https:\/\/tiketi.com\/cheap-flights\/kenya\/#primaryimage\"},\"thumbnailUrl\":\"https:\/\/tiketi.com\/wp-content\/uploads\/2019\/05\/nairobi-city-3143632_1280.jpg\",\"datePublished\":\"2022-01-19T11:55:24+00:00\",\"dateModified\":\"2022-11-09T15:44:05+00:00\",\"description\":\"Looking for cheap flights to\u00a0Kenya? Search, compare and book cheap airline ticket from to\u00a0Kenya online and save money\",\"breadcrumb\":{\"@id\":\"https:\/\/tiketi.com\/cheap-flights\/kenya\/#breadcrumb\"},\"inLanguage\":\"fr-FR\",\"potentialAction\":[{\"@type\":\"ReadAction\",\"target\":[\"https:\/\/tiketi.com\/cheap-flights\/kenya\/\"]}]},{\"@type\":\"ImageObject\",\"inLanguage\":\"fr-FR\",\"@id\":\"https:\/\/tiketi.com\/cheap-flights\/kenya\/#primaryimage\",\"url\":\"https:\/\/tiketi.com\/wp-content\/uploads\/2019\/05\/nairobi-city-3143632_1280.jpg\",\"contentUrl\":\"https:\/\/tiketi.com\/wp-content\/uploads\/2019\/05\/nairobi-city-3143632_1280.jpg\",\"width\":1200,\"height\":202,\"caption\":\"Air Taxi in Nairobi\"},{\"@type\":\"BreadcrumbList\",\"@id\":\"https:\/\/tiketi.com\/cheap-flights\/kenya\/#breadcrumb\",\"itemListElement\":[{\"@type\":\"ListItem\",\"position\":1,\"name\":\"Home\",\"item\":\"https:\/\/tiketi.com\/\"},{\"@type\":\"ListItem\",\"position\":2,\"name\":\"Cheap Flights\",\"item\":\"https:\/\/tiketi.com\/cheap-flights\/\"},{\"@type\":\"ListItem\",\"position\":3,\"name\":\"Cheap Flights to Kenya\"}]},{\"@type\":\"WebSite\",\"@id\":\"https:\/\/tiketi.com\/#website\",\"url\":\"https:\/\/tiketi.com\/\",\"name\":\"Flight & Bus Tickets, Tour Packages & Activitites - Tiketi.com\",\"description\":\"Flight &amp; Bus Tickets, Tours, Activitites\",\"publisher\":{\"@id\":\"https:\/\/tiketi.com\/#organization\"},\"potentialAction\":[{\"@type\":\"SearchAction\",\"target\":{\"@type\":\"EntryPoint\",\"urlTemplate\":\"https:\/\/tiketi.com\/?s={search_term_string}\"},\"query-input\":{\"@type\":\"PropertyValueSpecification\",\"valueRequired\":true,\"valueName\":\"search_term_string\"}}],\"inLanguage\":\"fr-FR\"},{\"@type\":\"Organization\",\"@id\":\"https:\/\/tiketi.com\/#organization\",\"name\":\"Tiketi.com\",\"alternateName\":\"Tiketi\",\"url\":\"https:\/\/tiketi.com\/\",\"logo\":{\"@type\":\"ImageObject\",\"inLanguage\":\"fr-FR\",\"@id\":\"https:\/\/tiketi.com\/#\/schema\/logo\/image\/\",\"url\":\"https:\/\/tiketi.com\/wp-content\/uploads\/2019\/05\/tiketi-logo-696.png\",\"contentUrl\":\"https:\/\/tiketi.com\/wp-content\/uploads\/2019\/05\/tiketi-logo-696.png\",\"width\":696,\"height\":696,\"caption\":\"Tiketi.com\"},\"image\":{\"@id\":\"https:\/\/tiketi.com\/#\/schema\/logo\/image\/\"},\"sameAs\":[\"https:\/\/www.facebook.com\/TiketiCom\/\"]}]}<\/script>\n<!-- \/ Yoast SEO plugin. -->","yoast_head_json":{"title":"Vols pas chers vers Kenya","description":"Vous cherchez des vols pas chers pour le Kenya ? Recherchez, comparez et r\u00e9servez en ligne un billet d&#039;avion pas cher de vers Kenya et \u00e9conomisez de l&#039;argent","robots":{"index":"index","follow":"follow","max-snippet":"max-snippet:-1","max-image-preview":"max-image-preview:large","max-video-preview":"max-video-preview:-1"},"canonical":"https:\/\/tiketi.com\/fr-fr\/cheap-flights\/kenya\/","og_locale":"fr_FR","og_type":"article","og_title":"Cheap Flights to Kenya","og_description":"Looking for cheap flights to\u00a0Kenya? Search, compare and book cheap airline ticket from to\u00a0Kenya online and save money","og_url":"https:\/\/tiketi.com\/fr-fr\/cheap-flights\/kenya\/","og_site_name":"Tiketi.com","article_publisher":"https:\/\/www.facebook.com\/TiketiCom\/","article_modified_time":"2022-11-09T15:44:05+00:00","og_image":[{"width":1200,"height":202,"url":"https:\/\/tiketi.com\/wp-content\/uploads\/2019\/05\/nairobi-city-3143632_1280.jpg","type":"image\/jpeg"}],"twitter_card":"summary_large_image","twitter_misc":{"Dur\u00e9e de lecture estim\u00e9e":"6 minutes"},"schema":{"@context":"https:\/\/schema.org","@graph":[{"@type":"WebPage","@id":"https:\/\/tiketi.com\/cheap-flights\/kenya\/","url":"https:\/\/tiketi.com\/cheap-flights\/kenya\/","name":"Vols pas chers vers Kenya","isPartOf":{"@id":"https:\/\/tiketi.com\/#website"},"primaryImageOfPage":{"@id":"https:\/\/tiketi.com\/cheap-flights\/kenya\/#primaryimage"},"image":{"@id":"https:\/\/tiketi.com\/cheap-flights\/kenya\/#primaryimage"},"thumbnailUrl":"https:\/\/tiketi.com\/wp-content\/uploads\/2019\/05\/nairobi-city-3143632_1280.jpg","datePublished":"2022-01-19T11:55:24+00:00","dateModified":"2022-11-09T15:44:05+00:00","description":"Vous cherchez des vols pas chers pour le Kenya ? Recherchez, comparez et r\u00e9servez en ligne un billet d&#039;avion pas cher de vers Kenya et \u00e9conomisez de l&#039;argent","breadcrumb":{"@id":"https:\/\/tiketi.com\/cheap-flights\/kenya\/#breadcrumb"},"inLanguage":"fr-FR","potentialAction":[{"@type":"ReadAction","target":["https:\/\/tiketi.com\/cheap-flights\/kenya\/"]}]},{"@type":"ImageObject","inLanguage":"fr-FR","@id":"https:\/\/tiketi.com\/cheap-flights\/kenya\/#primaryimage","url":"https:\/\/tiketi.com\/wp-content\/uploads\/2019\/05\/nairobi-city-3143632_1280.jpg","contentUrl":"https:\/\/tiketi.com\/wp-content\/uploads\/2019\/05\/nairobi-city-3143632_1280.jpg","width":1200,"height":202,"caption":"Air Taxi in Nairobi"},{"@type":"BreadcrumbList","@id":"https:\/\/tiketi.com\/cheap-flights\/kenya\/#breadcrumb","itemListElement":[{"@type":"ListItem","position":1,"name":"Home","item":"https:\/\/tiketi.com\/"},{"@type":"ListItem","position":2,"name":"Cheap Flights","item":"https:\/\/tiketi.com\/cheap-flights\/"},{"@type":"ListItem","position":3,"name":"Cheap Flights to Kenya"}]},{"@type":"WebSite","@id":"https:\/\/tiketi.com\/#website","url":"https:\/\/tiketi.com\/","name":"Billets d&#039;avion et de bus, forfaits touristiques et activit\u00e9s - Tiketi.com","description":"Billets d&#039;avion et de bus, Tours, Activit\u00e9s","publisher":{"@id":"https:\/\/tiketi.com\/#organization"},"potentialAction":[{"@type":"SearchAction","target":{"@type":"EntryPoint","urlTemplate":"https:\/\/tiketi.com\/?s={search_term_string}"},"query-input":{"@type":"PropertyValueSpecification","valueRequired":true,"valueName":"search_term_string"}}],"inLanguage":"fr-FR"},{"@type":"Organization","@id":"https:\/\/tiketi.com\/#organization","name":"Tiketi.com","alternateName":"Tiketi","url":"https:\/\/tiketi.com\/","logo":{"@type":"ImageObject","inLanguage":"fr-FR","@id":"https:\/\/tiketi.com\/#\/schema\/logo\/image\/","url":"https:\/\/tiketi.com\/wp-content\/uploads\/2019\/05\/tiketi-logo-696.png","contentUrl":"https:\/\/tiketi.com\/wp-content\/uploads\/2019\/05\/tiketi-logo-696.png","width":696,"height":696,"caption":"Tiketi.com"},"image":{"@id":"https:\/\/tiketi.com\/#\/schema\/logo\/image\/"},"sameAs":["https:\/\/www.facebook.com\/TiketiCom\/"]}]}},"_links":{"self":[{"href":"https:\/\/tiketi.com\/fr-fr\/wp-json\/wp\/v2\/pages\/11941","targetHints":{"allow":["GET"]}}],"collection":[{"href":"https:\/\/tiketi.com\/fr-fr\/wp-json\/wp\/v2\/pages"}],"about":[{"href":"https:\/\/tiketi.com\/fr-fr\/wp-json\/wp\/v2\/types\/page"}],"author":[{"embeddable":true,"href":"https:\/\/tiketi.com\/fr-fr\/wp-json\/wp\/v2\/users\/1"}],"replies":[{"embeddable":true,"href":"https:\/\/tiketi.com\/fr-fr\/wp-json\/wp\/v2\/comments?post=11941"}],"version-history":[{"count":0,"href":"https:\/\/tiketi.com\/fr-fr\/wp-json\/wp\/v2\/pages\/11941\/revisions"}],"up":[{"embeddable":true,"href":"https:\/\/tiketi.com\/fr-fr\/wp-json\/wp\/v2\/pages\/23264"}],"wp:featuredmedia":[{"embeddable":true,"href":"https:\/\/tiketi.com\/fr-fr\/wp-json\/wp\/v2\/media\/17853"}],"wp:attachment":[{"href":"https:\/\/tiketi.com\/fr-fr\/wp-json\/wp\/v2\/media?parent=11941"}],"curies":[{"name":"wp","href":"https:\/\/api.w.org\/{rel}","templated":true}]}}