{"id":11945,"date":"2022-01-19T12:55:24","date_gmt":"2022-01-19T11:55:24","guid":{"rendered":"https:\/\/new.tiketi.com\/cheap-flights-from-london-to-addis-ababa\/"},"modified":"2022-02-08T18:23:07","modified_gmt":"2022-02-08T17:23:07","slug":"flights-london-addis-ababa-lhr-add","status":"publish","type":"page","link":"https:\/\/tiketi.com\/fr-fr\/flights-london-addis-ababa-lhr-add\/","title":{"rendered":"Vols \u00e0 bas prix de Londres \u00e0 Addis-Abeba"},"content":{"rendered":"<h2>Vous recherchez un billet d&#039;avion pas cher de Londres \u00e0 Addis-Abeba ou des offres de derni\u00e8re minute ?<\/h2>\n<h3>Recherchez, comparez et r\u00e9servez en ligne maintenant un billet d&#039;avion pas cher entre Londres (LHR) et Addis-Abeba (ADD).<\/h3>\n<p>R\u00e9servez en ligne des vols \u00e0 bas prix de Londres \u00e0 Addis-Abeba et \u00e9conomisez de l&#039;argent sur les billets d&#039;avion. Addis-Abeba est la plus grande ville et capitale de l&#039;\u00c9thiopie. Abritant l&#039;Union africaine, ayant des branches vitales des Nations Unies et avec presque toutes les ambassades \u00e9trang\u00e8res du monde entier repr\u00e9sent\u00e9es, Addis-Abeba est g\u00e9n\u00e9ralement consid\u00e9r\u00e9e comme la capitale de l&#039;Afrique.Visitez Londres gr\u00e2ce \u00e0 des offres exceptionnelles sur les billets d&#039;avion de Londres \u00e0 Addis-Abeba et voler de Londres \u00e0 Addis-Abeba vols bon march\u00e9.<\/p>\n<h2>Voici quelques-unes des meilleures attractions d&#039;Addis-Abeba<\/h2>\n<p>Situ\u00e9e dans les charmantes hautes terres \u00e9thiopiennes, Addis-Abeba est positionn\u00e9e \u00e0 2 666 m\u00e8tres d&#039;altitude, ce qui rend le temps tr\u00e8s agr\u00e9able, voire un peu froid.<\/p>\n<p>De la merveilleuse gamme de plats internationaux et locaux, certains des meilleurs caf\u00e9s que vous aurez jamais dans votre vie, aux \u00e9glises tr\u00e8s anciennes et aux mus\u00e9es charmants, il y a beaucoup de choses pour vous occuper et vous d\u00e9tendre \u00e0 Addis-Abeba.<\/p>\n<p>\u2022 Mus\u00e9e national d&#039;\u00c9thiopie<br \/>\n\u2022 March\u00e9 Merkato<br \/>\n\u2022 Colline d&#039;Entoto<br \/>\n\u2022 Mus\u00e9e ethnologique<br \/>\n\u2022 Le mausol\u00e9e de Menelik II<br \/>\n\u2022 Montgolfi\u00e8res<br \/>\n\u2022 Place Menelik II<br \/>\n\u2022 Visite \u00e0 pied de la ville<\/p>\n<h2>Que go\u00fbter<\/h2>\n<p>Il existe 2 versions principales de caf\u00e9 \u00e0 d\u00e9guster, l&#039;une est le caf\u00e9 \u00e9thiopien traditionnel qui est torr\u00e9fi\u00e9 \u00e0 la main, moulu \u00e0 l&#039;aide d&#039;un pilon et d&#039;un mortier, et infus\u00e9 dans une tr\u00e8s vieille cafeti\u00e8re en argile appel\u00e9e Jebena. Vous trouverez du tr\u00e8s vieux caf\u00e9 \u00e9thiopien dans presque tous les restaurants \u00e9thiopiens et partout dans les rues.<\/p>\n<h2>FAQ sur les vols pas chers de Londres \u00e0 Addis-Abeba<\/h2>\n<h3>Combien de vols Addis-Abeba-Londres sont accessibles chaque semaine ?<\/h3>\n<p>262 vols hebdomadaires de Londres \u00e0 Addis-Abeba.<\/p>\n<h3>Combien de compagnies a\u00e9riennes op\u00e8rent des vols entre Londres et Addis-Abeba ?<\/h3>\n<p>Dix-neuf compagnies a\u00e9riennes de Londres \u00e0 Addis-Abeba vols.<\/p>\n<h3>Quelle est la distance entre Londres et Addis-Abeba ?<\/h3>\n<p>Le vol direct moyen dure 7h 35m, couvrant une zone de 3669 miles.<\/p>\n<h3>Quelles compagnies a\u00e9riennes proposent des billets d&#039;avion pas chers de Londres \u00e0 Addis-Abeba ?<\/h3>\n<p>Au cours des trois derniers jours, les billets aller-retour les moins chers ont \u00e9t\u00e9 trouv\u00e9s sur Emirates (392 \u20ac), Turkish Airlines (357 \u20ac) et Lufthansa (404 \u20ac).<\/p>\n<h3>Quel est le jour de la semaine le moins cher pour voyager de Londres \u00e0 Addis-Abeba ?<\/h3>\n<p>Pour les vols pas chers de Londres vers Addis-Abeba, le mardi est en moyenne le jour le plus abordable pour voyager et le lundi est le plus cher. Volant d&#039;Addis-Abeba \u00e0 Londres, les meilleures offres sont g\u00e9n\u00e9ralement trouv\u00e9es le mardi, le samedi \u00e9tant le plus cher.<\/p>\n<p>Les meilleurs conseils pour trouver un vol abordable<\/p>\n<h3>Vous recherchez un vol Londres - Addis-Abeba ?<\/h3>\n<p>\u2022 Vingt-cinq pour cent des utilisateurs ont trouv\u00e9 des vols Londres-Addis-Abeba sur cet itin\u00e9raire pour 499\u00a0\u20ac ou moins.<\/p>\n<p>\u2022 Le vol Londres-Addis-Abeba le moins cher, en moyenne trente jours avant le d\u00e9part.<\/p>\n<p>\u2022 R\u00e9servez un billet d&#039;avion de Londres \u00e0 Addis-Abeba au moins une semaine avant le d\u00e9part pour obtenir un prix moins cher que la moyenne.<\/p>","protected":false},"excerpt":{"rendered":"<p>Looking for cheap airline ticket from London to Addis Ababa\u00a0or last minute deals? Search, compare and book cheap airline ticket from London (LHR) to Addis Ababa (ADD) online now. Book cheap flights from London to Addis Ababa online and save money on airfare. Addis Ababa is the biggest city and capital of Ethiopia. Being home [&hellip;]<\/p>\n","protected":false},"author":1,"featured_media":14381,"parent":0,"menu_order":0,"comment_status":"open","ping_status":"closed","template":"template-home-modern.php","meta":{"footnotes":""},"class_list":["post-11945","page","type-page","status-publish","has-post-thumbnail","hentry"],"yoast_head":"<!-- This site is optimized with the Yoast SEO plugin v27.4 - https:\/\/yoast.com\/product\/yoast-seo-wordpress\/ -->\n<title>Cheap Flights From London to Addis Ababa<\/title>\n<meta name=\"description\" content=\"Looking for cheap flights from\u00a0London to Addis Ababa? Search, compare and book cheap airline ticket from London to Addis Ababa online\" \/>\n<meta name=\"robots\" content=\"index, follow, max-snippet:-1, max-image-preview:large, max-video-preview:-1\" \/>\n<link rel=\"canonical\" href=\"https:\/\/tiketi.com\/fr-fr\/flights-london-addis-ababa-lhr-add\/\" \/>\n<meta property=\"og:locale\" content=\"fr_FR\" \/>\n<meta property=\"og:type\" content=\"article\" \/>\n<meta property=\"og:title\" content=\"Cheap Flights From London to Addis Ababa\" \/>\n<meta property=\"og:description\" content=\"Looking for cheap flights from\u00a0London to Addis Ababa? Search, compare and book cheap airline ticket from London to Addis Ababa online\" \/>\n<meta property=\"og:url\" content=\"https:\/\/tiketi.com\/fr-fr\/flights-london-addis-ababa-lhr-add\/\" \/>\n<meta property=\"og:site_name\" content=\"Tiketi.com\" \/>\n<meta property=\"article:publisher\" content=\"https:\/\/www.facebook.com\/TiketiCom\/\" \/>\n<meta property=\"article:modified_time\" content=\"2022-02-08T17:23:07+00:00\" \/>\n<meta property=\"og:image\" content=\"https:\/\/tiketi.com\/wp-content\/uploads\/2022\/01\/yohannes-minas-YPLosSc3w6A-unsplash.jpg\" \/>\n\t<meta property=\"og:image:width\" content=\"1600\" \/>\n\t<meta property=\"og:image:height\" content=\"1200\" \/>\n\t<meta property=\"og:image:type\" content=\"image\/jpeg\" \/>\n<meta name=\"twitter:card\" content=\"summary_large_image\" \/>\n<meta name=\"twitter:label1\" content=\"Dur\u00e9e de lecture estim\u00e9e\" \/>\n\t<meta name=\"twitter:data1\" content=\"3 minutes\" \/>\n<script type=\"application\/ld+json\" class=\"yoast-schema-graph\">{\"@context\":\"https:\\\/\\\/schema.org\",\"@graph\":[{\"@type\":\"WebPage\",\"@id\":\"https:\\\/\\\/tiketi.com\\\/flights-london-addis-ababa-lhr-add\\\/\",\"url\":\"https:\\\/\\\/tiketi.com\\\/flights-london-addis-ababa-lhr-add\\\/\",\"name\":\"Cheap Flights From London to Addis Ababa\",\"isPartOf\":{\"@id\":\"https:\\\/\\\/tiketi.com\\\/#website\"},\"primaryImageOfPage\":{\"@id\":\"https:\\\/\\\/tiketi.com\\\/flights-london-addis-ababa-lhr-add\\\/#primaryimage\"},\"image\":{\"@id\":\"https:\\\/\\\/tiketi.com\\\/flights-london-addis-ababa-lhr-add\\\/#primaryimage\"},\"thumbnailUrl\":\"https:\\\/\\\/tiketi.com\\\/wp-content\\\/uploads\\\/2022\\\/01\\\/yohannes-minas-YPLosSc3w6A-unsplash.jpg\",\"datePublished\":\"2022-01-19T11:55:24+00:00\",\"dateModified\":\"2022-02-08T17:23:07+00:00\",\"description\":\"Looking for cheap flights from\u00a0London to Addis Ababa? Search, compare and book cheap airline ticket from London to Addis Ababa online\",\"breadcrumb\":{\"@id\":\"https:\\\/\\\/tiketi.com\\\/flights-london-addis-ababa-lhr-add\\\/#breadcrumb\"},\"inLanguage\":\"fr-FR\",\"potentialAction\":[{\"@type\":\"ReadAction\",\"target\":[\"https:\\\/\\\/tiketi.com\\\/flights-london-addis-ababa-lhr-add\\\/\"]}]},{\"@type\":\"ImageObject\",\"inLanguage\":\"fr-FR\",\"@id\":\"https:\\\/\\\/tiketi.com\\\/flights-london-addis-ababa-lhr-add\\\/#primaryimage\",\"url\":\"https:\\\/\\\/tiketi.com\\\/wp-content\\\/uploads\\\/2022\\\/01\\\/yohannes-minas-YPLosSc3w6A-unsplash.jpg\",\"contentUrl\":\"https:\\\/\\\/tiketi.com\\\/wp-content\\\/uploads\\\/2022\\\/01\\\/yohannes-minas-YPLosSc3w6A-unsplash.jpg\",\"width\":1600,\"height\":1200,\"caption\":\"Addis Ababa Air Taxi\"},{\"@type\":\"BreadcrumbList\",\"@id\":\"https:\\\/\\\/tiketi.com\\\/flights-london-addis-ababa-lhr-add\\\/#breadcrumb\",\"itemListElement\":[{\"@type\":\"ListItem\",\"position\":1,\"name\":\"Home\",\"item\":\"https:\\\/\\\/tiketi.com\\\/\"},{\"@type\":\"ListItem\",\"position\":2,\"name\":\"Cheap Flights From London to Addis Ababa\"}]},{\"@type\":\"WebSite\",\"@id\":\"https:\\\/\\\/tiketi.com\\\/#website\",\"url\":\"https:\\\/\\\/tiketi.com\\\/\",\"name\":\"Flight & Bus Tickets, Tour Packages & Activitites - Tiketi.com\",\"description\":\"Flight &amp; Bus Tickets, Tours, Activitites\",\"publisher\":{\"@id\":\"https:\\\/\\\/tiketi.com\\\/#organization\"},\"potentialAction\":[{\"@type\":\"SearchAction\",\"target\":{\"@type\":\"EntryPoint\",\"urlTemplate\":\"https:\\\/\\\/tiketi.com\\\/?s={search_term_string}\"},\"query-input\":{\"@type\":\"PropertyValueSpecification\",\"valueRequired\":true,\"valueName\":\"search_term_string\"}}],\"inLanguage\":\"fr-FR\"},{\"@type\":\"Organization\",\"@id\":\"https:\\\/\\\/tiketi.com\\\/#organization\",\"name\":\"Tiketi.com\",\"alternateName\":\"Tiketi\",\"url\":\"https:\\\/\\\/tiketi.com\\\/\",\"logo\":{\"@type\":\"ImageObject\",\"inLanguage\":\"fr-FR\",\"@id\":\"https:\\\/\\\/tiketi.com\\\/#\\\/schema\\\/logo\\\/image\\\/\",\"url\":\"https:\\\/\\\/tiketi.com\\\/wp-content\\\/uploads\\\/2019\\\/05\\\/tiketi-logo-696.png\",\"contentUrl\":\"https:\\\/\\\/tiketi.com\\\/wp-content\\\/uploads\\\/2019\\\/05\\\/tiketi-logo-696.png\",\"width\":696,\"height\":696,\"caption\":\"Tiketi.com\"},\"image\":{\"@id\":\"https:\\\/\\\/tiketi.com\\\/#\\\/schema\\\/logo\\\/image\\\/\"},\"sameAs\":[\"https:\\\/\\\/www.facebook.com\\\/TiketiCom\\\/\"]}]}<\/script>\n<!-- \/ Yoast SEO plugin. -->","yoast_head_json":{"title":"Vols \u00e0 bas prix de Londres \u00e0 Addis-Abeba","description":"Vous recherchez des vols \u00e0 bas prix de Londres vers Addis-Abeba ? Recherchez, comparez et r\u00e9servez en ligne un billet d&#039;avion pas cher de Londres \u00e0 Addis-Abeba","robots":{"index":"index","follow":"follow","max-snippet":"max-snippet:-1","max-image-preview":"max-image-preview:large","max-video-preview":"max-video-preview:-1"},"canonical":"https:\/\/tiketi.com\/fr-fr\/flights-london-addis-ababa-lhr-add\/","og_locale":"fr_FR","og_type":"article","og_title":"Cheap Flights From London to Addis Ababa","og_description":"Looking for cheap flights from\u00a0London to Addis Ababa? Search, compare and book cheap airline ticket from London to Addis Ababa online","og_url":"https:\/\/tiketi.com\/fr-fr\/flights-london-addis-ababa-lhr-add\/","og_site_name":"Tiketi.com","article_publisher":"https:\/\/www.facebook.com\/TiketiCom\/","article_modified_time":"2022-02-08T17:23:07+00:00","og_image":[{"width":1600,"height":1200,"url":"https:\/\/tiketi.com\/wp-content\/uploads\/2022\/01\/yohannes-minas-YPLosSc3w6A-unsplash.jpg","type":"image\/jpeg"}],"twitter_card":"summary_large_image","twitter_misc":{"Dur\u00e9e de lecture estim\u00e9e":"3 minutes"},"schema":{"@context":"https:\/\/schema.org","@graph":[{"@type":"WebPage","@id":"https:\/\/tiketi.com\/flights-london-addis-ababa-lhr-add\/","url":"https:\/\/tiketi.com\/flights-london-addis-ababa-lhr-add\/","name":"Vols \u00e0 bas prix de Londres \u00e0 Addis-Abeba","isPartOf":{"@id":"https:\/\/tiketi.com\/#website"},"primaryImageOfPage":{"@id":"https:\/\/tiketi.com\/flights-london-addis-ababa-lhr-add\/#primaryimage"},"image":{"@id":"https:\/\/tiketi.com\/flights-london-addis-ababa-lhr-add\/#primaryimage"},"thumbnailUrl":"https:\/\/tiketi.com\/wp-content\/uploads\/2022\/01\/yohannes-minas-YPLosSc3w6A-unsplash.jpg","datePublished":"2022-01-19T11:55:24+00:00","dateModified":"2022-02-08T17:23:07+00:00","description":"Vous recherchez des vols \u00e0 bas prix de Londres vers Addis-Abeba ? Recherchez, comparez et r\u00e9servez en ligne un billet d&#039;avion pas cher de Londres \u00e0 Addis-Abeba","breadcrumb":{"@id":"https:\/\/tiketi.com\/flights-london-addis-ababa-lhr-add\/#breadcrumb"},"inLanguage":"fr-FR","potentialAction":[{"@type":"ReadAction","target":["https:\/\/tiketi.com\/flights-london-addis-ababa-lhr-add\/"]}]},{"@type":"ImageObject","inLanguage":"fr-FR","@id":"https:\/\/tiketi.com\/flights-london-addis-ababa-lhr-add\/#primaryimage","url":"https:\/\/tiketi.com\/wp-content\/uploads\/2022\/01\/yohannes-minas-YPLosSc3w6A-unsplash.jpg","contentUrl":"https:\/\/tiketi.com\/wp-content\/uploads\/2022\/01\/yohannes-minas-YPLosSc3w6A-unsplash.jpg","width":1600,"height":1200,"caption":"Addis Ababa Air Taxi"},{"@type":"BreadcrumbList","@id":"https:\/\/tiketi.com\/flights-london-addis-ababa-lhr-add\/#breadcrumb","itemListElement":[{"@type":"ListItem","position":1,"name":"Home","item":"https:\/\/tiketi.com\/"},{"@type":"ListItem","position":2,"name":"Cheap Flights From London to Addis Ababa"}]},{"@type":"WebSite","@id":"https:\/\/tiketi.com\/#website","url":"https:\/\/tiketi.com\/","name":"Billets d&#039;avion et de bus, forfaits touristiques et activit\u00e9s - Tiketi.com","description":"Billets d&#039;avion et de bus, Tours, Activit\u00e9s","publisher":{"@id":"https:\/\/tiketi.com\/#organization"},"potentialAction":[{"@type":"SearchAction","target":{"@type":"EntryPoint","urlTemplate":"https:\/\/tiketi.com\/?s={search_term_string}"},"query-input":{"@type":"PropertyValueSpecification","valueRequired":true,"valueName":"search_term_string"}}],"inLanguage":"fr-FR"},{"@type":"Organization","@id":"https:\/\/tiketi.com\/#organization","name":"Tiketi.com","alternateName":"Tiketi","url":"https:\/\/tiketi.com\/","logo":{"@type":"ImageObject","inLanguage":"fr-FR","@id":"https:\/\/tiketi.com\/#\/schema\/logo\/image\/","url":"https:\/\/tiketi.com\/wp-content\/uploads\/2019\/05\/tiketi-logo-696.png","contentUrl":"https:\/\/tiketi.com\/wp-content\/uploads\/2019\/05\/tiketi-logo-696.png","width":696,"height":696,"caption":"Tiketi.com"},"image":{"@id":"https:\/\/tiketi.com\/#\/schema\/logo\/image\/"},"sameAs":["https:\/\/www.facebook.com\/TiketiCom\/"]}]}},"_links":{"self":[{"href":"https:\/\/tiketi.com\/fr-fr\/wp-json\/wp\/v2\/pages\/11945","targetHints":{"allow":["GET"]}}],"collection":[{"href":"https:\/\/tiketi.com\/fr-fr\/wp-json\/wp\/v2\/pages"}],"about":[{"href":"https:\/\/tiketi.com\/fr-fr\/wp-json\/wp\/v2\/types\/page"}],"author":[{"embeddable":true,"href":"https:\/\/tiketi.com\/fr-fr\/wp-json\/wp\/v2\/users\/1"}],"replies":[{"embeddable":true,"href":"https:\/\/tiketi.com\/fr-fr\/wp-json\/wp\/v2\/comments?post=11945"}],"version-history":[{"count":0,"href":"https:\/\/tiketi.com\/fr-fr\/wp-json\/wp\/v2\/pages\/11945\/revisions"}],"wp:featuredmedia":[{"embeddable":true,"href":"https:\/\/tiketi.com\/fr-fr\/wp-json\/wp\/v2\/media\/14381"}],"wp:attachment":[{"href":"https:\/\/tiketi.com\/fr-fr\/wp-json\/wp\/v2\/media?parent=11945"}],"curies":[{"name":"wp","href":"https:\/\/api.w.org\/{rel}","templated":true}]}}