{"id":11946,"date":"2022-01-19T12:55:24","date_gmt":"2022-01-19T11:55:24","guid":{"rendered":"https:\/\/new.tiketi.com\/cheap-flights-from-johannesburg-to-cape-town\/"},"modified":"2022-02-08T13:06:09","modified_gmt":"2022-02-08T12:06:09","slug":"flights-johannesburg-cape-town-jnb-cpt","status":"publish","type":"page","link":"https:\/\/tiketi.com\/fr-fr\/flights-johannesburg-cape-town-jnb-cpt\/","title":{"rendered":"Vols pas chers de Johannesbourg \u00e0 Le Cap"},"content":{"rendered":"<h2>Vous cherchez un billet d&#039;avion pas cher \u00e0 partir de Johannesbourg pour Le Cap ou des offres de derni\u00e8re minute ?<\/h2>\n<h3>Recherchez, comparez et r\u00e9servez d\u00e8s maintenant un billet d&#039;avion pas cher de Johannesbourg (JNB) \u00e0 Le Cap (CPT).<\/h3>\n<p>R\u00e9servez des vols pas chers de Johannesbourg \u00e0 Le Cap en ligne avec Tiketi.com pour b\u00e9n\u00e9ficier des meilleures offres. Le Cap est la ville la plus ancienne et la plus belle d\u2019Afrique du Sud. L&#039;emplacement englobe un m\u00e9lange vari\u00e9 de diff\u00e9rents styles architecturaux qui \u00e9voquent son pass\u00e9 glorieux. Les attractions du Cap et de Johannesburg au Cap sont vastes et vari\u00e9es. Parmi ceux-ci, les plus c\u00e9l\u00e8bres sont le cap Helderberg, Blaawberg, la route des fleurs du Namaqualand et bien d&#039;autres. Visitez Le Cap gr\u00e2ce \u00e0 des offres exceptionnelles sur les billets d&#039;avion de Johannesburg \u00e0 Le Cap et volez des vols de Johannesburg \u00e0 Le Cap pas chers.<\/p>\n<h2>Voici quelques-unes des meilleures attractions de Londres<\/h2>\n<h3>Blaawberg<\/h3>\n<p>Cette zone est l&#039;une des zones \u00e0 la croissance la plus rapide du Cap et comprend quarante-huit kilom\u00e8tres de plages de sable blanc immacul\u00e9es offrant une vue sur le pic du Diable, Lions Head et la montagne de la Table. Elle est \u00e9galement c\u00e9l\u00e8bre pour les \u00eeles Robben, o\u00f9 Nelson Mandela et d&#039;autres prisonniers politiques purgent une grande partie de leur peine de prison.<\/p>\n<h3>Cap Helderberg<\/h3>\n<p>L&#039;endroit est c\u00e9l\u00e8bre pour ses plages de sable blanc et la vue offerte par les magnifiques Hottentots Holland et la cha\u00eene de montagnes Helderberg. L&#039;endroit abrite \u00e9galement Gordons Bay, une plage c\u00e9l\u00e8bre parmi les habitants, qui viennent ici pour surfer, bronzer et nager.<\/p>\n<h3>Route des fleurs du Namaqualand<\/h3>\n<p>Chaque ann\u00e9e, de juillet \u00e0 septembre, plus de cinq mille esp\u00e8ces de fleurs sauvages fleurissent pour former une explosion qui change le paysage de ce lieu aride. La Route des Fleurs s&#039;\u00e9tend de Garies au sud jusqu&#039;au fleuve Orange au nord et comprend les villes de Pofadder \u00e0 l&#039;est.<\/p>\n<h3>Table montagne<\/h3>\n<p>Les vues remarquables \u00e0 360\u00b0 depuis le sommet de ce plateau montagneux de 3 563 pieds, l&#039;oc\u00e9an, le parc national et Robben Island, sont sans aucun doute l&#039;une des plus grandes merveilles du monde. Un v\u00e9hicule automobile vous y am\u00e8nera en seulement cinq minutes ou vous pourrez passer plusieurs heures \u00e0 emprunter l&#039;un des magnifiques sentiers de randonn\u00e9e.<\/p>\n<h3>Robben Island<\/h3>\n<p>\u00c0 un peu plus de cinq miles au large du Cap, l&#039;\u00eele a \u00e9t\u00e9 reconnue comme site du patrimoine mondial en 1999 et a \u00e9t\u00e9 utilis\u00e9e au fil des ans comme h\u00f4pital, prison, \u00e9tablissement psychiatrique et base militaire. C&#039;est surtout parce qu&#039;elle \u00e9tait une prison politique pendant l&#039;apartheid. Nelson Mandela a pass\u00e9 dix-huit ans sur les vingt-sept ann\u00e9es o\u00f9 il a \u00e9t\u00e9 emprisonn\u00e9 \u00e0 Robben Island.<\/p>\n<h3>Signal Hill<\/h3>\n<p>A 5 minutes en voiture \u00e0 l&#039;ouest du centre-ville, Signal Hill offre des vues remarquables sur Le Cap, Table Bay et l&#039;impressionnant oc\u00e9an Atlantique depuis son sommet de 350 m\u00e8tres. Les collines constituent le corps du sommet adjacent de Lions Head et doivent leur nom \u00e0 leur utilisation historique lorsque des drapeaux de signalisation \u00e9taient d\u00e9ploy\u00e9s \u00e0 partir d&#039;ici pour transmettre un message aux navires qui approchaient.<\/p>\n<h2>FAQ sur les vols pas chers de Johannesbourg \u00e0 Le Cap<\/h2>\n<h3>Quelle est la distance entre Johannesbourg et Le Cap?<\/h3>\n<p>Les vols de Jonesburg \u00e0 Cape Town durent environ deux heures dix minutes, ce qui est juste le temps de s&#039;asseoir et de profiter du voyage.<\/p>\n<h3>Quelles compagnies a\u00e9riennes proposent des billets d&#039;avion de Johannesbourg \u00e0 Le Cap ?<\/h3>\n<p>British Airways et South African Airways ne sont que deux compagnies a\u00e9riennes c\u00e9l\u00e8bres qui op\u00e8rent sur cette route. Des compagnies a\u00e9riennes comme Mango et Safari Airlines proposent \u00e9galement des billets d&#039;avion bon march\u00e9 de Johannesburg \u00e0 Cape Town.<\/p>\n<h3>Quels a\u00e9roports desservent Johannesburg et Le Cap ?<\/h3>\n<p>Les 2 principaux a\u00e9roports emprunt\u00e9s par cet itin\u00e9raire sont l&#039;a\u00e9roport international de Tambo et l&#039;a\u00e9roport international du Cap.<\/p>\n<h3>Combien de temps dure un vol direct de Johannesbourg \u00e0 Le Cap ?<\/h3>\n<p>Un vol direct typique peut prendre environ trois heures et parcourir environ 792 kilom\u00e8tres.<\/p>\n<h3>Quelle est la fr\u00e9quence des vols entre Le Cap et Johannesbourg ?<\/h3>\n<p>Il y a plus de quarante vols bon march\u00e9 de Johannesburg \u00e0 Cape Town chaque jour \u2013 c&#039;est un itin\u00e9raire vraiment c\u00e9l\u00e8bre.<\/p>\n<h3>En moyenne, combien de vols par jour d\u00e9collent de Johannesbourg vers Le Cap ?<\/h3>\n<p>En moyenne, 283 vols du Cap au d\u00e9part de Johannesburg d\u00e9collent.<\/p>\n<p>\u2022 T\u00f4t le matin \u2013 cinq pour cent des d\u00e9parts de vols<\/p>\n<p>\u2022 Matin \u2013 trente-cinq pour cent des d\u00e9parts de vols<\/p>\n<p>\u2022 Apr\u00e8s-midi\u00a0: trente-neuf\u00a0% des d\u00e9parts de vols<\/p>\n<p>\u2022 Soir - vingt-deux pour cent des d\u00e9parts de vol<\/p>\n<h3>Quel est le jour le moins cher pour prendre un vol Johannesbourg - Le Cap ?<\/h3>\n<p>Le samedi est en moyenne le jour le moins cher pour voyager et le vendredi est le jour le plus cher. Sur les vols retour du Cap \u00e0 Johannesburg, les meilleures offres se trouvent g\u00e9n\u00e9ralement le mardi, le vendredi \u00e9tant le plus cher.<\/p>\n<h3>Quelles compagnies a\u00e9riennes proposent des vols Johannesbourg - Le Cap ?<\/h3>\n<p>Les prix des compagnies a\u00e9riennes bon march\u00e9 entre Le Cap et Johannesburg sont Kulula ($85), British Airways ($85) et FlySafair ($97).<\/p>\n<h3>Quelle est la meilleure p\u00e9riode pour prendre l\u2019avion pour Le Cap ?<\/h3>\n<p>\u00c9vitez les foules, obtenez plus de disponibilit\u00e9 et profitez d&#039;un \u00e9quilibre \u00e9tonnant entre des offres d&#039;h\u00f4tel exceptionnelles et un temps magnifique en visitant Cape Town pendant la saison d&#039;automne (de mars \u00e0 juin). La temp\u00e9rature commence g\u00e9n\u00e9ralement \u00e0 baisser \u00e0 cause de la chaleur intense de l&#039;\u00e9t\u00e9 (d\u00e9cembre \u00e0 janvier), tout comme l&#039;afflux de visiteurs et le co\u00fbt de l&#039;h\u00e9bergement. En automne, vous obtiendrez les meilleures conditions pour parcourir les diff\u00e9rentes montagnes et sentiers forestiers qui entourent la ville. Alors que les hivers (de juin \u00e0 septembre) apportent un temps humide et frais, assurez-vous de visiter en juillet, lorsque commence la saison d&#039;observation des baleines.<\/p>\n<p>&nbsp;<\/p>","protected":false},"excerpt":{"rendered":"<p>Looking for cheap airline ticket from Johannesburg to Cape Town\u00a0or last minute deals? Search, compare and book cheap airline ticket from Johannesburg (JNB) to Cape Town (CPT) online now. Book cheap flights from Johannesburg to Cape Town online with Tiketi.com for the best deals. Cape Town is the oldest and most wonderful city in South [&hellip;]<\/p>\n","protected":false},"author":1,"featured_media":16150,"parent":0,"menu_order":0,"comment_status":"open","ping_status":"closed","template":"template-home-modern.php","meta":{"footnotes":""},"class_list":["post-11946","page","type-page","status-publish","has-post-thumbnail","hentry"],"yoast_head":"<!-- This site is optimized with the Yoast SEO plugin v27.3 - https:\/\/yoast.com\/product\/yoast-seo-wordpress\/ -->\n<title>Cheap Flights From Johannesburg to Cape Town<\/title>\n<meta name=\"description\" content=\"Looking for cheap flights from\u00a0Johannesburg to Cape Town? Search, compare and book cheap airline ticket from Johannesburg to Cape Town online\" \/>\n<meta name=\"robots\" content=\"index, follow, max-snippet:-1, max-image-preview:large, max-video-preview:-1\" \/>\n<link rel=\"canonical\" href=\"https:\/\/tiketi.com\/fr-fr\/flights-johannesburg-cape-town-jnb-cpt\/\" \/>\n<meta property=\"og:locale\" content=\"fr_FR\" \/>\n<meta property=\"og:type\" content=\"article\" \/>\n<meta property=\"og:title\" content=\"Cheap Flights From Johannesburg to Cape Town\" \/>\n<meta property=\"og:description\" content=\"Looking for cheap flights from\u00a0Johannesburg to Cape Town? Search, compare and book cheap airline ticket from Johannesburg to Cape Town online\" \/>\n<meta property=\"og:url\" content=\"https:\/\/tiketi.com\/fr-fr\/flights-johannesburg-cape-town-jnb-cpt\/\" \/>\n<meta property=\"og:site_name\" content=\"Tiketi.com\" \/>\n<meta property=\"article:publisher\" content=\"https:\/\/www.facebook.com\/TiketiCom\/\" \/>\n<meta property=\"article:modified_time\" content=\"2022-02-08T12:06:09+00:00\" \/>\n<meta property=\"og:image\" content=\"https:\/\/tiketi.com\/wp-content\/uploads\/2022\/02\/cape-town-5293565_1200.jpg\" \/>\n\t<meta property=\"og:image:width\" content=\"1280\" \/>\n\t<meta property=\"og:image:height\" content=\"222\" \/>\n\t<meta property=\"og:image:type\" content=\"image\/jpeg\" \/>\n<meta name=\"twitter:card\" content=\"summary_large_image\" \/>\n<meta name=\"twitter:label1\" content=\"Dur\u00e9e de lecture estim\u00e9e\" \/>\n\t<meta name=\"twitter:data1\" content=\"4 minutes\" \/>\n<script type=\"application\/ld+json\" class=\"yoast-schema-graph\">{\"@context\":\"https:\\\/\\\/schema.org\",\"@graph\":[{\"@type\":\"WebPage\",\"@id\":\"https:\\\/\\\/tiketi.com\\\/flights-johannesburg-cape-town-jnb-cpt\\\/\",\"url\":\"https:\\\/\\\/tiketi.com\\\/flights-johannesburg-cape-town-jnb-cpt\\\/\",\"name\":\"Cheap Flights From Johannesburg to Cape Town\",\"isPartOf\":{\"@id\":\"https:\\\/\\\/tiketi.com\\\/#website\"},\"primaryImageOfPage\":{\"@id\":\"https:\\\/\\\/tiketi.com\\\/flights-johannesburg-cape-town-jnb-cpt\\\/#primaryimage\"},\"image\":{\"@id\":\"https:\\\/\\\/tiketi.com\\\/flights-johannesburg-cape-town-jnb-cpt\\\/#primaryimage\"},\"thumbnailUrl\":\"https:\\\/\\\/tiketi.com\\\/wp-content\\\/uploads\\\/2022\\\/02\\\/cape-town-5293565_1200.jpg\",\"datePublished\":\"2022-01-19T11:55:24+00:00\",\"dateModified\":\"2022-02-08T12:06:09+00:00\",\"description\":\"Looking for cheap flights from\u00a0Johannesburg to Cape Town? Search, compare and book cheap airline ticket from Johannesburg to Cape Town online\",\"breadcrumb\":{\"@id\":\"https:\\\/\\\/tiketi.com\\\/flights-johannesburg-cape-town-jnb-cpt\\\/#breadcrumb\"},\"inLanguage\":\"fr-FR\",\"potentialAction\":[{\"@type\":\"ReadAction\",\"target\":[\"https:\\\/\\\/tiketi.com\\\/flights-johannesburg-cape-town-jnb-cpt\\\/\"]}]},{\"@type\":\"ImageObject\",\"inLanguage\":\"fr-FR\",\"@id\":\"https:\\\/\\\/tiketi.com\\\/flights-johannesburg-cape-town-jnb-cpt\\\/#primaryimage\",\"url\":\"https:\\\/\\\/tiketi.com\\\/wp-content\\\/uploads\\\/2022\\\/02\\\/cape-town-5293565_1200.jpg\",\"contentUrl\":\"https:\\\/\\\/tiketi.com\\\/wp-content\\\/uploads\\\/2022\\\/02\\\/cape-town-5293565_1200.jpg\",\"width\":1280,\"height\":222,\"caption\":\"Air Taxi in Cape Town\"},{\"@type\":\"BreadcrumbList\",\"@id\":\"https:\\\/\\\/tiketi.com\\\/flights-johannesburg-cape-town-jnb-cpt\\\/#breadcrumb\",\"itemListElement\":[{\"@type\":\"ListItem\",\"position\":1,\"name\":\"Home\",\"item\":\"https:\\\/\\\/tiketi.com\\\/\"},{\"@type\":\"ListItem\",\"position\":2,\"name\":\"Cheap Flights From Johannesburg to Cape Town\"}]},{\"@type\":\"WebSite\",\"@id\":\"https:\\\/\\\/tiketi.com\\\/#website\",\"url\":\"https:\\\/\\\/tiketi.com\\\/\",\"name\":\"Flight & Bus Tickets, Tour Packages & Activitites - Tiketi.com\",\"description\":\"Flight &amp; Bus Tickets, Tours, Activitites\",\"publisher\":{\"@id\":\"https:\\\/\\\/tiketi.com\\\/#organization\"},\"potentialAction\":[{\"@type\":\"SearchAction\",\"target\":{\"@type\":\"EntryPoint\",\"urlTemplate\":\"https:\\\/\\\/tiketi.com\\\/?s={search_term_string}\"},\"query-input\":{\"@type\":\"PropertyValueSpecification\",\"valueRequired\":true,\"valueName\":\"search_term_string\"}}],\"inLanguage\":\"fr-FR\"},{\"@type\":\"Organization\",\"@id\":\"https:\\\/\\\/tiketi.com\\\/#organization\",\"name\":\"Tiketi.com\",\"alternateName\":\"Tiketi\",\"url\":\"https:\\\/\\\/tiketi.com\\\/\",\"logo\":{\"@type\":\"ImageObject\",\"inLanguage\":\"fr-FR\",\"@id\":\"https:\\\/\\\/tiketi.com\\\/#\\\/schema\\\/logo\\\/image\\\/\",\"url\":\"https:\\\/\\\/tiketi.com\\\/wp-content\\\/uploads\\\/2019\\\/05\\\/tiketi-logo-696.png\",\"contentUrl\":\"https:\\\/\\\/tiketi.com\\\/wp-content\\\/uploads\\\/2019\\\/05\\\/tiketi-logo-696.png\",\"width\":696,\"height\":696,\"caption\":\"Tiketi.com\"},\"image\":{\"@id\":\"https:\\\/\\\/tiketi.com\\\/#\\\/schema\\\/logo\\\/image\\\/\"},\"sameAs\":[\"https:\\\/\\\/www.facebook.com\\\/TiketiCom\\\/\"]}]}<\/script>\n<!-- \/ Yoast SEO plugin. -->","yoast_head_json":{"title":"Vols pas chers de Johannesbourg \u00e0 Le Cap","description":"Vous recherchez des vols \u00e0 bas prix au Johannesbourg vers Le Cap? Recherchez, comparez et r\u00e9servez un billet d&#039;avion pas cher de Johannesbourg \u00e0 Le Cap en ligne","robots":{"index":"index","follow":"follow","max-snippet":"max-snippet:-1","max-image-preview":"max-image-preview:large","max-video-preview":"max-video-preview:-1"},"canonical":"https:\/\/tiketi.com\/fr-fr\/flights-johannesburg-cape-town-jnb-cpt\/","og_locale":"fr_FR","og_type":"article","og_title":"Cheap Flights From Johannesburg to Cape Town","og_description":"Looking for cheap flights from\u00a0Johannesburg to Cape Town? Search, compare and book cheap airline ticket from Johannesburg to Cape Town online","og_url":"https:\/\/tiketi.com\/fr-fr\/flights-johannesburg-cape-town-jnb-cpt\/","og_site_name":"Tiketi.com","article_publisher":"https:\/\/www.facebook.com\/TiketiCom\/","article_modified_time":"2022-02-08T12:06:09+00:00","og_image":[{"width":1280,"height":222,"url":"https:\/\/tiketi.com\/wp-content\/uploads\/2022\/02\/cape-town-5293565_1200.jpg","type":"image\/jpeg"}],"twitter_card":"summary_large_image","twitter_misc":{"Dur\u00e9e de lecture estim\u00e9e":"4 minutes"},"schema":{"@context":"https:\/\/schema.org","@graph":[{"@type":"WebPage","@id":"https:\/\/tiketi.com\/flights-johannesburg-cape-town-jnb-cpt\/","url":"https:\/\/tiketi.com\/flights-johannesburg-cape-town-jnb-cpt\/","name":"Vols pas chers de Johannesbourg \u00e0 Le Cap","isPartOf":{"@id":"https:\/\/tiketi.com\/#website"},"primaryImageOfPage":{"@id":"https:\/\/tiketi.com\/flights-johannesburg-cape-town-jnb-cpt\/#primaryimage"},"image":{"@id":"https:\/\/tiketi.com\/flights-johannesburg-cape-town-jnb-cpt\/#primaryimage"},"thumbnailUrl":"https:\/\/tiketi.com\/wp-content\/uploads\/2022\/02\/cape-town-5293565_1200.jpg","datePublished":"2022-01-19T11:55:24+00:00","dateModified":"2022-02-08T12:06:09+00:00","description":"Vous recherchez des vols \u00e0 bas prix au Johannesbourg vers Le Cap? Recherchez, comparez et r\u00e9servez un billet d&#039;avion pas cher de Johannesbourg \u00e0 Le Cap en ligne","breadcrumb":{"@id":"https:\/\/tiketi.com\/flights-johannesburg-cape-town-jnb-cpt\/#breadcrumb"},"inLanguage":"fr-FR","potentialAction":[{"@type":"ReadAction","target":["https:\/\/tiketi.com\/flights-johannesburg-cape-town-jnb-cpt\/"]}]},{"@type":"ImageObject","inLanguage":"fr-FR","@id":"https:\/\/tiketi.com\/flights-johannesburg-cape-town-jnb-cpt\/#primaryimage","url":"https:\/\/tiketi.com\/wp-content\/uploads\/2022\/02\/cape-town-5293565_1200.jpg","contentUrl":"https:\/\/tiketi.com\/wp-content\/uploads\/2022\/02\/cape-town-5293565_1200.jpg","width":1280,"height":222,"caption":"Air Taxi in Cape Town"},{"@type":"BreadcrumbList","@id":"https:\/\/tiketi.com\/flights-johannesburg-cape-town-jnb-cpt\/#breadcrumb","itemListElement":[{"@type":"ListItem","position":1,"name":"Home","item":"https:\/\/tiketi.com\/"},{"@type":"ListItem","position":2,"name":"Cheap Flights From Johannesburg to Cape Town"}]},{"@type":"WebSite","@id":"https:\/\/tiketi.com\/#website","url":"https:\/\/tiketi.com\/","name":"Billets d&#039;avion et de bus, forfaits touristiques et activit\u00e9s - Tiketi.com","description":"Billets d&#039;avion et de bus, Tours, Activit\u00e9s","publisher":{"@id":"https:\/\/tiketi.com\/#organization"},"potentialAction":[{"@type":"SearchAction","target":{"@type":"EntryPoint","urlTemplate":"https:\/\/tiketi.com\/?s={search_term_string}"},"query-input":{"@type":"PropertyValueSpecification","valueRequired":true,"valueName":"search_term_string"}}],"inLanguage":"fr-FR"},{"@type":"Organization","@id":"https:\/\/tiketi.com\/#organization","name":"Tiketi.com","alternateName":"Tiketi","url":"https:\/\/tiketi.com\/","logo":{"@type":"ImageObject","inLanguage":"fr-FR","@id":"https:\/\/tiketi.com\/#\/schema\/logo\/image\/","url":"https:\/\/tiketi.com\/wp-content\/uploads\/2019\/05\/tiketi-logo-696.png","contentUrl":"https:\/\/tiketi.com\/wp-content\/uploads\/2019\/05\/tiketi-logo-696.png","width":696,"height":696,"caption":"Tiketi.com"},"image":{"@id":"https:\/\/tiketi.com\/#\/schema\/logo\/image\/"},"sameAs":["https:\/\/www.facebook.com\/TiketiCom\/"]}]}},"_links":{"self":[{"href":"https:\/\/tiketi.com\/fr-fr\/wp-json\/wp\/v2\/pages\/11946","targetHints":{"allow":["GET"]}}],"collection":[{"href":"https:\/\/tiketi.com\/fr-fr\/wp-json\/wp\/v2\/pages"}],"about":[{"href":"https:\/\/tiketi.com\/fr-fr\/wp-json\/wp\/v2\/types\/page"}],"author":[{"embeddable":true,"href":"https:\/\/tiketi.com\/fr-fr\/wp-json\/wp\/v2\/users\/1"}],"replies":[{"embeddable":true,"href":"https:\/\/tiketi.com\/fr-fr\/wp-json\/wp\/v2\/comments?post=11946"}],"version-history":[{"count":0,"href":"https:\/\/tiketi.com\/fr-fr\/wp-json\/wp\/v2\/pages\/11946\/revisions"}],"wp:featuredmedia":[{"embeddable":true,"href":"https:\/\/tiketi.com\/fr-fr\/wp-json\/wp\/v2\/media\/16150"}],"wp:attachment":[{"href":"https:\/\/tiketi.com\/fr-fr\/wp-json\/wp\/v2\/media?parent=11946"}],"curies":[{"name":"wp","href":"https:\/\/api.w.org\/{rel}","templated":true}]}}