{"id":11948,"date":"2022-01-19T12:55:24","date_gmt":"2022-01-19T11:55:24","guid":{"rendered":"https:\/\/new.tiketi.com\/cheap-flights-from-london-to-nairobi\/"},"modified":"2022-02-09T10:22:58","modified_gmt":"2022-02-09T09:22:58","slug":"flights-london-nairobi-lhr-nbo","status":"publish","type":"page","link":"https:\/\/tiketi.com\/fr-fr\/flights-london-nairobi-lhr-nbo\/","title":{"rendered":"Vols \u00e0 bas prix de Londres \u00e0 Nairobi"},"content":{"rendered":"<h2>Vous recherchez un billet d&#039;avion pas cher de Londres \u00e0 Nairobi ou des offres de derni\u00e8re minute ?<\/h2>\n<h3>Recherchez, comparez et r\u00e9servez un billet d&#039;avion pas cher entre Londres (LHR) et Nairobi (NBO)<span style=\"font-size: 16px;\">\u00a0<\/span>maintenant en ligne.<\/h3>\n<p>R\u00e9servez en ligne des vols \u00e0 bas prix de Londres \u00e0 Nairobi et \u00e9conomisez de l&#039;argent sur les billets d&#039;avion. Nairobi est la capitale du Kenya, situ\u00e9e en Afrique de l&#039;Est. La ville est situ\u00e9e sur la c\u00f4te de la rivi\u00e8re Nairobi. Le mot Nairobi est d\u00e9riv\u00e9 de l&#039;expression \u00ab Enkare Nyirobi \u00bb qui signifie \u00ab eaux froides \u00bb en langue massa\u00ef. Vous pouvez facilement r\u00e9server votre billet Londres-Nairobi via Internet. Il y a un certain nombre d&#039;endroits \u00e0 visiter pour les visiteurs \u00e0 Nairobi. Comparez les prix et obtenez les meilleurs tarifs sur les billets d&#039;avion de Londres \u00e0 Nairobi gr\u00e2ce \u00e0 des offres exceptionnelles sur la r\u00e9servation de billets en ligne de vols Londres \u00e0 Nairobi.<\/p>\n<h2>Voici quelques-unes des meilleures attractions de Nairobi<\/h2>\n<h3>Le mus\u00e9e national de Nairobi<\/h3>\n<p>Le mus\u00e9e national de Nairobi est l&#039;un des grands points forts de l&#039;emplacement. Il pr\u00e9sente le riche patrimoine du Kenya avec 4 th\u00e8mes distincts repr\u00e9sentant la nature, la culture et les arts contemporains du Kenya.<\/p>\n<h3>March\u00e9s Massa\u00ef<\/h3>\n<p>On peut \u00e9galement avoir une id\u00e9e de la vie \u00e0 Nairobi dans les c\u00e9l\u00e8bres march\u00e9s Massai. Vous pouvez visiter ces march\u00e9s abordables et traditionnels et n\u00e9gocier sur la c\u00f4te, mais vous y rendez visite avec un guide exp\u00e9riment\u00e9.<\/p>\n<h3>Le parc national de Nairobi<\/h3>\n<p>Si vous \u00eates int\u00e9ress\u00e9 par les gros animaux, ce parc est en fait une activit\u00e9 incontournable. On peut appr\u00e9cier le rhinoc\u00e9ros, la girafe, les lions, la pintade, le z\u00e8bre, les vautours aquatiques, etc. Les visiteurs peuvent prendre les services de guides experts et profiter de ce safari africain sp\u00e9cial.<\/p>\n<h3>Collines de Ngong<\/h3>\n<p>Vous pouvez \u00e9galement sentir la mont\u00e9e d&#039;adr\u00e9naline \u00e0 Nairobi avec une randonn\u00e9e \u00e0 proximit\u00e9 de Ngong Hills. Il y a de charmants pics plac\u00e9s au sud-ouest de la ville. Il faut environ 1 heure pour arriver ici depuis Nairobi.<\/p>\n<h2>FAQ sur les vols pas chers de Londres \u00e0 Nairobi<\/h2>\n<h3>Combien de vols Londres-Nairobi sont accessibles chaque semaine\u00a0?<\/h3>\n<p>321 vols hebdomadaires de Londres \u00e0 Nairobi.<\/p>\n<h3>Combien de compagnies a\u00e9riennes op\u00e8rent des vols entre Londres et Nairobi ?<\/h3>\n<p>Dix-neuf compagnies a\u00e9riennes volent de Londres \u00e0 Nairobi<\/p>\n<h3>Combien de temps dure un vol direct Londres-Nairobi ?<\/h3>\n<p>Un vol direct de Londres \u00e0 Nairobi prend g\u00e9n\u00e9ralement environ huit heures et trente-cinq minutes pour couvrir la distance de 4 274 milles. Les vols les plus longs sur cette route durent g\u00e9n\u00e9ralement 19 heures, soit en moyenne quatorze heures et neuf minutes.<\/p>\n<h3>Quelles compagnies a\u00e9riennes proposent des billets d&#039;avion pas chers de Londres \u00e0 Nairobi ?<\/h3>\n<p>\u00c0 l&#039;heure actuelle, sept compagnies a\u00e9riennes desservent et proposent des billets d&#039;avion bon march\u00e9 de Londres \u00e0 Nairobi, notamment KLM, American Airlines et Air France.<\/p>\n<h2>Conseils pour les vols Londres - Nairobi<\/h2>\n<p>\u2022 La saison principale de Nairobi est f\u00e9vrier et janvier quand il fait sec et chaud. Juin \u00e0 septembre est \u00e9galement une p\u00e9riode c\u00e9l\u00e8bre.<\/p>\n<p>\u2022 Les 2 saisons humides sont de mars \u00e0 mai et d&#039;octobre \u00e0 d\u00e9cembre, avec le plus de pluie d&#039;avril \u00e0 mai. La ville est beaucoup plus silencieuse et abordable \u00e0 ces p\u00e9riodes, mais il n&#039;y a pas suffisamment de pluie pour vous emp\u00eacher de sortir et de vous d\u00e9placer.<\/p>","protected":false},"excerpt":{"rendered":"<p>Looking for cheap airline ticket from London to Nairobi\u00a0or last minute deals? Search, compare and book cheap airline ticket from London (LHR) to Nairobi (NBO)\u00a0online now. Book cheap flights from London to Nairobi online and save money on airfare. Nairobi is the capital city of Kenya which is placed in the eastern Africa. The city [&hellip;]<\/p>\n","protected":false},"author":1,"featured_media":17853,"parent":0,"menu_order":0,"comment_status":"open","ping_status":"closed","template":"template-home-modern.php","meta":{"footnotes":""},"class_list":["post-11948","page","type-page","status-publish","has-post-thumbnail","hentry"],"yoast_head":"<!-- This site is optimized with the Yoast SEO plugin v27.4 - https:\/\/yoast.com\/product\/yoast-seo-wordpress\/ -->\n<title>Cheap Flights From London to Nairobi<\/title>\n<meta name=\"description\" content=\"Looking for cheap flights from\u00a0London to Nairobi? Search, compare and book cheap airline ticket from London to Nairobi online\" \/>\n<meta name=\"robots\" content=\"index, follow, max-snippet:-1, max-image-preview:large, max-video-preview:-1\" \/>\n<link rel=\"canonical\" href=\"https:\/\/tiketi.com\/fr-fr\/flights-london-nairobi-lhr-nbo\/\" \/>\n<meta property=\"og:locale\" content=\"fr_FR\" \/>\n<meta property=\"og:type\" content=\"article\" \/>\n<meta property=\"og:title\" content=\"Cheap Flights From London to Nairobi\" \/>\n<meta property=\"og:description\" content=\"Looking for cheap flights from\u00a0London to Nairobi? Search, compare and book cheap airline ticket from London to Nairobi online\" \/>\n<meta property=\"og:url\" content=\"https:\/\/tiketi.com\/fr-fr\/flights-london-nairobi-lhr-nbo\/\" \/>\n<meta property=\"og:site_name\" content=\"Tiketi.com\" \/>\n<meta property=\"article:publisher\" content=\"https:\/\/www.facebook.com\/TiketiCom\/\" \/>\n<meta property=\"article:modified_time\" content=\"2022-02-09T09:22:58+00:00\" \/>\n<meta property=\"og:image\" content=\"https:\/\/tiketi.com\/wp-content\/uploads\/2019\/05\/nairobi-city-3143632_1280.jpg\" \/>\n\t<meta property=\"og:image:width\" content=\"1200\" \/>\n\t<meta property=\"og:image:height\" content=\"202\" \/>\n\t<meta property=\"og:image:type\" content=\"image\/jpeg\" \/>\n<meta name=\"twitter:card\" content=\"summary_large_image\" \/>\n<meta name=\"twitter:label1\" content=\"Dur\u00e9e de lecture estim\u00e9e\" \/>\n\t<meta name=\"twitter:data1\" content=\"3 minutes\" \/>\n<script type=\"application\/ld+json\" class=\"yoast-schema-graph\">{\"@context\":\"https:\\\/\\\/schema.org\",\"@graph\":[{\"@type\":\"WebPage\",\"@id\":\"https:\\\/\\\/tiketi.com\\\/sw\\\/flights-london-nairobi-lhr-nbo\\\/\",\"url\":\"https:\\\/\\\/tiketi.com\\\/sw\\\/flights-london-nairobi-lhr-nbo\\\/\",\"name\":\"Cheap Flights From London to Nairobi\",\"isPartOf\":{\"@id\":\"https:\\\/\\\/tiketi.com\\\/#website\"},\"primaryImageOfPage\":{\"@id\":\"https:\\\/\\\/tiketi.com\\\/sw\\\/flights-london-nairobi-lhr-nbo\\\/#primaryimage\"},\"image\":{\"@id\":\"https:\\\/\\\/tiketi.com\\\/sw\\\/flights-london-nairobi-lhr-nbo\\\/#primaryimage\"},\"thumbnailUrl\":\"https:\\\/\\\/tiketi.com\\\/wp-content\\\/uploads\\\/2019\\\/05\\\/nairobi-city-3143632_1280.jpg\",\"datePublished\":\"2022-01-19T11:55:24+00:00\",\"dateModified\":\"2022-02-09T09:22:58+00:00\",\"description\":\"Looking for cheap flights from\u00a0London to Nairobi? Search, compare and book cheap airline ticket from London to Nairobi online\",\"breadcrumb\":{\"@id\":\"https:\\\/\\\/tiketi.com\\\/sw\\\/flights-london-nairobi-lhr-nbo\\\/#breadcrumb\"},\"inLanguage\":\"fr-FR\",\"potentialAction\":[{\"@type\":\"ReadAction\",\"target\":[\"https:\\\/\\\/tiketi.com\\\/sw\\\/flights-london-nairobi-lhr-nbo\\\/\"]}]},{\"@type\":\"ImageObject\",\"inLanguage\":\"fr-FR\",\"@id\":\"https:\\\/\\\/tiketi.com\\\/sw\\\/flights-london-nairobi-lhr-nbo\\\/#primaryimage\",\"url\":\"https:\\\/\\\/tiketi.com\\\/wp-content\\\/uploads\\\/2019\\\/05\\\/nairobi-city-3143632_1280.jpg\",\"contentUrl\":\"https:\\\/\\\/tiketi.com\\\/wp-content\\\/uploads\\\/2019\\\/05\\\/nairobi-city-3143632_1280.jpg\",\"width\":1200,\"height\":202,\"caption\":\"Air Taxi in Nairobi\"},{\"@type\":\"BreadcrumbList\",\"@id\":\"https:\\\/\\\/tiketi.com\\\/sw\\\/flights-london-nairobi-lhr-nbo\\\/#breadcrumb\",\"itemListElement\":[{\"@type\":\"ListItem\",\"position\":1,\"name\":\"Home\",\"item\":\"https:\\\/\\\/tiketi.com\\\/\"},{\"@type\":\"ListItem\",\"position\":2,\"name\":\"Cheap Flights From London to Nairobi\"}]},{\"@type\":\"WebSite\",\"@id\":\"https:\\\/\\\/tiketi.com\\\/#website\",\"url\":\"https:\\\/\\\/tiketi.com\\\/\",\"name\":\"Flight & Bus Tickets, Tour Packages & Activitites - Tiketi.com\",\"description\":\"Flight &amp; Bus Tickets, Tours, Activitites\",\"publisher\":{\"@id\":\"https:\\\/\\\/tiketi.com\\\/#organization\"},\"potentialAction\":[{\"@type\":\"SearchAction\",\"target\":{\"@type\":\"EntryPoint\",\"urlTemplate\":\"https:\\\/\\\/tiketi.com\\\/?s={search_term_string}\"},\"query-input\":{\"@type\":\"PropertyValueSpecification\",\"valueRequired\":true,\"valueName\":\"search_term_string\"}}],\"inLanguage\":\"fr-FR\"},{\"@type\":\"Organization\",\"@id\":\"https:\\\/\\\/tiketi.com\\\/#organization\",\"name\":\"Tiketi.com\",\"alternateName\":\"Tiketi\",\"url\":\"https:\\\/\\\/tiketi.com\\\/\",\"logo\":{\"@type\":\"ImageObject\",\"inLanguage\":\"fr-FR\",\"@id\":\"https:\\\/\\\/tiketi.com\\\/#\\\/schema\\\/logo\\\/image\\\/\",\"url\":\"https:\\\/\\\/tiketi.com\\\/wp-content\\\/uploads\\\/2019\\\/05\\\/tiketi-logo-696.png\",\"contentUrl\":\"https:\\\/\\\/tiketi.com\\\/wp-content\\\/uploads\\\/2019\\\/05\\\/tiketi-logo-696.png\",\"width\":696,\"height\":696,\"caption\":\"Tiketi.com\"},\"image\":{\"@id\":\"https:\\\/\\\/tiketi.com\\\/#\\\/schema\\\/logo\\\/image\\\/\"},\"sameAs\":[\"https:\\\/\\\/www.facebook.com\\\/TiketiCom\\\/\"]}]}<\/script>\n<!-- \/ Yoast SEO plugin. -->","yoast_head_json":{"title":"Vols \u00e0 bas prix de Londres \u00e0 Nairobi","description":"Vous cherchez des vols \u00e0 bas prix de Londres \u00e0 Nairobi ? Recherchez, comparez et r\u00e9servez en ligne un billet d&#039;avion pas cher de Londres \u00e0 Nairobi","robots":{"index":"index","follow":"follow","max-snippet":"max-snippet:-1","max-image-preview":"max-image-preview:large","max-video-preview":"max-video-preview:-1"},"canonical":"https:\/\/tiketi.com\/fr-fr\/flights-london-nairobi-lhr-nbo\/","og_locale":"fr_FR","og_type":"article","og_title":"Cheap Flights From London to Nairobi","og_description":"Looking for cheap flights from\u00a0London to Nairobi? Search, compare and book cheap airline ticket from London to Nairobi online","og_url":"https:\/\/tiketi.com\/fr-fr\/flights-london-nairobi-lhr-nbo\/","og_site_name":"Tiketi.com","article_publisher":"https:\/\/www.facebook.com\/TiketiCom\/","article_modified_time":"2022-02-09T09:22:58+00:00","og_image":[{"width":1200,"height":202,"url":"https:\/\/tiketi.com\/wp-content\/uploads\/2019\/05\/nairobi-city-3143632_1280.jpg","type":"image\/jpeg"}],"twitter_card":"summary_large_image","twitter_misc":{"Dur\u00e9e de lecture estim\u00e9e":"3 minutes"},"schema":{"@context":"https:\/\/schema.org","@graph":[{"@type":"WebPage","@id":"https:\/\/tiketi.com\/sw\/flights-london-nairobi-lhr-nbo\/","url":"https:\/\/tiketi.com\/sw\/flights-london-nairobi-lhr-nbo\/","name":"Vols \u00e0 bas prix de Londres \u00e0 Nairobi","isPartOf":{"@id":"https:\/\/tiketi.com\/#website"},"primaryImageOfPage":{"@id":"https:\/\/tiketi.com\/sw\/flights-london-nairobi-lhr-nbo\/#primaryimage"},"image":{"@id":"https:\/\/tiketi.com\/sw\/flights-london-nairobi-lhr-nbo\/#primaryimage"},"thumbnailUrl":"https:\/\/tiketi.com\/wp-content\/uploads\/2019\/05\/nairobi-city-3143632_1280.jpg","datePublished":"2022-01-19T11:55:24+00:00","dateModified":"2022-02-09T09:22:58+00:00","description":"Vous cherchez des vols \u00e0 bas prix de Londres \u00e0 Nairobi ? Recherchez, comparez et r\u00e9servez en ligne un billet d&#039;avion pas cher de Londres \u00e0 Nairobi","breadcrumb":{"@id":"https:\/\/tiketi.com\/sw\/flights-london-nairobi-lhr-nbo\/#breadcrumb"},"inLanguage":"fr-FR","potentialAction":[{"@type":"ReadAction","target":["https:\/\/tiketi.com\/sw\/flights-london-nairobi-lhr-nbo\/"]}]},{"@type":"ImageObject","inLanguage":"fr-FR","@id":"https:\/\/tiketi.com\/sw\/flights-london-nairobi-lhr-nbo\/#primaryimage","url":"https:\/\/tiketi.com\/wp-content\/uploads\/2019\/05\/nairobi-city-3143632_1280.jpg","contentUrl":"https:\/\/tiketi.com\/wp-content\/uploads\/2019\/05\/nairobi-city-3143632_1280.jpg","width":1200,"height":202,"caption":"Air Taxi in Nairobi"},{"@type":"BreadcrumbList","@id":"https:\/\/tiketi.com\/sw\/flights-london-nairobi-lhr-nbo\/#breadcrumb","itemListElement":[{"@type":"ListItem","position":1,"name":"Home","item":"https:\/\/tiketi.com\/"},{"@type":"ListItem","position":2,"name":"Cheap Flights From London to Nairobi"}]},{"@type":"WebSite","@id":"https:\/\/tiketi.com\/#website","url":"https:\/\/tiketi.com\/","name":"Billets d&#039;avion et de bus, forfaits touristiques et activit\u00e9s - Tiketi.com","description":"Billets d&#039;avion et de bus, Tours, Activit\u00e9s","publisher":{"@id":"https:\/\/tiketi.com\/#organization"},"potentialAction":[{"@type":"SearchAction","target":{"@type":"EntryPoint","urlTemplate":"https:\/\/tiketi.com\/?s={search_term_string}"},"query-input":{"@type":"PropertyValueSpecification","valueRequired":true,"valueName":"search_term_string"}}],"inLanguage":"fr-FR"},{"@type":"Organization","@id":"https:\/\/tiketi.com\/#organization","name":"Tiketi.com","alternateName":"Tiketi","url":"https:\/\/tiketi.com\/","logo":{"@type":"ImageObject","inLanguage":"fr-FR","@id":"https:\/\/tiketi.com\/#\/schema\/logo\/image\/","url":"https:\/\/tiketi.com\/wp-content\/uploads\/2019\/05\/tiketi-logo-696.png","contentUrl":"https:\/\/tiketi.com\/wp-content\/uploads\/2019\/05\/tiketi-logo-696.png","width":696,"height":696,"caption":"Tiketi.com"},"image":{"@id":"https:\/\/tiketi.com\/#\/schema\/logo\/image\/"},"sameAs":["https:\/\/www.facebook.com\/TiketiCom\/"]}]}},"_links":{"self":[{"href":"https:\/\/tiketi.com\/fr-fr\/wp-json\/wp\/v2\/pages\/11948","targetHints":{"allow":["GET"]}}],"collection":[{"href":"https:\/\/tiketi.com\/fr-fr\/wp-json\/wp\/v2\/pages"}],"about":[{"href":"https:\/\/tiketi.com\/fr-fr\/wp-json\/wp\/v2\/types\/page"}],"author":[{"embeddable":true,"href":"https:\/\/tiketi.com\/fr-fr\/wp-json\/wp\/v2\/users\/1"}],"replies":[{"embeddable":true,"href":"https:\/\/tiketi.com\/fr-fr\/wp-json\/wp\/v2\/comments?post=11948"}],"version-history":[{"count":0,"href":"https:\/\/tiketi.com\/fr-fr\/wp-json\/wp\/v2\/pages\/11948\/revisions"}],"wp:featuredmedia":[{"embeddable":true,"href":"https:\/\/tiketi.com\/fr-fr\/wp-json\/wp\/v2\/media\/17853"}],"wp:attachment":[{"href":"https:\/\/tiketi.com\/fr-fr\/wp-json\/wp\/v2\/media?parent=11948"}],"curies":[{"name":"wp","href":"https:\/\/api.w.org\/{rel}","templated":true}]}}