{"id":11949,"date":"2022-01-19T12:55:26","date_gmt":"2022-01-19T11:55:26","guid":{"rendered":"https:\/\/new.tiketi.com\/cheap-flights-from-nairobi-to-dar-es-salaam\/"},"modified":"2022-02-09T14:01:38","modified_gmt":"2022-02-09T13:01:38","slug":"flights-nairobi-dar-es-salaam-nbo-dar","status":"publish","type":"page","link":"https:\/\/tiketi.com\/fr-fr\/flights-nairobi-dar-es-salaam-nbo-dar\/","title":{"rendered":"Vols \u00e0 bas prix de Nairobi \u00e0 Dar es Salam"},"content":{"rendered":"<h2>Vous recherchez un billet d&#039;avion pas cher de Nairobi \u00e0 Dar es Salam ou des offres de derni\u00e8re minute ?<\/h2>\n<h3>Recherchez, comparez et r\u00e9servez un billet d&#039;avion pas cher de Nairobi (NBO \u00e0 Dar es Salaam (DAR)<span style=\"font-size: 16px;\">\u00a0<\/span>maintenant en ligne.<\/h3>\n<p>R\u00e9servez des vols pas chers de Nairobi \u00e0 Dar es Salam en ligne et \u00e9conomisez sur les billets d&#039;avion en toute confiance sur Tiketi.com. Dar es Salaam est devenue au fil des ans la plus grande ville de Tanzanie. Populairement appel\u00e9e Dar, la ville est le centre \u00e9conomique de la Tanzanie et poss\u00e8de le deuxi\u00e8me plus grand port d&#039;Afrique de l&#039;Est. La ville est connue comme une ville de transit vers la plupart des lieux touristiques de Tanzanie comme l&#039;\u00eele de Zanzibar et le service Selous Game. Dar es Salaam est une ville de premier plan dans les domaines de l&#039;art, de la musique, de la mode, du cin\u00e9ma et des m\u00e9dias. Comparez les prix et obtenez les tarifs les plus bas sur les billets d&#039;avion de Nairobi \u00e0 Dar es Salaam gr\u00e2ce \u00e0 des offres exceptionnelles sur la r\u00e9servation de billets en ligne de vols Nairobi \u00e0 Dar es Salaam.<\/p>\n<h2>Voici quelques-unes des meilleures attractions d&#039;Arusha<\/h2>\n<p>Cette ville est la grande porte d&#039;entr\u00e9e de la Tanzanie via l&#039;a\u00e9roport international Julius Nyerere. D\u00e9placez-vous dans la ville en minibus, en train ou en bus. Les restaurants de Dar es Salaam proposent de savoureux plats intercontinentaux traditionnels.<\/p>\n<p>La ville de Dar es Salaam a de nombreux endroits remarquables \u00e0 visiter et des activit\u00e9s \u00e0 pratiquer. Il y a diff\u00e9rentes attractions \u00e0 Dar es Salaam \u00e0 explorer telles que le mus\u00e9e national de Tanzanie, le monument Askari, la plage, le monument Uhuru, l&#039;\u00eele de Mbudya, l&#039;\u00eele de Bongoyo, la p\u00e9ninsule de Msasani entre autres.<\/p>\n<p>\u2022 Explorez la plage de Mbezi pour nager dans les bains de soleil et les eaux claires.<\/p>\n<p>\u2022 Visitez le mus\u00e9e national de Tanzanie et d\u00e9couvrez son histoire et sa riche culture.<\/p>\n<p>\u2022 D\u00e9couvrez le zoo de Dar es Salaam pour observer la faune et assurez-vous d&#039;aller au march\u00e9 aux poissons de Kivukoni avant la fin de votre voyage.<\/p>\n<h2>FAQ sur les vols pas chers de Nairobi \u00e0 Dar es Salam<\/h2>\n<h3>Le meilleur moment pour r\u00e9server un billet d&#039;avion de Nairobi \u00e0 Dar es Salam ?<\/h3>\n<p>G\u00e9n\u00e9ralement, le meilleur moment pour r\u00e9server un billet d&#039;avion de Nairobi \u00e0 Dar es Salam est de 2 mois \u00e0 l&#039;avance. Et les jours abordables pour voler sont le mercredi, le mardi et le samedi. Le dimanche est le plus cher.<\/p>\n<h3>Combien de vols directs de Nairobi \u00e0 Dar es Salaam ?<\/h3>\n<p>Il y a quarante-cinq vols directs bon march\u00e9 de Nairobi \u00e0 Dar es Salaam.<\/p>\n<h3>Quelle est la compagnie a\u00e9rienne la plus c\u00e9l\u00e8bre pour les vols sans escale entre Nairobi et Dar es Salam ?<\/h3>\n<p>Kenya Airways propose 62 des vols sans escale de Nairobi \u00e0 Dar es Salaam.<\/p>\n<h3>Combien de temps dure le vol Nairobi-Dar es Salam ?<\/h3>\n<p>Les visiteurs peuvent deviner un vol direct pour prendre environ 2 heures, parcourant une distance d&#039;environ 415 kilom\u00e8tres.<\/p>\n<h3>Combien de vols de Dar es Salam \u00e0 Nairobi partent en moyenne par jour ?<\/h3>\n<p>Les visiteurs peuvent deviner 39 vols de Nairobi \u00e0 Dar es Salaam en moyenne par jour.<\/p>\n<p>\u2022 T\u00f4t le matin\u00a0: 15\u00a0% des d\u00e9parts de vols<\/p>\n<p>\u2022 Matin - treize pour cent des d\u00e9parts de vol<\/p>\n<p>\u2022 Apr\u00e8s-midi\u00a0: 18\u00a0% des d\u00e9parts de vols<\/p>\n<p>\u2022 Soir - cinquante-quatre pour cent des d\u00e9parts de vol<\/p>","protected":false},"excerpt":{"rendered":"<p>Looking for cheap airline ticket from Nairobi to Dar es Salaam\u00a0or last minute deals? Search, compare and book cheap airline ticket from Nairobi (NBO to Dar es Salaam (DAR)\u00a0online now. Book cheap flights from Nairobi to Dar es Salaam online and save money on airfare with confidence on Tiketi.com. Dar es Salaam has over the [&hellip;]<\/p>\n","protected":false},"author":1,"featured_media":0,"parent":0,"menu_order":0,"comment_status":"open","ping_status":"closed","template":"template-home-modern.php","meta":{"footnotes":""},"class_list":["post-11949","page","type-page","status-publish","has-post-thumbnail","hentry"],"yoast_head":"<!-- This site is optimized with the Yoast SEO plugin v27.2 - https:\/\/yoast.com\/product\/yoast-seo-wordpress\/ -->\n<title>Cheap Flights From Nairobi to Dar es Salaam<\/title>\n<meta name=\"description\" content=\"Looking for cheap flights from\u00a0Nairobi to Dar es Salaam? Search, compare and book cheap airline ticket from Nairobi to Dar es Salaam online\" \/>\n<meta name=\"robots\" content=\"index, follow, max-snippet:-1, max-image-preview:large, max-video-preview:-1\" \/>\n<link rel=\"canonical\" href=\"https:\/\/tiketi.com\/fr-fr\/flights-nairobi-dar-es-salaam-nbo-dar\/\" \/>\n<meta property=\"og:locale\" content=\"fr_FR\" \/>\n<meta property=\"og:type\" content=\"article\" \/>\n<meta property=\"og:title\" content=\"Cheap Flights From Nairobi to Dar es Salaam\" \/>\n<meta property=\"og:description\" content=\"Looking for cheap flights from\u00a0Nairobi to Dar es Salaam? Search, compare and book cheap airline ticket from Nairobi to Dar es Salaam online\" \/>\n<meta property=\"og:url\" content=\"https:\/\/tiketi.com\/fr-fr\/flights-nairobi-dar-es-salaam-nbo-dar\/\" \/>\n<meta property=\"og:site_name\" content=\"Tiketi.com\" \/>\n<meta property=\"article:publisher\" content=\"https:\/\/www.facebook.com\/TiketiCom\/\" \/>\n<meta property=\"article:modified_time\" content=\"2022-02-09T13:01:38+00:00\" \/>\n<meta name=\"twitter:card\" content=\"summary_large_image\" \/>\n<meta name=\"twitter:label1\" content=\"Dur\u00e9e de lecture estim\u00e9e\" \/>\n\t<meta name=\"twitter:data1\" content=\"3 minutes\" \/>\n<script type=\"application\/ld+json\" class=\"yoast-schema-graph\">{\"@context\":\"https:\/\/schema.org\",\"@graph\":[{\"@type\":\"WebPage\",\"@id\":\"https:\/\/tiketi.com\/sw\/flights-nairobi-dar-es-salaam-nbo-dar\/\",\"url\":\"https:\/\/tiketi.com\/sw\/flights-nairobi-dar-es-salaam-nbo-dar\/\",\"name\":\"Cheap Flights From Nairobi to Dar es Salaam\",\"isPartOf\":{\"@id\":\"https:\/\/tiketi.com\/#website\"},\"datePublished\":\"2022-01-19T11:55:26+00:00\",\"dateModified\":\"2022-02-09T13:01:38+00:00\",\"description\":\"Looking for cheap flights from\u00a0Nairobi to Dar es Salaam? Search, compare and book cheap airline ticket from Nairobi to Dar es Salaam online\",\"breadcrumb\":{\"@id\":\"https:\/\/tiketi.com\/sw\/flights-nairobi-dar-es-salaam-nbo-dar\/#breadcrumb\"},\"inLanguage\":\"fr-FR\",\"potentialAction\":[{\"@type\":\"ReadAction\",\"target\":[\"https:\/\/tiketi.com\/sw\/flights-nairobi-dar-es-salaam-nbo-dar\/\"]}]},{\"@type\":\"BreadcrumbList\",\"@id\":\"https:\/\/tiketi.com\/sw\/flights-nairobi-dar-es-salaam-nbo-dar\/#breadcrumb\",\"itemListElement\":[{\"@type\":\"ListItem\",\"position\":1,\"name\":\"Home\",\"item\":\"https:\/\/tiketi.com\/\"},{\"@type\":\"ListItem\",\"position\":2,\"name\":\"Cheap Flights From Nairobi to Dar es Salaam\"}]},{\"@type\":\"WebSite\",\"@id\":\"https:\/\/tiketi.com\/#website\",\"url\":\"https:\/\/tiketi.com\/\",\"name\":\"Flight & Bus Tickets, Tour Packages & Activitites - Tiketi.com\",\"description\":\"Flight &amp; Bus Tickets, Tours, Activitites\",\"publisher\":{\"@id\":\"https:\/\/tiketi.com\/#organization\"},\"potentialAction\":[{\"@type\":\"SearchAction\",\"target\":{\"@type\":\"EntryPoint\",\"urlTemplate\":\"https:\/\/tiketi.com\/?s={search_term_string}\"},\"query-input\":{\"@type\":\"PropertyValueSpecification\",\"valueRequired\":true,\"valueName\":\"search_term_string\"}}],\"inLanguage\":\"fr-FR\"},{\"@type\":\"Organization\",\"@id\":\"https:\/\/tiketi.com\/#organization\",\"name\":\"Tiketi.com\",\"alternateName\":\"Tiketi\",\"url\":\"https:\/\/tiketi.com\/\",\"logo\":{\"@type\":\"ImageObject\",\"inLanguage\":\"fr-FR\",\"@id\":\"https:\/\/tiketi.com\/#\/schema\/logo\/image\/\",\"url\":\"https:\/\/tiketi.com\/wp-content\/uploads\/2019\/05\/tiketi-logo-696.png\",\"contentUrl\":\"https:\/\/tiketi.com\/wp-content\/uploads\/2019\/05\/tiketi-logo-696.png\",\"width\":696,\"height\":696,\"caption\":\"Tiketi.com\"},\"image\":{\"@id\":\"https:\/\/tiketi.com\/#\/schema\/logo\/image\/\"},\"sameAs\":[\"https:\/\/www.facebook.com\/TiketiCom\/\"]}]}<\/script>\n<!-- \/ Yoast SEO plugin. -->","yoast_head_json":{"title":"Vols \u00e0 bas prix de Nairobi \u00e0 Dar es Salam","description":"Vous recherchez des vols \u00e0 bas prix de Nairobi vers Dar es Salam ? Recherchez, comparez et r\u00e9servez en ligne un billet d&#039;avion pas cher de Nairobi \u00e0 Dar es Salam","robots":{"index":"index","follow":"follow","max-snippet":"max-snippet:-1","max-image-preview":"max-image-preview:large","max-video-preview":"max-video-preview:-1"},"canonical":"https:\/\/tiketi.com\/fr-fr\/flights-nairobi-dar-es-salaam-nbo-dar\/","og_locale":"fr_FR","og_type":"article","og_title":"Cheap Flights From Nairobi to Dar es Salaam","og_description":"Looking for cheap flights from\u00a0Nairobi to Dar es Salaam? Search, compare and book cheap airline ticket from Nairobi to Dar es Salaam online","og_url":"https:\/\/tiketi.com\/fr-fr\/flights-nairobi-dar-es-salaam-nbo-dar\/","og_site_name":"Tiketi.com","article_publisher":"https:\/\/www.facebook.com\/TiketiCom\/","article_modified_time":"2022-02-09T13:01:38+00:00","twitter_card":"summary_large_image","twitter_misc":{"Dur\u00e9e de lecture estim\u00e9e":"3 minutes"},"schema":{"@context":"https:\/\/schema.org","@graph":[{"@type":"WebPage","@id":"https:\/\/tiketi.com\/sw\/flights-nairobi-dar-es-salaam-nbo-dar\/","url":"https:\/\/tiketi.com\/sw\/flights-nairobi-dar-es-salaam-nbo-dar\/","name":"Vols \u00e0 bas prix de Nairobi \u00e0 Dar es Salam","isPartOf":{"@id":"https:\/\/tiketi.com\/#website"},"datePublished":"2022-01-19T11:55:26+00:00","dateModified":"2022-02-09T13:01:38+00:00","description":"Vous recherchez des vols \u00e0 bas prix de Nairobi vers Dar es Salam ? Recherchez, comparez et r\u00e9servez en ligne un billet d&#039;avion pas cher de Nairobi \u00e0 Dar es Salam","breadcrumb":{"@id":"https:\/\/tiketi.com\/sw\/flights-nairobi-dar-es-salaam-nbo-dar\/#breadcrumb"},"inLanguage":"fr-FR","potentialAction":[{"@type":"ReadAction","target":["https:\/\/tiketi.com\/sw\/flights-nairobi-dar-es-salaam-nbo-dar\/"]}]},{"@type":"BreadcrumbList","@id":"https:\/\/tiketi.com\/sw\/flights-nairobi-dar-es-salaam-nbo-dar\/#breadcrumb","itemListElement":[{"@type":"ListItem","position":1,"name":"Home","item":"https:\/\/tiketi.com\/"},{"@type":"ListItem","position":2,"name":"Cheap Flights From Nairobi to Dar es Salaam"}]},{"@type":"WebSite","@id":"https:\/\/tiketi.com\/#website","url":"https:\/\/tiketi.com\/","name":"Billets d&#039;avion et de bus, forfaits touristiques et activit\u00e9s - Tiketi.com","description":"Billets d&#039;avion et de bus, Tours, Activit\u00e9s","publisher":{"@id":"https:\/\/tiketi.com\/#organization"},"potentialAction":[{"@type":"SearchAction","target":{"@type":"EntryPoint","urlTemplate":"https:\/\/tiketi.com\/?s={search_term_string}"},"query-input":{"@type":"PropertyValueSpecification","valueRequired":true,"valueName":"search_term_string"}}],"inLanguage":"fr-FR"},{"@type":"Organization","@id":"https:\/\/tiketi.com\/#organization","name":"Tiketi.com","alternateName":"Tiketi","url":"https:\/\/tiketi.com\/","logo":{"@type":"ImageObject","inLanguage":"fr-FR","@id":"https:\/\/tiketi.com\/#\/schema\/logo\/image\/","url":"https:\/\/tiketi.com\/wp-content\/uploads\/2019\/05\/tiketi-logo-696.png","contentUrl":"https:\/\/tiketi.com\/wp-content\/uploads\/2019\/05\/tiketi-logo-696.png","width":696,"height":696,"caption":"Tiketi.com"},"image":{"@id":"https:\/\/tiketi.com\/#\/schema\/logo\/image\/"},"sameAs":["https:\/\/www.facebook.com\/TiketiCom\/"]}]}},"_links":{"self":[{"href":"https:\/\/tiketi.com\/fr-fr\/wp-json\/wp\/v2\/pages\/11949","targetHints":{"allow":["GET"]}}],"collection":[{"href":"https:\/\/tiketi.com\/fr-fr\/wp-json\/wp\/v2\/pages"}],"about":[{"href":"https:\/\/tiketi.com\/fr-fr\/wp-json\/wp\/v2\/types\/page"}],"author":[{"embeddable":true,"href":"https:\/\/tiketi.com\/fr-fr\/wp-json\/wp\/v2\/users\/1"}],"replies":[{"embeddable":true,"href":"https:\/\/tiketi.com\/fr-fr\/wp-json\/wp\/v2\/comments?post=11949"}],"version-history":[{"count":0,"href":"https:\/\/tiketi.com\/fr-fr\/wp-json\/wp\/v2\/pages\/11949\/revisions"}],"wp:attachment":[{"href":"https:\/\/tiketi.com\/fr-fr\/wp-json\/wp\/v2\/media?parent=11949"}],"curies":[{"name":"wp","href":"https:\/\/api.w.org\/{rel}","templated":true}]}}