{"id":11950,"date":"2022-01-19T12:55:26","date_gmt":"2022-01-19T11:55:26","guid":{"rendered":"https:\/\/new.tiketi.com\/cheap-flights-from-nairobi-to-mombasa\/"},"modified":"2022-02-09T15:02:40","modified_gmt":"2022-02-09T14:02:40","slug":"flights-nairobi-mombasa-nbo-mba","status":"publish","type":"page","link":"https:\/\/tiketi.com\/fr-fr\/flights-nairobi-mombasa-nbo-mba\/","title":{"rendered":"Vols pas chers de Nairobi \u00e0 Mombasa"},"content":{"rendered":"<h2>Vous cherchez un billet d&#039;avion pas cher \u00e0 destination de Mombasa ou des offres de derni\u00e8re minute ?<\/h2>\n<h3>Cherchez, comparez et r\u00e9servez un billet d&#039;avion pas cher de Nairobi (NBO) \u00e0 Mombasa (MBA)<span style=\"font-size: 16px;\">\u00a0<\/span>maintenant en ligne.<\/h3>\n<p>R\u00e9servez des vols pas chers de Nairobi \u00e0 Mombasa en ligne et \u00e9conomisez de l&#039;argent sur les billets d&#039;avion. Mombasa est la deuxi\u00e8me plus grande ville du Kenya (apr\u00e8s la capitale, Nairobi) et est influenc\u00e9e par les traditions asiatiques et moyen-orientales en raison de ses liens commerciaux puissants avec ces continents. Mombasa est pleine de surprises, alors pr\u00e9voyez quelques jours pour visiter tout ce que la ville a \u00e0 offrir et r\u00e9servez votre vol Nairobi-Mombasa via Internet. D\u00e9couvrez notre s\u00e9lection des meilleures choses \u00e0 visiter \u00e0 Mombasa, la deuxi\u00e8me plus grande ville du Kenya. Les billets d\u2019avion de Nairobi \u00e0 Mombasa sont facilement accessibles. Comparez les prix et obtenez le tarif le plus bas sur les billets d&#039;avion de Nairobi \u00e0 Mombasa gr\u00e2ce \u00e0 des offres exceptionnelles sur les vols de Nairobi \u00e0 Mombasa en ligne.<\/p>\n<h2>Voici quelques-unes des meilleures attractions de Mombasa<\/h2>\n<p>\u2022 Fort J\u00e9sus<br \/>\n\u2022 Parc Haller<br \/>\n\u2022 Parc national marin de Mombasa<br \/>\n\u2022 Plages de la c\u00f4te nord<br \/>\n\u2022 Vieille ville<br \/>\n\u2022 Plages de la c\u00f4te sud<br \/>\n\u2022 D\u00e9fenses de Mombasa<br \/>\n\u2022 Centre du village Mamba<br \/>\n\u2022 Ateliers et centre culturel Bombolulu<br \/>\n\u2022 un karting \u00e0 Mombasa<\/p>\n<h2>FAQ sur les vols pas chers de Nairobi \u00e0 Mombasa<\/h2>\n<h3>Quelles compagnies a\u00e9riennes proposent des vols pas chers entre Nairobi et Mombasa ?<\/h3>\n<p>Kenya Airways, Five Forty et AirKenya proposent actuellement des vols quotidiens de Nairobi \u00e0 Mombasa, avec une liaison vers l&#039;Afrique de l&#039;Est 5 jours par semaine. Kenya Airways propose quarante-deux pour cent des vols sans escale.<\/p>\n<h3>Combien de temps dure le vol?<\/h3>\n<p>Le vol moyen de Nairobi \u00e0 Mombasa dure 1 heure et 1 minute. Votre vol couvrira une distance d&#039;environ 263 kilom\u00e8tres.<\/p>\n<h3>Quels a\u00e9roports proposent des vols Nairobi - Mombasa ?<\/h3>\n<p>Les visiteurs partiront pour Mombasa depuis l&#039;a\u00e9roport international Jomo Kenyatta de Nairobi, la grande plaque tournante de l&#039;Afrique. \u00c0 pr\u00e8s de 13 km de la ville, elle compte plus de quarante compagnies a\u00e9riennes de passagers et vingt-cinq compagnies a\u00e9riennes de fret.<\/p>\n<h3>Existe-t-il des vols r\u00e9guliers sans escale de Nairobi \u00e0 Mombasa sur cet itin\u00e9raire\u00a0?<\/h3>\n<p>Il existe treize vols sans escale de Nairobi \u00e0 Mombasa, ainsi que 153 vols hebdomadaires sans escale.<\/p>\n<h3>Quel est le billet d&#039;avion le moins cher pour l&#039;itin\u00e9raire Nairobi \u00e0 Mombasa ?<\/h3>\n<p>Kenya Airways propose le meilleur billet d&#039;avion de Nairobi \u00e0 Mombasa.<\/p>\n<h3>Quels sont les codes et noms des a\u00e9roports de Nairobi et de Mombasa ?<\/h3>\n<p>Le nom de l&#039;a\u00e9roport de Mombasa est l&#039;a\u00e9roport international Mombasa Moi, son code est MBA et le nom de l&#039;a\u00e9roport de Nairobi est l&#039;a\u00e9roport international Jomo Kenyatta et son code est NBO.<\/p>\n<h2>Conseils pour les vols de Nairobi \u00e0 Mombasa<\/h2>\n<h2>O\u00f9 rester<\/h2>\n<p>Sur la plage de Bamburi, le Severin Sea Lodge offre un rapport qualit\u00e9-prix incroyable. Ses bungalows au toit de chaume et ses 2 magnifiques piscines surplombent des jardins plant\u00e9s de palmiers. L&#039;h\u00f4tel et club de plage pour voyageurs \u00e0 proximit\u00e9 offre \u00e9galement un excellent rapport qualit\u00e9-prix, avec un service chaleureux et amical. Construites dans les falaises de corail le long de la plage de Nyali, les chambres de l&#039;h\u00f4tel Bahari Beach offrent aux visiteurs une jolie vue gr\u00e2ce \u00e0 de larges portes vitr\u00e9es qui s&#039;ouvrent sur des terrasses ou des balcons. D&#039;un autre c\u00f4t\u00e9, l&#039;h\u00f4tel Kenya Bay Beach offre un rapport qualit\u00e9-prix \u00e9poustouflant, et l&#039;h\u00f4tel Kahama voisin dispose de grandes chambres lumineuses \u00e0 quelques minutes \u00e0 pied des rives de sable blanc.<\/p>","protected":false},"excerpt":{"rendered":"<p>Looking for cheap airline ticket from Nairobi to Mombasa\u00a0or last minute deals? Search, compare and book cheap airline ticket from Nairobi (NBO) to Mombasa (MBA)\u00a0online now. Book cheap flights from Nairobi to Mombasa online and save money on airfare. Mombasa is the second biggest city of Kenya (after the capital, Nairobi), and is influenced by [&hellip;]<\/p>\n","protected":false},"author":1,"featured_media":14041,"parent":0,"menu_order":0,"comment_status":"open","ping_status":"closed","template":"template-home-modern.php","meta":{"footnotes":""},"class_list":["post-11950","page","type-page","status-publish","has-post-thumbnail","hentry"],"yoast_head":"<!-- This site is optimized with the Yoast SEO plugin v27.2 - https:\/\/yoast.com\/product\/yoast-seo-wordpress\/ -->\n<title>Cheap Flights From Nairobi to Mombasa<\/title>\n<meta name=\"description\" content=\"Looking for cheap flights from\u00a0Nairobi to Mombasa? Search, compare and book cheap airline ticket from Nairobi to Mombasa online\" \/>\n<meta name=\"robots\" content=\"index, follow, max-snippet:-1, max-image-preview:large, max-video-preview:-1\" \/>\n<link rel=\"canonical\" href=\"https:\/\/tiketi.com\/fr-fr\/flights-nairobi-mombasa-nbo-mba\/\" \/>\n<meta property=\"og:locale\" content=\"fr_FR\" \/>\n<meta property=\"og:type\" content=\"article\" \/>\n<meta property=\"og:title\" content=\"Cheap Flights From Nairobi to Mombasa\" \/>\n<meta property=\"og:description\" content=\"Looking for cheap flights from\u00a0Nairobi to Mombasa? Search, compare and book cheap airline ticket from Nairobi to Mombasa online\" \/>\n<meta property=\"og:url\" content=\"https:\/\/tiketi.com\/fr-fr\/flights-nairobi-mombasa-nbo-mba\/\" \/>\n<meta property=\"og:site_name\" content=\"Tiketi.com\" \/>\n<meta property=\"article:publisher\" content=\"https:\/\/www.facebook.com\/TiketiCom\/\" \/>\n<meta property=\"article:modified_time\" content=\"2022-02-09T14:02:40+00:00\" \/>\n<meta property=\"og:image\" content=\"https:\/\/tiketi.com\/wp-content\/uploads\/2022\/01\/flight-ticket-booking-sorasak-KxCJXXGsv9I-unsplas.jpg\" \/>\n\t<meta property=\"og:image:width\" content=\"1200\" \/>\n\t<meta property=\"og:image:height\" content=\"240\" \/>\n\t<meta property=\"og:image:type\" content=\"image\/jpeg\" \/>\n<meta name=\"twitter:card\" content=\"summary_large_image\" \/>\n<meta name=\"twitter:label1\" content=\"Dur\u00e9e de lecture estim\u00e9e\" \/>\n\t<meta name=\"twitter:data1\" content=\"3 minutes\" \/>\n<script type=\"application\/ld+json\" class=\"yoast-schema-graph\">{\"@context\":\"https:\/\/schema.org\",\"@graph\":[{\"@type\":\"WebPage\",\"@id\":\"https:\/\/tiketi.com\/flights-nairobi-mombasa-nbo-mba\/\",\"url\":\"https:\/\/tiketi.com\/flights-nairobi-mombasa-nbo-mba\/\",\"name\":\"Cheap Flights From Nairobi to Mombasa\",\"isPartOf\":{\"@id\":\"https:\/\/tiketi.com\/#website\"},\"primaryImageOfPage\":{\"@id\":\"https:\/\/tiketi.com\/flights-nairobi-mombasa-nbo-mba\/#primaryimage\"},\"image\":{\"@id\":\"https:\/\/tiketi.com\/flights-nairobi-mombasa-nbo-mba\/#primaryimage\"},\"thumbnailUrl\":\"https:\/\/tiketi.com\/wp-content\/uploads\/2022\/01\/flight-ticket-booking-sorasak-KxCJXXGsv9I-unsplas.jpg\",\"datePublished\":\"2022-01-19T11:55:26+00:00\",\"dateModified\":\"2022-02-09T14:02:40+00:00\",\"description\":\"Looking for cheap flights from\u00a0Nairobi to Mombasa? Search, compare and book cheap airline ticket from Nairobi to Mombasa online\",\"breadcrumb\":{\"@id\":\"https:\/\/tiketi.com\/flights-nairobi-mombasa-nbo-mba\/#breadcrumb\"},\"inLanguage\":\"fr-FR\",\"potentialAction\":[{\"@type\":\"ReadAction\",\"target\":[\"https:\/\/tiketi.com\/flights-nairobi-mombasa-nbo-mba\/\"]}]},{\"@type\":\"ImageObject\",\"inLanguage\":\"fr-FR\",\"@id\":\"https:\/\/tiketi.com\/flights-nairobi-mombasa-nbo-mba\/#primaryimage\",\"url\":\"https:\/\/tiketi.com\/wp-content\/uploads\/2022\/01\/flight-ticket-booking-sorasak-KxCJXXGsv9I-unsplas.jpg\",\"contentUrl\":\"https:\/\/tiketi.com\/wp-content\/uploads\/2022\/01\/flight-ticket-booking-sorasak-KxCJXXGsv9I-unsplas.jpg\",\"width\":1200,\"height\":240,\"caption\":\"Online flight ticket booking\"},{\"@type\":\"BreadcrumbList\",\"@id\":\"https:\/\/tiketi.com\/flights-nairobi-mombasa-nbo-mba\/#breadcrumb\",\"itemListElement\":[{\"@type\":\"ListItem\",\"position\":1,\"name\":\"Home\",\"item\":\"https:\/\/tiketi.com\/\"},{\"@type\":\"ListItem\",\"position\":2,\"name\":\"Cheap Flights From Nairobi to Mombasa\"}]},{\"@type\":\"WebSite\",\"@id\":\"https:\/\/tiketi.com\/#website\",\"url\":\"https:\/\/tiketi.com\/\",\"name\":\"Flight & Bus Tickets, Tour Packages & Activitites - Tiketi.com\",\"description\":\"Flight &amp; Bus Tickets, Tours, Activitites\",\"publisher\":{\"@id\":\"https:\/\/tiketi.com\/#organization\"},\"potentialAction\":[{\"@type\":\"SearchAction\",\"target\":{\"@type\":\"EntryPoint\",\"urlTemplate\":\"https:\/\/tiketi.com\/?s={search_term_string}\"},\"query-input\":{\"@type\":\"PropertyValueSpecification\",\"valueRequired\":true,\"valueName\":\"search_term_string\"}}],\"inLanguage\":\"fr-FR\"},{\"@type\":\"Organization\",\"@id\":\"https:\/\/tiketi.com\/#organization\",\"name\":\"Tiketi.com\",\"alternateName\":\"Tiketi\",\"url\":\"https:\/\/tiketi.com\/\",\"logo\":{\"@type\":\"ImageObject\",\"inLanguage\":\"fr-FR\",\"@id\":\"https:\/\/tiketi.com\/#\/schema\/logo\/image\/\",\"url\":\"https:\/\/tiketi.com\/wp-content\/uploads\/2019\/05\/tiketi-logo-696.png\",\"contentUrl\":\"https:\/\/tiketi.com\/wp-content\/uploads\/2019\/05\/tiketi-logo-696.png\",\"width\":696,\"height\":696,\"caption\":\"Tiketi.com\"},\"image\":{\"@id\":\"https:\/\/tiketi.com\/#\/schema\/logo\/image\/\"},\"sameAs\":[\"https:\/\/www.facebook.com\/TiketiCom\/\"]}]}<\/script>\n<!-- \/ Yoast SEO plugin. -->","yoast_head_json":{"title":"Vols pas chers de Nairobi \u00e0 Mombasa","description":"Vous recherchez des vols \u00e0 bas prix au Nairobi vers Mombasa? Recherchez, comparez et r\u00e9servez un billet d&#039;avion pas cher de Nairobi \u00e0 Mombasa en ligne","robots":{"index":"index","follow":"follow","max-snippet":"max-snippet:-1","max-image-preview":"max-image-preview:large","max-video-preview":"max-video-preview:-1"},"canonical":"https:\/\/tiketi.com\/fr-fr\/flights-nairobi-mombasa-nbo-mba\/","og_locale":"fr_FR","og_type":"article","og_title":"Cheap Flights From Nairobi to Mombasa","og_description":"Looking for cheap flights from\u00a0Nairobi to Mombasa? Search, compare and book cheap airline ticket from Nairobi to Mombasa online","og_url":"https:\/\/tiketi.com\/fr-fr\/flights-nairobi-mombasa-nbo-mba\/","og_site_name":"Tiketi.com","article_publisher":"https:\/\/www.facebook.com\/TiketiCom\/","article_modified_time":"2022-02-09T14:02:40+00:00","og_image":[{"width":1200,"height":240,"url":"https:\/\/tiketi.com\/wp-content\/uploads\/2022\/01\/flight-ticket-booking-sorasak-KxCJXXGsv9I-unsplas.jpg","type":"image\/jpeg"}],"twitter_card":"summary_large_image","twitter_misc":{"Dur\u00e9e de lecture estim\u00e9e":"3 minutes"},"schema":{"@context":"https:\/\/schema.org","@graph":[{"@type":"WebPage","@id":"https:\/\/tiketi.com\/flights-nairobi-mombasa-nbo-mba\/","url":"https:\/\/tiketi.com\/flights-nairobi-mombasa-nbo-mba\/","name":"Vols pas chers de Nairobi \u00e0 Mombasa","isPartOf":{"@id":"https:\/\/tiketi.com\/#website"},"primaryImageOfPage":{"@id":"https:\/\/tiketi.com\/flights-nairobi-mombasa-nbo-mba\/#primaryimage"},"image":{"@id":"https:\/\/tiketi.com\/flights-nairobi-mombasa-nbo-mba\/#primaryimage"},"thumbnailUrl":"https:\/\/tiketi.com\/wp-content\/uploads\/2022\/01\/flight-ticket-booking-sorasak-KxCJXXGsv9I-unsplas.jpg","datePublished":"2022-01-19T11:55:26+00:00","dateModified":"2022-02-09T14:02:40+00:00","description":"Vous recherchez des vols \u00e0 bas prix au Nairobi vers Mombasa? Recherchez, comparez et r\u00e9servez un billet d&#039;avion pas cher de Nairobi \u00e0 Mombasa en ligne","breadcrumb":{"@id":"https:\/\/tiketi.com\/flights-nairobi-mombasa-nbo-mba\/#breadcrumb"},"inLanguage":"fr-FR","potentialAction":[{"@type":"ReadAction","target":["https:\/\/tiketi.com\/flights-nairobi-mombasa-nbo-mba\/"]}]},{"@type":"ImageObject","inLanguage":"fr-FR","@id":"https:\/\/tiketi.com\/flights-nairobi-mombasa-nbo-mba\/#primaryimage","url":"https:\/\/tiketi.com\/wp-content\/uploads\/2022\/01\/flight-ticket-booking-sorasak-KxCJXXGsv9I-unsplas.jpg","contentUrl":"https:\/\/tiketi.com\/wp-content\/uploads\/2022\/01\/flight-ticket-booking-sorasak-KxCJXXGsv9I-unsplas.jpg","width":1200,"height":240,"caption":"Online flight ticket booking"},{"@type":"BreadcrumbList","@id":"https:\/\/tiketi.com\/flights-nairobi-mombasa-nbo-mba\/#breadcrumb","itemListElement":[{"@type":"ListItem","position":1,"name":"Home","item":"https:\/\/tiketi.com\/"},{"@type":"ListItem","position":2,"name":"Cheap Flights From Nairobi to Mombasa"}]},{"@type":"WebSite","@id":"https:\/\/tiketi.com\/#website","url":"https:\/\/tiketi.com\/","name":"Billets d&#039;avion et de bus, forfaits touristiques et activit\u00e9s - Tiketi.com","description":"Billets d&#039;avion et de bus, Tours, Activit\u00e9s","publisher":{"@id":"https:\/\/tiketi.com\/#organization"},"potentialAction":[{"@type":"SearchAction","target":{"@type":"EntryPoint","urlTemplate":"https:\/\/tiketi.com\/?s={search_term_string}"},"query-input":{"@type":"PropertyValueSpecification","valueRequired":true,"valueName":"search_term_string"}}],"inLanguage":"fr-FR"},{"@type":"Organization","@id":"https:\/\/tiketi.com\/#organization","name":"Tiketi.com","alternateName":"Tiketi","url":"https:\/\/tiketi.com\/","logo":{"@type":"ImageObject","inLanguage":"fr-FR","@id":"https:\/\/tiketi.com\/#\/schema\/logo\/image\/","url":"https:\/\/tiketi.com\/wp-content\/uploads\/2019\/05\/tiketi-logo-696.png","contentUrl":"https:\/\/tiketi.com\/wp-content\/uploads\/2019\/05\/tiketi-logo-696.png","width":696,"height":696,"caption":"Tiketi.com"},"image":{"@id":"https:\/\/tiketi.com\/#\/schema\/logo\/image\/"},"sameAs":["https:\/\/www.facebook.com\/TiketiCom\/"]}]}},"_links":{"self":[{"href":"https:\/\/tiketi.com\/fr-fr\/wp-json\/wp\/v2\/pages\/11950","targetHints":{"allow":["GET"]}}],"collection":[{"href":"https:\/\/tiketi.com\/fr-fr\/wp-json\/wp\/v2\/pages"}],"about":[{"href":"https:\/\/tiketi.com\/fr-fr\/wp-json\/wp\/v2\/types\/page"}],"author":[{"embeddable":true,"href":"https:\/\/tiketi.com\/fr-fr\/wp-json\/wp\/v2\/users\/1"}],"replies":[{"embeddable":true,"href":"https:\/\/tiketi.com\/fr-fr\/wp-json\/wp\/v2\/comments?post=11950"}],"version-history":[{"count":0,"href":"https:\/\/tiketi.com\/fr-fr\/wp-json\/wp\/v2\/pages\/11950\/revisions"}],"wp:featuredmedia":[{"embeddable":true,"href":"https:\/\/tiketi.com\/fr-fr\/wp-json\/wp\/v2\/media\/14041"}],"wp:attachment":[{"href":"https:\/\/tiketi.com\/fr-fr\/wp-json\/wp\/v2\/media?parent=11950"}],"curies":[{"name":"wp","href":"https:\/\/api.w.org\/{rel}","templated":true}]}}