{"id":11951,"date":"2022-01-19T12:55:26","date_gmt":"2022-01-19T11:55:26","guid":{"rendered":"https:\/\/new.tiketi.com\/cheap-flights-from-dar-es-salaam-to-dubai\/"},"modified":"2022-09-14T14:00:45","modified_gmt":"2022-09-14T13:00:45","slug":"dar-es-salaam-to-dubai-dar-dxb","status":"publish","type":"page","link":"https:\/\/tiketi.com\/fr-fr\/cheap-flights\/dar-es-salaam-to-dubai-dar-dxb\/","title":{"rendered":"Vols \u00e0 bas prix de Dar es Salam \u00e0 Duba\u00ef"},"content":{"rendered":"<h2>Vous recherchez un billet d&#039;avion pas cher de Dar es Salam \u00e0 Duba\u00ef ou des offres de derni\u00e8re minute ?<\/h2>\n<h3>Recherchez, comparez et r\u00e9servez en ligne maintenant un billet d&#039;avion pas cher entre Dar es Salam (DAR) et Duba\u00ef (DXB).<\/h3>\n<p>Recherchez, comparez et r\u00e9servez en ligne des vols pas chers de Dar es Salam \u00e0 Duba\u00ef et gagnez du temps et de l&#039;argent. Duba\u00ef se classe en t\u00eate d&#039;une liste des lieux incontournables du globe. La ville est un tr\u00e9sor pour les visiteurs, combinant l&#039;histoire et la mystique du d\u00e9sert d&#039;Arabie avec les commodit\u00e9s \u00e9tincelantes d&#039;une m\u00e9tropole r\u00e9cente. Alors qu&#039;attendez-vous pour r\u00e9server d\u00e8s maintenant des offres exceptionnelles sur les billets d&#039;avion de Dar es Salam \u00e0 Duba\u00ef et \u00e9conomiser gros sur vos vols de Dar es Salam \u00e0 Duba\u00ef.<\/p>\n<p>Les meilleures attractions des Emirats sont un endroit remarquable pour commencer lors de la planification d&#039;une visite \u00e0 Duba\u00ef. Bien que de nombreuses villes soient sur le point de rivaliser avec sa gamme de meilleures attractions impressionnantes, peu ont \u00e9t\u00e9 capables de surpasser le nombre de points de vente et de types de sites Web que le petit Emirates a \u00e0 offrir.<\/p>\n<h2>FAQ sur les vols pas chers de Dar es Salaam \u00e0 Duba\u00ef<\/h2>\n<h3>Quelles compagnies a\u00e9riennes op\u00e8rent des vols Dar es Salam - Duba\u00ef ?<\/h3>\n<p>Il n&#039;y a pas de vols directs entre Dar es Salaam et Duba\u00ef.<\/p>\n<h3>Combien de temps dure le vol Dar es Salam-Duba\u00ef ?<\/h3>\n<p>En vol direct, pensez \u00e0 voler pendant environ six heures. La distance parcourue est d&#039;environ 2474 kilom\u00e8tres.<\/p>\n<h3>Quelle est la compagnie a\u00e9rienne la moins ch\u00e8re sur un billet d&#039;avion Dar es Salam vers Duba\u00ef ?<\/h3>\n<p>Oman Air offre le billet d&#039;avion le moins cher de Dar es Salaam \u00e0 Duba\u00ef.<\/p>\n<h3>Quelle est la compagnie a\u00e9rienne pr\u00e9f\u00e9r\u00e9e de Dar es Salam \u00e0 Duba\u00ef ?<\/h3>\n<p>Rwandair Express, Oman Air, Kenya Airways, Egyptair sont les compagnies a\u00e9riennes pr\u00e9f\u00e9r\u00e9es sur les vols Dar es Salaam vers Duba\u00ef.<\/p>\n<h3>Mieux vaut r\u00e9server des billets d&#039;avion pas chers de Dar es Salaam \u00e0 Duba\u00ef?<\/h3>\n<p>G\u00e9n\u00e9ralement, le meilleur moment pour r\u00e9server des billets d&#039;avion pas chers de Dar es Salam \u00e0 Duba\u00ef est 2 mois \u00e0 l&#039;avance. Et les jours abordables pour voler sont les samedis, mercredis et mardis. Le dimanche est le plus cher.<\/p>\n<h3>Quelle est la dur\u00e9e du vol Dar es Salaam \u00e0 Duba\u00ef ?<\/h3>\n<p>Le temps de vol sans escale de Dar es Salaam \u00e0 Duba\u00ef est d&#039;environ cinq heures et quarante-cinq minutes.<\/p>\n<h2>Conseils sur les vols entre Dar es Salam et Duba\u00ef<\/h2>\n<p>Si vous et votre famille recherchez les meilleures choses \u00e0 faire \u00e0 Duba\u00ef pendant votre voyage, consultez notre liste de certaines des principales attractions, notamment\u00a0:<\/p>\n<p>\u2022 Burj Khalifa<br \/>\n\u2022 Parc aquatique Aquaventure<br \/>\n\u2022 Safari royal arabe au Sahara Desert Resort<br \/>\n\u2022 Le centre commercial de Duba\u00ef<br \/>\n\u2022 Jardin Miracle de Duba\u00ef<br \/>\n\u2022 Dolphinarium de Duba\u00ef<br \/>\n\u2022 Souk de l&#039;or de Duba\u00ef<br \/>\n\u2022 KidZania<br \/>\n\u2022 Motiongate Duba\u00ef<br \/>\n\u2022 For\u00eat tropicale int\u00e9rieure Green Planet<br \/>\n\u2022 Ski Duba\u00ef<\/p>\n<h2>O\u00f9 rester<\/h2>\n<p>Si vous surveillez votre porte-monnaie, une option d&#039;h\u00f4tel \u00e9conomique c\u00e9l\u00e8bre est lbis Mall of the Emirates, \u00e0 c\u00f4t\u00e9 de son centre commercial homonyme avec Ski Dubai. Il est \u00e9galement proche d&#039;une station de m\u00e9tro et \u00e0 environ treize minutes en v\u00e9hicule de Burj Khalifa. Egalement proche d&#039;une station de m\u00e9tro, l&#039;Ibis Al Rigga est proche de l&#039;a\u00e9roport international.<\/p>","protected":false},"excerpt":{"rendered":"<p>Looking for cheap airline ticket from Dar es Salaam to Dubai\u00a0or last minute deals? Search, compare and book cheap airline ticket from Dar es Salaam (DAR) to Dubai (DXB) online now. Search, compare and book cheap flights from Dar es Salaam to Dubai online and save time and money. Dubai ranks at the top of [&hellip;]<\/p>\n","protected":false},"author":1,"featured_media":14041,"parent":23264,"menu_order":0,"comment_status":"open","ping_status":"closed","template":"template-home-modern.php","meta":{"footnotes":""},"class_list":["post-11951","page","type-page","status-publish","has-post-thumbnail","hentry"],"yoast_head":"<!-- This site is optimized with the Yoast SEO plugin v27.3 - https:\/\/yoast.com\/product\/yoast-seo-wordpress\/ -->\n<title>Cheap Flights From Dar es Salaam to Dubai<\/title>\n<meta name=\"description\" content=\"Looking for cheap flights from\u00a0Dar es Salaam to Dubai? Search, compare and book cheap airline ticket from Dar es Salaam to Dubai online\" \/>\n<meta name=\"robots\" content=\"index, follow, max-snippet:-1, max-image-preview:large, max-video-preview:-1\" \/>\n<link rel=\"canonical\" href=\"https:\/\/tiketi.com\/fr-fr\/nauli-ndege\/dar-es-salaam-kwenda-dubai-dar-dxb\/\" \/>\n<meta property=\"og:locale\" content=\"fr_FR\" \/>\n<meta property=\"og:type\" content=\"article\" \/>\n<meta property=\"og:title\" content=\"Cheap Flights From Dar es Salaam to Dubai\" \/>\n<meta property=\"og:description\" content=\"Looking for cheap flights from\u00a0Dar es Salaam to Dubai? Search, compare and book cheap airline ticket from Dar es Salaam to Dubai online\" \/>\n<meta property=\"og:url\" content=\"https:\/\/tiketi.com\/fr-fr\/nauli-ndege\/dar-es-salaam-kwenda-dubai-dar-dxb\/\" \/>\n<meta property=\"og:site_name\" content=\"Tiketi.com\" \/>\n<meta property=\"article:publisher\" content=\"https:\/\/www.facebook.com\/TiketiCom\/\" \/>\n<meta property=\"article:modified_time\" content=\"2022-09-14T13:00:45+00:00\" \/>\n<meta property=\"og:image\" content=\"https:\/\/tiketi.com\/wp-content\/uploads\/2022\/01\/flight-ticket-booking-sorasak-KxCJXXGsv9I-unsplas.jpg\" \/>\n\t<meta property=\"og:image:width\" content=\"1200\" \/>\n\t<meta property=\"og:image:height\" content=\"240\" \/>\n\t<meta property=\"og:image:type\" content=\"image\/jpeg\" \/>\n<meta name=\"twitter:card\" content=\"summary_large_image\" \/>\n<meta name=\"twitter:label1\" content=\"Dur\u00e9e de lecture estim\u00e9e\" \/>\n\t<meta name=\"twitter:data1\" content=\"3 minutes\" \/>\n<script type=\"application\/ld+json\" class=\"yoast-schema-graph\">{\"@context\":\"https:\\\/\\\/schema.org\",\"@graph\":[{\"@type\":\"WebPage\",\"@id\":\"https:\\\/\\\/tiketi.com\\\/sw\\\/nauli-ndege\\\/dar-es-salaam-kwenda-dubai-dar-dxb\\\/\",\"url\":\"https:\\\/\\\/tiketi.com\\\/sw\\\/nauli-ndege\\\/dar-es-salaam-kwenda-dubai-dar-dxb\\\/\",\"name\":\"Cheap Flights From Dar es Salaam to Dubai\",\"isPartOf\":{\"@id\":\"https:\\\/\\\/tiketi.com\\\/#website\"},\"primaryImageOfPage\":{\"@id\":\"https:\\\/\\\/tiketi.com\\\/sw\\\/nauli-ndege\\\/dar-es-salaam-kwenda-dubai-dar-dxb\\\/#primaryimage\"},\"image\":{\"@id\":\"https:\\\/\\\/tiketi.com\\\/sw\\\/nauli-ndege\\\/dar-es-salaam-kwenda-dubai-dar-dxb\\\/#primaryimage\"},\"thumbnailUrl\":\"https:\\\/\\\/tiketi.com\\\/wp-content\\\/uploads\\\/2022\\\/01\\\/flight-ticket-booking-sorasak-KxCJXXGsv9I-unsplas.jpg\",\"datePublished\":\"2022-01-19T11:55:26+00:00\",\"dateModified\":\"2022-09-14T13:00:45+00:00\",\"description\":\"Looking for cheap flights from\u00a0Dar es Salaam to Dubai? Search, compare and book cheap airline ticket from Dar es Salaam to Dubai online\",\"breadcrumb\":{\"@id\":\"https:\\\/\\\/tiketi.com\\\/sw\\\/nauli-ndege\\\/dar-es-salaam-kwenda-dubai-dar-dxb\\\/#breadcrumb\"},\"inLanguage\":\"fr-FR\",\"potentialAction\":[{\"@type\":\"ReadAction\",\"target\":[\"https:\\\/\\\/tiketi.com\\\/sw\\\/nauli-ndege\\\/dar-es-salaam-kwenda-dubai-dar-dxb\\\/\"]}]},{\"@type\":\"ImageObject\",\"inLanguage\":\"fr-FR\",\"@id\":\"https:\\\/\\\/tiketi.com\\\/sw\\\/nauli-ndege\\\/dar-es-salaam-kwenda-dubai-dar-dxb\\\/#primaryimage\",\"url\":\"https:\\\/\\\/tiketi.com\\\/wp-content\\\/uploads\\\/2022\\\/01\\\/flight-ticket-booking-sorasak-KxCJXXGsv9I-unsplas.jpg\",\"contentUrl\":\"https:\\\/\\\/tiketi.com\\\/wp-content\\\/uploads\\\/2022\\\/01\\\/flight-ticket-booking-sorasak-KxCJXXGsv9I-unsplas.jpg\",\"width\":1200,\"height\":240,\"caption\":\"Online flight ticket booking\"},{\"@type\":\"BreadcrumbList\",\"@id\":\"https:\\\/\\\/tiketi.com\\\/sw\\\/nauli-ndege\\\/dar-es-salaam-kwenda-dubai-dar-dxb\\\/#breadcrumb\",\"itemListElement\":[{\"@type\":\"ListItem\",\"position\":1,\"name\":\"Home\",\"item\":\"https:\\\/\\\/tiketi.com\\\/\"},{\"@type\":\"ListItem\",\"position\":2,\"name\":\"Cheap Flights\",\"item\":\"https:\\\/\\\/tiketi.com\\\/cheap-flights\\\/\"},{\"@type\":\"ListItem\",\"position\":3,\"name\":\"Cheap Flights From Dar es Salaam to Dubai\"}]},{\"@type\":\"WebSite\",\"@id\":\"https:\\\/\\\/tiketi.com\\\/#website\",\"url\":\"https:\\\/\\\/tiketi.com\\\/\",\"name\":\"Flight & Bus Tickets, Tour Packages & Activitites - Tiketi.com\",\"description\":\"Flight &amp; Bus Tickets, Tours, Activitites\",\"publisher\":{\"@id\":\"https:\\\/\\\/tiketi.com\\\/#organization\"},\"potentialAction\":[{\"@type\":\"SearchAction\",\"target\":{\"@type\":\"EntryPoint\",\"urlTemplate\":\"https:\\\/\\\/tiketi.com\\\/?s={search_term_string}\"},\"query-input\":{\"@type\":\"PropertyValueSpecification\",\"valueRequired\":true,\"valueName\":\"search_term_string\"}}],\"inLanguage\":\"fr-FR\"},{\"@type\":\"Organization\",\"@id\":\"https:\\\/\\\/tiketi.com\\\/#organization\",\"name\":\"Tiketi.com\",\"alternateName\":\"Tiketi\",\"url\":\"https:\\\/\\\/tiketi.com\\\/\",\"logo\":{\"@type\":\"ImageObject\",\"inLanguage\":\"fr-FR\",\"@id\":\"https:\\\/\\\/tiketi.com\\\/#\\\/schema\\\/logo\\\/image\\\/\",\"url\":\"https:\\\/\\\/tiketi.com\\\/wp-content\\\/uploads\\\/2019\\\/05\\\/tiketi-logo-696.png\",\"contentUrl\":\"https:\\\/\\\/tiketi.com\\\/wp-content\\\/uploads\\\/2019\\\/05\\\/tiketi-logo-696.png\",\"width\":696,\"height\":696,\"caption\":\"Tiketi.com\"},\"image\":{\"@id\":\"https:\\\/\\\/tiketi.com\\\/#\\\/schema\\\/logo\\\/image\\\/\"},\"sameAs\":[\"https:\\\/\\\/www.facebook.com\\\/TiketiCom\\\/\"]}]}<\/script>\n<!-- \/ Yoast SEO plugin. -->","yoast_head_json":{"title":"Vols \u00e0 bas prix de Dar es Salam \u00e0 Duba\u00ef","description":"Vous recherchez des vols pas chers de Dar es Salam \u00e0 Duba\u00ef ? Recherchez, comparez et r\u00e9servez en ligne un billet d&#039;avion pas cher de Dar es Salam \u00e0 Duba\u00ef","robots":{"index":"index","follow":"follow","max-snippet":"max-snippet:-1","max-image-preview":"max-image-preview:large","max-video-preview":"max-video-preview:-1"},"canonical":"https:\/\/tiketi.com\/fr-fr\/nauli-ndege\/dar-es-salaam-kwenda-dubai-dar-dxb\/","og_locale":"fr_FR","og_type":"article","og_title":"Cheap Flights From Dar es Salaam to Dubai","og_description":"Looking for cheap flights from\u00a0Dar es Salaam to Dubai? Search, compare and book cheap airline ticket from Dar es Salaam to Dubai online","og_url":"https:\/\/tiketi.com\/fr-fr\/nauli-ndege\/dar-es-salaam-kwenda-dubai-dar-dxb\/","og_site_name":"Tiketi.com","article_publisher":"https:\/\/www.facebook.com\/TiketiCom\/","article_modified_time":"2022-09-14T13:00:45+00:00","og_image":[{"width":1200,"height":240,"url":"https:\/\/tiketi.com\/wp-content\/uploads\/2022\/01\/flight-ticket-booking-sorasak-KxCJXXGsv9I-unsplas.jpg","type":"image\/jpeg"}],"twitter_card":"summary_large_image","twitter_misc":{"Dur\u00e9e de lecture estim\u00e9e":"3 minutes"},"schema":{"@context":"https:\/\/schema.org","@graph":[{"@type":"WebPage","@id":"https:\/\/tiketi.com\/sw\/nauli-ndege\/dar-es-salaam-kwenda-dubai-dar-dxb\/","url":"https:\/\/tiketi.com\/sw\/nauli-ndege\/dar-es-salaam-kwenda-dubai-dar-dxb\/","name":"Vols \u00e0 bas prix de Dar es Salam \u00e0 Duba\u00ef","isPartOf":{"@id":"https:\/\/tiketi.com\/#website"},"primaryImageOfPage":{"@id":"https:\/\/tiketi.com\/sw\/nauli-ndege\/dar-es-salaam-kwenda-dubai-dar-dxb\/#primaryimage"},"image":{"@id":"https:\/\/tiketi.com\/sw\/nauli-ndege\/dar-es-salaam-kwenda-dubai-dar-dxb\/#primaryimage"},"thumbnailUrl":"https:\/\/tiketi.com\/wp-content\/uploads\/2022\/01\/flight-ticket-booking-sorasak-KxCJXXGsv9I-unsplas.jpg","datePublished":"2022-01-19T11:55:26+00:00","dateModified":"2022-09-14T13:00:45+00:00","description":"Vous recherchez des vols pas chers de Dar es Salam \u00e0 Duba\u00ef ? Recherchez, comparez et r\u00e9servez en ligne un billet d&#039;avion pas cher de Dar es Salam \u00e0 Duba\u00ef","breadcrumb":{"@id":"https:\/\/tiketi.com\/sw\/nauli-ndege\/dar-es-salaam-kwenda-dubai-dar-dxb\/#breadcrumb"},"inLanguage":"fr-FR","potentialAction":[{"@type":"ReadAction","target":["https:\/\/tiketi.com\/sw\/nauli-ndege\/dar-es-salaam-kwenda-dubai-dar-dxb\/"]}]},{"@type":"ImageObject","inLanguage":"fr-FR","@id":"https:\/\/tiketi.com\/sw\/nauli-ndege\/dar-es-salaam-kwenda-dubai-dar-dxb\/#primaryimage","url":"https:\/\/tiketi.com\/wp-content\/uploads\/2022\/01\/flight-ticket-booking-sorasak-KxCJXXGsv9I-unsplas.jpg","contentUrl":"https:\/\/tiketi.com\/wp-content\/uploads\/2022\/01\/flight-ticket-booking-sorasak-KxCJXXGsv9I-unsplas.jpg","width":1200,"height":240,"caption":"Online flight ticket booking"},{"@type":"BreadcrumbList","@id":"https:\/\/tiketi.com\/sw\/nauli-ndege\/dar-es-salaam-kwenda-dubai-dar-dxb\/#breadcrumb","itemListElement":[{"@type":"ListItem","position":1,"name":"Home","item":"https:\/\/tiketi.com\/"},{"@type":"ListItem","position":2,"name":"Cheap Flights","item":"https:\/\/tiketi.com\/cheap-flights\/"},{"@type":"ListItem","position":3,"name":"Cheap Flights From Dar es Salaam to Dubai"}]},{"@type":"WebSite","@id":"https:\/\/tiketi.com\/#website","url":"https:\/\/tiketi.com\/","name":"Billets d&#039;avion et de bus, forfaits touristiques et activit\u00e9s - Tiketi.com","description":"Billets d&#039;avion et de bus, Tours, Activit\u00e9s","publisher":{"@id":"https:\/\/tiketi.com\/#organization"},"potentialAction":[{"@type":"SearchAction","target":{"@type":"EntryPoint","urlTemplate":"https:\/\/tiketi.com\/?s={search_term_string}"},"query-input":{"@type":"PropertyValueSpecification","valueRequired":true,"valueName":"search_term_string"}}],"inLanguage":"fr-FR"},{"@type":"Organization","@id":"https:\/\/tiketi.com\/#organization","name":"Tiketi.com","alternateName":"Tiketi","url":"https:\/\/tiketi.com\/","logo":{"@type":"ImageObject","inLanguage":"fr-FR","@id":"https:\/\/tiketi.com\/#\/schema\/logo\/image\/","url":"https:\/\/tiketi.com\/wp-content\/uploads\/2019\/05\/tiketi-logo-696.png","contentUrl":"https:\/\/tiketi.com\/wp-content\/uploads\/2019\/05\/tiketi-logo-696.png","width":696,"height":696,"caption":"Tiketi.com"},"image":{"@id":"https:\/\/tiketi.com\/#\/schema\/logo\/image\/"},"sameAs":["https:\/\/www.facebook.com\/TiketiCom\/"]}]}},"_links":{"self":[{"href":"https:\/\/tiketi.com\/fr-fr\/wp-json\/wp\/v2\/pages\/11951","targetHints":{"allow":["GET"]}}],"collection":[{"href":"https:\/\/tiketi.com\/fr-fr\/wp-json\/wp\/v2\/pages"}],"about":[{"href":"https:\/\/tiketi.com\/fr-fr\/wp-json\/wp\/v2\/types\/page"}],"author":[{"embeddable":true,"href":"https:\/\/tiketi.com\/fr-fr\/wp-json\/wp\/v2\/users\/1"}],"replies":[{"embeddable":true,"href":"https:\/\/tiketi.com\/fr-fr\/wp-json\/wp\/v2\/comments?post=11951"}],"version-history":[{"count":0,"href":"https:\/\/tiketi.com\/fr-fr\/wp-json\/wp\/v2\/pages\/11951\/revisions"}],"up":[{"embeddable":true,"href":"https:\/\/tiketi.com\/fr-fr\/wp-json\/wp\/v2\/pages\/23264"}],"wp:featuredmedia":[{"embeddable":true,"href":"https:\/\/tiketi.com\/fr-fr\/wp-json\/wp\/v2\/media\/14041"}],"wp:attachment":[{"href":"https:\/\/tiketi.com\/fr-fr\/wp-json\/wp\/v2\/media?parent=11951"}],"curies":[{"name":"wp","href":"https:\/\/api.w.org\/{rel}","templated":true}]}}