{"id":11952,"date":"2022-01-19T12:55:26","date_gmt":"2022-01-19T11:55:26","guid":{"rendered":"https:\/\/new.tiketi.com\/cheap-flights-from-dar-es-salaam-to-arusha\/"},"modified":"2022-09-14T15:29:12","modified_gmt":"2022-09-14T14:29:12","slug":"dar-es-salaam-to-arusha-dar-ark","status":"publish","type":"page","link":"https:\/\/tiketi.com\/fr-fr\/cheap-flights\/dar-es-salaam-to-arusha-dar-ark\/","title":{"rendered":"Vols \u00e0 bas prix de Dar es Salam \u00e0 Arusha"},"content":{"rendered":"<h2>Vous recherchez un billet d&#039;avion pas cher de Dar es Salam \u00e0 Arusha ou des offres de derni\u00e8re minute ?<\/h2>\n<h3>Recherchez, comparez et r\u00e9servez en ligne maintenant un billet d&#039;avion pas cher entre Dar es Salam (DAR) et Arusha (ARK).<\/h3>\n<p>R\u00e9servez en ligne des vols \u00e0 bas prix de Dar es Salam \u00e0 Arusha et \u00e9conomisez du temps et de l&#039;argent. La ville \u00e9tonnante est nich\u00e9e au pied du mont Meru et sert de base accessible pour des safaris dans diff\u00e9rentes atmosph\u00e8res naturelles de ce pays d&#039;Afrique de l&#039;Est. Arusha est c\u00e9l\u00e8bre pour son mode de vie d\u00e9contract\u00e9, son environnement relaxant, ses paysages magnifiques et son large \u00e9ventail d&#039;attractions. Cette petite ville anim\u00e9e a quelque chose de remarquable \u00e0 offrir \u00e0 chacun - les meilleurs restaurants, les attractions culturelles et les merveilleuses aventures invitent tous ceux qui recherchent une exp\u00e9rience de voyage \u00e9poustouflante en Tanzanie. Nous avons rassembl\u00e9 une liste des meilleurs endroits \u00e0 visiter \u00e0 Arusha lors de vos prochaines vacances en Afrique de l&#039;Est. Alors r\u00e9servez des offres exceptionnelles sur les billets d&#039;avion de Dar es Salam \u00e0 Arusha au meilleur prix et volez de Dar es Salam \u00e0 Arusha \u00e0 bas prix.<\/p>\n<h2>FAQ sur les vols pas chers de Dar es Salam \u00e0 Arusha<\/h2>\n<h3>Combien de vols de Dar es Salaam \u00e0 Arusha sont accessibles chaque semaine ?<\/h3>\n<p>Quatre-vingt-quatre vols hebdomadaires de Dar Salaam \u00e0 Arusha.<\/p>\n<h3>Combien de compagnies a\u00e9riennes op\u00e8rent des vols Dar es Salam - Arusha ?<\/h3>\n<p>Cinq compagnies a\u00e9riennes desservent Dar es Salaam \u00e0 Arusha.<\/p>\n<h3>Quelle est la dur\u00e9e des vols directs Dar es Salaam \u00e0 Arusha ?<\/h3>\n<p>Un vol direct de Dar es Salaam \u00e0 Arusha prend g\u00e9n\u00e9ralement une heure et vingt minutes pour couvrir la zone de 302 milles. Les vols les plus longs sur cette voie durent g\u00e9n\u00e9ralement une heure cinquante minutes, et en moyenne une heure trente-huit minutes.<\/p>\n<h3>Quelle est la compagnie a\u00e9rienne la plus c\u00e9l\u00e8bre pour les vols sans escale de Dar es Salam \u00e0 Arusha ?<\/h3>\n<p>Precisionair assure quarante des vols sans escale entre Dar es Salaam et Arusha.<\/p>\n<h3>Le meilleur moment pour r\u00e9server un billet d&#039;avion de Dar es Salam \u00e0 Arusha ?<\/h3>\n<p>G\u00e9n\u00e9ralement, le meilleur moment pour r\u00e9server un billet d&#039;avion de Dar es Salaam \u00e0 Arusha est de 2 mois \u00e0 l&#039;avance. Et les jours abordables pour voler sont le mercredi, le mardi, le samedi et le dimanche est le plus cher.<\/p>\n<h3>Quelle est la distance de vol entre Dar es Salam et Arusha?<\/h3>\n<p>La distance de vol entre Dar es Salam et Arusha est de 470km .<\/p>\n<h2>Conseils sur les vols Dar es Salaam - Arusha<\/h2>\n<h3>Voici quelques-unes des meilleures attractions de la ville d&#039;Arusha :<\/h3>\n<p>\u2022 Trouvez votre torr\u00e9faction id\u00e9ale<br \/>\n\u2022 Concevoir un chef-d&#039;\u0153uvre perl\u00e9<br \/>\n\u2022 Mus\u00e9e d&#039;histoire naturelle<br \/>\n\u2022 Bejewel vous-m\u00eame<br \/>\n\u2022 Africaf\u00e9<br \/>\n\u2022 March\u00e9 de Kilombero<br \/>\n\u2022 Via Via Caf\u00e9<br \/>\n\u2022 Lac Duluti<br \/>\n\u2022 Parc national d&#039;Arusha<\/p>\n<h2>O\u00f9 manger<\/h2>\n<p>Arusha a une gamme toujours croissante de restaurants servant une cuisine internationale et locale. Certains sont discut\u00e9s ci-dessous:<\/p>\n<p>Kilimanjaro Spur : La c\u00e9l\u00e8bre cha\u00eene sud-africaine de steakhouse est pr\u00e9sente ici \u00e0 Arusha, et c&#039;est le meilleur pari si vous recherchez un burrito, un hamburger ou une coupe de viande \u00e9paisse.<\/p>\n<p>Le Patio: Avec des guirlandes lumineuses drap\u00e9es sur les arbres et un feu de joie rugissant, Le Patio n&#039;est pas seulement l&#039;un des endroits pr\u00e9f\u00e9r\u00e9s d&#039;Arusha pour danser, mais sert \u00e9galement une meilleure gamme de cuisine internationale, notamment des fish &amp; chips, des hamburgers, des pizzas et des p\u00e2tes.<\/p>\n<p>&nbsp;<\/p>","protected":false},"excerpt":{"rendered":"<p>Looking for cheap airline ticket from Dar es Salaam to Arusha&nbsp;or last minute deals? Search, compare and book cheap airline ticket from Dar es Salaam (DAR) to Arusha (ARK) online now. Book cheap flights from Dar es Salaam to Arusha online and save time and money. The amazing town is nestled at the foot of [&hellip;]<\/p>\n","protected":false},"author":1,"featured_media":14041,"parent":23264,"menu_order":0,"comment_status":"open","ping_status":"closed","template":"template-home-modern.php","meta":{"footnotes":""},"class_list":["post-11952","page","type-page","status-publish","has-post-thumbnail","hentry"],"yoast_head":"<!-- This site is optimized with the Yoast SEO plugin v27.3 - https:\/\/yoast.com\/product\/yoast-seo-wordpress\/ -->\n<title>Cheap Flights From Dar es Salaam to Arusha<\/title>\n<meta name=\"description\" content=\"Looking for cheap flights from\u00a0Dar es Salaam to Arusha? Search, compare and book cheap airline ticket from Dar es Salaam to Arusha online\" \/>\n<meta name=\"robots\" content=\"index, follow, max-snippet:-1, max-image-preview:large, max-video-preview:-1\" \/>\n<link rel=\"canonical\" href=\"https:\/\/tiketi.com\/fr-fr\/nauli-ndege\/dar-es-salaam-kwenda-arusha-dar-ark\/\" \/>\n<meta property=\"og:locale\" content=\"fr_FR\" \/>\n<meta property=\"og:type\" content=\"article\" \/>\n<meta property=\"og:title\" content=\"Cheap Flights From Dar es Salaam to Arusha\" \/>\n<meta property=\"og:description\" content=\"Looking for cheap flights from\u00a0Dar es Salaam to Arusha? Search, compare and book cheap airline ticket from Dar es Salaam to Arusha online\" \/>\n<meta property=\"og:url\" content=\"https:\/\/tiketi.com\/fr-fr\/nauli-ndege\/dar-es-salaam-kwenda-arusha-dar-ark\/\" \/>\n<meta property=\"og:site_name\" content=\"Tiketi.com\" \/>\n<meta property=\"article:publisher\" content=\"https:\/\/www.facebook.com\/TiketiCom\/\" \/>\n<meta property=\"article:modified_time\" content=\"2022-09-14T14:29:12+00:00\" \/>\n<meta property=\"og:image\" content=\"https:\/\/tiketi.com\/wp-content\/uploads\/2022\/01\/flight-ticket-booking-sorasak-KxCJXXGsv9I-unsplas.jpg\" \/>\n\t<meta property=\"og:image:width\" content=\"1200\" \/>\n\t<meta property=\"og:image:height\" content=\"240\" \/>\n\t<meta property=\"og:image:type\" content=\"image\/jpeg\" \/>\n<meta name=\"twitter:card\" content=\"summary_large_image\" \/>\n<meta name=\"twitter:label1\" content=\"Dur\u00e9e de lecture estim\u00e9e\" \/>\n\t<meta name=\"twitter:data1\" content=\"3 minutes\" \/>\n<script type=\"application\/ld+json\" class=\"yoast-schema-graph\">{\"@context\":\"https:\\\/\\\/schema.org\",\"@graph\":[{\"@type\":\"WebPage\",\"@id\":\"https:\\\/\\\/tiketi.com\\\/sw\\\/nauli-ndege\\\/dar-es-salaam-kwenda-arusha-dar-ark\\\/\",\"url\":\"https:\\\/\\\/tiketi.com\\\/sw\\\/nauli-ndege\\\/dar-es-salaam-kwenda-arusha-dar-ark\\\/\",\"name\":\"Cheap Flights From Dar es Salaam to Arusha\",\"isPartOf\":{\"@id\":\"https:\\\/\\\/tiketi.com\\\/#website\"},\"primaryImageOfPage\":{\"@id\":\"https:\\\/\\\/tiketi.com\\\/sw\\\/nauli-ndege\\\/dar-es-salaam-kwenda-arusha-dar-ark\\\/#primaryimage\"},\"image\":{\"@id\":\"https:\\\/\\\/tiketi.com\\\/sw\\\/nauli-ndege\\\/dar-es-salaam-kwenda-arusha-dar-ark\\\/#primaryimage\"},\"thumbnailUrl\":\"https:\\\/\\\/tiketi.com\\\/wp-content\\\/uploads\\\/2022\\\/01\\\/flight-ticket-booking-sorasak-KxCJXXGsv9I-unsplas.jpg\",\"datePublished\":\"2022-01-19T11:55:26+00:00\",\"dateModified\":\"2022-09-14T14:29:12+00:00\",\"description\":\"Looking for cheap flights from\u00a0Dar es Salaam to Arusha? Search, compare and book cheap airline ticket from Dar es Salaam to Arusha online\",\"breadcrumb\":{\"@id\":\"https:\\\/\\\/tiketi.com\\\/sw\\\/nauli-ndege\\\/dar-es-salaam-kwenda-arusha-dar-ark\\\/#breadcrumb\"},\"inLanguage\":\"fr-FR\",\"potentialAction\":[{\"@type\":\"ReadAction\",\"target\":[\"https:\\\/\\\/tiketi.com\\\/sw\\\/nauli-ndege\\\/dar-es-salaam-kwenda-arusha-dar-ark\\\/\"]}]},{\"@type\":\"ImageObject\",\"inLanguage\":\"fr-FR\",\"@id\":\"https:\\\/\\\/tiketi.com\\\/sw\\\/nauli-ndege\\\/dar-es-salaam-kwenda-arusha-dar-ark\\\/#primaryimage\",\"url\":\"https:\\\/\\\/tiketi.com\\\/wp-content\\\/uploads\\\/2022\\\/01\\\/flight-ticket-booking-sorasak-KxCJXXGsv9I-unsplas.jpg\",\"contentUrl\":\"https:\\\/\\\/tiketi.com\\\/wp-content\\\/uploads\\\/2022\\\/01\\\/flight-ticket-booking-sorasak-KxCJXXGsv9I-unsplas.jpg\",\"width\":1200,\"height\":240,\"caption\":\"Online flight ticket booking\"},{\"@type\":\"BreadcrumbList\",\"@id\":\"https:\\\/\\\/tiketi.com\\\/sw\\\/nauli-ndege\\\/dar-es-salaam-kwenda-arusha-dar-ark\\\/#breadcrumb\",\"itemListElement\":[{\"@type\":\"ListItem\",\"position\":1,\"name\":\"Home\",\"item\":\"https:\\\/\\\/tiketi.com\\\/\"},{\"@type\":\"ListItem\",\"position\":2,\"name\":\"Cheap Flights\",\"item\":\"https:\\\/\\\/tiketi.com\\\/cheap-flights\\\/\"},{\"@type\":\"ListItem\",\"position\":3,\"name\":\"Cheap Flights From Dar es Salaam to Arusha\"}]},{\"@type\":\"WebSite\",\"@id\":\"https:\\\/\\\/tiketi.com\\\/#website\",\"url\":\"https:\\\/\\\/tiketi.com\\\/\",\"name\":\"Flight & Bus Tickets, Tour Packages & Activitites - Tiketi.com\",\"description\":\"Flight &amp; Bus Tickets, Tours, Activitites\",\"publisher\":{\"@id\":\"https:\\\/\\\/tiketi.com\\\/#organization\"},\"potentialAction\":[{\"@type\":\"SearchAction\",\"target\":{\"@type\":\"EntryPoint\",\"urlTemplate\":\"https:\\\/\\\/tiketi.com\\\/?s={search_term_string}\"},\"query-input\":{\"@type\":\"PropertyValueSpecification\",\"valueRequired\":true,\"valueName\":\"search_term_string\"}}],\"inLanguage\":\"fr-FR\"},{\"@type\":\"Organization\",\"@id\":\"https:\\\/\\\/tiketi.com\\\/#organization\",\"name\":\"Tiketi.com\",\"alternateName\":\"Tiketi\",\"url\":\"https:\\\/\\\/tiketi.com\\\/\",\"logo\":{\"@type\":\"ImageObject\",\"inLanguage\":\"fr-FR\",\"@id\":\"https:\\\/\\\/tiketi.com\\\/#\\\/schema\\\/logo\\\/image\\\/\",\"url\":\"https:\\\/\\\/tiketi.com\\\/wp-content\\\/uploads\\\/2019\\\/05\\\/tiketi-logo-696.png\",\"contentUrl\":\"https:\\\/\\\/tiketi.com\\\/wp-content\\\/uploads\\\/2019\\\/05\\\/tiketi-logo-696.png\",\"width\":696,\"height\":696,\"caption\":\"Tiketi.com\"},\"image\":{\"@id\":\"https:\\\/\\\/tiketi.com\\\/#\\\/schema\\\/logo\\\/image\\\/\"},\"sameAs\":[\"https:\\\/\\\/www.facebook.com\\\/TiketiCom\\\/\"]}]}<\/script>\n<!-- \/ Yoast SEO plugin. -->","yoast_head_json":{"title":"Vols \u00e0 bas prix de Dar es Salam \u00e0 Arusha","description":"Vous recherchez des vols \u00e0 bas prix de Dar es Salam \u00e0 Arusha ? Recherchez, comparez et r\u00e9servez en ligne un billet d&#039;avion pas cher de Dar es Salam \u00e0 Arusha","robots":{"index":"index","follow":"follow","max-snippet":"max-snippet:-1","max-image-preview":"max-image-preview:large","max-video-preview":"max-video-preview:-1"},"canonical":"https:\/\/tiketi.com\/fr-fr\/nauli-ndege\/dar-es-salaam-kwenda-arusha-dar-ark\/","og_locale":"fr_FR","og_type":"article","og_title":"Cheap Flights From Dar es Salaam to Arusha","og_description":"Looking for cheap flights from\u00a0Dar es Salaam to Arusha? Search, compare and book cheap airline ticket from Dar es Salaam to Arusha online","og_url":"https:\/\/tiketi.com\/fr-fr\/nauli-ndege\/dar-es-salaam-kwenda-arusha-dar-ark\/","og_site_name":"Tiketi.com","article_publisher":"https:\/\/www.facebook.com\/TiketiCom\/","article_modified_time":"2022-09-14T14:29:12+00:00","og_image":[{"width":1200,"height":240,"url":"https:\/\/tiketi.com\/wp-content\/uploads\/2022\/01\/flight-ticket-booking-sorasak-KxCJXXGsv9I-unsplas.jpg","type":"image\/jpeg"}],"twitter_card":"summary_large_image","twitter_misc":{"Dur\u00e9e de lecture estim\u00e9e":"3 minutes"},"schema":{"@context":"https:\/\/schema.org","@graph":[{"@type":"WebPage","@id":"https:\/\/tiketi.com\/sw\/nauli-ndege\/dar-es-salaam-kwenda-arusha-dar-ark\/","url":"https:\/\/tiketi.com\/sw\/nauli-ndege\/dar-es-salaam-kwenda-arusha-dar-ark\/","name":"Vols \u00e0 bas prix de Dar es Salam \u00e0 Arusha","isPartOf":{"@id":"https:\/\/tiketi.com\/#website"},"primaryImageOfPage":{"@id":"https:\/\/tiketi.com\/sw\/nauli-ndege\/dar-es-salaam-kwenda-arusha-dar-ark\/#primaryimage"},"image":{"@id":"https:\/\/tiketi.com\/sw\/nauli-ndege\/dar-es-salaam-kwenda-arusha-dar-ark\/#primaryimage"},"thumbnailUrl":"https:\/\/tiketi.com\/wp-content\/uploads\/2022\/01\/flight-ticket-booking-sorasak-KxCJXXGsv9I-unsplas.jpg","datePublished":"2022-01-19T11:55:26+00:00","dateModified":"2022-09-14T14:29:12+00:00","description":"Vous recherchez des vols \u00e0 bas prix de Dar es Salam \u00e0 Arusha ? Recherchez, comparez et r\u00e9servez en ligne un billet d&#039;avion pas cher de Dar es Salam \u00e0 Arusha","breadcrumb":{"@id":"https:\/\/tiketi.com\/sw\/nauli-ndege\/dar-es-salaam-kwenda-arusha-dar-ark\/#breadcrumb"},"inLanguage":"fr-FR","potentialAction":[{"@type":"ReadAction","target":["https:\/\/tiketi.com\/sw\/nauli-ndege\/dar-es-salaam-kwenda-arusha-dar-ark\/"]}]},{"@type":"ImageObject","inLanguage":"fr-FR","@id":"https:\/\/tiketi.com\/sw\/nauli-ndege\/dar-es-salaam-kwenda-arusha-dar-ark\/#primaryimage","url":"https:\/\/tiketi.com\/wp-content\/uploads\/2022\/01\/flight-ticket-booking-sorasak-KxCJXXGsv9I-unsplas.jpg","contentUrl":"https:\/\/tiketi.com\/wp-content\/uploads\/2022\/01\/flight-ticket-booking-sorasak-KxCJXXGsv9I-unsplas.jpg","width":1200,"height":240,"caption":"Online flight ticket booking"},{"@type":"BreadcrumbList","@id":"https:\/\/tiketi.com\/sw\/nauli-ndege\/dar-es-salaam-kwenda-arusha-dar-ark\/#breadcrumb","itemListElement":[{"@type":"ListItem","position":1,"name":"Home","item":"https:\/\/tiketi.com\/"},{"@type":"ListItem","position":2,"name":"Cheap Flights","item":"https:\/\/tiketi.com\/cheap-flights\/"},{"@type":"ListItem","position":3,"name":"Cheap Flights From Dar es Salaam to Arusha"}]},{"@type":"WebSite","@id":"https:\/\/tiketi.com\/#website","url":"https:\/\/tiketi.com\/","name":"Billets d&#039;avion et de bus, forfaits touristiques et activit\u00e9s - Tiketi.com","description":"Billets d&#039;avion et de bus, Tours, Activit\u00e9s","publisher":{"@id":"https:\/\/tiketi.com\/#organization"},"potentialAction":[{"@type":"SearchAction","target":{"@type":"EntryPoint","urlTemplate":"https:\/\/tiketi.com\/?s={search_term_string}"},"query-input":{"@type":"PropertyValueSpecification","valueRequired":true,"valueName":"search_term_string"}}],"inLanguage":"fr-FR"},{"@type":"Organization","@id":"https:\/\/tiketi.com\/#organization","name":"Tiketi.com","alternateName":"Tiketi","url":"https:\/\/tiketi.com\/","logo":{"@type":"ImageObject","inLanguage":"fr-FR","@id":"https:\/\/tiketi.com\/#\/schema\/logo\/image\/","url":"https:\/\/tiketi.com\/wp-content\/uploads\/2019\/05\/tiketi-logo-696.png","contentUrl":"https:\/\/tiketi.com\/wp-content\/uploads\/2019\/05\/tiketi-logo-696.png","width":696,"height":696,"caption":"Tiketi.com"},"image":{"@id":"https:\/\/tiketi.com\/#\/schema\/logo\/image\/"},"sameAs":["https:\/\/www.facebook.com\/TiketiCom\/"]}]}},"_links":{"self":[{"href":"https:\/\/tiketi.com\/fr-fr\/wp-json\/wp\/v2\/pages\/11952","targetHints":{"allow":["GET"]}}],"collection":[{"href":"https:\/\/tiketi.com\/fr-fr\/wp-json\/wp\/v2\/pages"}],"about":[{"href":"https:\/\/tiketi.com\/fr-fr\/wp-json\/wp\/v2\/types\/page"}],"author":[{"embeddable":true,"href":"https:\/\/tiketi.com\/fr-fr\/wp-json\/wp\/v2\/users\/1"}],"replies":[{"embeddable":true,"href":"https:\/\/tiketi.com\/fr-fr\/wp-json\/wp\/v2\/comments?post=11952"}],"version-history":[{"count":0,"href":"https:\/\/tiketi.com\/fr-fr\/wp-json\/wp\/v2\/pages\/11952\/revisions"}],"up":[{"embeddable":true,"href":"https:\/\/tiketi.com\/fr-fr\/wp-json\/wp\/v2\/pages\/23264"}],"wp:featuredmedia":[{"embeddable":true,"href":"https:\/\/tiketi.com\/fr-fr\/wp-json\/wp\/v2\/media\/14041"}],"wp:attachment":[{"href":"https:\/\/tiketi.com\/fr-fr\/wp-json\/wp\/v2\/media?parent=11952"}],"curies":[{"name":"wp","href":"https:\/\/api.w.org\/{rel}","templated":true}]}}