{"id":11954,"date":"2022-01-19T12:55:26","date_gmt":"2022-01-19T11:55:26","guid":{"rendered":"https:\/\/new.tiketi.com\/flight-ticket-from-dar-es-salaam-to-zanzibar\/"},"modified":"2022-09-17T17:01:22","modified_gmt":"2022-09-17T16:01:22","slug":"dar-es-salaam-to-zanzibar-dar-znz","status":"publish","type":"page","link":"https:\/\/tiketi.com\/fr-fr\/cheap-flights\/dar-es-salaam-to-zanzibar-dar-znz\/","title":{"rendered":"Vols \u00e0 bas prix de Dar es Salam \u00e0 Zanzibar"},"content":{"rendered":"<h2>R\u00e9servez des billets d&#039;avion \u00e0 petit prix de Dar es Salaam \u00e0 Zanzibar<\/h2>\n<h3>Comparez et r\u00e9servez en ligne maintenant votre billet d&#039;avion pas cher de Dar es Salam \u00e0 Zanzibar.<\/h3>\n<p>Besoin de vols pas chers de Dar Es Salaam \u00e0 Zanzibar ? Il existe une pl\u00e9thore d&#039;endroits \u00e0 visiter et de choses \u00e0 faire \u00e0 Zanzibar. L&#039;\u00eele d&#039;Afrique de l&#039;Est regorge de choses \u00e0 faire et \u00e0 vivre. Vous pouvez facilement visiter cet endroit gr\u00e2ce \u00e0 des offres exceptionnelles sur les billets d&#039;avion de Dar es Salaam \u00e0 Zanzibar au meilleur prix et voler de Dar es Salaam \u00e0 Zanzibar \u00e0 bas prix. Planifiez votre voyage et r\u00e9servez d\u00e8s maintenant des billets d&#039;avion pas chers de Dar es Salaam \u00e0 Zanzibar sur Tiketi.com !<\/p>\n<h2>FAQ sur les vols pas chers de Dar Es Salaam \u00e0 Zanzibar<\/h2>\n<h3>Combien de temps dure le vol entre Dar es Salam (DAR) et Zanzibar (ZNZ) ?<\/h3>\n<p>Les vols directs vers Zanzibar prennent jusqu&#039;\u00e0 une heure, couvrant une zone de quarante-cinq kilom\u00e8tres.<\/p>\n<h3>Combien de vols \u00e0 destination de Zanzibar partent en moyenne par jour de Dar es Salam ?<\/h3>\n<p>En moyenne, quarante-six vols partent de Dar es Salaam pour Zanzibar Kisauni par jour.<\/p>\n<p>\u2022 T\u00f4t le matin\u00a0: 4\u00a0% du d\u00e9part du vol<\/p>\n<p>\u2022 Matin - quarante et un d\u00e9parts de vol<\/p>\n<p>\u2022 Apr\u00e8s-midi - trente-trois d\u00e9parts de vol parfaits<\/p>\n<p>\u2022 Soir - vingt-deux pour cent des d\u00e9parts de vol<\/p>\n<h3>Combien de temps dure un vol pour Zanzibar ?<\/h3>\n<p>Les vols directs de Dar es Salaam \u00e0 Zanzibar prennent jusqu&#039;\u00e0 une heure, couvrant une distance de 45 kilom\u00e8tres.<\/p>\n<h3>Combien co\u00fbtent les billets d&#039;avion de Dar es Salaam \u00e0 Zanzibar ?<\/h3>\n<p>Ils vont de 60 \u20ac \u00e0 185 \u20ac. N&#039;oubliez pas, vous pouvez conserver en r\u00e9servant un billet d&#039;avion de Dar es Salaam \u00e0 Zanzibar bien \u00e0 l&#039;avance.<\/p>\n<h3>Quel est le jour le moins cher pour r\u00e9server des billets d&#039;avion de Dar es Salaam \u00e0 Zanzibar ?<\/h3>\n<p>Le jour le moins cher pour r\u00e9server un billet d&#039;avion de Dar es Salaam \u00e0 Zanzibar est le dimanche.<\/p>\n<h2>Conseils pour trouver des billets d&#039;avion \u00e0 bas prix de Dar es Salam \u00e0 Zanzibar<\/h2>\n<p>Il n&#039;y a g\u00e9n\u00e9ralement pas de moment terrible pour visiter Zanzibar car le temps y est g\u00e9n\u00e9ralement chaud. La saison s\u00e8che dure de juin \u00e0 octobre mais c&#039;est aussi la p\u00e9riode la plus froide. De mars \u00e0 mai, c&#039;est la saison la plus humide lorsque les temp\u00e9ratures sont les plus \u00e9lev\u00e9es, mais aussi les averses.<\/p>\n<h2>Voici les meilleurs endroits \u00e0 visiter \u00e0 Zanzibar<\/h2>\n<p>Commencez votre visite en explorant la capitale de Zanzibar, Stone Town, et ses rues \u00e9troites, son architecture remarquable, ses march\u00e9s anim\u00e9s et ses petits mus\u00e9es \u00e9tonnants. Vous verrez \u00e9galement de nombreux rappels de l&#039;implication historique de Zanzibar dans la traite des esclaves, \u00e9limin\u00e9e dans ces r\u00e9gions par le sultan de Zanzibar en 1873.<\/p>\n<p>Il existe d&#039;innombrables choix de stations baln\u00e9aires pour ceux qui veulent se faire dorloter, mais une \u00e9tendue de plage isol\u00e9e n&#039;est jamais trop loin pour ceux qui veulent du silence et de la paix. Plong\u00e9e sous-marine, plong\u00e9e en apn\u00e9e, p\u00eache en haute mer, kayak, planche \u00e0 voile, p\u00eache en haute mer et autres sports nautiques sont propos\u00e9s sur toute l&#039;\u00eele.<\/p>\n<p>\u2022 Ville de pierre<br \/>\n\u2022 Les plages de Nungwi et Kendwa<br \/>\n\u2022 Regarder le coucher du soleil<br \/>\n\u2022 Plong\u00e9e avec tuba \u00e0 l&#039;atoll de Mnemba<br \/>\n\u2022 Tortues g\u00e9antes sur Prison Island<br \/>\n\u2022 Soleil sur la plage de Nungwi<br \/>\n\u2022 Visitez l&#039;\u00eele-prison<br \/>\n\u2022 Le march\u00e9 de Forodhani<br \/>\n\u2022 Maison des Merveilles<br \/>\n\u2022 Visite des \u00e9pices<br \/>\n\u2022 Le Vieux Fort<br \/>\n\u2022 For\u00eat de Jozani<\/p>","protected":false},"excerpt":{"rendered":"<p>Book affordable flight tickets from Dar es Salaam to Zanzibar Compare,a and book your cheap air ticket from Dar es Salaam to Zanzibar online now. Need Cheap flights from Dar Es Salaam to Zanzibar? There are a plethora of locations to visit and things to do in Zanzibar. The East African island packs a full [&hellip;]<\/p>\n","protected":false},"author":1,"featured_media":14041,"parent":23264,"menu_order":0,"comment_status":"open","ping_status":"closed","template":"template-home-modern.php","meta":{"footnotes":""},"class_list":["post-11954","page","type-page","status-publish","has-post-thumbnail","hentry"],"yoast_head":"<!-- This site is optimized with the Yoast SEO plugin v27.3 - https:\/\/yoast.com\/product\/yoast-seo-wordpress\/ -->\n<title>Flight Ticket from Dar es Salaam to Zanzibar<\/title>\n<meta name=\"description\" content=\"Looking for cheap flights from Dar Es Salaam to Zanzibar? Compare air ticket from Dar es Salaam to Zanzibar and book affordable flight tickets online\" \/>\n<meta name=\"robots\" content=\"index, follow, max-snippet:-1, max-image-preview:large, max-video-preview:-1\" \/>\n<link rel=\"canonical\" href=\"https:\/\/tiketi.com\/fr-fr\/cheap-flights\/dar-es-salaam-to-zanzibar-dar-znz\/\" \/>\n<meta property=\"og:locale\" content=\"fr_FR\" \/>\n<meta property=\"og:type\" content=\"article\" \/>\n<meta property=\"og:title\" content=\"Flight Ticket from Dar es Salaam to Zanzibar\" \/>\n<meta property=\"og:description\" content=\"Looking for cheap flights from Dar Es Salaam to Zanzibar? Compare air ticket from Dar es Salaam to Zanzibar and book affordable flight tickets online\" \/>\n<meta property=\"og:url\" content=\"https:\/\/tiketi.com\/fr-fr\/cheap-flights\/dar-es-salaam-to-zanzibar-dar-znz\/\" \/>\n<meta property=\"og:site_name\" content=\"Tiketi.com\" \/>\n<meta property=\"article:publisher\" content=\"https:\/\/www.facebook.com\/TiketiCom\/\" \/>\n<meta property=\"article:modified_time\" content=\"2022-09-17T16:01:22+00:00\" \/>\n<meta property=\"og:image\" content=\"https:\/\/tiketi.com\/wp-content\/uploads\/2022\/01\/flight-ticket-booking-sorasak-KxCJXXGsv9I-unsplas.jpg\" \/>\n\t<meta property=\"og:image:width\" content=\"1200\" \/>\n\t<meta property=\"og:image:height\" content=\"240\" \/>\n\t<meta property=\"og:image:type\" content=\"image\/jpeg\" \/>\n<meta name=\"twitter:card\" content=\"summary_large_image\" \/>\n<meta name=\"twitter:label1\" content=\"Dur\u00e9e de lecture estim\u00e9e\" \/>\n\t<meta name=\"twitter:data1\" content=\"3 minutes\" \/>\n<script type=\"application\/ld+json\" class=\"yoast-schema-graph\">{\"@context\":\"https:\\\/\\\/schema.org\",\"@graph\":[{\"@type\":\"WebPage\",\"@id\":\"https:\\\/\\\/tiketi.com\\\/fr-fr\\\/cheap-flights\\\/dar-es-salaam-to-zanzibar-dar-znz\\\/\",\"url\":\"https:\\\/\\\/tiketi.com\\\/fr-fr\\\/cheap-flights\\\/dar-es-salaam-to-zanzibar-dar-znz\\\/\",\"name\":\"Flight Ticket from Dar es Salaam to Zanzibar\",\"isPartOf\":{\"@id\":\"https:\\\/\\\/tiketi.com\\\/#website\"},\"primaryImageOfPage\":{\"@id\":\"https:\\\/\\\/tiketi.com\\\/fr-fr\\\/cheap-flights\\\/dar-es-salaam-to-zanzibar-dar-znz\\\/#primaryimage\"},\"image\":{\"@id\":\"https:\\\/\\\/tiketi.com\\\/fr-fr\\\/cheap-flights\\\/dar-es-salaam-to-zanzibar-dar-znz\\\/#primaryimage\"},\"thumbnailUrl\":\"https:\\\/\\\/tiketi.com\\\/wp-content\\\/uploads\\\/2022\\\/01\\\/flight-ticket-booking-sorasak-KxCJXXGsv9I-unsplas.jpg\",\"datePublished\":\"2022-01-19T11:55:26+00:00\",\"dateModified\":\"2022-09-17T16:01:22+00:00\",\"description\":\"Looking for cheap flights from Dar Es Salaam to Zanzibar? Compare air ticket from Dar es Salaam to Zanzibar and book affordable flight tickets online\",\"breadcrumb\":{\"@id\":\"https:\\\/\\\/tiketi.com\\\/fr-fr\\\/cheap-flights\\\/dar-es-salaam-to-zanzibar-dar-znz\\\/#breadcrumb\"},\"inLanguage\":\"fr-FR\",\"potentialAction\":[{\"@type\":\"ReadAction\",\"target\":[\"https:\\\/\\\/tiketi.com\\\/fr-fr\\\/cheap-flights\\\/dar-es-salaam-to-zanzibar-dar-znz\\\/\"]}]},{\"@type\":\"ImageObject\",\"inLanguage\":\"fr-FR\",\"@id\":\"https:\\\/\\\/tiketi.com\\\/fr-fr\\\/cheap-flights\\\/dar-es-salaam-to-zanzibar-dar-znz\\\/#primaryimage\",\"url\":\"https:\\\/\\\/tiketi.com\\\/wp-content\\\/uploads\\\/2022\\\/01\\\/flight-ticket-booking-sorasak-KxCJXXGsv9I-unsplas.jpg\",\"contentUrl\":\"https:\\\/\\\/tiketi.com\\\/wp-content\\\/uploads\\\/2022\\\/01\\\/flight-ticket-booking-sorasak-KxCJXXGsv9I-unsplas.jpg\",\"width\":1200,\"height\":240,\"caption\":\"Online flight ticket booking\"},{\"@type\":\"BreadcrumbList\",\"@id\":\"https:\\\/\\\/tiketi.com\\\/fr-fr\\\/cheap-flights\\\/dar-es-salaam-to-zanzibar-dar-znz\\\/#breadcrumb\",\"itemListElement\":[{\"@type\":\"ListItem\",\"position\":1,\"name\":\"Home\",\"item\":\"https:\\\/\\\/tiketi.com\\\/\"},{\"@type\":\"ListItem\",\"position\":2,\"name\":\"Cheap Flights\",\"item\":\"https:\\\/\\\/tiketi.com\\\/cheap-flights\\\/\"},{\"@type\":\"ListItem\",\"position\":3,\"name\":\"Cheap Flights from Dar Es Salaam to Zanzibar\"}]},{\"@type\":\"WebSite\",\"@id\":\"https:\\\/\\\/tiketi.com\\\/#website\",\"url\":\"https:\\\/\\\/tiketi.com\\\/\",\"name\":\"Flight & Bus Tickets, Tour Packages & Activitites - Tiketi.com\",\"description\":\"Flight &amp; Bus Tickets, Tours, Activitites\",\"publisher\":{\"@id\":\"https:\\\/\\\/tiketi.com\\\/#organization\"},\"potentialAction\":[{\"@type\":\"SearchAction\",\"target\":{\"@type\":\"EntryPoint\",\"urlTemplate\":\"https:\\\/\\\/tiketi.com\\\/?s={search_term_string}\"},\"query-input\":{\"@type\":\"PropertyValueSpecification\",\"valueRequired\":true,\"valueName\":\"search_term_string\"}}],\"inLanguage\":\"fr-FR\"},{\"@type\":\"Organization\",\"@id\":\"https:\\\/\\\/tiketi.com\\\/#organization\",\"name\":\"Tiketi.com\",\"alternateName\":\"Tiketi\",\"url\":\"https:\\\/\\\/tiketi.com\\\/\",\"logo\":{\"@type\":\"ImageObject\",\"inLanguage\":\"fr-FR\",\"@id\":\"https:\\\/\\\/tiketi.com\\\/#\\\/schema\\\/logo\\\/image\\\/\",\"url\":\"https:\\\/\\\/tiketi.com\\\/wp-content\\\/uploads\\\/2019\\\/05\\\/tiketi-logo-696.png\",\"contentUrl\":\"https:\\\/\\\/tiketi.com\\\/wp-content\\\/uploads\\\/2019\\\/05\\\/tiketi-logo-696.png\",\"width\":696,\"height\":696,\"caption\":\"Tiketi.com\"},\"image\":{\"@id\":\"https:\\\/\\\/tiketi.com\\\/#\\\/schema\\\/logo\\\/image\\\/\"},\"sameAs\":[\"https:\\\/\\\/www.facebook.com\\\/TiketiCom\\\/\"]}]}<\/script>\n<!-- \/ Yoast SEO plugin. -->","yoast_head_json":{"title":"Billet d&#039;avion de Dar es Salaam \u00e0 Zanzibar","description":"Vous recherchez des vols \u00e0 bas prix de Dar Es Salaam \u00e0 Zanzibar ? Comparez les billets d&#039;avion de Dar es Salam \u00e0 Zanzibar et r\u00e9servez des billets d&#039;avion \u00e0 prix abordable en ligne","robots":{"index":"index","follow":"follow","max-snippet":"max-snippet:-1","max-image-preview":"max-image-preview:large","max-video-preview":"max-video-preview:-1"},"canonical":"https:\/\/tiketi.com\/fr-fr\/cheap-flights\/dar-es-salaam-to-zanzibar-dar-znz\/","og_locale":"fr_FR","og_type":"article","og_title":"Flight Ticket from Dar es Salaam to Zanzibar","og_description":"Looking for cheap flights from Dar Es Salaam to Zanzibar? Compare air ticket from Dar es Salaam to Zanzibar and book affordable flight tickets online","og_url":"https:\/\/tiketi.com\/fr-fr\/cheap-flights\/dar-es-salaam-to-zanzibar-dar-znz\/","og_site_name":"Tiketi.com","article_publisher":"https:\/\/www.facebook.com\/TiketiCom\/","article_modified_time":"2022-09-17T16:01:22+00:00","og_image":[{"width":1200,"height":240,"url":"https:\/\/tiketi.com\/wp-content\/uploads\/2022\/01\/flight-ticket-booking-sorasak-KxCJXXGsv9I-unsplas.jpg","type":"image\/jpeg"}],"twitter_card":"summary_large_image","twitter_misc":{"Dur\u00e9e de lecture estim\u00e9e":"3 minutes"},"schema":{"@context":"https:\/\/schema.org","@graph":[{"@type":"WebPage","@id":"https:\/\/tiketi.com\/fr-fr\/cheap-flights\/dar-es-salaam-to-zanzibar-dar-znz\/","url":"https:\/\/tiketi.com\/fr-fr\/cheap-flights\/dar-es-salaam-to-zanzibar-dar-znz\/","name":"Billet d&#039;avion de Dar es Salaam \u00e0 Zanzibar","isPartOf":{"@id":"https:\/\/tiketi.com\/#website"},"primaryImageOfPage":{"@id":"https:\/\/tiketi.com\/fr-fr\/cheap-flights\/dar-es-salaam-to-zanzibar-dar-znz\/#primaryimage"},"image":{"@id":"https:\/\/tiketi.com\/fr-fr\/cheap-flights\/dar-es-salaam-to-zanzibar-dar-znz\/#primaryimage"},"thumbnailUrl":"https:\/\/tiketi.com\/wp-content\/uploads\/2022\/01\/flight-ticket-booking-sorasak-KxCJXXGsv9I-unsplas.jpg","datePublished":"2022-01-19T11:55:26+00:00","dateModified":"2022-09-17T16:01:22+00:00","description":"Vous recherchez des vols \u00e0 bas prix de Dar Es Salaam \u00e0 Zanzibar ? Comparez les billets d&#039;avion de Dar es Salam \u00e0 Zanzibar et r\u00e9servez des billets d&#039;avion \u00e0 prix abordable en ligne","breadcrumb":{"@id":"https:\/\/tiketi.com\/fr-fr\/cheap-flights\/dar-es-salaam-to-zanzibar-dar-znz\/#breadcrumb"},"inLanguage":"fr-FR","potentialAction":[{"@type":"ReadAction","target":["https:\/\/tiketi.com\/fr-fr\/cheap-flights\/dar-es-salaam-to-zanzibar-dar-znz\/"]}]},{"@type":"ImageObject","inLanguage":"fr-FR","@id":"https:\/\/tiketi.com\/fr-fr\/cheap-flights\/dar-es-salaam-to-zanzibar-dar-znz\/#primaryimage","url":"https:\/\/tiketi.com\/wp-content\/uploads\/2022\/01\/flight-ticket-booking-sorasak-KxCJXXGsv9I-unsplas.jpg","contentUrl":"https:\/\/tiketi.com\/wp-content\/uploads\/2022\/01\/flight-ticket-booking-sorasak-KxCJXXGsv9I-unsplas.jpg","width":1200,"height":240,"caption":"Online flight ticket booking"},{"@type":"BreadcrumbList","@id":"https:\/\/tiketi.com\/fr-fr\/cheap-flights\/dar-es-salaam-to-zanzibar-dar-znz\/#breadcrumb","itemListElement":[{"@type":"ListItem","position":1,"name":"Home","item":"https:\/\/tiketi.com\/"},{"@type":"ListItem","position":2,"name":"Cheap Flights","item":"https:\/\/tiketi.com\/cheap-flights\/"},{"@type":"ListItem","position":3,"name":"Cheap Flights from Dar Es Salaam to Zanzibar"}]},{"@type":"WebSite","@id":"https:\/\/tiketi.com\/#website","url":"https:\/\/tiketi.com\/","name":"Billets d&#039;avion et de bus, forfaits touristiques et activit\u00e9s - Tiketi.com","description":"Billets d&#039;avion et de bus, Tours, Activit\u00e9s","publisher":{"@id":"https:\/\/tiketi.com\/#organization"},"potentialAction":[{"@type":"SearchAction","target":{"@type":"EntryPoint","urlTemplate":"https:\/\/tiketi.com\/?s={search_term_string}"},"query-input":{"@type":"PropertyValueSpecification","valueRequired":true,"valueName":"search_term_string"}}],"inLanguage":"fr-FR"},{"@type":"Organization","@id":"https:\/\/tiketi.com\/#organization","name":"Tiketi.com","alternateName":"Tiketi","url":"https:\/\/tiketi.com\/","logo":{"@type":"ImageObject","inLanguage":"fr-FR","@id":"https:\/\/tiketi.com\/#\/schema\/logo\/image\/","url":"https:\/\/tiketi.com\/wp-content\/uploads\/2019\/05\/tiketi-logo-696.png","contentUrl":"https:\/\/tiketi.com\/wp-content\/uploads\/2019\/05\/tiketi-logo-696.png","width":696,"height":696,"caption":"Tiketi.com"},"image":{"@id":"https:\/\/tiketi.com\/#\/schema\/logo\/image\/"},"sameAs":["https:\/\/www.facebook.com\/TiketiCom\/"]}]}},"_links":{"self":[{"href":"https:\/\/tiketi.com\/fr-fr\/wp-json\/wp\/v2\/pages\/11954","targetHints":{"allow":["GET"]}}],"collection":[{"href":"https:\/\/tiketi.com\/fr-fr\/wp-json\/wp\/v2\/pages"}],"about":[{"href":"https:\/\/tiketi.com\/fr-fr\/wp-json\/wp\/v2\/types\/page"}],"author":[{"embeddable":true,"href":"https:\/\/tiketi.com\/fr-fr\/wp-json\/wp\/v2\/users\/1"}],"replies":[{"embeddable":true,"href":"https:\/\/tiketi.com\/fr-fr\/wp-json\/wp\/v2\/comments?post=11954"}],"version-history":[{"count":0,"href":"https:\/\/tiketi.com\/fr-fr\/wp-json\/wp\/v2\/pages\/11954\/revisions"}],"up":[{"embeddable":true,"href":"https:\/\/tiketi.com\/fr-fr\/wp-json\/wp\/v2\/pages\/23264"}],"wp:featuredmedia":[{"embeddable":true,"href":"https:\/\/tiketi.com\/fr-fr\/wp-json\/wp\/v2\/media\/14041"}],"wp:attachment":[{"href":"https:\/\/tiketi.com\/fr-fr\/wp-json\/wp\/v2\/media?parent=11954"}],"curies":[{"name":"wp","href":"https:\/\/api.w.org\/{rel}","templated":true}]}}