{"id":11956,"date":"2022-01-19T12:55:26","date_gmt":"2022-01-19T11:55:26","guid":{"rendered":"https:\/\/new.tiketi.com\/cheap-flights-from-nairobi-to-masai-mara\/"},"modified":"2022-07-14T12:08:38","modified_gmt":"2022-07-14T11:08:38","slug":"flights-nairobi-masai-mara-nbo-mre","status":"publish","type":"page","link":"https:\/\/tiketi.com\/fr-fr\/flights-nairobi-masai-mara-nbo-mre\/","title":{"rendered":"Vols pas chers de Nairobi \u00e0 Masai Mara"},"content":{"rendered":"<h2>Vous cherchez un billet d&#039;avion pas cher \u00e0 partir de Nairobi \u00e0 Masai Mara ou des offres de derni\u00e8re minute ?<\/h2>\n<h3>Cherchez, comparez et r\u00e9servez un billet d&#039;avion pas cher de Nairobi (NBO) \u00e0 Masai Mara (MRE)<span style=\"font-size: 16px;\">\u00a0<\/span>maintenant en ligne.<\/h3>\n<p>R\u00e9servez des vols pas chers de Nairobi \u00e0 Masai Mara en ligne et \u00e9conomisez de l&#039;argent sur les billets d&#039;avion en toute confiance sur Tiketi.com. Si vous souhaitez faire une pause dans les entraves de la derni\u00e8re vie en vous rapprochant de la nature, pensez \u00e0 visiter le parc national du Masai Mara en passant par les vols Nairobi-Masai Mara. Grande r\u00e9serve de chasse, situ\u00e9e pr\u00e9cis\u00e9ment dans le comt\u00e9 de Narok, ce paradis abrite une beaut\u00e9 naturelle abondante et des animaux entre les directions sud et nord \u00e0 la recherche de p\u00e2turages plus verts. Cela se produit parce que le Masai Mara se trouve sur l&#039;\u00e9quateur. Comparez les prix et obtenez le tarif le plus bas sur les billets d&#039;avion de Nairobi \u00e0 Masai Mara gr\u00e2ce \u00e0 des offres exceptionnelles sur les vols de Nairobi \u00e0 Masai Mara en ligne.<\/p>\n<h2>Voici quelques-unes des meilleures attractions du Masai Mara<\/h2>\n<p>Une promenade \u00e0 travers le Masai Mara vous fera vous d\u00e9lecter de votre pure beaut\u00e9, vous laissant captiv\u00e9 par la g\u00e9n\u00e9rosit\u00e9 de la nature. \u00c9merveillez-vous devant la vue des animaux \u00e0 leur meilleur niveau d&#039;animation dans leur habitat naturel. Une autre attraction phare du parc sont les incroyables vols en montgolfi\u00e8re qui vous offrent une superbe occasion d&#039;admirer le parc \u00e0 vol d&#039;oiseau.<\/p>\n<h2>FAQ sur les vols pas chers de Nairobi \u00e0 Masai Mara<\/h2>\n<h3>Combien de vols entre Nairobi et Masai Mara sont accessibles chaque semaine ?<\/h3>\n<p>Quatorze vols hebdomadaires de Nairobi \u00e0 Masai Mara.<\/p>\n<h3>Combien de compagnies a\u00e9riennes proposent des vols Nairobi - Masai Mara ?<\/h3>\n<p>Une compagnie a\u00e9rienne dessert Nairobi et Masai Mara.<\/p>\n<h3>Quel est le prix d&#039;un billet d&#039;avion pas cher depuis Nairobi vers Masai Mara ?<\/h3>\n<p>Le prix abordable que nous avons trouv\u00e9 sur un billet d\u2019avion de Nairobi \u00e0 Masai Mara commence \u00e0 partir de 315 \u20ac. Continuez \u00e0 chercher pour trouver de nombreux d\u00e9tails qui vous aideront \u00e0 r\u00e9server ce vol et \u00e0 terminer la planification de votre visite au Masai Mara.<\/p>\n<h3>Quels sont les meilleurs a\u00e9roports pour les vols Nairobi - Masai Mara ?<\/h3>\n<p>Vous pouvez atterrir \u00e0 Mara Serena dans le Masai Mara. Les a\u00e9roports de Nairobi les plus c\u00e9l\u00e8bres d&#039;o\u00f9 d\u00e9coller\u00a0:<\/p>\n<p>\u2022 A\u00e9roport international Jomo Kenyatta<br \/>\n\u2022Wilson<\/p>\n<h2>Conseils pour les vols de Nairobi \u00e0 Masai Mara<\/h2>\n<p>\u2022 L&#039;avantage \u00e9vident de voler vers le Masai Mara est de garder du temps particuli\u00e8rement utile pour les petits safaris comme un voyage d&#039;une ou deux nuits. De plus, comme la route vers le Masai Mara est poussi\u00e9reuse et cahoteuse par endroits, il est sugg\u00e9r\u00e9 aux passagers ayant des probl\u00e8mes de dos ou des probl\u00e8mes m\u00e9dicaux de prendre le vol.<\/p>\n<p>\u2022 Les bagages sont limit\u00e9s \u00e0 seulement 15 kg par passager et cela comprend l&#039;enregistrement et les bagages \u00e0 main. Enfin, le road tour, bien que long, donne l&#039;impression r\u00e9elle du pays que vous visitez et offre un voyage plus aventureux jusqu&#039;\u00e0 chez vous, augmentant encore l&#039;occasion d&#039;\u00eatre dans la nature.<\/p>\n<p>Ci-dessous, nous examinons diff\u00e9rentes activit\u00e9s et le Maasai Mara. <a href=\"https:\/\/tiketi.com\/fr-fr\/vacations\/kenya-tour-packages\/\" target=\"_blank\" rel=\"noopener\">forfaits safari<\/a> auxquels nos invit\u00e9s peuvent participer lorsqu&#039;ils visitent le Masai Mara.<\/p>\n<p>\u2022 Safari\u00a0Drive<br \/>\n\u2022 Voir la migration des gnous<br \/>\n\u2022 Profitez du camp priv\u00e9 des gouverneurs<br \/>\n\u2022 Profitez de visites culturelles avec les Massa\u00ef<br \/>\n\u2022 la rivi\u00e8re Mara<br \/>\n\u2022 Safaris \u00e0 pied<br \/>\n\u2022 Observation des oiseaux<br \/>\n\u2022 L&#039;\u00eele Mfangano sur le lac Victoria<br \/>\n\u2022 Piste d&#039;atterrissage du Masai Mara<br \/>\n\u2022 un ap\u00e9ritif africain<\/p>","protected":false},"excerpt":{"rendered":"<p>Looking for cheap airline ticket from Nairobi to Masai Mara\u00a0or last minute deals? Search, compare and book cheap airline ticket from Nairobi (NBO) to Masai Mara (MRE\u00a0online now. Book cheap flights from Nairobi to Masai Mara online and save money on airfare with confidence on Tiketi.com. If you want to take a break from the [&hellip;]<\/p>\n","protected":false},"author":1,"featured_media":14041,"parent":0,"menu_order":0,"comment_status":"open","ping_status":"closed","template":"template-home-modern.php","meta":{"footnotes":""},"class_list":["post-11956","page","type-page","status-publish","has-post-thumbnail","hentry"],"yoast_head":"<!-- This site is optimized with the Yoast SEO plugin v27.2 - https:\/\/yoast.com\/product\/yoast-seo-wordpress\/ -->\n<title>Cheap Flights From Nairobi to Masai Mara<\/title>\n<meta name=\"description\" content=\"Looking for cheap flights from\u00a0Nairobi to Masai Mara? Search, compare and book cheap airline ticket from Nairobi to Masai Mara online\" \/>\n<meta name=\"robots\" content=\"index, follow, max-snippet:-1, max-image-preview:large, max-video-preview:-1\" \/>\n<link rel=\"canonical\" href=\"https:\/\/tiketi.com\/fr-fr\/flights-nairobi-masai-mara-nbo-mre\/\" \/>\n<meta property=\"og:locale\" content=\"fr_FR\" \/>\n<meta property=\"og:type\" content=\"article\" \/>\n<meta property=\"og:title\" content=\"Cheap Flights From Nairobi to Masai Mara\" \/>\n<meta property=\"og:description\" content=\"Looking for cheap flights from\u00a0Nairobi to Masai Mara? Search, compare and book cheap airline ticket from Nairobi to Masai Mara online\" \/>\n<meta property=\"og:url\" content=\"https:\/\/tiketi.com\/fr-fr\/flights-nairobi-masai-mara-nbo-mre\/\" \/>\n<meta property=\"og:site_name\" content=\"Tiketi.com\" \/>\n<meta property=\"article:publisher\" content=\"https:\/\/www.facebook.com\/TiketiCom\/\" \/>\n<meta property=\"article:modified_time\" content=\"2022-07-14T11:08:38+00:00\" \/>\n<meta property=\"og:image\" content=\"https:\/\/tiketi.com\/wp-content\/uploads\/2022\/01\/flight-ticket-booking-sorasak-KxCJXXGsv9I-unsplas.jpg\" \/>\n\t<meta property=\"og:image:width\" content=\"1200\" \/>\n\t<meta property=\"og:image:height\" content=\"240\" \/>\n\t<meta property=\"og:image:type\" content=\"image\/jpeg\" \/>\n<meta name=\"twitter:card\" content=\"summary_large_image\" \/>\n<meta name=\"twitter:label1\" content=\"Dur\u00e9e de lecture estim\u00e9e\" \/>\n\t<meta name=\"twitter:data1\" content=\"3 minutes\" \/>\n<script type=\"application\/ld+json\" class=\"yoast-schema-graph\">{\"@context\":\"https:\/\/schema.org\",\"@graph\":[{\"@type\":\"WebPage\",\"@id\":\"https:\/\/tiketi.com\/flights-nairobi-masai-mara-nbo-mre\/\",\"url\":\"https:\/\/tiketi.com\/flights-nairobi-masai-mara-nbo-mre\/\",\"name\":\"Cheap Flights From Nairobi to Masai Mara\",\"isPartOf\":{\"@id\":\"https:\/\/tiketi.com\/#website\"},\"primaryImageOfPage\":{\"@id\":\"https:\/\/tiketi.com\/flights-nairobi-masai-mara-nbo-mre\/#primaryimage\"},\"image\":{\"@id\":\"https:\/\/tiketi.com\/flights-nairobi-masai-mara-nbo-mre\/#primaryimage\"},\"thumbnailUrl\":\"https:\/\/tiketi.com\/wp-content\/uploads\/2022\/01\/flight-ticket-booking-sorasak-KxCJXXGsv9I-unsplas.jpg\",\"datePublished\":\"2022-01-19T11:55:26+00:00\",\"dateModified\":\"2022-07-14T11:08:38+00:00\",\"description\":\"Looking for cheap flights from\u00a0Nairobi to Masai Mara? Search, compare and book cheap airline ticket from Nairobi to Masai Mara online\",\"breadcrumb\":{\"@id\":\"https:\/\/tiketi.com\/flights-nairobi-masai-mara-nbo-mre\/#breadcrumb\"},\"inLanguage\":\"fr-FR\",\"potentialAction\":[{\"@type\":\"ReadAction\",\"target\":[\"https:\/\/tiketi.com\/flights-nairobi-masai-mara-nbo-mre\/\"]}]},{\"@type\":\"ImageObject\",\"inLanguage\":\"fr-FR\",\"@id\":\"https:\/\/tiketi.com\/flights-nairobi-masai-mara-nbo-mre\/#primaryimage\",\"url\":\"https:\/\/tiketi.com\/wp-content\/uploads\/2022\/01\/flight-ticket-booking-sorasak-KxCJXXGsv9I-unsplas.jpg\",\"contentUrl\":\"https:\/\/tiketi.com\/wp-content\/uploads\/2022\/01\/flight-ticket-booking-sorasak-KxCJXXGsv9I-unsplas.jpg\",\"width\":1200,\"height\":240,\"caption\":\"Online flight ticket booking\"},{\"@type\":\"BreadcrumbList\",\"@id\":\"https:\/\/tiketi.com\/flights-nairobi-masai-mara-nbo-mre\/#breadcrumb\",\"itemListElement\":[{\"@type\":\"ListItem\",\"position\":1,\"name\":\"Home\",\"item\":\"https:\/\/tiketi.com\/\"},{\"@type\":\"ListItem\",\"position\":2,\"name\":\"Cheap Flights From Nairobi to Masai Mara\"}]},{\"@type\":\"WebSite\",\"@id\":\"https:\/\/tiketi.com\/#website\",\"url\":\"https:\/\/tiketi.com\/\",\"name\":\"Flight & Bus Tickets, Tour Packages & Activitites - Tiketi.com\",\"description\":\"Flight &amp; Bus Tickets, Tours, Activitites\",\"publisher\":{\"@id\":\"https:\/\/tiketi.com\/#organization\"},\"potentialAction\":[{\"@type\":\"SearchAction\",\"target\":{\"@type\":\"EntryPoint\",\"urlTemplate\":\"https:\/\/tiketi.com\/?s={search_term_string}\"},\"query-input\":{\"@type\":\"PropertyValueSpecification\",\"valueRequired\":true,\"valueName\":\"search_term_string\"}}],\"inLanguage\":\"fr-FR\"},{\"@type\":\"Organization\",\"@id\":\"https:\/\/tiketi.com\/#organization\",\"name\":\"Tiketi.com\",\"alternateName\":\"Tiketi\",\"url\":\"https:\/\/tiketi.com\/\",\"logo\":{\"@type\":\"ImageObject\",\"inLanguage\":\"fr-FR\",\"@id\":\"https:\/\/tiketi.com\/#\/schema\/logo\/image\/\",\"url\":\"https:\/\/tiketi.com\/wp-content\/uploads\/2019\/05\/tiketi-logo-696.png\",\"contentUrl\":\"https:\/\/tiketi.com\/wp-content\/uploads\/2019\/05\/tiketi-logo-696.png\",\"width\":696,\"height\":696,\"caption\":\"Tiketi.com\"},\"image\":{\"@id\":\"https:\/\/tiketi.com\/#\/schema\/logo\/image\/\"},\"sameAs\":[\"https:\/\/www.facebook.com\/TiketiCom\/\"]}]}<\/script>\n<!-- \/ Yoast SEO plugin. -->","yoast_head_json":{"title":"Vols pas chers de Nairobi \u00e0 Masai Mara","description":"Vous recherchez des vols \u00e0 bas prix au Nairobi vers Masai Mara? Recherchez, comparez et r\u00e9servez en ligne un billet d&#039;avion pas cher de Nairobi \u00e0 Masai Mara","robots":{"index":"index","follow":"follow","max-snippet":"max-snippet:-1","max-image-preview":"max-image-preview:large","max-video-preview":"max-video-preview:-1"},"canonical":"https:\/\/tiketi.com\/fr-fr\/flights-nairobi-masai-mara-nbo-mre\/","og_locale":"fr_FR","og_type":"article","og_title":"Cheap Flights From Nairobi to Masai Mara","og_description":"Looking for cheap flights from\u00a0Nairobi to Masai Mara? Search, compare and book cheap airline ticket from Nairobi to Masai Mara online","og_url":"https:\/\/tiketi.com\/fr-fr\/flights-nairobi-masai-mara-nbo-mre\/","og_site_name":"Tiketi.com","article_publisher":"https:\/\/www.facebook.com\/TiketiCom\/","article_modified_time":"2022-07-14T11:08:38+00:00","og_image":[{"width":1200,"height":240,"url":"https:\/\/tiketi.com\/wp-content\/uploads\/2022\/01\/flight-ticket-booking-sorasak-KxCJXXGsv9I-unsplas.jpg","type":"image\/jpeg"}],"twitter_card":"summary_large_image","twitter_misc":{"Dur\u00e9e de lecture estim\u00e9e":"3 minutes"},"schema":{"@context":"https:\/\/schema.org","@graph":[{"@type":"WebPage","@id":"https:\/\/tiketi.com\/flights-nairobi-masai-mara-nbo-mre\/","url":"https:\/\/tiketi.com\/flights-nairobi-masai-mara-nbo-mre\/","name":"Vols pas chers de Nairobi \u00e0 Masai Mara","isPartOf":{"@id":"https:\/\/tiketi.com\/#website"},"primaryImageOfPage":{"@id":"https:\/\/tiketi.com\/flights-nairobi-masai-mara-nbo-mre\/#primaryimage"},"image":{"@id":"https:\/\/tiketi.com\/flights-nairobi-masai-mara-nbo-mre\/#primaryimage"},"thumbnailUrl":"https:\/\/tiketi.com\/wp-content\/uploads\/2022\/01\/flight-ticket-booking-sorasak-KxCJXXGsv9I-unsplas.jpg","datePublished":"2022-01-19T11:55:26+00:00","dateModified":"2022-07-14T11:08:38+00:00","description":"Vous recherchez des vols \u00e0 bas prix au Nairobi vers Masai Mara? Recherchez, comparez et r\u00e9servez en ligne un billet d&#039;avion pas cher de Nairobi \u00e0 Masai Mara","breadcrumb":{"@id":"https:\/\/tiketi.com\/flights-nairobi-masai-mara-nbo-mre\/#breadcrumb"},"inLanguage":"fr-FR","potentialAction":[{"@type":"ReadAction","target":["https:\/\/tiketi.com\/flights-nairobi-masai-mara-nbo-mre\/"]}]},{"@type":"ImageObject","inLanguage":"fr-FR","@id":"https:\/\/tiketi.com\/flights-nairobi-masai-mara-nbo-mre\/#primaryimage","url":"https:\/\/tiketi.com\/wp-content\/uploads\/2022\/01\/flight-ticket-booking-sorasak-KxCJXXGsv9I-unsplas.jpg","contentUrl":"https:\/\/tiketi.com\/wp-content\/uploads\/2022\/01\/flight-ticket-booking-sorasak-KxCJXXGsv9I-unsplas.jpg","width":1200,"height":240,"caption":"Online flight ticket booking"},{"@type":"BreadcrumbList","@id":"https:\/\/tiketi.com\/flights-nairobi-masai-mara-nbo-mre\/#breadcrumb","itemListElement":[{"@type":"ListItem","position":1,"name":"Home","item":"https:\/\/tiketi.com\/"},{"@type":"ListItem","position":2,"name":"Cheap Flights From Nairobi to Masai Mara"}]},{"@type":"WebSite","@id":"https:\/\/tiketi.com\/#website","url":"https:\/\/tiketi.com\/","name":"Billets d&#039;avion et de bus, forfaits touristiques et activit\u00e9s - Tiketi.com","description":"Billets d&#039;avion et de bus, Tours, Activit\u00e9s","publisher":{"@id":"https:\/\/tiketi.com\/#organization"},"potentialAction":[{"@type":"SearchAction","target":{"@type":"EntryPoint","urlTemplate":"https:\/\/tiketi.com\/?s={search_term_string}"},"query-input":{"@type":"PropertyValueSpecification","valueRequired":true,"valueName":"search_term_string"}}],"inLanguage":"fr-FR"},{"@type":"Organization","@id":"https:\/\/tiketi.com\/#organization","name":"Tiketi.com","alternateName":"Tiketi","url":"https:\/\/tiketi.com\/","logo":{"@type":"ImageObject","inLanguage":"fr-FR","@id":"https:\/\/tiketi.com\/#\/schema\/logo\/image\/","url":"https:\/\/tiketi.com\/wp-content\/uploads\/2019\/05\/tiketi-logo-696.png","contentUrl":"https:\/\/tiketi.com\/wp-content\/uploads\/2019\/05\/tiketi-logo-696.png","width":696,"height":696,"caption":"Tiketi.com"},"image":{"@id":"https:\/\/tiketi.com\/#\/schema\/logo\/image\/"},"sameAs":["https:\/\/www.facebook.com\/TiketiCom\/"]}]}},"_links":{"self":[{"href":"https:\/\/tiketi.com\/fr-fr\/wp-json\/wp\/v2\/pages\/11956","targetHints":{"allow":["GET"]}}],"collection":[{"href":"https:\/\/tiketi.com\/fr-fr\/wp-json\/wp\/v2\/pages"}],"about":[{"href":"https:\/\/tiketi.com\/fr-fr\/wp-json\/wp\/v2\/types\/page"}],"author":[{"embeddable":true,"href":"https:\/\/tiketi.com\/fr-fr\/wp-json\/wp\/v2\/users\/1"}],"replies":[{"embeddable":true,"href":"https:\/\/tiketi.com\/fr-fr\/wp-json\/wp\/v2\/comments?post=11956"}],"version-history":[{"count":0,"href":"https:\/\/tiketi.com\/fr-fr\/wp-json\/wp\/v2\/pages\/11956\/revisions"}],"wp:featuredmedia":[{"embeddable":true,"href":"https:\/\/tiketi.com\/fr-fr\/wp-json\/wp\/v2\/media\/14041"}],"wp:attachment":[{"href":"https:\/\/tiketi.com\/fr-fr\/wp-json\/wp\/v2\/media?parent=11956"}],"curies":[{"name":"wp","href":"https:\/\/api.w.org\/{rel}","templated":true}]}}