{"id":11957,"date":"2022-01-19T12:55:26","date_gmt":"2022-01-19T11:55:26","guid":{"rendered":"https:\/\/new.tiketi.com\/cheap-flights-from-kigali-to-nairobi\/"},"modified":"2022-02-08T17:01:26","modified_gmt":"2022-02-08T16:01:26","slug":"flights-kigali-nairobi-kgl-nbo","status":"publish","type":"page","link":"https:\/\/tiketi.com\/fr-fr\/flights-kigali-nairobi-kgl-nbo\/","title":{"rendered":"Vols \u00e0 bas prix de Kigali \u00e0 Nairobi"},"content":{"rendered":"<h2>Vous recherchez un billet d&#039;avion pas cher de Kigali \u00e0 Nairobi ou des offres de derni\u00e8re minute ?<\/h2>\n<h3>Recherchez, comparez et r\u00e9servez en ligne maintenant un billet d&#039;avion pas cher entre Kigali (KGL) et Nairobi (NBO).<\/h3>\n<p>R\u00e9servez en ligne des vols \u00e0 bas prix de Kigali \u00e0 Nairobi et \u00e9conomisez de l&#039;argent sur les billets d&#039;avion. D\u00e9couvrez la ville qui s&#039;est cr\u00e9\u00e9e autour du point d&#039;eau Maasai. R\u00e9servez un vol de Kigali \u00e0 Nairobi et explorez l&#039;incroyable atmosph\u00e8re naturelle et l&#039;abondance de la faune qui font la renomm\u00e9e du Kenya. Allez au mus\u00e9e Karen Blixen et d\u00e9gustez des fruits frais dans le magnifique et color\u00e9 march\u00e9 de la ville. Nairobi est une ville extr\u00eamement verte avec un climat dynamique. Les temp\u00e9ratures varient entre 20 et 25 degr\u00e9s Celsius, ce qui en fait un endroit parfait toute l&#039;ann\u00e9e. Visitez Nairobi gr\u00e2ce \u00e0 des offres exceptionnelles sur les billets d&#039;avion de Kigali \u00e0 Nairobi et volez de Kigali \u00e0 Nairobi \u00e0 bas prix.<\/p>\n<h2>Voici quelques-unes des meilleures attractions de Nairobi<\/h2>\n<p>C&#039;est un endroit de grands contrastes o\u00f9 la tribu, la race et l&#039;origine deviennent toutes les facettes d&#039;un caract\u00e8re sp\u00e9cial de Nairobi. La ville n&#039;a pas perdu son sens du pass\u00e9, avec un charmant mus\u00e9e et la maison historique de Karen Blixen, auteur Out of African.<\/p>\n<p>Ce n&#039;est pas une derni\u00e8re capitale s\u00e9par\u00e9e de la plus grande nature sauvage qui l&#039;entoure. Juste \u00e0 l&#039;ext\u00e9rieur de la ville se trouve le parc national de Nairobi, 113 km\u00b2 de falaises, de plaines et de for\u00eats. Le parc abrite de grands troupeaux de gnous, de z\u00e8bres et de girafes et plus encore. Cheetah, Rhino et un grand nombre de Lions tous trouv\u00e9s ici, vivant \u00e0 l&#039;\u00e9tat sauvage \u00e0 vingt minutes du centre-ville.<\/p>\n<p>Nul doute que Nairobi est l&#039;endroit id\u00e9al pour un city trip et le meilleur point de d\u00e9part pour des vacances plus longues au Kenya.<\/p>\n<h2>FAQ sur les vols pas chers de Kigali \u00e0 Nairobi<\/h2>\n<h3>Quel est le jour le moins cher pour voler ?<\/h3>\n<p>Le jour abordable pour voler de Kigali \u00e0 Nairobi est le mardi.<\/p>\n<h3>Quel est le meilleur horaire de vol de Kigali \u00e0 Nairobi?<\/h3>\n<p>G\u00e9n\u00e9ralement, le meilleur moment pour r\u00e9server un vol Kigali-Nairobi est de deux mois \u00e0 l&#039;avance. Et les jours abordables pour voler sont le mardi, le samedi et le mercredi.<\/p>\n<h3>Combien de vols directs Kigali-Nairobi ?<\/h3>\n<p>Il y a vingt vols directs entre Kigali et Nairobi.<\/p>\n<h3>Quelle est la compagnie a\u00e9rienne la plus c\u00e9l\u00e8bre pour les billets d&#039;avion sans escale de Kigali \u00e0 Nairobi ?<\/h3>\n<p>RwamdAir Express propose soixante-cinq des vols sans escale entre Kigali et Nairobi.<\/p>\n<h3>Quelles sont les compagnies a\u00e9riennes pr\u00e9f\u00e9r\u00e9es pour les billets d&#039;avion de Kigali \u00e0 Nairobi ?<\/h3>\n<p>Rwandair Express, Kenya Airways, Air France, Etihad Airways sont les meilleures compagnies a\u00e9riennes sur les vols entre Kigali et Nairobi.<\/p>\n<h3>Quels sont les codes et le nom des a\u00e9roports de Kigali et de Nairobi\u00a0?<\/h3>\n<p>Le nom de l&#039;a\u00e9roport de Nairobi est l&#039;a\u00e9roport international Jomo Kenyatta, son code est NBO et le nom de l&#039;a\u00e9roport de Kigali est l&#039;a\u00e9roport international de Kigali et son code est KGL.<\/p>\n<h2>Conseils pour les vols Kigali - Nairobi<\/h2>\n<p>\u2022 La distance de vol entre Kigali et Nairobi est de 766 km.<\/p>\n<p>\u2022 Deux compagnies a\u00e9riennes proposent des vols directs de Kigali \u00e0 Nairobi.<\/p>\n<p>\u2022 La compagnie a\u00e9rienne la plus c\u00e9l\u00e8bre de Kigali \u00e0 Nairobi est Kenya Airways.<\/p>","protected":false},"excerpt":{"rendered":"<p>Looking for cheap airline ticket from Kigali to Nairobi\u00a0or last minute deals? Search, compare and book cheap airline ticket from Kigali (KGL) to Nairobi (NBO) online now. Book cheap flights from Kigali to Nairobi online and save money on airfare. Discover the city that created around Maasai waterhole. Book flight from Kigali to Nairobi and [&hellip;]<\/p>\n","protected":false},"author":1,"featured_media":17853,"parent":0,"menu_order":0,"comment_status":"open","ping_status":"closed","template":"template-home-modern.php","meta":{"footnotes":""},"class_list":["post-11957","page","type-page","status-publish","has-post-thumbnail","hentry"],"yoast_head":"<!-- This site is optimized with the Yoast SEO plugin v27.3 - https:\/\/yoast.com\/product\/yoast-seo-wordpress\/ -->\n<title>Cheap Flights From Kigali to Nairobi<\/title>\n<meta name=\"description\" content=\"Looking for cheap flights from\u00a0Kigali to Nairobi? Search, compare and book cheap airline ticket from Kigali to Nairobi online\" \/>\n<meta name=\"robots\" content=\"index, follow, max-snippet:-1, max-image-preview:large, max-video-preview:-1\" \/>\n<link rel=\"canonical\" href=\"https:\/\/tiketi.com\/fr-fr\/flights-kigali-nairobi-kgl-nbo\/\" \/>\n<meta property=\"og:locale\" content=\"fr_FR\" \/>\n<meta property=\"og:type\" content=\"article\" \/>\n<meta property=\"og:title\" content=\"Cheap Flights From Kigali to Nairobi\" \/>\n<meta property=\"og:description\" content=\"Looking for cheap flights from\u00a0Kigali to Nairobi? Search, compare and book cheap airline ticket from Kigali to Nairobi online\" \/>\n<meta property=\"og:url\" content=\"https:\/\/tiketi.com\/fr-fr\/flights-kigali-nairobi-kgl-nbo\/\" \/>\n<meta property=\"og:site_name\" content=\"Tiketi.com\" \/>\n<meta property=\"article:publisher\" content=\"https:\/\/www.facebook.com\/TiketiCom\/\" \/>\n<meta property=\"article:modified_time\" content=\"2022-02-08T16:01:26+00:00\" \/>\n<meta property=\"og:image\" content=\"https:\/\/tiketi.com\/wp-content\/uploads\/2019\/05\/nairobi-city-3143632_1280.jpg\" \/>\n\t<meta property=\"og:image:width\" content=\"1200\" \/>\n\t<meta property=\"og:image:height\" content=\"202\" \/>\n\t<meta property=\"og:image:type\" content=\"image\/jpeg\" \/>\n<meta name=\"twitter:card\" content=\"summary_large_image\" \/>\n<meta name=\"twitter:label1\" content=\"Dur\u00e9e de lecture estim\u00e9e\" \/>\n\t<meta name=\"twitter:data1\" content=\"3 minutes\" \/>\n<script type=\"application\/ld+json\" class=\"yoast-schema-graph\">{\"@context\":\"https:\\\/\\\/schema.org\",\"@graph\":[{\"@type\":\"WebPage\",\"@id\":\"https:\\\/\\\/tiketi.com\\\/flights-kigali-nairobi-kgl-nbo\\\/\",\"url\":\"https:\\\/\\\/tiketi.com\\\/flights-kigali-nairobi-kgl-nbo\\\/\",\"name\":\"Cheap Flights From Kigali to Nairobi\",\"isPartOf\":{\"@id\":\"https:\\\/\\\/tiketi.com\\\/#website\"},\"primaryImageOfPage\":{\"@id\":\"https:\\\/\\\/tiketi.com\\\/flights-kigali-nairobi-kgl-nbo\\\/#primaryimage\"},\"image\":{\"@id\":\"https:\\\/\\\/tiketi.com\\\/flights-kigali-nairobi-kgl-nbo\\\/#primaryimage\"},\"thumbnailUrl\":\"https:\\\/\\\/tiketi.com\\\/wp-content\\\/uploads\\\/2019\\\/05\\\/nairobi-city-3143632_1280.jpg\",\"datePublished\":\"2022-01-19T11:55:26+00:00\",\"dateModified\":\"2022-02-08T16:01:26+00:00\",\"description\":\"Looking for cheap flights from\u00a0Kigali to Nairobi? Search, compare and book cheap airline ticket from Kigali to Nairobi online\",\"breadcrumb\":{\"@id\":\"https:\\\/\\\/tiketi.com\\\/flights-kigali-nairobi-kgl-nbo\\\/#breadcrumb\"},\"inLanguage\":\"fr-FR\",\"potentialAction\":[{\"@type\":\"ReadAction\",\"target\":[\"https:\\\/\\\/tiketi.com\\\/flights-kigali-nairobi-kgl-nbo\\\/\"]}]},{\"@type\":\"ImageObject\",\"inLanguage\":\"fr-FR\",\"@id\":\"https:\\\/\\\/tiketi.com\\\/flights-kigali-nairobi-kgl-nbo\\\/#primaryimage\",\"url\":\"https:\\\/\\\/tiketi.com\\\/wp-content\\\/uploads\\\/2019\\\/05\\\/nairobi-city-3143632_1280.jpg\",\"contentUrl\":\"https:\\\/\\\/tiketi.com\\\/wp-content\\\/uploads\\\/2019\\\/05\\\/nairobi-city-3143632_1280.jpg\",\"width\":1200,\"height\":202,\"caption\":\"Air Taxi in Nairobi\"},{\"@type\":\"BreadcrumbList\",\"@id\":\"https:\\\/\\\/tiketi.com\\\/flights-kigali-nairobi-kgl-nbo\\\/#breadcrumb\",\"itemListElement\":[{\"@type\":\"ListItem\",\"position\":1,\"name\":\"Home\",\"item\":\"https:\\\/\\\/tiketi.com\\\/\"},{\"@type\":\"ListItem\",\"position\":2,\"name\":\"Cheap Flights From Kigali to Nairobi\"}]},{\"@type\":\"WebSite\",\"@id\":\"https:\\\/\\\/tiketi.com\\\/#website\",\"url\":\"https:\\\/\\\/tiketi.com\\\/\",\"name\":\"Flight & Bus Tickets, Tour Packages & Activitites - Tiketi.com\",\"description\":\"Flight &amp; Bus Tickets, Tours, Activitites\",\"publisher\":{\"@id\":\"https:\\\/\\\/tiketi.com\\\/#organization\"},\"potentialAction\":[{\"@type\":\"SearchAction\",\"target\":{\"@type\":\"EntryPoint\",\"urlTemplate\":\"https:\\\/\\\/tiketi.com\\\/?s={search_term_string}\"},\"query-input\":{\"@type\":\"PropertyValueSpecification\",\"valueRequired\":true,\"valueName\":\"search_term_string\"}}],\"inLanguage\":\"fr-FR\"},{\"@type\":\"Organization\",\"@id\":\"https:\\\/\\\/tiketi.com\\\/#organization\",\"name\":\"Tiketi.com\",\"alternateName\":\"Tiketi\",\"url\":\"https:\\\/\\\/tiketi.com\\\/\",\"logo\":{\"@type\":\"ImageObject\",\"inLanguage\":\"fr-FR\",\"@id\":\"https:\\\/\\\/tiketi.com\\\/#\\\/schema\\\/logo\\\/image\\\/\",\"url\":\"https:\\\/\\\/tiketi.com\\\/wp-content\\\/uploads\\\/2019\\\/05\\\/tiketi-logo-696.png\",\"contentUrl\":\"https:\\\/\\\/tiketi.com\\\/wp-content\\\/uploads\\\/2019\\\/05\\\/tiketi-logo-696.png\",\"width\":696,\"height\":696,\"caption\":\"Tiketi.com\"},\"image\":{\"@id\":\"https:\\\/\\\/tiketi.com\\\/#\\\/schema\\\/logo\\\/image\\\/\"},\"sameAs\":[\"https:\\\/\\\/www.facebook.com\\\/TiketiCom\\\/\"]}]}<\/script>\n<!-- \/ Yoast SEO plugin. -->","yoast_head_json":{"title":"Vols \u00e0 bas prix de Kigali \u00e0 Nairobi","description":"Vous recherchez des vols \u00e0 bas prix de Kigali vers Nairobi ? Recherchez, comparez et r\u00e9servez en ligne un billet d&#039;avion pas cher de Kigali \u00e0 Nairobi","robots":{"index":"index","follow":"follow","max-snippet":"max-snippet:-1","max-image-preview":"max-image-preview:large","max-video-preview":"max-video-preview:-1"},"canonical":"https:\/\/tiketi.com\/fr-fr\/flights-kigali-nairobi-kgl-nbo\/","og_locale":"fr_FR","og_type":"article","og_title":"Cheap Flights From Kigali to Nairobi","og_description":"Looking for cheap flights from\u00a0Kigali to Nairobi? Search, compare and book cheap airline ticket from Kigali to Nairobi online","og_url":"https:\/\/tiketi.com\/fr-fr\/flights-kigali-nairobi-kgl-nbo\/","og_site_name":"Tiketi.com","article_publisher":"https:\/\/www.facebook.com\/TiketiCom\/","article_modified_time":"2022-02-08T16:01:26+00:00","og_image":[{"width":1200,"height":202,"url":"https:\/\/tiketi.com\/wp-content\/uploads\/2019\/05\/nairobi-city-3143632_1280.jpg","type":"image\/jpeg"}],"twitter_card":"summary_large_image","twitter_misc":{"Dur\u00e9e de lecture estim\u00e9e":"3 minutes"},"schema":{"@context":"https:\/\/schema.org","@graph":[{"@type":"WebPage","@id":"https:\/\/tiketi.com\/flights-kigali-nairobi-kgl-nbo\/","url":"https:\/\/tiketi.com\/flights-kigali-nairobi-kgl-nbo\/","name":"Vols \u00e0 bas prix de Kigali \u00e0 Nairobi","isPartOf":{"@id":"https:\/\/tiketi.com\/#website"},"primaryImageOfPage":{"@id":"https:\/\/tiketi.com\/flights-kigali-nairobi-kgl-nbo\/#primaryimage"},"image":{"@id":"https:\/\/tiketi.com\/flights-kigali-nairobi-kgl-nbo\/#primaryimage"},"thumbnailUrl":"https:\/\/tiketi.com\/wp-content\/uploads\/2019\/05\/nairobi-city-3143632_1280.jpg","datePublished":"2022-01-19T11:55:26+00:00","dateModified":"2022-02-08T16:01:26+00:00","description":"Vous recherchez des vols \u00e0 bas prix de Kigali vers Nairobi ? Recherchez, comparez et r\u00e9servez en ligne un billet d&#039;avion pas cher de Kigali \u00e0 Nairobi","breadcrumb":{"@id":"https:\/\/tiketi.com\/flights-kigali-nairobi-kgl-nbo\/#breadcrumb"},"inLanguage":"fr-FR","potentialAction":[{"@type":"ReadAction","target":["https:\/\/tiketi.com\/flights-kigali-nairobi-kgl-nbo\/"]}]},{"@type":"ImageObject","inLanguage":"fr-FR","@id":"https:\/\/tiketi.com\/flights-kigali-nairobi-kgl-nbo\/#primaryimage","url":"https:\/\/tiketi.com\/wp-content\/uploads\/2019\/05\/nairobi-city-3143632_1280.jpg","contentUrl":"https:\/\/tiketi.com\/wp-content\/uploads\/2019\/05\/nairobi-city-3143632_1280.jpg","width":1200,"height":202,"caption":"Air Taxi in Nairobi"},{"@type":"BreadcrumbList","@id":"https:\/\/tiketi.com\/flights-kigali-nairobi-kgl-nbo\/#breadcrumb","itemListElement":[{"@type":"ListItem","position":1,"name":"Home","item":"https:\/\/tiketi.com\/"},{"@type":"ListItem","position":2,"name":"Cheap Flights From Kigali to Nairobi"}]},{"@type":"WebSite","@id":"https:\/\/tiketi.com\/#website","url":"https:\/\/tiketi.com\/","name":"Billets d&#039;avion et de bus, forfaits touristiques et activit\u00e9s - Tiketi.com","description":"Billets d&#039;avion et de bus, Tours, Activit\u00e9s","publisher":{"@id":"https:\/\/tiketi.com\/#organization"},"potentialAction":[{"@type":"SearchAction","target":{"@type":"EntryPoint","urlTemplate":"https:\/\/tiketi.com\/?s={search_term_string}"},"query-input":{"@type":"PropertyValueSpecification","valueRequired":true,"valueName":"search_term_string"}}],"inLanguage":"fr-FR"},{"@type":"Organization","@id":"https:\/\/tiketi.com\/#organization","name":"Tiketi.com","alternateName":"Tiketi","url":"https:\/\/tiketi.com\/","logo":{"@type":"ImageObject","inLanguage":"fr-FR","@id":"https:\/\/tiketi.com\/#\/schema\/logo\/image\/","url":"https:\/\/tiketi.com\/wp-content\/uploads\/2019\/05\/tiketi-logo-696.png","contentUrl":"https:\/\/tiketi.com\/wp-content\/uploads\/2019\/05\/tiketi-logo-696.png","width":696,"height":696,"caption":"Tiketi.com"},"image":{"@id":"https:\/\/tiketi.com\/#\/schema\/logo\/image\/"},"sameAs":["https:\/\/www.facebook.com\/TiketiCom\/"]}]}},"_links":{"self":[{"href":"https:\/\/tiketi.com\/fr-fr\/wp-json\/wp\/v2\/pages\/11957","targetHints":{"allow":["GET"]}}],"collection":[{"href":"https:\/\/tiketi.com\/fr-fr\/wp-json\/wp\/v2\/pages"}],"about":[{"href":"https:\/\/tiketi.com\/fr-fr\/wp-json\/wp\/v2\/types\/page"}],"author":[{"embeddable":true,"href":"https:\/\/tiketi.com\/fr-fr\/wp-json\/wp\/v2\/users\/1"}],"replies":[{"embeddable":true,"href":"https:\/\/tiketi.com\/fr-fr\/wp-json\/wp\/v2\/comments?post=11957"}],"version-history":[{"count":0,"href":"https:\/\/tiketi.com\/fr-fr\/wp-json\/wp\/v2\/pages\/11957\/revisions"}],"wp:featuredmedia":[{"embeddable":true,"href":"https:\/\/tiketi.com\/fr-fr\/wp-json\/wp\/v2\/media\/17853"}],"wp:attachment":[{"href":"https:\/\/tiketi.com\/fr-fr\/wp-json\/wp\/v2\/media?parent=11957"}],"curies":[{"name":"wp","href":"https:\/\/api.w.org\/{rel}","templated":true}]}}