{"id":11958,"date":"2022-01-19T12:55:26","date_gmt":"2022-01-19T11:55:26","guid":{"rendered":"https:\/\/new.tiketi.com\/cheap-flights-from-johannesburg-to-mauritius\/"},"modified":"2022-02-08T15:07:42","modified_gmt":"2022-02-08T14:07:42","slug":"flights-johannesburg-mauritius-jnb-mru","status":"publish","type":"page","link":"https:\/\/tiketi.com\/fr-fr\/flights-johannesburg-mauritius-jnb-mru\/","title":{"rendered":"Vols \u00e0 bas prix de Johannesbourg \u00e0 \u00cele Maurice"},"content":{"rendered":"<h2>Vous \u00eates \u00e0 la recherche de billets d&#039;avion pas chers Johannesbourg vers Ile Maurice ou d&#039;offres de derni\u00e8re minute ?<\/h2>\n<h3>Recherchez, comparez et r\u00e9servez en ligne maintenant un billet d&#039;avion pas cher entre Johannesbourg (JNB) et Maurice (MRU).<\/h3>\n<p>R\u00e9servez en ligne des vols \u00e0 bas prix de Johannesbourg pour Maurice et \u00e9conomisez de l&#039;argent sur les billets d&#039;avion. Maurice vous laissera compl\u00e8tement hypnotis\u00e9 avec un certain nombre d&#039;endroits \u00e0 visiter \u00e0 Maurice. Les eaux merveilleuses de Grand Baie apaiseront d\u00e9finitivement votre \u00e2me. Et si cela ne suffit pas, vous ne pouvez pas manquer la beaut\u00e9 naturelle de Chamarel Colored Earth o\u00f9 vous trouverez de riches dunes de sable de couleur noire, rouge\u00e2tre, violette et cyan. Si vous souhaitez visiter cet endroit, vous pouvez facilement r\u00e9server des vols Johannesburg Maurice via Internet. Visitez l&#039;\u00eele Maurice gr\u00e2ce \u00e0 des offres exceptionnelles sur les billets d&#039;avion de Johannesburg \u00e0 l&#039;\u00eele Maurice et volez de Johannesburg \u00e0 l&#039;\u00eele Maurice \u00e0 bas prix.<\/p>\n<h2>Voici quelques-unes des meilleures attractions de l&#039;\u00eele Maurice<\/h2>\n<p>Au milieu de cette charmante beaut\u00e9, vous serez enti\u00e8rement vendu par la tranquillit\u00e9 et la paix de Grand Bassin o\u00f9 vous pourrez visiter le c\u00e9l\u00e8bre temple de Lord Shiva qui est plac\u00e9 \u00e0 environ 1800 pieds au-dessus du niveau de la mer. \u00c9tant donn\u00e9 que l&#039;\u00eele Maurice a quelque chose pour chaque personne, vous pouvez \u00e9galement visiter l&#039;\u00eele Maurice o\u00f9 vous aurez la chance d&#039;\u00eatre t\u00e9moin de vieilles gravures et d&#039;appareils photo.<\/p>\n<p>Vous trouverez ci-dessous quelques-unes des meilleures attractions de l&#039;\u00eele Maurice qui attirent l&#039;attention de tous les \u00e2ges\u00a0:<\/p>\n<p>\u2022 Chutes de tamarin<br \/>\n\u2022 Phare d&#039;Albion<br \/>\n\u2022 Mah\u00e9bourg<br \/>\n\u2022 Plage de l&#039;\u00eelot Gabriel, \u00eele Gabriel<br \/>\n\u2022 Grand Baie pr\u00e8s de Port Louis<br \/>\n\u2022 Terre de couleur Chamarel<br \/>\n\u2022 Grand Bassin pr\u00e8s de Port Louis<br \/>\n\u2022 Parc National des Gorges de la Rivi\u00e8re Noire, Port Louis<br \/>\n\u2022 La plage du Morne<br \/>\n\u2022 Croisi\u00e8re en Catamaran \u00e0 Rivi\u00e8re Noire<br \/>\n\u2022 Jardin botanique national de Maurice<br \/>\n\u2022 Trou Aux Cerfs<br \/>\n\u2022 Fort de la Citadelle sur la colline Petite Montague<\/p>\n<h2>FAQ sur les vols pas chers de Johannesbourg \u00e0 \u00cele Maurice<\/h2>\n<h3>Quel est le meilleur moment pour r\u00e9server un billet d&#039;avion pas cher de Johannesburg vers Ile Maurice ?<\/h3>\n<p>Pour vous assurer d&#039;obtenir le prix abordable possible pour un vol vers l&#039;\u00eele Maurice, vous devriez regarder au moins trente-neuf jours avant la date de votre voyage pr\u00e9vu. Le prix de votre vol peut augmenter si vous retardez et laissez la r\u00e9servation jusqu&#039;\u00e0 une semaine environ avant le d\u00e9part.<\/p>\n<h3>Quel jour est abordable pour prendre l&#039;avion pour l&#039;\u00eele Maurice ?<\/h3>\n<p>Le jour le moins cher pour partir pour un vol Johannesburg Maurice est g\u00e9n\u00e9ralement mardi. Pour le moment, le lundi est le plus cher.<\/p>\n<h3>\u00c0 quel moment de la journ\u00e9e est-il le moins cher de r\u00e9server un billet d&#039;avion de Johannesburg \u00e0 Maurice ?<\/h3>\n<p>Pour le moment, les vols de l&#039;apr\u00e8s-midi sont susceptibles d&#039;offrir le meilleur rapport qualit\u00e9-prix pour votre circuit \u00e0 Maurice. Un vol le matin co\u00fbte g\u00e9n\u00e9ralement plus cher.<\/p>\n<h3>Quelles compagnies a\u00e9riennes assurent des vols Johannesburg - \u00cele Maurice ?<\/h3>\n<p>Pour un vol continu vers l&#039;\u00eele Maurice depuis Johannesburg, vous pouvez voyager avec South African Airways ou British Airways, Air Mauritius, avec au moins 1 vol par jour. Si vous passez par Nairobi, au Kenya, vous pouvez utiliser des transporteurs suppl\u00e9mentaires, notamment Turkish Airlines et Air Australia.<\/p>\n<h3>Combien de temps dure le vol?<\/h3>\n<p>Les vols directs de Johannesburg \u00e0 Maurice prennent environ trois heures cinquante minutes, avec un temps suppl\u00e9mentaire n\u00e9cessaire si vous faites une escale.<\/p>\n<p>&nbsp;<\/p>","protected":false},"excerpt":{"rendered":"<p>Looking for cheap airline ticket from Johannesburg to Mauritius\u00a0or last minute deals? Search, compare and book cheap airline ticket from Johannesburg (JNB) to Mauritius (MRU) online now. Book cheap flights from Johannesburg to Mauritius online and save money on airfare. Mauritius will leave you fully mesmerized with quite a number of locations to visit in [&hellip;]<\/p>\n","protected":false},"author":1,"featured_media":14041,"parent":0,"menu_order":0,"comment_status":"open","ping_status":"closed","template":"template-home-modern.php","meta":{"footnotes":""},"class_list":["post-11958","page","type-page","status-publish","has-post-thumbnail","hentry"],"yoast_head":"<!-- This site is optimized with the Yoast SEO plugin v27.3 - https:\/\/yoast.com\/product\/yoast-seo-wordpress\/ -->\n<title>Cheap Flights From Johannesburg to Mauritius<\/title>\n<meta name=\"description\" content=\"Looking for cheap flights from\u00a0Johannesburg to Mauritius? Search, compare and book cheap airline ticket from Johannesburg to Mauritius online\" \/>\n<meta name=\"robots\" content=\"index, follow, max-snippet:-1, max-image-preview:large, max-video-preview:-1\" \/>\n<link rel=\"canonical\" href=\"https:\/\/tiketi.com\/fr-fr\/flights-johannesburg-mauritius-jnb-mru\/\" \/>\n<meta property=\"og:locale\" content=\"fr_FR\" \/>\n<meta property=\"og:type\" content=\"article\" \/>\n<meta property=\"og:title\" content=\"Cheap Flights From Johannesburg to Mauritius\" \/>\n<meta property=\"og:description\" content=\"Looking for cheap flights from\u00a0Johannesburg to Mauritius? Search, compare and book cheap airline ticket from Johannesburg to Mauritius online\" \/>\n<meta property=\"og:url\" content=\"https:\/\/tiketi.com\/fr-fr\/flights-johannesburg-mauritius-jnb-mru\/\" \/>\n<meta property=\"og:site_name\" content=\"Tiketi.com\" \/>\n<meta property=\"article:publisher\" content=\"https:\/\/www.facebook.com\/TiketiCom\/\" \/>\n<meta property=\"article:modified_time\" content=\"2022-02-08T14:07:42+00:00\" \/>\n<meta property=\"og:image\" content=\"https:\/\/tiketi.com\/wp-content\/uploads\/2022\/01\/flight-ticket-booking-sorasak-KxCJXXGsv9I-unsplas.jpg\" \/>\n\t<meta property=\"og:image:width\" content=\"1200\" \/>\n\t<meta property=\"og:image:height\" content=\"240\" \/>\n\t<meta property=\"og:image:type\" content=\"image\/jpeg\" \/>\n<meta name=\"twitter:card\" content=\"summary_large_image\" \/>\n<meta name=\"twitter:label1\" content=\"Dur\u00e9e de lecture estim\u00e9e\" \/>\n\t<meta name=\"twitter:data1\" content=\"3 minutes\" \/>\n<script type=\"application\/ld+json\" class=\"yoast-schema-graph\">{\"@context\":\"https:\\\/\\\/schema.org\",\"@graph\":[{\"@type\":\"WebPage\",\"@id\":\"https:\\\/\\\/tiketi.com\\\/sw\\\/flights-johannesburg-mauritius-jnb-mru\\\/\",\"url\":\"https:\\\/\\\/tiketi.com\\\/sw\\\/flights-johannesburg-mauritius-jnb-mru\\\/\",\"name\":\"Cheap Flights From Johannesburg to Mauritius\",\"isPartOf\":{\"@id\":\"https:\\\/\\\/tiketi.com\\\/#website\"},\"primaryImageOfPage\":{\"@id\":\"https:\\\/\\\/tiketi.com\\\/sw\\\/flights-johannesburg-mauritius-jnb-mru\\\/#primaryimage\"},\"image\":{\"@id\":\"https:\\\/\\\/tiketi.com\\\/sw\\\/flights-johannesburg-mauritius-jnb-mru\\\/#primaryimage\"},\"thumbnailUrl\":\"https:\\\/\\\/tiketi.com\\\/wp-content\\\/uploads\\\/2022\\\/01\\\/flight-ticket-booking-sorasak-KxCJXXGsv9I-unsplas.jpg\",\"datePublished\":\"2022-01-19T11:55:26+00:00\",\"dateModified\":\"2022-02-08T14:07:42+00:00\",\"description\":\"Looking for cheap flights from\u00a0Johannesburg to Mauritius? Search, compare and book cheap airline ticket from Johannesburg to Mauritius online\",\"breadcrumb\":{\"@id\":\"https:\\\/\\\/tiketi.com\\\/sw\\\/flights-johannesburg-mauritius-jnb-mru\\\/#breadcrumb\"},\"inLanguage\":\"fr-FR\",\"potentialAction\":[{\"@type\":\"ReadAction\",\"target\":[\"https:\\\/\\\/tiketi.com\\\/sw\\\/flights-johannesburg-mauritius-jnb-mru\\\/\"]}]},{\"@type\":\"ImageObject\",\"inLanguage\":\"fr-FR\",\"@id\":\"https:\\\/\\\/tiketi.com\\\/sw\\\/flights-johannesburg-mauritius-jnb-mru\\\/#primaryimage\",\"url\":\"https:\\\/\\\/tiketi.com\\\/wp-content\\\/uploads\\\/2022\\\/01\\\/flight-ticket-booking-sorasak-KxCJXXGsv9I-unsplas.jpg\",\"contentUrl\":\"https:\\\/\\\/tiketi.com\\\/wp-content\\\/uploads\\\/2022\\\/01\\\/flight-ticket-booking-sorasak-KxCJXXGsv9I-unsplas.jpg\",\"width\":1200,\"height\":240,\"caption\":\"Online flight ticket booking\"},{\"@type\":\"BreadcrumbList\",\"@id\":\"https:\\\/\\\/tiketi.com\\\/sw\\\/flights-johannesburg-mauritius-jnb-mru\\\/#breadcrumb\",\"itemListElement\":[{\"@type\":\"ListItem\",\"position\":1,\"name\":\"Home\",\"item\":\"https:\\\/\\\/tiketi.com\\\/\"},{\"@type\":\"ListItem\",\"position\":2,\"name\":\"Cheap Flights From Johannesburg to Mauritius\"}]},{\"@type\":\"WebSite\",\"@id\":\"https:\\\/\\\/tiketi.com\\\/#website\",\"url\":\"https:\\\/\\\/tiketi.com\\\/\",\"name\":\"Flight & Bus Tickets, Tour Packages & Activitites - Tiketi.com\",\"description\":\"Flight &amp; Bus Tickets, Tours, Activitites\",\"publisher\":{\"@id\":\"https:\\\/\\\/tiketi.com\\\/#organization\"},\"potentialAction\":[{\"@type\":\"SearchAction\",\"target\":{\"@type\":\"EntryPoint\",\"urlTemplate\":\"https:\\\/\\\/tiketi.com\\\/?s={search_term_string}\"},\"query-input\":{\"@type\":\"PropertyValueSpecification\",\"valueRequired\":true,\"valueName\":\"search_term_string\"}}],\"inLanguage\":\"fr-FR\"},{\"@type\":\"Organization\",\"@id\":\"https:\\\/\\\/tiketi.com\\\/#organization\",\"name\":\"Tiketi.com\",\"alternateName\":\"Tiketi\",\"url\":\"https:\\\/\\\/tiketi.com\\\/\",\"logo\":{\"@type\":\"ImageObject\",\"inLanguage\":\"fr-FR\",\"@id\":\"https:\\\/\\\/tiketi.com\\\/#\\\/schema\\\/logo\\\/image\\\/\",\"url\":\"https:\\\/\\\/tiketi.com\\\/wp-content\\\/uploads\\\/2019\\\/05\\\/tiketi-logo-696.png\",\"contentUrl\":\"https:\\\/\\\/tiketi.com\\\/wp-content\\\/uploads\\\/2019\\\/05\\\/tiketi-logo-696.png\",\"width\":696,\"height\":696,\"caption\":\"Tiketi.com\"},\"image\":{\"@id\":\"https:\\\/\\\/tiketi.com\\\/#\\\/schema\\\/logo\\\/image\\\/\"},\"sameAs\":[\"https:\\\/\\\/www.facebook.com\\\/TiketiCom\\\/\"]}]}<\/script>\n<!-- \/ Yoast SEO plugin. -->","yoast_head_json":{"title":"Vols \u00e0 bas prix de Johannesbourg \u00e0 \u00cele Maurice","description":"Vous recherchez des vols \u00e0 bas prix de Johannesbourg vers \u00cele Maurice ? Recherchez, comparez et r\u00e9servez en ligne un billet d&#039;avion pas cher de Johannesbourg \u00e0 Maurice","robots":{"index":"index","follow":"follow","max-snippet":"max-snippet:-1","max-image-preview":"max-image-preview:large","max-video-preview":"max-video-preview:-1"},"canonical":"https:\/\/tiketi.com\/fr-fr\/flights-johannesburg-mauritius-jnb-mru\/","og_locale":"fr_FR","og_type":"article","og_title":"Cheap Flights From Johannesburg to Mauritius","og_description":"Looking for cheap flights from\u00a0Johannesburg to Mauritius? Search, compare and book cheap airline ticket from Johannesburg to Mauritius online","og_url":"https:\/\/tiketi.com\/fr-fr\/flights-johannesburg-mauritius-jnb-mru\/","og_site_name":"Tiketi.com","article_publisher":"https:\/\/www.facebook.com\/TiketiCom\/","article_modified_time":"2022-02-08T14:07:42+00:00","og_image":[{"width":1200,"height":240,"url":"https:\/\/tiketi.com\/wp-content\/uploads\/2022\/01\/flight-ticket-booking-sorasak-KxCJXXGsv9I-unsplas.jpg","type":"image\/jpeg"}],"twitter_card":"summary_large_image","twitter_misc":{"Dur\u00e9e de lecture estim\u00e9e":"3 minutes"},"schema":{"@context":"https:\/\/schema.org","@graph":[{"@type":"WebPage","@id":"https:\/\/tiketi.com\/sw\/flights-johannesburg-mauritius-jnb-mru\/","url":"https:\/\/tiketi.com\/sw\/flights-johannesburg-mauritius-jnb-mru\/","name":"Vols \u00e0 bas prix de Johannesbourg \u00e0 \u00cele Maurice","isPartOf":{"@id":"https:\/\/tiketi.com\/#website"},"primaryImageOfPage":{"@id":"https:\/\/tiketi.com\/sw\/flights-johannesburg-mauritius-jnb-mru\/#primaryimage"},"image":{"@id":"https:\/\/tiketi.com\/sw\/flights-johannesburg-mauritius-jnb-mru\/#primaryimage"},"thumbnailUrl":"https:\/\/tiketi.com\/wp-content\/uploads\/2022\/01\/flight-ticket-booking-sorasak-KxCJXXGsv9I-unsplas.jpg","datePublished":"2022-01-19T11:55:26+00:00","dateModified":"2022-02-08T14:07:42+00:00","description":"Vous recherchez des vols \u00e0 bas prix de Johannesbourg vers \u00cele Maurice ? Recherchez, comparez et r\u00e9servez en ligne un billet d&#039;avion pas cher de Johannesbourg \u00e0 Maurice","breadcrumb":{"@id":"https:\/\/tiketi.com\/sw\/flights-johannesburg-mauritius-jnb-mru\/#breadcrumb"},"inLanguage":"fr-FR","potentialAction":[{"@type":"ReadAction","target":["https:\/\/tiketi.com\/sw\/flights-johannesburg-mauritius-jnb-mru\/"]}]},{"@type":"ImageObject","inLanguage":"fr-FR","@id":"https:\/\/tiketi.com\/sw\/flights-johannesburg-mauritius-jnb-mru\/#primaryimage","url":"https:\/\/tiketi.com\/wp-content\/uploads\/2022\/01\/flight-ticket-booking-sorasak-KxCJXXGsv9I-unsplas.jpg","contentUrl":"https:\/\/tiketi.com\/wp-content\/uploads\/2022\/01\/flight-ticket-booking-sorasak-KxCJXXGsv9I-unsplas.jpg","width":1200,"height":240,"caption":"Online flight ticket booking"},{"@type":"BreadcrumbList","@id":"https:\/\/tiketi.com\/sw\/flights-johannesburg-mauritius-jnb-mru\/#breadcrumb","itemListElement":[{"@type":"ListItem","position":1,"name":"Home","item":"https:\/\/tiketi.com\/"},{"@type":"ListItem","position":2,"name":"Cheap Flights From Johannesburg to Mauritius"}]},{"@type":"WebSite","@id":"https:\/\/tiketi.com\/#website","url":"https:\/\/tiketi.com\/","name":"Billets d&#039;avion et de bus, forfaits touristiques et activit\u00e9s - Tiketi.com","description":"Billets d&#039;avion et de bus, Tours, Activit\u00e9s","publisher":{"@id":"https:\/\/tiketi.com\/#organization"},"potentialAction":[{"@type":"SearchAction","target":{"@type":"EntryPoint","urlTemplate":"https:\/\/tiketi.com\/?s={search_term_string}"},"query-input":{"@type":"PropertyValueSpecification","valueRequired":true,"valueName":"search_term_string"}}],"inLanguage":"fr-FR"},{"@type":"Organization","@id":"https:\/\/tiketi.com\/#organization","name":"Tiketi.com","alternateName":"Tiketi","url":"https:\/\/tiketi.com\/","logo":{"@type":"ImageObject","inLanguage":"fr-FR","@id":"https:\/\/tiketi.com\/#\/schema\/logo\/image\/","url":"https:\/\/tiketi.com\/wp-content\/uploads\/2019\/05\/tiketi-logo-696.png","contentUrl":"https:\/\/tiketi.com\/wp-content\/uploads\/2019\/05\/tiketi-logo-696.png","width":696,"height":696,"caption":"Tiketi.com"},"image":{"@id":"https:\/\/tiketi.com\/#\/schema\/logo\/image\/"},"sameAs":["https:\/\/www.facebook.com\/TiketiCom\/"]}]}},"_links":{"self":[{"href":"https:\/\/tiketi.com\/fr-fr\/wp-json\/wp\/v2\/pages\/11958","targetHints":{"allow":["GET"]}}],"collection":[{"href":"https:\/\/tiketi.com\/fr-fr\/wp-json\/wp\/v2\/pages"}],"about":[{"href":"https:\/\/tiketi.com\/fr-fr\/wp-json\/wp\/v2\/types\/page"}],"author":[{"embeddable":true,"href":"https:\/\/tiketi.com\/fr-fr\/wp-json\/wp\/v2\/users\/1"}],"replies":[{"embeddable":true,"href":"https:\/\/tiketi.com\/fr-fr\/wp-json\/wp\/v2\/comments?post=11958"}],"version-history":[{"count":0,"href":"https:\/\/tiketi.com\/fr-fr\/wp-json\/wp\/v2\/pages\/11958\/revisions"}],"wp:featuredmedia":[{"embeddable":true,"href":"https:\/\/tiketi.com\/fr-fr\/wp-json\/wp\/v2\/media\/14041"}],"wp:attachment":[{"href":"https:\/\/tiketi.com\/fr-fr\/wp-json\/wp\/v2\/media?parent=11958"}],"curies":[{"name":"wp","href":"https:\/\/api.w.org\/{rel}","templated":true}]}}