{"id":11959,"date":"2022-01-19T12:55:26","date_gmt":"2022-01-19T11:55:26","guid":{"rendered":"https:\/\/new.tiketi.com\/cheap-flights-from-dar-es-salaam-to-kigali\/"},"modified":"2022-02-07T17:13:31","modified_gmt":"2022-02-07T16:13:31","slug":"flights-dar-es-salaam-kigali-dar-kgl","status":"publish","type":"page","link":"https:\/\/tiketi.com\/fr-fr\/flights-dar-es-salaam-kigali-dar-kgl\/","title":{"rendered":"Vols \u00e0 bas prix de Dar es Salam \u00e0 Kigali"},"content":{"rendered":"<h2>Vous recherchez un billet d&#039;avion pas cher de Dar es Salam \u00e0 Kigali ou des offres de derni\u00e8re minute ?<\/h2>\n<h3>Recherchez, comparez et r\u00e9servez en ligne maintenant des billets d&#039;avion pas chers entre Dar es Salam (DAR) et Kigali (KGL).<\/h3>\n<p>R\u00e9servez en ligne des vols \u00e0 bas prix de Dar es Salam \u00e0 Kigali et \u00e9conomisez du temps et de l&#039;argent. La capitale du Rwanda et l&#039;\u00e9tat commercial dynamique du pays. R\u00e9servez un vol Dar es Salaam pour Kigali et visitez la capitale du pays du printemps \u00e9ternel. Kigali est \u00e9galement une rampe de lancement pour explorer les nombreuses merveilles naturelles du pays. Vous pouvez visiter Kagali gr\u00e2ce \u00e0 des offres exceptionnelles sur les billets d&#039;avion de Dar es Salaam \u00e0 Kigali au meilleur prix et voler de Dar es Salaam \u00e0 Kigali \u00e0 bas prix.<\/p>\n<h2>Voici quelques-unes des meilleures attractions de la ville<\/h2>\n<p>Les centres commerciaux dynamiques du centre-ville avec des caf\u00e9s et des boutiques affichent la nouvelle nature de la ville. Pour une exp\u00e9rience v\u00e9ritablement rwandaise, une visite de ses magnifiques march\u00e9s offrira une authenticit\u00e9 \u00e0 toute \u00e9preuve, car les visiteurs sont accueillis par des vendeurs amicaux et des sourires vendant leurs marchandises. Mais une visite \u00e0 Kigali n&#039;est pas compl\u00e8te sans une visite au M\u00e9morial du G\u00e9nocide de Kigali, o\u00f9 les clients peuvent se faire une id\u00e9e sombre de l&#039;histoire sombre du pays et s&#039;\u00e9merveiller devant son brillant avenir.<\/p>\n<p>Malgr\u00e9 son emplacement tropical, Kigali b\u00e9n\u00e9ficie d&#039;un climat d&#039;altitude correct, \u00e0 l&#039;abri des maisons \u00e9touffantes des r\u00e9gions voisines. Cette ville dynamique n&#039;est plus endormie, galeries, bars et activit\u00e9s autour. D\u00e9couvrez les attractions c\u00e9l\u00e8bres de Kigali.<\/p>\n<p>\u2022 Faire du shopping au march\u00e9 de Kimironko<br \/>\n\u2022 Stade Amahoro<br \/>\n\u2022 Barre de lait<br \/>\n\u2022 Nyamirambo<br \/>\n\u2022 M\u00e9morial du g\u00e9nocide<br \/>\n\u2022 Palais pr\u00e9sidentiel<br \/>\n\u2022 Mosqu\u00e9e Kadhafi<br \/>\n\u2022 Centre d&#039;art Inema<\/p>\n<h2>FAQ sur les vols pas chers de Dar es Salam \u00e0 Kigali<\/h2>\n<h3>Quel est le jour abordable pour voyager de Dar es Salaam \u00e0 Kigali ?<\/h3>\n<p>Le jour abordable pour voler de Dar es Salaam \u00e0 Kigali est le dimanche.<\/p>\n<h3>Quel est le meilleur moment pour r\u00e9server un billet d&#039;avion de Dar es Salaam \u00e0 Kigali ?<\/h3>\n<p>Habituellement, le meilleur moment pour r\u00e9server un billet d&#039;avion pas cher de Dar es Salam \u00e0 Kigali est 2 mois \u00e0 l&#039;avance. Et les jours abordables pour voler sont le mercredi, le mardi et le dimanche.<\/p>\n<h3>Combien de vols directs Kigali-Dar es Salam ?<\/h3>\n<p>Il y a neuf vols directs entre Dar es Salaam et Kigali.<\/p>\n<h3>Quelle est la compagnie a\u00e9rienne la plus c\u00e9l\u00e8bre pour les billets d&#039;avion pas chers sans escale de Dar es Salam \u00e0 Kigali ?<\/h3>\n<p>RwandAir Express propose des centaines de vols sans escale entre Dar es Salaam et Kigali.<\/p>\n<h3>Combien de temps dure le vol entre Dar es Salam et Kigali ?<\/h3>\n<p>Le temps de vol sans escale de Dar es Salaam \u00e0 Kigali est d&#039;environ deux heures quinze minutes.<\/p>\n<h3>Quel est le prix du billet de Dar es Salaam \u00e0 Kigali ?<\/h3>\n<p>Le prix moyen pour un vol reliant Dar es Salam \u00e0 Kigali est de $300.<\/p>\n<h2>Conseils pour les vols de Dar es Salam \u00e0 Kigali<\/h2>\n<p>\u2022 Il y a trois vols hebdomadaires depuis Dar es Salaam, Kigali et la Tanzanie.<\/p>\n<p>\u2022 Deux vols sans escale op\u00e8rent depuis Dar es Salaam, Kigali et la Tanzanie.<\/p>\n<p>\u2022 Nairobi, au Kenya, est la liaison la plus c\u00e9l\u00e8bre pour les vols \u00e0 escale entre la Tanzanie, Dar es Salaam et Kigali.<\/p>","protected":false},"excerpt":{"rendered":"<p>Looking for cheap airline ticket from Dar es Salaam to Kigali\u00a0or last minute deals? Search, compare and book cheap airline ticket from Dar es Salaam (DAR) to Kigali (KGL) online now. Book cheap flights from Dar es Salaam to Kigali online and save time and money. The capital city of Rwanda and is the country&#8217;s [&hellip;]<\/p>\n","protected":false},"author":1,"featured_media":14041,"parent":0,"menu_order":0,"comment_status":"open","ping_status":"closed","template":"template-home-modern.php","meta":{"footnotes":""},"class_list":["post-11959","page","type-page","status-publish","has-post-thumbnail","hentry"],"yoast_head":"<!-- This site is optimized with the Yoast SEO plugin v27.3 - https:\/\/yoast.com\/product\/yoast-seo-wordpress\/ -->\n<title>Cheap Flights From Dar es Salaam to Kigali<\/title>\n<meta name=\"description\" content=\"Looking for cheap flights from\u00a0Dar es Salaam to Kigali? Search, compare and book cheap airline ticket from Dar es Salaam to Kigali online\" \/>\n<meta name=\"robots\" content=\"index, follow, max-snippet:-1, max-image-preview:large, max-video-preview:-1\" \/>\n<link rel=\"canonical\" href=\"https:\/\/tiketi.com\/fr-fr\/flights-dar-es-salaam-kigali-dar-kgl\/\" \/>\n<meta property=\"og:locale\" content=\"fr_FR\" \/>\n<meta property=\"og:type\" content=\"article\" \/>\n<meta property=\"og:title\" content=\"Cheap Flights From Dar es Salaam to Kigali\" \/>\n<meta property=\"og:description\" content=\"Looking for cheap flights from\u00a0Dar es Salaam to Kigali? Search, compare and book cheap airline ticket from Dar es Salaam to Kigali online\" \/>\n<meta property=\"og:url\" content=\"https:\/\/tiketi.com\/fr-fr\/flights-dar-es-salaam-kigali-dar-kgl\/\" \/>\n<meta property=\"og:site_name\" content=\"Tiketi.com\" \/>\n<meta property=\"article:publisher\" content=\"https:\/\/www.facebook.com\/TiketiCom\/\" \/>\n<meta property=\"article:modified_time\" content=\"2022-02-07T16:13:31+00:00\" \/>\n<meta property=\"og:image\" content=\"https:\/\/tiketi.com\/wp-content\/uploads\/2022\/01\/flight-ticket-booking-sorasak-KxCJXXGsv9I-unsplas.jpg\" \/>\n\t<meta property=\"og:image:width\" content=\"1200\" \/>\n\t<meta property=\"og:image:height\" content=\"240\" \/>\n\t<meta property=\"og:image:type\" content=\"image\/jpeg\" \/>\n<meta name=\"twitter:card\" content=\"summary_large_image\" \/>\n<meta name=\"twitter:label1\" content=\"Dur\u00e9e de lecture estim\u00e9e\" \/>\n\t<meta name=\"twitter:data1\" content=\"3 minutes\" \/>\n<script type=\"application\/ld+json\" class=\"yoast-schema-graph\">{\"@context\":\"https:\\\/\\\/schema.org\",\"@graph\":[{\"@type\":\"WebPage\",\"@id\":\"https:\\\/\\\/tiketi.com\\\/fr-fr\\\/flights-dar-es-salaam-kigali-dar-kgl\\\/\",\"url\":\"https:\\\/\\\/tiketi.com\\\/fr-fr\\\/flights-dar-es-salaam-kigali-dar-kgl\\\/\",\"name\":\"Cheap Flights From Dar es Salaam to Kigali\",\"isPartOf\":{\"@id\":\"https:\\\/\\\/tiketi.com\\\/#website\"},\"primaryImageOfPage\":{\"@id\":\"https:\\\/\\\/tiketi.com\\\/fr-fr\\\/flights-dar-es-salaam-kigali-dar-kgl\\\/#primaryimage\"},\"image\":{\"@id\":\"https:\\\/\\\/tiketi.com\\\/fr-fr\\\/flights-dar-es-salaam-kigali-dar-kgl\\\/#primaryimage\"},\"thumbnailUrl\":\"https:\\\/\\\/tiketi.com\\\/wp-content\\\/uploads\\\/2022\\\/01\\\/flight-ticket-booking-sorasak-KxCJXXGsv9I-unsplas.jpg\",\"datePublished\":\"2022-01-19T11:55:26+00:00\",\"dateModified\":\"2022-02-07T16:13:31+00:00\",\"description\":\"Looking for cheap flights from\u00a0Dar es Salaam to Kigali? Search, compare and book cheap airline ticket from Dar es Salaam to Kigali online\",\"breadcrumb\":{\"@id\":\"https:\\\/\\\/tiketi.com\\\/fr-fr\\\/flights-dar-es-salaam-kigali-dar-kgl\\\/#breadcrumb\"},\"inLanguage\":\"fr-FR\",\"potentialAction\":[{\"@type\":\"ReadAction\",\"target\":[\"https:\\\/\\\/tiketi.com\\\/fr-fr\\\/flights-dar-es-salaam-kigali-dar-kgl\\\/\"]}]},{\"@type\":\"ImageObject\",\"inLanguage\":\"fr-FR\",\"@id\":\"https:\\\/\\\/tiketi.com\\\/fr-fr\\\/flights-dar-es-salaam-kigali-dar-kgl\\\/#primaryimage\",\"url\":\"https:\\\/\\\/tiketi.com\\\/wp-content\\\/uploads\\\/2022\\\/01\\\/flight-ticket-booking-sorasak-KxCJXXGsv9I-unsplas.jpg\",\"contentUrl\":\"https:\\\/\\\/tiketi.com\\\/wp-content\\\/uploads\\\/2022\\\/01\\\/flight-ticket-booking-sorasak-KxCJXXGsv9I-unsplas.jpg\",\"width\":1200,\"height\":240,\"caption\":\"Online flight ticket booking\"},{\"@type\":\"BreadcrumbList\",\"@id\":\"https:\\\/\\\/tiketi.com\\\/fr-fr\\\/flights-dar-es-salaam-kigali-dar-kgl\\\/#breadcrumb\",\"itemListElement\":[{\"@type\":\"ListItem\",\"position\":1,\"name\":\"Home\",\"item\":\"https:\\\/\\\/tiketi.com\\\/\"},{\"@type\":\"ListItem\",\"position\":2,\"name\":\"Cheap Flights From Dar es Salaam to Kigali\"}]},{\"@type\":\"WebSite\",\"@id\":\"https:\\\/\\\/tiketi.com\\\/#website\",\"url\":\"https:\\\/\\\/tiketi.com\\\/\",\"name\":\"Flight & Bus Tickets, Tour Packages & Activitites - Tiketi.com\",\"description\":\"Flight &amp; Bus Tickets, Tours, Activitites\",\"publisher\":{\"@id\":\"https:\\\/\\\/tiketi.com\\\/#organization\"},\"potentialAction\":[{\"@type\":\"SearchAction\",\"target\":{\"@type\":\"EntryPoint\",\"urlTemplate\":\"https:\\\/\\\/tiketi.com\\\/?s={search_term_string}\"},\"query-input\":{\"@type\":\"PropertyValueSpecification\",\"valueRequired\":true,\"valueName\":\"search_term_string\"}}],\"inLanguage\":\"fr-FR\"},{\"@type\":\"Organization\",\"@id\":\"https:\\\/\\\/tiketi.com\\\/#organization\",\"name\":\"Tiketi.com\",\"alternateName\":\"Tiketi\",\"url\":\"https:\\\/\\\/tiketi.com\\\/\",\"logo\":{\"@type\":\"ImageObject\",\"inLanguage\":\"fr-FR\",\"@id\":\"https:\\\/\\\/tiketi.com\\\/#\\\/schema\\\/logo\\\/image\\\/\",\"url\":\"https:\\\/\\\/tiketi.com\\\/wp-content\\\/uploads\\\/2019\\\/05\\\/tiketi-logo-696.png\",\"contentUrl\":\"https:\\\/\\\/tiketi.com\\\/wp-content\\\/uploads\\\/2019\\\/05\\\/tiketi-logo-696.png\",\"width\":696,\"height\":696,\"caption\":\"Tiketi.com\"},\"image\":{\"@id\":\"https:\\\/\\\/tiketi.com\\\/#\\\/schema\\\/logo\\\/image\\\/\"},\"sameAs\":[\"https:\\\/\\\/www.facebook.com\\\/TiketiCom\\\/\"]}]}<\/script>\n<!-- \/ Yoast SEO plugin. -->","yoast_head_json":{"title":"Vols \u00e0 bas prix de Dar es Salam \u00e0 Kigali","description":"Vous recherchez des vols \u00e0 bas prix de Dar es Salam \u00e0 Kigali ? Recherchez, comparez et r\u00e9servez en ligne un billet d&#039;avion pas cher de Dar es Salam \u00e0 Kigali","robots":{"index":"index","follow":"follow","max-snippet":"max-snippet:-1","max-image-preview":"max-image-preview:large","max-video-preview":"max-video-preview:-1"},"canonical":"https:\/\/tiketi.com\/fr-fr\/flights-dar-es-salaam-kigali-dar-kgl\/","og_locale":"fr_FR","og_type":"article","og_title":"Cheap Flights From Dar es Salaam to Kigali","og_description":"Looking for cheap flights from\u00a0Dar es Salaam to Kigali? Search, compare and book cheap airline ticket from Dar es Salaam to Kigali online","og_url":"https:\/\/tiketi.com\/fr-fr\/flights-dar-es-salaam-kigali-dar-kgl\/","og_site_name":"Tiketi.com","article_publisher":"https:\/\/www.facebook.com\/TiketiCom\/","article_modified_time":"2022-02-07T16:13:31+00:00","og_image":[{"width":1200,"height":240,"url":"https:\/\/tiketi.com\/wp-content\/uploads\/2022\/01\/flight-ticket-booking-sorasak-KxCJXXGsv9I-unsplas.jpg","type":"image\/jpeg"}],"twitter_card":"summary_large_image","twitter_misc":{"Dur\u00e9e de lecture estim\u00e9e":"3 minutes"},"schema":{"@context":"https:\/\/schema.org","@graph":[{"@type":"WebPage","@id":"https:\/\/tiketi.com\/fr-fr\/flights-dar-es-salaam-kigali-dar-kgl\/","url":"https:\/\/tiketi.com\/fr-fr\/flights-dar-es-salaam-kigali-dar-kgl\/","name":"Vols \u00e0 bas prix de Dar es Salam \u00e0 Kigali","isPartOf":{"@id":"https:\/\/tiketi.com\/#website"},"primaryImageOfPage":{"@id":"https:\/\/tiketi.com\/fr-fr\/flights-dar-es-salaam-kigali-dar-kgl\/#primaryimage"},"image":{"@id":"https:\/\/tiketi.com\/fr-fr\/flights-dar-es-salaam-kigali-dar-kgl\/#primaryimage"},"thumbnailUrl":"https:\/\/tiketi.com\/wp-content\/uploads\/2022\/01\/flight-ticket-booking-sorasak-KxCJXXGsv9I-unsplas.jpg","datePublished":"2022-01-19T11:55:26+00:00","dateModified":"2022-02-07T16:13:31+00:00","description":"Vous recherchez des vols \u00e0 bas prix de Dar es Salam \u00e0 Kigali ? Recherchez, comparez et r\u00e9servez en ligne un billet d&#039;avion pas cher de Dar es Salam \u00e0 Kigali","breadcrumb":{"@id":"https:\/\/tiketi.com\/fr-fr\/flights-dar-es-salaam-kigali-dar-kgl\/#breadcrumb"},"inLanguage":"fr-FR","potentialAction":[{"@type":"ReadAction","target":["https:\/\/tiketi.com\/fr-fr\/flights-dar-es-salaam-kigali-dar-kgl\/"]}]},{"@type":"ImageObject","inLanguage":"fr-FR","@id":"https:\/\/tiketi.com\/fr-fr\/flights-dar-es-salaam-kigali-dar-kgl\/#primaryimage","url":"https:\/\/tiketi.com\/wp-content\/uploads\/2022\/01\/flight-ticket-booking-sorasak-KxCJXXGsv9I-unsplas.jpg","contentUrl":"https:\/\/tiketi.com\/wp-content\/uploads\/2022\/01\/flight-ticket-booking-sorasak-KxCJXXGsv9I-unsplas.jpg","width":1200,"height":240,"caption":"Online flight ticket booking"},{"@type":"BreadcrumbList","@id":"https:\/\/tiketi.com\/fr-fr\/flights-dar-es-salaam-kigali-dar-kgl\/#breadcrumb","itemListElement":[{"@type":"ListItem","position":1,"name":"Home","item":"https:\/\/tiketi.com\/"},{"@type":"ListItem","position":2,"name":"Cheap Flights From Dar es Salaam to Kigali"}]},{"@type":"WebSite","@id":"https:\/\/tiketi.com\/#website","url":"https:\/\/tiketi.com\/","name":"Billets d&#039;avion et de bus, forfaits touristiques et activit\u00e9s - Tiketi.com","description":"Billets d&#039;avion et de bus, Tours, Activit\u00e9s","publisher":{"@id":"https:\/\/tiketi.com\/#organization"},"potentialAction":[{"@type":"SearchAction","target":{"@type":"EntryPoint","urlTemplate":"https:\/\/tiketi.com\/?s={search_term_string}"},"query-input":{"@type":"PropertyValueSpecification","valueRequired":true,"valueName":"search_term_string"}}],"inLanguage":"fr-FR"},{"@type":"Organization","@id":"https:\/\/tiketi.com\/#organization","name":"Tiketi.com","alternateName":"Tiketi","url":"https:\/\/tiketi.com\/","logo":{"@type":"ImageObject","inLanguage":"fr-FR","@id":"https:\/\/tiketi.com\/#\/schema\/logo\/image\/","url":"https:\/\/tiketi.com\/wp-content\/uploads\/2019\/05\/tiketi-logo-696.png","contentUrl":"https:\/\/tiketi.com\/wp-content\/uploads\/2019\/05\/tiketi-logo-696.png","width":696,"height":696,"caption":"Tiketi.com"},"image":{"@id":"https:\/\/tiketi.com\/#\/schema\/logo\/image\/"},"sameAs":["https:\/\/www.facebook.com\/TiketiCom\/"]}]}},"_links":{"self":[{"href":"https:\/\/tiketi.com\/fr-fr\/wp-json\/wp\/v2\/pages\/11959","targetHints":{"allow":["GET"]}}],"collection":[{"href":"https:\/\/tiketi.com\/fr-fr\/wp-json\/wp\/v2\/pages"}],"about":[{"href":"https:\/\/tiketi.com\/fr-fr\/wp-json\/wp\/v2\/types\/page"}],"author":[{"embeddable":true,"href":"https:\/\/tiketi.com\/fr-fr\/wp-json\/wp\/v2\/users\/1"}],"replies":[{"embeddable":true,"href":"https:\/\/tiketi.com\/fr-fr\/wp-json\/wp\/v2\/comments?post=11959"}],"version-history":[{"count":0,"href":"https:\/\/tiketi.com\/fr-fr\/wp-json\/wp\/v2\/pages\/11959\/revisions"}],"wp:featuredmedia":[{"embeddable":true,"href":"https:\/\/tiketi.com\/fr-fr\/wp-json\/wp\/v2\/media\/14041"}],"wp:attachment":[{"href":"https:\/\/tiketi.com\/fr-fr\/wp-json\/wp\/v2\/media?parent=11959"}],"curies":[{"name":"wp","href":"https:\/\/api.w.org\/{rel}","templated":true}]}}