{"id":11961,"date":"2022-01-19T12:55:26","date_gmt":"2022-01-19T11:55:26","guid":{"rendered":"https:\/\/new.tiketi.com\/cheap-flights-from-accra-to-lagos-nigeria\/"},"modified":"2022-02-07T11:27:30","modified_gmt":"2022-02-07T10:27:30","slug":"flights-accra-lagos-acc-los","status":"publish","type":"page","link":"https:\/\/tiketi.com\/fr-fr\/flights-accra-lagos-acc-los\/","title":{"rendered":"Vols pas chers de Accra \u00e0 Lagos Nig\u00e9ria"},"content":{"rendered":"<h2>Vous cherchez un billet d&#039;avion pas cher \u00e0 partir de Accra pour Lagos Nigeria ou des offres de derni\u00e8re minute ?<\/h2>\n<h3>Recherchez, comparez et r\u00e9servez en ligne d\u00e8s maintenant un billet d&#039;avion pas cher de Accra Accra (ACC) \u00e0 Lagos Nig\u00e9ria (LOS).<\/h3>\n<p>R\u00e9servez des vols pas chers de Accra \u00e0 Lagos Nigeria en ligne et \u00e9conomisez du temps et de l&#039;argent. Lagos, populairement connue sous le nom de \u00ab Eko \u00bb, est une ville charmante et dynamique avec de nombreuses attractions secondaires allant de la d\u00e9tente sur les magnifiques plages de Lagos \u00e0 la visite de galeries d&#039;art, de mus\u00e9es, de march\u00e9s, de lieux de d\u00e9tente et de centres commerciaux. R\u00e9servez des vols de Accra \u00e0 Lagos Nigeria au prix le moins cher \u2013 obtenez des offres exceptionnelles sur votre billet d&#039;avion d&#039;Accra \u00e0 Lagos Nigeria en ligne. Allez-y et profitez d&#039;offres incroyables sur les billets d&#039;avion d&#039;Accra \u00e0 Lagos Nigeria.<\/p>\n<h2>Voici quelques-unes des meilleures attractions de Lagos Nigeria<\/h2>\n<p>Il existe \u00e9galement des tonnes de festivals, f\u00eates et \u00e9v\u00e9nements auxquels vous pouvez assister \u00e0 Lagos. \u00c9tant une ville merveilleuse et dynamique, il y a une abondance de monuments culturels et historiques \u00e0 visiter ainsi que des activit\u00e9s sportives \u00e0 pratiquer si vous \u00eates du genre sportif.<\/p>\n<p>Lagos a quelque chose pour chaque personne. Ainsi, si vous \u00eates seul \u00e0 Lagos, avec vos amis, votre partenaire et votre famille, il existe de nombreuses activit\u00e9s \u00e0 pratiquer et des lieux \u00e0 visiter pour rendre votre s\u00e9jour amusant et int\u00e9ressant.<\/p>\n<p>\u2022 Th\u00e9\u00e2tre national<br \/>\n\u2022 Place Tafawa Balewa<br \/>\n\u2022 Stade Teslim Balogun<br \/>\n\u2022 Troisi\u00e8me pont continental<br \/>\n\u2022 Mus\u00e9e national nig\u00e9rian<br \/>\n\u2022 Centre de conservation de Lekki<br \/>\n\u2022 Nouveau sanctuaire africain<br \/>\n\u2022 Parc de loisirs et jardins de Jhalobia<br \/>\n\u2022 Parc de la Libert\u00e9<br \/>\n\u2022 Th\u00e9\u00e2tre national des Arts<br \/>\n\u2022 La Campagne Tropicana Beach Resort<br \/>\n\u2022\u00a0Salut\u00a0Impact\u00a0Plan\u00e8te<\/p>\n<p>Assurez-vous d&#039;emporter votre livre pr\u00e9f\u00e9r\u00e9, de regarder le lever ou le coucher du soleil, de vous promener et de profiter de la sensation de la brise sur votre visage, de piquer une t\u00eate dans la piscine et de prendre soin de vous.<\/p>\n<h2>FAQ sur les vols pas chers de Accra \u00e0 Lagos Nig\u00e9ria<\/h2>\n<h3>Quel a\u00e9roport dessert Accra et Lagos ?<\/h3>\n<p>L&#039;a\u00e9roport Murtala Muhammed dessert Lagos. L\u2019a\u00e9roport de Kotoka dessert Accra.<\/p>\n<h3>Existe-t-il des vols r\u00e9guliers sans escale les moins chers d&#039;Accra \u00e0 Lagos Nigeria sur cet itin\u00e9raire ou dois-je r\u00e9server un itin\u00e9raire avec des escales ?<\/h3>\n<p>Il existe onze vols quotidiens sans escale entre Accra et Lagos, ainsi que vingt-cinq vols hebdomadaires sans escale.<\/p>\n<h3>Quel est le prix d&#039;un billet d&#039;avion complet sans escale d&#039;Accra \u00e0 Lagos Nigeria ?<\/h3>\n<p>La dur\u00e9e totale du vol sans escale pour cet itin\u00e9raire est de trente et une minutes.<\/p>\n<h3>Quelles compagnies a\u00e9riennes effectuent r\u00e9guli\u00e8rement cette liaison\u00a0?<\/h3>\n<p>Arik Air, Ethiopian Airlines et ASKY volent r\u00e9guli\u00e8rement entre cette voie.<\/p>\n<h3>Quelle compagnie a\u00e9rienne propose le plus de vols entre Accra et Lagos Nigeria ?<\/h3>\n<p>Sur vingt-cinq vols quotidiens entre Accra et Lagos, ASKY Airlines propose sept vols les plus importants. Ensuite, Ethiopian Airlines en a quatre, Kenya Airways en a deux, Africa World Airline en a deux, Royal Air Maroc en a deux, South<\/p>\n<p>African Airways propose deux vols entre Accra et Lagos.<\/p>\n<h2>Conseils pour un billet d&#039;avion pas cher de Accra \u00e0 Lagos Nigeria<\/h2>\n<p>\u2022 Accra, au Ghana, est \u00e0 404 km de Lagos.<\/p>\n<p>\u2022 Il y a six vols quotidiens entre Accra et Lagos Nigeria.<\/p>\n<p>\u2022 Il y a treize vols hebdomadaires d&#039;Accra \u00e0 Lagos Nigeria.<\/p>\n<p>\u2022 L&#039;a\u00e9roport Murtala Muhammed propose des vols sans escale vers 42 villes.<\/p>","protected":false},"excerpt":{"rendered":"<p>Looking for cheap airline ticket from Accra to Lagos Nigeria or last minute deals? Search, compare and book cheap airline ticket from Accra Accra (ACC) to Lagos Nigeria (LOS) online now. Book Cheap flights from Accra to Lagos Nigeria\u00a0online and save time and money. Lagos, popularly known as &#8220;Eko&#8221; is a charming and dynamic with [&hellip;]<\/p>\n","protected":false},"author":1,"featured_media":14041,"parent":0,"menu_order":0,"comment_status":"open","ping_status":"closed","template":"template-home-modern.php","meta":{"footnotes":""},"class_list":["post-11961","page","type-page","status-publish","has-post-thumbnail","hentry"],"yoast_head":"<!-- This site is optimized with the Yoast SEO plugin v27.3 - https:\/\/yoast.com\/product\/yoast-seo-wordpress\/ -->\n<title>Cheap flights from Accra to Lagos Nigeria<\/title>\n<meta name=\"description\" content=\"Looking for cheap flights from\u00a0Accra to Lagos Nigeria? Search, compare and book cheap airline ticket from Accra to Lagos Nigeria online now\" \/>\n<meta name=\"robots\" content=\"index, follow, max-snippet:-1, max-image-preview:large, max-video-preview:-1\" \/>\n<link rel=\"canonical\" href=\"https:\/\/tiketi.com\/fr-fr\/flights-accra-lagos-acc-los\/\" \/>\n<meta property=\"og:locale\" content=\"fr_FR\" \/>\n<meta property=\"og:type\" content=\"article\" \/>\n<meta property=\"og:title\" content=\"Cheap flights from Accra to Lagos Nigeria\" \/>\n<meta property=\"og:description\" content=\"Looking for cheap flights from\u00a0Accra to Lagos Nigeria? Search, compare and book cheap airline ticket from Accra to Lagos Nigeria online now\" \/>\n<meta property=\"og:url\" content=\"https:\/\/tiketi.com\/fr-fr\/flights-accra-lagos-acc-los\/\" \/>\n<meta property=\"og:site_name\" content=\"Tiketi.com\" \/>\n<meta property=\"article:publisher\" content=\"https:\/\/www.facebook.com\/TiketiCom\/\" \/>\n<meta property=\"article:modified_time\" content=\"2022-02-07T10:27:30+00:00\" \/>\n<meta property=\"og:image\" content=\"https:\/\/tiketi.com\/wp-content\/uploads\/2022\/01\/flight-ticket-booking-sorasak-KxCJXXGsv9I-unsplas.jpg\" \/>\n\t<meta property=\"og:image:width\" content=\"1200\" \/>\n\t<meta property=\"og:image:height\" content=\"240\" \/>\n\t<meta property=\"og:image:type\" content=\"image\/jpeg\" \/>\n<meta name=\"twitter:card\" content=\"summary_large_image\" \/>\n<meta name=\"twitter:label1\" content=\"Dur\u00e9e de lecture estim\u00e9e\" \/>\n\t<meta name=\"twitter:data1\" content=\"3 minutes\" \/>\n<script type=\"application\/ld+json\" class=\"yoast-schema-graph\">{\"@context\":\"https:\\\/\\\/schema.org\",\"@graph\":[{\"@type\":\"WebPage\",\"@id\":\"https:\\\/\\\/tiketi.com\\\/flights-accra-lagos-acc-los\\\/\",\"url\":\"https:\\\/\\\/tiketi.com\\\/flights-accra-lagos-acc-los\\\/\",\"name\":\"Cheap flights from Accra to Lagos Nigeria\",\"isPartOf\":{\"@id\":\"https:\\\/\\\/tiketi.com\\\/#website\"},\"primaryImageOfPage\":{\"@id\":\"https:\\\/\\\/tiketi.com\\\/flights-accra-lagos-acc-los\\\/#primaryimage\"},\"image\":{\"@id\":\"https:\\\/\\\/tiketi.com\\\/flights-accra-lagos-acc-los\\\/#primaryimage\"},\"thumbnailUrl\":\"https:\\\/\\\/tiketi.com\\\/wp-content\\\/uploads\\\/2022\\\/01\\\/flight-ticket-booking-sorasak-KxCJXXGsv9I-unsplas.jpg\",\"datePublished\":\"2022-01-19T11:55:26+00:00\",\"dateModified\":\"2022-02-07T10:27:30+00:00\",\"description\":\"Looking for cheap flights from\u00a0Accra to Lagos Nigeria? Search, compare and book cheap airline ticket from Accra to Lagos Nigeria online now\",\"breadcrumb\":{\"@id\":\"https:\\\/\\\/tiketi.com\\\/flights-accra-lagos-acc-los\\\/#breadcrumb\"},\"inLanguage\":\"fr-FR\",\"potentialAction\":[{\"@type\":\"ReadAction\",\"target\":[\"https:\\\/\\\/tiketi.com\\\/flights-accra-lagos-acc-los\\\/\"]}]},{\"@type\":\"ImageObject\",\"inLanguage\":\"fr-FR\",\"@id\":\"https:\\\/\\\/tiketi.com\\\/flights-accra-lagos-acc-los\\\/#primaryimage\",\"url\":\"https:\\\/\\\/tiketi.com\\\/wp-content\\\/uploads\\\/2022\\\/01\\\/flight-ticket-booking-sorasak-KxCJXXGsv9I-unsplas.jpg\",\"contentUrl\":\"https:\\\/\\\/tiketi.com\\\/wp-content\\\/uploads\\\/2022\\\/01\\\/flight-ticket-booking-sorasak-KxCJXXGsv9I-unsplas.jpg\",\"width\":1200,\"height\":240,\"caption\":\"Online flight ticket booking\"},{\"@type\":\"BreadcrumbList\",\"@id\":\"https:\\\/\\\/tiketi.com\\\/flights-accra-lagos-acc-los\\\/#breadcrumb\",\"itemListElement\":[{\"@type\":\"ListItem\",\"position\":1,\"name\":\"Home\",\"item\":\"https:\\\/\\\/tiketi.com\\\/\"},{\"@type\":\"ListItem\",\"position\":2,\"name\":\"Cheap flights from Accra to Lagos Nigeria\"}]},{\"@type\":\"WebSite\",\"@id\":\"https:\\\/\\\/tiketi.com\\\/#website\",\"url\":\"https:\\\/\\\/tiketi.com\\\/\",\"name\":\"Flight & Bus Tickets, Tour Packages & Activitites - Tiketi.com\",\"description\":\"Flight &amp; Bus Tickets, Tours, Activitites\",\"publisher\":{\"@id\":\"https:\\\/\\\/tiketi.com\\\/#organization\"},\"potentialAction\":[{\"@type\":\"SearchAction\",\"target\":{\"@type\":\"EntryPoint\",\"urlTemplate\":\"https:\\\/\\\/tiketi.com\\\/?s={search_term_string}\"},\"query-input\":{\"@type\":\"PropertyValueSpecification\",\"valueRequired\":true,\"valueName\":\"search_term_string\"}}],\"inLanguage\":\"fr-FR\"},{\"@type\":\"Organization\",\"@id\":\"https:\\\/\\\/tiketi.com\\\/#organization\",\"name\":\"Tiketi.com\",\"alternateName\":\"Tiketi\",\"url\":\"https:\\\/\\\/tiketi.com\\\/\",\"logo\":{\"@type\":\"ImageObject\",\"inLanguage\":\"fr-FR\",\"@id\":\"https:\\\/\\\/tiketi.com\\\/#\\\/schema\\\/logo\\\/image\\\/\",\"url\":\"https:\\\/\\\/tiketi.com\\\/wp-content\\\/uploads\\\/2019\\\/05\\\/tiketi-logo-696.png\",\"contentUrl\":\"https:\\\/\\\/tiketi.com\\\/wp-content\\\/uploads\\\/2019\\\/05\\\/tiketi-logo-696.png\",\"width\":696,\"height\":696,\"caption\":\"Tiketi.com\"},\"image\":{\"@id\":\"https:\\\/\\\/tiketi.com\\\/#\\\/schema\\\/logo\\\/image\\\/\"},\"sameAs\":[\"https:\\\/\\\/www.facebook.com\\\/TiketiCom\\\/\"]}]}<\/script>\n<!-- \/ Yoast SEO plugin. -->","yoast_head_json":{"title":"Vols pas chers de Accra \u00e0 Lagos Nig\u00e9ria","description":"Vous recherchez des vols \u00e0 bas prix au Accra vers Lagos Nig\u00e9ria? Recherchez, comparez et r\u00e9servez un billet d&#039;avion pas cher de Accra \u00e0 Lagos Nigeria en ligne maintenant","robots":{"index":"index","follow":"follow","max-snippet":"max-snippet:-1","max-image-preview":"max-image-preview:large","max-video-preview":"max-video-preview:-1"},"canonical":"https:\/\/tiketi.com\/fr-fr\/flights-accra-lagos-acc-los\/","og_locale":"fr_FR","og_type":"article","og_title":"Cheap flights from Accra to Lagos Nigeria","og_description":"Looking for cheap flights from\u00a0Accra to Lagos Nigeria? Search, compare and book cheap airline ticket from Accra to Lagos Nigeria online now","og_url":"https:\/\/tiketi.com\/fr-fr\/flights-accra-lagos-acc-los\/","og_site_name":"Tiketi.com","article_publisher":"https:\/\/www.facebook.com\/TiketiCom\/","article_modified_time":"2022-02-07T10:27:30+00:00","og_image":[{"width":1200,"height":240,"url":"https:\/\/tiketi.com\/wp-content\/uploads\/2022\/01\/flight-ticket-booking-sorasak-KxCJXXGsv9I-unsplas.jpg","type":"image\/jpeg"}],"twitter_card":"summary_large_image","twitter_misc":{"Dur\u00e9e de lecture estim\u00e9e":"3 minutes"},"schema":{"@context":"https:\/\/schema.org","@graph":[{"@type":"WebPage","@id":"https:\/\/tiketi.com\/flights-accra-lagos-acc-los\/","url":"https:\/\/tiketi.com\/flights-accra-lagos-acc-los\/","name":"Vols pas chers de Accra \u00e0 Lagos Nig\u00e9ria","isPartOf":{"@id":"https:\/\/tiketi.com\/#website"},"primaryImageOfPage":{"@id":"https:\/\/tiketi.com\/flights-accra-lagos-acc-los\/#primaryimage"},"image":{"@id":"https:\/\/tiketi.com\/flights-accra-lagos-acc-los\/#primaryimage"},"thumbnailUrl":"https:\/\/tiketi.com\/wp-content\/uploads\/2022\/01\/flight-ticket-booking-sorasak-KxCJXXGsv9I-unsplas.jpg","datePublished":"2022-01-19T11:55:26+00:00","dateModified":"2022-02-07T10:27:30+00:00","description":"Vous recherchez des vols \u00e0 bas prix au Accra vers Lagos Nig\u00e9ria? Recherchez, comparez et r\u00e9servez un billet d&#039;avion pas cher de Accra \u00e0 Lagos Nigeria en ligne maintenant","breadcrumb":{"@id":"https:\/\/tiketi.com\/flights-accra-lagos-acc-los\/#breadcrumb"},"inLanguage":"fr-FR","potentialAction":[{"@type":"ReadAction","target":["https:\/\/tiketi.com\/flights-accra-lagos-acc-los\/"]}]},{"@type":"ImageObject","inLanguage":"fr-FR","@id":"https:\/\/tiketi.com\/flights-accra-lagos-acc-los\/#primaryimage","url":"https:\/\/tiketi.com\/wp-content\/uploads\/2022\/01\/flight-ticket-booking-sorasak-KxCJXXGsv9I-unsplas.jpg","contentUrl":"https:\/\/tiketi.com\/wp-content\/uploads\/2022\/01\/flight-ticket-booking-sorasak-KxCJXXGsv9I-unsplas.jpg","width":1200,"height":240,"caption":"Online flight ticket booking"},{"@type":"BreadcrumbList","@id":"https:\/\/tiketi.com\/flights-accra-lagos-acc-los\/#breadcrumb","itemListElement":[{"@type":"ListItem","position":1,"name":"Home","item":"https:\/\/tiketi.com\/"},{"@type":"ListItem","position":2,"name":"Cheap flights from Accra to Lagos Nigeria"}]},{"@type":"WebSite","@id":"https:\/\/tiketi.com\/#website","url":"https:\/\/tiketi.com\/","name":"Billets d&#039;avion et de bus, forfaits touristiques et activit\u00e9s - Tiketi.com","description":"Billets d&#039;avion et de bus, Tours, Activit\u00e9s","publisher":{"@id":"https:\/\/tiketi.com\/#organization"},"potentialAction":[{"@type":"SearchAction","target":{"@type":"EntryPoint","urlTemplate":"https:\/\/tiketi.com\/?s={search_term_string}"},"query-input":{"@type":"PropertyValueSpecification","valueRequired":true,"valueName":"search_term_string"}}],"inLanguage":"fr-FR"},{"@type":"Organization","@id":"https:\/\/tiketi.com\/#organization","name":"Tiketi.com","alternateName":"Tiketi","url":"https:\/\/tiketi.com\/","logo":{"@type":"ImageObject","inLanguage":"fr-FR","@id":"https:\/\/tiketi.com\/#\/schema\/logo\/image\/","url":"https:\/\/tiketi.com\/wp-content\/uploads\/2019\/05\/tiketi-logo-696.png","contentUrl":"https:\/\/tiketi.com\/wp-content\/uploads\/2019\/05\/tiketi-logo-696.png","width":696,"height":696,"caption":"Tiketi.com"},"image":{"@id":"https:\/\/tiketi.com\/#\/schema\/logo\/image\/"},"sameAs":["https:\/\/www.facebook.com\/TiketiCom\/"]}]}},"_links":{"self":[{"href":"https:\/\/tiketi.com\/fr-fr\/wp-json\/wp\/v2\/pages\/11961","targetHints":{"allow":["GET"]}}],"collection":[{"href":"https:\/\/tiketi.com\/fr-fr\/wp-json\/wp\/v2\/pages"}],"about":[{"href":"https:\/\/tiketi.com\/fr-fr\/wp-json\/wp\/v2\/types\/page"}],"author":[{"embeddable":true,"href":"https:\/\/tiketi.com\/fr-fr\/wp-json\/wp\/v2\/users\/1"}],"replies":[{"embeddable":true,"href":"https:\/\/tiketi.com\/fr-fr\/wp-json\/wp\/v2\/comments?post=11961"}],"version-history":[{"count":0,"href":"https:\/\/tiketi.com\/fr-fr\/wp-json\/wp\/v2\/pages\/11961\/revisions"}],"wp:featuredmedia":[{"embeddable":true,"href":"https:\/\/tiketi.com\/fr-fr\/wp-json\/wp\/v2\/media\/14041"}],"wp:attachment":[{"href":"https:\/\/tiketi.com\/fr-fr\/wp-json\/wp\/v2\/media?parent=11961"}],"curies":[{"name":"wp","href":"https:\/\/api.w.org\/{rel}","templated":true}]}}