{"id":11962,"date":"2022-01-19T12:55:26","date_gmt":"2022-01-19T11:55:26","guid":{"rendered":"https:\/\/new.tiketi.com\/cheap-flights-from-nairobi-to-malindi\/"},"modified":"2022-02-09T14:54:43","modified_gmt":"2022-02-09T13:54:43","slug":"flights-nairobi-malindi-nbo-myd","status":"publish","type":"page","link":"https:\/\/tiketi.com\/fr-fr\/flights-nairobi-malindi-nbo-myd\/","title":{"rendered":"Vols pas chers de Nairobi \u00e0 Malindi"},"content":{"rendered":"<h2>Vous cherchez un billet d&#039;avion pas cher \u00e0 destination de Malindi ou des offres de derni\u00e8re minute ?<\/h2>\n<h3>Cherchez, comparez et r\u00e9servez un billet d&#039;avion pas cher de Nairobi (NBO) \u00e0 Malindi (MYD)<span style=\"font-size: 16px;\">&nbsp;<\/span>maintenant en ligne.<\/h3>\n<p>R\u00e9servez des vols pas chers de Nairobi \u00e0 Malindi en ligne et \u00e9conomisez de l&#039;argent sur les billets d&#039;avion en toute confiance sur Tiketi.com. Malindi est une ville situ\u00e9e sur la c\u00f4te sud-est du Kenya. Les complexes h\u00f4teliers et les h\u00f4tels parcourent le littoral et les plages de sable blanc de cet endroit, avec 2 parcs nationaux \u00e0 proximit\u00e9 (Watamu et Malindi) qui abritent des poissons et des tortues color\u00e9s. L&#039;a\u00e9roport international le plus proche est celui de Mombas, \u00e0 environ une heure de route. Cette partie de la c\u00f4te est \u00e9galement caract\u00e9ris\u00e9e par des r\u00e9cifs coralliens un peu \u00e9loign\u00e9s du rivage, ce qui en fait un lieu si c\u00e9l\u00e8bre pour la plong\u00e9e sous-marine et le snorkeling. La meilleure p\u00e9riode pour visiter Malindi se situe entre la mi-ao\u00fbt et la mi-octobre et la mi-novembre et la mi-avril. Comparez les prix et obtenez le tarif le plus bas sur les billets d&#039;avion de Nairobi \u00e0 Malindi gr\u00e2ce \u00e0 des offres exceptionnelles sur les vols en ligne de Nairobi \u00e0 Malindi.<\/p>\n<h2>Voici quelques-unes des meilleures attractions de Malindi<\/h2>\n<h3>Nairobi<\/h3>\n<p>Ville de Nairobi, capitale du Kenya. Il est situ\u00e9 dans la partie centre-sud du pays, dans les hautes terres, \u00e0 une altitude d&#039;environ 5 500 pieds. Nairobi est le premier centre industriel du pays. Les chemins de fer sont le plus grand employeur industriel. Les industries manufacturi\u00e8res l\u00e9g\u00e8res produisent des cigarettes, des boissons et des aliments transform\u00e9s. Le tourisme est \u00e9galement vital. La ville est situ\u00e9e \u00e0 proximit\u00e9 du c\u0153ur agricole de l\u2019Afrique de l\u2019Est, et un grand nombre de produits primaires sont achemin\u00e9s via Nairobi avant d\u2019\u00eatre export\u00e9s via Mombasa. Nairobi joue \u00e9galement un r\u00f4le vital dans la communaut\u00e9 des \u00c9tats d&#039;Afrique de l&#039;Est, c&#039;est le si\u00e8ge de ports r\u00e9gionaux essentiels, de chemins de fer et de soci\u00e9t\u00e9s a\u00e9riennes.<\/p>\n<h2>FAQ sur les vols pas chers de Nairobi \u00e0 Malindi<\/h2>\n<h3>Est-il vrai que cela prend moins de temps sur un vol direct de Nairobi \u00e0 Malindi que les autres compagnies a\u00e9riennes ?<\/h3>\n<p>Oui, proposez les vols les plus rapides sur cet itin\u00e9raire.<\/p>\n<h3>Puis-je emporter ma propre nourriture ?<\/h3>\n<p>Certainement, vous pouvez emporter votre propre nourriture. Quoi qu&#039;il en soit, il devrait \u00eatre correctement emball\u00e9.<\/p>\n<h3>Vais-je servir de l\u2019alcool sur les vols entre Nairobi et Malindi ?<\/h3>\n<p>Aucune compagnie a\u00e9rienne ne sert de l&#039;alcool sur un vol local. Vous recevrez de l&#039;alcool uniquement sur les vols internationaux.<\/p>\n<h3>Existe-t-il une possibilit\u00e9 d&#039;enregistrement en ligne sur les vols Nairobi-Malindi ?<\/h3>\n<p>Oui, les passagers effectuent une option d&#039;enregistrement en ligne avec leurs vols de Nairobi \u00e0 Malindi via l&#039;enregistrement en ligne sur Internet ou l&#039;enregistrement \u00e0 l&#039;a\u00e9roport.<\/p>\n<h3>L&#039;a\u00e9roport de Nairobi dispose-t-il de vestiaires pour les enfants\u00a0?<\/h3>\n<p>Oui, l&#039;a\u00e9roport de Nairobi, r\u00e9cemment am\u00e9nag\u00e9, dispose de telles installations pour les nourrissons et les b\u00e9b\u00e9s.<\/p>\n<h2>Astuces pour trouver un vol pas cher de Nairobi \u00e0 Malindi<\/h2>\n<p>\u2022 Les billets d&#039;avion abordables de Nairobi \u00e0 Malindi sont g\u00e9n\u00e9ralement accessibles en les achetant entre 1 et 3 mois \u00e0 l&#039;avance. Les vols de vacances ou internationaux devront peut-\u00eatre \u00eatre achet\u00e9s encore plus longtemps \u00e0 l&#039;avance.<\/p>\n<p>\u2022 Le prix moyen d&#039;un billet d&#039;avion de Nairobi \u00e0 Malindi pour les vols en direction de Nairobi \u00e0 Malindi est de $150.<\/p>\n<p>\u2022 Le premier vol Kenya Airways de la journ\u00e9e part \u00e0 12h45 de Nairobi \u00e0 Malindi tandis que le dernier vol part \u00e0 8h00. En une semaine, trois vols du Kenya empruntent cette route.<\/p>","protected":false},"excerpt":{"rendered":"<p>Looking for cheap airline ticket from Nairobi to Malindi&nbsp;or last minute deals? Search, compare and book cheap airline ticket from Nairobi (NBO) to Malindi (MYD)&nbsp;online now. Book cheap flights from Nairobi to Malindi online and save money on airfare with confidence on Tiketi.com. Malindi is a town on the Kenya South-Eastern coast. Resorts and hotels [&hellip;]<\/p>\n","protected":false},"author":1,"featured_media":14041,"parent":0,"menu_order":0,"comment_status":"open","ping_status":"closed","template":"template-home-modern.php","meta":{"footnotes":""},"class_list":["post-11962","page","type-page","status-publish","has-post-thumbnail","hentry"],"yoast_head":"<!-- This site is optimized with the Yoast SEO plugin v27.2 - https:\/\/yoast.com\/product\/yoast-seo-wordpress\/ -->\n<title>Cheap Flights From Nairobi to Malindi<\/title>\n<meta name=\"description\" content=\"Looking for cheap flights from\u00a0Nairobi to Malindi? Search, compare and book cheap airline ticket from Nairobi to Malindi online\" \/>\n<meta name=\"robots\" content=\"index, follow, max-snippet:-1, max-image-preview:large, max-video-preview:-1\" \/>\n<link rel=\"canonical\" href=\"https:\/\/tiketi.com\/fr-fr\/flights-nairobi-malindi-nbo-myd\/\" \/>\n<meta property=\"og:locale\" content=\"fr_FR\" \/>\n<meta property=\"og:type\" content=\"article\" \/>\n<meta property=\"og:title\" content=\"Cheap Flights From Nairobi to Malindi\" \/>\n<meta property=\"og:description\" content=\"Looking for cheap flights from\u00a0Nairobi to Malindi? Search, compare and book cheap airline ticket from Nairobi to Malindi online\" \/>\n<meta property=\"og:url\" content=\"https:\/\/tiketi.com\/fr-fr\/flights-nairobi-malindi-nbo-myd\/\" \/>\n<meta property=\"og:site_name\" content=\"Tiketi.com\" \/>\n<meta property=\"article:publisher\" content=\"https:\/\/www.facebook.com\/TiketiCom\/\" \/>\n<meta property=\"article:modified_time\" content=\"2022-02-09T13:54:43+00:00\" \/>\n<meta property=\"og:image\" content=\"https:\/\/tiketi.com\/wp-content\/uploads\/2022\/01\/flight-ticket-booking-sorasak-KxCJXXGsv9I-unsplas.jpg\" \/>\n\t<meta property=\"og:image:width\" content=\"1200\" \/>\n\t<meta property=\"og:image:height\" content=\"240\" \/>\n\t<meta property=\"og:image:type\" content=\"image\/jpeg\" \/>\n<meta name=\"twitter:card\" content=\"summary_large_image\" \/>\n<meta name=\"twitter:label1\" content=\"Dur\u00e9e de lecture estim\u00e9e\" \/>\n\t<meta name=\"twitter:data1\" content=\"3 minutes\" \/>\n<script type=\"application\/ld+json\" class=\"yoast-schema-graph\">{\"@context\":\"https:\/\/schema.org\",\"@graph\":[{\"@type\":\"WebPage\",\"@id\":\"https:\/\/tiketi.com\/flights-nairobi-malindi-nbo-myd\/\",\"url\":\"https:\/\/tiketi.com\/flights-nairobi-malindi-nbo-myd\/\",\"name\":\"Cheap Flights From Nairobi to Malindi\",\"isPartOf\":{\"@id\":\"https:\/\/tiketi.com\/#website\"},\"primaryImageOfPage\":{\"@id\":\"https:\/\/tiketi.com\/flights-nairobi-malindi-nbo-myd\/#primaryimage\"},\"image\":{\"@id\":\"https:\/\/tiketi.com\/flights-nairobi-malindi-nbo-myd\/#primaryimage\"},\"thumbnailUrl\":\"https:\/\/tiketi.com\/wp-content\/uploads\/2022\/01\/flight-ticket-booking-sorasak-KxCJXXGsv9I-unsplas.jpg\",\"datePublished\":\"2022-01-19T11:55:26+00:00\",\"dateModified\":\"2022-02-09T13:54:43+00:00\",\"description\":\"Looking for cheap flights from\u00a0Nairobi to Malindi? Search, compare and book cheap airline ticket from Nairobi to Malindi online\",\"breadcrumb\":{\"@id\":\"https:\/\/tiketi.com\/flights-nairobi-malindi-nbo-myd\/#breadcrumb\"},\"inLanguage\":\"fr-FR\",\"potentialAction\":[{\"@type\":\"ReadAction\",\"target\":[\"https:\/\/tiketi.com\/flights-nairobi-malindi-nbo-myd\/\"]}]},{\"@type\":\"ImageObject\",\"inLanguage\":\"fr-FR\",\"@id\":\"https:\/\/tiketi.com\/flights-nairobi-malindi-nbo-myd\/#primaryimage\",\"url\":\"https:\/\/tiketi.com\/wp-content\/uploads\/2022\/01\/flight-ticket-booking-sorasak-KxCJXXGsv9I-unsplas.jpg\",\"contentUrl\":\"https:\/\/tiketi.com\/wp-content\/uploads\/2022\/01\/flight-ticket-booking-sorasak-KxCJXXGsv9I-unsplas.jpg\",\"width\":1200,\"height\":240,\"caption\":\"Online flight ticket booking\"},{\"@type\":\"BreadcrumbList\",\"@id\":\"https:\/\/tiketi.com\/flights-nairobi-malindi-nbo-myd\/#breadcrumb\",\"itemListElement\":[{\"@type\":\"ListItem\",\"position\":1,\"name\":\"Home\",\"item\":\"https:\/\/tiketi.com\/\"},{\"@type\":\"ListItem\",\"position\":2,\"name\":\"Cheap Flights From Nairobi to Malindi\"}]},{\"@type\":\"WebSite\",\"@id\":\"https:\/\/tiketi.com\/#website\",\"url\":\"https:\/\/tiketi.com\/\",\"name\":\"Flight & Bus Tickets, Tour Packages & Activitites - Tiketi.com\",\"description\":\"Flight &amp; Bus Tickets, Tours, Activitites\",\"publisher\":{\"@id\":\"https:\/\/tiketi.com\/#organization\"},\"potentialAction\":[{\"@type\":\"SearchAction\",\"target\":{\"@type\":\"EntryPoint\",\"urlTemplate\":\"https:\/\/tiketi.com\/?s={search_term_string}\"},\"query-input\":{\"@type\":\"PropertyValueSpecification\",\"valueRequired\":true,\"valueName\":\"search_term_string\"}}],\"inLanguage\":\"fr-FR\"},{\"@type\":\"Organization\",\"@id\":\"https:\/\/tiketi.com\/#organization\",\"name\":\"Tiketi.com\",\"alternateName\":\"Tiketi\",\"url\":\"https:\/\/tiketi.com\/\",\"logo\":{\"@type\":\"ImageObject\",\"inLanguage\":\"fr-FR\",\"@id\":\"https:\/\/tiketi.com\/#\/schema\/logo\/image\/\",\"url\":\"https:\/\/tiketi.com\/wp-content\/uploads\/2019\/05\/tiketi-logo-696.png\",\"contentUrl\":\"https:\/\/tiketi.com\/wp-content\/uploads\/2019\/05\/tiketi-logo-696.png\",\"width\":696,\"height\":696,\"caption\":\"Tiketi.com\"},\"image\":{\"@id\":\"https:\/\/tiketi.com\/#\/schema\/logo\/image\/\"},\"sameAs\":[\"https:\/\/www.facebook.com\/TiketiCom\/\"]}]}<\/script>\n<!-- \/ Yoast SEO plugin. -->","yoast_head_json":{"title":"Vols pas chers de Nairobi \u00e0 Malindi","description":"Vous recherchez des vols \u00e0 bas prix au Nairobi vers Malindi? Recherchez, comparez et r\u00e9servez en ligne un billet d&#039;avion pas cher de Nairobi \u00e0 Malindi","robots":{"index":"index","follow":"follow","max-snippet":"max-snippet:-1","max-image-preview":"max-image-preview:large","max-video-preview":"max-video-preview:-1"},"canonical":"https:\/\/tiketi.com\/fr-fr\/flights-nairobi-malindi-nbo-myd\/","og_locale":"fr_FR","og_type":"article","og_title":"Cheap Flights From Nairobi to Malindi","og_description":"Looking for cheap flights from\u00a0Nairobi to Malindi? Search, compare and book cheap airline ticket from Nairobi to Malindi online","og_url":"https:\/\/tiketi.com\/fr-fr\/flights-nairobi-malindi-nbo-myd\/","og_site_name":"Tiketi.com","article_publisher":"https:\/\/www.facebook.com\/TiketiCom\/","article_modified_time":"2022-02-09T13:54:43+00:00","og_image":[{"width":1200,"height":240,"url":"https:\/\/tiketi.com\/wp-content\/uploads\/2022\/01\/flight-ticket-booking-sorasak-KxCJXXGsv9I-unsplas.jpg","type":"image\/jpeg"}],"twitter_card":"summary_large_image","twitter_misc":{"Dur\u00e9e de lecture estim\u00e9e":"3 minutes"},"schema":{"@context":"https:\/\/schema.org","@graph":[{"@type":"WebPage","@id":"https:\/\/tiketi.com\/flights-nairobi-malindi-nbo-myd\/","url":"https:\/\/tiketi.com\/flights-nairobi-malindi-nbo-myd\/","name":"Vols pas chers de Nairobi \u00e0 Malindi","isPartOf":{"@id":"https:\/\/tiketi.com\/#website"},"primaryImageOfPage":{"@id":"https:\/\/tiketi.com\/flights-nairobi-malindi-nbo-myd\/#primaryimage"},"image":{"@id":"https:\/\/tiketi.com\/flights-nairobi-malindi-nbo-myd\/#primaryimage"},"thumbnailUrl":"https:\/\/tiketi.com\/wp-content\/uploads\/2022\/01\/flight-ticket-booking-sorasak-KxCJXXGsv9I-unsplas.jpg","datePublished":"2022-01-19T11:55:26+00:00","dateModified":"2022-02-09T13:54:43+00:00","description":"Vous recherchez des vols \u00e0 bas prix au Nairobi vers Malindi? Recherchez, comparez et r\u00e9servez en ligne un billet d&#039;avion pas cher de Nairobi \u00e0 Malindi","breadcrumb":{"@id":"https:\/\/tiketi.com\/flights-nairobi-malindi-nbo-myd\/#breadcrumb"},"inLanguage":"fr-FR","potentialAction":[{"@type":"ReadAction","target":["https:\/\/tiketi.com\/flights-nairobi-malindi-nbo-myd\/"]}]},{"@type":"ImageObject","inLanguage":"fr-FR","@id":"https:\/\/tiketi.com\/flights-nairobi-malindi-nbo-myd\/#primaryimage","url":"https:\/\/tiketi.com\/wp-content\/uploads\/2022\/01\/flight-ticket-booking-sorasak-KxCJXXGsv9I-unsplas.jpg","contentUrl":"https:\/\/tiketi.com\/wp-content\/uploads\/2022\/01\/flight-ticket-booking-sorasak-KxCJXXGsv9I-unsplas.jpg","width":1200,"height":240,"caption":"Online flight ticket booking"},{"@type":"BreadcrumbList","@id":"https:\/\/tiketi.com\/flights-nairobi-malindi-nbo-myd\/#breadcrumb","itemListElement":[{"@type":"ListItem","position":1,"name":"Home","item":"https:\/\/tiketi.com\/"},{"@type":"ListItem","position":2,"name":"Cheap Flights From Nairobi to Malindi"}]},{"@type":"WebSite","@id":"https:\/\/tiketi.com\/#website","url":"https:\/\/tiketi.com\/","name":"Billets d&#039;avion et de bus, forfaits touristiques et activit\u00e9s - Tiketi.com","description":"Billets d&#039;avion et de bus, Tours, Activit\u00e9s","publisher":{"@id":"https:\/\/tiketi.com\/#organization"},"potentialAction":[{"@type":"SearchAction","target":{"@type":"EntryPoint","urlTemplate":"https:\/\/tiketi.com\/?s={search_term_string}"},"query-input":{"@type":"PropertyValueSpecification","valueRequired":true,"valueName":"search_term_string"}}],"inLanguage":"fr-FR"},{"@type":"Organization","@id":"https:\/\/tiketi.com\/#organization","name":"Tiketi.com","alternateName":"Tiketi","url":"https:\/\/tiketi.com\/","logo":{"@type":"ImageObject","inLanguage":"fr-FR","@id":"https:\/\/tiketi.com\/#\/schema\/logo\/image\/","url":"https:\/\/tiketi.com\/wp-content\/uploads\/2019\/05\/tiketi-logo-696.png","contentUrl":"https:\/\/tiketi.com\/wp-content\/uploads\/2019\/05\/tiketi-logo-696.png","width":696,"height":696,"caption":"Tiketi.com"},"image":{"@id":"https:\/\/tiketi.com\/#\/schema\/logo\/image\/"},"sameAs":["https:\/\/www.facebook.com\/TiketiCom\/"]}]}},"_links":{"self":[{"href":"https:\/\/tiketi.com\/fr-fr\/wp-json\/wp\/v2\/pages\/11962","targetHints":{"allow":["GET"]}}],"collection":[{"href":"https:\/\/tiketi.com\/fr-fr\/wp-json\/wp\/v2\/pages"}],"about":[{"href":"https:\/\/tiketi.com\/fr-fr\/wp-json\/wp\/v2\/types\/page"}],"author":[{"embeddable":true,"href":"https:\/\/tiketi.com\/fr-fr\/wp-json\/wp\/v2\/users\/1"}],"replies":[{"embeddable":true,"href":"https:\/\/tiketi.com\/fr-fr\/wp-json\/wp\/v2\/comments?post=11962"}],"version-history":[{"count":0,"href":"https:\/\/tiketi.com\/fr-fr\/wp-json\/wp\/v2\/pages\/11962\/revisions"}],"wp:featuredmedia":[{"embeddable":true,"href":"https:\/\/tiketi.com\/fr-fr\/wp-json\/wp\/v2\/media\/14041"}],"wp:attachment":[{"href":"https:\/\/tiketi.com\/fr-fr\/wp-json\/wp\/v2\/media?parent=11962"}],"curies":[{"name":"wp","href":"https:\/\/api.w.org\/{rel}","templated":true}]}}