{"id":11963,"date":"2022-01-19T12:55:26","date_gmt":"2022-01-19T11:55:26","guid":{"rendered":"https:\/\/new.tiketi.com\/cheap-flights-from-nairobi-to-johannesburg\/"},"modified":"2022-02-09T13:46:01","modified_gmt":"2022-02-09T12:46:01","slug":"flights-nairobi-johannesburg-nbo-jnb","status":"publish","type":"page","link":"https:\/\/tiketi.com\/fr-fr\/flights-nairobi-johannesburg-nbo-jnb\/","title":{"rendered":"Vols pas chers de Nairobi \u00e0 Johannesbourg"},"content":{"rendered":"<h2>Vous cherchez un billet d&#039;avion pas cher \u00e0 Nairobi pour Johannesbourg ou des offres de derni\u00e8re minute ?<\/h2>\n<h3>Cherchez, comparez et r\u00e9servez un billet d&#039;avion pas cher de Nairobi (NBO) \u00e0 Johannesbourg (JNB)<span style=\"font-size: 16px;\">&nbsp;<\/span>maintenant en ligne.<\/h3>\n<p>R\u00e9servez des vols pas chers de Nairobi \u00e0 Johannesbourg en ligne et \u00e9conomisez de l&#039;argent sur les billets d&#039;avion. Site Web id\u00e9al pour les vols \u00e0 bas prix de Nairobi \u00e0 Johannesbourg. Connue famili\u00e8rement comme la \u00ab ville de l&#039;or \u00bb, Johannesburg est la plus grande ville d&#039;Afrique du Sud, surtout c\u00e9l\u00e8bre pour avoir accueilli Nelson Mandela et son incroyable mus\u00e9e. Mais la ville a bien plus \u00e0 offrir qu\u2019il n\u2019y para\u00eet. Il y a des endroits \u00e0 visiter \u00e0 Johannesburg, comme le Market Theatre et le Zoo Lake, qui remplaceraient l&#039;opinion de quiconque sur la ville. Site Web unique pour comparer les prix et obtenir le tarif d&#039;avion le plus bas sur les billets d&#039;avion de Nairobi \u00e0 Johannesburg gr\u00e2ce \u00e0 des offres exceptionnelles sur la r\u00e9servation de billets en ligne de vols de Nairobi \u00e0 Johannesburg.<\/p>\n<h2>Certaines des grandes attractions de Johannesburg<\/h2>\n<p>\u2022 Le mus\u00e9e de l&#039;apartheid<br \/>\n\u2022 Colline de la Constitution<br \/>\n\u2022 Ville du r\u00e9cif d&#039;or<br \/>\n\u2022 Soweto et le mus\u00e9e Mandela<br \/>\n\u2022 Le quartier de Maboneng<br \/>\n\u2022 Excursion d&#039;une journ\u00e9e au parc Lion et Safari<br \/>\n\u2022 Excursion d&#039;une journ\u00e9e au berceau de l&#039;humanit\u00e9<br \/>\n\u2022 Excursion d&#039;une journ\u00e9e au parc national du Pilanesberg<br \/>\n\u2022 une excursion d&#039;une journ\u00e9e \u00e0 Pretoria<br \/>\n\u2022 Jardins botaniques nationaux Walter Sisulu<br \/>\n\u2022 La maison-mus\u00e9e victorienne de Lindfield<br \/>\n\u2022 le mus\u00e9e d&#039;art Wits<br \/>\n\u2022 Th\u00e9\u00e2tre du march\u00e9<\/p>\n<h2>O\u00f9 s\u00e9journer \u00e0 Johannesburg pour visiter les attractions<\/h2>\n<p>\u00c0 Johannesburg, les magnifiques banlieues nord, telles que Sandton, Rosebank et Melrose, sont g\u00e9n\u00e9ralement les zones les meilleures et les plus s\u00fbres o\u00f9 s\u00e9journer. Les th\u00e9\u00e2tres, centres commerciaux, restaurants et mus\u00e9es sont \u00e0 quelques minutes, et les meilleures attractions telles que le mus\u00e9e de l&#039;apartheid et Constitution Hill sont simplement accessibles en quinze \u00e0 vingt minutes environ en voiture priv\u00e9e ou en taxi.<\/p>\n<h2>FAQ sur les vols pas chers de Nairobi \u00e0 Johannesbourg<\/h2>\n<h3>Billet d&#039;avion pas cher de Nairobi \u00e0 Johannesbourg. Meilleur moment pour r\u00e9server ?<\/h3>\n<p>G\u00e9n\u00e9ralement, le meilleur moment pour r\u00e9server un billet d&#039;avion de Nairobi \u00e0 Johannesbourg est 2 mois \u00e0 l&#039;avance. Et les jours abordables pour voler sont le mercredi, le mardi et le samedi. Le dimanche est le plus cher.<\/p>\n<h3>Quelle est la fr\u00e9quence des vols directs Nairobi - Johannesbourg ?<\/h3>\n<p>Il existe trente-deux vols directs de Nairobi \u00e0 Johannesburg.<\/p>\n<h3>Quelle est la compagnie a\u00e9rienne la plus connue pour les vols directs de Nairobi \u00e0 Johannesburg\u00a0?<\/h3>\n<p>Kenya Airways propose 65 vols directs entre Nairobi et Johannesbourg.<\/p>\n<h3>Quelles compagnies a\u00e9riennes proposent des vols de Nairobi \u00e0 Johannesbourg ?<\/h3>\n<p>Il existe actuellement cinq offres de vols directs bon march\u00e9 de Nairobi \u00e0 Johannesburg, notamment Air Namibia, Etihad Airways et Kenya Airways.<\/p>\n<h3>En moyenne, combien de vols par jour d\u00e9collent de Nairobi \u00e0 Johannesbourg ?<\/h3>\n<p>\u2022 En moyenne vingt vols partent par jour.<\/p>\n<p>\u2022 Matin \u2013 trente-cinq d\u00e9parts de vols<\/p>\n<p>\u2022 Apr\u00e8s-midi\u00a0:\u00a0cinquante pour cent des d\u00e9parts de vols<\/p>\n<p>\u2022 Soir \u2013 quinze pour cent des d\u00e9parts de vols<\/p>\n<h2>Conseils de vol de Nairobi \u00e0 Johannesbourg<\/h2>\n<p>\u2022 Apr\u00e8s avoir r\u00e9serv\u00e9 votre billet Kenya Airways pour les vols Johannesburg Accra, vous pouvez confirmer le statut \u00e0 tout moment en utilisant le num\u00e9ro PNR. De plus, vous pouvez m\u00eame utiliser la fonction d&#039;enregistrement en ligne pour \u00e9viter de longues files d&#039;attente.<\/p>\n<p>\u2022 Le premier vol Kenya Airways de la journ\u00e9e part \u00e0 13h00 de Nairobi vers chaque capitale sud-africaine tandis que le dernier vol d\u00e9colle \u00e0 7h35. En une semaine, quatre vols Kenya Airways op\u00e8rent sur cette route.<\/p>","protected":false},"excerpt":{"rendered":"<p>Looking for cheap airline ticket from Nairobi to Johannesburg&nbsp;or last minute deals? Search, compare and book cheap airline ticket from Nairobi (NBO) to Johannesburg (JNB)&nbsp;online now. Book cheap flights from Nairobi to Johannesburg online and save money on airfare. One-stop website for cheap flights from Nairobi to Johannesburg. Colloquially famous as the &#8220;city of gold&#8221;, [&hellip;]<\/p>\n","protected":false},"author":1,"featured_media":17849,"parent":0,"menu_order":0,"comment_status":"open","ping_status":"closed","template":"template-home-modern.php","meta":{"footnotes":""},"class_list":["post-11963","page","type-page","status-publish","has-post-thumbnail","hentry"],"yoast_head":"<!-- This site is optimized with the Yoast SEO plugin v27.2 - https:\/\/yoast.com\/product\/yoast-seo-wordpress\/ -->\n<title>Cheap Flights From Nairobi to Johannesburg<\/title>\n<meta name=\"description\" content=\"Looking for cheap flights from\u00a0Nairobi to Johannesburg? Search, compare and book cheap airline ticket from Nairobi to Johannesburg online\" \/>\n<meta name=\"robots\" content=\"index, follow, max-snippet:-1, max-image-preview:large, max-video-preview:-1\" \/>\n<link rel=\"canonical\" href=\"https:\/\/tiketi.com\/fr-fr\/flights-nairobi-johannesburg-nbo-jnb\/\" \/>\n<meta property=\"og:locale\" content=\"fr_FR\" \/>\n<meta property=\"og:type\" content=\"article\" \/>\n<meta property=\"og:title\" content=\"Cheap Flights From Nairobi to Johannesburg\" \/>\n<meta property=\"og:description\" content=\"Looking for cheap flights from\u00a0Nairobi to Johannesburg? Search, compare and book cheap airline ticket from Nairobi to Johannesburg online\" \/>\n<meta property=\"og:url\" content=\"https:\/\/tiketi.com\/fr-fr\/flights-nairobi-johannesburg-nbo-jnb\/\" \/>\n<meta property=\"og:site_name\" content=\"Tiketi.com\" \/>\n<meta property=\"article:publisher\" content=\"https:\/\/www.facebook.com\/TiketiCom\/\" \/>\n<meta property=\"article:modified_time\" content=\"2022-02-09T12:46:01+00:00\" \/>\n<meta property=\"og:image\" content=\"https:\/\/tiketi.com\/wp-content\/uploads\/2019\/05\/johannesburg-4322256_1280.jpg\" \/>\n\t<meta property=\"og:image:width\" content=\"1200\" \/>\n\t<meta property=\"og:image:height\" content=\"206\" \/>\n\t<meta property=\"og:image:type\" content=\"image\/jpeg\" \/>\n<meta name=\"twitter:card\" content=\"summary_large_image\" \/>\n<meta name=\"twitter:label1\" content=\"Dur\u00e9e de lecture estim\u00e9e\" \/>\n\t<meta name=\"twitter:data1\" content=\"3 minutes\" \/>\n<script type=\"application\/ld+json\" class=\"yoast-schema-graph\">{\"@context\":\"https:\/\/schema.org\",\"@graph\":[{\"@type\":\"WebPage\",\"@id\":\"https:\/\/tiketi.com\/flights-nairobi-johannesburg-nbo-jnb\/\",\"url\":\"https:\/\/tiketi.com\/flights-nairobi-johannesburg-nbo-jnb\/\",\"name\":\"Cheap Flights From Nairobi to Johannesburg\",\"isPartOf\":{\"@id\":\"https:\/\/tiketi.com\/#website\"},\"primaryImageOfPage\":{\"@id\":\"https:\/\/tiketi.com\/flights-nairobi-johannesburg-nbo-jnb\/#primaryimage\"},\"image\":{\"@id\":\"https:\/\/tiketi.com\/flights-nairobi-johannesburg-nbo-jnb\/#primaryimage\"},\"thumbnailUrl\":\"https:\/\/tiketi.com\/wp-content\/uploads\/2019\/05\/johannesburg-4322256_1280.jpg\",\"datePublished\":\"2022-01-19T11:55:26+00:00\",\"dateModified\":\"2022-02-09T12:46:01+00:00\",\"description\":\"Looking for cheap flights from\u00a0Nairobi to Johannesburg? Search, compare and book cheap airline ticket from Nairobi to Johannesburg online\",\"breadcrumb\":{\"@id\":\"https:\/\/tiketi.com\/flights-nairobi-johannesburg-nbo-jnb\/#breadcrumb\"},\"inLanguage\":\"fr-FR\",\"potentialAction\":[{\"@type\":\"ReadAction\",\"target\":[\"https:\/\/tiketi.com\/flights-nairobi-johannesburg-nbo-jnb\/\"]}]},{\"@type\":\"ImageObject\",\"inLanguage\":\"fr-FR\",\"@id\":\"https:\/\/tiketi.com\/flights-nairobi-johannesburg-nbo-jnb\/#primaryimage\",\"url\":\"https:\/\/tiketi.com\/wp-content\/uploads\/2019\/05\/johannesburg-4322256_1280.jpg\",\"contentUrl\":\"https:\/\/tiketi.com\/wp-content\/uploads\/2019\/05\/johannesburg-4322256_1280.jpg\",\"width\":1200,\"height\":206,\"caption\":\"Cheap Flights from Cape Town to Johannesburg\"},{\"@type\":\"BreadcrumbList\",\"@id\":\"https:\/\/tiketi.com\/flights-nairobi-johannesburg-nbo-jnb\/#breadcrumb\",\"itemListElement\":[{\"@type\":\"ListItem\",\"position\":1,\"name\":\"Home\",\"item\":\"https:\/\/tiketi.com\/\"},{\"@type\":\"ListItem\",\"position\":2,\"name\":\"Cheap Flights From Nairobi to Johannesburg\"}]},{\"@type\":\"WebSite\",\"@id\":\"https:\/\/tiketi.com\/#website\",\"url\":\"https:\/\/tiketi.com\/\",\"name\":\"Flight & Bus Tickets, Tour Packages & Activitites - Tiketi.com\",\"description\":\"Flight &amp; Bus Tickets, Tours, Activitites\",\"publisher\":{\"@id\":\"https:\/\/tiketi.com\/#organization\"},\"potentialAction\":[{\"@type\":\"SearchAction\",\"target\":{\"@type\":\"EntryPoint\",\"urlTemplate\":\"https:\/\/tiketi.com\/?s={search_term_string}\"},\"query-input\":{\"@type\":\"PropertyValueSpecification\",\"valueRequired\":true,\"valueName\":\"search_term_string\"}}],\"inLanguage\":\"fr-FR\"},{\"@type\":\"Organization\",\"@id\":\"https:\/\/tiketi.com\/#organization\",\"name\":\"Tiketi.com\",\"alternateName\":\"Tiketi\",\"url\":\"https:\/\/tiketi.com\/\",\"logo\":{\"@type\":\"ImageObject\",\"inLanguage\":\"fr-FR\",\"@id\":\"https:\/\/tiketi.com\/#\/schema\/logo\/image\/\",\"url\":\"https:\/\/tiketi.com\/wp-content\/uploads\/2019\/05\/tiketi-logo-696.png\",\"contentUrl\":\"https:\/\/tiketi.com\/wp-content\/uploads\/2019\/05\/tiketi-logo-696.png\",\"width\":696,\"height\":696,\"caption\":\"Tiketi.com\"},\"image\":{\"@id\":\"https:\/\/tiketi.com\/#\/schema\/logo\/image\/\"},\"sameAs\":[\"https:\/\/www.facebook.com\/TiketiCom\/\"]}]}<\/script>\n<!-- \/ Yoast SEO plugin. -->","yoast_head_json":{"title":"Vols pas chers de Nairobi \u00e0 Johannesbourg","description":"Vous recherchez des vols \u00e0 bas prix au Nairobi vers Johannesbourg? Recherchez, comparez et r\u00e9servez un billet d&#039;avion pas cher de Nairobi \u00e0 Johannesbourg en ligne","robots":{"index":"index","follow":"follow","max-snippet":"max-snippet:-1","max-image-preview":"max-image-preview:large","max-video-preview":"max-video-preview:-1"},"canonical":"https:\/\/tiketi.com\/fr-fr\/flights-nairobi-johannesburg-nbo-jnb\/","og_locale":"fr_FR","og_type":"article","og_title":"Cheap Flights From Nairobi to Johannesburg","og_description":"Looking for cheap flights from\u00a0Nairobi to Johannesburg? Search, compare and book cheap airline ticket from Nairobi to Johannesburg online","og_url":"https:\/\/tiketi.com\/fr-fr\/flights-nairobi-johannesburg-nbo-jnb\/","og_site_name":"Tiketi.com","article_publisher":"https:\/\/www.facebook.com\/TiketiCom\/","article_modified_time":"2022-02-09T12:46:01+00:00","og_image":[{"width":1200,"height":206,"url":"https:\/\/tiketi.com\/wp-content\/uploads\/2019\/05\/johannesburg-4322256_1280.jpg","type":"image\/jpeg"}],"twitter_card":"summary_large_image","twitter_misc":{"Dur\u00e9e de lecture estim\u00e9e":"3 minutes"},"schema":{"@context":"https:\/\/schema.org","@graph":[{"@type":"WebPage","@id":"https:\/\/tiketi.com\/flights-nairobi-johannesburg-nbo-jnb\/","url":"https:\/\/tiketi.com\/flights-nairobi-johannesburg-nbo-jnb\/","name":"Vols pas chers de Nairobi \u00e0 Johannesbourg","isPartOf":{"@id":"https:\/\/tiketi.com\/#website"},"primaryImageOfPage":{"@id":"https:\/\/tiketi.com\/flights-nairobi-johannesburg-nbo-jnb\/#primaryimage"},"image":{"@id":"https:\/\/tiketi.com\/flights-nairobi-johannesburg-nbo-jnb\/#primaryimage"},"thumbnailUrl":"https:\/\/tiketi.com\/wp-content\/uploads\/2019\/05\/johannesburg-4322256_1280.jpg","datePublished":"2022-01-19T11:55:26+00:00","dateModified":"2022-02-09T12:46:01+00:00","description":"Vous recherchez des vols \u00e0 bas prix au Nairobi vers Johannesbourg? Recherchez, comparez et r\u00e9servez un billet d&#039;avion pas cher de Nairobi \u00e0 Johannesbourg en ligne","breadcrumb":{"@id":"https:\/\/tiketi.com\/flights-nairobi-johannesburg-nbo-jnb\/#breadcrumb"},"inLanguage":"fr-FR","potentialAction":[{"@type":"ReadAction","target":["https:\/\/tiketi.com\/flights-nairobi-johannesburg-nbo-jnb\/"]}]},{"@type":"ImageObject","inLanguage":"fr-FR","@id":"https:\/\/tiketi.com\/flights-nairobi-johannesburg-nbo-jnb\/#primaryimage","url":"https:\/\/tiketi.com\/wp-content\/uploads\/2019\/05\/johannesburg-4322256_1280.jpg","contentUrl":"https:\/\/tiketi.com\/wp-content\/uploads\/2019\/05\/johannesburg-4322256_1280.jpg","width":1200,"height":206,"caption":"Cheap Flights from Cape Town to Johannesburg"},{"@type":"BreadcrumbList","@id":"https:\/\/tiketi.com\/flights-nairobi-johannesburg-nbo-jnb\/#breadcrumb","itemListElement":[{"@type":"ListItem","position":1,"name":"Home","item":"https:\/\/tiketi.com\/"},{"@type":"ListItem","position":2,"name":"Cheap Flights From Nairobi to Johannesburg"}]},{"@type":"WebSite","@id":"https:\/\/tiketi.com\/#website","url":"https:\/\/tiketi.com\/","name":"Billets d&#039;avion et de bus, forfaits touristiques et activit\u00e9s - Tiketi.com","description":"Billets d&#039;avion et de bus, Tours, Activit\u00e9s","publisher":{"@id":"https:\/\/tiketi.com\/#organization"},"potentialAction":[{"@type":"SearchAction","target":{"@type":"EntryPoint","urlTemplate":"https:\/\/tiketi.com\/?s={search_term_string}"},"query-input":{"@type":"PropertyValueSpecification","valueRequired":true,"valueName":"search_term_string"}}],"inLanguage":"fr-FR"},{"@type":"Organization","@id":"https:\/\/tiketi.com\/#organization","name":"Tiketi.com","alternateName":"Tiketi","url":"https:\/\/tiketi.com\/","logo":{"@type":"ImageObject","inLanguage":"fr-FR","@id":"https:\/\/tiketi.com\/#\/schema\/logo\/image\/","url":"https:\/\/tiketi.com\/wp-content\/uploads\/2019\/05\/tiketi-logo-696.png","contentUrl":"https:\/\/tiketi.com\/wp-content\/uploads\/2019\/05\/tiketi-logo-696.png","width":696,"height":696,"caption":"Tiketi.com"},"image":{"@id":"https:\/\/tiketi.com\/#\/schema\/logo\/image\/"},"sameAs":["https:\/\/www.facebook.com\/TiketiCom\/"]}]}},"_links":{"self":[{"href":"https:\/\/tiketi.com\/fr-fr\/wp-json\/wp\/v2\/pages\/11963","targetHints":{"allow":["GET"]}}],"collection":[{"href":"https:\/\/tiketi.com\/fr-fr\/wp-json\/wp\/v2\/pages"}],"about":[{"href":"https:\/\/tiketi.com\/fr-fr\/wp-json\/wp\/v2\/types\/page"}],"author":[{"embeddable":true,"href":"https:\/\/tiketi.com\/fr-fr\/wp-json\/wp\/v2\/users\/1"}],"replies":[{"embeddable":true,"href":"https:\/\/tiketi.com\/fr-fr\/wp-json\/wp\/v2\/comments?post=11963"}],"version-history":[{"count":0,"href":"https:\/\/tiketi.com\/fr-fr\/wp-json\/wp\/v2\/pages\/11963\/revisions"}],"wp:featuredmedia":[{"embeddable":true,"href":"https:\/\/tiketi.com\/fr-fr\/wp-json\/wp\/v2\/media\/17849"}],"wp:attachment":[{"href":"https:\/\/tiketi.com\/fr-fr\/wp-json\/wp\/v2\/media?parent=11963"}],"curies":[{"name":"wp","href":"https:\/\/api.w.org\/{rel}","templated":true}]}}