{"id":11966,"date":"2022-01-19T12:55:26","date_gmt":"2022-01-19T11:55:26","guid":{"rendered":"https:\/\/new.tiketi.com\/cheap-flights-from-london-to-cairo\/"},"modified":"2022-02-08T20:11:12","modified_gmt":"2022-02-08T19:11:12","slug":"flights-london-cairo-lhr-cai","status":"publish","type":"page","link":"https:\/\/tiketi.com\/fr-fr\/flights-london-cairo-lhr-cai\/","title":{"rendered":"Vols \u00e0 bas prix de Londres \u00e0 Le Caire"},"content":{"rendered":"<h2>Vous recherchez un billet d&#039;avion pas cher de Londres vers Le Caire ou des offres de derni\u00e8re minute ?<\/h2>\n<h3>Recherchez, comparez et r\u00e9servez en ligne maintenant un billet d&#039;avion pas cher entre Londres (LHR) et Le Caire (CAI).<\/h3>\n<p>R\u00e9servez en ligne des vols \u00e0 bas prix de Londres \u00e0 Le Caire et \u00e9conomisez de l&#039;argent sur les billets d&#039;avion. Le Caire est l&#039;une des plus grandes m\u00e9gapoles du monde. Aussi charmante que folle, et aussi riche en parures historiques qu&#039;elle est \u00e0 moiti\u00e9 d\u00e9labr\u00e9e, Le Caire a tendance \u00e0 \u00eatre une ville que les visiteurs aiment et d\u00e9testent \u00e0 parts \u00e9gales. La m\u00e9gapole est bruyante, grande et chaotique, et peut en fait \u00eatre \u00e9crasante pour certains visiteurs. Si tel est le cas pour vous, ou si vous avez juste un peu de temps l\u00e0-bas, j&#039;ai rassembl\u00e9 les meilleurs endroits \u00e0 visiter au Caire. Visitez Le Caire gr\u00e2ce \u00e0 des offres exceptionnelles sur les billets d&#039;avion de Londres \u00e0 Le Caire et volez de Londres \u00e0 Le Caire \u00e0 bas prix.<\/p>\n<h2>Voici quelques-unes des meilleures attractions d&#039;Eldoret<\/h2>\n<h3>Les pyramides de Gizeh<\/h3>\n<p>Les pyramides de Gizeh sont la visite d&#039;une demi-journ\u00e9e du Caire num\u00e9ro 1 et une attraction incontournable sur l&#039;itin\u00e9raire de chaque personne. Juste \u00e0 la p\u00e9riph\u00e9rie de la ville, sur le plateau de Gizeh, ces mod\u00e8les fun\u00e9raires de la 4e dynastie \u00e9patent les touristes depuis des si\u00e8cles et continuent d&#039;\u00eatre l&#039;un des grands points forts du pays.<\/p>\n<h3>March\u00e9 de Khan El Khalili<\/h3>\n<p>Une visite au Caire ne serait pas compl\u00e8te sans aller au march\u00e9 de la rue Khan El Khalili. Ce n&#039;est pas seulement le meilleur endroit pour trouver les bibelots de vos visiteurs typiques, mais certains des objets que l&#039;on trouve ici ne sont que de l&#039;or v\u00e9ritable.<\/p>\n<p>L&#039;autre meilleure attraction touristique contient la mosqu\u00e9e Al-Azhar. La tour du Caire haute de 187 m\u00e8tres, la citadelle m\u00e9di\u00e9vale et la mosqu\u00e9e Muhammad Ali.<\/p>\n<h2>FAQ sur les vols pas chers de Londres \u00e0 Le Caire<\/h2>\n<h3>Quelles compagnies a\u00e9riennes proposent des vols pas chers de Londres vers Le Caire ?<\/h3>\n<p>Des vols directs de Londres au Caire sont actuellement desservis par six compagnies a\u00e9riennes, dont Egypt Air, Air Canada et Iberia.<\/p>\n<h3>Comment se passe le vol Londres-Le Caire ?<\/h3>\n<p>Vous pouvez deviner un temps de vol de Londres au Caire jusqu&#039;\u00e0 cinq heures pour un vol direct. Compagnie a\u00e9rienne avec une distance de voyage allant jusqu&#039;\u00e0 1 366 miles.<\/p>\n<h3>Combien de vols partent en moyenne de Londres vers Le Caire par jour ?<\/h3>\n<p>\u2022 Quinze vols Londres Le Caire partent par jour en moyenne.<\/p>\n<p>\u2022 Apr\u00e8s-midi\u00a0: 80\u00a0% des d\u00e9parts de vols<\/p>\n<p>\u2022 Soir - vingt pour cent des d\u00e9parts de vol<\/p>\n<h3>Quelles compagnies a\u00e9riennes offrent un billet d&#039;avion pas cher de Londres vers Le Caire ?<\/h3>\n<p>Au cours des trois derniers jours, les billets d&#039;avion aller-retour abordables de Londres au Caire ont \u00e9t\u00e9 trouv\u00e9s sur Ukraine Intl Air (275 \u20ac), Air France (260 \u20ac) et Air Malta (275 \u20ac).<\/p>\n<h2>Conseils pour les vols Londres - Le Caire<\/h2>\n<p>\u2022 Sur l&#039;a\u00e9roport du Caire, plusieurs agences de location de voitures fonctionnent sur place. Budget, Sixt, Hertz et d&#039;autres agences de location de voitures ont des bureaux dans chaque terminal de l&#039;a\u00e9roport international du Caire.<\/p>\n<p>\u2022 La haute saison correspond aux mois de juillet, juin et ao\u00fbt. Le mois abordable pour voler est novembre.<\/p>\n<p>\u2022 R\u00e9servez au moins cinq semaines avant le d\u00e9part afin d&#039;obtenir un prix inf\u00e9rieur \u00e0 la moyenne.<\/p>\n<p>\u2022 Le vol Londres-Caire a \u00e9t\u00e9 trouv\u00e9, en moyenne, cinquante-neuf jours avant le d\u00e9part.<\/p>","protected":false},"excerpt":{"rendered":"<p>Looking for cheap airline ticket from London to Cairo\u00a0or last minute deals? Search, compare and book cheap airline ticket from London (LHR) to Cairo (CAI) online now. Book cheap flights from London to Cairo online and save money on airfare. Cairo is the one of the world&#8217;s biggest megacities. As charming as it is crazy, [&hellip;]<\/p>\n","protected":false},"author":1,"featured_media":16120,"parent":0,"menu_order":0,"comment_status":"open","ping_status":"closed","template":"template-home-modern.php","meta":{"footnotes":""},"class_list":["post-11966","page","type-page","status-publish","has-post-thumbnail","hentry"],"yoast_head":"<!-- This site is optimized with the Yoast SEO plugin v27.2 - https:\/\/yoast.com\/product\/yoast-seo-wordpress\/ -->\n<title>Cheap Flights From London to Cairo<\/title>\n<meta name=\"description\" content=\"Looking for cheap flights from\u00a0London to Cairo? Search, compare and book cheap airline ticket from London to Cairo online\" \/>\n<meta name=\"robots\" content=\"index, follow, max-snippet:-1, max-image-preview:large, max-video-preview:-1\" \/>\n<link rel=\"canonical\" href=\"https:\/\/tiketi.com\/fr-fr\/flights-london-cairo-lhr-cai\/\" \/>\n<meta property=\"og:locale\" content=\"fr_FR\" \/>\n<meta property=\"og:type\" content=\"article\" \/>\n<meta property=\"og:title\" content=\"Cheap Flights From London to Cairo\" \/>\n<meta property=\"og:description\" content=\"Looking for cheap flights from\u00a0London to Cairo? Search, compare and book cheap airline ticket from London to Cairo online\" \/>\n<meta property=\"og:url\" content=\"https:\/\/tiketi.com\/fr-fr\/flights-london-cairo-lhr-cai\/\" \/>\n<meta property=\"og:site_name\" content=\"Tiketi.com\" \/>\n<meta property=\"article:publisher\" content=\"https:\/\/www.facebook.com\/TiketiCom\/\" \/>\n<meta property=\"article:modified_time\" content=\"2022-02-08T19:11:12+00:00\" \/>\n<meta property=\"og:image\" content=\"https:\/\/tiketi.com\/wp-content\/uploads\/2022\/02\/cairo-1002927_1280.jpg\" \/>\n\t<meta property=\"og:image:width\" content=\"1200\" \/>\n\t<meta property=\"og:image:height\" content=\"204\" \/>\n\t<meta property=\"og:image:type\" content=\"image\/jpeg\" \/>\n<meta name=\"twitter:card\" content=\"summary_large_image\" \/>\n<meta name=\"twitter:label1\" content=\"Dur\u00e9e de lecture estim\u00e9e\" \/>\n\t<meta name=\"twitter:data1\" content=\"3 minutes\" \/>\n<script type=\"application\/ld+json\" class=\"yoast-schema-graph\">{\"@context\":\"https:\/\/schema.org\",\"@graph\":[{\"@type\":\"WebPage\",\"@id\":\"https:\/\/tiketi.com\/flights-london-cairo-lhr-cai\/\",\"url\":\"https:\/\/tiketi.com\/flights-london-cairo-lhr-cai\/\",\"name\":\"Cheap Flights From London to Cairo\",\"isPartOf\":{\"@id\":\"https:\/\/tiketi.com\/#website\"},\"primaryImageOfPage\":{\"@id\":\"https:\/\/tiketi.com\/flights-london-cairo-lhr-cai\/#primaryimage\"},\"image\":{\"@id\":\"https:\/\/tiketi.com\/flights-london-cairo-lhr-cai\/#primaryimage\"},\"thumbnailUrl\":\"https:\/\/tiketi.com\/wp-content\/uploads\/2022\/02\/cairo-1002927_1280.jpg\",\"datePublished\":\"2022-01-19T11:55:26+00:00\",\"dateModified\":\"2022-02-08T19:11:12+00:00\",\"description\":\"Looking for cheap flights from\u00a0London to Cairo? Search, compare and book cheap airline ticket from London to Cairo online\",\"breadcrumb\":{\"@id\":\"https:\/\/tiketi.com\/flights-london-cairo-lhr-cai\/#breadcrumb\"},\"inLanguage\":\"fr-FR\",\"potentialAction\":[{\"@type\":\"ReadAction\",\"target\":[\"https:\/\/tiketi.com\/flights-london-cairo-lhr-cai\/\"]}]},{\"@type\":\"ImageObject\",\"inLanguage\":\"fr-FR\",\"@id\":\"https:\/\/tiketi.com\/flights-london-cairo-lhr-cai\/#primaryimage\",\"url\":\"https:\/\/tiketi.com\/wp-content\/uploads\/2022\/02\/cairo-1002927_1280.jpg\",\"contentUrl\":\"https:\/\/tiketi.com\/wp-content\/uploads\/2022\/02\/cairo-1002927_1280.jpg\",\"width\":1200,\"height\":204,\"caption\":\"Cairo Air Taxi\"},{\"@type\":\"BreadcrumbList\",\"@id\":\"https:\/\/tiketi.com\/flights-london-cairo-lhr-cai\/#breadcrumb\",\"itemListElement\":[{\"@type\":\"ListItem\",\"position\":1,\"name\":\"Home\",\"item\":\"https:\/\/tiketi.com\/\"},{\"@type\":\"ListItem\",\"position\":2,\"name\":\"Cheap Flights From London to Cairo\"}]},{\"@type\":\"WebSite\",\"@id\":\"https:\/\/tiketi.com\/#website\",\"url\":\"https:\/\/tiketi.com\/\",\"name\":\"Flight & Bus Tickets, Tour Packages & Activitites - Tiketi.com\",\"description\":\"Flight &amp; Bus Tickets, Tours, Activitites\",\"publisher\":{\"@id\":\"https:\/\/tiketi.com\/#organization\"},\"potentialAction\":[{\"@type\":\"SearchAction\",\"target\":{\"@type\":\"EntryPoint\",\"urlTemplate\":\"https:\/\/tiketi.com\/?s={search_term_string}\"},\"query-input\":{\"@type\":\"PropertyValueSpecification\",\"valueRequired\":true,\"valueName\":\"search_term_string\"}}],\"inLanguage\":\"fr-FR\"},{\"@type\":\"Organization\",\"@id\":\"https:\/\/tiketi.com\/#organization\",\"name\":\"Tiketi.com\",\"alternateName\":\"Tiketi\",\"url\":\"https:\/\/tiketi.com\/\",\"logo\":{\"@type\":\"ImageObject\",\"inLanguage\":\"fr-FR\",\"@id\":\"https:\/\/tiketi.com\/#\/schema\/logo\/image\/\",\"url\":\"https:\/\/tiketi.com\/wp-content\/uploads\/2019\/05\/tiketi-logo-696.png\",\"contentUrl\":\"https:\/\/tiketi.com\/wp-content\/uploads\/2019\/05\/tiketi-logo-696.png\",\"width\":696,\"height\":696,\"caption\":\"Tiketi.com\"},\"image\":{\"@id\":\"https:\/\/tiketi.com\/#\/schema\/logo\/image\/\"},\"sameAs\":[\"https:\/\/www.facebook.com\/TiketiCom\/\"]}]}<\/script>\n<!-- \/ Yoast SEO plugin. -->","yoast_head_json":{"title":"Vols \u00e0 bas prix de Londres \u00e0 Le Caire","description":"Vous cherchez des vols \u00e0 bas prix de Londres vers Le Caire ? Recherchez, comparez et r\u00e9servez en ligne un billet d&#039;avion pas cher de Londres \u00e0 Le Caire","robots":{"index":"index","follow":"follow","max-snippet":"max-snippet:-1","max-image-preview":"max-image-preview:large","max-video-preview":"max-video-preview:-1"},"canonical":"https:\/\/tiketi.com\/fr-fr\/flights-london-cairo-lhr-cai\/","og_locale":"fr_FR","og_type":"article","og_title":"Cheap Flights From London to Cairo","og_description":"Looking for cheap flights from\u00a0London to Cairo? Search, compare and book cheap airline ticket from London to Cairo online","og_url":"https:\/\/tiketi.com\/fr-fr\/flights-london-cairo-lhr-cai\/","og_site_name":"Tiketi.com","article_publisher":"https:\/\/www.facebook.com\/TiketiCom\/","article_modified_time":"2022-02-08T19:11:12+00:00","og_image":[{"width":1200,"height":204,"url":"https:\/\/tiketi.com\/wp-content\/uploads\/2022\/02\/cairo-1002927_1280.jpg","type":"image\/jpeg"}],"twitter_card":"summary_large_image","twitter_misc":{"Dur\u00e9e de lecture estim\u00e9e":"3 minutes"},"schema":{"@context":"https:\/\/schema.org","@graph":[{"@type":"WebPage","@id":"https:\/\/tiketi.com\/flights-london-cairo-lhr-cai\/","url":"https:\/\/tiketi.com\/flights-london-cairo-lhr-cai\/","name":"Vols \u00e0 bas prix de Londres \u00e0 Le Caire","isPartOf":{"@id":"https:\/\/tiketi.com\/#website"},"primaryImageOfPage":{"@id":"https:\/\/tiketi.com\/flights-london-cairo-lhr-cai\/#primaryimage"},"image":{"@id":"https:\/\/tiketi.com\/flights-london-cairo-lhr-cai\/#primaryimage"},"thumbnailUrl":"https:\/\/tiketi.com\/wp-content\/uploads\/2022\/02\/cairo-1002927_1280.jpg","datePublished":"2022-01-19T11:55:26+00:00","dateModified":"2022-02-08T19:11:12+00:00","description":"Vous cherchez des vols \u00e0 bas prix de Londres vers Le Caire ? Recherchez, comparez et r\u00e9servez en ligne un billet d&#039;avion pas cher de Londres \u00e0 Le Caire","breadcrumb":{"@id":"https:\/\/tiketi.com\/flights-london-cairo-lhr-cai\/#breadcrumb"},"inLanguage":"fr-FR","potentialAction":[{"@type":"ReadAction","target":["https:\/\/tiketi.com\/flights-london-cairo-lhr-cai\/"]}]},{"@type":"ImageObject","inLanguage":"fr-FR","@id":"https:\/\/tiketi.com\/flights-london-cairo-lhr-cai\/#primaryimage","url":"https:\/\/tiketi.com\/wp-content\/uploads\/2022\/02\/cairo-1002927_1280.jpg","contentUrl":"https:\/\/tiketi.com\/wp-content\/uploads\/2022\/02\/cairo-1002927_1280.jpg","width":1200,"height":204,"caption":"Cairo Air Taxi"},{"@type":"BreadcrumbList","@id":"https:\/\/tiketi.com\/flights-london-cairo-lhr-cai\/#breadcrumb","itemListElement":[{"@type":"ListItem","position":1,"name":"Home","item":"https:\/\/tiketi.com\/"},{"@type":"ListItem","position":2,"name":"Cheap Flights From London to Cairo"}]},{"@type":"WebSite","@id":"https:\/\/tiketi.com\/#website","url":"https:\/\/tiketi.com\/","name":"Billets d&#039;avion et de bus, forfaits touristiques et activit\u00e9s - Tiketi.com","description":"Billets d&#039;avion et de bus, Tours, Activit\u00e9s","publisher":{"@id":"https:\/\/tiketi.com\/#organization"},"potentialAction":[{"@type":"SearchAction","target":{"@type":"EntryPoint","urlTemplate":"https:\/\/tiketi.com\/?s={search_term_string}"},"query-input":{"@type":"PropertyValueSpecification","valueRequired":true,"valueName":"search_term_string"}}],"inLanguage":"fr-FR"},{"@type":"Organization","@id":"https:\/\/tiketi.com\/#organization","name":"Tiketi.com","alternateName":"Tiketi","url":"https:\/\/tiketi.com\/","logo":{"@type":"ImageObject","inLanguage":"fr-FR","@id":"https:\/\/tiketi.com\/#\/schema\/logo\/image\/","url":"https:\/\/tiketi.com\/wp-content\/uploads\/2019\/05\/tiketi-logo-696.png","contentUrl":"https:\/\/tiketi.com\/wp-content\/uploads\/2019\/05\/tiketi-logo-696.png","width":696,"height":696,"caption":"Tiketi.com"},"image":{"@id":"https:\/\/tiketi.com\/#\/schema\/logo\/image\/"},"sameAs":["https:\/\/www.facebook.com\/TiketiCom\/"]}]}},"_links":{"self":[{"href":"https:\/\/tiketi.com\/fr-fr\/wp-json\/wp\/v2\/pages\/11966","targetHints":{"allow":["GET"]}}],"collection":[{"href":"https:\/\/tiketi.com\/fr-fr\/wp-json\/wp\/v2\/pages"}],"about":[{"href":"https:\/\/tiketi.com\/fr-fr\/wp-json\/wp\/v2\/types\/page"}],"author":[{"embeddable":true,"href":"https:\/\/tiketi.com\/fr-fr\/wp-json\/wp\/v2\/users\/1"}],"replies":[{"embeddable":true,"href":"https:\/\/tiketi.com\/fr-fr\/wp-json\/wp\/v2\/comments?post=11966"}],"version-history":[{"count":0,"href":"https:\/\/tiketi.com\/fr-fr\/wp-json\/wp\/v2\/pages\/11966\/revisions"}],"wp:featuredmedia":[{"embeddable":true,"href":"https:\/\/tiketi.com\/fr-fr\/wp-json\/wp\/v2\/media\/16120"}],"wp:attachment":[{"href":"https:\/\/tiketi.com\/fr-fr\/wp-json\/wp\/v2\/media?parent=11966"}],"curies":[{"name":"wp","href":"https:\/\/api.w.org\/{rel}","templated":true}]}}