{"id":11969,"date":"2022-01-19T12:55:27","date_gmt":"2022-01-19T11:55:27","guid":{"rendered":"https:\/\/new.tiketi.com\/cheap-flights-from-lagos-nigeria-to-dubai\/"},"modified":"2022-02-08T17:50:41","modified_gmt":"2022-02-08T16:50:41","slug":"flights-lagos-dubai-los-dxb","status":"publish","type":"page","link":"https:\/\/tiketi.com\/fr-fr\/flights-lagos-dubai-los-dxb\/","title":{"rendered":"Vols pas chers de Lagos Nig\u00e9ria \u00e0 Duba\u00ef"},"content":{"rendered":"<h2>Vous cherchez un billet d&#039;avion pas cher \u00e0 partir de Lagos Nigeria pour Duba\u00ef ou des offres de derni\u00e8re minute ?<\/h2>\n<h3>Recherchez, comparez et r\u00e9servez d\u00e8s maintenant un billet d&#039;avion pas cher de Lagos Nigeria (LOS) \u00e0 Duba\u00ef (DXB).<\/h3>\n<p>R\u00e9servez des vols pas chers de Lagos Nigeria \u00e0 Duba\u00ef en ligne et \u00e9conomisez de l&#039;argent sur les billets d&#039;avion. Duba\u00ef est une m\u00e9tropole toujours plus dynamique et en pleine expansion. La ville regorge toujours d\u2019activit\u00e9 et de vie dynamique. Situ\u00e9e au Moyen-Orient des \u00c9mirats Arabes Unis, la ville est une terre de centres commerciaux et de gratte-ciel. Visitez Lagos Nigeria gr\u00e2ce \u00e0 des offres exceptionnelles sur les billets d&#039;avion de Lagos Nigeria \u00e0 Duba\u00ef et volez des vols de Lagos Nigeria \u00e0 Duba\u00ef pas chers.<\/p>\n<h2>Les lieux incontournables \u00e0 visiter \u00e0 Duba\u00ef<\/h2>\n<p>\u2022 Le Mall of the Emirates et le Dubai Mall ne sont rien de moins que le paradis des accros du shopping. Alors que le premier est le plus grand centre commercial du monde, le second abrite toutes les marques possibles \u00e0 travers le monde.<\/p>\n<p>\u2022 La plan\u00e8te Restless, l&#039;une des attractions aventureuses de Duba\u00ef, est une sorte de reconstruction du parc jurassique et est situ\u00e9e dans la ville d&#039;Arabie.<\/p>\n<p>\u2022 Ski Duba\u00ef est la plus grande piste de ski couverte de la plan\u00e8te et vous offrira une exp\u00e9rience d&#039;aventure et de plaisir qui durera toute une vie.<\/p>\n<p>\u2022 Le Dubailand est le plus grand parc d&#039;attractions de la plan\u00e8te.<\/p>\n<p>\u2022 Le b\u00e2timent le plus haut du monde, le Burj Khalifa, mesure environ 2 127 pieds de long et offre un spectacle fascinant.<\/p>\n<p>\u2022 Les \u00eeles artificielles sont parmi les plus visit\u00e9es. Les \u00eeles Palm Jumeria sont une merveille.<\/p>\n<p>\u2022 La visite \u00e0 Duba\u00ef est incompl\u00e8te sans une visite au Safari Desert.<\/p>\n<p>\u2022 Seul h\u00f4tel 7 \u00e9toiles de la plan\u00e8te, l&#039;h\u00f4tel Burj Al Arab est un lieu incontournable.<\/p>\n<h2>FAQ sur les vols pas chers de Lagos Nig\u00e9ria \u00e0 Duba\u00ef<\/h2>\n<h3>Combien de temps dure un vol de Duba\u00ef \u00e0 Lagos ?<\/h3>\n<p>Le vol direct moyen de Lagos Nigeria \u00e0 Duba\u00ef dure 7h 40m et couvre une superficie de 5895 km.<\/p>\n<h3>Combien de vols y a-t-il entre Duba\u00ef et Lagos ?<\/h3>\n<p>Il y a vingt-trois vols directs de Lagos \u00e0 Duba\u00ef par semaine, soit en moyenne trois par jour.<\/p>\n<h3>Quelles compagnies a\u00e9riennes op\u00e8rent le plus souvent des vols entre Duba\u00ef et Lagos ?<\/h3>\n<p>Emirates trois fois par jour sont les voyageurs les plus fr\u00e9quents sur cette route.<\/p>\n<h3>Quelles compagnies a\u00e9riennes proposent des billets d&#039;avion entre Lagos Nig\u00e9ria et Duba\u00ef au d\u00e9part de Lagos ?<\/h3>\n<p>De nombreuses compagnies a\u00e9riennes proposent des billets d&#039;avion de Lagos au Nig\u00e9ria \u00e0 Duba\u00ef sur les itin\u00e9raires de Lagos \u00e0 Duba\u00ef, comme Kenya Airways, Egypt Air et Emirates.<\/p>\n<h3>Quel est le jour de la semaine le moins cher pour prendre un vol Duba\u00ef - Lagos ?<\/h3>\n<p>Pour les billets d&#039;avion de Lagos Nig\u00e9ria vers Duba\u00ef, mardi est en moyenne le jour le moins cher pour prendre un vol et mercredi est le plus cher. Sur les vols retour de Lagos \u00e0 Duba\u00ef, les meilleures offres se trouvent g\u00e9n\u00e9ralement le dimanche, le jeudi \u00e9tant le plus cher.<\/p>\n<h2>Conseils pour trouver un vol de Lagos Nig\u00e9ria \u00e0 Duba\u00ef<\/h2>\n<p>\u2022 Les vols Lagos Nigeria-Duba\u00ef ont \u00e9t\u00e9 trouv\u00e9s en moyenne quatre-vingt-dix jours avant le d\u00e9part.<\/p>\n<p>\u2022 R\u00e9servez au moins trois semaines avant le d\u00e9part afin d&#039;obtenir des vols de Lagos Nigeria \u00e0 Duba\u00ef.<\/p>\n<p>\u2022 En moyenne, un d\u00e9part le matin est environ 34 % moins cher qu&#039;un vol du soir.<\/p>","protected":false},"excerpt":{"rendered":"<p>Looking for cheap airline ticket from Lagos Nigeria to Dubai\u00a0or last minute deals? Search, compare and book cheap airline ticket from Lagos Nigeria (LOS) to Dubai (DXB) online now. Book cheap flights from Lagos Nigeria to Dubai online and save money on airfare. Dubai is an ever-rising and bustling metropolitan. The city is forever brimming [&hellip;]<\/p>\n","protected":false},"author":1,"featured_media":16474,"parent":0,"menu_order":0,"comment_status":"open","ping_status":"closed","template":"template-home-modern.php","meta":{"footnotes":""},"class_list":["post-11969","page","type-page","status-publish","has-post-thumbnail","hentry"],"yoast_head":"<!-- This site is optimized with the Yoast SEO plugin v27.3 - https:\/\/yoast.com\/product\/yoast-seo-wordpress\/ -->\n<title>Cheap Flights From Lagos Nigeria to Dubai<\/title>\n<meta name=\"description\" content=\"Looking for cheap flights from\u00a0Lagos Nigeria to Dubai? Search, compare and book cheap airline ticket from Lagos Nigeria to Dubai online\" \/>\n<meta name=\"robots\" content=\"index, follow, max-snippet:-1, max-image-preview:large, max-video-preview:-1\" \/>\n<link rel=\"canonical\" href=\"https:\/\/tiketi.com\/fr-fr\/flights-lagos-dubai-los-dxb\/\" \/>\n<meta property=\"og:locale\" content=\"fr_FR\" \/>\n<meta property=\"og:type\" content=\"article\" \/>\n<meta property=\"og:title\" content=\"Cheap Flights From Lagos Nigeria to Dubai\" \/>\n<meta property=\"og:description\" content=\"Looking for cheap flights from\u00a0Lagos Nigeria to Dubai? Search, compare and book cheap airline ticket from Lagos Nigeria to Dubai online\" \/>\n<meta property=\"og:url\" content=\"https:\/\/tiketi.com\/fr-fr\/flights-lagos-dubai-los-dxb\/\" \/>\n<meta property=\"og:site_name\" content=\"Tiketi.com\" \/>\n<meta property=\"article:publisher\" content=\"https:\/\/www.facebook.com\/TiketiCom\/\" \/>\n<meta property=\"article:modified_time\" content=\"2022-02-08T16:50:41+00:00\" \/>\n<meta property=\"og:image\" content=\"https:\/\/tiketi.com\/wp-content\/uploads\/2022\/02\/dubai-skyline-buildings-183.jpg\" \/>\n\t<meta property=\"og:image:width\" content=\"1200\" \/>\n\t<meta property=\"og:image:height\" content=\"202\" \/>\n\t<meta property=\"og:image:type\" content=\"image\/jpeg\" \/>\n<meta name=\"twitter:card\" content=\"summary_large_image\" \/>\n<meta name=\"twitter:label1\" content=\"Dur\u00e9e de lecture estim\u00e9e\" \/>\n\t<meta name=\"twitter:data1\" content=\"3 minutes\" \/>\n<script type=\"application\/ld+json\" class=\"yoast-schema-graph\">{\"@context\":\"https:\\\/\\\/schema.org\",\"@graph\":[{\"@type\":\"WebPage\",\"@id\":\"https:\\\/\\\/tiketi.com\\\/flights-lagos-dubai-los-dxb\\\/\",\"url\":\"https:\\\/\\\/tiketi.com\\\/flights-lagos-dubai-los-dxb\\\/\",\"name\":\"Cheap Flights From Lagos Nigeria to Dubai\",\"isPartOf\":{\"@id\":\"https:\\\/\\\/tiketi.com\\\/#website\"},\"primaryImageOfPage\":{\"@id\":\"https:\\\/\\\/tiketi.com\\\/flights-lagos-dubai-los-dxb\\\/#primaryimage\"},\"image\":{\"@id\":\"https:\\\/\\\/tiketi.com\\\/flights-lagos-dubai-los-dxb\\\/#primaryimage\"},\"thumbnailUrl\":\"https:\\\/\\\/tiketi.com\\\/wp-content\\\/uploads\\\/2022\\\/02\\\/dubai-skyline-buildings-183.jpg\",\"datePublished\":\"2022-01-19T11:55:27+00:00\",\"dateModified\":\"2022-02-08T16:50:41+00:00\",\"description\":\"Looking for cheap flights from\u00a0Lagos Nigeria to Dubai? Search, compare and book cheap airline ticket from Lagos Nigeria to Dubai online\",\"breadcrumb\":{\"@id\":\"https:\\\/\\\/tiketi.com\\\/flights-lagos-dubai-los-dxb\\\/#breadcrumb\"},\"inLanguage\":\"fr-FR\",\"potentialAction\":[{\"@type\":\"ReadAction\",\"target\":[\"https:\\\/\\\/tiketi.com\\\/flights-lagos-dubai-los-dxb\\\/\"]}]},{\"@type\":\"ImageObject\",\"inLanguage\":\"fr-FR\",\"@id\":\"https:\\\/\\\/tiketi.com\\\/flights-lagos-dubai-los-dxb\\\/#primaryimage\",\"url\":\"https:\\\/\\\/tiketi.com\\\/wp-content\\\/uploads\\\/2022\\\/02\\\/dubai-skyline-buildings-183.jpg\",\"contentUrl\":\"https:\\\/\\\/tiketi.com\\\/wp-content\\\/uploads\\\/2022\\\/02\\\/dubai-skyline-buildings-183.jpg\",\"width\":1200,\"height\":202,\"caption\":\"Air Taxi in Dubai\"},{\"@type\":\"BreadcrumbList\",\"@id\":\"https:\\\/\\\/tiketi.com\\\/flights-lagos-dubai-los-dxb\\\/#breadcrumb\",\"itemListElement\":[{\"@type\":\"ListItem\",\"position\":1,\"name\":\"Home\",\"item\":\"https:\\\/\\\/tiketi.com\\\/\"},{\"@type\":\"ListItem\",\"position\":2,\"name\":\"Cheap Flights From Lagos Nigeria to Dubai\"}]},{\"@type\":\"WebSite\",\"@id\":\"https:\\\/\\\/tiketi.com\\\/#website\",\"url\":\"https:\\\/\\\/tiketi.com\\\/\",\"name\":\"Flight & Bus Tickets, Tour Packages & Activitites - Tiketi.com\",\"description\":\"Flight &amp; Bus Tickets, Tours, Activitites\",\"publisher\":{\"@id\":\"https:\\\/\\\/tiketi.com\\\/#organization\"},\"potentialAction\":[{\"@type\":\"SearchAction\",\"target\":{\"@type\":\"EntryPoint\",\"urlTemplate\":\"https:\\\/\\\/tiketi.com\\\/?s={search_term_string}\"},\"query-input\":{\"@type\":\"PropertyValueSpecification\",\"valueRequired\":true,\"valueName\":\"search_term_string\"}}],\"inLanguage\":\"fr-FR\"},{\"@type\":\"Organization\",\"@id\":\"https:\\\/\\\/tiketi.com\\\/#organization\",\"name\":\"Tiketi.com\",\"alternateName\":\"Tiketi\",\"url\":\"https:\\\/\\\/tiketi.com\\\/\",\"logo\":{\"@type\":\"ImageObject\",\"inLanguage\":\"fr-FR\",\"@id\":\"https:\\\/\\\/tiketi.com\\\/#\\\/schema\\\/logo\\\/image\\\/\",\"url\":\"https:\\\/\\\/tiketi.com\\\/wp-content\\\/uploads\\\/2019\\\/05\\\/tiketi-logo-696.png\",\"contentUrl\":\"https:\\\/\\\/tiketi.com\\\/wp-content\\\/uploads\\\/2019\\\/05\\\/tiketi-logo-696.png\",\"width\":696,\"height\":696,\"caption\":\"Tiketi.com\"},\"image\":{\"@id\":\"https:\\\/\\\/tiketi.com\\\/#\\\/schema\\\/logo\\\/image\\\/\"},\"sameAs\":[\"https:\\\/\\\/www.facebook.com\\\/TiketiCom\\\/\"]}]}<\/script>\n<!-- \/ Yoast SEO plugin. -->","yoast_head_json":{"title":"Vols pas chers de Lagos Nig\u00e9ria \u00e0 Duba\u00ef","description":"Vous recherchez des vols \u00e0 bas prix au Lagos Nig\u00e9ria vers Duba\u00ef? Recherchez, comparez et r\u00e9servez un billet d&#039;avion pas cher de Lagos Nig\u00e9ria \u00e0 Duba\u00ef en ligne","robots":{"index":"index","follow":"follow","max-snippet":"max-snippet:-1","max-image-preview":"max-image-preview:large","max-video-preview":"max-video-preview:-1"},"canonical":"https:\/\/tiketi.com\/fr-fr\/flights-lagos-dubai-los-dxb\/","og_locale":"fr_FR","og_type":"article","og_title":"Cheap Flights From Lagos Nigeria to Dubai","og_description":"Looking for cheap flights from\u00a0Lagos Nigeria to Dubai? Search, compare and book cheap airline ticket from Lagos Nigeria to Dubai online","og_url":"https:\/\/tiketi.com\/fr-fr\/flights-lagos-dubai-los-dxb\/","og_site_name":"Tiketi.com","article_publisher":"https:\/\/www.facebook.com\/TiketiCom\/","article_modified_time":"2022-02-08T16:50:41+00:00","og_image":[{"width":1200,"height":202,"url":"https:\/\/tiketi.com\/wp-content\/uploads\/2022\/02\/dubai-skyline-buildings-183.jpg","type":"image\/jpeg"}],"twitter_card":"summary_large_image","twitter_misc":{"Dur\u00e9e de lecture estim\u00e9e":"3 minutes"},"schema":{"@context":"https:\/\/schema.org","@graph":[{"@type":"WebPage","@id":"https:\/\/tiketi.com\/flights-lagos-dubai-los-dxb\/","url":"https:\/\/tiketi.com\/flights-lagos-dubai-los-dxb\/","name":"Vols pas chers de Lagos Nig\u00e9ria \u00e0 Duba\u00ef","isPartOf":{"@id":"https:\/\/tiketi.com\/#website"},"primaryImageOfPage":{"@id":"https:\/\/tiketi.com\/flights-lagos-dubai-los-dxb\/#primaryimage"},"image":{"@id":"https:\/\/tiketi.com\/flights-lagos-dubai-los-dxb\/#primaryimage"},"thumbnailUrl":"https:\/\/tiketi.com\/wp-content\/uploads\/2022\/02\/dubai-skyline-buildings-183.jpg","datePublished":"2022-01-19T11:55:27+00:00","dateModified":"2022-02-08T16:50:41+00:00","description":"Vous recherchez des vols \u00e0 bas prix au Lagos Nig\u00e9ria vers Duba\u00ef? Recherchez, comparez et r\u00e9servez un billet d&#039;avion pas cher de Lagos Nig\u00e9ria \u00e0 Duba\u00ef en ligne","breadcrumb":{"@id":"https:\/\/tiketi.com\/flights-lagos-dubai-los-dxb\/#breadcrumb"},"inLanguage":"fr-FR","potentialAction":[{"@type":"ReadAction","target":["https:\/\/tiketi.com\/flights-lagos-dubai-los-dxb\/"]}]},{"@type":"ImageObject","inLanguage":"fr-FR","@id":"https:\/\/tiketi.com\/flights-lagos-dubai-los-dxb\/#primaryimage","url":"https:\/\/tiketi.com\/wp-content\/uploads\/2022\/02\/dubai-skyline-buildings-183.jpg","contentUrl":"https:\/\/tiketi.com\/wp-content\/uploads\/2022\/02\/dubai-skyline-buildings-183.jpg","width":1200,"height":202,"caption":"Air Taxi in Dubai"},{"@type":"BreadcrumbList","@id":"https:\/\/tiketi.com\/flights-lagos-dubai-los-dxb\/#breadcrumb","itemListElement":[{"@type":"ListItem","position":1,"name":"Home","item":"https:\/\/tiketi.com\/"},{"@type":"ListItem","position":2,"name":"Cheap Flights From Lagos Nigeria to Dubai"}]},{"@type":"WebSite","@id":"https:\/\/tiketi.com\/#website","url":"https:\/\/tiketi.com\/","name":"Billets d&#039;avion et de bus, forfaits touristiques et activit\u00e9s - Tiketi.com","description":"Billets d&#039;avion et de bus, Tours, Activit\u00e9s","publisher":{"@id":"https:\/\/tiketi.com\/#organization"},"potentialAction":[{"@type":"SearchAction","target":{"@type":"EntryPoint","urlTemplate":"https:\/\/tiketi.com\/?s={search_term_string}"},"query-input":{"@type":"PropertyValueSpecification","valueRequired":true,"valueName":"search_term_string"}}],"inLanguage":"fr-FR"},{"@type":"Organization","@id":"https:\/\/tiketi.com\/#organization","name":"Tiketi.com","alternateName":"Tiketi","url":"https:\/\/tiketi.com\/","logo":{"@type":"ImageObject","inLanguage":"fr-FR","@id":"https:\/\/tiketi.com\/#\/schema\/logo\/image\/","url":"https:\/\/tiketi.com\/wp-content\/uploads\/2019\/05\/tiketi-logo-696.png","contentUrl":"https:\/\/tiketi.com\/wp-content\/uploads\/2019\/05\/tiketi-logo-696.png","width":696,"height":696,"caption":"Tiketi.com"},"image":{"@id":"https:\/\/tiketi.com\/#\/schema\/logo\/image\/"},"sameAs":["https:\/\/www.facebook.com\/TiketiCom\/"]}]}},"_links":{"self":[{"href":"https:\/\/tiketi.com\/fr-fr\/wp-json\/wp\/v2\/pages\/11969","targetHints":{"allow":["GET"]}}],"collection":[{"href":"https:\/\/tiketi.com\/fr-fr\/wp-json\/wp\/v2\/pages"}],"about":[{"href":"https:\/\/tiketi.com\/fr-fr\/wp-json\/wp\/v2\/types\/page"}],"author":[{"embeddable":true,"href":"https:\/\/tiketi.com\/fr-fr\/wp-json\/wp\/v2\/users\/1"}],"replies":[{"embeddable":true,"href":"https:\/\/tiketi.com\/fr-fr\/wp-json\/wp\/v2\/comments?post=11969"}],"version-history":[{"count":0,"href":"https:\/\/tiketi.com\/fr-fr\/wp-json\/wp\/v2\/pages\/11969\/revisions"}],"wp:featuredmedia":[{"embeddable":true,"href":"https:\/\/tiketi.com\/fr-fr\/wp-json\/wp\/v2\/media\/16474"}],"wp:attachment":[{"href":"https:\/\/tiketi.com\/fr-fr\/wp-json\/wp\/v2\/media?parent=11969"}],"curies":[{"name":"wp","href":"https:\/\/api.w.org\/{rel}","templated":true}]}}