{"id":11970,"date":"2022-01-19T12:55:27","date_gmt":"2022-01-19T11:55:27","guid":{"rendered":"https:\/\/new.tiketi.com\/cheap-flights-from-nairobi-to-dubai\/"},"modified":"2022-02-09T14:04:18","modified_gmt":"2022-02-09T13:04:18","slug":"flights-nairobi-dubai-nbo-dxb","status":"publish","type":"page","link":"https:\/\/tiketi.com\/fr-fr\/flights-nairobi-dubai-nbo-dxb\/","title":{"rendered":"Vols \u00e0 bas prix de Nairobi \u00e0 Duba\u00ef"},"content":{"rendered":"<h2>Vous recherchez un billet d&#039;avion pas cher de Nairobi \u00e0 Duba\u00ef ou des offres de derni\u00e8re minute ?<\/h2>\n<h3>Recherchez, comparez et r\u00e9servez un billet d&#039;avion pas cher entre Nairobi (NBO) et Duba\u00ef (DXB)<span style=\"font-size: 16px;\">&nbsp;<\/span>maintenant en ligne.<\/h3>\n<p>R\u00e9servez en ligne des vols \u00e0 bas prix de Nairobi \u00e0 Duba\u00ef et \u00e9conomisez de l&#039;argent sur les billets d&#039;avion. M\u00e9tropole du d\u00e9sert situ\u00e9e aux Emirats Arabes Unis, Duba\u00ef est plus qu&#039;une simple escale. Abritant des divertissements et des merveilles architecturales de premi\u00e8re classe, le pays abrite \u00e9galement le plus haut b\u00e2timent du monde qui se vante d&#039;avoir la plus haute terrasse d&#039;observation du monde au 148e \u00e9tage. Duba\u00ef est \u00e9galement c\u00e9l\u00e8bre pour ses attractions touristiques telles que Burj Khalifa et son centre commercial, qui comprend des pistes de ski int\u00e9rieures et des aquariums gigantesques. Comparez les prix et obtenez les meilleurs tarifs sur les billets d&#039;avion de Nairobi \u00e0 Duba\u00ef gr\u00e2ce \u00e0 des offres exceptionnelles sur la r\u00e9servation de billets en ligne de vols Nairobi \u00e0 Duba\u00ef.<\/p>\n<h2>Voici quelques-unes des meilleures attractions d&#039;Arusha<\/h2>\n<h2>Certaines des attractions c\u00e9l\u00e8bres de Duba\u00ef sont<\/h2>\n<p>\u2022 Burj Khalifa<\/p>\n<p>\u2022 Centre commercial de Dubai<\/p>\n<p>\u2022 Mus\u00e9e de Duba\u00ef<\/p>\n<p>\u2022 Bastakia (Vieux Duba\u00ef)<\/p>\n<p>\u2022 Maison Sheikh Saeed Al-Maktoum<\/p>\n<p>\u2022 la crique de Duba\u00ef et le quartier d&#039;Al\u00a0Seef<\/p>\n<p>\u2022 la mosqu\u00e9e Jumeirah<\/p>\n<p>\u2022 Deira<\/p>\n<p>\u2022 Cadre de Duba\u00ef<\/p>\n<p>\u2022 Route Cheikh Zayed<\/p>\n<p>\u2022 Village du patrimoine et de la plong\u00e9e<\/p>\n<p>\u2022 Aquarium de Duba\u00ef<\/p>\n<p>\u2022 Burj al-Arab<\/p>\n<p>\u2022 Plage de Jumeirah<\/p>\n<h2>O\u00f9 se loger \u00e0 Duba\u00ef<\/h2>\n<p>Pour un acc\u00e8s simple aux meilleures attractions touristiques de Duba\u00ef, le meilleur endroit o\u00f9 s\u00e9journer est le centre-ville de Duba\u00ef. Les principales attractions \u00e0 proximit\u00e9 incluent le monument Burj Khalifa, le plus haut b\u00e2timent du monde, la Fondation de Duba\u00ef et le Dubai Mall. Vous trouverez \u00e9galement de nombreux restaurants, boutiques et galeries d&#039;art dans ce quartier dynamique. Toujours dans le centre-ville de Duba\u00ef, l&#039;h\u00f4tel Armani se situe \u00e0 Burj Khalifa lui-m\u00eame et enveloppe les visiteurs d&#039;une \u00e9l\u00e9gance \u00e9l\u00e9gante.<\/p>\n<h2>FAQ sur les vols pas chers de Nairobi \u00e0 Duba\u00ef<\/h2>\n<h3>Combien de temps dure le vol direct Nairobi-Duba\u00ef?<\/h3>\n<p>Le vol dure un peu plus de 5 heures car la distance entre les 2 villes est de 2 110 miles. Nairobi a une heure de retard sur Duba\u00ef, alors assurez-vous d&#039;ajuster votre montre au cas o\u00f9 vous auriez une r\u00e9union vitale \u00e0 votre arriv\u00e9e \u00e0 Duba\u00ef.<\/p>\n<h3>Quelles compagnies a\u00e9riennes op\u00e8rent les vols les moins chers entre Nairobi et Duba\u00ef ?<\/h3>\n<p>Kenya et Emirates Airways volent de Nairobi \u00e0 Duba\u00ef tous les jours. D&#039;autres compagnies a\u00e9riennes telles qu&#039;Air France, British Airways, China Southern, KLM et Lufthansa, entre autres, desservent \u00e9galement la route avec des vols de liaison \u00e0 diff\u00e9rents endroits.<\/p>\n<h3>Combien de vols directs Nairobi-Duba\u00ef ?<\/h3>\n<p>Il y a vingt-six vols directs de Nairobi \u00e0 Duba\u00ef.<\/p>\n<h3>Le meilleur moment pour r\u00e9server un billet d&#039;avion pas cher de Nairobi \u00e0 Duba\u00ef ?<\/h3>\n<p>G\u00e9n\u00e9ralement, le meilleur moment pour r\u00e9server un billet d&#039;avion pas cher de Nairobi \u00e0 Duba\u00ef est de 2 mois \u00e0 l&#039;avance. Et les prix abordables pour voler sont le samedi, le mercredi et le mardi. Le dimanche est le plus cher.<\/p>\n<h2>Conseils pour trouver un vol pas cher de Nairobi \u00e0 Duba\u00ef<\/h2>\n<p>\u2022 On trouve en moyenne les vols les moins chers de Nairobi \u00e0 Duba\u00ef 40 jours avant le d\u00e9part.<\/p>\n<p>\u2022 R\u00e9servez au moins trois semaines avant le d\u00e9part afin d&#039;obtenir un prix inf\u00e9rieur \u00e0 la moyenne.<\/p>\n<p>\u2022 Un d\u00e9part le matin co\u00fbte environ 47 % plus cher qu&#039;un vol en soir\u00e9e, en moyenne.<\/p>","protected":false},"excerpt":{"rendered":"<p>Looking for cheap airline ticket from Nairobi to Dubai&nbsp;or last minute deals? Search, compare and book cheap airline ticket from Nairobi (NBO) to Dubai (DXB)&nbsp;online now. Book cheap flights from Nairobi to Dubai online and save money on airfare. A desert metropolis placed in the United Arab Emirates, Dubai is more than just a layover [&hellip;]<\/p>\n","protected":false},"author":1,"featured_media":16474,"parent":0,"menu_order":0,"comment_status":"open","ping_status":"closed","template":"template-home-modern.php","meta":{"footnotes":""},"class_list":["post-11970","page","type-page","status-publish","has-post-thumbnail","hentry"],"yoast_head":"<!-- This site is optimized with the Yoast SEO plugin v27.2 - https:\/\/yoast.com\/product\/yoast-seo-wordpress\/ -->\n<title>Cheap Flights From Nairobi to Dubai<\/title>\n<meta name=\"description\" content=\"Looking for cheap flights from\u00a0 Nairobi to Dubai? Search, compare and book cheap airline ticket from Nairobi to Dubai online\" \/>\n<meta name=\"robots\" content=\"index, follow, max-snippet:-1, max-image-preview:large, max-video-preview:-1\" \/>\n<link rel=\"canonical\" href=\"https:\/\/tiketi.com\/fr-fr\/flights-nairobi-dubai-nbo-dxb\/\" \/>\n<meta property=\"og:locale\" content=\"fr_FR\" \/>\n<meta property=\"og:type\" content=\"article\" \/>\n<meta property=\"og:title\" content=\"Cheap Flights From Nairobi to Dubai\" \/>\n<meta property=\"og:description\" content=\"Looking for cheap flights from\u00a0 Nairobi to Dubai? Search, compare and book cheap airline ticket from Nairobi to Dubai online\" \/>\n<meta property=\"og:url\" content=\"https:\/\/tiketi.com\/fr-fr\/flights-nairobi-dubai-nbo-dxb\/\" \/>\n<meta property=\"og:site_name\" content=\"Tiketi.com\" \/>\n<meta property=\"article:publisher\" content=\"https:\/\/www.facebook.com\/TiketiCom\/\" \/>\n<meta property=\"article:modified_time\" content=\"2022-02-09T13:04:18+00:00\" \/>\n<meta property=\"og:image\" content=\"https:\/\/tiketi.com\/wp-content\/uploads\/2022\/02\/dubai-skyline-buildings-183.jpg\" \/>\n\t<meta property=\"og:image:width\" content=\"1200\" \/>\n\t<meta property=\"og:image:height\" content=\"202\" \/>\n\t<meta property=\"og:image:type\" content=\"image\/jpeg\" \/>\n<meta name=\"twitter:card\" content=\"summary_large_image\" \/>\n<meta name=\"twitter:label1\" content=\"Dur\u00e9e de lecture estim\u00e9e\" \/>\n\t<meta name=\"twitter:data1\" content=\"3 minutes\" \/>\n<script type=\"application\/ld+json\" class=\"yoast-schema-graph\">{\"@context\":\"https:\/\/schema.org\",\"@graph\":[{\"@type\":\"WebPage\",\"@id\":\"https:\/\/tiketi.com\/fr-fr\/flights-nairobi-dubai-nbo-dxb\/\",\"url\":\"https:\/\/tiketi.com\/fr-fr\/flights-nairobi-dubai-nbo-dxb\/\",\"name\":\"Cheap Flights From Nairobi to Dubai\",\"isPartOf\":{\"@id\":\"https:\/\/tiketi.com\/#website\"},\"primaryImageOfPage\":{\"@id\":\"https:\/\/tiketi.com\/fr-fr\/flights-nairobi-dubai-nbo-dxb\/#primaryimage\"},\"image\":{\"@id\":\"https:\/\/tiketi.com\/fr-fr\/flights-nairobi-dubai-nbo-dxb\/#primaryimage\"},\"thumbnailUrl\":\"https:\/\/tiketi.com\/wp-content\/uploads\/2022\/02\/dubai-skyline-buildings-183.jpg\",\"datePublished\":\"2022-01-19T11:55:27+00:00\",\"dateModified\":\"2022-02-09T13:04:18+00:00\",\"description\":\"Looking for cheap flights from\u00a0 Nairobi to Dubai? Search, compare and book cheap airline ticket from Nairobi to Dubai online\",\"breadcrumb\":{\"@id\":\"https:\/\/tiketi.com\/fr-fr\/flights-nairobi-dubai-nbo-dxb\/#breadcrumb\"},\"inLanguage\":\"fr-FR\",\"potentialAction\":[{\"@type\":\"ReadAction\",\"target\":[\"https:\/\/tiketi.com\/fr-fr\/flights-nairobi-dubai-nbo-dxb\/\"]}]},{\"@type\":\"ImageObject\",\"inLanguage\":\"fr-FR\",\"@id\":\"https:\/\/tiketi.com\/fr-fr\/flights-nairobi-dubai-nbo-dxb\/#primaryimage\",\"url\":\"https:\/\/tiketi.com\/wp-content\/uploads\/2022\/02\/dubai-skyline-buildings-183.jpg\",\"contentUrl\":\"https:\/\/tiketi.com\/wp-content\/uploads\/2022\/02\/dubai-skyline-buildings-183.jpg\",\"width\":1200,\"height\":202,\"caption\":\"Air Taxi in Dubai\"},{\"@type\":\"BreadcrumbList\",\"@id\":\"https:\/\/tiketi.com\/fr-fr\/flights-nairobi-dubai-nbo-dxb\/#breadcrumb\",\"itemListElement\":[{\"@type\":\"ListItem\",\"position\":1,\"name\":\"Home\",\"item\":\"https:\/\/tiketi.com\/\"},{\"@type\":\"ListItem\",\"position\":2,\"name\":\"Cheap Flights From Nairobi to Dubai\"}]},{\"@type\":\"WebSite\",\"@id\":\"https:\/\/tiketi.com\/#website\",\"url\":\"https:\/\/tiketi.com\/\",\"name\":\"Flight & Bus Tickets, Tour Packages & Activitites - Tiketi.com\",\"description\":\"Flight &amp; Bus Tickets, Tours, Activitites\",\"publisher\":{\"@id\":\"https:\/\/tiketi.com\/#organization\"},\"potentialAction\":[{\"@type\":\"SearchAction\",\"target\":{\"@type\":\"EntryPoint\",\"urlTemplate\":\"https:\/\/tiketi.com\/?s={search_term_string}\"},\"query-input\":{\"@type\":\"PropertyValueSpecification\",\"valueRequired\":true,\"valueName\":\"search_term_string\"}}],\"inLanguage\":\"fr-FR\"},{\"@type\":\"Organization\",\"@id\":\"https:\/\/tiketi.com\/#organization\",\"name\":\"Tiketi.com\",\"alternateName\":\"Tiketi\",\"url\":\"https:\/\/tiketi.com\/\",\"logo\":{\"@type\":\"ImageObject\",\"inLanguage\":\"fr-FR\",\"@id\":\"https:\/\/tiketi.com\/#\/schema\/logo\/image\/\",\"url\":\"https:\/\/tiketi.com\/wp-content\/uploads\/2019\/05\/tiketi-logo-696.png\",\"contentUrl\":\"https:\/\/tiketi.com\/wp-content\/uploads\/2019\/05\/tiketi-logo-696.png\",\"width\":696,\"height\":696,\"caption\":\"Tiketi.com\"},\"image\":{\"@id\":\"https:\/\/tiketi.com\/#\/schema\/logo\/image\/\"},\"sameAs\":[\"https:\/\/www.facebook.com\/TiketiCom\/\"]}]}<\/script>\n<!-- \/ Yoast SEO plugin. -->","yoast_head_json":{"title":"Vols \u00e0 bas prix de Nairobi \u00e0 Duba\u00ef","description":"Vous cherchez des vols \u00e0 bas prix de Nairobi vers Duba\u00ef ? Recherchez, comparez et r\u00e9servez en ligne un billet d&#039;avion pas cher de Nairobi \u00e0 Duba\u00ef","robots":{"index":"index","follow":"follow","max-snippet":"max-snippet:-1","max-image-preview":"max-image-preview:large","max-video-preview":"max-video-preview:-1"},"canonical":"https:\/\/tiketi.com\/fr-fr\/flights-nairobi-dubai-nbo-dxb\/","og_locale":"fr_FR","og_type":"article","og_title":"Cheap Flights From Nairobi to Dubai","og_description":"Looking for cheap flights from\u00a0 Nairobi to Dubai? Search, compare and book cheap airline ticket from Nairobi to Dubai online","og_url":"https:\/\/tiketi.com\/fr-fr\/flights-nairobi-dubai-nbo-dxb\/","og_site_name":"Tiketi.com","article_publisher":"https:\/\/www.facebook.com\/TiketiCom\/","article_modified_time":"2022-02-09T13:04:18+00:00","og_image":[{"width":1200,"height":202,"url":"https:\/\/tiketi.com\/wp-content\/uploads\/2022\/02\/dubai-skyline-buildings-183.jpg","type":"image\/jpeg"}],"twitter_card":"summary_large_image","twitter_misc":{"Dur\u00e9e de lecture estim\u00e9e":"3 minutes"},"schema":{"@context":"https:\/\/schema.org","@graph":[{"@type":"WebPage","@id":"https:\/\/tiketi.com\/fr-fr\/flights-nairobi-dubai-nbo-dxb\/","url":"https:\/\/tiketi.com\/fr-fr\/flights-nairobi-dubai-nbo-dxb\/","name":"Vols \u00e0 bas prix de Nairobi \u00e0 Duba\u00ef","isPartOf":{"@id":"https:\/\/tiketi.com\/#website"},"primaryImageOfPage":{"@id":"https:\/\/tiketi.com\/fr-fr\/flights-nairobi-dubai-nbo-dxb\/#primaryimage"},"image":{"@id":"https:\/\/tiketi.com\/fr-fr\/flights-nairobi-dubai-nbo-dxb\/#primaryimage"},"thumbnailUrl":"https:\/\/tiketi.com\/wp-content\/uploads\/2022\/02\/dubai-skyline-buildings-183.jpg","datePublished":"2022-01-19T11:55:27+00:00","dateModified":"2022-02-09T13:04:18+00:00","description":"Vous cherchez des vols \u00e0 bas prix de Nairobi vers Duba\u00ef ? Recherchez, comparez et r\u00e9servez en ligne un billet d&#039;avion pas cher de Nairobi \u00e0 Duba\u00ef","breadcrumb":{"@id":"https:\/\/tiketi.com\/fr-fr\/flights-nairobi-dubai-nbo-dxb\/#breadcrumb"},"inLanguage":"fr-FR","potentialAction":[{"@type":"ReadAction","target":["https:\/\/tiketi.com\/fr-fr\/flights-nairobi-dubai-nbo-dxb\/"]}]},{"@type":"ImageObject","inLanguage":"fr-FR","@id":"https:\/\/tiketi.com\/fr-fr\/flights-nairobi-dubai-nbo-dxb\/#primaryimage","url":"https:\/\/tiketi.com\/wp-content\/uploads\/2022\/02\/dubai-skyline-buildings-183.jpg","contentUrl":"https:\/\/tiketi.com\/wp-content\/uploads\/2022\/02\/dubai-skyline-buildings-183.jpg","width":1200,"height":202,"caption":"Air Taxi in Dubai"},{"@type":"BreadcrumbList","@id":"https:\/\/tiketi.com\/fr-fr\/flights-nairobi-dubai-nbo-dxb\/#breadcrumb","itemListElement":[{"@type":"ListItem","position":1,"name":"Home","item":"https:\/\/tiketi.com\/"},{"@type":"ListItem","position":2,"name":"Cheap Flights From Nairobi to Dubai"}]},{"@type":"WebSite","@id":"https:\/\/tiketi.com\/#website","url":"https:\/\/tiketi.com\/","name":"Billets d&#039;avion et de bus, forfaits touristiques et activit\u00e9s - Tiketi.com","description":"Billets d&#039;avion et de bus, Tours, Activit\u00e9s","publisher":{"@id":"https:\/\/tiketi.com\/#organization"},"potentialAction":[{"@type":"SearchAction","target":{"@type":"EntryPoint","urlTemplate":"https:\/\/tiketi.com\/?s={search_term_string}"},"query-input":{"@type":"PropertyValueSpecification","valueRequired":true,"valueName":"search_term_string"}}],"inLanguage":"fr-FR"},{"@type":"Organization","@id":"https:\/\/tiketi.com\/#organization","name":"Tiketi.com","alternateName":"Tiketi","url":"https:\/\/tiketi.com\/","logo":{"@type":"ImageObject","inLanguage":"fr-FR","@id":"https:\/\/tiketi.com\/#\/schema\/logo\/image\/","url":"https:\/\/tiketi.com\/wp-content\/uploads\/2019\/05\/tiketi-logo-696.png","contentUrl":"https:\/\/tiketi.com\/wp-content\/uploads\/2019\/05\/tiketi-logo-696.png","width":696,"height":696,"caption":"Tiketi.com"},"image":{"@id":"https:\/\/tiketi.com\/#\/schema\/logo\/image\/"},"sameAs":["https:\/\/www.facebook.com\/TiketiCom\/"]}]}},"_links":{"self":[{"href":"https:\/\/tiketi.com\/fr-fr\/wp-json\/wp\/v2\/pages\/11970","targetHints":{"allow":["GET"]}}],"collection":[{"href":"https:\/\/tiketi.com\/fr-fr\/wp-json\/wp\/v2\/pages"}],"about":[{"href":"https:\/\/tiketi.com\/fr-fr\/wp-json\/wp\/v2\/types\/page"}],"author":[{"embeddable":true,"href":"https:\/\/tiketi.com\/fr-fr\/wp-json\/wp\/v2\/users\/1"}],"replies":[{"embeddable":true,"href":"https:\/\/tiketi.com\/fr-fr\/wp-json\/wp\/v2\/comments?post=11970"}],"version-history":[{"count":0,"href":"https:\/\/tiketi.com\/fr-fr\/wp-json\/wp\/v2\/pages\/11970\/revisions"}],"wp:featuredmedia":[{"embeddable":true,"href":"https:\/\/tiketi.com\/fr-fr\/wp-json\/wp\/v2\/media\/16474"}],"wp:attachment":[{"href":"https:\/\/tiketi.com\/fr-fr\/wp-json\/wp\/v2\/media?parent=11970"}],"curies":[{"name":"wp","href":"https:\/\/api.w.org\/{rel}","templated":true}]}}