{"id":11971,"date":"2022-01-19T12:55:27","date_gmt":"2022-01-19T11:55:27","guid":{"rendered":"https:\/\/new.tiketi.com\/cheap-flights-from-nairobi-to-zanzibar\/"},"modified":"2022-02-09T17:01:48","modified_gmt":"2022-02-09T16:01:48","slug":"flights-nairobi-zanzibar-nbo-znz","status":"publish","type":"page","link":"https:\/\/tiketi.com\/fr-fr\/flights-nairobi-zanzibar-nbo-znz\/","title":{"rendered":"Vols pas chers de Nairobi \u00e0 Zanzibar"},"content":{"rendered":"<h2>Vous cherchez un billet d&#039;avion pas cher \u00e0 partir de Nairobi pour l&#039;\u00eele de Zanzibar ou des offres de derni\u00e8re minute ?<\/h2>\n<h3>Cherchez, comparez et r\u00e9servez un billet d&#039;avion pas cher de Nairobi (NBO) \u00e0 Zanzibar (ZNZ)<span style=\"font-size: 16px;\">\u00a0<\/span>maintenant en ligne.<\/h3>\n<p>R\u00e9servez des vols pas chers de Nairobi \u00e0 Zanzibar en ligne et \u00e9conomisez de l&#039;argent sur les billets d&#039;avion. La plupart des visiteurs visitent principalement pour des vacances \u00e0 la plage et la plage de Zanzibar justifie \u00e0 elle seule la visite. Les plages du nord de Zanzibar sont particuli\u00e8rement c\u00e9l\u00e8bres pour leur beaut\u00e9, et les excursions vers l&#039;\u00eele de Mafia et l&#039;\u00eele de Pemba sont un r\u00e9gal pour les amateurs de plage. Comparez les prix et obtenez le tarif le plus bas sur les billets d&#039;avion de Nairobi \u00e0 Zanzibar gr\u00e2ce \u00e0 des offres exceptionnelles sur les vols de Nairobi \u00e0 Zanzibar en ligne.<\/p>\n<h2>Voici quelques-unes des meilleures attractions de l\u2019\u00eele de Zanzibar<\/h2>\n<p>Parmi les autres favoris des visiteurs figurent les plages de Nungwi et de Kendwa, proches l&#039;une de l&#039;autre \u00e0 la pointe nord-ouest de l&#039;\u00eele, dot\u00e9es des meilleures installations de vill\u00e9giature\u00a0; la baie d&#039;Uroa, au centre de la c\u00f4te est, qui conserve encore de belles saveurs locales ; La plage de Paje, sur la c\u00f4te est, est consid\u00e9r\u00e9e comme le meilleur endroit de Zanzibar pour faire du kitesurf ; La plage de Nakupenda, accessible par une petite promenade en bateau depuis Stone Town, impeccable et g\u00e9n\u00e9ralement d\u00e9serte, v\u00e9ritable plage paradisiaque, et les plages de l&#039;\u00eele de Changuu o\u00f9 le farniente peut \u00eatre r\u00e9uni avec la visite de l&#039;ancien centre de quarantaine et des tortues g\u00e9antes locales. Il est facile d&#039;organiser de nombreuses excursions en bateau et des points d&#039;eau diff\u00e9rents, et la plong\u00e9e avec tuba et sous-marine est de premier ordre.<\/p>\n<p>Zanzibar, c&#039;est bien plus que de simples plages de sable, la coutume islamique conf\u00e9rant \u00e0 l&#039;\u00eele un environnement tr\u00e8s ancien et exotique, et l&#039;h\u00e9ritage de la traite n\u00e9gri\u00e8re lui assurant un certain int\u00e9r\u00eat historique.<\/p>\n<h2>Vols pas chers de Nairobi \u00e0 l&#039;\u00eele de ZanzibarFAQ<\/h2>\n<h3>Quelles compagnies a\u00e9riennes proposent des vols de Nairobi \u00e0 Zanzibar ?<\/h3>\n<p>Aucune compagnie a\u00e9rienne ne propose actuellement de vols directs entre Nairobi et Zanzibar.<\/p>\n<h3>En moyenne, combien de vols par jour d\u00e9collent de Nairobi \u00e0 Zanzibar ?<\/h3>\n<p>\u2022 Les visiteurs peuvent deviner seize vols de Nairobi \u00e0 Zanzibar en moyenne par jour.<\/p>\n<p>\u2022 Matin\u00a0:\u00a044\u00a0% de d\u00e9parts de vols<\/p>\n<p>\u2022 Apr\u00e8s-midi\u00a0:\u00a06\u00a0% de d\u00e9parts de vols<\/p>\n<p>\u2022 Soir \u2013 cinquante pour cent des d\u00e9parts de vols<\/p>\n<h3>Combien de temps dure un vol pas cher de Nairobi \u00e0 Zanzibar ?<\/h3>\n<p>Les visiteurs peuvent deviner qu&#039;un vol direct prend environ deux heures, sur une distance d&#039;environ 374 kilom\u00e8tres.<\/p>\n<h3>Meilleur moment pour r\u00e9server un billet d&#039;avion pas cher de Nairobi \u00e0 Zanzibar ?<\/h3>\n<p>En g\u00e9n\u00e9ral, le meilleur billet d&#039;avion de Nairobi \u00e0 l&#039;\u00eele de Zanzibar est de 2 mois \u00e0 l&#039;avance. Et les jours abordables pour voler de Nairobi \u00e0 Zanzibar sont les mercredis, mardis et samedis. Le dimanche est le plus cher.<\/p>\n<h3>Combien y a-t-il de vols directs de Nairobi \u00e0 l&#039;\u00eele de Zanzibar ?<\/h3>\n<p>Il existe dix-huit billets d\u2019avion directs de Nairobi \u00e0 l\u2019\u00eele de Zanzibar.<\/p>\n<h3>Quelle est la compagnie a\u00e9rienne la plus connue pour les vols directs de Nairobi \u00e0 Zanzibar ?<\/h3>\n<p>Kenya Airways propose soixante et un vols sans escale entre Nairobi et Zanzibar.<\/p>\n<h3>Quels sont les codes et les noms des a\u00e9roports de Zanzibar et de Nairobi ?<\/h3>\n<p>Le nom de l&#039;a\u00e9roport de Zanzibar est Zanzibar Airport, son code est ZNZ et le nom de l&#039;a\u00e9roport de Nairobi est Jomo Kenyatta International Airport.<\/p>","protected":false},"excerpt":{"rendered":"<p>Looking for cheap airline ticket from Nairobi to Zanzibar Island or last minute deals? Search, compare and book cheap airline ticket from Nairobi (NBO) to Zanzibar (ZNZ)\u00a0online now. Book cheap flights from Nairobi to Zanzibar online and save money on airfare. Most visitors visit primarily for a beach vacation and Zanzibar&#8217;s beach alone more than [&hellip;]<\/p>\n","protected":false},"author":1,"featured_media":17852,"parent":0,"menu_order":0,"comment_status":"open","ping_status":"closed","template":"template-home-modern.php","meta":{"footnotes":""},"class_list":["post-11971","page","type-page","status-publish","has-post-thumbnail","hentry"],"yoast_head":"<!-- This site is optimized with the Yoast SEO plugin v27.2 - https:\/\/yoast.com\/product\/yoast-seo-wordpress\/ -->\n<title>Cheap Flights From Nairobi to Zanzibar<\/title>\n<meta name=\"description\" content=\"Looking for cheap flights from Nairobi to Zanzibar? Search, compare and book cheap airline ticket from Nairobi to Zanzibar online\" \/>\n<meta name=\"robots\" content=\"index, follow, max-snippet:-1, max-image-preview:large, max-video-preview:-1\" \/>\n<link rel=\"canonical\" href=\"https:\/\/tiketi.com\/fr-fr\/flights-nairobi-zanzibar-nbo-znz\/\" \/>\n<meta property=\"og:locale\" content=\"fr_FR\" \/>\n<meta property=\"og:type\" content=\"article\" \/>\n<meta property=\"og:title\" content=\"Cheap Flights From Nairobi to Zanzibar\" \/>\n<meta property=\"og:description\" content=\"Looking for cheap flights from Nairobi to Zanzibar? Search, compare and book cheap airline ticket from Nairobi to Zanzibar online\" \/>\n<meta property=\"og:url\" content=\"https:\/\/tiketi.com\/fr-fr\/flights-nairobi-zanzibar-nbo-znz\/\" \/>\n<meta property=\"og:site_name\" content=\"Tiketi.com\" \/>\n<meta property=\"article:publisher\" content=\"https:\/\/www.facebook.com\/TiketiCom\/\" \/>\n<meta property=\"article:modified_time\" content=\"2022-02-09T16:01:48+00:00\" \/>\n<meta property=\"og:image\" content=\"https:\/\/tiketi.com\/wp-content\/uploads\/2019\/05\/zanzibar-humphrey-muleba-e6dRLBx6Kg8.jpg\" \/>\n\t<meta property=\"og:image:width\" content=\"1200\" \/>\n\t<meta property=\"og:image:height\" content=\"204\" \/>\n\t<meta property=\"og:image:type\" content=\"image\/jpeg\" \/>\n<meta name=\"twitter:card\" content=\"summary_large_image\" \/>\n<meta name=\"twitter:label1\" content=\"Dur\u00e9e de lecture estim\u00e9e\" \/>\n\t<meta name=\"twitter:data1\" content=\"3 minutes\" \/>\n<script type=\"application\/ld+json\" class=\"yoast-schema-graph\">{\"@context\":\"https:\/\/schema.org\",\"@graph\":[{\"@type\":\"WebPage\",\"@id\":\"https:\/\/tiketi.com\/flights-nairobi-zanzibar-nbo-znz\/\",\"url\":\"https:\/\/tiketi.com\/flights-nairobi-zanzibar-nbo-znz\/\",\"name\":\"Cheap Flights From Nairobi to Zanzibar\",\"isPartOf\":{\"@id\":\"https:\/\/tiketi.com\/#website\"},\"primaryImageOfPage\":{\"@id\":\"https:\/\/tiketi.com\/flights-nairobi-zanzibar-nbo-znz\/#primaryimage\"},\"image\":{\"@id\":\"https:\/\/tiketi.com\/flights-nairobi-zanzibar-nbo-znz\/#primaryimage\"},\"thumbnailUrl\":\"https:\/\/tiketi.com\/wp-content\/uploads\/2019\/05\/zanzibar-humphrey-muleba-e6dRLBx6Kg8.jpg\",\"datePublished\":\"2022-01-19T11:55:27+00:00\",\"dateModified\":\"2022-02-09T16:01:48+00:00\",\"description\":\"Looking for cheap flights from Nairobi to Zanzibar? Search, compare and book cheap airline ticket from Nairobi to Zanzibar online\",\"breadcrumb\":{\"@id\":\"https:\/\/tiketi.com\/flights-nairobi-zanzibar-nbo-znz\/#breadcrumb\"},\"inLanguage\":\"fr-FR\",\"potentialAction\":[{\"@type\":\"ReadAction\",\"target\":[\"https:\/\/tiketi.com\/flights-nairobi-zanzibar-nbo-znz\/\"]}]},{\"@type\":\"ImageObject\",\"inLanguage\":\"fr-FR\",\"@id\":\"https:\/\/tiketi.com\/flights-nairobi-zanzibar-nbo-znz\/#primaryimage\",\"url\":\"https:\/\/tiketi.com\/wp-content\/uploads\/2019\/05\/zanzibar-humphrey-muleba-e6dRLBx6Kg8.jpg\",\"contentUrl\":\"https:\/\/tiketi.com\/wp-content\/uploads\/2019\/05\/zanzibar-humphrey-muleba-e6dRLBx6Kg8.jpg\",\"width\":1200,\"height\":204,\"caption\":\"Cheap Flights to Zanzibar\"},{\"@type\":\"BreadcrumbList\",\"@id\":\"https:\/\/tiketi.com\/flights-nairobi-zanzibar-nbo-znz\/#breadcrumb\",\"itemListElement\":[{\"@type\":\"ListItem\",\"position\":1,\"name\":\"Home\",\"item\":\"https:\/\/tiketi.com\/\"},{\"@type\":\"ListItem\",\"position\":2,\"name\":\"Cheap Flights From Nairobi to Zanzibar Island\"}]},{\"@type\":\"WebSite\",\"@id\":\"https:\/\/tiketi.com\/#website\",\"url\":\"https:\/\/tiketi.com\/\",\"name\":\"Flight & Bus Tickets, Tour Packages & Activitites - Tiketi.com\",\"description\":\"Flight &amp; Bus Tickets, Tours, Activitites\",\"publisher\":{\"@id\":\"https:\/\/tiketi.com\/#organization\"},\"potentialAction\":[{\"@type\":\"SearchAction\",\"target\":{\"@type\":\"EntryPoint\",\"urlTemplate\":\"https:\/\/tiketi.com\/?s={search_term_string}\"},\"query-input\":{\"@type\":\"PropertyValueSpecification\",\"valueRequired\":true,\"valueName\":\"search_term_string\"}}],\"inLanguage\":\"fr-FR\"},{\"@type\":\"Organization\",\"@id\":\"https:\/\/tiketi.com\/#organization\",\"name\":\"Tiketi.com\",\"alternateName\":\"Tiketi\",\"url\":\"https:\/\/tiketi.com\/\",\"logo\":{\"@type\":\"ImageObject\",\"inLanguage\":\"fr-FR\",\"@id\":\"https:\/\/tiketi.com\/#\/schema\/logo\/image\/\",\"url\":\"https:\/\/tiketi.com\/wp-content\/uploads\/2019\/05\/tiketi-logo-696.png\",\"contentUrl\":\"https:\/\/tiketi.com\/wp-content\/uploads\/2019\/05\/tiketi-logo-696.png\",\"width\":696,\"height\":696,\"caption\":\"Tiketi.com\"},\"image\":{\"@id\":\"https:\/\/tiketi.com\/#\/schema\/logo\/image\/\"},\"sameAs\":[\"https:\/\/www.facebook.com\/TiketiCom\/\"]}]}<\/script>\n<!-- \/ Yoast SEO plugin. -->","yoast_head_json":{"title":"Vols pas chers de Nairobi \u00e0 Zanzibar","description":"Vous recherchez des vols \u00e0 bas prix au Nairobi vers Zanzibar? Recherchez, comparez et r\u00e9servez un billet d&#039;avion pas cher de Nairobi \u00e0 Zanzibar en ligne","robots":{"index":"index","follow":"follow","max-snippet":"max-snippet:-1","max-image-preview":"max-image-preview:large","max-video-preview":"max-video-preview:-1"},"canonical":"https:\/\/tiketi.com\/fr-fr\/flights-nairobi-zanzibar-nbo-znz\/","og_locale":"fr_FR","og_type":"article","og_title":"Cheap Flights From Nairobi to Zanzibar","og_description":"Looking for cheap flights from Nairobi to Zanzibar? Search, compare and book cheap airline ticket from Nairobi to Zanzibar online","og_url":"https:\/\/tiketi.com\/fr-fr\/flights-nairobi-zanzibar-nbo-znz\/","og_site_name":"Tiketi.com","article_publisher":"https:\/\/www.facebook.com\/TiketiCom\/","article_modified_time":"2022-02-09T16:01:48+00:00","og_image":[{"width":1200,"height":204,"url":"https:\/\/tiketi.com\/wp-content\/uploads\/2019\/05\/zanzibar-humphrey-muleba-e6dRLBx6Kg8.jpg","type":"image\/jpeg"}],"twitter_card":"summary_large_image","twitter_misc":{"Dur\u00e9e de lecture estim\u00e9e":"3 minutes"},"schema":{"@context":"https:\/\/schema.org","@graph":[{"@type":"WebPage","@id":"https:\/\/tiketi.com\/flights-nairobi-zanzibar-nbo-znz\/","url":"https:\/\/tiketi.com\/flights-nairobi-zanzibar-nbo-znz\/","name":"Vols pas chers de Nairobi \u00e0 Zanzibar","isPartOf":{"@id":"https:\/\/tiketi.com\/#website"},"primaryImageOfPage":{"@id":"https:\/\/tiketi.com\/flights-nairobi-zanzibar-nbo-znz\/#primaryimage"},"image":{"@id":"https:\/\/tiketi.com\/flights-nairobi-zanzibar-nbo-znz\/#primaryimage"},"thumbnailUrl":"https:\/\/tiketi.com\/wp-content\/uploads\/2019\/05\/zanzibar-humphrey-muleba-e6dRLBx6Kg8.jpg","datePublished":"2022-01-19T11:55:27+00:00","dateModified":"2022-02-09T16:01:48+00:00","description":"Vous recherchez des vols \u00e0 bas prix au Nairobi vers Zanzibar? Recherchez, comparez et r\u00e9servez un billet d&#039;avion pas cher de Nairobi \u00e0 Zanzibar en ligne","breadcrumb":{"@id":"https:\/\/tiketi.com\/flights-nairobi-zanzibar-nbo-znz\/#breadcrumb"},"inLanguage":"fr-FR","potentialAction":[{"@type":"ReadAction","target":["https:\/\/tiketi.com\/flights-nairobi-zanzibar-nbo-znz\/"]}]},{"@type":"ImageObject","inLanguage":"fr-FR","@id":"https:\/\/tiketi.com\/flights-nairobi-zanzibar-nbo-znz\/#primaryimage","url":"https:\/\/tiketi.com\/wp-content\/uploads\/2019\/05\/zanzibar-humphrey-muleba-e6dRLBx6Kg8.jpg","contentUrl":"https:\/\/tiketi.com\/wp-content\/uploads\/2019\/05\/zanzibar-humphrey-muleba-e6dRLBx6Kg8.jpg","width":1200,"height":204,"caption":"Cheap Flights to Zanzibar"},{"@type":"BreadcrumbList","@id":"https:\/\/tiketi.com\/flights-nairobi-zanzibar-nbo-znz\/#breadcrumb","itemListElement":[{"@type":"ListItem","position":1,"name":"Home","item":"https:\/\/tiketi.com\/"},{"@type":"ListItem","position":2,"name":"Cheap Flights From Nairobi to Zanzibar Island"}]},{"@type":"WebSite","@id":"https:\/\/tiketi.com\/#website","url":"https:\/\/tiketi.com\/","name":"Billets d&#039;avion et de bus, forfaits touristiques et activit\u00e9s - Tiketi.com","description":"Billets d&#039;avion et de bus, Tours, Activit\u00e9s","publisher":{"@id":"https:\/\/tiketi.com\/#organization"},"potentialAction":[{"@type":"SearchAction","target":{"@type":"EntryPoint","urlTemplate":"https:\/\/tiketi.com\/?s={search_term_string}"},"query-input":{"@type":"PropertyValueSpecification","valueRequired":true,"valueName":"search_term_string"}}],"inLanguage":"fr-FR"},{"@type":"Organization","@id":"https:\/\/tiketi.com\/#organization","name":"Tiketi.com","alternateName":"Tiketi","url":"https:\/\/tiketi.com\/","logo":{"@type":"ImageObject","inLanguage":"fr-FR","@id":"https:\/\/tiketi.com\/#\/schema\/logo\/image\/","url":"https:\/\/tiketi.com\/wp-content\/uploads\/2019\/05\/tiketi-logo-696.png","contentUrl":"https:\/\/tiketi.com\/wp-content\/uploads\/2019\/05\/tiketi-logo-696.png","width":696,"height":696,"caption":"Tiketi.com"},"image":{"@id":"https:\/\/tiketi.com\/#\/schema\/logo\/image\/"},"sameAs":["https:\/\/www.facebook.com\/TiketiCom\/"]}]}},"_links":{"self":[{"href":"https:\/\/tiketi.com\/fr-fr\/wp-json\/wp\/v2\/pages\/11971","targetHints":{"allow":["GET"]}}],"collection":[{"href":"https:\/\/tiketi.com\/fr-fr\/wp-json\/wp\/v2\/pages"}],"about":[{"href":"https:\/\/tiketi.com\/fr-fr\/wp-json\/wp\/v2\/types\/page"}],"author":[{"embeddable":true,"href":"https:\/\/tiketi.com\/fr-fr\/wp-json\/wp\/v2\/users\/1"}],"replies":[{"embeddable":true,"href":"https:\/\/tiketi.com\/fr-fr\/wp-json\/wp\/v2\/comments?post=11971"}],"version-history":[{"count":0,"href":"https:\/\/tiketi.com\/fr-fr\/wp-json\/wp\/v2\/pages\/11971\/revisions"}],"wp:featuredmedia":[{"embeddable":true,"href":"https:\/\/tiketi.com\/fr-fr\/wp-json\/wp\/v2\/media\/17852"}],"wp:attachment":[{"href":"https:\/\/tiketi.com\/fr-fr\/wp-json\/wp\/v2\/media?parent=11971"}],"curies":[{"name":"wp","href":"https:\/\/api.w.org\/{rel}","templated":true}]}}