{"id":11975,"date":"2022-01-19T12:55:27","date_gmt":"2022-01-19T11:55:27","guid":{"rendered":"https:\/\/new.tiketi.com\/vendor-registration\/"},"modified":"2022-01-19T12:55:28","modified_gmt":"2022-01-19T11:55:28","slug":"vendor-registration","status":"publish","type":"page","link":"https:\/\/tiketi.com\/fr-fr\/vendor-registration\/","title":{"rendered":"Inscription du vendeur"},"content":{"rendered":"<p>Plateforme de r\u00e9servation en ligne pour les visites, attractions et activit\u00e9s \u00e0 Duba\u00ef et en Afrique<\/p>\n<p>Nous sommes une place de march\u00e9 internationale en ligne qui permet aux voyageurs de rechercher, comparer et r\u00e9server des voyages \u00e0 Duba\u00ef et en Afrique. Toutes les r\u00e9servations et questions sont envoy\u00e9es directement au voyagiste, pour confirmation et r\u00e9ponse dans une plateforme de conversation conviviale.<\/p>\n<p>&nbsp;<\/p>\n<p>Une large audience mondiale, gagnez plus<\/p>\n<p>Tiketi.com est un programme de services \u00e0 la client\u00e8le qui utilise la technologie de l&#039;industrie du tourisme. En r\u00e9pertoriant vos produits et services sur la place de march\u00e9 en ligne de voyage de Tiketi.com, vous serez non seulement visible sur le site de www.tiketi.com, mais \u00e9galement sur d&#039;autres sites de voyage de premier plan. Vous aider \u00e0 atteindre des milliers de voyageurs du monde entier.<\/p>\n<p>&nbsp;<\/p>\n<p>Boostez la notori\u00e9t\u00e9 de votre marque&nbsp;<\/p>\n<p>Nous affichons la marque de votre entreprise bien en \u00e9vidence sur notre site Web afin que les clients sachent exactement ce qu&#039;ils r\u00e9servent. B\u00e9n\u00e9ficiez de ce marketing gratuit pour votre marque.<\/p>\n<p>&nbsp;<\/p>\n<p>Inscription facile et rapide<\/p>\n<p>Il est facile de s&#039;inscrire et d&#039;ajouter votre entreprise sur Tiketi.com. Remplissez simplement le formulaire pour enregistrer votre service aupr\u00e8s de Tiketi.com. Notre \u00e9quipe vous contactera imm\u00e9diatement dans les plus brefs d\u00e9lais.&nbsp;<\/p>\n<p>&nbsp;<\/p>\n<p>Comment nous fonctionnons<\/p>\n<p>Pour garantir que les r\u00e9servations sont r\u00e9elles, nous ne vous proposons les r\u00e9servations qu&#039;apr\u00e8s la fourniture des d\u00e9tails de la carte de cr\u00e9dit par le voyageur, et nous attendons que vous confirmiez la r\u00e9servation. Notre syst\u00e8me de messagerie est utilis\u00e9 pour g\u00e9rer toutes les r\u00e9servations, car il vous connecte avec le client. L&#039;\u00e9quipe d&#039;experts en voyages de Tiketi.com surveille le syst\u00e8me 24h\/24 et 7j\/7. &nbsp;<\/p>\n<p>&nbsp;<\/p>\n<p>Le syst\u00e8me d&#039;exploitation comprend :<\/p>\n<p>Recherche et comparaison de circuits sur Tiketi.com.<\/p>\n<p>Le voyageur r\u00e9serve en saisissant ses coordonn\u00e9es de carte de cr\u00e9dit.<\/p>\n<p>Nous pr\u00e9-autorisons le paiement effectu\u00e9.&nbsp;<\/p>\n<p>Le voyagiste fait une confirmation, et Tiketi.com s\u00e9curise le paiement.<\/p>\n<p>Le voyageur se rend \u00e0 sa destination de voyage.<\/p>\n<p>&nbsp;<\/p>\n<p>4 \u00e9tapes d&#039;inscription<\/p>\n<p>&nbsp;<\/p>\n<p>1. R\u00e9pertorier une exp\u00e9rience<\/p>\n<p>Apr\u00e8s avoir soumis une exp\u00e9rience, notre \u00e9quipe \u00e9ditoriale l&#039;examine.<\/p>\n<p>&nbsp;<\/p>\n<p>2. Accepter la r\u00e9servation<\/p>\n<p>D\u00e8s que votre annonce sera mise en ligne, vous recevrez des notifications dans votre e-mail si un voyageur souhaite r\u00e9server votre exp\u00e9rience.<\/p>\n<p>&nbsp;<\/p>\n<p>3. Organiser une exp\u00e9rience unique<\/p>\n<p>Il est temps de rencontrer vos invit\u00e9s \u00e0 l&#039;heure, au lieu et \u00e0 la date sp\u00e9cifi\u00e9s, pour leur prouver que vous \u00eates un h\u00f4te formidable.<\/p>\n<p>&nbsp;<\/p>\n<p>4. \u00catre pay\u00e9<\/p>\n<p>Apr\u00e8s l&#039;exp\u00e9rience, Tiketi.com transf\u00e8re facilement et en toute s\u00e9curit\u00e9 le paiement sur votre compte PayPal. &nbsp;<\/p>\n<p>&nbsp;<\/p>\n<p>Inscrivez-vous et augmentez vos r\u00e9servations - n&#039;attendez pas - commencez d\u00e8s aujourd&#039;hui !<\/p>\n<p>&nbsp;<\/p>\n<p>&nbsp;<\/p>\n<p>&nbsp;<\/p>","protected":false},"excerpt":{"rendered":"<p>Online Booking Platform&nbsp;for Tours, Attractions,&nbsp;and Activities in Dubai and Africa We are an international online marketplace that allows travelers to search, compare and reserve trips in Dubai and Africa. All reservations and questions get sent directly to the tour operator, to confirm and respond in a user-friendly conversation platform. &nbsp; A large global audience, earn [&hellip;]<\/p>\n","protected":false},"author":1,"featured_media":20438,"parent":0,"menu_order":0,"comment_status":"open","ping_status":"closed","template":"","meta":{"footnotes":""},"class_list":["post-11975","page","type-page","status-publish","has-post-thumbnail","hentry"],"yoast_head":"<!-- This site is optimized with the Yoast SEO plugin v27.2 - https:\/\/yoast.com\/product\/yoast-seo-wordpress\/ -->\n<title>Vendor Registration<\/title>\n<meta name=\"description\" content=\"How to become a supplier and increase your bookings\" \/>\n<meta name=\"robots\" content=\"index, follow, max-snippet:-1, max-image-preview:large, max-video-preview:-1\" \/>\n<link rel=\"canonical\" href=\"https:\/\/tiketi.com\/fr-fr\/vendor-registration\/\" \/>\n<meta property=\"og:locale\" content=\"fr_FR\" \/>\n<meta property=\"og:type\" content=\"article\" \/>\n<meta property=\"og:title\" content=\"Vendor Registration\" \/>\n<meta property=\"og:description\" content=\"How to become a supplier and increase your bookings\" \/>\n<meta property=\"og:url\" content=\"https:\/\/tiketi.com\/fr-fr\/vendor-registration\/\" \/>\n<meta property=\"og:site_name\" content=\"Tiketi.com\" \/>\n<meta property=\"article:publisher\" content=\"https:\/\/www.facebook.com\/TiketiCom\/\" \/>\n<meta property=\"article:modified_time\" content=\"2022-01-19T11:55:28+00:00\" \/>\n<meta property=\"og:image\" content=\"https:\/\/tiketi.com\/wp-content\/uploads\/2019\/05\/marketing-solutions-kamil-pietrzak-AlA8S9tALAs-.jpg\" \/>\n\t<meta property=\"og:image:width\" content=\"1200\" \/>\n\t<meta property=\"og:image:height\" content=\"200\" \/>\n\t<meta property=\"og:image:type\" content=\"image\/jpeg\" \/>\n<meta name=\"twitter:card\" content=\"summary_large_image\" \/>\n<meta name=\"twitter:label1\" content=\"Dur\u00e9e de lecture estim\u00e9e\" \/>\n\t<meta name=\"twitter:data1\" content=\"2 minutes\" \/>\n<script type=\"application\/ld+json\" class=\"yoast-schema-graph\">{\"@context\":\"https:\/\/schema.org\",\"@graph\":[{\"@type\":\"WebPage\",\"@id\":\"https:\/\/tiketi.com\/vendor-registration\/\",\"url\":\"https:\/\/tiketi.com\/vendor-registration\/\",\"name\":\"Vendor Registration\",\"isPartOf\":{\"@id\":\"https:\/\/tiketi.com\/#website\"},\"primaryImageOfPage\":{\"@id\":\"https:\/\/tiketi.com\/vendor-registration\/#primaryimage\"},\"image\":{\"@id\":\"https:\/\/tiketi.com\/vendor-registration\/#primaryimage\"},\"thumbnailUrl\":\"https:\/\/tiketi.com\/wp-content\/uploads\/2019\/05\/marketing-solutions-kamil-pietrzak-AlA8S9tALAs-.jpg\",\"datePublished\":\"2022-01-19T11:55:27+00:00\",\"dateModified\":\"2022-01-19T11:55:28+00:00\",\"description\":\"How to become a supplier and increase your bookings\",\"breadcrumb\":{\"@id\":\"https:\/\/tiketi.com\/vendor-registration\/#breadcrumb\"},\"inLanguage\":\"fr-FR\",\"potentialAction\":[{\"@type\":\"ReadAction\",\"target\":[\"https:\/\/tiketi.com\/vendor-registration\/\"]}]},{\"@type\":\"ImageObject\",\"inLanguage\":\"fr-FR\",\"@id\":\"https:\/\/tiketi.com\/vendor-registration\/#primaryimage\",\"url\":\"https:\/\/tiketi.com\/wp-content\/uploads\/2019\/05\/marketing-solutions-kamil-pietrzak-AlA8S9tALAs-.jpg\",\"contentUrl\":\"https:\/\/tiketi.com\/wp-content\/uploads\/2019\/05\/marketing-solutions-kamil-pietrzak-AlA8S9tALAs-.jpg\",\"width\":1200,\"height\":200,\"caption\":\"Marketing Solutions\"},{\"@type\":\"BreadcrumbList\",\"@id\":\"https:\/\/tiketi.com\/vendor-registration\/#breadcrumb\",\"itemListElement\":[{\"@type\":\"ListItem\",\"position\":1,\"name\":\"Home\",\"item\":\"https:\/\/tiketi.com\/\"},{\"@type\":\"ListItem\",\"position\":2,\"name\":\"Vendor Registration\"}]},{\"@type\":\"WebSite\",\"@id\":\"https:\/\/tiketi.com\/#website\",\"url\":\"https:\/\/tiketi.com\/\",\"name\":\"Flight & Bus Tickets, Tour Packages & Activitites - Tiketi.com\",\"description\":\"Flight &amp; Bus Tickets, Tours, Activitites\",\"publisher\":{\"@id\":\"https:\/\/tiketi.com\/#organization\"},\"potentialAction\":[{\"@type\":\"SearchAction\",\"target\":{\"@type\":\"EntryPoint\",\"urlTemplate\":\"https:\/\/tiketi.com\/?s={search_term_string}\"},\"query-input\":{\"@type\":\"PropertyValueSpecification\",\"valueRequired\":true,\"valueName\":\"search_term_string\"}}],\"inLanguage\":\"fr-FR\"},{\"@type\":\"Organization\",\"@id\":\"https:\/\/tiketi.com\/#organization\",\"name\":\"Tiketi.com\",\"alternateName\":\"Tiketi\",\"url\":\"https:\/\/tiketi.com\/\",\"logo\":{\"@type\":\"ImageObject\",\"inLanguage\":\"fr-FR\",\"@id\":\"https:\/\/tiketi.com\/#\/schema\/logo\/image\/\",\"url\":\"https:\/\/tiketi.com\/wp-content\/uploads\/2019\/05\/tiketi-logo-696.png\",\"contentUrl\":\"https:\/\/tiketi.com\/wp-content\/uploads\/2019\/05\/tiketi-logo-696.png\",\"width\":696,\"height\":696,\"caption\":\"Tiketi.com\"},\"image\":{\"@id\":\"https:\/\/tiketi.com\/#\/schema\/logo\/image\/\"},\"sameAs\":[\"https:\/\/www.facebook.com\/TiketiCom\/\"]}]}<\/script>\n<!-- \/ Yoast SEO plugin. -->","yoast_head_json":{"title":"Inscription du vendeur","description":"Comment devenir fournisseur et augmenter vos r\u00e9servations","robots":{"index":"index","follow":"follow","max-snippet":"max-snippet:-1","max-image-preview":"max-image-preview:large","max-video-preview":"max-video-preview:-1"},"canonical":"https:\/\/tiketi.com\/fr-fr\/vendor-registration\/","og_locale":"fr_FR","og_type":"article","og_title":"Vendor Registration","og_description":"How to become a supplier and increase your bookings","og_url":"https:\/\/tiketi.com\/fr-fr\/vendor-registration\/","og_site_name":"Tiketi.com","article_publisher":"https:\/\/www.facebook.com\/TiketiCom\/","article_modified_time":"2022-01-19T11:55:28+00:00","og_image":[{"width":1200,"height":200,"url":"https:\/\/tiketi.com\/wp-content\/uploads\/2019\/05\/marketing-solutions-kamil-pietrzak-AlA8S9tALAs-.jpg","type":"image\/jpeg"}],"twitter_card":"summary_large_image","twitter_misc":{"Dur\u00e9e de lecture estim\u00e9e":"2 minutes"},"schema":{"@context":"https:\/\/schema.org","@graph":[{"@type":"WebPage","@id":"https:\/\/tiketi.com\/vendor-registration\/","url":"https:\/\/tiketi.com\/vendor-registration\/","name":"Inscription du vendeur","isPartOf":{"@id":"https:\/\/tiketi.com\/#website"},"primaryImageOfPage":{"@id":"https:\/\/tiketi.com\/vendor-registration\/#primaryimage"},"image":{"@id":"https:\/\/tiketi.com\/vendor-registration\/#primaryimage"},"thumbnailUrl":"https:\/\/tiketi.com\/wp-content\/uploads\/2019\/05\/marketing-solutions-kamil-pietrzak-AlA8S9tALAs-.jpg","datePublished":"2022-01-19T11:55:27+00:00","dateModified":"2022-01-19T11:55:28+00:00","description":"Comment devenir fournisseur et augmenter vos r\u00e9servations","breadcrumb":{"@id":"https:\/\/tiketi.com\/vendor-registration\/#breadcrumb"},"inLanguage":"fr-FR","potentialAction":[{"@type":"ReadAction","target":["https:\/\/tiketi.com\/vendor-registration\/"]}]},{"@type":"ImageObject","inLanguage":"fr-FR","@id":"https:\/\/tiketi.com\/vendor-registration\/#primaryimage","url":"https:\/\/tiketi.com\/wp-content\/uploads\/2019\/05\/marketing-solutions-kamil-pietrzak-AlA8S9tALAs-.jpg","contentUrl":"https:\/\/tiketi.com\/wp-content\/uploads\/2019\/05\/marketing-solutions-kamil-pietrzak-AlA8S9tALAs-.jpg","width":1200,"height":200,"caption":"Marketing Solutions"},{"@type":"BreadcrumbList","@id":"https:\/\/tiketi.com\/vendor-registration\/#breadcrumb","itemListElement":[{"@type":"ListItem","position":1,"name":"Home","item":"https:\/\/tiketi.com\/"},{"@type":"ListItem","position":2,"name":"Vendor Registration"}]},{"@type":"WebSite","@id":"https:\/\/tiketi.com\/#website","url":"https:\/\/tiketi.com\/","name":"Billets d&#039;avion et de bus, forfaits touristiques et activit\u00e9s - Tiketi.com","description":"Billets d&#039;avion et de bus, Tours, Activit\u00e9s","publisher":{"@id":"https:\/\/tiketi.com\/#organization"},"potentialAction":[{"@type":"SearchAction","target":{"@type":"EntryPoint","urlTemplate":"https:\/\/tiketi.com\/?s={search_term_string}"},"query-input":{"@type":"PropertyValueSpecification","valueRequired":true,"valueName":"search_term_string"}}],"inLanguage":"fr-FR"},{"@type":"Organization","@id":"https:\/\/tiketi.com\/#organization","name":"Tiketi.com","alternateName":"Tiketi","url":"https:\/\/tiketi.com\/","logo":{"@type":"ImageObject","inLanguage":"fr-FR","@id":"https:\/\/tiketi.com\/#\/schema\/logo\/image\/","url":"https:\/\/tiketi.com\/wp-content\/uploads\/2019\/05\/tiketi-logo-696.png","contentUrl":"https:\/\/tiketi.com\/wp-content\/uploads\/2019\/05\/tiketi-logo-696.png","width":696,"height":696,"caption":"Tiketi.com"},"image":{"@id":"https:\/\/tiketi.com\/#\/schema\/logo\/image\/"},"sameAs":["https:\/\/www.facebook.com\/TiketiCom\/"]}]}},"_links":{"self":[{"href":"https:\/\/tiketi.com\/fr-fr\/wp-json\/wp\/v2\/pages\/11975","targetHints":{"allow":["GET"]}}],"collection":[{"href":"https:\/\/tiketi.com\/fr-fr\/wp-json\/wp\/v2\/pages"}],"about":[{"href":"https:\/\/tiketi.com\/fr-fr\/wp-json\/wp\/v2\/types\/page"}],"author":[{"embeddable":true,"href":"https:\/\/tiketi.com\/fr-fr\/wp-json\/wp\/v2\/users\/1"}],"replies":[{"embeddable":true,"href":"https:\/\/tiketi.com\/fr-fr\/wp-json\/wp\/v2\/comments?post=11975"}],"version-history":[{"count":0,"href":"https:\/\/tiketi.com\/fr-fr\/wp-json\/wp\/v2\/pages\/11975\/revisions"}],"wp:featuredmedia":[{"embeddable":true,"href":"https:\/\/tiketi.com\/fr-fr\/wp-json\/wp\/v2\/media\/20438"}],"wp:attachment":[{"href":"https:\/\/tiketi.com\/fr-fr\/wp-json\/wp\/v2\/media?parent=11975"}],"curies":[{"name":"wp","href":"https:\/\/api.w.org\/{rel}","templated":true}]}}