{"id":11977,"date":"2022-01-19T12:55:27","date_gmt":"2022-01-19T11:55:27","guid":{"rendered":"https:\/\/new.tiketi.com\/sales-consultant\/"},"modified":"2022-07-12T21:14:35","modified_gmt":"2022-07-12T20:14:35","slug":"sales-consultant","status":"publish","type":"page","link":"https:\/\/tiketi.com\/fr-fr\/sales-consultant\/","title":{"rendered":"Devenez Conseiller Commercial Tiketi.com"},"content":{"rendered":"<h2>Devenez Conseiller Commercial Tiketi.com<\/h2>\n<h3>FAITES CONNAISSANCE AVEC NOTRE MEILLEUR AGENT DE VENTE<\/h3>\n<p>\u00ab Si, il y a un an, quelqu&#039;un m&#039;avait dit que je pouvais gagner 6 chiffres en \u00e9tant mon propre patron, je ne l&#039;aurais jamais cru ! Personne ne peut vous arr\u00eater, \u00e0 moins que vous ne vouliez vous arr\u00eater. On ne peut plus justifier le ch\u00f4mage et rester pauvre. En tant que Consultant pour Tiketi.com, vous r\u00e9alisez tous vos r\u00eaves, pouvez \u00eatre ce que vous voulez et pouvez aussi avoir un avenir s\u00fbr !<\/p>\n<h3>ADH\u00c9RER MAINTENANT<\/h3>\n<p>Devenez consultant pour les ventes Tiketi.com<\/p>\n<p>R\u00e9alisez votre fantasme d&#039;avoir votre propre entreprise et obtenez des revenus illimit\u00e9s\u00a0!<\/p>\n<p>Le programme de consultant commercial de Tiketi.com a pour objectif de permettre et d&#039;am\u00e9liorer les futurs visionnaires d&#039;entreprise avec l&#039;aide compl\u00e8te d&#039;un bien connu. Inscrivez-vous aujourd&#039;hui et commencez \u00e0 gagner de l&#039;argent en vendant des produits de Tiketi.com.<\/p>\n<p>L&#039;adh\u00e9sion est gratuite, sans patron, sans risque et avec des prix incroyables.<\/p>\n<p><a href=\"mailto:jobs@tiketi.com?subject=Sales%20Consultant\">Inscrivez-vous en tant qu&#039;agent de Tiketi.com<\/a><\/p>\n<h3>VOUS GAGNEZ DE L&#039;ARGENT<\/h3>\n<h4><\/h4>\n<h4>Avec Tiketi devenez votre propre patron<\/h4>\n<p>En vendant des produits fournis par Tiketi.com, vous toucherez des commissions<\/p>\n<h4><\/h4>\n<h4>Devenez conseiller commercial<\/h4>\n<p>Vos efforts sont r\u00e9compens\u00e9s : plus vous travaillerez, plus vous gagnerez en argent !<\/p>\n<h4><\/h4>\n<h4>Soyez pay\u00e9 pour les agents de recrutement<\/h4>\n<p>Vous recevrez de l\u2019argent pour chaque nouveau conseiller commercial que vous recruterez\u00a0!<\/p>\n<p>Devenez un agent commercial autonome<\/p>\n<h3>Soyez VOTRE PROPRE PATRON<\/h3>\n<p>En tant que conseiller commercial ind\u00e9pendant, vous disposez d\u2019une totale libert\u00e9 et contr\u00f4le sur votre activit\u00e9.<\/p>\n<p>Construisez votre plan d&#039;affaires<br \/>\nCr\u00e9ez votre propre entreprise prosp\u00e8re.<\/p>\n<p>&nbsp;<\/p>\n<h3>VOUS AIMEZ<\/h3>\n<p>R\u00e9alisez des ventes et soyez r\u00e9mun\u00e9r\u00e9 pour cela.<\/p>\n<p>Apprenez de nouvelles expertises et remontez le moral.<\/p>\n<p>Apprenez \u00e0 conna\u00eetre de nouvelles personnes et faites-vous de nouveaux compagnons.<\/p>\n<p>Vous grimpez sur notre \u00e9chelle interne et obtenez de bonnes commissions.<\/p>\n<p>Nous vous offrons un apprentissage et une expertise ph\u00e9nom\u00e9naux.<\/p>\n<p>Nous veillons \u00e0 ce que vous deveniez un homme d\u2019affaires et un sp\u00e9cialiste totalement autonome.<\/p>\n<p>Acc\u00e9dez aux promotions quotidiennes.<\/p>\n<p>Obtenez un paiement avec des commissions et profitez-en\u00a0!<\/p>\n<p>B\u00e9n\u00e9ficiez d&#039;une entr\u00e9e gratuite \u00e0 chaque formation et d\u00e9couvrez votre m\u00e9tier !<\/p>\n<p>Vous n\u2019avez pas besoin de vous soucier d\u2019une exp\u00e9rience pass\u00e9e, juste d\u2019une inspiration et d\u2019une \u00e9nergie solides\u00a0!!<\/p>\n<p>&nbsp;<\/p>\n<h5><a href=\"mailto:jobs@tiketi.com?subject=Sales%20Consultant\">ADH\u00c9RER MAINTENANT<\/a><\/h5>\n<p>&nbsp;<\/p>\n<p>&nbsp;<\/p>\n<p>&nbsp;<\/p>","protected":false},"excerpt":{"rendered":"<p>Turn into a Tiketi.com Sales Consultant GET TO KNOW OUR TOP SALES AGENT &#8220;Had one year back anyone told me that I can earn 6 figures by being my own boss, I would have never believed him! Nobody can stop you, unless you want to stop yourself. No longer can one make an excuse of [&hellip;]<\/p>\n","protected":false},"author":1,"featured_media":20438,"parent":0,"menu_order":0,"comment_status":"open","ping_status":"closed","template":"template-home-modern.php","meta":{"footnotes":""},"class_list":["post-11977","page","type-page","status-publish","has-post-thumbnail","hentry"],"yoast_head":"<!-- This site is optimized with the Yoast SEO plugin v27.3 - https:\/\/yoast.com\/product\/yoast-seo-wordpress\/ -->\n<title>Sales Consultant<\/title>\n<meta name=\"description\" content=\"Turn into a Tiketi.com Sales Consultant. Join today and begin earning money by selling products of Tiketi.com.\" \/>\n<meta name=\"robots\" content=\"index, follow, max-snippet:-1, max-image-preview:large, max-video-preview:-1\" \/>\n<link rel=\"canonical\" href=\"https:\/\/tiketi.com\/fr-fr\/sales-consultant\/\" \/>\n<meta property=\"og:locale\" content=\"fr_FR\" \/>\n<meta property=\"og:type\" content=\"article\" \/>\n<meta property=\"og:title\" content=\"Sales Consultant\" \/>\n<meta property=\"og:description\" content=\"Turn into a Tiketi.com Sales Consultant. Join today and begin earning money by selling products of Tiketi.com.\" \/>\n<meta property=\"og:url\" content=\"https:\/\/tiketi.com\/fr-fr\/sales-consultant\/\" \/>\n<meta property=\"og:site_name\" content=\"Tiketi.com\" \/>\n<meta property=\"article:publisher\" content=\"https:\/\/www.facebook.com\/TiketiCom\/\" \/>\n<meta property=\"article:modified_time\" content=\"2022-07-12T20:14:35+00:00\" \/>\n<meta property=\"og:image\" content=\"https:\/\/tiketi.com\/wp-content\/uploads\/2019\/05\/marketing-solutions-kamil-pietrzak-AlA8S9tALAs-.jpg\" \/>\n\t<meta property=\"og:image:width\" content=\"1200\" \/>\n\t<meta property=\"og:image:height\" content=\"200\" \/>\n\t<meta property=\"og:image:type\" content=\"image\/jpeg\" \/>\n<meta name=\"twitter:card\" content=\"summary_large_image\" \/>\n<meta name=\"twitter:label1\" content=\"Dur\u00e9e de lecture estim\u00e9e\" \/>\n\t<meta name=\"twitter:data1\" content=\"2 minutes\" \/>\n<script type=\"application\/ld+json\" class=\"yoast-schema-graph\">{\"@context\":\"https:\\\/\\\/schema.org\",\"@graph\":[{\"@type\":\"WebPage\",\"@id\":\"https:\\\/\\\/tiketi.com\\\/sales-consultant\\\/\",\"url\":\"https:\\\/\\\/tiketi.com\\\/sales-consultant\\\/\",\"name\":\"Sales Consultant\",\"isPartOf\":{\"@id\":\"https:\\\/\\\/tiketi.com\\\/#website\"},\"primaryImageOfPage\":{\"@id\":\"https:\\\/\\\/tiketi.com\\\/sales-consultant\\\/#primaryimage\"},\"image\":{\"@id\":\"https:\\\/\\\/tiketi.com\\\/sales-consultant\\\/#primaryimage\"},\"thumbnailUrl\":\"https:\\\/\\\/tiketi.com\\\/wp-content\\\/uploads\\\/2019\\\/05\\\/marketing-solutions-kamil-pietrzak-AlA8S9tALAs-.jpg\",\"datePublished\":\"2022-01-19T11:55:27+00:00\",\"dateModified\":\"2022-07-12T20:14:35+00:00\",\"description\":\"Turn into a Tiketi.com Sales Consultant. Join today and begin earning money by selling products of Tiketi.com.\",\"breadcrumb\":{\"@id\":\"https:\\\/\\\/tiketi.com\\\/sales-consultant\\\/#breadcrumb\"},\"inLanguage\":\"fr-FR\",\"potentialAction\":[{\"@type\":\"ReadAction\",\"target\":[\"https:\\\/\\\/tiketi.com\\\/sales-consultant\\\/\"]}]},{\"@type\":\"ImageObject\",\"inLanguage\":\"fr-FR\",\"@id\":\"https:\\\/\\\/tiketi.com\\\/sales-consultant\\\/#primaryimage\",\"url\":\"https:\\\/\\\/tiketi.com\\\/wp-content\\\/uploads\\\/2019\\\/05\\\/marketing-solutions-kamil-pietrzak-AlA8S9tALAs-.jpg\",\"contentUrl\":\"https:\\\/\\\/tiketi.com\\\/wp-content\\\/uploads\\\/2019\\\/05\\\/marketing-solutions-kamil-pietrzak-AlA8S9tALAs-.jpg\",\"width\":1200,\"height\":200,\"caption\":\"Marketing Solutions\"},{\"@type\":\"BreadcrumbList\",\"@id\":\"https:\\\/\\\/tiketi.com\\\/sales-consultant\\\/#breadcrumb\",\"itemListElement\":[{\"@type\":\"ListItem\",\"position\":1,\"name\":\"Home\",\"item\":\"https:\\\/\\\/tiketi.com\\\/\"},{\"@type\":\"ListItem\",\"position\":2,\"name\":\"Turn into a Tiketi.com Sales Consultant\"}]},{\"@type\":\"WebSite\",\"@id\":\"https:\\\/\\\/tiketi.com\\\/#website\",\"url\":\"https:\\\/\\\/tiketi.com\\\/\",\"name\":\"Flight & Bus Tickets, Tour Packages & Activitites - Tiketi.com\",\"description\":\"Flight &amp; Bus Tickets, Tours, Activitites\",\"publisher\":{\"@id\":\"https:\\\/\\\/tiketi.com\\\/#organization\"},\"potentialAction\":[{\"@type\":\"SearchAction\",\"target\":{\"@type\":\"EntryPoint\",\"urlTemplate\":\"https:\\\/\\\/tiketi.com\\\/?s={search_term_string}\"},\"query-input\":{\"@type\":\"PropertyValueSpecification\",\"valueRequired\":true,\"valueName\":\"search_term_string\"}}],\"inLanguage\":\"fr-FR\"},{\"@type\":\"Organization\",\"@id\":\"https:\\\/\\\/tiketi.com\\\/#organization\",\"name\":\"Tiketi.com\",\"alternateName\":\"Tiketi\",\"url\":\"https:\\\/\\\/tiketi.com\\\/\",\"logo\":{\"@type\":\"ImageObject\",\"inLanguage\":\"fr-FR\",\"@id\":\"https:\\\/\\\/tiketi.com\\\/#\\\/schema\\\/logo\\\/image\\\/\",\"url\":\"https:\\\/\\\/tiketi.com\\\/wp-content\\\/uploads\\\/2019\\\/05\\\/tiketi-logo-696.png\",\"contentUrl\":\"https:\\\/\\\/tiketi.com\\\/wp-content\\\/uploads\\\/2019\\\/05\\\/tiketi-logo-696.png\",\"width\":696,\"height\":696,\"caption\":\"Tiketi.com\"},\"image\":{\"@id\":\"https:\\\/\\\/tiketi.com\\\/#\\\/schema\\\/logo\\\/image\\\/\"},\"sameAs\":[\"https:\\\/\\\/www.facebook.com\\\/TiketiCom\\\/\"]}]}<\/script>\n<!-- \/ Yoast SEO plugin. -->","yoast_head_json":{"title":"Conseiller des ventes","description":"Devenez Conseiller Commercial Tiketi.com. Inscrivez-vous aujourd&#039;hui et commencez \u00e0 gagner de l&#039;argent en vendant des produits de Tiketi.com.","robots":{"index":"index","follow":"follow","max-snippet":"max-snippet:-1","max-image-preview":"max-image-preview:large","max-video-preview":"max-video-preview:-1"},"canonical":"https:\/\/tiketi.com\/fr-fr\/sales-consultant\/","og_locale":"fr_FR","og_type":"article","og_title":"Sales Consultant","og_description":"Turn into a Tiketi.com Sales Consultant. Join today and begin earning money by selling products of Tiketi.com.","og_url":"https:\/\/tiketi.com\/fr-fr\/sales-consultant\/","og_site_name":"Tiketi.com","article_publisher":"https:\/\/www.facebook.com\/TiketiCom\/","article_modified_time":"2022-07-12T20:14:35+00:00","og_image":[{"width":1200,"height":200,"url":"https:\/\/tiketi.com\/wp-content\/uploads\/2019\/05\/marketing-solutions-kamil-pietrzak-AlA8S9tALAs-.jpg","type":"image\/jpeg"}],"twitter_card":"summary_large_image","twitter_misc":{"Dur\u00e9e de lecture estim\u00e9e":"2 minutes"},"schema":{"@context":"https:\/\/schema.org","@graph":[{"@type":"WebPage","@id":"https:\/\/tiketi.com\/sales-consultant\/","url":"https:\/\/tiketi.com\/sales-consultant\/","name":"Conseiller des ventes","isPartOf":{"@id":"https:\/\/tiketi.com\/#website"},"primaryImageOfPage":{"@id":"https:\/\/tiketi.com\/sales-consultant\/#primaryimage"},"image":{"@id":"https:\/\/tiketi.com\/sales-consultant\/#primaryimage"},"thumbnailUrl":"https:\/\/tiketi.com\/wp-content\/uploads\/2019\/05\/marketing-solutions-kamil-pietrzak-AlA8S9tALAs-.jpg","datePublished":"2022-01-19T11:55:27+00:00","dateModified":"2022-07-12T20:14:35+00:00","description":"Devenez Conseiller Commercial Tiketi.com. Inscrivez-vous aujourd&#039;hui et commencez \u00e0 gagner de l&#039;argent en vendant des produits de Tiketi.com.","breadcrumb":{"@id":"https:\/\/tiketi.com\/sales-consultant\/#breadcrumb"},"inLanguage":"fr-FR","potentialAction":[{"@type":"ReadAction","target":["https:\/\/tiketi.com\/sales-consultant\/"]}]},{"@type":"ImageObject","inLanguage":"fr-FR","@id":"https:\/\/tiketi.com\/sales-consultant\/#primaryimage","url":"https:\/\/tiketi.com\/wp-content\/uploads\/2019\/05\/marketing-solutions-kamil-pietrzak-AlA8S9tALAs-.jpg","contentUrl":"https:\/\/tiketi.com\/wp-content\/uploads\/2019\/05\/marketing-solutions-kamil-pietrzak-AlA8S9tALAs-.jpg","width":1200,"height":200,"caption":"Marketing Solutions"},{"@type":"BreadcrumbList","@id":"https:\/\/tiketi.com\/sales-consultant\/#breadcrumb","itemListElement":[{"@type":"ListItem","position":1,"name":"Home","item":"https:\/\/tiketi.com\/"},{"@type":"ListItem","position":2,"name":"Turn into a Tiketi.com Sales Consultant"}]},{"@type":"WebSite","@id":"https:\/\/tiketi.com\/#website","url":"https:\/\/tiketi.com\/","name":"Billets d&#039;avion et de bus, forfaits touristiques et activit\u00e9s - Tiketi.com","description":"Billets d&#039;avion et de bus, Tours, Activit\u00e9s","publisher":{"@id":"https:\/\/tiketi.com\/#organization"},"potentialAction":[{"@type":"SearchAction","target":{"@type":"EntryPoint","urlTemplate":"https:\/\/tiketi.com\/?s={search_term_string}"},"query-input":{"@type":"PropertyValueSpecification","valueRequired":true,"valueName":"search_term_string"}}],"inLanguage":"fr-FR"},{"@type":"Organization","@id":"https:\/\/tiketi.com\/#organization","name":"Tiketi.com","alternateName":"Tiketi","url":"https:\/\/tiketi.com\/","logo":{"@type":"ImageObject","inLanguage":"fr-FR","@id":"https:\/\/tiketi.com\/#\/schema\/logo\/image\/","url":"https:\/\/tiketi.com\/wp-content\/uploads\/2019\/05\/tiketi-logo-696.png","contentUrl":"https:\/\/tiketi.com\/wp-content\/uploads\/2019\/05\/tiketi-logo-696.png","width":696,"height":696,"caption":"Tiketi.com"},"image":{"@id":"https:\/\/tiketi.com\/#\/schema\/logo\/image\/"},"sameAs":["https:\/\/www.facebook.com\/TiketiCom\/"]}]}},"_links":{"self":[{"href":"https:\/\/tiketi.com\/fr-fr\/wp-json\/wp\/v2\/pages\/11977","targetHints":{"allow":["GET"]}}],"collection":[{"href":"https:\/\/tiketi.com\/fr-fr\/wp-json\/wp\/v2\/pages"}],"about":[{"href":"https:\/\/tiketi.com\/fr-fr\/wp-json\/wp\/v2\/types\/page"}],"author":[{"embeddable":true,"href":"https:\/\/tiketi.com\/fr-fr\/wp-json\/wp\/v2\/users\/1"}],"replies":[{"embeddable":true,"href":"https:\/\/tiketi.com\/fr-fr\/wp-json\/wp\/v2\/comments?post=11977"}],"version-history":[{"count":0,"href":"https:\/\/tiketi.com\/fr-fr\/wp-json\/wp\/v2\/pages\/11977\/revisions"}],"wp:featuredmedia":[{"embeddable":true,"href":"https:\/\/tiketi.com\/fr-fr\/wp-json\/wp\/v2\/media\/20438"}],"wp:attachment":[{"href":"https:\/\/tiketi.com\/fr-fr\/wp-json\/wp\/v2\/media?parent=11977"}],"curies":[{"name":"wp","href":"https:\/\/api.w.org\/{rel}","templated":true}]}}