{"id":11979,"date":"2022-01-19T12:55:27","date_gmt":"2022-01-19T11:55:27","guid":{"rendered":"https:\/\/new.tiketi.com\/partner-and-customer-retention\/"},"modified":"2022-07-12T14:46:05","modified_gmt":"2022-07-12T13:46:05","slug":"partner-and-customer-retention","status":"publish","type":"page","link":"https:\/\/tiketi.com\/fr-fr\/partner-and-customer-retention\/","title":{"rendered":"Partner and Customer retention"},"content":{"rendered":"<h3>CUSTOMERS GIFTS FOR SPECIAL OCASSIONS<\/h3>\n<p>A special occasion needs special recognition. If it is the successful conclusion of a contract or the anniversary of a successful collaboration: A small but fitting gift never hurts. Also for a birthday of an important business partner or a Christmas gift for your customer. Tiketi.com has a personalized event gift-idea. Because an event-gift is always an investation into a successful mutual future.<\/p>\n<ul>\n<li>Conclusion of contracts<\/li>\n<li>Reward customer loyalty<\/li>\n<li>Christmas<\/li>\n<li>Birthdays<\/li>\n<li>Anniversaries<\/li>\n<\/ul>\n<p>&nbsp;<\/p>\n<h3>COLLEAGUE RETENTION<\/h3>\n<h4>What motivates and binds colleagues in the company?<\/h4>\n<p>Money rewards are always liked but they are old. Through active colleague retention programs that emotionally and actively involve the colleagues you will hold valuable colleagues longer in your team. A high identification is besides that positive for your success as a company because your colleagues are more ready and motivated to finish their tasks. We will compile personalized event packages for your company to increase your colleague happiness levels. Event-gifts, workshops, bonus awards or company events \u2013 we only have one goal in mind: To bind your personal for a long time. Colleague retention is no one time activity but a duty that one should take serious.<\/p>\n<h3><\/h3>\n<h3>\u00c0 PROPOS DE NOUS<\/h3>\n<p>En 2017, Tiketi.com a introduit le cadeau d&#039;entreprise en Afrique de l&#039;Est et en Afrique australe dans le but de se positionner comme un concurrent direct des concepts de cadeaux d\u00e9suets.<br \/>\nTiketi.com propose des centaines d&#039;exp\u00e9riences autour de 8 th\u00e8mes diff\u00e9rents : vacances courtes, bien-\u00eatre, parcs \u00e0 th\u00e8me, \u00e9v\u00e9nements et gastronomie, style de vie et culture, sport et action.<br \/>\nPour chaque \u00e9v\u00e9nement, Tiketi.com a le cadeau id\u00e9al ! No\u00ebl, un anniversaire, un remerciement \u00e0 vos coll\u00e8gues, un message qui change votre vie professionnelle, un cadeau pour un ami\u2026 Tiketi.com propose une vari\u00e9t\u00e9 d&#039;\u00e9v\u00e9nements pour s&#039;\u00e9vader du quotidien, savourer des moments culinaires, vivre des aventures ou se d\u00e9tendre.<\/p>\n<p>Gr\u00e2ce \u00e0 la d\u00e9couverte de ces produits avanc\u00e9s, Tiketi.com a fa\u00e7onn\u00e9 une nouvelle notion de cadeau, qui permet pour la premi\u00e8re fois d&#039;offrir un \u00e9v\u00e9nement incroyable avec une grande vari\u00e9t\u00e9 d&#039;activit\u00e9s et de destinations.<\/p>\n<p>After rapid development the victory brand Tiketi.com accomplished to turn into the prominent brand in the Corporate gifts niche.<br \/>\nVous obtiendrez les visites et les exp\u00e9riences sur le site Web.<\/p>\n<p>&nbsp;<\/p>\n<h4><a href=\"mailto:marketing@tiketi.com?subject=Partner%20and%20Customer%20retention\">Lets do this together!<\/a><\/h4>\n<p>&nbsp;<\/p>\n<p>&nbsp;<\/p>\n<p>&nbsp;<\/p>","protected":false},"excerpt":{"rendered":"<p>CUSTOMERS GIFTS FOR SPECIAL OCASSIONS A special occasion needs special recognition. If it is the successful conclusion of a contract or the anniversary of a successful collaboration: A small but fitting gift never hurts. Also for a birthday of an important business partner or a Christmas gift for your customer. Tiketi.com has a personalized event [&hellip;]<\/p>\n","protected":false},"author":1,"featured_media":20437,"parent":0,"menu_order":0,"comment_status":"open","ping_status":"closed","template":"template-home-modern.php","meta":{"footnotes":""},"class_list":["post-11979","page","type-page","status-publish","has-post-thumbnail","hentry"],"yoast_head":"<!-- This site is optimized with the Yoast SEO plugin v27.2 - https:\/\/yoast.com\/product\/yoast-seo-wordpress\/ -->\n<title>Tiketi.com Partner and Customer Retention<\/title>\n<meta name=\"description\" content=\"Create a special incentive with our Tiketi.com assortment. Motivate your dealers or selling team through Tiketi.com gifts when they reach important company goals.\" \/>\n<meta name=\"robots\" content=\"index, follow, max-snippet:-1, max-image-preview:large, max-video-preview:-1\" \/>\n<link rel=\"canonical\" href=\"https:\/\/tiketi.com\/fr-fr\/partner-and-customer-retention\/\" \/>\n<meta property=\"og:locale\" content=\"fr_FR\" \/>\n<meta property=\"og:type\" content=\"article\" \/>\n<meta property=\"og:title\" content=\"Tiketi.com Partner and Customer Retention\" \/>\n<meta property=\"og:description\" content=\"Create a special incentive with our Tiketi.com assortment. Motivate your dealers or selling team through Tiketi.com gifts when they reach important company goals.\" \/>\n<meta property=\"og:url\" content=\"https:\/\/tiketi.com\/fr-fr\/partner-and-customer-retention\/\" \/>\n<meta property=\"og:site_name\" content=\"Tiketi.com\" \/>\n<meta property=\"article:publisher\" content=\"https:\/\/www.facebook.com\/TiketiCom\/\" \/>\n<meta property=\"article:modified_time\" content=\"2022-07-12T13:46:05+00:00\" \/>\n<meta property=\"og:image\" content=\"https:\/\/tiketi.com\/wp-content\/uploads\/2019\/05\/marketing-cooperation-1137977_1280.jpg\" \/>\n\t<meta property=\"og:image:width\" content=\"1200\" \/>\n\t<meta property=\"og:image:height\" content=\"200\" \/>\n\t<meta property=\"og:image:type\" content=\"image\/jpeg\" \/>\n<meta name=\"twitter:card\" content=\"summary_large_image\" \/>\n<meta name=\"twitter:label1\" content=\"Dur\u00e9e de lecture estim\u00e9e\" \/>\n\t<meta name=\"twitter:data1\" content=\"2 minutes\" \/>\n<script type=\"application\/ld+json\" class=\"yoast-schema-graph\">{\"@context\":\"https:\/\/schema.org\",\"@graph\":[{\"@type\":\"WebPage\",\"@id\":\"https:\/\/tiketi.com\/partner-and-customer-retention\/\",\"url\":\"https:\/\/tiketi.com\/partner-and-customer-retention\/\",\"name\":\"Tiketi.com Partner and Customer Retention\",\"isPartOf\":{\"@id\":\"https:\/\/tiketi.com\/#website\"},\"primaryImageOfPage\":{\"@id\":\"https:\/\/tiketi.com\/partner-and-customer-retention\/#primaryimage\"},\"image\":{\"@id\":\"https:\/\/tiketi.com\/partner-and-customer-retention\/#primaryimage\"},\"thumbnailUrl\":\"https:\/\/tiketi.com\/wp-content\/uploads\/2019\/05\/marketing-cooperation-1137977_1280.jpg\",\"datePublished\":\"2022-01-19T11:55:27+00:00\",\"dateModified\":\"2022-07-12T13:46:05+00:00\",\"description\":\"Create a special incentive with our Tiketi.com assortment. Motivate your dealers or selling team through Tiketi.com gifts when they reach important company goals.\",\"breadcrumb\":{\"@id\":\"https:\/\/tiketi.com\/partner-and-customer-retention\/#breadcrumb\"},\"inLanguage\":\"fr-FR\",\"potentialAction\":[{\"@type\":\"ReadAction\",\"target\":[\"https:\/\/tiketi.com\/partner-and-customer-retention\/\"]}]},{\"@type\":\"ImageObject\",\"inLanguage\":\"fr-FR\",\"@id\":\"https:\/\/tiketi.com\/partner-and-customer-retention\/#primaryimage\",\"url\":\"https:\/\/tiketi.com\/wp-content\/uploads\/2019\/05\/marketing-cooperation-1137977_1280.jpg\",\"contentUrl\":\"https:\/\/tiketi.com\/wp-content\/uploads\/2019\/05\/marketing-cooperation-1137977_1280.jpg\",\"width\":1200,\"height\":200,\"caption\":\"Marketing Cooperation\"},{\"@type\":\"BreadcrumbList\",\"@id\":\"https:\/\/tiketi.com\/partner-and-customer-retention\/#breadcrumb\",\"itemListElement\":[{\"@type\":\"ListItem\",\"position\":1,\"name\":\"Home\",\"item\":\"https:\/\/tiketi.com\/\"},{\"@type\":\"ListItem\",\"position\":2,\"name\":\"Partner and Customer retention\"}]},{\"@type\":\"WebSite\",\"@id\":\"https:\/\/tiketi.com\/#website\",\"url\":\"https:\/\/tiketi.com\/\",\"name\":\"Flight & Bus Tickets, Tour Packages & Activitites - Tiketi.com\",\"description\":\"Flight &amp; Bus Tickets, Tours, Activitites\",\"publisher\":{\"@id\":\"https:\/\/tiketi.com\/#organization\"},\"potentialAction\":[{\"@type\":\"SearchAction\",\"target\":{\"@type\":\"EntryPoint\",\"urlTemplate\":\"https:\/\/tiketi.com\/?s={search_term_string}\"},\"query-input\":{\"@type\":\"PropertyValueSpecification\",\"valueRequired\":true,\"valueName\":\"search_term_string\"}}],\"inLanguage\":\"fr-FR\"},{\"@type\":\"Organization\",\"@id\":\"https:\/\/tiketi.com\/#organization\",\"name\":\"Tiketi.com\",\"alternateName\":\"Tiketi\",\"url\":\"https:\/\/tiketi.com\/\",\"logo\":{\"@type\":\"ImageObject\",\"inLanguage\":\"fr-FR\",\"@id\":\"https:\/\/tiketi.com\/#\/schema\/logo\/image\/\",\"url\":\"https:\/\/tiketi.com\/wp-content\/uploads\/2019\/05\/tiketi-logo-696.png\",\"contentUrl\":\"https:\/\/tiketi.com\/wp-content\/uploads\/2019\/05\/tiketi-logo-696.png\",\"width\":696,\"height\":696,\"caption\":\"Tiketi.com\"},\"image\":{\"@id\":\"https:\/\/tiketi.com\/#\/schema\/logo\/image\/\"},\"sameAs\":[\"https:\/\/www.facebook.com\/TiketiCom\/\"]}]}<\/script>\n<!-- \/ Yoast SEO plugin. -->","yoast_head_json":{"title":"Partenaires et fid\u00e9lisation de la client\u00e8le de Tiketi.com","description":"Create a special incentive with our Tiketi.com assortment. Motivate your dealers or selling team through Tiketi.com gifts when they reach important company goals.","robots":{"index":"index","follow":"follow","max-snippet":"max-snippet:-1","max-image-preview":"max-image-preview:large","max-video-preview":"max-video-preview:-1"},"canonical":"https:\/\/tiketi.com\/fr-fr\/partner-and-customer-retention\/","og_locale":"fr_FR","og_type":"article","og_title":"Tiketi.com Partner and Customer Retention","og_description":"Create a special incentive with our Tiketi.com assortment. Motivate your dealers or selling team through Tiketi.com gifts when they reach important company goals.","og_url":"https:\/\/tiketi.com\/fr-fr\/partner-and-customer-retention\/","og_site_name":"Tiketi.com","article_publisher":"https:\/\/www.facebook.com\/TiketiCom\/","article_modified_time":"2022-07-12T13:46:05+00:00","og_image":[{"width":1200,"height":200,"url":"https:\/\/tiketi.com\/wp-content\/uploads\/2019\/05\/marketing-cooperation-1137977_1280.jpg","type":"image\/jpeg"}],"twitter_card":"summary_large_image","twitter_misc":{"Dur\u00e9e de lecture estim\u00e9e":"2 minutes"},"schema":{"@context":"https:\/\/schema.org","@graph":[{"@type":"WebPage","@id":"https:\/\/tiketi.com\/partner-and-customer-retention\/","url":"https:\/\/tiketi.com\/partner-and-customer-retention\/","name":"Partenaires et fid\u00e9lisation de la client\u00e8le de Tiketi.com","isPartOf":{"@id":"https:\/\/tiketi.com\/#website"},"primaryImageOfPage":{"@id":"https:\/\/tiketi.com\/partner-and-customer-retention\/#primaryimage"},"image":{"@id":"https:\/\/tiketi.com\/partner-and-customer-retention\/#primaryimage"},"thumbnailUrl":"https:\/\/tiketi.com\/wp-content\/uploads\/2019\/05\/marketing-cooperation-1137977_1280.jpg","datePublished":"2022-01-19T11:55:27+00:00","dateModified":"2022-07-12T13:46:05+00:00","description":"Create a special incentive with our Tiketi.com assortment. Motivate your dealers or selling team through Tiketi.com gifts when they reach important company goals.","breadcrumb":{"@id":"https:\/\/tiketi.com\/partner-and-customer-retention\/#breadcrumb"},"inLanguage":"fr-FR","potentialAction":[{"@type":"ReadAction","target":["https:\/\/tiketi.com\/partner-and-customer-retention\/"]}]},{"@type":"ImageObject","inLanguage":"fr-FR","@id":"https:\/\/tiketi.com\/partner-and-customer-retention\/#primaryimage","url":"https:\/\/tiketi.com\/wp-content\/uploads\/2019\/05\/marketing-cooperation-1137977_1280.jpg","contentUrl":"https:\/\/tiketi.com\/wp-content\/uploads\/2019\/05\/marketing-cooperation-1137977_1280.jpg","width":1200,"height":200,"caption":"Marketing Cooperation"},{"@type":"BreadcrumbList","@id":"https:\/\/tiketi.com\/partner-and-customer-retention\/#breadcrumb","itemListElement":[{"@type":"ListItem","position":1,"name":"Home","item":"https:\/\/tiketi.com\/"},{"@type":"ListItem","position":2,"name":"Partner and Customer retention"}]},{"@type":"WebSite","@id":"https:\/\/tiketi.com\/#website","url":"https:\/\/tiketi.com\/","name":"Billets d&#039;avion et de bus, forfaits touristiques et activit\u00e9s - Tiketi.com","description":"Billets d&#039;avion et de bus, Tours, Activit\u00e9s","publisher":{"@id":"https:\/\/tiketi.com\/#organization"},"potentialAction":[{"@type":"SearchAction","target":{"@type":"EntryPoint","urlTemplate":"https:\/\/tiketi.com\/?s={search_term_string}"},"query-input":{"@type":"PropertyValueSpecification","valueRequired":true,"valueName":"search_term_string"}}],"inLanguage":"fr-FR"},{"@type":"Organization","@id":"https:\/\/tiketi.com\/#organization","name":"Tiketi.com","alternateName":"Tiketi","url":"https:\/\/tiketi.com\/","logo":{"@type":"ImageObject","inLanguage":"fr-FR","@id":"https:\/\/tiketi.com\/#\/schema\/logo\/image\/","url":"https:\/\/tiketi.com\/wp-content\/uploads\/2019\/05\/tiketi-logo-696.png","contentUrl":"https:\/\/tiketi.com\/wp-content\/uploads\/2019\/05\/tiketi-logo-696.png","width":696,"height":696,"caption":"Tiketi.com"},"image":{"@id":"https:\/\/tiketi.com\/#\/schema\/logo\/image\/"},"sameAs":["https:\/\/www.facebook.com\/TiketiCom\/"]}]}},"_links":{"self":[{"href":"https:\/\/tiketi.com\/fr-fr\/wp-json\/wp\/v2\/pages\/11979","targetHints":{"allow":["GET"]}}],"collection":[{"href":"https:\/\/tiketi.com\/fr-fr\/wp-json\/wp\/v2\/pages"}],"about":[{"href":"https:\/\/tiketi.com\/fr-fr\/wp-json\/wp\/v2\/types\/page"}],"author":[{"embeddable":true,"href":"https:\/\/tiketi.com\/fr-fr\/wp-json\/wp\/v2\/users\/1"}],"replies":[{"embeddable":true,"href":"https:\/\/tiketi.com\/fr-fr\/wp-json\/wp\/v2\/comments?post=11979"}],"version-history":[{"count":0,"href":"https:\/\/tiketi.com\/fr-fr\/wp-json\/wp\/v2\/pages\/11979\/revisions"}],"wp:featuredmedia":[{"embeddable":true,"href":"https:\/\/tiketi.com\/fr-fr\/wp-json\/wp\/v2\/media\/20437"}],"wp:attachment":[{"href":"https:\/\/tiketi.com\/fr-fr\/wp-json\/wp\/v2\/media?parent=11979"}],"curies":[{"name":"wp","href":"https:\/\/api.w.org\/{rel}","templated":true}]}}