{"id":11981,"date":"2022-01-19T12:55:27","date_gmt":"2022-01-19T11:55:27","guid":{"rendered":"https:\/\/new.tiketi.com\/corporate-christmas-gifts\/"},"modified":"2022-07-12T21:15:02","modified_gmt":"2022-07-12T20:15:02","slug":"corporate-christmas-gifts","status":"publish","type":"page","link":"https:\/\/tiketi.com\/fr-fr\/corporate-christmas-gifts\/","title":{"rendered":"F\u00eates de No\u00ebl d&#039;entreprise et cadeaux de No\u00ebl"},"content":{"rendered":"<h2>Cadeaux de No\u00ebl d&#039;entreprise en octobre ?<\/h2>\n<p>&nbsp;<\/p>\n<p>On ne peut jamais commencer assez t\u00f4t pour y penser. Les \u00e9v\u00e9nements de No\u00ebl et les \u00e9v\u00e9nements d&#039;\u00e9quipe, notamment pendant la p\u00e9riode de No\u00ebl, doivent \u00eatre planifi\u00e9s \u00e0 l&#039;avance afin de ne pas r\u00e9server les meilleurs lieux et \u00e9v\u00e9nements. Mais l&#039;organisation des cadeaux de No\u00ebl pour les clients et les coll\u00e8gues ne doit pas se faire en d\u00e9cembre. Des id\u00e9es cr\u00e9atives adapt\u00e9es \u00e0 votre entreprise et la comparaison de plusieurs offres engendrent un stress inutile en fin d&#039;ann\u00e9e.<\/p>\n<p>Informez-vous d\u00e8s maintenant sur les \u00e9v\u00e9nements possibles pour vos collaborateurs, coll\u00e8gues et partenaires commerciaux pour leur offrir un No\u00ebl inoubliable \u2013 avec les f\u00eates de No\u00ebl et les cadeaux de No\u00ebl de Tiketi.com !<\/p>\n<h3>CADEAUX DE NO\u00cbL POUR CLIENTS ET COLL\u00c8GUES<\/h3>\n<h3>F\u00eates de No\u00ebl d&#039;entreprise et cadeaux de No\u00ebl de Tiketi.com<\/h3>\n<p>Encore une bouteille de vin ou un cadeau promotionnel annuel pour No\u00ebl \u00e0 vos coll\u00e8gues et partenaires commerciaux\u00a0! Ce n&#039;est pas une marque de reconnaissance pour leur travail ni pour la collaboration fructueuse de l&#039;ann\u00e9e \u00e9coul\u00e9e. Offrez-leur plut\u00f4t de v\u00e9ritables \u00e9v\u00e9nements de r\u00eave, comme un coupon Tiketi.com. Chacun peut ainsi r\u00e9aliser ses r\u00eaves. Qu&#039;il s&#039;agisse d&#039;une excursion en ville, d&#039;un vol en montgolfi\u00e8re, d&#039;une balade en quad, d&#039;un massage aromatique ou d&#039;une s\u00e9ance photo, chacun trouvera l&#039;\u00e9v\u00e9nement id\u00e9al dans son portfolio Tiketi.com.<\/p>\n<p>Ou savez-vous d\u00e9j\u00e0 quel \u00e9v\u00e9nement vos clients ou coll\u00e8gues souhaitent f\u00eater pour No\u00ebl\u00a0? Alors, le coupon \u00e9v\u00e9nement Tiketi.com est le cadeau id\u00e9al. Offrez-leur une balade dans la voiture de leurs r\u00eaves, une excursion en canyoning au Tyrol ou un d\u00eener aux chandelles \u00e0 Berlin. Avec un th\u00e8me de No\u00ebl, un texte de v\u0153ux personnalis\u00e9 ou une couverture personnalis\u00e9e, vous pouvez \u00e9galement cr\u00e9er un lien avec votre entreprise et ajouter une note personnelle \u00e0 l&#039;emballage de vos cadeaux. D\u00e9couvrez les multiples possibilit\u00e9s de personnalisation de Tiketi.com.<\/p>\n<h3>F\u00caTES DE NO\u00cbL POUR CLIENTS ET COLL\u00c8GUES<\/h3>\n<p>Vous souhaitez une fin d&#039;ann\u00e9e r\u00e9ussie pour votre \u00e9quipe, mais la visite annuelle du march\u00e9 de No\u00ebl ne vous suffit pas\u00a0? Ou souhaitez-vous vivre un d\u00eener exceptionnel avec votre entreprise\u00a0? Le service Business de Tiketi.com est l\u00e0 pour vous\u00a0! D\u00eener-croisi\u00e8re, cours de cuisine ou d\u00e9gustations\u00a0: nous vous conseillons sur toutes les possibilit\u00e9s et vous soumettons une offre sans engagement correspondant \u00e0 vos souhaits.<\/p>\n<p>Ou pr\u00e9f\u00e9rez-vous quelque chose de compl\u00e8tement diff\u00e9rent cette ann\u00e9e\u00a0? Alors laissez-vous inspirer par notre id\u00e9e \u00ab\u00a0Une f\u00eate de No\u00ebl diff\u00e9rente\u00a0\u00bb\u00a0! Envie d&#039;une f\u00eate de No\u00ebl sur un circuit automobile, \u00e0 l&#039;entra\u00eenement CSI ou lors d&#039;une tourn\u00e9e des restaurants\u00a0? Tiketi.com est fait pour vous. Nous vous conseillons pour une f\u00eate de No\u00ebl inoubliable. Et cerise sur le g\u00e2teau\u00a0: l&#039;\u00e9quipe commerciale de Tiketi.com s&#039;occupe de l&#039;organisation\u00a0!<\/p>\n<h3>CADEAUX DE NO\u00cbL D&#039;ENTREPRISE Cadeaux et F\u00caTES DE NO\u00cbL<\/h3>\n<p>Vous n&#039;avez pas encore trouv\u00e9 l&#039;activit\u00e9 qui vous convient ? Contactez-nous d\u00e8s aujourd&#039;hui\u00a0! Nous trouverons l&#039;\u00e9v\u00e9nement d&#039;\u00e9quipe id\u00e9al et le cadeau de No\u00ebl id\u00e9al pour vos employ\u00e9s, coll\u00e8gues ou partenaires commerciaux. Vous recevrez une offre gratuite, personnalis\u00e9e selon vos souhaits et exigences.<\/p>\n<p>&nbsp;<\/p>\n<h3>\u00c0 PROPOS DE NOUS<\/h3>\n<p>En 2017, Tiketi.com a introduit le cadeau d&#039;entreprise en Afrique de l&#039;Est et en Afrique australe dans le but de se positionner comme un concurrent direct des concepts de cadeaux d\u00e9suets.<\/p>\n<p>Tiketi.com propose des centaines d&#039;exp\u00e9riences autour de 8 th\u00e8mes diff\u00e9rents : vacances courtes, bien-\u00eatre, parcs \u00e0 th\u00e8me, \u00e9v\u00e9nements et gastronomie, style de vie et culture, sport et action.<\/p>\n<p>Pour chaque \u00e9v\u00e9nement, Tiketi.com a le cadeau id\u00e9al ! No\u00ebl, un anniversaire, un remerciement \u00e0 vos coll\u00e8gues, un message qui change votre vie professionnelle, un cadeau pour un ami\u2026 Tiketi.com propose une vari\u00e9t\u00e9 d&#039;\u00e9v\u00e9nements pour s&#039;\u00e9vader du quotidien, savourer des moments culinaires, vivre des aventures ou se d\u00e9tendre.<\/p>\n<p>Gr\u00e2ce \u00e0 la d\u00e9couverte de ces produits avanc\u00e9s, Tiketi.com a fa\u00e7onn\u00e9 une nouvelle notion de cadeau, qui permet pour la premi\u00e8re fois d&#039;offrir un \u00e9v\u00e9nement incroyable avec une grande vari\u00e9t\u00e9 d&#039;activit\u00e9s et de destinations.<\/p>\n<p>Apr\u00e8s un d\u00e9veloppement rapide, la marque victorieuse Tiketi.com a r\u00e9ussi \u00e0 devenir la marque de premier plan dans le cr\u00e9neau des cadeaux de No\u00ebl d&#039;entreprise.<br \/>\nVous obtiendrez les visites et les exp\u00e9riences sur le site Web.<\/p>\n<h4><a href=\"mailto:marketing@tiketi.com?subject=Corporate-Christmas-Gifts\">Nous attendons votre demande avec impatience !<\/a><\/h4>\n<p>&nbsp;<\/p>\n<p>&nbsp;<\/p>\n<p>&nbsp;<\/p>","protected":false},"excerpt":{"rendered":"<p>Corporate Christmas Gifts in October? &nbsp; One can not start early enough to think about it. Especially Christmas events and team events to Christmas times must be planned early so that the best locations and events are not reserved. But the organization of the Christmas presents for customers and co-workers is no task that that [&hellip;]<\/p>\n","protected":false},"author":1,"featured_media":18998,"parent":0,"menu_order":0,"comment_status":"open","ping_status":"closed","template":"template-home-modern.php","meta":{"footnotes":""},"class_list":["post-11981","page","type-page","status-publish","has-post-thumbnail","hentry"],"yoast_head":"<!-- This site is optimized with the Yoast SEO plugin v27.2 - https:\/\/yoast.com\/product\/yoast-seo-wordpress\/ -->\n<title>Corporate Christmas Parties and Christmas Gifts<\/title>\n<meta name=\"description\" content=\"Book events for your co-workers, colleagues and business partners to give them an unforgettable Christmas time \u2013 with Christmas parties and gifts\" \/>\n<meta name=\"robots\" content=\"index, follow, max-snippet:-1, max-image-preview:large, max-video-preview:-1\" \/>\n<link rel=\"canonical\" href=\"https:\/\/tiketi.com\/fr-fr\/corporate-christmas-gifts\/\" \/>\n<meta property=\"og:locale\" content=\"fr_FR\" \/>\n<meta property=\"og:type\" content=\"article\" \/>\n<meta property=\"og:title\" content=\"Corporate Christmas Parties and Christmas Gifts\" \/>\n<meta property=\"og:description\" content=\"Book events for your co-workers, colleagues and business partners to give them an unforgettable Christmas time \u2013 with Christmas parties and gifts\" \/>\n<meta property=\"og:url\" content=\"https:\/\/tiketi.com\/fr-fr\/corporate-christmas-gifts\/\" \/>\n<meta property=\"og:site_name\" content=\"Tiketi.com\" \/>\n<meta property=\"article:publisher\" content=\"https:\/\/www.facebook.com\/TiketiCom\/\" \/>\n<meta property=\"article:modified_time\" content=\"2022-07-12T20:15:02+00:00\" \/>\n<meta property=\"og:image\" content=\"https:\/\/tiketi.com\/wp-content\/uploads\/2022\/02\/gifts-3835455_1280.jpg\" \/>\n\t<meta property=\"og:image:width\" content=\"1200\" \/>\n\t<meta property=\"og:image:height\" content=\"201\" \/>\n\t<meta property=\"og:image:type\" content=\"image\/jpeg\" \/>\n<meta name=\"twitter:card\" content=\"summary_large_image\" \/>\n<meta name=\"twitter:label1\" content=\"Dur\u00e9e de lecture estim\u00e9e\" \/>\n\t<meta name=\"twitter:data1\" content=\"4 minutes\" \/>\n<script type=\"application\/ld+json\" class=\"yoast-schema-graph\">{\"@context\":\"https:\/\/schema.org\",\"@graph\":[{\"@type\":\"WebPage\",\"@id\":\"https:\/\/tiketi.com\/sw\/corporate-christmas-gifts\/\",\"url\":\"https:\/\/tiketi.com\/sw\/corporate-christmas-gifts\/\",\"name\":\"Corporate Christmas Parties and Christmas Gifts\",\"isPartOf\":{\"@id\":\"https:\/\/tiketi.com\/#website\"},\"primaryImageOfPage\":{\"@id\":\"https:\/\/tiketi.com\/sw\/corporate-christmas-gifts\/#primaryimage\"},\"image\":{\"@id\":\"https:\/\/tiketi.com\/sw\/corporate-christmas-gifts\/#primaryimage\"},\"thumbnailUrl\":\"https:\/\/tiketi.com\/wp-content\/uploads\/2022\/02\/gifts-3835455_1280.jpg\",\"datePublished\":\"2022-01-19T11:55:27+00:00\",\"dateModified\":\"2022-07-12T20:15:02+00:00\",\"description\":\"Book events for your co-workers, colleagues and business partners to give them an unforgettable Christmas time \u2013 with Christmas parties and gifts\",\"breadcrumb\":{\"@id\":\"https:\/\/tiketi.com\/sw\/corporate-christmas-gifts\/#breadcrumb\"},\"inLanguage\":\"fr-FR\",\"potentialAction\":[{\"@type\":\"ReadAction\",\"target\":[\"https:\/\/tiketi.com\/sw\/corporate-christmas-gifts\/\"]}]},{\"@type\":\"ImageObject\",\"inLanguage\":\"fr-FR\",\"@id\":\"https:\/\/tiketi.com\/sw\/corporate-christmas-gifts\/#primaryimage\",\"url\":\"https:\/\/tiketi.com\/wp-content\/uploads\/2022\/02\/gifts-3835455_1280.jpg\",\"contentUrl\":\"https:\/\/tiketi.com\/wp-content\/uploads\/2022\/02\/gifts-3835455_1280.jpg\",\"width\":1200,\"height\":201,\"caption\":\"Unforgettable Christmas time \u2013 with Christmas parties and gifts\"},{\"@type\":\"BreadcrumbList\",\"@id\":\"https:\/\/tiketi.com\/sw\/corporate-christmas-gifts\/#breadcrumb\",\"itemListElement\":[{\"@type\":\"ListItem\",\"position\":1,\"name\":\"Home\",\"item\":\"https:\/\/tiketi.com\/\"},{\"@type\":\"ListItem\",\"position\":2,\"name\":\"Corporate Christmas Parties and Christmas Gifts\"}]},{\"@type\":\"WebSite\",\"@id\":\"https:\/\/tiketi.com\/#website\",\"url\":\"https:\/\/tiketi.com\/\",\"name\":\"Flight & Bus Tickets, Tour Packages & Activitites - Tiketi.com\",\"description\":\"Flight &amp; Bus Tickets, Tours, Activitites\",\"publisher\":{\"@id\":\"https:\/\/tiketi.com\/#organization\"},\"potentialAction\":[{\"@type\":\"SearchAction\",\"target\":{\"@type\":\"EntryPoint\",\"urlTemplate\":\"https:\/\/tiketi.com\/?s={search_term_string}\"},\"query-input\":{\"@type\":\"PropertyValueSpecification\",\"valueRequired\":true,\"valueName\":\"search_term_string\"}}],\"inLanguage\":\"fr-FR\"},{\"@type\":\"Organization\",\"@id\":\"https:\/\/tiketi.com\/#organization\",\"name\":\"Tiketi.com\",\"alternateName\":\"Tiketi\",\"url\":\"https:\/\/tiketi.com\/\",\"logo\":{\"@type\":\"ImageObject\",\"inLanguage\":\"fr-FR\",\"@id\":\"https:\/\/tiketi.com\/#\/schema\/logo\/image\/\",\"url\":\"https:\/\/tiketi.com\/wp-content\/uploads\/2019\/05\/tiketi-logo-696.png\",\"contentUrl\":\"https:\/\/tiketi.com\/wp-content\/uploads\/2019\/05\/tiketi-logo-696.png\",\"width\":696,\"height\":696,\"caption\":\"Tiketi.com\"},\"image\":{\"@id\":\"https:\/\/tiketi.com\/#\/schema\/logo\/image\/\"},\"sameAs\":[\"https:\/\/www.facebook.com\/TiketiCom\/\"]}]}<\/script>\n<!-- \/ Yoast SEO plugin. -->","yoast_head_json":{"title":"F\u00eates de No\u00ebl d&#039;entreprise et cadeaux de No\u00ebl","description":"R\u00e9servez des \u00e9v\u00e9nements pour vos collaborateurs, coll\u00e8gues et partenaires commerciaux pour leur offrir un No\u00ebl inoubliable \u2013 avec des f\u00eates et des cadeaux de No\u00ebl","robots":{"index":"index","follow":"follow","max-snippet":"max-snippet:-1","max-image-preview":"max-image-preview:large","max-video-preview":"max-video-preview:-1"},"canonical":"https:\/\/tiketi.com\/fr-fr\/corporate-christmas-gifts\/","og_locale":"fr_FR","og_type":"article","og_title":"Corporate Christmas Parties and Christmas Gifts","og_description":"Book events for your co-workers, colleagues and business partners to give them an unforgettable Christmas time \u2013 with Christmas parties and gifts","og_url":"https:\/\/tiketi.com\/fr-fr\/corporate-christmas-gifts\/","og_site_name":"Tiketi.com","article_publisher":"https:\/\/www.facebook.com\/TiketiCom\/","article_modified_time":"2022-07-12T20:15:02+00:00","og_image":[{"width":1200,"height":201,"url":"https:\/\/tiketi.com\/wp-content\/uploads\/2022\/02\/gifts-3835455_1280.jpg","type":"image\/jpeg"}],"twitter_card":"summary_large_image","twitter_misc":{"Dur\u00e9e de lecture estim\u00e9e":"4 minutes"},"schema":{"@context":"https:\/\/schema.org","@graph":[{"@type":"WebPage","@id":"https:\/\/tiketi.com\/sw\/corporate-christmas-gifts\/","url":"https:\/\/tiketi.com\/sw\/corporate-christmas-gifts\/","name":"F\u00eates de No\u00ebl d&#039;entreprise et cadeaux de No\u00ebl","isPartOf":{"@id":"https:\/\/tiketi.com\/#website"},"primaryImageOfPage":{"@id":"https:\/\/tiketi.com\/sw\/corporate-christmas-gifts\/#primaryimage"},"image":{"@id":"https:\/\/tiketi.com\/sw\/corporate-christmas-gifts\/#primaryimage"},"thumbnailUrl":"https:\/\/tiketi.com\/wp-content\/uploads\/2022\/02\/gifts-3835455_1280.jpg","datePublished":"2022-01-19T11:55:27+00:00","dateModified":"2022-07-12T20:15:02+00:00","description":"R\u00e9servez des \u00e9v\u00e9nements pour vos collaborateurs, coll\u00e8gues et partenaires commerciaux pour leur offrir un No\u00ebl inoubliable \u2013 avec des f\u00eates et des cadeaux de No\u00ebl","breadcrumb":{"@id":"https:\/\/tiketi.com\/sw\/corporate-christmas-gifts\/#breadcrumb"},"inLanguage":"fr-FR","potentialAction":[{"@type":"ReadAction","target":["https:\/\/tiketi.com\/sw\/corporate-christmas-gifts\/"]}]},{"@type":"ImageObject","inLanguage":"fr-FR","@id":"https:\/\/tiketi.com\/sw\/corporate-christmas-gifts\/#primaryimage","url":"https:\/\/tiketi.com\/wp-content\/uploads\/2022\/02\/gifts-3835455_1280.jpg","contentUrl":"https:\/\/tiketi.com\/wp-content\/uploads\/2022\/02\/gifts-3835455_1280.jpg","width":1200,"height":201,"caption":"Unforgettable Christmas time \u2013 with Christmas parties and gifts"},{"@type":"BreadcrumbList","@id":"https:\/\/tiketi.com\/sw\/corporate-christmas-gifts\/#breadcrumb","itemListElement":[{"@type":"ListItem","position":1,"name":"Home","item":"https:\/\/tiketi.com\/"},{"@type":"ListItem","position":2,"name":"Corporate Christmas Parties and Christmas Gifts"}]},{"@type":"WebSite","@id":"https:\/\/tiketi.com\/#website","url":"https:\/\/tiketi.com\/","name":"Billets d&#039;avion et de bus, forfaits touristiques et activit\u00e9s - Tiketi.com","description":"Billets d&#039;avion et de bus, Tours, Activit\u00e9s","publisher":{"@id":"https:\/\/tiketi.com\/#organization"},"potentialAction":[{"@type":"SearchAction","target":{"@type":"EntryPoint","urlTemplate":"https:\/\/tiketi.com\/?s={search_term_string}"},"query-input":{"@type":"PropertyValueSpecification","valueRequired":true,"valueName":"search_term_string"}}],"inLanguage":"fr-FR"},{"@type":"Organization","@id":"https:\/\/tiketi.com\/#organization","name":"Tiketi.com","alternateName":"Tiketi","url":"https:\/\/tiketi.com\/","logo":{"@type":"ImageObject","inLanguage":"fr-FR","@id":"https:\/\/tiketi.com\/#\/schema\/logo\/image\/","url":"https:\/\/tiketi.com\/wp-content\/uploads\/2019\/05\/tiketi-logo-696.png","contentUrl":"https:\/\/tiketi.com\/wp-content\/uploads\/2019\/05\/tiketi-logo-696.png","width":696,"height":696,"caption":"Tiketi.com"},"image":{"@id":"https:\/\/tiketi.com\/#\/schema\/logo\/image\/"},"sameAs":["https:\/\/www.facebook.com\/TiketiCom\/"]}]}},"_links":{"self":[{"href":"https:\/\/tiketi.com\/fr-fr\/wp-json\/wp\/v2\/pages\/11981","targetHints":{"allow":["GET"]}}],"collection":[{"href":"https:\/\/tiketi.com\/fr-fr\/wp-json\/wp\/v2\/pages"}],"about":[{"href":"https:\/\/tiketi.com\/fr-fr\/wp-json\/wp\/v2\/types\/page"}],"author":[{"embeddable":true,"href":"https:\/\/tiketi.com\/fr-fr\/wp-json\/wp\/v2\/users\/1"}],"replies":[{"embeddable":true,"href":"https:\/\/tiketi.com\/fr-fr\/wp-json\/wp\/v2\/comments?post=11981"}],"version-history":[{"count":0,"href":"https:\/\/tiketi.com\/fr-fr\/wp-json\/wp\/v2\/pages\/11981\/revisions"}],"wp:featuredmedia":[{"embeddable":true,"href":"https:\/\/tiketi.com\/fr-fr\/wp-json\/wp\/v2\/media\/18998"}],"wp:attachment":[{"href":"https:\/\/tiketi.com\/fr-fr\/wp-json\/wp\/v2\/media?parent=11981"}],"curies":[{"name":"wp","href":"https:\/\/api.w.org\/{rel}","templated":true}]}}