{"id":11983,"date":"2022-01-19T12:55:27","date_gmt":"2022-01-19T11:55:27","guid":{"rendered":"https:\/\/new.tiketi.com\/tiketi-affiliate\/"},"modified":"2022-07-13T09:47:22","modified_gmt":"2022-07-13T08:47:22","slug":"tiketi-affiliate-program","status":"publish","type":"page","link":"https:\/\/tiketi.com\/fr-fr\/tiketi-affiliate-program\/","title":{"rendered":"Affili\u00e9 Tiketi"},"content":{"rendered":"<h2>Avoir un site web<\/h2>\n<h4>Faites la promotion des forfaits et des attractions de Tiketi.com sur votre application, votre blog ou votre site Web, et gagnez des commissions sur les r\u00e9servations de forfaits touristiques effectu\u00e9es sur Tiketi.com.<\/h4>\n<h4><\/h4>\n<h3>Comprendre l&#039;arrangement du programme de partenaires de voyage de Tiketi.com<\/h3>\n<p>Le programme partenaire de Tiketi.com vous offre une formidable opportunit\u00e9 de toucher des commissions sur chacun des achats de vos clients. Le programme de partenariat permet \u00e0 vos clients d&#039;explorer et de faire des r\u00e9servations sur nos forfaits vacances, circuits, h\u00e9bergements, s\u00e9jours en ville, spas, attractions, courts s\u00e9jours et transferts qui vous donneraient droit \u00e0 une commission pour chaque achat.<\/p>\n<h4><\/h4>\n<h3>Fonctionnalit\u00e9s \u00e9tonnantes du programme d&#039;affiliation<\/h3>\n<p>\u00catre membre du programme d&#039;affiliation est compl\u00e8tement <big>100% gratuit<\/big>. Tiketi.com offre une opportunit\u00e9 remarquable aux \u00e9diteurs qui cherchent \u00e0 enrichir leurs fonctionnalit\u00e9s web. Certains des nombreux avantages que vous pouvez obtenir gr\u00e2ce au programme d&#039;affiliation de Tiketi.com englobent les \u00e9l\u00e9ments suivants\u00a0:<\/p>\n<p>\u2022 Des commissions tr\u00e8s attractives qui seraient vers\u00e9es d\u00e8s la r\u00e9servation effectu\u00e9e<br \/>\n\u2022 Couverture et surveillance en ligne<br \/>\n\u2022 Op\u00e9ration pratique qui vous permet de gagner presque d\u00e8s que vous devenez un membre autoris\u00e9<\/p>\n<p>&nbsp;<\/p>\n<h3>Approche syst\u00e9matique pour commencer<\/h3>\n<p>La premi\u00e8re chose \u00e0 faire est de vous inscrire aupr\u00e8s du <a href=\"mailto:affiliate@tiketi.com?subject=Affiliate%20Program\">r\u00e9seau d&#039;affiliation<\/a>. Apr\u00e8s cela, vous pouvez maintenant affilier le lien qui vous serait fourni \u00e0 votre propre site. La troisi\u00e8me \u00e9tape est celle o\u00f9 vous commencez \u00e0 recevoir une commission pour les diverses demandes de renseignements cr\u00e9\u00e9es par votre site.<\/p>\n<p>Pour plus de d\u00e9tails, contactez affili\u00e9 @ tiketi.com.<\/p>\n<p>&nbsp;<\/p>\n<p><a href=\"mailto:affiliate@tiketi.com?subject=Affiliate%20Program%20\"><\/a><\/p>\n<p>&nbsp;<\/p>","protected":false},"excerpt":{"rendered":"<p>Having a website Promote Tiketi.com packages and attractions&nbsp;on your app, blog or website, and earn commissions on tour package&nbsp;bookings made on Tiketi.com. Understanding the arrangement of Tiketi.com travel partner program The Tiketi.com partner program offers an exciting opportunity for you to make commissions on each of your clients purchase. The partner program allows your clients [&hellip;]<\/p>\n","protected":false},"author":1,"featured_media":20438,"parent":0,"menu_order":0,"comment_status":"open","ping_status":"closed","template":"template-home-modern.php","meta":{"footnotes":""},"class_list":["post-11983","page","type-page","status-publish","has-post-thumbnail","hentry"],"yoast_head":"<!-- This site is optimized with the Yoast SEO plugin v27.2 - https:\/\/yoast.com\/product\/yoast-seo-wordpress\/ -->\n<title>tiketi-affiliate-program<\/title>\n<meta name=\"description\" content=\"The Tiketi.com affiliate program offers an exceptional opportunity to specific sites that are looking to promote Tiketi.com services while making profit.\" \/>\n<meta name=\"robots\" content=\"index, follow, max-snippet:-1, max-image-preview:large, max-video-preview:-1\" \/>\n<link rel=\"canonical\" href=\"https:\/\/tiketi.com\/fr-fr\/tiketi-affiliate-program\/\" \/>\n<meta property=\"og:locale\" content=\"fr_FR\" \/>\n<meta property=\"og:type\" content=\"article\" \/>\n<meta property=\"og:title\" content=\"tiketi-affiliate-program\" \/>\n<meta property=\"og:description\" content=\"The Tiketi.com affiliate program offers an exceptional opportunity to specific sites that are looking to promote Tiketi.com services while making profit.\" \/>\n<meta property=\"og:url\" content=\"https:\/\/tiketi.com\/fr-fr\/tiketi-affiliate-program\/\" \/>\n<meta property=\"og:site_name\" content=\"Tiketi.com\" \/>\n<meta property=\"article:publisher\" content=\"https:\/\/www.facebook.com\/TiketiCom\/\" \/>\n<meta property=\"article:modified_time\" content=\"2022-07-13T08:47:22+00:00\" \/>\n<meta property=\"og:image\" content=\"https:\/\/tiketi.com\/wp-content\/uploads\/2019\/05\/marketing-solutions-kamil-pietrzak-AlA8S9tALAs-.jpg\" \/>\n\t<meta property=\"og:image:width\" content=\"1200\" \/>\n\t<meta property=\"og:image:height\" content=\"200\" \/>\n\t<meta property=\"og:image:type\" content=\"image\/jpeg\" \/>\n<meta name=\"twitter:card\" content=\"summary_large_image\" \/>\n<meta name=\"twitter:label1\" content=\"Dur\u00e9e de lecture estim\u00e9e\" \/>\n\t<meta name=\"twitter:data1\" content=\"2 minutes\" \/>\n<script type=\"application\/ld+json\" class=\"yoast-schema-graph\">{\"@context\":\"https:\/\/schema.org\",\"@graph\":[{\"@type\":\"WebPage\",\"@id\":\"https:\/\/tiketi.com\/sw\/tiketi-affiliate-program\/\",\"url\":\"https:\/\/tiketi.com\/sw\/tiketi-affiliate-program\/\",\"name\":\"tiketi-affiliate-program\",\"isPartOf\":{\"@id\":\"https:\/\/tiketi.com\/#website\"},\"primaryImageOfPage\":{\"@id\":\"https:\/\/tiketi.com\/sw\/tiketi-affiliate-program\/#primaryimage\"},\"image\":{\"@id\":\"https:\/\/tiketi.com\/sw\/tiketi-affiliate-program\/#primaryimage\"},\"thumbnailUrl\":\"https:\/\/tiketi.com\/wp-content\/uploads\/2019\/05\/marketing-solutions-kamil-pietrzak-AlA8S9tALAs-.jpg\",\"datePublished\":\"2022-01-19T11:55:27+00:00\",\"dateModified\":\"2022-07-13T08:47:22+00:00\",\"description\":\"The Tiketi.com affiliate program offers an exceptional opportunity to specific sites that are looking to promote Tiketi.com services while making profit.\",\"breadcrumb\":{\"@id\":\"https:\/\/tiketi.com\/sw\/tiketi-affiliate-program\/#breadcrumb\"},\"inLanguage\":\"fr-FR\",\"potentialAction\":[{\"@type\":\"ReadAction\",\"target\":[\"https:\/\/tiketi.com\/sw\/tiketi-affiliate-program\/\"]}]},{\"@type\":\"ImageObject\",\"inLanguage\":\"fr-FR\",\"@id\":\"https:\/\/tiketi.com\/sw\/tiketi-affiliate-program\/#primaryimage\",\"url\":\"https:\/\/tiketi.com\/wp-content\/uploads\/2019\/05\/marketing-solutions-kamil-pietrzak-AlA8S9tALAs-.jpg\",\"contentUrl\":\"https:\/\/tiketi.com\/wp-content\/uploads\/2019\/05\/marketing-solutions-kamil-pietrzak-AlA8S9tALAs-.jpg\",\"width\":1200,\"height\":200,\"caption\":\"Marketing Solutions\"},{\"@type\":\"BreadcrumbList\",\"@id\":\"https:\/\/tiketi.com\/sw\/tiketi-affiliate-program\/#breadcrumb\",\"itemListElement\":[{\"@type\":\"ListItem\",\"position\":1,\"name\":\"Home\",\"item\":\"https:\/\/tiketi.com\/\"},{\"@type\":\"ListItem\",\"position\":2,\"name\":\"Tiketi Affiliate\"}]},{\"@type\":\"WebSite\",\"@id\":\"https:\/\/tiketi.com\/#website\",\"url\":\"https:\/\/tiketi.com\/\",\"name\":\"Flight & Bus Tickets, Tour Packages & Activitites - Tiketi.com\",\"description\":\"Flight &amp; Bus Tickets, Tours, Activitites\",\"publisher\":{\"@id\":\"https:\/\/tiketi.com\/#organization\"},\"potentialAction\":[{\"@type\":\"SearchAction\",\"target\":{\"@type\":\"EntryPoint\",\"urlTemplate\":\"https:\/\/tiketi.com\/?s={search_term_string}\"},\"query-input\":{\"@type\":\"PropertyValueSpecification\",\"valueRequired\":true,\"valueName\":\"search_term_string\"}}],\"inLanguage\":\"fr-FR\"},{\"@type\":\"Organization\",\"@id\":\"https:\/\/tiketi.com\/#organization\",\"name\":\"Tiketi.com\",\"alternateName\":\"Tiketi\",\"url\":\"https:\/\/tiketi.com\/\",\"logo\":{\"@type\":\"ImageObject\",\"inLanguage\":\"fr-FR\",\"@id\":\"https:\/\/tiketi.com\/#\/schema\/logo\/image\/\",\"url\":\"https:\/\/tiketi.com\/wp-content\/uploads\/2019\/05\/tiketi-logo-696.png\",\"contentUrl\":\"https:\/\/tiketi.com\/wp-content\/uploads\/2019\/05\/tiketi-logo-696.png\",\"width\":696,\"height\":696,\"caption\":\"Tiketi.com\"},\"image\":{\"@id\":\"https:\/\/tiketi.com\/#\/schema\/logo\/image\/\"},\"sameAs\":[\"https:\/\/www.facebook.com\/TiketiCom\/\"]}]}<\/script>\n<!-- \/ Yoast SEO plugin. -->","yoast_head_json":{"title":"programme-daffiliation-tiketi","description":"Le programme d&#039;affiliation de Tiketi.com offre une opportunit\u00e9 exceptionnelle \u00e0 des sites sp\u00e9cifiques qui cherchent \u00e0 promouvoir les services de Tiketi.com tout en r\u00e9alisant des b\u00e9n\u00e9fices.","robots":{"index":"index","follow":"follow","max-snippet":"max-snippet:-1","max-image-preview":"max-image-preview:large","max-video-preview":"max-video-preview:-1"},"canonical":"https:\/\/tiketi.com\/fr-fr\/tiketi-affiliate-program\/","og_locale":"fr_FR","og_type":"article","og_title":"tiketi-affiliate-program","og_description":"The Tiketi.com affiliate program offers an exceptional opportunity to specific sites that are looking to promote Tiketi.com services while making profit.","og_url":"https:\/\/tiketi.com\/fr-fr\/tiketi-affiliate-program\/","og_site_name":"Tiketi.com","article_publisher":"https:\/\/www.facebook.com\/TiketiCom\/","article_modified_time":"2022-07-13T08:47:22+00:00","og_image":[{"width":1200,"height":200,"url":"https:\/\/tiketi.com\/wp-content\/uploads\/2019\/05\/marketing-solutions-kamil-pietrzak-AlA8S9tALAs-.jpg","type":"image\/jpeg"}],"twitter_card":"summary_large_image","twitter_misc":{"Dur\u00e9e de lecture estim\u00e9e":"2 minutes"},"schema":{"@context":"https:\/\/schema.org","@graph":[{"@type":"WebPage","@id":"https:\/\/tiketi.com\/sw\/tiketi-affiliate-program\/","url":"https:\/\/tiketi.com\/sw\/tiketi-affiliate-program\/","name":"programme-daffiliation-tiketi","isPartOf":{"@id":"https:\/\/tiketi.com\/#website"},"primaryImageOfPage":{"@id":"https:\/\/tiketi.com\/sw\/tiketi-affiliate-program\/#primaryimage"},"image":{"@id":"https:\/\/tiketi.com\/sw\/tiketi-affiliate-program\/#primaryimage"},"thumbnailUrl":"https:\/\/tiketi.com\/wp-content\/uploads\/2019\/05\/marketing-solutions-kamil-pietrzak-AlA8S9tALAs-.jpg","datePublished":"2022-01-19T11:55:27+00:00","dateModified":"2022-07-13T08:47:22+00:00","description":"Le programme d&#039;affiliation de Tiketi.com offre une opportunit\u00e9 exceptionnelle \u00e0 des sites sp\u00e9cifiques qui cherchent \u00e0 promouvoir les services de Tiketi.com tout en r\u00e9alisant des b\u00e9n\u00e9fices.","breadcrumb":{"@id":"https:\/\/tiketi.com\/sw\/tiketi-affiliate-program\/#breadcrumb"},"inLanguage":"fr-FR","potentialAction":[{"@type":"ReadAction","target":["https:\/\/tiketi.com\/sw\/tiketi-affiliate-program\/"]}]},{"@type":"ImageObject","inLanguage":"fr-FR","@id":"https:\/\/tiketi.com\/sw\/tiketi-affiliate-program\/#primaryimage","url":"https:\/\/tiketi.com\/wp-content\/uploads\/2019\/05\/marketing-solutions-kamil-pietrzak-AlA8S9tALAs-.jpg","contentUrl":"https:\/\/tiketi.com\/wp-content\/uploads\/2019\/05\/marketing-solutions-kamil-pietrzak-AlA8S9tALAs-.jpg","width":1200,"height":200,"caption":"Marketing Solutions"},{"@type":"BreadcrumbList","@id":"https:\/\/tiketi.com\/sw\/tiketi-affiliate-program\/#breadcrumb","itemListElement":[{"@type":"ListItem","position":1,"name":"Home","item":"https:\/\/tiketi.com\/"},{"@type":"ListItem","position":2,"name":"Tiketi Affiliate"}]},{"@type":"WebSite","@id":"https:\/\/tiketi.com\/#website","url":"https:\/\/tiketi.com\/","name":"Billets d&#039;avion et de bus, forfaits touristiques et activit\u00e9s - Tiketi.com","description":"Billets d&#039;avion et de bus, Tours, Activit\u00e9s","publisher":{"@id":"https:\/\/tiketi.com\/#organization"},"potentialAction":[{"@type":"SearchAction","target":{"@type":"EntryPoint","urlTemplate":"https:\/\/tiketi.com\/?s={search_term_string}"},"query-input":{"@type":"PropertyValueSpecification","valueRequired":true,"valueName":"search_term_string"}}],"inLanguage":"fr-FR"},{"@type":"Organization","@id":"https:\/\/tiketi.com\/#organization","name":"Tiketi.com","alternateName":"Tiketi","url":"https:\/\/tiketi.com\/","logo":{"@type":"ImageObject","inLanguage":"fr-FR","@id":"https:\/\/tiketi.com\/#\/schema\/logo\/image\/","url":"https:\/\/tiketi.com\/wp-content\/uploads\/2019\/05\/tiketi-logo-696.png","contentUrl":"https:\/\/tiketi.com\/wp-content\/uploads\/2019\/05\/tiketi-logo-696.png","width":696,"height":696,"caption":"Tiketi.com"},"image":{"@id":"https:\/\/tiketi.com\/#\/schema\/logo\/image\/"},"sameAs":["https:\/\/www.facebook.com\/TiketiCom\/"]}]}},"_links":{"self":[{"href":"https:\/\/tiketi.com\/fr-fr\/wp-json\/wp\/v2\/pages\/11983","targetHints":{"allow":["GET"]}}],"collection":[{"href":"https:\/\/tiketi.com\/fr-fr\/wp-json\/wp\/v2\/pages"}],"about":[{"href":"https:\/\/tiketi.com\/fr-fr\/wp-json\/wp\/v2\/types\/page"}],"author":[{"embeddable":true,"href":"https:\/\/tiketi.com\/fr-fr\/wp-json\/wp\/v2\/users\/1"}],"replies":[{"embeddable":true,"href":"https:\/\/tiketi.com\/fr-fr\/wp-json\/wp\/v2\/comments?post=11983"}],"version-history":[{"count":0,"href":"https:\/\/tiketi.com\/fr-fr\/wp-json\/wp\/v2\/pages\/11983\/revisions"}],"wp:featuredmedia":[{"embeddable":true,"href":"https:\/\/tiketi.com\/fr-fr\/wp-json\/wp\/v2\/media\/20438"}],"wp:attachment":[{"href":"https:\/\/tiketi.com\/fr-fr\/wp-json\/wp\/v2\/media?parent=11983"}],"curies":[{"name":"wp","href":"https:\/\/api.w.org\/{rel}","templated":true}]}}