{"id":11986,"date":"2022-01-19T12:55:27","date_gmt":"2022-01-19T11:55:27","guid":{"rendered":"https:\/\/new.tiketi.com\/supplier-faqs\/"},"modified":"2022-06-21T12:56:18","modified_gmt":"2022-06-21T11:56:18","slug":"supplier-faqs","status":"publish","type":"page","link":"https:\/\/tiketi.com\/fr-fr\/supplier-faqs\/","title":{"rendered":"FAQ des fournisseurs"},"content":{"rendered":"<h3>Tiketi.com peut vous aider \u00e0 d\u00e9velopper votre entreprise<\/h3>\n<p>Si vous \u00eates quelqu&#039;un qui poss\u00e8de ou g\u00e8re un h\u00f4tel ou d&#039;autres services li\u00e9s \u00e0<br \/>\ndes voyages comme des circuits, des activit\u00e9s, des excursions, des attractions ou des transferts que vous aimeriez voir figurer sur notre march\u00e9 du voyage, alors chez Tiketi.com, nous pouvons vous aider \u00e0 d\u00e9velopper votre entreprise.<\/p>\n<h3>1. Qu&#039;est-ce que le programme partenaire de Tiketi.com ?<\/h3>\n<p>Tiketi.com s&#039;associe \u00e0 des prestataires de services de voyage et propose des produits et services de voyage aux clients enregistr\u00e9s sur Tiketi.com.<\/p>\n<h3>2. Qui est \u00e9ligible au programme partenaire de Tiketi.com ?<\/h3>\n<p>Les prestataires de services de voyage stables et exp\u00e9riment\u00e9s qui fournissent des services nationaux et\/ou internationaux \u00e0 des clients et\/ou des partenaires commerciaux et qui disposent d&#039;un personnel ad\u00e9quat au service des clients finaux peuvent rejoindre notre programme de partenariat Tiketi.com.<\/p>\n<h3>3. Y a-t-il des frais requis pour s&#039;inscrire sur Tiketi.com en tant que partenaire ?<\/h3>\n<p>Non, c&#039;est totalement gratuit. Il n&#039;y a pas de frais d&#039;inscription.<\/p>\n<h3>4. Quel est le mod\u00e8le \u00e9conomique de Tiketi.com ?<\/h3>\n<p>Tout d&#039;abord, inscrivez-vous puis acceptez les conditions g\u00e9n\u00e9rales pour pouvoir acc\u00e9der \u00e0 la plateforme en ligne de Tiketi.com. En continuant, vous acceptez \u00e9galement que Tiketi.com vous envoie un e-mail concernant l&#039;enregistrement de votre entreprise. Apr\u00e8s avoir soumis tous les d\u00e9tails de votre produit sur notre plateforme, notre \u00e9quipe d&#039;assurance qualit\u00e9 examinera ensuite tous les d\u00e9tails que vous avez soumis, puis mettra votre produit en ligne sur Tiketi.com pour que les clients puissent le r\u00e9server. Sur chaque vente de votre produit ou service, Tiketi.com vous pr\u00e9l\u00e8vera une commission. Pour plus de d\u00e9tails sur le mod\u00e8le \u00e9conomique de Tiketi.com, contactez-nous au +49 30 23 98 24 80 ou envoyez-nous un email \u00e0 supplier@tiketi.com.<\/p>","protected":false},"excerpt":{"rendered":"<p>Tiketi.com can help you grow your business If you are someone who owns or manages a hotel or other services related to travel like tours, activities, excursions, attractions\u00a0or transfers, which you would like to be featured in our travel marketplace, then we at Tiketi.com can help you grow your business. 1. What is Tiketi.com\u2018s partner [&hellip;]<\/p>\n","protected":false},"author":1,"featured_media":20438,"parent":0,"menu_order":0,"comment_status":"open","ping_status":"closed","template":"","meta":{"footnotes":""},"class_list":["post-11986","page","type-page","status-publish","has-post-thumbnail","hentry"],"yoast_head":"<!-- This site is optimized with the Yoast SEO plugin v27.3 - https:\/\/yoast.com\/product\/yoast-seo-wordpress\/ -->\n<title>Supplier FAQs<\/title>\n<meta name=\"description\" content=\"Supplier\" \/>\n<meta name=\"robots\" content=\"index, follow, max-snippet:-1, max-image-preview:large, max-video-preview:-1\" \/>\n<link rel=\"canonical\" href=\"https:\/\/tiketi.com\/fr-fr\/supplier-faqs\/\" \/>\n<meta property=\"og:locale\" content=\"fr_FR\" \/>\n<meta property=\"og:type\" content=\"article\" \/>\n<meta property=\"og:title\" content=\"Supplier FAQs\" \/>\n<meta property=\"og:description\" content=\"Supplier\" \/>\n<meta property=\"og:url\" content=\"https:\/\/tiketi.com\/fr-fr\/supplier-faqs\/\" \/>\n<meta property=\"og:site_name\" content=\"Tiketi.com\" \/>\n<meta property=\"article:publisher\" content=\"https:\/\/www.facebook.com\/TiketiCom\/\" \/>\n<meta property=\"article:modified_time\" content=\"2022-06-21T11:56:18+00:00\" \/>\n<meta property=\"og:image\" content=\"https:\/\/tiketi.com\/wp-content\/uploads\/2019\/05\/marketing-solutions-kamil-pietrzak-AlA8S9tALAs-.jpg\" \/>\n\t<meta property=\"og:image:width\" content=\"1200\" \/>\n\t<meta property=\"og:image:height\" content=\"200\" \/>\n\t<meta property=\"og:image:type\" content=\"image\/jpeg\" \/>\n<meta name=\"twitter:card\" content=\"summary_large_image\" \/>\n<meta name=\"twitter:label1\" content=\"Dur\u00e9e de lecture estim\u00e9e\" \/>\n\t<meta name=\"twitter:data1\" content=\"2 minutes\" \/>\n<script type=\"application\/ld+json\" class=\"yoast-schema-graph\">{\"@context\":\"https:\\\/\\\/schema.org\",\"@graph\":[{\"@type\":\"WebPage\",\"@id\":\"https:\\\/\\\/tiketi.com\\\/supplier-faqs\\\/\",\"url\":\"https:\\\/\\\/tiketi.com\\\/supplier-faqs\\\/\",\"name\":\"Supplier FAQs\",\"isPartOf\":{\"@id\":\"https:\\\/\\\/tiketi.com\\\/#website\"},\"primaryImageOfPage\":{\"@id\":\"https:\\\/\\\/tiketi.com\\\/supplier-faqs\\\/#primaryimage\"},\"image\":{\"@id\":\"https:\\\/\\\/tiketi.com\\\/supplier-faqs\\\/#primaryimage\"},\"thumbnailUrl\":\"https:\\\/\\\/tiketi.com\\\/wp-content\\\/uploads\\\/2019\\\/05\\\/marketing-solutions-kamil-pietrzak-AlA8S9tALAs-.jpg\",\"datePublished\":\"2022-01-19T11:55:27+00:00\",\"dateModified\":\"2022-06-21T11:56:18+00:00\",\"description\":\"Supplier\",\"breadcrumb\":{\"@id\":\"https:\\\/\\\/tiketi.com\\\/supplier-faqs\\\/#breadcrumb\"},\"inLanguage\":\"fr-FR\",\"potentialAction\":[{\"@type\":\"ReadAction\",\"target\":[\"https:\\\/\\\/tiketi.com\\\/supplier-faqs\\\/\"]}]},{\"@type\":\"ImageObject\",\"inLanguage\":\"fr-FR\",\"@id\":\"https:\\\/\\\/tiketi.com\\\/supplier-faqs\\\/#primaryimage\",\"url\":\"https:\\\/\\\/tiketi.com\\\/wp-content\\\/uploads\\\/2019\\\/05\\\/marketing-solutions-kamil-pietrzak-AlA8S9tALAs-.jpg\",\"contentUrl\":\"https:\\\/\\\/tiketi.com\\\/wp-content\\\/uploads\\\/2019\\\/05\\\/marketing-solutions-kamil-pietrzak-AlA8S9tALAs-.jpg\",\"width\":1200,\"height\":200,\"caption\":\"Marketing Solutions\"},{\"@type\":\"BreadcrumbList\",\"@id\":\"https:\\\/\\\/tiketi.com\\\/supplier-faqs\\\/#breadcrumb\",\"itemListElement\":[{\"@type\":\"ListItem\",\"position\":1,\"name\":\"Home\",\"item\":\"https:\\\/\\\/tiketi.com\\\/\"},{\"@type\":\"ListItem\",\"position\":2,\"name\":\"Supplier FAQs\"}]},{\"@type\":\"WebSite\",\"@id\":\"https:\\\/\\\/tiketi.com\\\/#website\",\"url\":\"https:\\\/\\\/tiketi.com\\\/\",\"name\":\"Flight & Bus Tickets, Tour Packages & Activitites - Tiketi.com\",\"description\":\"Flight &amp; Bus Tickets, Tours, Activitites\",\"publisher\":{\"@id\":\"https:\\\/\\\/tiketi.com\\\/#organization\"},\"potentialAction\":[{\"@type\":\"SearchAction\",\"target\":{\"@type\":\"EntryPoint\",\"urlTemplate\":\"https:\\\/\\\/tiketi.com\\\/?s={search_term_string}\"},\"query-input\":{\"@type\":\"PropertyValueSpecification\",\"valueRequired\":true,\"valueName\":\"search_term_string\"}}],\"inLanguage\":\"fr-FR\"},{\"@type\":\"Organization\",\"@id\":\"https:\\\/\\\/tiketi.com\\\/#organization\",\"name\":\"Tiketi.com\",\"alternateName\":\"Tiketi\",\"url\":\"https:\\\/\\\/tiketi.com\\\/\",\"logo\":{\"@type\":\"ImageObject\",\"inLanguage\":\"fr-FR\",\"@id\":\"https:\\\/\\\/tiketi.com\\\/#\\\/schema\\\/logo\\\/image\\\/\",\"url\":\"https:\\\/\\\/tiketi.com\\\/wp-content\\\/uploads\\\/2019\\\/05\\\/tiketi-logo-696.png\",\"contentUrl\":\"https:\\\/\\\/tiketi.com\\\/wp-content\\\/uploads\\\/2019\\\/05\\\/tiketi-logo-696.png\",\"width\":696,\"height\":696,\"caption\":\"Tiketi.com\"},\"image\":{\"@id\":\"https:\\\/\\\/tiketi.com\\\/#\\\/schema\\\/logo\\\/image\\\/\"},\"sameAs\":[\"https:\\\/\\\/www.facebook.com\\\/TiketiCom\\\/\"]}]}<\/script>\n<!-- \/ Yoast SEO plugin. -->","yoast_head_json":{"title":"FAQ des fournisseurs","description":"Fournisseur","robots":{"index":"index","follow":"follow","max-snippet":"max-snippet:-1","max-image-preview":"max-image-preview:large","max-video-preview":"max-video-preview:-1"},"canonical":"https:\/\/tiketi.com\/fr-fr\/supplier-faqs\/","og_locale":"fr_FR","og_type":"article","og_title":"Supplier FAQs","og_description":"Supplier","og_url":"https:\/\/tiketi.com\/fr-fr\/supplier-faqs\/","og_site_name":"Tiketi.com","article_publisher":"https:\/\/www.facebook.com\/TiketiCom\/","article_modified_time":"2022-06-21T11:56:18+00:00","og_image":[{"width":1200,"height":200,"url":"https:\/\/tiketi.com\/wp-content\/uploads\/2019\/05\/marketing-solutions-kamil-pietrzak-AlA8S9tALAs-.jpg","type":"image\/jpeg"}],"twitter_card":"summary_large_image","twitter_misc":{"Dur\u00e9e de lecture estim\u00e9e":"2 minutes"},"schema":{"@context":"https:\/\/schema.org","@graph":[{"@type":"WebPage","@id":"https:\/\/tiketi.com\/supplier-faqs\/","url":"https:\/\/tiketi.com\/supplier-faqs\/","name":"FAQ des fournisseurs","isPartOf":{"@id":"https:\/\/tiketi.com\/#website"},"primaryImageOfPage":{"@id":"https:\/\/tiketi.com\/supplier-faqs\/#primaryimage"},"image":{"@id":"https:\/\/tiketi.com\/supplier-faqs\/#primaryimage"},"thumbnailUrl":"https:\/\/tiketi.com\/wp-content\/uploads\/2019\/05\/marketing-solutions-kamil-pietrzak-AlA8S9tALAs-.jpg","datePublished":"2022-01-19T11:55:27+00:00","dateModified":"2022-06-21T11:56:18+00:00","description":"Fournisseur","breadcrumb":{"@id":"https:\/\/tiketi.com\/supplier-faqs\/#breadcrumb"},"inLanguage":"fr-FR","potentialAction":[{"@type":"ReadAction","target":["https:\/\/tiketi.com\/supplier-faqs\/"]}]},{"@type":"ImageObject","inLanguage":"fr-FR","@id":"https:\/\/tiketi.com\/supplier-faqs\/#primaryimage","url":"https:\/\/tiketi.com\/wp-content\/uploads\/2019\/05\/marketing-solutions-kamil-pietrzak-AlA8S9tALAs-.jpg","contentUrl":"https:\/\/tiketi.com\/wp-content\/uploads\/2019\/05\/marketing-solutions-kamil-pietrzak-AlA8S9tALAs-.jpg","width":1200,"height":200,"caption":"Marketing Solutions"},{"@type":"BreadcrumbList","@id":"https:\/\/tiketi.com\/supplier-faqs\/#breadcrumb","itemListElement":[{"@type":"ListItem","position":1,"name":"Home","item":"https:\/\/tiketi.com\/"},{"@type":"ListItem","position":2,"name":"Supplier FAQs"}]},{"@type":"WebSite","@id":"https:\/\/tiketi.com\/#website","url":"https:\/\/tiketi.com\/","name":"Billets d&#039;avion et de bus, forfaits touristiques et activit\u00e9s - Tiketi.com","description":"Billets d&#039;avion et de bus, Tours, Activit\u00e9s","publisher":{"@id":"https:\/\/tiketi.com\/#organization"},"potentialAction":[{"@type":"SearchAction","target":{"@type":"EntryPoint","urlTemplate":"https:\/\/tiketi.com\/?s={search_term_string}"},"query-input":{"@type":"PropertyValueSpecification","valueRequired":true,"valueName":"search_term_string"}}],"inLanguage":"fr-FR"},{"@type":"Organization","@id":"https:\/\/tiketi.com\/#organization","name":"Tiketi.com","alternateName":"Tiketi","url":"https:\/\/tiketi.com\/","logo":{"@type":"ImageObject","inLanguage":"fr-FR","@id":"https:\/\/tiketi.com\/#\/schema\/logo\/image\/","url":"https:\/\/tiketi.com\/wp-content\/uploads\/2019\/05\/tiketi-logo-696.png","contentUrl":"https:\/\/tiketi.com\/wp-content\/uploads\/2019\/05\/tiketi-logo-696.png","width":696,"height":696,"caption":"Tiketi.com"},"image":{"@id":"https:\/\/tiketi.com\/#\/schema\/logo\/image\/"},"sameAs":["https:\/\/www.facebook.com\/TiketiCom\/"]}]}},"_links":{"self":[{"href":"https:\/\/tiketi.com\/fr-fr\/wp-json\/wp\/v2\/pages\/11986","targetHints":{"allow":["GET"]}}],"collection":[{"href":"https:\/\/tiketi.com\/fr-fr\/wp-json\/wp\/v2\/pages"}],"about":[{"href":"https:\/\/tiketi.com\/fr-fr\/wp-json\/wp\/v2\/types\/page"}],"author":[{"embeddable":true,"href":"https:\/\/tiketi.com\/fr-fr\/wp-json\/wp\/v2\/users\/1"}],"replies":[{"embeddable":true,"href":"https:\/\/tiketi.com\/fr-fr\/wp-json\/wp\/v2\/comments?post=11986"}],"version-history":[{"count":0,"href":"https:\/\/tiketi.com\/fr-fr\/wp-json\/wp\/v2\/pages\/11986\/revisions"}],"wp:featuredmedia":[{"embeddable":true,"href":"https:\/\/tiketi.com\/fr-fr\/wp-json\/wp\/v2\/media\/20438"}],"wp:attachment":[{"href":"https:\/\/tiketi.com\/fr-fr\/wp-json\/wp\/v2\/media?parent=11986"}],"curies":[{"name":"wp","href":"https:\/\/api.w.org\/{rel}","templated":true}]}}