{"id":11991,"date":"2022-01-19T12:55:29","date_gmt":"2022-01-19T11:55:29","guid":{"rendered":"https:\/\/new.tiketi.com\/download-app\/"},"modified":"2023-11-17T12:10:29","modified_gmt":"2023-11-17T11:10:29","slug":"download-tiketi-app","status":"publish","type":"page","link":"https:\/\/tiketi.com\/fr-fr\/download-tiketi-app\/","title":{"rendered":"T\u00e9l\u00e9charger l&#039;application Tiketi"},"content":{"rendered":"<div class=\"wpb-content-wrapper\"><div class=\"vc_row wpb_row st bg-holder\"><div class='container'><div class='row'>\n\t<div class=\"wpb_column column_container col-md-12\"><div class=\"vc_column-inner wpb_wrapper\">\n\t\t\t\n\t<div class=\"wpb_text_column wpb_content_element\" >\n\t\t<div class=\"wpb_wrapper\">\n\t\t\t<h2>Application Tiketi.com<\/h2>\n<p>R\u00e9servez tout votre voyage dans une seule application \u2013 t\u00e9l\u00e9chargez l&#039;application Tiketi.<\/p>\n<h4>T\u00e9l\u00e9chargez GRATUITEMENT l&#039;application mobile Tiketi pour d\u00e9bloquer des offres de voyage exclusives et des offres sp\u00e9ciales !<\/h4>\n<p>Recherchez et r\u00e9servez des forfaits vacances, des billets d&#039;avion, de bus et d&#039;activit\u00e9s \u00e0 tout moment et n&#039;importe o\u00f9.<\/p>\n<p><a href=\"https:\/\/play.google.com\/store\/apps\/details?id=com.tiketi&amp;hl=de&amp;pli=1\"><img loading=\"lazy\" decoding=\"async\" class=\"alignnone wp-image-27218\" src=\"https:\/\/tiketi.com\/wp-content\/uploads\/2023\/03\/download-tiketi-app-android.jpg\" alt=\"Application Android Tiketi\" width=\"220\" height=\"77\" srcset=\"https:\/\/tiketi.com\/wp-content\/uploads\/2023\/03\/download-tiketi-app-android.jpg 296w, https:\/\/tiketi.com\/wp-content\/uploads\/2023\/03\/download-tiketi-app-android-768x269.jpg 768w, https:\/\/tiketi.com\/wp-content\/uploads\/2023\/03\/download-tiketi-app-android-600x210.jpg 600w\" sizes=\"auto, (max-width: 220px) 100vw, 220px\" \/><\/a><\/p>\n<h3>L&#039;application iOS sera bient\u00f4t lanc\u00e9e\u00a0!<\/h3>\n<p><a href=\"https:\/\/tiketi.com\/wp-content\/uploads\/2023\/03\/download-tiketi-app-ios.jpg\"><img loading=\"lazy\" decoding=\"async\" class=\"alignnone wp-image-27225\" src=\"https:\/\/tiketi.com\/wp-content\/uploads\/2023\/03\/download-tiketi-app-ios.jpg\" alt=\"T\u00e9l\u00e9chargez l&#039;application Tiketi sur l&#039;App Store\" width=\"220\" height=\"77\" srcset=\"https:\/\/tiketi.com\/wp-content\/uploads\/2023\/03\/download-tiketi-app-ios.jpg 296w, https:\/\/tiketi.com\/wp-content\/uploads\/2023\/03\/download-tiketi-app-ios-768x269.jpg 768w, https:\/\/tiketi.com\/wp-content\/uploads\/2023\/03\/download-tiketi-app-ios-600x210.jpg 600w\" sizes=\"auto, (max-width: 220px) 100vw, 220px\" \/><\/a><\/p>\n\n\t\t<\/div>\n\t<\/div>\n<\/div>\n\t<\/div> \n<\/div><!--End .row--><\/div><!--End .container--><\/div>\n<\/div>","protected":false},"excerpt":{"rendered":"Tiketi.com App Book your whole trip in one app\u00a0 - get the Tiketi app. Download the FREE mobile Tiketi app to unlock exclusive travel deals and special offers! Search and book holiday packages, flight, bus and activity tickets anytime and anywhere. iOS app is launching soon!","protected":false},"author":1,"featured_media":19675,"parent":0,"menu_order":0,"comment_status":"open","ping_status":"closed","template":"template-home-modern.php","meta":{"footnotes":""},"class_list":["post-11991","page","type-page","status-publish","has-post-thumbnail","hentry"],"yoast_head":"<!-- This site is optimized with the Yoast SEO plugin v27.4 - https:\/\/yoast.com\/product\/yoast-seo-wordpress\/ -->\n<title>Download App<\/title>\n<meta name=\"description\" content=\"This app lets you find the best deals on tours, activities, things to do, and packages in Dubai and Africa anytime\" \/>\n<meta name=\"robots\" content=\"index, follow, max-snippet:-1, max-image-preview:large, max-video-preview:-1\" \/>\n<link rel=\"canonical\" href=\"https:\/\/tiketi.com\/fr-fr\/download-tiketi-app\/\" \/>\n<meta property=\"og:locale\" content=\"fr_FR\" \/>\n<meta property=\"og:type\" content=\"article\" \/>\n<meta property=\"og:title\" content=\"Download App\" \/>\n<meta property=\"og:description\" content=\"This app lets you find the best deals on tours, activities, things to do, and packages in Dubai and Africa anytime\" \/>\n<meta property=\"og:url\" content=\"https:\/\/tiketi.com\/fr-fr\/download-tiketi-app\/\" \/>\n<meta property=\"og:site_name\" content=\"Tiketi.com\" \/>\n<meta property=\"article:publisher\" content=\"https:\/\/www.facebook.com\/TiketiCom\/\" \/>\n<meta property=\"article:modified_time\" content=\"2023-11-17T11:10:29+00:00\" \/>\n<meta property=\"og:image\" content=\"https:\/\/tiketi.com\/wp-content\/uploads\/2019\/05\/data-packages-2029825_1280.jpg\" \/>\n\t<meta property=\"og:image:width\" content=\"1200\" \/>\n\t<meta property=\"og:image:height\" content=\"200\" \/>\n\t<meta property=\"og:image:type\" content=\"image\/jpeg\" \/>\n<meta name=\"twitter:card\" content=\"summary_large_image\" \/>\n<meta name=\"twitter:label1\" content=\"Dur\u00e9e de lecture estim\u00e9e\" \/>\n\t<meta name=\"twitter:data1\" content=\"1 minute\" \/>\n<script type=\"application\/ld+json\" class=\"yoast-schema-graph\">{\"@context\":\"https:\\\/\\\/schema.org\",\"@graph\":[{\"@type\":\"WebPage\",\"@id\":\"https:\\\/\\\/tiketi.com\\\/download-tiketi-app\\\/\",\"url\":\"https:\\\/\\\/tiketi.com\\\/download-tiketi-app\\\/\",\"name\":\"Download App\",\"isPartOf\":{\"@id\":\"https:\\\/\\\/tiketi.com\\\/#website\"},\"primaryImageOfPage\":{\"@id\":\"https:\\\/\\\/tiketi.com\\\/download-tiketi-app\\\/#primaryimage\"},\"image\":{\"@id\":\"https:\\\/\\\/tiketi.com\\\/download-tiketi-app\\\/#primaryimage\"},\"thumbnailUrl\":\"https:\\\/\\\/tiketi.com\\\/wp-content\\\/uploads\\\/2019\\\/05\\\/data-packages-2029825_1280.jpg\",\"datePublished\":\"2022-01-19T11:55:29+00:00\",\"dateModified\":\"2023-11-17T11:10:29+00:00\",\"description\":\"This app lets you find the best deals on tours, activities, things to do, and packages in Dubai and Africa anytime\",\"breadcrumb\":{\"@id\":\"https:\\\/\\\/tiketi.com\\\/download-tiketi-app\\\/#breadcrumb\"},\"inLanguage\":\"fr-FR\",\"potentialAction\":[{\"@type\":\"ReadAction\",\"target\":[\"https:\\\/\\\/tiketi.com\\\/download-tiketi-app\\\/\"]}]},{\"@type\":\"ImageObject\",\"inLanguage\":\"fr-FR\",\"@id\":\"https:\\\/\\\/tiketi.com\\\/download-tiketi-app\\\/#primaryimage\",\"url\":\"https:\\\/\\\/tiketi.com\\\/wp-content\\\/uploads\\\/2019\\\/05\\\/data-packages-2029825_1280.jpg\",\"contentUrl\":\"https:\\\/\\\/tiketi.com\\\/wp-content\\\/uploads\\\/2019\\\/05\\\/data-packages-2029825_1280.jpg\",\"width\":1200,\"height\":200,\"caption\":\"How to get Data Plan \\\/ Packages \\\/ Top Up\"},{\"@type\":\"BreadcrumbList\",\"@id\":\"https:\\\/\\\/tiketi.com\\\/download-tiketi-app\\\/#breadcrumb\",\"itemListElement\":[{\"@type\":\"ListItem\",\"position\":1,\"name\":\"Home\",\"item\":\"https:\\\/\\\/tiketi.com\\\/\"},{\"@type\":\"ListItem\",\"position\":2,\"name\":\"Download Tiketi App\"}]},{\"@type\":\"WebSite\",\"@id\":\"https:\\\/\\\/tiketi.com\\\/#website\",\"url\":\"https:\\\/\\\/tiketi.com\\\/\",\"name\":\"Flight & Bus Tickets, Tour Packages & Activitites - Tiketi.com\",\"description\":\"Flight &amp; Bus Tickets, Tours, Activitites\",\"publisher\":{\"@id\":\"https:\\\/\\\/tiketi.com\\\/#organization\"},\"potentialAction\":[{\"@type\":\"SearchAction\",\"target\":{\"@type\":\"EntryPoint\",\"urlTemplate\":\"https:\\\/\\\/tiketi.com\\\/?s={search_term_string}\"},\"query-input\":{\"@type\":\"PropertyValueSpecification\",\"valueRequired\":true,\"valueName\":\"search_term_string\"}}],\"inLanguage\":\"fr-FR\"},{\"@type\":\"Organization\",\"@id\":\"https:\\\/\\\/tiketi.com\\\/#organization\",\"name\":\"Tiketi.com\",\"alternateName\":\"Tiketi\",\"url\":\"https:\\\/\\\/tiketi.com\\\/\",\"logo\":{\"@type\":\"ImageObject\",\"inLanguage\":\"fr-FR\",\"@id\":\"https:\\\/\\\/tiketi.com\\\/#\\\/schema\\\/logo\\\/image\\\/\",\"url\":\"https:\\\/\\\/tiketi.com\\\/wp-content\\\/uploads\\\/2019\\\/05\\\/tiketi-logo-696.png\",\"contentUrl\":\"https:\\\/\\\/tiketi.com\\\/wp-content\\\/uploads\\\/2019\\\/05\\\/tiketi-logo-696.png\",\"width\":696,\"height\":696,\"caption\":\"Tiketi.com\"},\"image\":{\"@id\":\"https:\\\/\\\/tiketi.com\\\/#\\\/schema\\\/logo\\\/image\\\/\"},\"sameAs\":[\"https:\\\/\\\/www.facebook.com\\\/TiketiCom\\\/\"]}]}<\/script>\n<!-- \/ Yoast SEO plugin. -->","yoast_head_json":{"title":"T\u00e9l\u00e9charger l&#039;application","description":"Cette application vous permet de trouver les meilleures offres sur les visites, les activit\u00e9s, les choses \u00e0 faire et les forfaits \u00e0 Duba\u00ef et en Afrique \u00e0 tout moment","robots":{"index":"index","follow":"follow","max-snippet":"max-snippet:-1","max-image-preview":"max-image-preview:large","max-video-preview":"max-video-preview:-1"},"canonical":"https:\/\/tiketi.com\/fr-fr\/download-tiketi-app\/","og_locale":"fr_FR","og_type":"article","og_title":"Download App","og_description":"This app lets you find the best deals on tours, activities, things to do, and packages in Dubai and Africa anytime","og_url":"https:\/\/tiketi.com\/fr-fr\/download-tiketi-app\/","og_site_name":"Tiketi.com","article_publisher":"https:\/\/www.facebook.com\/TiketiCom\/","article_modified_time":"2023-11-17T11:10:29+00:00","og_image":[{"width":1200,"height":200,"url":"https:\/\/tiketi.com\/wp-content\/uploads\/2019\/05\/data-packages-2029825_1280.jpg","type":"image\/jpeg"}],"twitter_card":"summary_large_image","twitter_misc":{"Dur\u00e9e de lecture estim\u00e9e":"1 minute"},"schema":{"@context":"https:\/\/schema.org","@graph":[{"@type":"WebPage","@id":"https:\/\/tiketi.com\/download-tiketi-app\/","url":"https:\/\/tiketi.com\/download-tiketi-app\/","name":"T\u00e9l\u00e9charger l&#039;application","isPartOf":{"@id":"https:\/\/tiketi.com\/#website"},"primaryImageOfPage":{"@id":"https:\/\/tiketi.com\/download-tiketi-app\/#primaryimage"},"image":{"@id":"https:\/\/tiketi.com\/download-tiketi-app\/#primaryimage"},"thumbnailUrl":"https:\/\/tiketi.com\/wp-content\/uploads\/2019\/05\/data-packages-2029825_1280.jpg","datePublished":"2022-01-19T11:55:29+00:00","dateModified":"2023-11-17T11:10:29+00:00","description":"Cette application vous permet de trouver les meilleures offres sur les visites, les activit\u00e9s, les choses \u00e0 faire et les forfaits \u00e0 Duba\u00ef et en Afrique \u00e0 tout moment","breadcrumb":{"@id":"https:\/\/tiketi.com\/download-tiketi-app\/#breadcrumb"},"inLanguage":"fr-FR","potentialAction":[{"@type":"ReadAction","target":["https:\/\/tiketi.com\/download-tiketi-app\/"]}]},{"@type":"ImageObject","inLanguage":"fr-FR","@id":"https:\/\/tiketi.com\/download-tiketi-app\/#primaryimage","url":"https:\/\/tiketi.com\/wp-content\/uploads\/2019\/05\/data-packages-2029825_1280.jpg","contentUrl":"https:\/\/tiketi.com\/wp-content\/uploads\/2019\/05\/data-packages-2029825_1280.jpg","width":1200,"height":200,"caption":"How to get Data Plan \/ Packages \/ Top Up"},{"@type":"BreadcrumbList","@id":"https:\/\/tiketi.com\/download-tiketi-app\/#breadcrumb","itemListElement":[{"@type":"ListItem","position":1,"name":"Home","item":"https:\/\/tiketi.com\/"},{"@type":"ListItem","position":2,"name":"Download Tiketi App"}]},{"@type":"WebSite","@id":"https:\/\/tiketi.com\/#website","url":"https:\/\/tiketi.com\/","name":"Billets d&#039;avion et de bus, forfaits touristiques et activit\u00e9s - Tiketi.com","description":"Billets d&#039;avion et de bus, Tours, Activit\u00e9s","publisher":{"@id":"https:\/\/tiketi.com\/#organization"},"potentialAction":[{"@type":"SearchAction","target":{"@type":"EntryPoint","urlTemplate":"https:\/\/tiketi.com\/?s={search_term_string}"},"query-input":{"@type":"PropertyValueSpecification","valueRequired":true,"valueName":"search_term_string"}}],"inLanguage":"fr-FR"},{"@type":"Organization","@id":"https:\/\/tiketi.com\/#organization","name":"Tiketi.com","alternateName":"Tiketi","url":"https:\/\/tiketi.com\/","logo":{"@type":"ImageObject","inLanguage":"fr-FR","@id":"https:\/\/tiketi.com\/#\/schema\/logo\/image\/","url":"https:\/\/tiketi.com\/wp-content\/uploads\/2019\/05\/tiketi-logo-696.png","contentUrl":"https:\/\/tiketi.com\/wp-content\/uploads\/2019\/05\/tiketi-logo-696.png","width":696,"height":696,"caption":"Tiketi.com"},"image":{"@id":"https:\/\/tiketi.com\/#\/schema\/logo\/image\/"},"sameAs":["https:\/\/www.facebook.com\/TiketiCom\/"]}]}},"_links":{"self":[{"href":"https:\/\/tiketi.com\/fr-fr\/wp-json\/wp\/v2\/pages\/11991","targetHints":{"allow":["GET"]}}],"collection":[{"href":"https:\/\/tiketi.com\/fr-fr\/wp-json\/wp\/v2\/pages"}],"about":[{"href":"https:\/\/tiketi.com\/fr-fr\/wp-json\/wp\/v2\/types\/page"}],"author":[{"embeddable":true,"href":"https:\/\/tiketi.com\/fr-fr\/wp-json\/wp\/v2\/users\/1"}],"replies":[{"embeddable":true,"href":"https:\/\/tiketi.com\/fr-fr\/wp-json\/wp\/v2\/comments?post=11991"}],"version-history":[{"count":0,"href":"https:\/\/tiketi.com\/fr-fr\/wp-json\/wp\/v2\/pages\/11991\/revisions"}],"wp:featuredmedia":[{"embeddable":true,"href":"https:\/\/tiketi.com\/fr-fr\/wp-json\/wp\/v2\/media\/19675"}],"wp:attachment":[{"href":"https:\/\/tiketi.com\/fr-fr\/wp-json\/wp\/v2\/media?parent=11991"}],"curies":[{"name":"wp","href":"https:\/\/api.w.org\/{rel}","templated":true}]}}