{"id":11996,"date":"2022-01-19T12:55:29","date_gmt":"2022-01-19T11:55:29","guid":{"rendered":"https:\/\/new.tiketi.com\/tiketi-partners\/"},"modified":"2026-03-15T13:25:19","modified_gmt":"2026-03-15T12:25:19","slug":"our-partners","status":"publish","type":"page","link":"https:\/\/tiketi.com\/fr-fr\/our-partners\/","title":{"rendered":"Partenaires Tiketi"},"content":{"rendered":"<h2>Devenir un partenaire<\/h2>\n<p>Voici une liste de nos partenaires. Si vous \u00eates int\u00e9ress\u00e9 par un partenariat avec nous, veuillez <a href=\"https:\/\/tiketi.com\/fr-fr\/contact-us\/\" target=\"_blank\" rel=\"noopener\">Envoyez-nous un email<\/a> merci.<\/p>\n<p><a href=\"https:\/\/realestateai.international\" target=\"_blank\" rel=\"noopener\"><img loading=\"lazy\" decoding=\"async\" class=\"alignnone wp-image-34734 size-full\" src=\"https:\/\/tiketi.com\/wp-content\/uploads\/2026\/03\/real-estate-ai-_logo.png\" alt=\"Real Estate AI\" width=\"300\" height=\"51\" srcset=\"https:\/\/tiketi.com\/wp-content\/uploads\/2026\/03\/real-estate-ai-_logo.png 300w, https:\/\/tiketi.com\/wp-content\/uploads\/2026\/03\/real-estate-ai-_logo-768x130.png 768w, https:\/\/tiketi.com\/wp-content\/uploads\/2026\/03\/real-estate-ai-_logo-600x101.png 600w\" sizes=\"auto, (max-width: 300px) 100vw, 300px\" \/><\/a><\/p>\n<p><a href=\"https:\/\/zanzibar.app\" target=\"_blank\" rel=\"noopener\"><img loading=\"lazy\" decoding=\"async\" class=\"alignnone size-full wp-image-30748\" src=\"https:\/\/tiketi.com\/wp-content\/uploads\/2024\/07\/logo-sm.png\" alt=\"Application Zanzibar\" width=\"174\" height=\"35\" srcset=\"https:\/\/tiketi.com\/wp-content\/uploads\/2024\/07\/logo-sm.png 174w, https:\/\/tiketi.com\/wp-content\/uploads\/2024\/07\/logo-sm-768x154.png 768w, https:\/\/tiketi.com\/wp-content\/uploads\/2024\/07\/logo-sm-600x120.png 600w\" sizes=\"auto, (max-width: 174px) 100vw, 174px\" \/><\/a><\/p>\n<p><a href=\"https:\/\/play.google.com\/store\/apps\/details?id=com.ai.travel.trip.planner.app\" target=\"_blank\" rel=\"noopener\"><img loading=\"lazy\" decoding=\"async\" class=\"alignnone wp-image-31187 size-full\" src=\"https:\/\/tiketi.com\/wp-content\/uploads\/2024\/12\/travelplanner-logo-gr.png\" alt=\"Planificateur de voyage AI\" width=\"260\" height=\"75\" srcset=\"https:\/\/tiketi.com\/wp-content\/uploads\/2024\/12\/travelplanner-logo-gr.png 260w, https:\/\/tiketi.com\/wp-content\/uploads\/2024\/12\/travelplanner-logo-gr-768x221.png 768w, https:\/\/tiketi.com\/wp-content\/uploads\/2024\/12\/travelplanner-logo-gr-600x173.png 600w\" sizes=\"auto, (max-width: 260px) 100vw, 260px\" \/><\/a><\/p>\n<p>&nbsp;<\/p>\n<p><a href=\"https:\/\/socialmediamanagementai.com\" target=\"_blank\" rel=\"noopener\"><img loading=\"lazy\" decoding=\"async\" class=\"alignnone wp-image-31140\" src=\"https:\/\/tiketi.com\/wp-content\/uploads\/2024\/11\/SMMMAI-TS.png\" alt=\"Gestionnaire de m\u00e9dias sociaux IA\" width=\"232\" height=\"70\" \/><\/a><\/p>\n<p>&nbsp;<\/p>\n<p><a href=\"https:\/\/wecontentai.com\" target=\"_blank\" rel=\"noopener\"><img loading=\"lazy\" decoding=\"async\" class=\"alignnone wp-image-31336 size-full\" src=\"https:\/\/tiketi.com\/wp-content\/uploads\/2025\/03\/wecontentai-logo.png\" alt=\"We.Content AI\" width=\"250\" height=\"36\" srcset=\"https:\/\/tiketi.com\/wp-content\/uploads\/2025\/03\/wecontentai-logo.png 250w, https:\/\/tiketi.com\/wp-content\/uploads\/2025\/03\/wecontentai-logo-768x110.png 768w, https:\/\/tiketi.com\/wp-content\/uploads\/2025\/03\/wecontentai-logo-600x86.png 600w\" sizes=\"auto, (max-width: 250px) 100vw, 250px\" \/><\/a><\/p>\n<p><a href=\"https:\/\/contactcallcenterai.com\" target=\"_blank\" rel=\"noopener\"><img loading=\"lazy\" decoding=\"async\" class=\"alignnone wp-image-34736 size-full\" src=\"https:\/\/tiketi.com\/wp-content\/uploads\/2026\/03\/call-center-ai-logo.png\" alt=\"Call Center AI\" width=\"120\" height=\"74\" srcset=\"https:\/\/tiketi.com\/wp-content\/uploads\/2026\/03\/call-center-ai-logo.png 120w, https:\/\/tiketi.com\/wp-content\/uploads\/2026\/03\/call-center-ai-logo-768x473.png 768w, https:\/\/tiketi.com\/wp-content\/uploads\/2026\/03\/call-center-ai-logo-18x12.png 18w, https:\/\/tiketi.com\/wp-content\/uploads\/2026\/03\/call-center-ai-logo-600x370.png 600w\" sizes=\"auto, (max-width: 120px) 100vw, 120px\" \/><\/a><\/p>","protected":false},"excerpt":{"rendered":"<p>Become a Partner Here is a list of our partners. If you are interested in partnering with us, please email us thank you. &nbsp; &nbsp;<\/p>","protected":false},"author":1,"featured_media":20438,"parent":0,"menu_order":0,"comment_status":"open","ping_status":"closed","template":"template-home-modern.php","meta":{"footnotes":""},"class_list":["post-11996","page","type-page","status-publish","has-post-thumbnail","hentry"],"yoast_head":"<!-- This site is optimized with the Yoast SEO plugin v27.3 - https:\/\/yoast.com\/product\/yoast-seo-wordpress\/ -->\n<title>Tiketi Partners<\/title>\n<meta name=\"description\" content=\"Become a Tiketi partner. Here is a list of our partners. If you are interested in partnering with us, please email us.\" \/>\n<meta name=\"robots\" content=\"index, follow, max-snippet:-1, max-image-preview:large, max-video-preview:-1\" \/>\n<link rel=\"canonical\" href=\"https:\/\/tiketi.com\/fr-fr\/our-partners\/\" \/>\n<meta property=\"og:locale\" content=\"fr_FR\" \/>\n<meta property=\"og:type\" content=\"article\" \/>\n<meta property=\"og:title\" content=\"Tiketi Partners\" \/>\n<meta property=\"og:description\" content=\"Become a Tiketi partner. Here is a list of our partners. If you are interested in partnering with us, please email us.\" \/>\n<meta property=\"og:url\" content=\"https:\/\/tiketi.com\/fr-fr\/our-partners\/\" \/>\n<meta property=\"og:site_name\" content=\"Tiketi.com\" \/>\n<meta property=\"article:publisher\" content=\"https:\/\/www.facebook.com\/TiketiCom\/\" \/>\n<meta property=\"article:modified_time\" content=\"2026-03-15T12:25:19+00:00\" \/>\n<meta property=\"og:image\" content=\"https:\/\/tiketi.com\/wp-content\/uploads\/2019\/05\/marketing-solutions-kamil-pietrzak-AlA8S9tALAs-.jpg\" \/>\n\t<meta property=\"og:image:width\" content=\"1200\" \/>\n\t<meta property=\"og:image:height\" content=\"200\" \/>\n\t<meta property=\"og:image:type\" content=\"image\/jpeg\" \/>\n<meta name=\"twitter:card\" content=\"summary_large_image\" \/>\n<meta name=\"twitter:label1\" content=\"Dur\u00e9e de lecture estim\u00e9e\" \/>\n\t<meta name=\"twitter:data1\" content=\"2 minutes\" \/>\n<script type=\"application\/ld+json\" class=\"yoast-schema-graph\">{\"@context\":\"https:\\\/\\\/schema.org\",\"@graph\":[{\"@type\":\"WebPage\",\"@id\":\"https:\\\/\\\/tiketi.com\\\/our-partners\\\/\",\"url\":\"https:\\\/\\\/tiketi.com\\\/our-partners\\\/\",\"name\":\"Tiketi Partners\",\"isPartOf\":{\"@id\":\"https:\\\/\\\/tiketi.com\\\/#website\"},\"primaryImageOfPage\":{\"@id\":\"https:\\\/\\\/tiketi.com\\\/our-partners\\\/#primaryimage\"},\"image\":{\"@id\":\"https:\\\/\\\/tiketi.com\\\/our-partners\\\/#primaryimage\"},\"thumbnailUrl\":\"https:\\\/\\\/tiketi.com\\\/wp-content\\\/uploads\\\/2019\\\/05\\\/marketing-solutions-kamil-pietrzak-AlA8S9tALAs-.jpg\",\"datePublished\":\"2022-01-19T11:55:29+00:00\",\"dateModified\":\"2026-03-15T12:25:19+00:00\",\"description\":\"Become a Tiketi partner. Here is a list of our partners. If you are interested in partnering with us, please email us.\",\"breadcrumb\":{\"@id\":\"https:\\\/\\\/tiketi.com\\\/our-partners\\\/#breadcrumb\"},\"inLanguage\":\"fr-FR\",\"potentialAction\":[{\"@type\":\"ReadAction\",\"target\":[\"https:\\\/\\\/tiketi.com\\\/our-partners\\\/\"]}]},{\"@type\":\"ImageObject\",\"inLanguage\":\"fr-FR\",\"@id\":\"https:\\\/\\\/tiketi.com\\\/our-partners\\\/#primaryimage\",\"url\":\"https:\\\/\\\/tiketi.com\\\/wp-content\\\/uploads\\\/2019\\\/05\\\/marketing-solutions-kamil-pietrzak-AlA8S9tALAs-.jpg\",\"contentUrl\":\"https:\\\/\\\/tiketi.com\\\/wp-content\\\/uploads\\\/2019\\\/05\\\/marketing-solutions-kamil-pietrzak-AlA8S9tALAs-.jpg\",\"width\":1200,\"height\":200,\"caption\":\"Marketing Solutions\"},{\"@type\":\"BreadcrumbList\",\"@id\":\"https:\\\/\\\/tiketi.com\\\/our-partners\\\/#breadcrumb\",\"itemListElement\":[{\"@type\":\"ListItem\",\"position\":1,\"name\":\"Home\",\"item\":\"https:\\\/\\\/tiketi.com\\\/\"},{\"@type\":\"ListItem\",\"position\":2,\"name\":\"Tiketi Partners\"}]},{\"@type\":\"WebSite\",\"@id\":\"https:\\\/\\\/tiketi.com\\\/#website\",\"url\":\"https:\\\/\\\/tiketi.com\\\/\",\"name\":\"Flight & Bus Tickets, Tour Packages & Activitites - Tiketi.com\",\"description\":\"Flight &amp; Bus Tickets, Tours, Activitites\",\"publisher\":{\"@id\":\"https:\\\/\\\/tiketi.com\\\/#organization\"},\"potentialAction\":[{\"@type\":\"SearchAction\",\"target\":{\"@type\":\"EntryPoint\",\"urlTemplate\":\"https:\\\/\\\/tiketi.com\\\/?s={search_term_string}\"},\"query-input\":{\"@type\":\"PropertyValueSpecification\",\"valueRequired\":true,\"valueName\":\"search_term_string\"}}],\"inLanguage\":\"fr-FR\"},{\"@type\":\"Organization\",\"@id\":\"https:\\\/\\\/tiketi.com\\\/#organization\",\"name\":\"Tiketi.com\",\"alternateName\":\"Tiketi\",\"url\":\"https:\\\/\\\/tiketi.com\\\/\",\"logo\":{\"@type\":\"ImageObject\",\"inLanguage\":\"fr-FR\",\"@id\":\"https:\\\/\\\/tiketi.com\\\/#\\\/schema\\\/logo\\\/image\\\/\",\"url\":\"https:\\\/\\\/tiketi.com\\\/wp-content\\\/uploads\\\/2019\\\/05\\\/tiketi-logo-696.png\",\"contentUrl\":\"https:\\\/\\\/tiketi.com\\\/wp-content\\\/uploads\\\/2019\\\/05\\\/tiketi-logo-696.png\",\"width\":696,\"height\":696,\"caption\":\"Tiketi.com\"},\"image\":{\"@id\":\"https:\\\/\\\/tiketi.com\\\/#\\\/schema\\\/logo\\\/image\\\/\"},\"sameAs\":[\"https:\\\/\\\/www.facebook.com\\\/TiketiCom\\\/\"]}]}<\/script>\n<!-- \/ Yoast SEO plugin. -->","yoast_head_json":{"title":"Partenaires Tiketi","description":"Devenez partenaire Tiketi. Voici une liste de nos partenaires. Si vous \u00eates int\u00e9ress\u00e9 par un partenariat avec nous, veuillez nous envoyer un e-mail.","robots":{"index":"index","follow":"follow","max-snippet":"max-snippet:-1","max-image-preview":"max-image-preview:large","max-video-preview":"max-video-preview:-1"},"canonical":"https:\/\/tiketi.com\/fr-fr\/our-partners\/","og_locale":"fr_FR","og_type":"article","og_title":"Tiketi Partners","og_description":"Become a Tiketi partner. Here is a list of our partners. If you are interested in partnering with us, please email us.","og_url":"https:\/\/tiketi.com\/fr-fr\/our-partners\/","og_site_name":"Tiketi.com","article_publisher":"https:\/\/www.facebook.com\/TiketiCom\/","article_modified_time":"2026-03-15T12:25:19+00:00","og_image":[{"width":1200,"height":200,"url":"https:\/\/tiketi.com\/wp-content\/uploads\/2019\/05\/marketing-solutions-kamil-pietrzak-AlA8S9tALAs-.jpg","type":"image\/jpeg"}],"twitter_card":"summary_large_image","twitter_misc":{"Dur\u00e9e de lecture estim\u00e9e":"2 minutes"},"schema":{"@context":"https:\/\/schema.org","@graph":[{"@type":"WebPage","@id":"https:\/\/tiketi.com\/our-partners\/","url":"https:\/\/tiketi.com\/our-partners\/","name":"Partenaires Tiketi","isPartOf":{"@id":"https:\/\/tiketi.com\/#website"},"primaryImageOfPage":{"@id":"https:\/\/tiketi.com\/our-partners\/#primaryimage"},"image":{"@id":"https:\/\/tiketi.com\/our-partners\/#primaryimage"},"thumbnailUrl":"https:\/\/tiketi.com\/wp-content\/uploads\/2019\/05\/marketing-solutions-kamil-pietrzak-AlA8S9tALAs-.jpg","datePublished":"2022-01-19T11:55:29+00:00","dateModified":"2026-03-15T12:25:19+00:00","description":"Devenez partenaire Tiketi. Voici une liste de nos partenaires. Si vous \u00eates int\u00e9ress\u00e9 par un partenariat avec nous, veuillez nous envoyer un e-mail.","breadcrumb":{"@id":"https:\/\/tiketi.com\/our-partners\/#breadcrumb"},"inLanguage":"fr-FR","potentialAction":[{"@type":"ReadAction","target":["https:\/\/tiketi.com\/our-partners\/"]}]},{"@type":"ImageObject","inLanguage":"fr-FR","@id":"https:\/\/tiketi.com\/our-partners\/#primaryimage","url":"https:\/\/tiketi.com\/wp-content\/uploads\/2019\/05\/marketing-solutions-kamil-pietrzak-AlA8S9tALAs-.jpg","contentUrl":"https:\/\/tiketi.com\/wp-content\/uploads\/2019\/05\/marketing-solutions-kamil-pietrzak-AlA8S9tALAs-.jpg","width":1200,"height":200,"caption":"Marketing Solutions"},{"@type":"BreadcrumbList","@id":"https:\/\/tiketi.com\/our-partners\/#breadcrumb","itemListElement":[{"@type":"ListItem","position":1,"name":"Home","item":"https:\/\/tiketi.com\/"},{"@type":"ListItem","position":2,"name":"Tiketi Partners"}]},{"@type":"WebSite","@id":"https:\/\/tiketi.com\/#website","url":"https:\/\/tiketi.com\/","name":"Billets d&#039;avion et de bus, forfaits touristiques et activit\u00e9s - Tiketi.com","description":"Billets d&#039;avion et de bus, Tours, Activit\u00e9s","publisher":{"@id":"https:\/\/tiketi.com\/#organization"},"potentialAction":[{"@type":"SearchAction","target":{"@type":"EntryPoint","urlTemplate":"https:\/\/tiketi.com\/?s={search_term_string}"},"query-input":{"@type":"PropertyValueSpecification","valueRequired":true,"valueName":"search_term_string"}}],"inLanguage":"fr-FR"},{"@type":"Organization","@id":"https:\/\/tiketi.com\/#organization","name":"Tiketi.com","alternateName":"Tiketi","url":"https:\/\/tiketi.com\/","logo":{"@type":"ImageObject","inLanguage":"fr-FR","@id":"https:\/\/tiketi.com\/#\/schema\/logo\/image\/","url":"https:\/\/tiketi.com\/wp-content\/uploads\/2019\/05\/tiketi-logo-696.png","contentUrl":"https:\/\/tiketi.com\/wp-content\/uploads\/2019\/05\/tiketi-logo-696.png","width":696,"height":696,"caption":"Tiketi.com"},"image":{"@id":"https:\/\/tiketi.com\/#\/schema\/logo\/image\/"},"sameAs":["https:\/\/www.facebook.com\/TiketiCom\/"]}]}},"_links":{"self":[{"href":"https:\/\/tiketi.com\/fr-fr\/wp-json\/wp\/v2\/pages\/11996","targetHints":{"allow":["GET"]}}],"collection":[{"href":"https:\/\/tiketi.com\/fr-fr\/wp-json\/wp\/v2\/pages"}],"about":[{"href":"https:\/\/tiketi.com\/fr-fr\/wp-json\/wp\/v2\/types\/page"}],"author":[{"embeddable":true,"href":"https:\/\/tiketi.com\/fr-fr\/wp-json\/wp\/v2\/users\/1"}],"replies":[{"embeddable":true,"href":"https:\/\/tiketi.com\/fr-fr\/wp-json\/wp\/v2\/comments?post=11996"}],"version-history":[{"count":10,"href":"https:\/\/tiketi.com\/fr-fr\/wp-json\/wp\/v2\/pages\/11996\/revisions"}],"predecessor-version":[{"id":34733,"href":"https:\/\/tiketi.com\/fr-fr\/wp-json\/wp\/v2\/pages\/11996\/revisions\/34733"}],"wp:featuredmedia":[{"embeddable":true,"href":"https:\/\/tiketi.com\/fr-fr\/wp-json\/wp\/v2\/media\/20438"}],"wp:attachment":[{"href":"https:\/\/tiketi.com\/fr-fr\/wp-json\/wp\/v2\/media?parent=11996"}],"curies":[{"name":"wp","href":"https:\/\/api.w.org\/{rel}","templated":true}]}}