{"id":12001,"date":"2022-01-19T12:55:29","date_gmt":"2022-01-19T11:55:29","guid":{"rendered":"https:\/\/new.tiketi.com\/become-supplier\/"},"modified":"2022-01-26T15:56:13","modified_gmt":"2022-01-26T14:56:13","slug":"become-supplier","status":"publish","type":"page","link":"https:\/\/tiketi.com\/fr-fr\/become-supplier\/","title":{"rendered":"Devenez fournisseur"},"content":{"rendered":"<div class=\"wpb-content-wrapper\"><div class=\"vc_row wpb_row st bg-holder\"><div class='container'><div class='row'>\n\t<div class=\"wpb_column column_container col-md-12\"><div class=\"vc_column-inner wpb_wrapper\">\n\t\t\t\n\t<div class=\"wpb_text_column wpb_content_element\" >\n\t\t<div class=\"wpb_wrapper\">\n\t\t\t<h4><strong>Un large public mondial<\/strong><\/h4>\n<p>Nous travaillons directement avec plus de propri\u00e9t\u00e9s que quiconque. Des chambres d&#039;h\u00f4tes familiales aux centres de vill\u00e9giature, nous montrons votre propri\u00e9t\u00e9 \u00e0 un large public de voyageurs du monde entier<\/p>\n<h4>Pas de frais d&#039;inscription, d&#039;abonnement ou de frais fixes<\/h4>\n<p>L&#039;inscription chez nous est enti\u00e8rement gratuite. Il n&#039;y a pas de frais d&#039;inscription ou d&#039;abonnement.<\/p>\n<h4>Mod\u00e8le bas\u00e9 sur la commission<\/h4>\n<p>Cela signifie que votre propri\u00e9t\u00e9 nous paie un pourcentage de chaque s\u00e9jour confirm\u00e9. Cela vous donne acc\u00e8s \u00e0 notre vaste publicit\u00e9 sur les moteurs de recherche tels que Google, Bing et Yahoo, ainsi qu&#039;\u00e0 nos plus de 5 000 sites Web partenaires affili\u00e9s.<\/p>\n<h4>Les d\u00e9tails de votre propri\u00e9t\u00e9 disponibles en 41 langues<\/h4>\n<p>Nous sommes le premier choix parmi les voyageurs du monde entier car nous travaillons avec de superbes propri\u00e9t\u00e9s et les pr\u00e9sentons d&#039;une mani\u00e8re pertinente au niveau local.<\/p>\n<h4>Assistance multilingue 24h\/24 et 7j\/7 pour nos propri\u00e9taires et nos invit\u00e9s<\/h4>\n<p>G\u00e9rez facilement votre annonce et vos r\u00e9servations gr\u00e2ce \u00e0 nos outils en ligne simples. Notre \u00e9quipe d&#039;assistance d\u00e9di\u00e9e est l\u00e0 24h\/24 pour vous aider - juste au cas o\u00f9.<\/p>\n<p><a href=\"https:\/\/tiketi.com\/fr-fr\/become-local-expert\/\"><strong>Faire une demande d&#039;inscription d&#039;agent<\/strong><\/a><\/p>\n\n\t\t<\/div>\n\t<\/div>\n<\/div>\n\t<\/div> \n<\/div><!--End .row--><\/div><!--End .container--><\/div>\n<\/div>","protected":false},"excerpt":{"rendered":"A large, global audience We work directly with more properties than anyone else. From family-owned B&amp;Bs to resorts, we show your property to a large audience of travellers worldwide No registration fees, subscriptions or fixed costs Registration with us is completely free. There are no sign-up or subscription costs. Commission-based model This means your property [...]","protected":false},"author":1,"featured_media":13950,"parent":0,"menu_order":0,"comment_status":"open","ping_status":"closed","template":"","meta":{"footnotes":""},"class_list":["post-12001","page","type-page","status-publish","has-post-thumbnail","hentry"],"yoast_head":"<!-- This site is optimized with the Yoast SEO plugin v27.3 - https:\/\/yoast.com\/product\/yoast-seo-wordpress\/ -->\n<title>Become Supplier<\/title>\n<meta name=\"robots\" content=\"index, follow, max-snippet:-1, max-image-preview:large, max-video-preview:-1\" \/>\n<link rel=\"canonical\" href=\"https:\/\/tiketi.com\/fr-fr\/become-supplier\/\" \/>\n<meta property=\"og:locale\" content=\"fr_FR\" \/>\n<meta property=\"og:type\" content=\"article\" \/>\n<meta property=\"og:title\" content=\"Become Supplier\" \/>\n<meta property=\"og:url\" content=\"https:\/\/tiketi.com\/fr-fr\/become-supplier\/\" \/>\n<meta property=\"og:site_name\" content=\"Tiketi.com\" \/>\n<meta property=\"article:publisher\" content=\"https:\/\/www.facebook.com\/TiketiCom\/\" \/>\n<meta property=\"article:modified_time\" content=\"2022-01-26T14:56:13+00:00\" \/>\n<meta property=\"og:image\" content=\"https:\/\/tiketi.com\/wp-content\/uploads\/2022\/01\/landscape-b-1844229_1280.jpg\" \/>\n\t<meta property=\"og:image:width\" content=\"1280\" \/>\n\t<meta property=\"og:image:height\" content=\"280\" \/>\n\t<meta property=\"og:image:type\" content=\"image\/jpeg\" \/>\n<meta name=\"twitter:card\" content=\"summary_large_image\" \/>\n<meta name=\"twitter:label1\" content=\"Dur\u00e9e de lecture estim\u00e9e\" \/>\n\t<meta name=\"twitter:data1\" content=\"1 minute\" \/>\n<script type=\"application\/ld+json\" class=\"yoast-schema-graph\">{\"@context\":\"https:\\\/\\\/schema.org\",\"@graph\":[{\"@type\":\"WebPage\",\"@id\":\"https:\\\/\\\/tiketi.com\\\/become-supplier\\\/\",\"url\":\"https:\\\/\\\/tiketi.com\\\/become-supplier\\\/\",\"name\":\"Become Supplier\",\"isPartOf\":{\"@id\":\"https:\\\/\\\/tiketi.com\\\/#website\"},\"primaryImageOfPage\":{\"@id\":\"https:\\\/\\\/tiketi.com\\\/become-supplier\\\/#primaryimage\"},\"image\":{\"@id\":\"https:\\\/\\\/tiketi.com\\\/become-supplier\\\/#primaryimage\"},\"thumbnailUrl\":\"https:\\\/\\\/tiketi.com\\\/wp-content\\\/uploads\\\/2022\\\/01\\\/landscape-b-1844229_1280.jpg\",\"datePublished\":\"2022-01-19T11:55:29+00:00\",\"dateModified\":\"2022-01-26T14:56:13+00:00\",\"breadcrumb\":{\"@id\":\"https:\\\/\\\/tiketi.com\\\/become-supplier\\\/#breadcrumb\"},\"inLanguage\":\"fr-FR\",\"potentialAction\":[{\"@type\":\"ReadAction\",\"target\":[\"https:\\\/\\\/tiketi.com\\\/become-supplier\\\/\"]}]},{\"@type\":\"ImageObject\",\"inLanguage\":\"fr-FR\",\"@id\":\"https:\\\/\\\/tiketi.com\\\/become-supplier\\\/#primaryimage\",\"url\":\"https:\\\/\\\/tiketi.com\\\/wp-content\\\/uploads\\\/2022\\\/01\\\/landscape-b-1844229_1280.jpg\",\"contentUrl\":\"https:\\\/\\\/tiketi.com\\\/wp-content\\\/uploads\\\/2022\\\/01\\\/landscape-b-1844229_1280.jpg\",\"width\":1280,\"height\":280,\"caption\":\"Nature, Travel, Transport, Holidays\"},{\"@type\":\"BreadcrumbList\",\"@id\":\"https:\\\/\\\/tiketi.com\\\/become-supplier\\\/#breadcrumb\",\"itemListElement\":[{\"@type\":\"ListItem\",\"position\":1,\"name\":\"Home\",\"item\":\"https:\\\/\\\/tiketi.com\\\/\"},{\"@type\":\"ListItem\",\"position\":2,\"name\":\"Become Supplier\"}]},{\"@type\":\"WebSite\",\"@id\":\"https:\\\/\\\/tiketi.com\\\/#website\",\"url\":\"https:\\\/\\\/tiketi.com\\\/\",\"name\":\"Flight & Bus Tickets, Tour Packages & Activitites - Tiketi.com\",\"description\":\"Flight &amp; Bus Tickets, Tours, Activitites\",\"publisher\":{\"@id\":\"https:\\\/\\\/tiketi.com\\\/#organization\"},\"potentialAction\":[{\"@type\":\"SearchAction\",\"target\":{\"@type\":\"EntryPoint\",\"urlTemplate\":\"https:\\\/\\\/tiketi.com\\\/?s={search_term_string}\"},\"query-input\":{\"@type\":\"PropertyValueSpecification\",\"valueRequired\":true,\"valueName\":\"search_term_string\"}}],\"inLanguage\":\"fr-FR\"},{\"@type\":\"Organization\",\"@id\":\"https:\\\/\\\/tiketi.com\\\/#organization\",\"name\":\"Tiketi.com\",\"alternateName\":\"Tiketi\",\"url\":\"https:\\\/\\\/tiketi.com\\\/\",\"logo\":{\"@type\":\"ImageObject\",\"inLanguage\":\"fr-FR\",\"@id\":\"https:\\\/\\\/tiketi.com\\\/#\\\/schema\\\/logo\\\/image\\\/\",\"url\":\"https:\\\/\\\/tiketi.com\\\/wp-content\\\/uploads\\\/2019\\\/05\\\/tiketi-logo-696.png\",\"contentUrl\":\"https:\\\/\\\/tiketi.com\\\/wp-content\\\/uploads\\\/2019\\\/05\\\/tiketi-logo-696.png\",\"width\":696,\"height\":696,\"caption\":\"Tiketi.com\"},\"image\":{\"@id\":\"https:\\\/\\\/tiketi.com\\\/#\\\/schema\\\/logo\\\/image\\\/\"},\"sameAs\":[\"https:\\\/\\\/www.facebook.com\\\/TiketiCom\\\/\"]}]}<\/script>\n<!-- \/ Yoast SEO plugin. -->","yoast_head_json":{"title":"Devenez fournisseur","robots":{"index":"index","follow":"follow","max-snippet":"max-snippet:-1","max-image-preview":"max-image-preview:large","max-video-preview":"max-video-preview:-1"},"canonical":"https:\/\/tiketi.com\/fr-fr\/become-supplier\/","og_locale":"fr_FR","og_type":"article","og_title":"Become Supplier","og_url":"https:\/\/tiketi.com\/fr-fr\/become-supplier\/","og_site_name":"Tiketi.com","article_publisher":"https:\/\/www.facebook.com\/TiketiCom\/","article_modified_time":"2022-01-26T14:56:13+00:00","og_image":[{"width":1280,"height":280,"url":"https:\/\/tiketi.com\/wp-content\/uploads\/2022\/01\/landscape-b-1844229_1280.jpg","type":"image\/jpeg"}],"twitter_card":"summary_large_image","twitter_misc":{"Dur\u00e9e de lecture estim\u00e9e":"1 minute"},"schema":{"@context":"https:\/\/schema.org","@graph":[{"@type":"WebPage","@id":"https:\/\/tiketi.com\/become-supplier\/","url":"https:\/\/tiketi.com\/become-supplier\/","name":"Devenez fournisseur","isPartOf":{"@id":"https:\/\/tiketi.com\/#website"},"primaryImageOfPage":{"@id":"https:\/\/tiketi.com\/become-supplier\/#primaryimage"},"image":{"@id":"https:\/\/tiketi.com\/become-supplier\/#primaryimage"},"thumbnailUrl":"https:\/\/tiketi.com\/wp-content\/uploads\/2022\/01\/landscape-b-1844229_1280.jpg","datePublished":"2022-01-19T11:55:29+00:00","dateModified":"2022-01-26T14:56:13+00:00","breadcrumb":{"@id":"https:\/\/tiketi.com\/become-supplier\/#breadcrumb"},"inLanguage":"fr-FR","potentialAction":[{"@type":"ReadAction","target":["https:\/\/tiketi.com\/become-supplier\/"]}]},{"@type":"ImageObject","inLanguage":"fr-FR","@id":"https:\/\/tiketi.com\/become-supplier\/#primaryimage","url":"https:\/\/tiketi.com\/wp-content\/uploads\/2022\/01\/landscape-b-1844229_1280.jpg","contentUrl":"https:\/\/tiketi.com\/wp-content\/uploads\/2022\/01\/landscape-b-1844229_1280.jpg","width":1280,"height":280,"caption":"Nature, Travel, Transport, Holidays"},{"@type":"BreadcrumbList","@id":"https:\/\/tiketi.com\/become-supplier\/#breadcrumb","itemListElement":[{"@type":"ListItem","position":1,"name":"Home","item":"https:\/\/tiketi.com\/"},{"@type":"ListItem","position":2,"name":"Become Supplier"}]},{"@type":"WebSite","@id":"https:\/\/tiketi.com\/#website","url":"https:\/\/tiketi.com\/","name":"Billets d&#039;avion et de bus, forfaits touristiques et activit\u00e9s - Tiketi.com","description":"Billets d&#039;avion et de bus, Tours, Activit\u00e9s","publisher":{"@id":"https:\/\/tiketi.com\/#organization"},"potentialAction":[{"@type":"SearchAction","target":{"@type":"EntryPoint","urlTemplate":"https:\/\/tiketi.com\/?s={search_term_string}"},"query-input":{"@type":"PropertyValueSpecification","valueRequired":true,"valueName":"search_term_string"}}],"inLanguage":"fr-FR"},{"@type":"Organization","@id":"https:\/\/tiketi.com\/#organization","name":"Tiketi.com","alternateName":"Tiketi","url":"https:\/\/tiketi.com\/","logo":{"@type":"ImageObject","inLanguage":"fr-FR","@id":"https:\/\/tiketi.com\/#\/schema\/logo\/image\/","url":"https:\/\/tiketi.com\/wp-content\/uploads\/2019\/05\/tiketi-logo-696.png","contentUrl":"https:\/\/tiketi.com\/wp-content\/uploads\/2019\/05\/tiketi-logo-696.png","width":696,"height":696,"caption":"Tiketi.com"},"image":{"@id":"https:\/\/tiketi.com\/#\/schema\/logo\/image\/"},"sameAs":["https:\/\/www.facebook.com\/TiketiCom\/"]}]}},"_links":{"self":[{"href":"https:\/\/tiketi.com\/fr-fr\/wp-json\/wp\/v2\/pages\/12001","targetHints":{"allow":["GET"]}}],"collection":[{"href":"https:\/\/tiketi.com\/fr-fr\/wp-json\/wp\/v2\/pages"}],"about":[{"href":"https:\/\/tiketi.com\/fr-fr\/wp-json\/wp\/v2\/types\/page"}],"author":[{"embeddable":true,"href":"https:\/\/tiketi.com\/fr-fr\/wp-json\/wp\/v2\/users\/1"}],"replies":[{"embeddable":true,"href":"https:\/\/tiketi.com\/fr-fr\/wp-json\/wp\/v2\/comments?post=12001"}],"version-history":[{"count":0,"href":"https:\/\/tiketi.com\/fr-fr\/wp-json\/wp\/v2\/pages\/12001\/revisions"}],"wp:featuredmedia":[{"embeddable":true,"href":"https:\/\/tiketi.com\/fr-fr\/wp-json\/wp\/v2\/media\/13950"}],"wp:attachment":[{"href":"https:\/\/tiketi.com\/fr-fr\/wp-json\/wp\/v2\/media?parent=12001"}],"curies":[{"name":"wp","href":"https:\/\/api.w.org\/{rel}","templated":true}]}}