{"id":21727,"date":"2022-02-23T18:10:40","date_gmt":"2022-02-23T17:10:40","guid":{"rendered":"https:\/\/new.tiketi.com\/?page_id=21727"},"modified":"2024-08-02T17:09:14","modified_gmt":"2024-08-02T16:09:14","slug":"tanzania-tour-packages","status":"publish","type":"page","link":"https:\/\/tiketi.com\/fr-fr\/vacations\/tanzania-tour-packages\/","title":{"rendered":"Meilleurs forfaits touristiques en Tanzanie I Kilimandjaro, Safari et Zanzibar"},"content":{"rendered":"<div class=\"wpb-content-wrapper\"><div class=\"vc_row wpb_row st bg-holder\"><div class='container'><div class='row'>\n\t<div class=\"wpb_column column_container col-md-12\"><div class=\"vc_column-inner wpb_wrapper\">\n\t\t\t\n\t<div class=\"wpb_text_column wpb_content_element\" >\n\t\t<div class=\"wpb_wrapper\">\n\t\t\t<h2>Forfait Mont Kilimandjaro, Safari et Zanzibar<\/h2>\n\n\t\t<\/div>\n\t<\/div>\n<\/div>\n\t<\/div> \n<\/div><!--End .row--><\/div><!--End .container--><\/div><div class=\"vc_row wpb_row st bg-holder\"><div class='container'><div class='row'>\n\t<div class=\"wpb_column column_container col-md-12\"><div class=\"vc_column-inner wpb_wrapper\">\n\t\t\t\n\t<div class=\"wpb_text_column wpb_content_element\" >\n\t\t<div class=\"wpb_wrapper\">\n\t\t\t<p><script defer=\"\" type=\"text\/javascript\" src=\"https:\/\/tiketi.rezdy.com\/pluginJs\"><\/script><br \/>\n<iframe loading=\"lazy\" class=\"rezdy\" src=\"https:\/\/tiketi.rezdy.com\/catalog\/535903\/zanzibar?iframe=true\" width=\"100%\" height=\"1000px\" frameborder=\"0\" seamless=\"\"><\/iframe><\/p>\n\n\t\t<\/div>\n\t<\/div>\n<\/div>\n\t<\/div> \n<\/div><!--End .row--><\/div><!--End .container--><\/div><div class=\"vc_row wpb_row st bg-holder\"><div class='container'><div class='row'>\n\t<div class=\"wpb_column column_container col-md-12\"><div class=\"vc_column-inner wpb_wrapper\">\n\t\t\t<div class=\"vc_separator wpb_content_element vc_separator_align_center vc_sep_width_100 vc_sep_pos_align_center vc_separator_no_text vc_sep_color_grey wpb_content_element  wpb_content_element\" ><span class=\"vc_sep_holder vc_sep_holder_l\"><span class=\"vc_sep_line\"><\/span><\/span><span class=\"vc_sep_holder vc_sep_holder_r\"><span class=\"vc_sep_line\"><\/span><\/span>\n<\/div><\/div>\n\t<\/div> \n<\/div><!--End .row--><\/div><!--End .container--><\/div><div class=\"vc_row wpb_row st bg-holder\"><div class='container'><div class='row'>\n\t<div class=\"wpb_column column_container col-md-12\"><div class=\"vc_column-inner wpb_wrapper\">\n\t\t\t\n\t<div class=\"wpb_text_column wpb_content_element\" >\n\t\t<div class=\"wpb_wrapper\">\n\t\t\t<div class=\"container\">\n<h2>Meilleurs forfaits touristiques en Tanzanie<\/h2>\n<p>Les forfaits Kilimandjaro, Safari et Zanzibar sont un paradis pour la plong\u00e9e sous-marine, le safari au gros gibier \u00ab 5 \u00bb, les montagnes et les plages paradisiaques. Il offre pratiquement tout ce dont un touriste pourrait avoir besoin dans les meilleurs forfaits en Tanzanie.<\/p>\n<h2>Meilleures attractions touristiques en Tanzanie<\/h2>\n<p>La Tanzanie est l&#039;Afrique typique et pr\u00e9cise dont vous avez toujours r\u00eav\u00e9. Qui ne souhaiterait pas visiter un endroit o\u00f9 les noms de ses destinations touristiques renomm\u00e9es se prononcent comme un enchantement : Serengeti, Zanzibar, le lac Tanganyika, le mont Kilimandjaro, la vall\u00e9e du Rift, le lac Victoria, le crat\u00e8re du Ngorongoro et Olduvai Gorge, \u00ab le Berceau de l&#039;Humanit\u00e9 ?<\/p>\n<p>Le parc national du Serengeti a \u00e9t\u00e9 rendu c\u00e9l\u00e8bre par le roi Lion et il s&#039;av\u00e8re \u00eatre l&#039;un des meilleurs endroits o\u00f9 vous pouvez localiser un safari africain, c&#039;est-\u00e0-dire que les vacances safari en Tanzanie font partie de la classe incroyable des vacances safari \u00e0\u00a0<a href=\"https:\/\/tiketi.com\/fr-fr\/vacations\/kenya-tour-packages\/\" target=\"_blank\" rel=\"noopener\">Kenya<\/a>, vacances safari \u00e0\u00a0<a href=\"https:\/\/tiketi.com\/fr-fr\/vacations\/rwanda-tour-packages\/\" target=\"_blank\" rel=\"noopener\">Rwanda<\/a>, vacances safari \u00e0\u00a0<a href=\"https:\/\/tiketi.com\/fr-fr\/vacations\/namibia-tour-packages\/\" target=\"_blank\" rel=\"noopener\">Namibie<\/a>, vacances safari \u00e0\u00a0<a href=\"https:\/\/tiketi.com\/fr-fr\/vacations\/botswana-tour-packages\/\" target=\"_blank\" rel=\"noopener\">Bostwana<\/a>, vacances safari \u00e0\u00a0<a href=\"https:\/\/tiketi.com\/fr-fr\/vacations\/uganda-tour-packages\/\" target=\"_blank\" rel=\"noopener\">Ouganda<\/a>, etc. Une chose que vous pouvez rencontrer en Tanzanie et que vous ne trouverez pas dans toute l&#039;Afrique de l&#039;Est est l&#039;\u00e9l\u00e9gance de Zanzibar.<\/p>\n<p>Vous pouvez trouver des plages fra\u00eeches le long du territoire et m\u00eame rencontrer des opportunit\u00e9s de plong\u00e9e \u00e9poustouflantes sur l&#039;\u00eele de Zanzibar. La plupart des gens ne sont pas non plus conscients du fait que vous pouvez trouver deux des premiers sites de l&#039;\u00e2ge de pierre sur la plan\u00e8te en Tanzanie.<\/p>\n<h2>Forfait populaire Kilimandjaro, Safari et Zanzibar<\/h2>\n<h3>Vacances \u00e0 la plage \u00e0 Zanzibar<\/h3>\n<p>L&#039;\u00eele de Zanzibar est la principale attraction historique et culturelle de la Tanzanie. Outre le site du patrimoine mondial de l&#039;UNESCO, Stone Town, Zanzibar offre \u00e9galement les meilleures vacances \u00e0 la plage. Le lendemain de votre visite \u00e0 Stone Town, vous devez compl\u00e9ter vos vacances en Tanzanie et \u00e0 Zanzibar avec le snorkeling \u00e0 l&#039;atoll de Mnemba qui offre comme de magnifiques r\u00e9cifs sous-marins des r\u00e9cifs coralliens et une vie sous r\u00e9serve. La plong\u00e9e en apn\u00e9e dans l&#039;atoll de Mnemba commence \u00e0 partir de $ 60 par personne, y compris les frais de conservation, les outils de plong\u00e9e en apn\u00e9e et m\u00eame les collations.<\/p>\n<h3>Forfaits safari en Tanzanie<\/h3>\n<p>Les forfaits safari en Tanzanie sont l&#039;un des meilleurs au monde puisque le pays poss\u00e8de la plus grande population d&#039;animaux sauvages au monde et abrite le parc national du Serengeti (site du patrimoine mondial), la zone de conservation de Ngorongoro (site du patrimoine mondial), le parc national de Tarangire, le lac Manyara Parc national, parc national d&#039;Arusha, r\u00e9serve de gibier de Selous (site du patrimoine mondial) et parc national de Mikumi. Les gens d\u00e9battent de ce qui est le mieux entre Selous et Serengeti, mais vous pouvez les prendre tous les deux. Le Serengeti est l&#039;un des parcs nationaux les plus c\u00e9l\u00e8bres d&#039;Afrique et abrite plus de 1,5 million de gnous, 300 000, 500 000 gazelles de Thompson, plus de 2 700 lions, 1 000 l\u00e9opards, 500 gu\u00e9pards, d&#039;immenses troupeaux d&#039;\u00e9l\u00e9phants, d&#039;\u00e9lans, d&#039;impalas, de cobes, de girafes, autruches et genettes. Le parc est le meilleur pour vous qui voulez un safari en v\u00e9hicule, tandis que Selous est le meilleur safari \u00e0 pied ou en bateau.<\/p>\n<p>\u00c0 quelques minutes en voiture de Dar es Salaam, le parc national de Mikumi est facilement accessible en voiture. Mikumi est le quatri\u00e8me plus grand parc national de Tanzanie. Vous pouvez m\u00eame passer la nuit dans un h\u00e9bergement abordable pr\u00e8s de la porte des parcs nationaux de Mikumi, et cela vous permet d&#039;en explorer davantage dans les prochains jours.<\/p>\n<h3>City break \u00e0 Dar es Salaam<\/h3>\n<p>Si vous avez 2-3 jours \u00e0 passer en Tanzanie, Dar es Salaam devrait figurer sur votre itin\u00e9raire. M\u00eame si c&#039;est la ville c\u00f4ti\u00e8re, Dar es Salaam est une ville peupl\u00e9e et un centre \u00e9conomique r\u00e9gional. La ville de Dar es Salaam abrite des mus\u00e9es et des galeries internationaux et nationaux qui offrent des collections pr\u00e9cieuses mais historiques. Vous pouvez explorer la ville en visitant le mus\u00e9e national, le centre culturel de Nyerere ou simplement profiter des \u00e9tonnantes architectures de Dar es Salaam. V\u00e9rifiez le meilleur s\u00e9jour en ville ou visite guid\u00e9e \u00e0 Dar es Salaam.<\/p>\n<h3>Ascension du mont Kilimandjaro<\/h3>\n<p>Le mont Kilimandjaro offre une ascension difficile vers son pic Uhuru \u00e0 5895 m, la plus haute montagne du continent africain. Si vous n&#039;\u00eates pas un grimpeur professionnel certifi\u00e9, une escalade enti\u00e8rement guid\u00e9e est requise. Il existe diff\u00e9rents itin\u00e9raires vers le sommet avec diff\u00e9rentes attractions de chaque chemin. Les principaux incluent Machame, Lemoso, Arrow Glacier, Rongai, Umbwe, Shira et Mweka pour la descente.<\/p>\n<p>Vous devez pr\u00e9parer la forme physique et la force mentale ainsi que les engrenages appropri\u00e9s pour gravir le Kilimandjaro. Il est fortement sugg\u00e9r\u00e9 d&#039;atteindre le sommet avant le coucher du soleil. Il existe diff\u00e9rents forfaits vacances en Tanzanie pour l&#039;ascension du mont Kilimandjaro ainsi que des forfaits sur mesure pour couvrir \u00e0 la fois des voyages individuels ou des excursions prolong\u00e9es de forfaits vacances en Tanzanie.<\/p>\n<h2>Vous recherchez un forfait Kilimandjaro, Safari et Zanzibar d&#039;un excellent rapport qualit\u00e9-prix\u00a0?<\/h2>\n<p>D\u00e9couvrez le meilleur forfait Kilimandjaro, Safari et Zanzibar pour visiter des lieux comme <a href=\"https:\/\/tiketi.com\/fr-fr\/vacations\/zanzibar-tour-packages\/\" target=\"_blank\" rel=\"noopener\">Zanzibar<\/a>,\u00a0<a href=\"https:\/\/tiketi.com\/fr-fr\/vacations\/dar-es-salaam-tour-packages\/\" target=\"_blank\" rel=\"noopener\">Dar es Salam<\/a>,\u00a0<a href=\"https:\/\/tiketi.com\/fr-fr\/vacations\/arusha-tour-packages\/\" target=\"_blank\" rel=\"noopener\">Arusha<\/a>, Moshi,\u00a0<a href=\"https:\/\/tiketi.com\/fr-fr\/vacations\/mount-kilimanjaro-tour-packages\/\" target=\"_blank\" rel=\"noopener\">le Mont Kilimanjaro<\/a>, Parc national de Mikumi, <a href=\"https:\/\/tiketi.com\/fr-fr\/vacations\/serengeti-national-park-tour-packages\/\" target=\"_blank\" rel=\"noopener\">Parc national du Serengeti<\/a>, la r\u00e9serve de gibier de Selous, le lac Manyara, le parc national de Tarangire, le lac Tanganyika, le lac Victoria et la zone de conservation de Ngorongoro.<\/p>\n<h3>Les forfaits vacances pas chers en Tanzanie de Tiketi.com peuvent vous faire faire des \u00e9conomies !<\/h3>\n<p>Qu&#039;attendez-vous, planifiez un safari en Tanzanie et des vacances \u00e0 la plage et assurez-vous de visiter toutes les merveilleuses attractions.<\/p>\n<h3>Alors, recherchez nos meilleurs forfaits en Tanzanie et r\u00e9servez vos vacances d\u00e8s maintenant \u2013 vivez une exp\u00e9rience inoubliable.<\/h3>\n<hr \/>\n<\/div>\n<div class=\"container\">\n<h3>Forfaits touristiques et vacances populaires<\/h3>\n<div class=\"col-md-4 row5\">\n<p><a href=\"https:\/\/tiketi.com\/fr-fr\/vacations\/zanzibar-tour-packages\/\" target=\"_blank\" rel=\"noopener\">Forfaits Zanzibar<\/a><\/p>\n<p><a href=\"https:\/\/tiketi.com\/fr-fr\/vacations\/serengeti-national-park-tour-packages\/\" target=\"_blank\" rel=\"noopener\">Forfaits Parc national du Serengeti<\/a><\/p>\n<p><a href=\"https:\/\/tiketi.com\/fr-fr\/vacations\/johannesburg-tour-packages\/\" target=\"_blank\" rel=\"noopener\">Forfaits \u00e0 Johannesbourg<\/a><\/p>\n<p><a href=\"https:\/\/tiketi.com\/fr-fr\/vacations\/cape-verde-tour-packages\/\" target=\"_blank\" rel=\"noopener\">Forfaits Boa Vista<\/a><\/p>\n<p><a href=\"https:\/\/tiketi.com\/fr-fr\/vacations\/mount-kilimanjaro-tour-packages\/\" target=\"_blank\" rel=\"noopener\">Forfaits Mont Kilimandjaro<\/a><\/p>\n<p><a href=\"https:\/\/tiketi.com\/fr-fr\/vacations\/nairobi-tour-packages\/\" target=\"_blank\" rel=\"noopener\">Forfaits Nairobi<\/a><\/div>\n<div class=\"col-md-4 row5\">\n<p><a href=\"https:\/\/tiketi.com\/fr-fr\/vacations\/cape-town-tour-packages\/\" target=\"_blank\" rel=\"noopener\">Forfaits Le Cap<\/a><\/p>\n<p><a href=\"https:\/\/tiketi.com\/fr-fr\/vacations\/dubai-tour-packages\/\" target=\"_blank\" rel=\"noopener\">Forfaits Duba\u00ef<\/a><\/p>\n<p><a href=\"https:\/\/tiketi.com\/fr-fr\/vacations\/harare-tour-packages\/\" target=\"_blank\" rel=\"noopener\">Forfaits vacances \u00e0 Harare<\/a><\/p>\n<p><a href=\"https:\/\/tiketi.com\/fr-fr\/destination\/south-africa\/kruger-national-park\/\" target=\"_blank\" rel=\"noopener\">Forfaits Parc national Kruger<\/a><\/p>\n<p><a href=\"https:\/\/tiketi.com\/fr-fr\/vacations\/kenya-tour-packages\/\" target=\"_blank\" rel=\"nofollow noopener\">Forfaits R\u00e9serve nationale du Masai Mara<\/a><\/div>\n<div class=\"col-md-4 row5\">\n<p><a href=\"https:\/\/tiketi.com\/fr-fr\/vacations\/marrakech-tour-packages\/\" target=\"_blank\" rel=\"noopener\">Forfaits Marrakech<\/a><\/p>\n<p><a href=\"https:\/\/tiketi.com\/fr-fr\/vacations\/victoria-falls-tour-packages\/\" target=\"_blank\" rel=\"noopener\">Forfaits Chutes Victoria<\/a><\/p>\n<p><a href=\"https:\/\/tiketi.com\/fr-fr\/vacations\/dar-es-salaam-tour-packages\/\" target=\"_blank\" rel=\"noopener\">Forfaits Dar es Salam<\/a><\/p>\n<p><a href=\"https:\/\/tiketi.com\/fr-fr\/vacations\/botswana-tour-packages\/\" target=\"_blank\" rel=\"noopener\">Forfaits Parc National de Chobe<\/a><\/p>\n<p><a href=\"https:\/\/tiketi.com\/fr-fr\/vacations\/namibia-tour-packages\/\" target=\"_blank\" rel=\"noopener\">Forfaits Fish River Canyon<\/a><\/div>\n<div class=\"col-md-4 row5\"><\/div>\n<\/div>\n\n\t\t<\/div>\n\t<\/div>\n<\/div>\n\t<\/div> \n<\/div><!--End .row--><\/div><!--End .container--><\/div><div class=\"vc_row wpb_row st bg-holder\"><div class='container'><div class='row'>\n\t<div class=\"wpb_column column_container col-md-12\"><div class=\"vc_column-inner wpb_wrapper\">\n\t\t\t<div class=\"vc_separator wpb_content_element vc_separator_align_center vc_sep_width_100 vc_sep_pos_align_center vc_separator_no_text vc_sep_color_grey vc_custom_1557213917472 wpb_content_element  vc_custom_1557213917472 wpb_content_element\" ><span class=\"vc_sep_holder vc_sep_holder_l\"><span class=\"vc_sep_line\"><\/span><\/span><span class=\"vc_sep_holder vc_sep_holder_r\"><span class=\"vc_sep_line\"><\/span><\/span>\n<\/div><\/div>\n\t<\/div> \n<\/div><!--End .row--><\/div><!--End .container--><\/div>\n<\/div>","protected":false},"excerpt":{"rendered":"More Mount Kilimanjaro, Safari &amp; Zanzibar Package Best Tanzania Tour Packages Kilimanjaro, Safari &amp; Zanzibar package are a heaven for scuba diving, the big game \"5\" safari, mountains, and heaven beaches-It has practically everything a tourist could need on best Tanzania tour packages. Top Tourist Attractions in Tanzania Travel Packages Tanzania is the typical, precise [...]","protected":false},"author":1,"featured_media":10170,"parent":21742,"menu_order":0,"comment_status":"closed","ping_status":"closed","template":"template-home-modern.php","meta":{"footnotes":""},"class_list":["post-21727","page","type-page","status-publish","has-post-thumbnail","hentry"],"yoast_head":"<!-- This site is optimized with the Yoast SEO plugin v27.2 - https:\/\/yoast.com\/product\/yoast-seo-wordpress\/ -->\n<title>Best Tanzania Tour Packages I Kilimanjaro, Safari &amp; Zanzibar<\/title>\n<meta name=\"description\" content=\"Looking for best Tanzania tour packages? Book cheap Kilimanjaro, safari &amp; Zanzibar package and enjoy discounts and a hassle-free trip\" \/>\n<meta name=\"robots\" content=\"index, follow, max-snippet:-1, max-image-preview:large, max-video-preview:-1\" \/>\n<link rel=\"canonical\" href=\"https:\/\/tiketi.com\/fr-fr\/likizo\/tanzania-tour-packages\/\" \/>\n<meta property=\"og:locale\" content=\"fr_FR\" \/>\n<meta property=\"og:type\" content=\"article\" \/>\n<meta property=\"og:title\" content=\"Best Tanzania Tour Packages I Kilimanjaro, Safari &amp; Zanzibar\" \/>\n<meta property=\"og:description\" content=\"Looking for best Tanzania tour packages? Book cheap Kilimanjaro, safari &amp; Zanzibar package and enjoy discounts and a hassle-free trip\" \/>\n<meta property=\"og:url\" content=\"https:\/\/tiketi.com\/fr-fr\/likizo\/tanzania-tour-packages\/\" \/>\n<meta property=\"og:site_name\" content=\"Tiketi.com\" \/>\n<meta property=\"article:publisher\" content=\"https:\/\/www.facebook.com\/TiketiCom\/\" \/>\n<meta property=\"article:modified_time\" content=\"2024-08-02T16:09:14+00:00\" \/>\n<meta property=\"og:image\" content=\"https:\/\/tiketi.com\/wp-content\/uploads\/2022\/01\/ngorongoro-tz-hendrik-corne.jpg\" \/>\n\t<meta property=\"og:image:width\" content=\"1000\" \/>\n\t<meta property=\"og:image:height\" content=\"389\" \/>\n\t<meta property=\"og:image:type\" content=\"image\/jpeg\" \/>\n<meta name=\"twitter:card\" content=\"summary_large_image\" \/>\n<meta name=\"twitter:label1\" content=\"Dur\u00e9e de lecture estim\u00e9e\" \/>\n\t<meta name=\"twitter:data1\" content=\"5 minutes\" \/>\n<script type=\"application\/ld+json\" class=\"yoast-schema-graph\">{\"@context\":\"https:\/\/schema.org\",\"@graph\":[{\"@type\":\"WebPage\",\"@id\":\"https:\/\/tiketi.com\/sw\/likizo\/tanzania-tour-packages\/\",\"url\":\"https:\/\/tiketi.com\/sw\/likizo\/tanzania-tour-packages\/\",\"name\":\"Best Tanzania Tour Packages I Kilimanjaro, Safari & Zanzibar\",\"isPartOf\":{\"@id\":\"https:\/\/tiketi.com\/#website\"},\"primaryImageOfPage\":{\"@id\":\"https:\/\/tiketi.com\/sw\/likizo\/tanzania-tour-packages\/#primaryimage\"},\"image\":{\"@id\":\"https:\/\/tiketi.com\/sw\/likizo\/tanzania-tour-packages\/#primaryimage\"},\"thumbnailUrl\":\"https:\/\/tiketi.com\/wp-content\/uploads\/2022\/01\/ngorongoro-tz-hendrik-corne.jpg\",\"datePublished\":\"2022-02-23T17:10:40+00:00\",\"dateModified\":\"2024-08-02T16:09:14+00:00\",\"description\":\"Looking for best Tanzania tour packages? Book cheap Kilimanjaro, safari & Zanzibar package and enjoy discounts and a hassle-free trip\",\"breadcrumb\":{\"@id\":\"https:\/\/tiketi.com\/sw\/likizo\/tanzania-tour-packages\/#breadcrumb\"},\"inLanguage\":\"fr-FR\",\"potentialAction\":[{\"@type\":\"ReadAction\",\"target\":[\"https:\/\/tiketi.com\/sw\/likizo\/tanzania-tour-packages\/\"]}]},{\"@type\":\"ImageObject\",\"inLanguage\":\"fr-FR\",\"@id\":\"https:\/\/tiketi.com\/sw\/likizo\/tanzania-tour-packages\/#primaryimage\",\"url\":\"https:\/\/tiketi.com\/wp-content\/uploads\/2022\/01\/ngorongoro-tz-hendrik-corne.jpg\",\"contentUrl\":\"https:\/\/tiketi.com\/wp-content\/uploads\/2022\/01\/ngorongoro-tz-hendrik-corne.jpg\",\"width\":1000,\"height\":389,\"caption\":\"Tanzania tour packages\"},{\"@type\":\"BreadcrumbList\",\"@id\":\"https:\/\/tiketi.com\/sw\/likizo\/tanzania-tour-packages\/#breadcrumb\",\"itemListElement\":[{\"@type\":\"ListItem\",\"position\":1,\"name\":\"Home\",\"item\":\"https:\/\/tiketi.com\/\"},{\"@type\":\"ListItem\",\"position\":2,\"name\":\"Best Vacation Travel Packages &#038; Holiday Deals\",\"item\":\"https:\/\/tiketi.com\/vacations\/\"},{\"@type\":\"ListItem\",\"position\":3,\"name\":\"Best Tanzania Tour Packages I Kilimanjaro, Safari &#038; Zanzibar\"}]},{\"@type\":\"WebSite\",\"@id\":\"https:\/\/tiketi.com\/#website\",\"url\":\"https:\/\/tiketi.com\/\",\"name\":\"Flight & Bus Tickets, Tour Packages & Activitites - Tiketi.com\",\"description\":\"Flight &amp; Bus Tickets, Tours, Activitites\",\"publisher\":{\"@id\":\"https:\/\/tiketi.com\/#organization\"},\"potentialAction\":[{\"@type\":\"SearchAction\",\"target\":{\"@type\":\"EntryPoint\",\"urlTemplate\":\"https:\/\/tiketi.com\/?s={search_term_string}\"},\"query-input\":{\"@type\":\"PropertyValueSpecification\",\"valueRequired\":true,\"valueName\":\"search_term_string\"}}],\"inLanguage\":\"fr-FR\"},{\"@type\":\"Organization\",\"@id\":\"https:\/\/tiketi.com\/#organization\",\"name\":\"Tiketi.com\",\"alternateName\":\"Tiketi\",\"url\":\"https:\/\/tiketi.com\/\",\"logo\":{\"@type\":\"ImageObject\",\"inLanguage\":\"fr-FR\",\"@id\":\"https:\/\/tiketi.com\/#\/schema\/logo\/image\/\",\"url\":\"https:\/\/tiketi.com\/wp-content\/uploads\/2019\/05\/tiketi-logo-696.png\",\"contentUrl\":\"https:\/\/tiketi.com\/wp-content\/uploads\/2019\/05\/tiketi-logo-696.png\",\"width\":696,\"height\":696,\"caption\":\"Tiketi.com\"},\"image\":{\"@id\":\"https:\/\/tiketi.com\/#\/schema\/logo\/image\/\"},\"sameAs\":[\"https:\/\/www.facebook.com\/TiketiCom\/\"]}]}<\/script>\n<!-- \/ Yoast SEO plugin. -->","yoast_head_json":{"title":"Meilleurs forfaits touristiques en Tanzanie I Kilimandjaro, Safari et Zanzibar","description":"Vous recherchez les meilleurs forfaits touristiques en Tanzanie ? R\u00e9servez un forfait Kilimandjaro, safari et Zanzibar pas cher et profitez de r\u00e9ductions et d&#039;un voyage sans tracas","robots":{"index":"index","follow":"follow","max-snippet":"max-snippet:-1","max-image-preview":"max-image-preview:large","max-video-preview":"max-video-preview:-1"},"canonical":"https:\/\/tiketi.com\/fr-fr\/likizo\/tanzania-tour-packages\/","og_locale":"fr_FR","og_type":"article","og_title":"Best Tanzania Tour Packages I Kilimanjaro, Safari & Zanzibar","og_description":"Looking for best Tanzania tour packages? Book cheap Kilimanjaro, safari & Zanzibar package and enjoy discounts and a hassle-free trip","og_url":"https:\/\/tiketi.com\/fr-fr\/likizo\/tanzania-tour-packages\/","og_site_name":"Tiketi.com","article_publisher":"https:\/\/www.facebook.com\/TiketiCom\/","article_modified_time":"2024-08-02T16:09:14+00:00","og_image":[{"width":1000,"height":389,"url":"https:\/\/tiketi.com\/wp-content\/uploads\/2022\/01\/ngorongoro-tz-hendrik-corne.jpg","type":"image\/jpeg"}],"twitter_card":"summary_large_image","twitter_misc":{"Dur\u00e9e de lecture estim\u00e9e":"5 minutes"},"schema":{"@context":"https:\/\/schema.org","@graph":[{"@type":"WebPage","@id":"https:\/\/tiketi.com\/sw\/likizo\/tanzania-tour-packages\/","url":"https:\/\/tiketi.com\/sw\/likizo\/tanzania-tour-packages\/","name":"Meilleurs forfaits touristiques en Tanzanie I Kilimandjaro, Safari et Zanzibar","isPartOf":{"@id":"https:\/\/tiketi.com\/#website"},"primaryImageOfPage":{"@id":"https:\/\/tiketi.com\/sw\/likizo\/tanzania-tour-packages\/#primaryimage"},"image":{"@id":"https:\/\/tiketi.com\/sw\/likizo\/tanzania-tour-packages\/#primaryimage"},"thumbnailUrl":"https:\/\/tiketi.com\/wp-content\/uploads\/2022\/01\/ngorongoro-tz-hendrik-corne.jpg","datePublished":"2022-02-23T17:10:40+00:00","dateModified":"2024-08-02T16:09:14+00:00","description":"Vous recherchez les meilleurs forfaits touristiques en Tanzanie ? R\u00e9servez un forfait Kilimandjaro, safari et Zanzibar pas cher et profitez de r\u00e9ductions et d&#039;un voyage sans tracas","breadcrumb":{"@id":"https:\/\/tiketi.com\/sw\/likizo\/tanzania-tour-packages\/#breadcrumb"},"inLanguage":"fr-FR","potentialAction":[{"@type":"ReadAction","target":["https:\/\/tiketi.com\/sw\/likizo\/tanzania-tour-packages\/"]}]},{"@type":"ImageObject","inLanguage":"fr-FR","@id":"https:\/\/tiketi.com\/sw\/likizo\/tanzania-tour-packages\/#primaryimage","url":"https:\/\/tiketi.com\/wp-content\/uploads\/2022\/01\/ngorongoro-tz-hendrik-corne.jpg","contentUrl":"https:\/\/tiketi.com\/wp-content\/uploads\/2022\/01\/ngorongoro-tz-hendrik-corne.jpg","width":1000,"height":389,"caption":"Tanzania tour packages"},{"@type":"BreadcrumbList","@id":"https:\/\/tiketi.com\/sw\/likizo\/tanzania-tour-packages\/#breadcrumb","itemListElement":[{"@type":"ListItem","position":1,"name":"Home","item":"https:\/\/tiketi.com\/"},{"@type":"ListItem","position":2,"name":"Best Vacation Travel Packages &#038; Holiday Deals","item":"https:\/\/tiketi.com\/vacations\/"},{"@type":"ListItem","position":3,"name":"Best Tanzania Tour Packages I Kilimanjaro, Safari &#038; Zanzibar"}]},{"@type":"WebSite","@id":"https:\/\/tiketi.com\/#website","url":"https:\/\/tiketi.com\/","name":"Billets d&#039;avion et de bus, forfaits touristiques et activit\u00e9s - Tiketi.com","description":"Billets d&#039;avion et de bus, Tours, Activit\u00e9s","publisher":{"@id":"https:\/\/tiketi.com\/#organization"},"potentialAction":[{"@type":"SearchAction","target":{"@type":"EntryPoint","urlTemplate":"https:\/\/tiketi.com\/?s={search_term_string}"},"query-input":{"@type":"PropertyValueSpecification","valueRequired":true,"valueName":"search_term_string"}}],"inLanguage":"fr-FR"},{"@type":"Organization","@id":"https:\/\/tiketi.com\/#organization","name":"Tiketi.com","alternateName":"Tiketi","url":"https:\/\/tiketi.com\/","logo":{"@type":"ImageObject","inLanguage":"fr-FR","@id":"https:\/\/tiketi.com\/#\/schema\/logo\/image\/","url":"https:\/\/tiketi.com\/wp-content\/uploads\/2019\/05\/tiketi-logo-696.png","contentUrl":"https:\/\/tiketi.com\/wp-content\/uploads\/2019\/05\/tiketi-logo-696.png","width":696,"height":696,"caption":"Tiketi.com"},"image":{"@id":"https:\/\/tiketi.com\/#\/schema\/logo\/image\/"},"sameAs":["https:\/\/www.facebook.com\/TiketiCom\/"]}]}},"_links":{"self":[{"href":"https:\/\/tiketi.com\/fr-fr\/wp-json\/wp\/v2\/pages\/21727","targetHints":{"allow":["GET"]}}],"collection":[{"href":"https:\/\/tiketi.com\/fr-fr\/wp-json\/wp\/v2\/pages"}],"about":[{"href":"https:\/\/tiketi.com\/fr-fr\/wp-json\/wp\/v2\/types\/page"}],"author":[{"embeddable":true,"href":"https:\/\/tiketi.com\/fr-fr\/wp-json\/wp\/v2\/users\/1"}],"replies":[{"embeddable":true,"href":"https:\/\/tiketi.com\/fr-fr\/wp-json\/wp\/v2\/comments?post=21727"}],"version-history":[{"count":1,"href":"https:\/\/tiketi.com\/fr-fr\/wp-json\/wp\/v2\/pages\/21727\/revisions"}],"predecessor-version":[{"id":30989,"href":"https:\/\/tiketi.com\/fr-fr\/wp-json\/wp\/v2\/pages\/21727\/revisions\/30989"}],"up":[{"embeddable":true,"href":"https:\/\/tiketi.com\/fr-fr\/wp-json\/wp\/v2\/pages\/21742"}],"wp:featuredmedia":[{"embeddable":true,"href":"https:\/\/tiketi.com\/fr-fr\/wp-json\/wp\/v2\/media\/10170"}],"wp:attachment":[{"href":"https:\/\/tiketi.com\/fr-fr\/wp-json\/wp\/v2\/media?parent=21727"}],"curies":[{"name":"wp","href":"https:\/\/api.w.org\/{rel}","templated":true}]}}