{"id":21776,"date":"2022-02-24T09:51:59","date_gmt":"2022-02-24T08:51:59","guid":{"rendered":"https:\/\/new.tiketi.com\/?page_id=21776"},"modified":"2024-08-02T17:56:21","modified_gmt":"2024-08-02T16:56:21","slug":"south-africa-tour-packages","status":"publish","type":"page","link":"https:\/\/tiketi.com\/fr-fr\/vacations\/south-africa-tour-packages\/","title":{"rendered":"Meilleurs forfaits touristiques en Afrique du Sud \u2013 Forfaits vacances bon march\u00e9"},"content":{"rendered":"<div class=\"wpb-content-wrapper\"><div class=\"vc_row wpb_row st bg-holder\"><div class='container'><div class='row'>\n\t<div class=\"wpb_column column_container col-md-12\"><div class=\"vc_column-inner wpb_wrapper\">\n\t\t\t\n\t<div class=\"wpb_text_column wpb_content_element\" >\n\t\t<div class=\"wpb_wrapper\">\n\t\t\t<h2>Forfaits vacances pas chers en Afrique du Sud<\/h2>\n\n\t\t<\/div>\n\t<\/div>\n<\/div>\n\t<\/div> \n<\/div><!--End .row--><\/div><!--End .container--><\/div><div class=\"vc_row wpb_row st bg-holder\"><div class='container'><div class='row'>\n\t<div class=\"wpb_column column_container col-md-12\"><div class=\"vc_column-inner wpb_wrapper\">\n\t\t\t\n\t<div class=\"wpb_text_column wpb_content_element\" >\n\t\t<div class=\"wpb_wrapper\">\n\t\t\t<p><script defer=\"\" type=\"text\/javascript\" src=\"https:\/\/tiketi.rezdy.com\/pluginJs\"><\/script><br \/>\n<iframe loading=\"lazy\" class=\"rezdy\" src=\"https:\/\/tiketi.rezdy.com\/catalog\/535903\/zanzibar?iframe=true\" width=\"100%\" height=\"1000px\" frameborder=\"0\" seamless=\"\"><\/iframe><\/p>\n\n\t\t<\/div>\n\t<\/div>\n<\/div>\n\t<\/div> \n<\/div><!--End .row--><\/div><!--End .container--><\/div><div class=\"vc_row wpb_row st bg-holder\"><div class='container'><div class='row'>\n\t<div class=\"wpb_column column_container col-md-12\"><div class=\"vc_column-inner wpb_wrapper\">\n\t\t\t<div class=\"vc_separator wpb_content_element vc_separator_align_center vc_sep_width_100 vc_sep_pos_align_center vc_separator_no_text vc_sep_color_grey wpb_content_element  wpb_content_element\" ><span class=\"vc_sep_holder vc_sep_holder_l\"><span class=\"vc_sep_line\"><\/span><\/span><span class=\"vc_sep_holder vc_sep_holder_r\"><span class=\"vc_sep_line\"><\/span><\/span>\n<\/div><\/div>\n\t<\/div> \n<\/div><!--End .row--><\/div><!--End .container--><\/div><div class=\"vc_row wpb_row st bg-holder\"><div class='container'><div class='row'>\n\t<div class=\"wpb_column column_container col-md-12\"><div class=\"vc_column-inner wpb_wrapper\">\n\t\t\t\n\t<div class=\"wpb_text_column wpb_content_element\" >\n\t\t<div class=\"wpb_wrapper\">\n\t\t\t<div class=\"container\">\n<h2>Meilleurs forfaits vacances en Afrique du Sud<\/h2>\n<p>L&#039;Afrique du Sud est une r\u00e9publique situ\u00e9e dans la partie sud du continent africain et constitue \u00e9galement l&#039;une des destinations touristiques les plus pris\u00e9es de la r\u00e9gion. Les forfaits vacances en Afrique du Sud sont la combinaison parfaite entre retraite \u00e0 la plage, safari et escapade en ville. L&#039;Afrique du Sud est un refuge de paysages \u00e0 couper le souffle, d&#039;une faune abondante, de villes modernes anim\u00e9es et anim\u00e9es et de cultures diff\u00e9rentes. Prendre les meilleurs forfaits en Afrique du Sud peut \u00eatre une tr\u00e8s belle exp\u00e9rience \u00e0 consid\u00e9rer si vous \u00eates int\u00e9ress\u00e9 par un large \u00e9ventail de ces fonctionnalit\u00e9s \u00e9tonnantes.<\/p>\n<p>L&#039;Afrique du Sud est un pays distinct \u00e0 tous \u00e9gards, cette obsession qu&#039;on ne peut pas assumer tout de suite. Les parcs nationaux pour les amoureux des animaux, les plantes fascinantes de la botanique et les vastes communaut\u00e9s urbaines ne sont plus en retard sur les villes occidentales. Pour faire connaissance avec les Sud-Africains, il faut parcourir le pays. Il y a des zones importantes partout, il n\u2019y a pas de v\u00e9ritables villes pour les voyageurs. Le paysage diversifi\u00e9 qu&#039;elle tire d&#039;un grand nombre de zones climatiques lui conf\u00e8re une vue exceptionnelle : qui s&#039;\u00e9tend des plages de sable immacul\u00e9es au sud-est de la r\u00e9gion, \u00e0 la diversification botanique \u00e0 l&#039;ouest jusqu&#039;au Tafelberg situ\u00e9 au nord, il y a un climat pour chaque go\u00fbt.<\/p>\n<h2>Vacances Afrique du Sud<\/h2>\n<p>Les vacances en Afrique du Sud sont un paradis pour les s\u00e9jours en ville, les safaris, les randonn\u00e9es, les meilleurs mets et vins, les activit\u00e9s de plein air, les amateurs d&#039;art et les vacances en famille. V\u00e9rifions la combinaison\u00a0:<\/p>\n<h3>Le Cap<\/h3>\n<p>De l&#039;observation des baleines \u00e0 la d\u00e9gustation de vin, le charme du Cap attire les touristes du monde entier et continue de captiver les pens\u00e9es de l&#039;ensemble de la communaut\u00e9 de la ville et continue de recevoir de nombreuses r\u00e9compenses tout au long de 2019.<\/p>\n<h3>Les s\u00e9jours en ville<\/h3>\n<p>Les forfaits vacances en Afrique du Sud offrent des exp\u00e9riences de s\u00e9jour en ville \u00e9ligibles dans ses principales villes, notamment Johannesburg, Durban, Pretoria et\u00a0<a href=\"https:\/\/tiketi.com\/fr-fr\/vacations\/cape-town-tour-packages\/\" target=\"_blank\" rel=\"noopener\">Le Cap<\/a>. Johannesburg abrite de nombreux sites historiques de la r\u00e9publique, notamment le mus\u00e9e de l&#039;apartheid et le m\u00e9morial Hector Pieterson. La capitale propose \u00e9galement un large \u00e9ventail d&#039;escapades citadines : cuisines, vie nocturne, shopping moderne et bien d&#039;autres encore.<\/p>\n<p>Le Cap est une autre ville la plus visit\u00e9e d&#039;Afrique du Sud et propose de pr\u00e9cieux forfaits city break. La ville poss\u00e8de les Winelands qui proposent une large gamme de visites gastronomiques, des stands de nourriture aux restaurants, \u00e0 un prix comp\u00e9titif. Capetown est \u00e9galement une \u00e9tape mondiale du shopping. Donc, si vous ne participez \u00e0 aucune excursion dans la nature, une pause au Cap est fortement recommand\u00e9e.<\/p>\n<h3>Forfaits de voyage \u00e0 la plage<\/h3>\n<p>Durban et Le Cap offrent d&#039;\u00e9tonnantes vacances \u00e0 la plage en Afrique du Sud dont vous pourrez pleinement profiter en passant plusieurs jours dans la ville. Vous pouvez prendre un h\u00e9bergement au bord de l\u2019eau sur Last Word Long Beach et profiter d\u2019un acc\u00e8s direct \u00e0 la plage de sable blanc. Vous pouvez soit pratiquer des sports nautiques, soit simplement profiter de la d\u00e9tente dans le confortable village de souffrance.<\/p>\n<p>Un autre forfait vacances \u00e0 la plage remarquable en Afrique du Sud est propos\u00e9 par Durban avec des h\u00e9bergements plus \u00e9conomiques. Il est situ\u00e9 \u00e0 l&#039;entr\u00e9e du port de Point Waterfront et offre une plage de 4 miles ouverte et s\u00fbre pour la plupart des activit\u00e9s de sports nautiques, notamment la natation, le surf, le canotage, ou tout simplement profiter d&#039;un pique-nique sur cette plage de sable.<\/p>\n<h3>Forfaits vacances safari en Afrique du Sud<\/h3>\n<p>Comme la plupart des pays africains, l\u2019Afrique du Sud offre la meilleure opportunit\u00e9 de faire un safari. Deux destinations principales pour les forfaits vacances safari en Afrique du Sud : le parc national Kruger et le parc national Addo Elephant. Le paysage du parc national Kruger est occup\u00e9 par des montagnes, des for\u00eats tropicales et des plaines de brousse qui abritent divers animaux sauvages, dont les cinq grands : le lion, le l\u00e9opard, l&#039;\u00e9l\u00e9phant rhinoc\u00e9ros et le buffle. Vous pouvez participer \u00e0 des safaris de groupe plus abordables ou \u00e0 des safaris priv\u00e9s. Tous les circuits des forfaits vacances Safari en Afrique du Sud sont guid\u00e9s par les locaux et les professionnels tandis que des lodges et des camps sont disponibles \u00e0 proximit\u00e9 du parc.<\/p>\n<p>Vous adorerez \u00e9galement le parc national Addo Elephant, car il vous permet de b\u00e9n\u00e9ficier d&#039;un forfait safari sans chauffeur. C&#039;est litt\u00e9ralement un parc sp\u00e9cifique aux \u00e9l\u00e9phants mais vous pouvez \u00e9galement y voir d&#039;autres animaux sauvages. De nombreux h\u00e9bergements sont disponibles \u00e0 proximit\u00e9 du parc, mais certains h\u00f4tels en dehors de la zone sont en mesure de r\u00e9server le forfait vacances Safari en Afrique du Sud pour vous.<\/p>\n<h3>Excursions d&#039;une journ\u00e9e<\/h3>\n<p>La fa\u00e7on la plus simple d&#039;explorer les vacances en Afrique du Sud consiste \u00e0 faire des excursions d&#039;une journ\u00e9e vers des destinations mises en avant. Il s&#039;agit notamment de Johannesburg, du Cap, de Pretoria, de la Garden Route ou du parc national de Table Mountain. Il existe diff\u00e9rents forfaits d&#039;excursions d&#039;une journ\u00e9e avec une gamme de points d&#039;arr\u00eat et d&#039;activit\u00e9s s\u00e9lectionn\u00e9s. Les vacances en Afrique du Sud durent de 1 \u00e0 10 jours, voire plus selon les destinations et les activit\u00e9s incluses dans le forfait.<\/p>\n<h2>Vous recherchez des forfaits vacances \u00e0 petit prix en Afrique du Sud ?<\/h2>\n<h3>Les meilleurs forfaits touristiques en Afrique du Sud de Tiketi.com peuvent vous aider \u00e0 \u00e9conomiser de l&#039;argent !<\/h3>\n<p>Il est sugg\u00e9r\u00e9 de r\u00e9server tout h\u00e9bergement et activit\u00e9 \u00e0 l&#039;avance, en particulier lorsque vous planifiez des vacances en Afrique du Sud au printemps et en automne, qui sont en fait les hautes saisons car elles offrent un climat favorable pour diverses activit\u00e9s.<\/p>\n<hr \/>\n<\/div>\n<div class=\"container\">\n<h3>Forfaits touristiques et vacances populaires<\/h3>\n<div class=\"col-md-4 row5\">\n<p><a href=\"https:\/\/tiketi.com\/fr-fr\/vacations\/zanzibar-tour-packages\/\" target=\"_blank\" rel=\"noopener\">Forfaits Zanzibar<\/a><a href=\"https:\/\/tiketi.com\/fr-fr\/vacations\/serengeti-national-park-tour-packages\/\" target=\"_blank\" rel=\"noopener\">Forfaits Parc national du Serengeti<\/a><\/p>\n<p><a href=\"https:\/\/tiketi.com\/fr-fr\/vacations\/johannesburg-tour-packages\/\" target=\"_blank\" rel=\"noopener\">Forfaits \u00e0 Johannesbourg<\/a><\/p>\n<p><a href=\"https:\/\/tiketi.com\/fr-fr\/vacations\/cape-verde-tour-packages\/\" target=\"_blank\" rel=\"noopener\">Forfaits Boa Vista<\/a><\/p>\n<p><a href=\"https:\/\/tiketi.com\/fr-fr\/vacations\/mount-kilimanjaro-tour-packages\/\" target=\"_blank\" rel=\"noopener\">Forfaits Mont Kilimandjaro<\/a><\/p>\n<p><a href=\"https:\/\/tiketi.com\/fr-fr\/vacations\/nairobi-tour-packages\/\" target=\"_blank\" rel=\"noopener\">Forfaits Nairobi<\/a><\/p>\n<\/div>\n<div class=\"col-md-4 row5\">\n<p><a href=\"https:\/\/tiketi.com\/fr-fr\/vacations\/cape-town-tour-packages\/\" target=\"_blank\" rel=\"noopener\">Forfaits Le Cap<\/a><\/p>\n<p><a href=\"https:\/\/tiketi.com\/fr-fr\/vacations\/dubai-tour-packages\/\" target=\"_blank\" rel=\"noopener\">Forfaits Duba\u00ef<\/a><\/p>\n<p><a href=\"https:\/\/tiketi.com\/fr-fr\/vacations\/harare-tour-packages\/\" target=\"_blank\" rel=\"noopener\">Forfaits vacances \u00e0 Harare<\/a><\/p>\n<p><a href=\"https:\/\/tiketi.com\/fr-fr\/destination\/south-africa\/kruger-national-park\/\" target=\"_blank\" rel=\"noopener\">Forfaits Parc national Kruger<\/a><\/p>\n<p><a href=\"https:\/\/tiketi.com\/fr-fr\/vacations\/kenya-tour-packages\/\" target=\"_blank\" rel=\"nofollow noopener\">Forfaits R\u00e9serve nationale du Masai Mara<\/a><\/p>\n<\/div>\n<div class=\"col-md-4 row5\">\n<p><a href=\"https:\/\/tiketi.com\/fr-fr\/vacations\/marrakech-tour-packages\/\" target=\"_blank\" rel=\"noopener\">Forfaits Marrakech<\/a><\/p>\n<p><a href=\"https:\/\/tiketi.com\/fr-fr\/vacations\/victoria-falls-tour-packages\/\" target=\"_blank\" rel=\"noopener\">Forfaits Chutes Victoria<\/a><\/p>\n<p><a href=\"https:\/\/tiketi.com\/fr-fr\/vacations\/dar-es-salaam-tour-packages\/\" target=\"_blank\" rel=\"noopener\">Forfaits Dar es Salam<\/a><\/p>\n<p><a href=\"https:\/\/tiketi.com\/fr-fr\/vacations\/botswana-tour-packages\/\" target=\"_blank\" rel=\"noopener\">Forfaits Parc National de Chobe<\/a><\/p>\n<p><a href=\"https:\/\/tiketi.com\/fr-fr\/vacations\/namibia-tour-packages\/\" target=\"_blank\" rel=\"noopener\">Forfaits Fish River Canyon<\/a><\/p>\n<\/div>\n<div class=\"col-md-4 row5\"><\/div>\n<div class=\"col-md-4 row5\"><\/div>\n<\/div>\n\n\t\t<\/div>\n\t<\/div>\n<\/div>\n\t<\/div> \n<\/div><!--End .row--><\/div><!--End .container--><\/div><div class=\"vc_row wpb_row st bg-holder\"><div class='container'><div class='row'>\n\t<div class=\"wpb_column column_container col-md-12\"><div class=\"vc_column-inner wpb_wrapper\">\n\t\t\t<div class=\"vc_separator wpb_content_element vc_separator_align_center vc_sep_width_100 vc_sep_pos_align_center vc_separator_no_text vc_sep_color_grey vc_custom_1557213917472 wpb_content_element  vc_custom_1557213917472 wpb_content_element\" ><span class=\"vc_sep_holder vc_sep_holder_l\"><span class=\"vc_sep_line\"><\/span><\/span><span class=\"vc_sep_holder vc_sep_holder_r\"><span class=\"vc_sep_line\"><\/span><\/span>\n<\/div><\/div>\n\t<\/div> \n<\/div><!--End .row--><\/div><!--End .container--><\/div>\n<\/div>","protected":false},"excerpt":{"rendered":"Cheap South Africa Vacation Packages Best South Africa Holiday Packages South Africa is a republic country in the southern part of Africa continent which is also one of the most valuable tourism destinations in the region. South Africa holiday packages are the perfect combination of beach retreat, safari, and city break. South Africa is a [...]","protected":false},"author":1,"featured_media":21777,"parent":21742,"menu_order":0,"comment_status":"closed","ping_status":"closed","template":"template-home-modern.php","meta":{"footnotes":""},"class_list":["post-21776","page","type-page","status-publish","has-post-thumbnail","hentry"],"yoast_head":"<!-- This site is optimized with the Yoast SEO plugin v27.2 - https:\/\/yoast.com\/product\/yoast-seo-wordpress\/ -->\n<title>Best South Africa Tour Packages - Cheap Vacation Packages<\/title>\n<meta name=\"description\" content=\"Looking for best South Africa tour packages? Book cheap South Africa vacation packages with hotel and activities - enjoy discounts\" \/>\n<meta name=\"robots\" content=\"index, follow, max-snippet:-1, max-image-preview:large, max-video-preview:-1\" \/>\n<link rel=\"canonical\" href=\"https:\/\/tiketi.com\/fr-fr\/vacations\/south-africa-tour-packages\/\" \/>\n<meta property=\"og:locale\" content=\"fr_FR\" \/>\n<meta property=\"og:type\" content=\"article\" \/>\n<meta property=\"og:title\" content=\"Best South Africa Tour Packages - Cheap Vacation Packages\" \/>\n<meta property=\"og:description\" content=\"Looking for best South Africa tour packages? Book cheap South Africa vacation packages with hotel and activities - enjoy discounts\" \/>\n<meta property=\"og:url\" content=\"https:\/\/tiketi.com\/fr-fr\/vacations\/south-africa-tour-packages\/\" \/>\n<meta property=\"og:site_name\" content=\"Tiketi.com\" \/>\n<meta property=\"article:publisher\" content=\"https:\/\/www.facebook.com\/TiketiCom\/\" \/>\n<meta property=\"article:modified_time\" content=\"2024-08-02T16:56:21+00:00\" \/>\n<meta property=\"og:image\" content=\"https:\/\/tiketi.com\/wp-content\/uploads\/2022\/02\/cape-town-1562907_1920.jpg\" \/>\n\t<meta property=\"og:image:width\" content=\"1200\" \/>\n\t<meta property=\"og:image:height\" content=\"200\" \/>\n\t<meta property=\"og:image:type\" content=\"image\/jpeg\" \/>\n<meta name=\"twitter:card\" content=\"summary_large_image\" \/>\n<meta name=\"twitter:label1\" content=\"Dur\u00e9e de lecture estim\u00e9e\" \/>\n\t<meta name=\"twitter:data1\" content=\"4 minutes\" \/>\n<script type=\"application\/ld+json\" class=\"yoast-schema-graph\">{\"@context\":\"https:\/\/schema.org\",\"@graph\":[{\"@type\":\"WebPage\",\"@id\":\"https:\/\/tiketi.com\/vacations\/south-africa-tour-packages\/\",\"url\":\"https:\/\/tiketi.com\/vacations\/south-africa-tour-packages\/\",\"name\":\"Best South Africa Tour Packages - Cheap Vacation Packages\",\"isPartOf\":{\"@id\":\"https:\/\/tiketi.com\/#website\"},\"primaryImageOfPage\":{\"@id\":\"https:\/\/tiketi.com\/vacations\/south-africa-tour-packages\/#primaryimage\"},\"image\":{\"@id\":\"https:\/\/tiketi.com\/vacations\/south-africa-tour-packages\/#primaryimage\"},\"thumbnailUrl\":\"https:\/\/tiketi.com\/wp-content\/uploads\/2022\/02\/cape-town-1562907_1920.jpg\",\"datePublished\":\"2022-02-24T08:51:59+00:00\",\"dateModified\":\"2024-08-02T16:56:21+00:00\",\"description\":\"Looking for best South Africa tour packages? Book cheap South Africa vacation packages with hotel and activities - enjoy discounts\",\"breadcrumb\":{\"@id\":\"https:\/\/tiketi.com\/vacations\/south-africa-tour-packages\/#breadcrumb\"},\"inLanguage\":\"fr-FR\",\"potentialAction\":[{\"@type\":\"ReadAction\",\"target\":[\"https:\/\/tiketi.com\/vacations\/south-africa-tour-packages\/\"]}]},{\"@type\":\"ImageObject\",\"inLanguage\":\"fr-FR\",\"@id\":\"https:\/\/tiketi.com\/vacations\/south-africa-tour-packages\/#primaryimage\",\"url\":\"https:\/\/tiketi.com\/wp-content\/uploads\/2022\/02\/cape-town-1562907_1920.jpg\",\"contentUrl\":\"https:\/\/tiketi.com\/wp-content\/uploads\/2022\/02\/cape-town-1562907_1920.jpg\",\"width\":1200,\"height\":200,\"caption\":\"South Africa Tour Packages\"},{\"@type\":\"BreadcrumbList\",\"@id\":\"https:\/\/tiketi.com\/vacations\/south-africa-tour-packages\/#breadcrumb\",\"itemListElement\":[{\"@type\":\"ListItem\",\"position\":1,\"name\":\"Home\",\"item\":\"https:\/\/tiketi.com\/\"},{\"@type\":\"ListItem\",\"position\":2,\"name\":\"Best Vacation Travel Packages &#038; Holiday Deals\",\"item\":\"https:\/\/tiketi.com\/vacations\/\"},{\"@type\":\"ListItem\",\"position\":3,\"name\":\"Best South Africa Tour Packages &#8211; Cheap Vacation Packages\"}]},{\"@type\":\"WebSite\",\"@id\":\"https:\/\/tiketi.com\/#website\",\"url\":\"https:\/\/tiketi.com\/\",\"name\":\"Flight & Bus Tickets, Tour Packages & Activitites - Tiketi.com\",\"description\":\"Flight &amp; Bus Tickets, Tours, Activitites\",\"publisher\":{\"@id\":\"https:\/\/tiketi.com\/#organization\"},\"potentialAction\":[{\"@type\":\"SearchAction\",\"target\":{\"@type\":\"EntryPoint\",\"urlTemplate\":\"https:\/\/tiketi.com\/?s={search_term_string}\"},\"query-input\":{\"@type\":\"PropertyValueSpecification\",\"valueRequired\":true,\"valueName\":\"search_term_string\"}}],\"inLanguage\":\"fr-FR\"},{\"@type\":\"Organization\",\"@id\":\"https:\/\/tiketi.com\/#organization\",\"name\":\"Tiketi.com\",\"alternateName\":\"Tiketi\",\"url\":\"https:\/\/tiketi.com\/\",\"logo\":{\"@type\":\"ImageObject\",\"inLanguage\":\"fr-FR\",\"@id\":\"https:\/\/tiketi.com\/#\/schema\/logo\/image\/\",\"url\":\"https:\/\/tiketi.com\/wp-content\/uploads\/2019\/05\/tiketi-logo-696.png\",\"contentUrl\":\"https:\/\/tiketi.com\/wp-content\/uploads\/2019\/05\/tiketi-logo-696.png\",\"width\":696,\"height\":696,\"caption\":\"Tiketi.com\"},\"image\":{\"@id\":\"https:\/\/tiketi.com\/#\/schema\/logo\/image\/\"},\"sameAs\":[\"https:\/\/www.facebook.com\/TiketiCom\/\"]}]}<\/script>\n<!-- \/ Yoast SEO plugin. -->","yoast_head_json":{"title":"Meilleurs forfaits touristiques en Afrique du Sud - Forfaits vacances bon march\u00e9","description":"Vous recherchez les meilleurs forfaits touristiques en Afrique du Sud ? R\u00e9servez des forfaits vacances pas chers en Afrique du Sud avec h\u00f4tel et activit\u00e9s - profitez de r\u00e9ductions","robots":{"index":"index","follow":"follow","max-snippet":"max-snippet:-1","max-image-preview":"max-image-preview:large","max-video-preview":"max-video-preview:-1"},"canonical":"https:\/\/tiketi.com\/fr-fr\/vacations\/south-africa-tour-packages\/","og_locale":"fr_FR","og_type":"article","og_title":"Best South Africa Tour Packages - Cheap Vacation Packages","og_description":"Looking for best South Africa tour packages? Book cheap South Africa vacation packages with hotel and activities - enjoy discounts","og_url":"https:\/\/tiketi.com\/fr-fr\/vacations\/south-africa-tour-packages\/","og_site_name":"Tiketi.com","article_publisher":"https:\/\/www.facebook.com\/TiketiCom\/","article_modified_time":"2024-08-02T16:56:21+00:00","og_image":[{"width":1200,"height":200,"url":"https:\/\/tiketi.com\/wp-content\/uploads\/2022\/02\/cape-town-1562907_1920.jpg","type":"image\/jpeg"}],"twitter_card":"summary_large_image","twitter_misc":{"Dur\u00e9e de lecture estim\u00e9e":"4 minutes"},"schema":{"@context":"https:\/\/schema.org","@graph":[{"@type":"WebPage","@id":"https:\/\/tiketi.com\/vacations\/south-africa-tour-packages\/","url":"https:\/\/tiketi.com\/vacations\/south-africa-tour-packages\/","name":"Meilleurs forfaits touristiques en Afrique du Sud - Forfaits vacances bon march\u00e9","isPartOf":{"@id":"https:\/\/tiketi.com\/#website"},"primaryImageOfPage":{"@id":"https:\/\/tiketi.com\/vacations\/south-africa-tour-packages\/#primaryimage"},"image":{"@id":"https:\/\/tiketi.com\/vacations\/south-africa-tour-packages\/#primaryimage"},"thumbnailUrl":"https:\/\/tiketi.com\/wp-content\/uploads\/2022\/02\/cape-town-1562907_1920.jpg","datePublished":"2022-02-24T08:51:59+00:00","dateModified":"2024-08-02T16:56:21+00:00","description":"Vous recherchez les meilleurs forfaits touristiques en Afrique du Sud ? R\u00e9servez des forfaits vacances pas chers en Afrique du Sud avec h\u00f4tel et activit\u00e9s - profitez de r\u00e9ductions","breadcrumb":{"@id":"https:\/\/tiketi.com\/vacations\/south-africa-tour-packages\/#breadcrumb"},"inLanguage":"fr-FR","potentialAction":[{"@type":"ReadAction","target":["https:\/\/tiketi.com\/vacations\/south-africa-tour-packages\/"]}]},{"@type":"ImageObject","inLanguage":"fr-FR","@id":"https:\/\/tiketi.com\/vacations\/south-africa-tour-packages\/#primaryimage","url":"https:\/\/tiketi.com\/wp-content\/uploads\/2022\/02\/cape-town-1562907_1920.jpg","contentUrl":"https:\/\/tiketi.com\/wp-content\/uploads\/2022\/02\/cape-town-1562907_1920.jpg","width":1200,"height":200,"caption":"South Africa Tour Packages"},{"@type":"BreadcrumbList","@id":"https:\/\/tiketi.com\/vacations\/south-africa-tour-packages\/#breadcrumb","itemListElement":[{"@type":"ListItem","position":1,"name":"Home","item":"https:\/\/tiketi.com\/"},{"@type":"ListItem","position":2,"name":"Best Vacation Travel Packages &#038; Holiday Deals","item":"https:\/\/tiketi.com\/vacations\/"},{"@type":"ListItem","position":3,"name":"Best South Africa Tour Packages &#8211; Cheap Vacation Packages"}]},{"@type":"WebSite","@id":"https:\/\/tiketi.com\/#website","url":"https:\/\/tiketi.com\/","name":"Billets d&#039;avion et de bus, forfaits touristiques et activit\u00e9s - Tiketi.com","description":"Billets d&#039;avion et de bus, Tours, Activit\u00e9s","publisher":{"@id":"https:\/\/tiketi.com\/#organization"},"potentialAction":[{"@type":"SearchAction","target":{"@type":"EntryPoint","urlTemplate":"https:\/\/tiketi.com\/?s={search_term_string}"},"query-input":{"@type":"PropertyValueSpecification","valueRequired":true,"valueName":"search_term_string"}}],"inLanguage":"fr-FR"},{"@type":"Organization","@id":"https:\/\/tiketi.com\/#organization","name":"Tiketi.com","alternateName":"Tiketi","url":"https:\/\/tiketi.com\/","logo":{"@type":"ImageObject","inLanguage":"fr-FR","@id":"https:\/\/tiketi.com\/#\/schema\/logo\/image\/","url":"https:\/\/tiketi.com\/wp-content\/uploads\/2019\/05\/tiketi-logo-696.png","contentUrl":"https:\/\/tiketi.com\/wp-content\/uploads\/2019\/05\/tiketi-logo-696.png","width":696,"height":696,"caption":"Tiketi.com"},"image":{"@id":"https:\/\/tiketi.com\/#\/schema\/logo\/image\/"},"sameAs":["https:\/\/www.facebook.com\/TiketiCom\/"]}]}},"_links":{"self":[{"href":"https:\/\/tiketi.com\/fr-fr\/wp-json\/wp\/v2\/pages\/21776","targetHints":{"allow":["GET"]}}],"collection":[{"href":"https:\/\/tiketi.com\/fr-fr\/wp-json\/wp\/v2\/pages"}],"about":[{"href":"https:\/\/tiketi.com\/fr-fr\/wp-json\/wp\/v2\/types\/page"}],"author":[{"embeddable":true,"href":"https:\/\/tiketi.com\/fr-fr\/wp-json\/wp\/v2\/users\/1"}],"replies":[{"embeddable":true,"href":"https:\/\/tiketi.com\/fr-fr\/wp-json\/wp\/v2\/comments?post=21776"}],"version-history":[{"count":2,"href":"https:\/\/tiketi.com\/fr-fr\/wp-json\/wp\/v2\/pages\/21776\/revisions"}],"predecessor-version":[{"id":31006,"href":"https:\/\/tiketi.com\/fr-fr\/wp-json\/wp\/v2\/pages\/21776\/revisions\/31006"}],"up":[{"embeddable":true,"href":"https:\/\/tiketi.com\/fr-fr\/wp-json\/wp\/v2\/pages\/21742"}],"wp:featuredmedia":[{"embeddable":true,"href":"https:\/\/tiketi.com\/fr-fr\/wp-json\/wp\/v2\/media\/21777"}],"wp:attachment":[{"href":"https:\/\/tiketi.com\/fr-fr\/wp-json\/wp\/v2\/media?parent=21776"}],"curies":[{"name":"wp","href":"https:\/\/api.w.org\/{rel}","templated":true}]}}