{"id":21966,"date":"2022-02-25T10:19:56","date_gmt":"2022-02-25T09:19:56","guid":{"rendered":"https:\/\/new.tiketi.com\/?page_id=21966"},"modified":"2024-08-02T17:52:29","modified_gmt":"2024-08-02T16:52:29","slug":"dubai-tour-packages","status":"publish","type":"page","link":"https:\/\/tiketi.com\/fr-fr\/vacations\/dubai-tour-packages\/","title":{"rendered":"Forfaits pas chers \u00e0 Duba\u00ef I Meilleures offres de vacances \u00e0 Duba\u00ef"},"content":{"rendered":"<div class=\"wpb-content-wrapper\"><div class=\"vc_row wpb_row st bg-holder\"><div class='container'><div class='row'>\n\t<div class=\"wpb_column column_container col-md-12\"><div class=\"vc_column-inner wpb_wrapper\">\n\t\t\t\n\t<div class=\"wpb_text_column wpb_content_element\" >\n\t\t<div class=\"wpb_wrapper\">\n\t\t\t<h2>Forfaits vacances pas chers \u00e0 Duba\u00ef<\/h2>\n\n\t\t<\/div>\n\t<\/div>\n<\/div>\n\t<\/div> \n<\/div><!--End .row--><\/div><!--End .container--><\/div><div class=\"vc_row wpb_row st bg-holder\"><div class='container'><div class='row'>\n\t<div class=\"wpb_column column_container col-md-12\"><div class=\"vc_column-inner wpb_wrapper\">\n\t\t\t\n\t<div class=\"wpb_text_column wpb_content_element\" >\n\t\t<div class=\"wpb_wrapper\">\n\t\t\t<p><script defer=\"\" type=\"text\/javascript\" src=\"https:\/\/tiketi.rezdy.com\/pluginJs\"><\/script><br \/>\n<iframe loading=\"lazy\" class=\"rezdy\" src=\"https:\/\/tiketi.rezdy.com\/catalog\/535903\/zanzibar?iframe=true\" width=\"100%\" height=\"1000px\" frameborder=\"0\" seamless=\"\"><\/iframe><\/p>\n\n\t\t<\/div>\n\t<\/div>\n<\/div>\n\t<\/div> \n<\/div><!--End .row--><\/div><!--End .container--><\/div><div class=\"vc_row wpb_row st bg-holder\"><div class='container'><div class='row'>\n\t<div class=\"wpb_column column_container col-md-12\"><div class=\"vc_column-inner wpb_wrapper\">\n\t\t\t<div class=\"vc_separator wpb_content_element vc_separator_align_center vc_sep_width_100 vc_sep_pos_align_center vc_separator_no_text vc_sep_color_grey wpb_content_element  wpb_content_element\" ><span class=\"vc_sep_holder vc_sep_holder_l\"><span class=\"vc_sep_line\"><\/span><\/span><span class=\"vc_sep_holder vc_sep_holder_r\"><span class=\"vc_sep_line\"><\/span><\/span>\n<\/div><\/div>\n\t<\/div> \n<\/div><!--End .row--><\/div><!--End .container--><\/div><div class=\"vc_row wpb_row st bg-holder\"><div class='container'><div class='row'>\n\t<div class=\"wpb_column column_container col-md-12\"><div class=\"vc_column-inner wpb_wrapper\">\n\t\t\t\n\t<div class=\"wpb_text_column wpb_content_element\" >\n\t\t<div class=\"wpb_wrapper\">\n\t\t\t<div class=\"container\">\n<h2>Cheap Dubai Tour Packages<\/h2>\n<p>Les \u00c9mirats arabes unis sont un petit pays qui regorge d&#039;attractions touristiques intrigantes \u00e0 visiter et \u00e0 aimer. Il y a des points chauds culturels, ainsi que des b\u00e2timents modernes, vous donnant un avant-go\u00fbt de tout. C&#039;est la raison pour laquelle les forfaits touristiques pas chers aux \u00c9mirats arabes unis \u00e0 Duba\u00ef comptent parmi les aventures touristiques les plus attrayantes au monde, car de nombreuses activit\u00e9s vous sont propos\u00e9es dans les forfaits vacances \u00e0 Duba\u00ef avec des \u00e9v\u00e9nements pour vous occuper tout au long de votre s\u00e9jour. de nombreuses visites parfaitement planifi\u00e9es pour tirer le meilleur parti de votre s\u00e9jour \u00e0 Duba\u00ef.<\/p>\n<h3>\u00c0 propos de Duba\u00ef<\/h3>\n<p>Duba\u00ef regorge de sites touristiques \u00e0 couper le souffle et vous ne pourrez peut-\u00eatre pas tous les visiter, nous avons donc dress\u00e9 une liste compos\u00e9e des 10 sites les plus touristiques que vous pouvez visiter afin de faciliter votre s\u00e9jour l\u00e0-bas comme indiqu\u00e9 dans les forfaits vacances \u00e0 Duba\u00ef.<\/p>\n<p>Duba\u00ef est compos\u00e9e de deux r\u00e9gions principales qui sont : Le Bur Duba\u00ef qui se trouve au Sud, ainsi que Deira qui se trouve au Nord. Il existe \u00e9galement des infrastructures bien construites dans les deux r\u00e9gions, telles que des h\u00f4tels, des souks anim\u00e9s et des mosqu\u00e9es, des banques, des b\u00e2timents publics, des villas et des appartements, des tours de bureaux, des centres commerciaux, des \u00e9coles et des h\u00f4pitaux, ainsi que Jumeirah, qui est le principal site touristique. point d&#039;attraction \u00e0 duba\u00ef.<\/p>\n<p>Duba\u00ef est l&#039;une des villes les plus visit\u00e9es au monde aujourd&#039;hui en raison de son environnement accueillant, de ses centres commerciaux parfaits, de ses plans de voyage et activit\u00e9s bien emball\u00e9s, de ses sites historiques et modernes qui font de cette belle ville un lieu de vacances id\u00e9al dans le monde. C&#039;est une ville chaleureuse qui regorge d&#039;activit\u00e9s o\u00f9 les gens se bousculent et s&#039;affairent pour gagner leur vie. Cependant, malgr\u00e9 les hauts et les bas des gens, leur gentillesse est une chose que vous ne pouvez pas ignorer. Leur gentillesse fait de la ville un bien meilleur endroit pour tout visiteur.<\/p>\n<p>Cette ville a tout ce qu&#039;il faut pour la couronner la plus belle ville du monde. Si vous faites partie des Thomas qui doutent, vous devez \u00e9conomiser quelques dollars et voir par vous-m\u00eame. On dit que voir c&#039;est croire et vous serez \u00e9merveill\u00e9 par les nombreuses attractions touristiques et activit\u00e9s que vous trouverez \u00e0 Duba\u00ef.<\/p>\n<h2>Meilleures attractions touristiques et activit\u00e9s dans les forfaits vacances \u00e0 Duba\u00ef<\/h2>\n<p>Que diriez-vous d&#039;une ville avec le centre commercial le plus important du monde, la plus haute tour, des \u00eeles artificielles, des pistes de ski int\u00e9rieures et un d\u00e9sert facilement accessible\u00a0? C&#039;est un paradis sur terre; un endroit o\u00f9 votre c\u0153ur ne ressent rien d&#039;autre que le contentement et la satisfaction maximale ?<\/p>\n<p>Alors que le monde continue d&#039;\u00e9voluer, Duba\u00ef aussi. Cependant, il y a plus \u00e0 apprendre sur cette ville candide. Par cons\u00e9quent, vous pouvez vous procurer un verre, vous d\u00e9tendre et profiter en apprenant davantage sur ce paradis touristique et les nombreuses activit\u00e9s que vous pouvez entreprendre dans cette partie du monde.<\/p>\n<p>Bien qu&#039;il fasse toujours chaud \u00e0 Duba\u00ef, il est difficile de trouver le meilleur moment pour se rendre \u00e0 Duba\u00ef, mais le temps est un peu plus cl\u00e9ment entre novembre et mars. Juillet et ao\u00fbt ne sont pas les meilleurs mois pour une visite car les temp\u00e9ratures montent \u00e0 environ 103 degr\u00e9s. Ce qui signifie plus de coups de soleil et beaucoup d&#039;activit\u00e9s int\u00e9rieures.<\/p>\n<p>Duba\u00ef est g\u00e9n\u00e9ralement une ville chaude, mais le degr\u00e9 de chaleur varie selon les mois. Le mois le plus chaud est ao\u00fbt tandis que le plus froid est janvier. Cela vous pr\u00e9pare psychologiquement, alors procurez-vous des \u00e9crans solaires si vous voulez conserver une peau impeccable.<\/p>\n<p>La culture est une chose qui influence consid\u00e9rablement la d\u00e9cision de ceux qui recherchent le lieu de vacances id\u00e9al, car nous examinons les activit\u00e9s que nous pouvons y entreprendre et la culture des gens ainsi que les nombreuses attractions de cet endroit. Il est \u00e9vident que les gens ne peuvent pas d\u00e9penser leur argent durement gagn\u00e9 pour se rendre dans une destination qu&#039;ils n&#039;admirent pas et qu&#039;ils trouvent quelque peu ennuyeuse. rude.<\/p>\n<p>\u00c0 Duba\u00ef, vous serez libre d&#039;en apprendre davantage sur les Arabes du Golfe v\u00eatus d&#039;abayas et de dishdashas traditionnels. Les nombreuses mosqu\u00e9es vous accueilleront avec le son de la pri\u00e8re et l&#039;odeur fantastique de leur chicha locale ne peut \u00eatre oubli\u00e9e.<\/p>\n<p>En tant que pratique culturelle dans les pays musulmans, Duba\u00ef est \u00e0 \u00e9galit\u00e9 avec eux. Le mois sacr\u00e9 du Ramadhan est trait\u00e9 avec beaucoup de respect comme pr\u00e9vu. Les pri\u00e8res, le je\u00fbne et le travail caritatif sont des activit\u00e9s quotidiennes pendant cette p\u00e9riode, et les non-musulmans honorent cela en \u00e9vitant de manger, de boire ou de fumer en public.<\/p>\n<p>Une journ\u00e9e nationale est \u00e9galement organis\u00e9e le 2 d\u00e9cembre o\u00f9 les citoyens c\u00e9l\u00e8brent la formation des \u00c9mirats arabes unis. Ce sont des vacances remarquables, avec des dizaines d&#039;activit\u00e9s amusantes incorpor\u00e9es. En ce jour particulier, il y a beaucoup \u00e0 apprendre sur Duba\u00ef, donc si vous \u00eates parmi les c\u00e9l\u00e9brants, profitez-en pour profiter des nombreuses attractions et activit\u00e9s touristiques de Duba\u00ef.<\/p>\n<h2>Forfaits touristiques populaires \u00e0 Duba\u00ef<\/h2>\n<p>En voyageant \u00e0 Duba\u00ef, de nombreuses attractions touristiques et activit\u00e9s sont pr\u00e9vues pour rendre votre s\u00e9jour mouvement\u00e9 avec de nombreux points chauds \u00e0 visiter sur les forfaits touristiques de Duba\u00ef.<\/p>\n<h3>Burj Khalifa<\/h3>\n<p>Parmi les nombreux sites des vacances \u00e0 forfait \u00e0 Duba\u00ef, le Burj Khalifa se d\u00e9marque car il s&#039;agit du b\u00e2timent le plus c\u00e9l\u00e8bre et le plus haut du monde. S&#039;\u00e9levant \u00e0 829,8 m\u00e8tres au-dessus du sol, ce b\u00e2timent embl\u00e9matique vous volera un instant les yeux.<\/p>\n<h3>centre commercial de Dubai<\/h3>\n<p>Un autre endroit sur les forfaits vacances \u00e0 Duba\u00ef est le Dubai Mall, car il s&#039;agit d&#039;un arr\u00eat de magasinage connu dans le monde entier pour tous ceux qui veulent obtenir quoi que ce soit sous un m\u00eame toit. Votre estomac sera \u00e9galement pris en charge par les restaurants chics de ce centre commercial.<\/p>\n<h3>Le mus\u00e9e de Duba\u00ef<\/h3>\n<p>Le mus\u00e9e est un autre lieu du voyage organis\u00e9 \u00e0 Duba\u00ef et une \u00e9tape importante pour d\u00e9couvrir le fort Al-Fahidi, l&#039;un des plus anciens b\u00e2timents de la ville.<\/p>\n<h3>Bastakia<\/h3>\n<p>\u00c9galement connue sous le nom de vieux Duba\u00ef, Bastakia vous fascinera par son design ainsi que par son histoire. Parmi les autres destinations renomm\u00e9es, citons :\u00a0<strong>Crique de Duba\u00ef<\/strong>,\u00a0<strong>Mosqu\u00e9e de Jumeirah<\/strong>,\u00a0<strong>Village du patrimoine<\/strong>,\u00a0<strong>Deira<\/strong>,\u00a0<strong>Aquarium et zoo sous-marin de Duba\u00ef<\/strong>,\u00a0<strong>Burj Al-Arab<\/strong>,\u00a0<strong>Op\u00e9ra de Duba\u00ef<\/strong>, et\u00a0<strong>Centre commercial des Emirats<\/strong>, entre autres.<\/p>\n<p>Il n&#039;y a rien de plus satisfaisant que d&#039;avoir un chez-soi loin de chez soi. Duba\u00ef a ce qu&#039;il vous faut. Prenez vos bouch\u00e9es pr\u00e9f\u00e9r\u00e9es dans les restaurants les mieux not\u00e9s, qui proposent un large \u00e9ventail de cuisines locales et internationales. Obtenez les meilleurs services d&#039;h\u00e9bergement qui offrent tout ce qu&#039;un client souhaiterait dans les h\u00f4tels imbattables.<\/p>\n<h3>Excursions dans le d\u00e9sert de Duba\u00ef et vacances \u00e0 la plage<\/h3>\n<p>De la nature tranquille du d\u00e9sert aux activit\u00e9s palpitantes du souk, en passant par le soleil dor\u00e9 et les plages argent\u00e9es, Duba\u00ef est \u00e9galement dot\u00e9e de la meilleure observation actuelle et de l&#039;attraction historique la plus intrigante.<\/p>\n<h2>Vous \u00eates \u00e0 la recherche de forfaits vacances d&#039;un bon rapport qualit\u00e9-prix aux \u00c9mirats de Duba\u00ef ?<\/h2>\n<h3>Les voyages pas chers \u00e0 Duba\u00ef 2023\/2024 de Tiketi.com peuvent vous faire \u00e9conomiser de l&#039;argent.<\/h3>\n<p>Alors qu&#039;attendez-vous pour r\u00e9server un vol et voyager \u00e0 Duba\u00ef car il y a autant de belles attractions et d&#039;activit\u00e9s amusantes d\u00e9crites dans les forfaits vacances \u00e0 Duba\u00ef pour vous, vos amis ou votre famille.<\/p>\n<h3>Alors, trouvez des forfaits vacances abordables \u00e0 Duba\u00ef et r\u00e9servez d\u00e8s maintenant - vivez une exp\u00e9rience inoubliable.<\/h3>\n<hr \/>\n<\/div>\n<div class=\"container\">\n<h3>Forfaits touristiques et vacances populaires<\/h3>\n<div class=\"col-md-4 row5\">\n<p><a href=\"https:\/\/tiketi.com\/fr-fr\/vacations\/zanzibar-tour-packages\/\" target=\"_blank\" rel=\"noopener\">Forfaits Zanzibar<\/a><\/p>\n<p><a href=\"https:\/\/tiketi.com\/fr-fr\/vacations\/serengeti-national-park-tour-packages\/\" target=\"_blank\" rel=\"noopener\">Forfaits Parc national du Serengeti<\/a><\/p>\n<p><a href=\"https:\/\/tiketi.com\/fr-fr\/vacations\/johannesburg-tour-packages\/\" target=\"_blank\" rel=\"noopener\">Forfaits \u00e0 Johannesbourg<\/a><\/p>\n<p><a href=\"https:\/\/tiketi.com\/fr-fr\/vacations\/cape-verde-tour-packages\/\" target=\"_blank\" rel=\"noopener\">Forfaits Boa Vista<\/a><\/p>\n<p><a href=\"https:\/\/tiketi.com\/fr-fr\/vacations\/mount-kilimanjaro-tour-packages\/\" target=\"_blank\" rel=\"noopener\">Forfaits Mont Kilimandjaro<\/a><\/p>\n<\/div>\n<div class=\"col-md-4 row5\">\n<p><a href=\"https:\/\/tiketi.com\/fr-fr\/vacations\/cape-town-tour-packages\/\" target=\"_blank\" rel=\"noopener\">Forfaits Le Cap<\/a><\/p>\n<p><a href=\"https:\/\/tiketi.com\/fr-fr\/vacations\/harare-tour-packages\/\" target=\"_blank\" rel=\"noopener\">Forfaits vacances \u00e0 Harare<\/a><\/p>\n<p><a href=\"https:\/\/tiketi.com\/fr-fr\/destination\/south-africa\/kruger-national-park\/\" target=\"_blank\" rel=\"noopener\">Forfaits Parc national Kruger<\/a><\/p>\n<p><a href=\"https:\/\/tiketi.com\/fr-fr\/vacations\/kenya-tour-packages\/\" target=\"_blank\" rel=\"nofollow noopener\">Forfaits R\u00e9serve nationale du Masai Mara<\/a><\/p>\n<p><a href=\"https:\/\/tiketi.com\/fr-fr\/vacations\/nairobi-tour-packages\/\" target=\"_blank\" rel=\"noopener\">Forfaits Nairobi<\/a><\/p>\n<\/div>\n<div class=\"col-md-4 row5\">\n<p><a href=\"https:\/\/tiketi.com\/fr-fr\/vacations\/marrakech-tour-packages\/\" target=\"_blank\" rel=\"noopener\">Forfaits Marrakech<\/a><\/p>\n<p><a href=\"https:\/\/tiketi.com\/fr-fr\/vacations\/victoria-falls-tour-packages\/\" target=\"_blank\" rel=\"noopener\">Forfaits Chutes Victoria<\/a><\/p>\n<p><a href=\"https:\/\/tiketi.com\/fr-fr\/vacations\/dar-es-salaam-tour-packages\/\" target=\"_blank\" rel=\"noopener\">Forfaits Dar es Salam<\/a><\/p>\n<p><a href=\"https:\/\/tiketi.com\/fr-fr\/vacations\/botswana-tour-packages\/\" target=\"_blank\" rel=\"noopener\">Forfaits Parc National de Chobe<\/a><\/p>\n<p><a href=\"https:\/\/tiketi.com\/fr-fr\/vacations\/namibia-tour-packages\/\" target=\"_blank\" rel=\"noopener\">Forfaits Fish River Canyon<\/a><\/p>\n<\/div>\n<div class=\"col-md-4 row5\"><\/div>\n<div class=\"col-md-4 row5\"><\/div>\n<\/div>\n\n\t\t<\/div>\n\t<\/div>\n<\/div>\n\t<\/div> \n<\/div><!--End .row--><\/div><!--End .container--><\/div><div class=\"vc_row wpb_row st bg-holder\"><div class='container'><div class='row'>\n\t<div class=\"wpb_column column_container col-md-12\"><div class=\"vc_column-inner wpb_wrapper\">\n\t\t\t<div class=\"vc_separator wpb_content_element vc_separator_align_center vc_sep_width_100 vc_sep_pos_align_center vc_separator_no_text vc_sep_color_grey vc_custom_1557213917472 wpb_content_element  vc_custom_1557213917472 wpb_content_element\" ><span class=\"vc_sep_holder vc_sep_holder_l\"><span class=\"vc_sep_line\"><\/span><\/span><span class=\"vc_sep_holder vc_sep_holder_r\"><span class=\"vc_sep_line\"><\/span><\/span>\n<\/div><\/div>\n\t<\/div> \n<\/div><!--End .row--><\/div><!--End .container--><\/div>\n<\/div>","protected":false},"excerpt":{"rendered":"Cheap Dubai Vacation Packages Cheap Dubai Tour Packages The United Arab Emirates is a small country which has lots of intriguing tourist attractions spots to visit and love. There are cultural hotspots, as well as modern buildings, giving you a taste of everything. This is the reason why United Arab Emirates cheap Dubai tour packages [...]","protected":false},"author":1,"featured_media":21978,"parent":21742,"menu_order":0,"comment_status":"closed","ping_status":"closed","template":"template-home-modern.php","meta":{"footnotes":""},"class_list":["post-21966","page","type-page","status-publish","has-post-thumbnail","hentry"],"yoast_head":"<!-- This site is optimized with the Yoast SEO plugin v27.2 - https:\/\/yoast.com\/product\/yoast-seo-wordpress\/ -->\n<title>Cheap Dubai Tour Packages I Best Dubai Vacation Deals - Tiketi.com<\/title>\n<meta name=\"description\" content=\"Looking for cheap holiday packages in Dubai? Book affordable Dubai tour packages with hotel and activities - enjoy vacations discounts\" \/>\n<meta name=\"robots\" content=\"index, follow, max-snippet:-1, max-image-preview:large, max-video-preview:-1\" \/>\n<link rel=\"canonical\" href=\"https:\/\/tiketi.com\/fr-fr\/likizo\/dubai-tour-packages\/\" \/>\n<meta property=\"og:locale\" content=\"fr_FR\" \/>\n<meta property=\"og:type\" content=\"article\" \/>\n<meta property=\"og:title\" content=\"Cheap Dubai Tour Packages I Best Dubai Vacation Deals - Tiketi.com\" \/>\n<meta property=\"og:description\" content=\"Looking for cheap holiday packages in Dubai? Book affordable Dubai tour packages with hotel and activities - enjoy vacations discounts\" \/>\n<meta property=\"og:url\" content=\"https:\/\/tiketi.com\/fr-fr\/likizo\/dubai-tour-packages\/\" \/>\n<meta property=\"og:site_name\" content=\"Tiketi.com\" \/>\n<meta property=\"article:publisher\" content=\"https:\/\/www.facebook.com\/TiketiCom\/\" \/>\n<meta property=\"article:modified_time\" content=\"2024-08-02T16:52:29+00:00\" \/>\n<meta property=\"og:image\" content=\"https:\/\/tiketi.com\/wp-content\/uploads\/2022\/02\/dubai-tour-packages-buildin.jpg\" \/>\n\t<meta property=\"og:image:width\" content=\"1200\" \/>\n\t<meta property=\"og:image:height\" content=\"200\" \/>\n\t<meta property=\"og:image:type\" content=\"image\/jpeg\" \/>\n<meta name=\"twitter:card\" content=\"summary_large_image\" \/>\n<meta name=\"twitter:label1\" content=\"Dur\u00e9e de lecture estim\u00e9e\" \/>\n\t<meta name=\"twitter:data1\" content=\"6 minutes\" \/>\n<script type=\"application\/ld+json\" class=\"yoast-schema-graph\">{\"@context\":\"https:\/\/schema.org\",\"@graph\":[{\"@type\":\"WebPage\",\"@id\":\"https:\/\/tiketi.com\/sw\/likizo\/dubai-tour-packages\/\",\"url\":\"https:\/\/tiketi.com\/sw\/likizo\/dubai-tour-packages\/\",\"name\":\"Cheap Dubai Tour Packages I Best Dubai Vacation Deals - Tiketi.com\",\"isPartOf\":{\"@id\":\"https:\/\/tiketi.com\/#website\"},\"primaryImageOfPage\":{\"@id\":\"https:\/\/tiketi.com\/sw\/likizo\/dubai-tour-packages\/#primaryimage\"},\"image\":{\"@id\":\"https:\/\/tiketi.com\/sw\/likizo\/dubai-tour-packages\/#primaryimage\"},\"thumbnailUrl\":\"https:\/\/tiketi.com\/wp-content\/uploads\/2022\/02\/dubai-tour-packages-buildin.jpg\",\"datePublished\":\"2022-02-25T09:19:56+00:00\",\"dateModified\":\"2024-08-02T16:52:29+00:00\",\"description\":\"Looking for cheap holiday packages in Dubai? Book affordable Dubai tour packages with hotel and activities - enjoy vacations discounts\",\"breadcrumb\":{\"@id\":\"https:\/\/tiketi.com\/sw\/likizo\/dubai-tour-packages\/#breadcrumb\"},\"inLanguage\":\"fr-FR\",\"potentialAction\":[{\"@type\":\"ReadAction\",\"target\":[\"https:\/\/tiketi.com\/sw\/likizo\/dubai-tour-packages\/\"]}]},{\"@type\":\"ImageObject\",\"inLanguage\":\"fr-FR\",\"@id\":\"https:\/\/tiketi.com\/sw\/likizo\/dubai-tour-packages\/#primaryimage\",\"url\":\"https:\/\/tiketi.com\/wp-content\/uploads\/2022\/02\/dubai-tour-packages-buildin.jpg\",\"contentUrl\":\"https:\/\/tiketi.com\/wp-content\/uploads\/2022\/02\/dubai-tour-packages-buildin.jpg\",\"width\":1200,\"height\":200,\"caption\":\"Dubai Tour Packages\"},{\"@type\":\"BreadcrumbList\",\"@id\":\"https:\/\/tiketi.com\/sw\/likizo\/dubai-tour-packages\/#breadcrumb\",\"itemListElement\":[{\"@type\":\"ListItem\",\"position\":1,\"name\":\"Home\",\"item\":\"https:\/\/tiketi.com\/\"},{\"@type\":\"ListItem\",\"position\":2,\"name\":\"Best Vacation Travel Packages &#038; Holiday Deals\",\"item\":\"https:\/\/tiketi.com\/vacations\/\"},{\"@type\":\"ListItem\",\"position\":3,\"name\":\"Cheap Dubai Tour Packages I Best Dubai Vacation Deals\"}]},{\"@type\":\"WebSite\",\"@id\":\"https:\/\/tiketi.com\/#website\",\"url\":\"https:\/\/tiketi.com\/\",\"name\":\"Flight & Bus Tickets, Tour Packages & Activitites - Tiketi.com\",\"description\":\"Flight &amp; Bus Tickets, Tours, Activitites\",\"publisher\":{\"@id\":\"https:\/\/tiketi.com\/#organization\"},\"potentialAction\":[{\"@type\":\"SearchAction\",\"target\":{\"@type\":\"EntryPoint\",\"urlTemplate\":\"https:\/\/tiketi.com\/?s={search_term_string}\"},\"query-input\":{\"@type\":\"PropertyValueSpecification\",\"valueRequired\":true,\"valueName\":\"search_term_string\"}}],\"inLanguage\":\"fr-FR\"},{\"@type\":\"Organization\",\"@id\":\"https:\/\/tiketi.com\/#organization\",\"name\":\"Tiketi.com\",\"alternateName\":\"Tiketi\",\"url\":\"https:\/\/tiketi.com\/\",\"logo\":{\"@type\":\"ImageObject\",\"inLanguage\":\"fr-FR\",\"@id\":\"https:\/\/tiketi.com\/#\/schema\/logo\/image\/\",\"url\":\"https:\/\/tiketi.com\/wp-content\/uploads\/2019\/05\/tiketi-logo-696.png\",\"contentUrl\":\"https:\/\/tiketi.com\/wp-content\/uploads\/2019\/05\/tiketi-logo-696.png\",\"width\":696,\"height\":696,\"caption\":\"Tiketi.com\"},\"image\":{\"@id\":\"https:\/\/tiketi.com\/#\/schema\/logo\/image\/\"},\"sameAs\":[\"https:\/\/www.facebook.com\/TiketiCom\/\"]}]}<\/script>\n<!-- \/ Yoast SEO plugin. -->","yoast_head_json":{"title":"Forfaits pas chers \u00e0 Duba\u00ef I Meilleures offres de vacances \u00e0 Duba\u00ef - Tiketi.com","description":"Vous recherchez des forfaits touristiques \u00e0 bas prix \u00e0 Duba\u00ef ? R\u00e9servez des forfaits touristiques abordables \u00e0 Duba\u00ef avec h\u00f4tel et activit\u00e9s - profitez de r\u00e9ductions sur les vacances","robots":{"index":"index","follow":"follow","max-snippet":"max-snippet:-1","max-image-preview":"max-image-preview:large","max-video-preview":"max-video-preview:-1"},"canonical":"https:\/\/tiketi.com\/fr-fr\/likizo\/dubai-tour-packages\/","og_locale":"fr_FR","og_type":"article","og_title":"Cheap Dubai Tour Packages I Best Dubai Vacation Deals - Tiketi.com","og_description":"Looking for cheap holiday packages in Dubai? Book affordable Dubai tour packages with hotel and activities - enjoy vacations discounts","og_url":"https:\/\/tiketi.com\/fr-fr\/likizo\/dubai-tour-packages\/","og_site_name":"Tiketi.com","article_publisher":"https:\/\/www.facebook.com\/TiketiCom\/","article_modified_time":"2024-08-02T16:52:29+00:00","og_image":[{"width":1200,"height":200,"url":"https:\/\/tiketi.com\/wp-content\/uploads\/2022\/02\/dubai-tour-packages-buildin.jpg","type":"image\/jpeg"}],"twitter_card":"summary_large_image","twitter_misc":{"Dur\u00e9e de lecture estim\u00e9e":"6 minutes"},"schema":{"@context":"https:\/\/schema.org","@graph":[{"@type":"WebPage","@id":"https:\/\/tiketi.com\/sw\/likizo\/dubai-tour-packages\/","url":"https:\/\/tiketi.com\/sw\/likizo\/dubai-tour-packages\/","name":"Forfaits pas chers \u00e0 Duba\u00ef I Meilleures offres de vacances \u00e0 Duba\u00ef - Tiketi.com","isPartOf":{"@id":"https:\/\/tiketi.com\/#website"},"primaryImageOfPage":{"@id":"https:\/\/tiketi.com\/sw\/likizo\/dubai-tour-packages\/#primaryimage"},"image":{"@id":"https:\/\/tiketi.com\/sw\/likizo\/dubai-tour-packages\/#primaryimage"},"thumbnailUrl":"https:\/\/tiketi.com\/wp-content\/uploads\/2022\/02\/dubai-tour-packages-buildin.jpg","datePublished":"2022-02-25T09:19:56+00:00","dateModified":"2024-08-02T16:52:29+00:00","description":"Vous recherchez des forfaits touristiques \u00e0 bas prix \u00e0 Duba\u00ef ? R\u00e9servez des forfaits touristiques abordables \u00e0 Duba\u00ef avec h\u00f4tel et activit\u00e9s - profitez de r\u00e9ductions sur les vacances","breadcrumb":{"@id":"https:\/\/tiketi.com\/sw\/likizo\/dubai-tour-packages\/#breadcrumb"},"inLanguage":"fr-FR","potentialAction":[{"@type":"ReadAction","target":["https:\/\/tiketi.com\/sw\/likizo\/dubai-tour-packages\/"]}]},{"@type":"ImageObject","inLanguage":"fr-FR","@id":"https:\/\/tiketi.com\/sw\/likizo\/dubai-tour-packages\/#primaryimage","url":"https:\/\/tiketi.com\/wp-content\/uploads\/2022\/02\/dubai-tour-packages-buildin.jpg","contentUrl":"https:\/\/tiketi.com\/wp-content\/uploads\/2022\/02\/dubai-tour-packages-buildin.jpg","width":1200,"height":200,"caption":"Dubai Tour Packages"},{"@type":"BreadcrumbList","@id":"https:\/\/tiketi.com\/sw\/likizo\/dubai-tour-packages\/#breadcrumb","itemListElement":[{"@type":"ListItem","position":1,"name":"Home","item":"https:\/\/tiketi.com\/"},{"@type":"ListItem","position":2,"name":"Best Vacation Travel Packages &#038; Holiday Deals","item":"https:\/\/tiketi.com\/vacations\/"},{"@type":"ListItem","position":3,"name":"Cheap Dubai Tour Packages I Best Dubai Vacation Deals"}]},{"@type":"WebSite","@id":"https:\/\/tiketi.com\/#website","url":"https:\/\/tiketi.com\/","name":"Billets d&#039;avion et de bus, forfaits touristiques et activit\u00e9s - Tiketi.com","description":"Billets d&#039;avion et de bus, Tours, Activit\u00e9s","publisher":{"@id":"https:\/\/tiketi.com\/#organization"},"potentialAction":[{"@type":"SearchAction","target":{"@type":"EntryPoint","urlTemplate":"https:\/\/tiketi.com\/?s={search_term_string}"},"query-input":{"@type":"PropertyValueSpecification","valueRequired":true,"valueName":"search_term_string"}}],"inLanguage":"fr-FR"},{"@type":"Organization","@id":"https:\/\/tiketi.com\/#organization","name":"Tiketi.com","alternateName":"Tiketi","url":"https:\/\/tiketi.com\/","logo":{"@type":"ImageObject","inLanguage":"fr-FR","@id":"https:\/\/tiketi.com\/#\/schema\/logo\/image\/","url":"https:\/\/tiketi.com\/wp-content\/uploads\/2019\/05\/tiketi-logo-696.png","contentUrl":"https:\/\/tiketi.com\/wp-content\/uploads\/2019\/05\/tiketi-logo-696.png","width":696,"height":696,"caption":"Tiketi.com"},"image":{"@id":"https:\/\/tiketi.com\/#\/schema\/logo\/image\/"},"sameAs":["https:\/\/www.facebook.com\/TiketiCom\/"]}]}},"_links":{"self":[{"href":"https:\/\/tiketi.com\/fr-fr\/wp-json\/wp\/v2\/pages\/21966","targetHints":{"allow":["GET"]}}],"collection":[{"href":"https:\/\/tiketi.com\/fr-fr\/wp-json\/wp\/v2\/pages"}],"about":[{"href":"https:\/\/tiketi.com\/fr-fr\/wp-json\/wp\/v2\/types\/page"}],"author":[{"embeddable":true,"href":"https:\/\/tiketi.com\/fr-fr\/wp-json\/wp\/v2\/users\/1"}],"replies":[{"embeddable":true,"href":"https:\/\/tiketi.com\/fr-fr\/wp-json\/wp\/v2\/comments?post=21966"}],"version-history":[{"count":2,"href":"https:\/\/tiketi.com\/fr-fr\/wp-json\/wp\/v2\/pages\/21966\/revisions"}],"predecessor-version":[{"id":31004,"href":"https:\/\/tiketi.com\/fr-fr\/wp-json\/wp\/v2\/pages\/21966\/revisions\/31004"}],"up":[{"embeddable":true,"href":"https:\/\/tiketi.com\/fr-fr\/wp-json\/wp\/v2\/pages\/21742"}],"wp:featuredmedia":[{"embeddable":true,"href":"https:\/\/tiketi.com\/fr-fr\/wp-json\/wp\/v2\/media\/21978"}],"wp:attachment":[{"href":"https:\/\/tiketi.com\/fr-fr\/wp-json\/wp\/v2\/media?parent=21966"}],"curies":[{"name":"wp","href":"https:\/\/api.w.org\/{rel}","templated":true}]}}