{"id":21969,"date":"2022-02-25T12:37:00","date_gmt":"2022-02-25T11:37:00","guid":{"rendered":"https:\/\/new.tiketi.com\/?page_id=21969"},"modified":"2024-08-02T17:49:35","modified_gmt":"2024-08-02T16:49:35","slug":"mount-kilimanjaro-tour-packages","status":"publish","type":"page","link":"https:\/\/tiketi.com\/fr-fr\/vacations\/mount-kilimanjaro-tour-packages\/","title":{"rendered":"Mount Kilimanjaro Online Booking I Best Kilimanjaro Tour Packages"},"content":{"rendered":"<div class=\"wpb-content-wrapper\"><div class=\"vc_row wpb_row st bg-holder\"><div class='container'><div class='row'>\n\t<div class=\"wpb_column column_container col-md-12\"><div class=\"vc_column-inner wpb_wrapper\">\n\t\t\t\n\t<div class=\"wpb_text_column wpb_content_element\" >\n\t\t<div class=\"wpb_wrapper\">\n\t\t\t<h2>Get the Best Kilimanjaro Online Booking Price &amp; Book Cheap Mount Kilimanjaro Tour Packages<\/h2>\n\n\t\t<\/div>\n\t<\/div>\n<\/div>\n\t<\/div> \n<\/div><!--End .row--><\/div><!--End .container--><\/div><div class=\"vc_row wpb_row st bg-holder\"><div class='container'><div class='row'>\n\t<div class=\"wpb_column column_container col-md-12\"><div class=\"vc_column-inner wpb_wrapper\">\n\t\t\t\n\t<div class=\"wpb_text_column wpb_content_element\" >\n\t\t<div class=\"wpb_wrapper\">\n\t\t\t<p><script defer=\"\" type=\"text\/javascript\" src=\"https:\/\/tiketi.rezdy.com\/pluginJs\"><\/script><br \/>\n<iframe loading=\"lazy\" class=\"rezdy\" src=\"https:\/\/tiketi.rezdy.com\/catalog\/535903\/zanzibar?iframe=true\" width=\"100%\" height=\"1000px\" frameborder=\"0\" seamless=\"\"><\/iframe><\/p>\n\n\t\t<\/div>\n\t<\/div>\n<\/div>\n\t<\/div> \n<\/div><!--End .row--><\/div><!--End .container--><\/div><div class=\"vc_row wpb_row st bg-holder\"><div class='container'><div class='row'>\n\t<div class=\"wpb_column column_container col-md-12\"><div class=\"vc_column-inner wpb_wrapper\">\n\t\t\t\n\t<div class=\"wpb_text_column wpb_content_element\" >\n\t\t<div class=\"wpb_wrapper\">\n\t\t\t<div class=\"container\">\n<h2 class=\"wp-block-heading\">Tips for Mount Kilimanjaro Trekking &amp; Best Kilimanjaro Online Booking Price<\/h2>\n<p>Le mont Kilimandjaro situ\u00e9 dans\u00a0<a href=\"https:\/\/tiketi.com\/fr-fr\/tours\/tanzania\/\" target=\"_blank\" rel=\"noopener\">Tanzanie<\/a> is the tallest free-standing mountain in the world. Located within the Kilimanjaro National Park in Tanzania, this majestic mountain stands over 5, 895 meters tall. It has been one of the top hiking destinations for adventurers. If you are interested in Mount Kilimanjaro tour packages, you can\u2019t go wrong at all. Many people have listed Mount Kilimanjaro hike in their bucket list. If you haven\u2019t done it yet, you must. Compare Mount Kilimanjaro online booking price and book the perfect trip that fits your interests. Find the best package and climb Kilimanjaro on a budget.The good thing about climbing mount Kilimanjaro is that it does not require specific technical skills to proceed. But it does not mean that climbing Kilimanjaro mountain is less challenging than climbing other mountains. First things first, it has such high altitude trails which can be a good deal for novices. Not to mention that the rocky terrain that the mountain has. It can be quite a challenge for everyone.<\/p>\n<p>Pour ceux qui ont escalad\u00e9 le mont Kilimandjaro, la plupart conviendraient que c&#039;est l&#039;Everest pour tout le monde. Nous ne pouvons pas n\u00e9gliger le fait que l&#039;ascension d&#039;une montagne a \u00e9t\u00e9 une exp\u00e9rience si difficile. Avant de r\u00e9server votre forfait vacances au Kilimandjaro, vous voudrez vous assurer que tous les membres de votre \u00e9quipe sont pr\u00eats \u00e0 relever les d\u00e9fis. La bonne condition physique et la sant\u00e9 des membres du groupe est un \u00e9l\u00e9ment crucial \u00e0 consid\u00e9rer.<\/p>\n<p>Lorsque vous vous interrogez sur l&#039;ascension de la montagne du Kilimandjaro, la planification est la cl\u00e9 d&#039;un voyage r\u00e9ussi. Vous devez consacrer au moins deux mois de votre temps libre pour terminer l&#039;ascension du Kilimandjaro. En effet, deux mois, c&#039;est le temps qu&#039;il vous faut pour gravir la montagne. Non seulement \u00e0 cause du temps \u00e0 perdre, mais vous devez \u00e9galement pr\u00e9parer le bon \u00e9quipement et l&#039;argent pour financer votre activit\u00e9.<\/p>\n<h3>Cost of best Kilimanjaro tour packages \/ Best Mount Kilimanjaro online booking price<\/h3>\n<p>The good thing is that the Mount Kilimanjaro tour packages are now more affordable than before. You can get the Kilimanjaro travel packages from your trustworthy tourism agent for such friendly prices. After bypassing the time and money challenges, you will also need to research the characteristic of the mountain. Comparing Mount Kilimanjaro online booking price can save time, money, and stress.<\/p>\n<h3>Zones climatiques du mont Kilimandjaro<\/h3>\n<p>Les caract\u00e9ristiques de la montagne sont diff\u00e9rentes des autres. Par exemple, il peut pleuvoir des chats et des chiens au sommet en une journ\u00e9e, mais il peut faire plus chaud dans d&#039;autres r\u00e9gions. C&#039;est parce qu&#039;il existe diff\u00e9rentes zones climatiques dans la montagne du Kilimandjaro. Les zones climatiques \u00e0 consid\u00e9rer sont la for\u00eat tropicale, les landes, la bruy\u00e8re, le d\u00e9sert alpin et les conditions polaires pr\u00e8s du sommet.<\/p>\n<p>Bien que l&#039;ascension du mont Kilimandjaro ait \u00e9t\u00e9 assez difficile, chaque zone climatique vous r\u00e9compensera avec des paysages \u00e0 couper le souffle qui sont trop grands pour \u00eatre manqu\u00e9s. Les randonneurs peuvent \u00e9galement voir \u00e0 des kilom\u00e8tres dans toutes les directions.<\/p>\n<h3>Choosing the best route before comparing Mount Kilimanjaro online booking price<\/h3>\n<p>Les itin\u00e9raires de trekking dans les forfaits d&#039;escalade du Kilimandjaro sont imbattables. Vous pouvez passer par le sommet du Kilimandjaro. Comme mentionn\u00e9, il n&#039;y a pas de comp\u00e9tences sp\u00e9cifiques en alpinisme pour atteindre le sommet. C&#039;est donc une excellente opportunit\u00e9 pour les randonneurs d\u00e9butants et avanc\u00e9s. Le trek en haute altitude testera votre physique. Alors, assurez-vous que vous et votre groupe \u00eates pr\u00eats \u00e0 relever les d\u00e9fis.<\/p>\n<p>Il y a sept itin\u00e9raires que vous pouvez choisir dans les forfaits touristiques du mont Kilimandjaro : Marangu, Machame, Lemosho, Mweka, Rongai, Umbwe et Shira. Chaque parcours a sa propre difficult\u00e9 et ses propres pi\u00e8ges. Si vous voulez simplement profiter de la vue d\u00e9contract\u00e9e sur le mont Kilimandjaro, vous pouvez emprunter l&#039;itin\u00e9raire le plus facile connu sous le nom de Marangu. Mais comme c&#039;est le plus facile, vous ne devriez pas \u00eatre surpris par la foule. Eh bien, pour la plupart des gens, la foule les sauve de la solitude. Cela signifie \u00e9galement un soutien moral pour votre groupe.<\/p>\n<h2>7 conseils pour escalader le mont Kilimandjaro<\/h2>\n<p>L&#039;ascension du Kilimandjaro n&#039;est pas une mince affaire, mais c&#039;est faisable. En fait, des gens de tous horizons l&#039;ont fait ! D&#039;un gar\u00e7on de 7 ans \u00e0 un homme de 85 ans, de nombreuses personnes ont r\u00e9ussi \u00e0 atteindre le sommet de la randonn\u00e9e du Kilimandjaro. Cela \u00e9tant dit, ce n&#039;est pas un d\u00e9fi \u00e0 prendre \u00e0 la l\u00e9g\u00e8re. Voici certaines choses que vous devez savoir avant de r\u00e9server votre forfait vacances au mont Kilimandjaro et de partir :<\/p>\n<h3>Astuce 1 : Entra\u00eenez-vous d&#039;abord, escaladez le Kilimandjaro plus tard<\/h3>\n<p>Vous n&#039;avez besoin de rien de technique pour gravir le Kilimandjaro. Cela ne signifie pas que la formation ne serait pas dans votre meilleur int\u00e9r\u00eat. Alors que ceux qui sont raisonnablement en forme ne devraient pas avoir de probl\u00e8me \u00e0 monter au sommet, passer du temps \u00e0 d\u00e9velopper vos muscles avant de partir peut vous aider \u00e0 mieux profiter du voyage.<\/p>\n<h3>Astuce 2 : pr\u00e9parez-vous mentalement<\/h3>\n<p>Bien que vous puissiez \u00eatre compl\u00e8tement \u00e0 l&#039;aise \u00e0 l&#039;ext\u00e9rieur, vous pr\u00e9parer \u00e0 la vie en montagne peut \u00eatre un peu diff\u00e9rent de l&#039;installation d&#039;un camp dans la for\u00eat. L&#039;ascension du Kilimandjaro peut prendre entre 5 et 9 jours, vous devez donc vous pr\u00e9parer \u00e0 la nature sauvage et \u00e0 tout ce qui l&#039;accompagne - insectes, salet\u00e9, douches pour b\u00e9b\u00e9 et travail en plein air !<\/p>\n<h3>Astuce 3 : Pr\u00e9parez-vous<\/h3>\n<p>Une randonn\u00e9e au mont Kilimandjaro n&#039;est pas quelque chose que vous devriez faire sur un coup de t\u00eate. Cela n\u00e9cessite une pr\u00e9paration et une planification approfondies. Par exemple, vous voudrez peut-\u00eatre faire quelques randonn\u00e9es d&#039;entra\u00eenement pour roder vos nouvelles chaussures de randonn\u00e9e avant de vous rendre en montagne. Vous voudrez \u00e9galement vous assurer d&#039;emporter les v\u00eatements appropri\u00e9s et d&#039;apporter beaucoup d&#039;eau pour la randonn\u00e9e. C&#039;est aussi une bonne id\u00e9e de passer un examen m\u00e9dical avant de partir, car l&#039;effort \u00e0 haute altitude peut affecter le corps de diff\u00e9rentes mani\u00e8res, surtout si vous souffrez d\u00e9j\u00e0 d&#039;une autre maladie. Lors d&#039;une randonn\u00e9e dans le Kilimandjaro, vous voudrez \u00e9galement vous assurer d&#039;avoir une assurance voyage, ainsi qu&#039;un plan de s\u00e9curit\u00e9 comprenant une \u00e9vacuation d&#039;urgence et un traitement m\u00e9dical.<\/p>\n<h3>Astuce 4 : Trouvez un guide<\/h3>\n<p>On estime que seuls 65% d&#039;alpinistes atteignent le sommet de la randonn\u00e9e du mont Kilimandjaro. Cela \u00e9tant dit, vos chances sont consid\u00e9rablement augment\u00e9es si vous partez avec un guide. Lorsque vous choisissez un voyagiste, ne le faites pas \u00e0 la l\u00e9g\u00e8re. Rappelez-vous, lors de l&#039;ascension du Kilimandjaro, les risques sont nombreux. En retour, vous souhaiterez trouver un op\u00e9rateur \u00e0 la fois comp\u00e9tent et bien pr\u00e9par\u00e9. Lorsqu&#039;il s&#039;agit de faire une randonn\u00e9e comme celle-ci, il est pr\u00e9f\u00e9rable de privil\u00e9gier votre s\u00e9curit\u00e9 par rapport au co\u00fbt de l&#039;ascension du Kilimandjaro.<\/p>\n<h3>Autres conseils pour la randonn\u00e9e du mont Kilimandjaro :<\/h3>\n<p>\u2022 Astuce 5 \u2013 Meilleur moment pour l&#039;ascension du Kilimandjaro : Planifiez votre voyage \u2013 de janvier \u00e0 mars et de juin \u00e0 octobre sont les mois optimaux pour l&#039;escalade.<\/p>\n<p>\u2022 Astuce 6 \u2013 Montez les itin\u00e9raires du Kilimandjaro : Choisissez votre itin\u00e9raire \u2013 Le Kilimandjaro a 7 itin\u00e9raires principaux diff\u00e9rents, dont chacun varie en termes de difficult\u00e9, de temps, de circulation et de beaut\u00e9. Choisissez le meilleur selon vos besoins et vos pr\u00e9f\u00e9rences.<\/p>\n<p>\u2022 Astuce 7 - Acclimatez-vous - L&#039;une des principales causes d&#039;\u00e9chec de l&#039;ascension du Kilimandjaro est le mal de l&#039;altitude. Choisir un itin\u00e9raire qui prend plus de temps mais qui monte progressivement sera votre meilleure m\u00e9thode pour \u00e9viter ce probl\u00e8me. Certains m\u00e9dicaments peuvent \u00e9galement aider \u00e0 r\u00e9duire la maladie.<\/p>\n<p>Et enfin, prenez votre temps ! Lors d&#039;une randonn\u00e9e au Kilimandjaro, n&#039;oubliez pas que vous \u00eates en vacances\u00a0! L&#039;ascension du Kilimandjaro ne devrait pas \u00eatre quelque chose que vous pr\u00e9cipitez, mais devrait \u00eatre quelque chose que vous prenez le temps d&#039;appr\u00e9cier.<\/p>\n<h2>Cheap Mount Kilimanjaro online booking price<\/h2>\n<p>Alors qu&#039;est-ce que tu attends? Comparez les forfaits vacances au mont Kilimandjaro et r\u00e9servez votre ascension du mont Kilimandjaro maintenant et chronom\u00e9trez votre voyage avec votre famille ou vos amis.<\/p>\n<hr \/>\n<\/div>\n<div class=\"container\">\n<h3>Forfaits touristiques et vacances populaires<\/h3>\n<div class=\"col-md-4 row5\">\n<p><a href=\"https:\/\/tiketi.com\/fr-fr\/vacations\/zanzibar-tour-packages\/\" target=\"_blank\" rel=\"noopener\">Forfaits Zanzibar<\/a><\/p>\n<p><a href=\"https:\/\/tiketi.com\/fr-fr\/vacations\/serengeti-national-park-tour-packages\/\" target=\"_blank\" rel=\"noopener\">Forfaits Parc national du Serengeti<\/a><\/p>\n<p><a href=\"https:\/\/tiketi.com\/fr-fr\/vacations\/johannesburg-tour-packages\/\" target=\"_blank\" rel=\"noopener\">Forfaits \u00e0 Johannesbourg<\/a><\/p>\n<p><a href=\"https:\/\/tiketi.com\/fr-fr\/vacations\/cape-verde-tour-packages\/\" target=\"_blank\" rel=\"noopener\">Forfaits Boa Vista<\/a><\/p>\n<p><a href=\"https:\/\/tiketi.com\/fr-fr\/vacations\/nairobi-tour-packages\/\" target=\"_blank\" rel=\"noopener\">Forfaits Nairobi<\/a><\/p>\n<\/div>\n<div class=\"col-md-4 row5\">\n<p><a href=\"https:\/\/tiketi.com\/fr-fr\/vacations\/cape-town-tour-packages\/\" target=\"_blank\" rel=\"noopener\">Forfaits Le Cap<\/a><\/p>\n<p><a href=\"https:\/\/tiketi.com\/fr-fr\/vacations\/dubai-tour-packages\/\" target=\"_blank\" rel=\"noopener\">Forfaits Duba\u00ef<\/a><\/p>\n<p><a href=\"https:\/\/tiketi.com\/fr-fr\/vacations\/harare-tour-packages\/\" target=\"_blank\" rel=\"noopener\">Forfaits vacances \u00e0 Harare<\/a><\/p>\n<p><a href=\"https:\/\/tiketi.com\/fr-fr\/destination\/south-africa\/kruger-national-park\/\" target=\"_blank\" rel=\"noopener\">Forfaits Parc national Kruger<\/a><\/p>\n<p><a href=\"https:\/\/tiketi.com\/fr-fr\/vacations\/kenya-tour-packages\/\" target=\"_blank\" rel=\"nofollow noopener\">Forfaits R\u00e9serve nationale du Masai Mara<\/a><\/p>\n<\/div>\n<div class=\"col-md-4 row5\">\n<p><a href=\"https:\/\/tiketi.com\/fr-fr\/vacations\/marrakech-tour-packages\/\" target=\"_blank\" rel=\"noopener\">Forfaits Marrakech<\/a><\/p>\n<p><a href=\"https:\/\/tiketi.com\/fr-fr\/vacations\/victoria-falls-tour-packages\/\" target=\"_blank\" rel=\"noopener\">Forfaits Chutes Victoria<\/a><\/p>\n<p><a href=\"https:\/\/tiketi.com\/fr-fr\/vacations\/dar-es-salaam-tour-packages\/\" target=\"_blank\" rel=\"noopener\">Forfaits Dar es Salam<\/a><\/p>\n<p><a href=\"https:\/\/tiketi.com\/fr-fr\/vacations\/botswana-tour-packages\/\" target=\"_blank\" rel=\"noopener\">Forfaits Parc National de Chobe<\/a><\/p>\n<p><a href=\"https:\/\/tiketi.com\/fr-fr\/vacations\/namibia-tour-packages\/\" target=\"_blank\" rel=\"noopener\">Forfaits Fish River Canyon<\/a><\/p>\n<\/div>\n<div class=\"col-md-4 row5\"><\/div>\n<div class=\"col-md-4 row5\"><\/div>\n<\/div>\n\n\t\t<\/div>\n\t<\/div>\n<\/div>\n\t<\/div> \n<\/div><!--End .row--><\/div><!--End .container--><\/div><div class=\"vc_row wpb_row st bg-holder\"><div class='container'><div class='row'>\n\t<div class=\"wpb_column column_container col-md-12\"><div class=\"vc_column-inner wpb_wrapper\">\n\t\t\t<div class=\"vc_separator wpb_content_element vc_separator_align_center vc_sep_width_100 vc_sep_pos_align_center vc_separator_no_text vc_sep_color_grey vc_custom_1557213917472 wpb_content_element  vc_custom_1557213917472 wpb_content_element\" ><span class=\"vc_sep_holder vc_sep_holder_l\"><span class=\"vc_sep_line\"><\/span><\/span><span class=\"vc_sep_holder vc_sep_holder_r\"><span class=\"vc_sep_line\"><\/span><\/span>\n<\/div><\/div>\n\t<\/div> \n<\/div><!--End .row--><\/div><!--End .container--><\/div>\n<\/div>","protected":false},"excerpt":{"rendered":"Get the Best Kilimanjaro Online Booking Price &amp; Book Cheap Mount Kilimanjaro Tour Packages Tips for Mount Kilimanjaro Trekking &amp; Best Kilimanjaro Online Booking Price Mount Kilimanjaro situated in\u00a0Tanzania is the tallest free-standing mountain in the world. Located within the Kilimanjaro National Park in Tanzania, this majestic mountain stands over 5, 895 meters tall. It [...]","protected":false},"author":1,"featured_media":22030,"parent":21742,"menu_order":0,"comment_status":"closed","ping_status":"closed","template":"template-home-modern.php","meta":{"footnotes":""},"class_list":["post-21969","page","type-page","status-publish","has-post-thumbnail","hentry"],"yoast_head":"<!-- This site is optimized with the Yoast SEO plugin v27.2 - https:\/\/yoast.com\/product\/yoast-seo-wordpress\/ -->\n<title>Mount Kilimanjaro Online Booking I Best Kilimanjaro Tour Packages - Tiketi.com<\/title>\n<meta name=\"description\" content=\"Looking for best Mount Kilimanjaro online booking offers? Book affordable Mount Kilimanjaro tour packages &amp; enjoy a hassle-free hike\" \/>\n<meta name=\"robots\" content=\"index, follow, max-snippet:-1, max-image-preview:large, max-video-preview:-1\" \/>\n<link rel=\"canonical\" href=\"https:\/\/tiketi.com\/fr-fr\/vacations\/mount-kilimanjaro-tour-packages\/\" \/>\n<meta property=\"og:locale\" content=\"fr_FR\" \/>\n<meta property=\"og:type\" content=\"article\" \/>\n<meta property=\"og:title\" content=\"Mount Kilimanjaro Online Booking I Best Kilimanjaro Tour Packages - Tiketi.com\" \/>\n<meta property=\"og:description\" content=\"Looking for best Mount Kilimanjaro online booking offers? Book affordable Mount Kilimanjaro tour packages &amp; enjoy a hassle-free hike\" \/>\n<meta property=\"og:url\" content=\"https:\/\/tiketi.com\/fr-fr\/vacations\/mount-kilimanjaro-tour-packages\/\" \/>\n<meta property=\"og:site_name\" content=\"Tiketi.com\" \/>\n<meta property=\"article:publisher\" content=\"https:\/\/www.facebook.com\/TiketiCom\/\" \/>\n<meta property=\"article:modified_time\" content=\"2024-08-02T16:49:35+00:00\" \/>\n<meta property=\"og:image\" content=\"https:\/\/tiketi.com\/wp-content\/uploads\/2022\/02\/kilimanjaro-tour-packages-4.jpg\" \/>\n\t<meta property=\"og:image:width\" content=\"1200\" \/>\n\t<meta property=\"og:image:height\" content=\"200\" \/>\n\t<meta property=\"og:image:type\" content=\"image\/jpeg\" \/>\n<meta name=\"twitter:card\" content=\"summary_large_image\" \/>\n<meta name=\"twitter:label1\" content=\"Dur\u00e9e de lecture estim\u00e9e\" \/>\n\t<meta name=\"twitter:data1\" content=\"7 minutes\" \/>\n<script type=\"application\/ld+json\" class=\"yoast-schema-graph\">{\"@context\":\"https:\/\/schema.org\",\"@graph\":[{\"@type\":\"WebPage\",\"@id\":\"https:\/\/tiketi.com\/vacations\/mount-kilimanjaro-tour-packages\/\",\"url\":\"https:\/\/tiketi.com\/vacations\/mount-kilimanjaro-tour-packages\/\",\"name\":\"Mount Kilimanjaro Online Booking I Best Kilimanjaro Tour Packages - Tiketi.com\",\"isPartOf\":{\"@id\":\"https:\/\/tiketi.com\/#website\"},\"primaryImageOfPage\":{\"@id\":\"https:\/\/tiketi.com\/vacations\/mount-kilimanjaro-tour-packages\/#primaryimage\"},\"image\":{\"@id\":\"https:\/\/tiketi.com\/vacations\/mount-kilimanjaro-tour-packages\/#primaryimage\"},\"thumbnailUrl\":\"https:\/\/tiketi.com\/wp-content\/uploads\/2022\/02\/kilimanjaro-tour-packages-4.jpg\",\"datePublished\":\"2022-02-25T11:37:00+00:00\",\"dateModified\":\"2024-08-02T16:49:35+00:00\",\"description\":\"Looking for best Mount Kilimanjaro online booking offers? Book affordable Mount Kilimanjaro tour packages & enjoy a hassle-free hike\",\"breadcrumb\":{\"@id\":\"https:\/\/tiketi.com\/vacations\/mount-kilimanjaro-tour-packages\/#breadcrumb\"},\"inLanguage\":\"fr-FR\",\"potentialAction\":[{\"@type\":\"ReadAction\",\"target\":[\"https:\/\/tiketi.com\/vacations\/mount-kilimanjaro-tour-packages\/\"]}]},{\"@type\":\"ImageObject\",\"inLanguage\":\"fr-FR\",\"@id\":\"https:\/\/tiketi.com\/vacations\/mount-kilimanjaro-tour-packages\/#primaryimage\",\"url\":\"https:\/\/tiketi.com\/wp-content\/uploads\/2022\/02\/kilimanjaro-tour-packages-4.jpg\",\"contentUrl\":\"https:\/\/tiketi.com\/wp-content\/uploads\/2022\/02\/kilimanjaro-tour-packages-4.jpg\",\"width\":1200,\"height\":200,\"caption\":\"Mount Kilimanjaro Tour Packages\"},{\"@type\":\"BreadcrumbList\",\"@id\":\"https:\/\/tiketi.com\/vacations\/mount-kilimanjaro-tour-packages\/#breadcrumb\",\"itemListElement\":[{\"@type\":\"ListItem\",\"position\":1,\"name\":\"Home\",\"item\":\"https:\/\/tiketi.com\/\"},{\"@type\":\"ListItem\",\"position\":2,\"name\":\"Best Vacation Travel Packages &#038; Holiday Deals\",\"item\":\"https:\/\/tiketi.com\/vacations\/\"},{\"@type\":\"ListItem\",\"position\":3,\"name\":\"Mount Kilimanjaro Online Booking I Best Kilimanjaro Tour Packages\"}]},{\"@type\":\"WebSite\",\"@id\":\"https:\/\/tiketi.com\/#website\",\"url\":\"https:\/\/tiketi.com\/\",\"name\":\"Flight & Bus Tickets, Tour Packages & Activitites - Tiketi.com\",\"description\":\"Flight &amp; Bus Tickets, Tours, Activitites\",\"publisher\":{\"@id\":\"https:\/\/tiketi.com\/#organization\"},\"potentialAction\":[{\"@type\":\"SearchAction\",\"target\":{\"@type\":\"EntryPoint\",\"urlTemplate\":\"https:\/\/tiketi.com\/?s={search_term_string}\"},\"query-input\":{\"@type\":\"PropertyValueSpecification\",\"valueRequired\":true,\"valueName\":\"search_term_string\"}}],\"inLanguage\":\"fr-FR\"},{\"@type\":\"Organization\",\"@id\":\"https:\/\/tiketi.com\/#organization\",\"name\":\"Tiketi.com\",\"alternateName\":\"Tiketi\",\"url\":\"https:\/\/tiketi.com\/\",\"logo\":{\"@type\":\"ImageObject\",\"inLanguage\":\"fr-FR\",\"@id\":\"https:\/\/tiketi.com\/#\/schema\/logo\/image\/\",\"url\":\"https:\/\/tiketi.com\/wp-content\/uploads\/2019\/05\/tiketi-logo-696.png\",\"contentUrl\":\"https:\/\/tiketi.com\/wp-content\/uploads\/2019\/05\/tiketi-logo-696.png\",\"width\":696,\"height\":696,\"caption\":\"Tiketi.com\"},\"image\":{\"@id\":\"https:\/\/tiketi.com\/#\/schema\/logo\/image\/\"},\"sameAs\":[\"https:\/\/www.facebook.com\/TiketiCom\/\"]}]}<\/script>\n<!-- \/ Yoast SEO plugin. -->","yoast_head_json":{"title":"R\u00e9servation en ligne pour le mont Kilimandjaro I Meilleurs forfaits touristiques pour le Kilimandjaro - Tiketi.com","description":"Looking for best Mount Kilimanjaro online booking offers? Book affordable Mount Kilimanjaro tour packages & enjoy a hassle-free hike","robots":{"index":"index","follow":"follow","max-snippet":"max-snippet:-1","max-image-preview":"max-image-preview:large","max-video-preview":"max-video-preview:-1"},"canonical":"https:\/\/tiketi.com\/fr-fr\/vacations\/mount-kilimanjaro-tour-packages\/","og_locale":"fr_FR","og_type":"article","og_title":"Mount Kilimanjaro Online Booking I Best Kilimanjaro Tour Packages - Tiketi.com","og_description":"Looking for best Mount Kilimanjaro online booking offers? Book affordable Mount Kilimanjaro tour packages & enjoy a hassle-free hike","og_url":"https:\/\/tiketi.com\/fr-fr\/vacations\/mount-kilimanjaro-tour-packages\/","og_site_name":"Tiketi.com","article_publisher":"https:\/\/www.facebook.com\/TiketiCom\/","article_modified_time":"2024-08-02T16:49:35+00:00","og_image":[{"width":1200,"height":200,"url":"https:\/\/tiketi.com\/wp-content\/uploads\/2022\/02\/kilimanjaro-tour-packages-4.jpg","type":"image\/jpeg"}],"twitter_card":"summary_large_image","twitter_misc":{"Dur\u00e9e de lecture estim\u00e9e":"7 minutes"},"schema":{"@context":"https:\/\/schema.org","@graph":[{"@type":"WebPage","@id":"https:\/\/tiketi.com\/vacations\/mount-kilimanjaro-tour-packages\/","url":"https:\/\/tiketi.com\/vacations\/mount-kilimanjaro-tour-packages\/","name":"R\u00e9servation en ligne pour le mont Kilimandjaro I Meilleurs forfaits touristiques pour le Kilimandjaro - Tiketi.com","isPartOf":{"@id":"https:\/\/tiketi.com\/#website"},"primaryImageOfPage":{"@id":"https:\/\/tiketi.com\/vacations\/mount-kilimanjaro-tour-packages\/#primaryimage"},"image":{"@id":"https:\/\/tiketi.com\/vacations\/mount-kilimanjaro-tour-packages\/#primaryimage"},"thumbnailUrl":"https:\/\/tiketi.com\/wp-content\/uploads\/2022\/02\/kilimanjaro-tour-packages-4.jpg","datePublished":"2022-02-25T11:37:00+00:00","dateModified":"2024-08-02T16:49:35+00:00","description":"Looking for best Mount Kilimanjaro online booking offers? Book affordable Mount Kilimanjaro tour packages & enjoy a hassle-free hike","breadcrumb":{"@id":"https:\/\/tiketi.com\/vacations\/mount-kilimanjaro-tour-packages\/#breadcrumb"},"inLanguage":"fr-FR","potentialAction":[{"@type":"ReadAction","target":["https:\/\/tiketi.com\/vacations\/mount-kilimanjaro-tour-packages\/"]}]},{"@type":"ImageObject","inLanguage":"fr-FR","@id":"https:\/\/tiketi.com\/vacations\/mount-kilimanjaro-tour-packages\/#primaryimage","url":"https:\/\/tiketi.com\/wp-content\/uploads\/2022\/02\/kilimanjaro-tour-packages-4.jpg","contentUrl":"https:\/\/tiketi.com\/wp-content\/uploads\/2022\/02\/kilimanjaro-tour-packages-4.jpg","width":1200,"height":200,"caption":"Mount Kilimanjaro Tour Packages"},{"@type":"BreadcrumbList","@id":"https:\/\/tiketi.com\/vacations\/mount-kilimanjaro-tour-packages\/#breadcrumb","itemListElement":[{"@type":"ListItem","position":1,"name":"Home","item":"https:\/\/tiketi.com\/"},{"@type":"ListItem","position":2,"name":"Best Vacation Travel Packages &#038; Holiday Deals","item":"https:\/\/tiketi.com\/vacations\/"},{"@type":"ListItem","position":3,"name":"Mount Kilimanjaro Online Booking I Best Kilimanjaro Tour Packages"}]},{"@type":"WebSite","@id":"https:\/\/tiketi.com\/#website","url":"https:\/\/tiketi.com\/","name":"Billets d&#039;avion et de bus, forfaits touristiques et activit\u00e9s - Tiketi.com","description":"Billets d&#039;avion et de bus, Tours, Activit\u00e9s","publisher":{"@id":"https:\/\/tiketi.com\/#organization"},"potentialAction":[{"@type":"SearchAction","target":{"@type":"EntryPoint","urlTemplate":"https:\/\/tiketi.com\/?s={search_term_string}"},"query-input":{"@type":"PropertyValueSpecification","valueRequired":true,"valueName":"search_term_string"}}],"inLanguage":"fr-FR"},{"@type":"Organization","@id":"https:\/\/tiketi.com\/#organization","name":"Tiketi.com","alternateName":"Tiketi","url":"https:\/\/tiketi.com\/","logo":{"@type":"ImageObject","inLanguage":"fr-FR","@id":"https:\/\/tiketi.com\/#\/schema\/logo\/image\/","url":"https:\/\/tiketi.com\/wp-content\/uploads\/2019\/05\/tiketi-logo-696.png","contentUrl":"https:\/\/tiketi.com\/wp-content\/uploads\/2019\/05\/tiketi-logo-696.png","width":696,"height":696,"caption":"Tiketi.com"},"image":{"@id":"https:\/\/tiketi.com\/#\/schema\/logo\/image\/"},"sameAs":["https:\/\/www.facebook.com\/TiketiCom\/"]}]}},"_links":{"self":[{"href":"https:\/\/tiketi.com\/fr-fr\/wp-json\/wp\/v2\/pages\/21969","targetHints":{"allow":["GET"]}}],"collection":[{"href":"https:\/\/tiketi.com\/fr-fr\/wp-json\/wp\/v2\/pages"}],"about":[{"href":"https:\/\/tiketi.com\/fr-fr\/wp-json\/wp\/v2\/types\/page"}],"author":[{"embeddable":true,"href":"https:\/\/tiketi.com\/fr-fr\/wp-json\/wp\/v2\/users\/1"}],"replies":[{"embeddable":true,"href":"https:\/\/tiketi.com\/fr-fr\/wp-json\/wp\/v2\/comments?post=21969"}],"version-history":[{"count":4,"href":"https:\/\/tiketi.com\/fr-fr\/wp-json\/wp\/v2\/pages\/21969\/revisions"}],"predecessor-version":[{"id":31002,"href":"https:\/\/tiketi.com\/fr-fr\/wp-json\/wp\/v2\/pages\/21969\/revisions\/31002"}],"up":[{"embeddable":true,"href":"https:\/\/tiketi.com\/fr-fr\/wp-json\/wp\/v2\/pages\/21742"}],"wp:featuredmedia":[{"embeddable":true,"href":"https:\/\/tiketi.com\/fr-fr\/wp-json\/wp\/v2\/media\/22030"}],"wp:attachment":[{"href":"https:\/\/tiketi.com\/fr-fr\/wp-json\/wp\/v2\/media?parent=21969"}],"curies":[{"name":"wp","href":"https:\/\/api.w.org\/{rel}","templated":true}]}}