{"id":23086,"date":"2022-06-14T06:30:16","date_gmt":"2022-06-14T05:30:16","guid":{"rendered":"https:\/\/new.tiketi.com\/?page_id=23086"},"modified":"2024-08-02T17:34:27","modified_gmt":"2024-08-02T16:34:27","slug":"serengeti-national-park-tour-packages","status":"publish","type":"page","link":"https:\/\/tiketi.com\/fr-fr\/vacations\/serengeti-national-park-tour-packages\/","title":{"rendered":"R\u00e9servation en ligne du Serengeti I Forfaits touristiques du parc national du Serengeti"},"content":{"rendered":"<div class=\"wpb-content-wrapper\"><div class=\"vc_row wpb_row st bg-holder\"><div class='container'><div class='row'>\n\t<div class=\"wpb_column column_container col-md-12\"><div class=\"vc_column-inner wpb_wrapper\">\n\t\t\t\n\t<div class=\"wpb_text_column wpb_content_element\" >\n\t\t<div class=\"wpb_wrapper\">\n\t\t\t<h2>Get the Best Serengeti Online Booking Price &amp; Book Cheap Serengeti National Park Tour Packages<\/h2>\n\n\t\t<\/div>\n\t<\/div>\n<\/div>\n\t<\/div> \n<\/div><!--End .row--><\/div><!--End .container--><\/div><div class=\"vc_row wpb_row st bg-holder\"><div class='container'><div class='row'>\n\t<div class=\"wpb_column column_container col-md-12\"><div class=\"vc_column-inner wpb_wrapper\">\n\t\t\t\n\t<div class=\"wpb_text_column wpb_content_element\" >\n\t\t<div class=\"wpb_wrapper\">\n\t\t\t<p><script defer=\"\" type=\"text\/javascript\" src=\"https:\/\/tiketi.rezdy.com\/pluginJs\"><\/script><br \/><iframe loading=\"lazy\" class=\"rezdy\" src=\"https:\/\/tiketi.rezdy.com\/catalog\/535903\/zanzibar?iframe=true\" width=\"100%\" height=\"1000px\" frameborder=\"0\" seamless=\"\"><\/iframe><\/p>\n\n\t\t<\/div>\n\t<\/div>\n<\/div>\n\t<\/div> \n<\/div><!--End .row--><\/div><!--End .container--><\/div><div class=\"vc_row wpb_row st bg-holder\"><div class='container'><div class='row'>\n\t<div class=\"wpb_column column_container col-md-12\"><div class=\"vc_column-inner wpb_wrapper\">\n\t\t\t<div class=\"vc_separator wpb_content_element vc_separator_align_center vc_sep_width_100 vc_sep_pos_align_center vc_separator_no_text vc_sep_color_grey wpb_content_element  wpb_content_element\" ><span class=\"vc_sep_holder vc_sep_holder_l\"><span class=\"vc_sep_line\"><\/span><\/span><span class=\"vc_sep_holder vc_sep_holder_r\"><span class=\"vc_sep_line\"><\/span><\/span>\n<\/div><\/div>\n\t<\/div> \n<\/div><!--End .row--><\/div><!--End .container--><\/div><div class=\"vc_row wpb_row st bg-holder\"><div class='container'><div class='row'>\n\t<div class=\"wpb_column column_container col-md-12\"><div class=\"vc_column-inner wpb_wrapper\">\n\t\t\t\n\t<div class=\"wpb_text_column wpb_content_element\" >\n\t\t<div class=\"wpb_wrapper\">\n\t\t\t<div class=\"container\">\n\n\t\t<\/div>\n\t<\/div>\n<\/div>\n\t<\/div> \n<\/div><!--End .row--><\/div><!--End .container--><\/div><div class=\"vc_row wpb_row st bg-holder\"><div class='container'><div class='row'>\n\t<div class=\"wpb_column column_container col-md-12\"><div class=\"vc_column-inner wpb_wrapper\">\n\t\t\t<\/div>\n\t<\/div> \n<\/div><!--End .row--><\/div><!--End .container--><\/div><div class=\"vc_row wpb_row st bg-holder\"><div class='container'><div class='row'>\n\t<div class=\"wpb_column column_container col-md-12\"><div class=\"vc_column-inner wpb_wrapper\">\n\t\t\t<div class=\"vc_empty_space\"   style=\"height: 62px\"><span class=\"vc_empty_space_inner\"><\/span><\/div><\/div>\n\t<\/div> \n<\/div><!--End .row--><\/div><!--End .container--><\/div><div class=\"vc_row wpb_row st bg-holder\"><div class='container'><div class='row'>\n\t<div class=\"wpb_column column_container col-md-12\"><div class=\"vc_column-inner wpb_wrapper\">\n\t\t\t\n\t<div class=\"wpb_text_column wpb_content_element\" >\n\t\t<div class=\"wpb_wrapper\">\n\t\t\t<h2 class=\"wp-block-heading\">Tips for Serengeti National Park Safari &amp; Best Serengeti Online Booking Price<\/h2>\n<p>Le sanctuaire de la faune de renomm\u00e9e mondiale a \u00e9t\u00e9 nomm\u00e9 meilleur parc national du monde par la plus grande plateforme de voyage au monde et \u00e9lu meilleur parc national d&#039;Afrique lors des World Travel Awards (WTA) 2021.<\/p>\n<p><!-- \/wp:post-content --><\/p>\n<p><!-- wp:paragraph -->The Serengeti National Park is a UNESCO World Heritage Site and one of the world\u2019s most popular national parks which is also home to adorable wildlife in East Africa. Serengeti National Park is situated in <a href=\"https:\/\/tiketi.com\/fr-fr\/vacations\/tanzania-tour-packages\/\" target=\"_blank\" rel=\"noopener\">Tanzanie<\/a> country at the edge of Kenyan Border. The Serengeti national park tour packages offers natural wonders with the heritage of the area. Compare Serengeti online booking price and book the perfect trip that fits your interests. Find the best package and do Serengeti national park safari on a budget. Here the highlight of Serengeti vacation packages for your next holiday arrangement.&lt;\/p&gt;<\/p>\n<p><!-- wp:heading {\"level\":4} --><\/p>\n<h2>Meilleures attractions touristiques et activit\u00e9s dans le Serengeti<\/h2>\n<p><!-- \/wp:heading --><\/p>\n<p><!-- wp:image {\"id\":2159} --><\/p>\n<figure class=\"wp-block-image\"><img loading=\"lazy\" decoding=\"async\" class=\"alignnone wp-image-2159\" src=\"https:\/\/blog.tiketi.com\/wp-content\/uploads\/2019\/01\/ray-rui-693087-unsplash-1024x683.jpg\" alt=\"Migration of Wildebeest in Serengeti Park Safari - Serengeti Online Booking I Serengeti National Park Tour Packages\" width=\"1024\" height=\"457\" \/><\/figure>\n<p><!-- \/wp:image --><\/p>\n<p><!-- wp:heading {\"level\":3} --><\/p>\n<h3 id=\"the-main-attraction-natural-wonders\">L&#039;attraction principale : les merveilles naturelles<\/h3>\n<p><!-- \/wp:heading --><\/p>\n<p><!-- wp:paragraph -->Le Serengeti pr\u00e9sente les \u00e9cosyst\u00e8mes les plus anciens mais les plus importants au monde. Vous pouvez voir \u00e0 travers la flore et la faune passer par le cercle de la vie en faune r\u00e9serv\u00e9e. Ceux-ci deviennent des paysages merveilleux que vous ne pouvez trouver nulle part dans le monde. Le safari dans le parc national du Serengeti vous permet de profiter des merveilles naturelles qui n&#039;ont presque jamais chang\u00e9 \u00e0 travers la civilisation.<\/p>\n<p><!-- \/wp:paragraph --><\/p>\n<p><!-- wp:image {\"id\":9600} --><\/p>\n<figure class=\"wp-block-image\"><img decoding=\"async\" class=\"wp-image-9600\" src=\"https:\/\/blog.tiketi.com\/wp-content\/uploads\/2020\/06\/serengeti_tanzania_lions-175934_960_720.png\" alt=\"Safari dans le parc national du Serengeti en Tanzanie et vacances \u00e0 la plage \u00e0 Zanzibar\" \/><\/figure>\n<p><!-- \/wp:image --><\/p>\n<p><!-- wp:heading {\"level\":3} --><\/p>\n<h3 id=\"migration-of-wildebeest-in-serengeti-park\">Migration des gnous dans le parc du Serengeti<\/h3>\n<p><!-- \/wp:heading --><\/p>\n<p><!-- wp:paragraph -->Avez-vous d\u00e9j\u00e0 vu des millions de gnous migrer dans une super longue marche \u00e0 travers votre \u00e9cran de t\u00e9l\u00e9vision\u00a0? La grande migration dans le c\u00e9l\u00e8bre parc national du Serengeti est le plus grand mouvement de troupeaux d&#039;animaux de la plan\u00e8te - un \u00e9v\u00e9nement spectaculaire de la faune dans le vaste \u00e9cosyst\u00e8me du nord de la Tanzanie. Si vous faites un safari en Tanzanie en juillet-novembre, vous pourrez assister \u00e0 cette migration sous vos yeux pour de vrai. La bonne nouvelle est que le gnou n&#039;est pas le seul car vous pouvez \u00e9galement voir facilement des crocodiles, des gazelles, des \u00e9lans, des z\u00e8bres et les grandes chances des cinq grands (rhinoc\u00e9ros, \u00e9l\u00e9phant, l\u00e9opard, buffle et lion). Comme pr\u00e9vu, les pr\u00e9dateurs profitent de la migration pour s&#039;emparer de leurs grosses proies.<\/p>\n<p><!-- \/wp:paragraph --><\/p>\n<p><!-- wp:image {\"id\":9737} --><\/p>\n<figure class=\"wp-block-image\"><img decoding=\"async\" class=\"wp-image-9737\" src=\"https:\/\/blog.tiketi.com\/wp-content\/uploads\/2020\/06\/serengeti_national_park-dawn-w-FmUx8z_Tz4A-unsplash.jpg\" alt=\"Migration des gnous dans le parc du Serengeti - Buffles - safari en Tanzanie et vacances \u00e0 la plage \u00e0 Zanzibar\" \/><\/figure>\n<p><!-- \/wp:image --><\/p>\n<p><!-- wp:heading {\"level\":3} --><\/p>\n<h3 id=\"night-scenes\">Sc\u00e8nes de nuit<\/h3>\n<p><!-- \/wp:heading --><\/p>\n<p><!-- wp:paragraph -->Bien s\u00fbr, il n&#039;y a pas de safari dans le parc national du Serengeti la nuit. Cependant, vous \u00eates autoris\u00e9 \u00e0 \u00eatre proche du bord du parc. Il n&#039;y a aucun obstacle pour profiter des superbes sc\u00e8nes nocturnes du Serengeti \u00e0 coup s\u00fbr. \u00c9tant donn\u00e9 que les trajets de nuit ne sont pas autoris\u00e9s, vous pouvez simplement prendre les lodges les plus proches pour rester. La plupart de ces lodges sont face au Serengeti ou vous offrent au moins une vue sur le Serengeti. C&#039;est absolument une exp\u00e9rience merveilleuse de voir comment le Serengeti se transforme de la lumi\u00e8re du jour au clair de lune. Profiter de la vue nocturne du grand jeu serait une exp\u00e9rience enrichissante qui vaut tous vos efforts pour les vacances en Tanzanie Safari.<\/p>\n<p><!-- \/wp:paragraph --><\/p>\n<p><!-- wp:heading --><\/p>\n<h2 id=\"best-time-to-visit-the-serengeti-park-safari-in-tanzania\">Meilleur moment pour visiter le safari du parc du Serengeti en Tanzanie<\/h2>\n<p><!-- \/wp:heading --><\/p>\n<p><!-- wp:paragraph -->Le parc national est \u00e9ligible toute l&#039;ann\u00e9e mais il vaut mieux \u00e9viter la saison des pluies surtout avril-mai. En fait, vous pouvez vivre diff\u00e9rentes exp\u00e9riences dans le parc national du Serengeti \u00e0 diff\u00e9rentes p\u00e9riodes de l&#039;ann\u00e9e, notamment la migration des animaux, les paysages, les activit\u00e9s et bien d&#039;autres. Juillet-novembre est la plage si vous voulez assister \u00e0 la migration des gnous. Ce n&#039;est certainement pas une visite d&#039;une journ\u00e9e, vous devez donc organiser l&#039;h\u00e9bergement pour rester en Tanzanie pendant plusieurs jours.<\/p>\n<p><!-- \/wp:paragraph --><\/p>\n<p><!-- wp:image {\"id\":13416} --><\/p>\n<figure class=\"wp-block-image\"><img loading=\"lazy\" decoding=\"async\" class=\"alignnone wp-image-13416\" src=\"https:\/\/blog.tiketi.com\/wp-content\/uploads\/2021\/09\/serengeti-giraffe-harshil-gudka-kfxEUCTUeyg-unspl.jpg\" alt=\"Giraffe - Serengeti Park Safari - Serengeti Online Booking I Serengeti National Park Tour Packages\" width=\"1200\" height=\"514\" \/><\/figure>\n<p><!-- \/wp:image --><\/p>\n<h2>Vous recherchez des forfaits touristiques d&#039;un bon rapport qualit\u00e9-prix dans le parc national du Serengeti\u00a0?<\/h2>\n<h3>Tiketi.com&#8217;s Serengeti online booking price can help you save money!<\/h3>\n<p>Alors qu&#039;attendez-vous, planifiez des vacances au Serengeti et assurez-vous de visiter toutes les merveilleuses attractions.<\/p>\n<h3>Alors, r\u00e9servez vos forfaits vacances Serengeti maintenant et profitez d&#039;une exp\u00e9rience inoubliable.<\/h3>\n\n\t\t<\/div>\n\t<\/div>\n<\/div>\n\t<\/div> \n<\/div><!--End .row--><\/div><!--End .container--><\/div>\r\n<\/div><\/div>","protected":false},"excerpt":{"rendered":"Get the Best Serengeti Online Booking Price &amp; Book Cheap Serengeti National Park Tour Packages Tips for Serengeti National Park Safari &amp; Best Serengeti Online Booking Price The world famous wildlife sanctuary was named best national park in the world by the world's largest travel platform and voted Africa\u2019s best national park in the 2021 [...]","protected":false},"author":1,"featured_media":23102,"parent":21742,"menu_order":0,"comment_status":"closed","ping_status":"closed","template":"template-home-modern.php","meta":{"footnotes":""},"class_list":["post-23086","page","type-page","status-publish","has-post-thumbnail","hentry"],"yoast_head":"<!-- This site is optimized with the Yoast SEO plugin v27.2 - https:\/\/yoast.com\/product\/yoast-seo-wordpress\/ -->\n<title>Serengeti Online Booking I Serengeti National Park Tour Packages - Tiketi.com<\/title>\n<meta name=\"description\" content=\"Looking for best Serengeti online booking price offers? Book affordable Serengeti National Park tour packages &amp; enjoy a hassle-free safari\" \/>\n<meta name=\"robots\" content=\"index, follow, max-snippet:-1, max-image-preview:large, max-video-preview:-1\" \/>\n<link rel=\"canonical\" href=\"https:\/\/tiketi.com\/fr-fr\/vacations\/serengeti-national-park-tour-packages\/\" \/>\n<meta property=\"og:locale\" content=\"fr_FR\" \/>\n<meta property=\"og:type\" content=\"article\" \/>\n<meta property=\"og:title\" content=\"Serengeti Online Booking I Serengeti National Park Tour Packages - Tiketi.com\" \/>\n<meta property=\"og:description\" content=\"Looking for best Serengeti online booking price offers? Book affordable Serengeti National Park tour packages &amp; enjoy a hassle-free safari\" \/>\n<meta property=\"og:url\" content=\"https:\/\/tiketi.com\/fr-fr\/vacations\/serengeti-national-park-tour-packages\/\" \/>\n<meta property=\"og:site_name\" content=\"Tiketi.com\" \/>\n<meta property=\"article:publisher\" content=\"https:\/\/www.facebook.com\/TiketiCom\/\" \/>\n<meta property=\"article:modified_time\" content=\"2024-08-02T16:34:27+00:00\" \/>\n<meta property=\"og:image\" content=\"https:\/\/tiketi.com\/wp-content\/uploads\/2022\/06\/serengeti-safari-package-unsplash-2.jpg\" \/>\n\t<meta property=\"og:image:width\" content=\"1200\" \/>\n\t<meta property=\"og:image:height\" content=\"327\" \/>\n\t<meta property=\"og:image:type\" content=\"image\/jpeg\" \/>\n<meta name=\"twitter:card\" content=\"summary_large_image\" \/>\n<meta name=\"twitter:label1\" content=\"Dur\u00e9e de lecture estim\u00e9e\" \/>\n\t<meta name=\"twitter:data1\" content=\"4 minutes\" \/>\n<script type=\"application\/ld+json\" class=\"yoast-schema-graph\">{\"@context\":\"https:\/\/schema.org\",\"@graph\":[{\"@type\":\"WebPage\",\"@id\":\"https:\/\/tiketi.com\/vacations\/serengeti-national-park-tour-packages\/\",\"url\":\"https:\/\/tiketi.com\/vacations\/serengeti-national-park-tour-packages\/\",\"name\":\"Serengeti Online Booking I Serengeti National Park Tour Packages - Tiketi.com\",\"isPartOf\":{\"@id\":\"https:\/\/tiketi.com\/#website\"},\"primaryImageOfPage\":{\"@id\":\"https:\/\/tiketi.com\/vacations\/serengeti-national-park-tour-packages\/#primaryimage\"},\"image\":{\"@id\":\"https:\/\/tiketi.com\/vacations\/serengeti-national-park-tour-packages\/#primaryimage\"},\"thumbnailUrl\":\"https:\/\/tiketi.com\/wp-content\/uploads\/2022\/06\/serengeti-safari-package-unsplash-2.jpg\",\"datePublished\":\"2022-06-14T05:30:16+00:00\",\"dateModified\":\"2024-08-02T16:34:27+00:00\",\"description\":\"Looking for best Serengeti online booking price offers? Book affordable Serengeti National Park tour packages & enjoy a hassle-free safari\",\"breadcrumb\":{\"@id\":\"https:\/\/tiketi.com\/vacations\/serengeti-national-park-tour-packages\/#breadcrumb\"},\"inLanguage\":\"fr-FR\",\"potentialAction\":[{\"@type\":\"ReadAction\",\"target\":[\"https:\/\/tiketi.com\/vacations\/serengeti-national-park-tour-packages\/\"]}]},{\"@type\":\"ImageObject\",\"inLanguage\":\"fr-FR\",\"@id\":\"https:\/\/tiketi.com\/vacations\/serengeti-national-park-tour-packages\/#primaryimage\",\"url\":\"https:\/\/tiketi.com\/wp-content\/uploads\/2022\/06\/serengeti-safari-package-unsplash-2.jpg\",\"contentUrl\":\"https:\/\/tiketi.com\/wp-content\/uploads\/2022\/06\/serengeti-safari-package-unsplash-2.jpg\",\"width\":1200,\"height\":327,\"caption\":\"Serengeti National Park Safari\"},{\"@type\":\"BreadcrumbList\",\"@id\":\"https:\/\/tiketi.com\/vacations\/serengeti-national-park-tour-packages\/#breadcrumb\",\"itemListElement\":[{\"@type\":\"ListItem\",\"position\":1,\"name\":\"Home\",\"item\":\"https:\/\/tiketi.com\/\"},{\"@type\":\"ListItem\",\"position\":2,\"name\":\"Best Vacation Travel Packages &#038; Holiday Deals\",\"item\":\"https:\/\/tiketi.com\/vacations\/\"},{\"@type\":\"ListItem\",\"position\":3,\"name\":\"Serengeti Online Booking I Serengeti National Park Tour Packages\"}]},{\"@type\":\"WebSite\",\"@id\":\"https:\/\/tiketi.com\/#website\",\"url\":\"https:\/\/tiketi.com\/\",\"name\":\"Flight & Bus Tickets, Tour Packages & Activitites - Tiketi.com\",\"description\":\"Flight &amp; Bus Tickets, Tours, Activitites\",\"publisher\":{\"@id\":\"https:\/\/tiketi.com\/#organization\"},\"potentialAction\":[{\"@type\":\"SearchAction\",\"target\":{\"@type\":\"EntryPoint\",\"urlTemplate\":\"https:\/\/tiketi.com\/?s={search_term_string}\"},\"query-input\":{\"@type\":\"PropertyValueSpecification\",\"valueRequired\":true,\"valueName\":\"search_term_string\"}}],\"inLanguage\":\"fr-FR\"},{\"@type\":\"Organization\",\"@id\":\"https:\/\/tiketi.com\/#organization\",\"name\":\"Tiketi.com\",\"alternateName\":\"Tiketi\",\"url\":\"https:\/\/tiketi.com\/\",\"logo\":{\"@type\":\"ImageObject\",\"inLanguage\":\"fr-FR\",\"@id\":\"https:\/\/tiketi.com\/#\/schema\/logo\/image\/\",\"url\":\"https:\/\/tiketi.com\/wp-content\/uploads\/2019\/05\/tiketi-logo-696.png\",\"contentUrl\":\"https:\/\/tiketi.com\/wp-content\/uploads\/2019\/05\/tiketi-logo-696.png\",\"width\":696,\"height\":696,\"caption\":\"Tiketi.com\"},\"image\":{\"@id\":\"https:\/\/tiketi.com\/#\/schema\/logo\/image\/\"},\"sameAs\":[\"https:\/\/www.facebook.com\/TiketiCom\/\"]}]}<\/script>\n<!-- \/ Yoast SEO plugin. -->","yoast_head_json":{"title":"Serengeti Online Booking I Serengeti National Park Tour Packages - Tiketi.com","description":"Looking for best Serengeti online booking price offers? Book affordable Serengeti National Park tour packages & enjoy a hassle-free safari","robots":{"index":"index","follow":"follow","max-snippet":"max-snippet:-1","max-image-preview":"max-image-preview:large","max-video-preview":"max-video-preview:-1"},"canonical":"https:\/\/tiketi.com\/fr-fr\/vacations\/serengeti-national-park-tour-packages\/","og_locale":"fr_FR","og_type":"article","og_title":"Serengeti Online Booking I Serengeti National Park Tour Packages - Tiketi.com","og_description":"Looking for best Serengeti online booking price offers? Book affordable Serengeti National Park tour packages & enjoy a hassle-free safari","og_url":"https:\/\/tiketi.com\/fr-fr\/vacations\/serengeti-national-park-tour-packages\/","og_site_name":"Tiketi.com","article_publisher":"https:\/\/www.facebook.com\/TiketiCom\/","article_modified_time":"2024-08-02T16:34:27+00:00","og_image":[{"width":1200,"height":327,"url":"https:\/\/tiketi.com\/wp-content\/uploads\/2022\/06\/serengeti-safari-package-unsplash-2.jpg","type":"image\/jpeg"}],"twitter_card":"summary_large_image","twitter_misc":{"Dur\u00e9e de lecture estim\u00e9e":"4 minutes"},"schema":{"@context":"https:\/\/schema.org","@graph":[{"@type":"WebPage","@id":"https:\/\/tiketi.com\/vacations\/serengeti-national-park-tour-packages\/","url":"https:\/\/tiketi.com\/vacations\/serengeti-national-park-tour-packages\/","name":"Serengeti Online Booking I Serengeti National Park Tour Packages - Tiketi.com","isPartOf":{"@id":"https:\/\/tiketi.com\/#website"},"primaryImageOfPage":{"@id":"https:\/\/tiketi.com\/vacations\/serengeti-national-park-tour-packages\/#primaryimage"},"image":{"@id":"https:\/\/tiketi.com\/vacations\/serengeti-national-park-tour-packages\/#primaryimage"},"thumbnailUrl":"https:\/\/tiketi.com\/wp-content\/uploads\/2022\/06\/serengeti-safari-package-unsplash-2.jpg","datePublished":"2022-06-14T05:30:16+00:00","dateModified":"2024-08-02T16:34:27+00:00","description":"Looking for best Serengeti online booking price offers? Book affordable Serengeti National Park tour packages & enjoy a hassle-free safari","breadcrumb":{"@id":"https:\/\/tiketi.com\/vacations\/serengeti-national-park-tour-packages\/#breadcrumb"},"inLanguage":"fr-FR","potentialAction":[{"@type":"ReadAction","target":["https:\/\/tiketi.com\/vacations\/serengeti-national-park-tour-packages\/"]}]},{"@type":"ImageObject","inLanguage":"fr-FR","@id":"https:\/\/tiketi.com\/vacations\/serengeti-national-park-tour-packages\/#primaryimage","url":"https:\/\/tiketi.com\/wp-content\/uploads\/2022\/06\/serengeti-safari-package-unsplash-2.jpg","contentUrl":"https:\/\/tiketi.com\/wp-content\/uploads\/2022\/06\/serengeti-safari-package-unsplash-2.jpg","width":1200,"height":327,"caption":"Serengeti National Park Safari"},{"@type":"BreadcrumbList","@id":"https:\/\/tiketi.com\/vacations\/serengeti-national-park-tour-packages\/#breadcrumb","itemListElement":[{"@type":"ListItem","position":1,"name":"Home","item":"https:\/\/tiketi.com\/"},{"@type":"ListItem","position":2,"name":"Best Vacation Travel Packages &#038; Holiday Deals","item":"https:\/\/tiketi.com\/vacations\/"},{"@type":"ListItem","position":3,"name":"Serengeti Online Booking I Serengeti National Park Tour Packages"}]},{"@type":"WebSite","@id":"https:\/\/tiketi.com\/#website","url":"https:\/\/tiketi.com\/","name":"Billets d&#039;avion et de bus, forfaits touristiques et activit\u00e9s - Tiketi.com","description":"Billets d&#039;avion et de bus, Tours, Activit\u00e9s","publisher":{"@id":"https:\/\/tiketi.com\/#organization"},"potentialAction":[{"@type":"SearchAction","target":{"@type":"EntryPoint","urlTemplate":"https:\/\/tiketi.com\/?s={search_term_string}"},"query-input":{"@type":"PropertyValueSpecification","valueRequired":true,"valueName":"search_term_string"}}],"inLanguage":"fr-FR"},{"@type":"Organization","@id":"https:\/\/tiketi.com\/#organization","name":"Tiketi.com","alternateName":"Tiketi","url":"https:\/\/tiketi.com\/","logo":{"@type":"ImageObject","inLanguage":"fr-FR","@id":"https:\/\/tiketi.com\/#\/schema\/logo\/image\/","url":"https:\/\/tiketi.com\/wp-content\/uploads\/2019\/05\/tiketi-logo-696.png","contentUrl":"https:\/\/tiketi.com\/wp-content\/uploads\/2019\/05\/tiketi-logo-696.png","width":696,"height":696,"caption":"Tiketi.com"},"image":{"@id":"https:\/\/tiketi.com\/#\/schema\/logo\/image\/"},"sameAs":["https:\/\/www.facebook.com\/TiketiCom\/"]}]}},"_links":{"self":[{"href":"https:\/\/tiketi.com\/fr-fr\/wp-json\/wp\/v2\/pages\/23086","targetHints":{"allow":["GET"]}}],"collection":[{"href":"https:\/\/tiketi.com\/fr-fr\/wp-json\/wp\/v2\/pages"}],"about":[{"href":"https:\/\/tiketi.com\/fr-fr\/wp-json\/wp\/v2\/types\/page"}],"author":[{"embeddable":true,"href":"https:\/\/tiketi.com\/fr-fr\/wp-json\/wp\/v2\/users\/1"}],"replies":[{"embeddable":true,"href":"https:\/\/tiketi.com\/fr-fr\/wp-json\/wp\/v2\/comments?post=23086"}],"version-history":[{"count":5,"href":"https:\/\/tiketi.com\/fr-fr\/wp-json\/wp\/v2\/pages\/23086\/revisions"}],"predecessor-version":[{"id":30994,"href":"https:\/\/tiketi.com\/fr-fr\/wp-json\/wp\/v2\/pages\/23086\/revisions\/30994"}],"up":[{"embeddable":true,"href":"https:\/\/tiketi.com\/fr-fr\/wp-json\/wp\/v2\/pages\/21742"}],"wp:featuredmedia":[{"embeddable":true,"href":"https:\/\/tiketi.com\/fr-fr\/wp-json\/wp\/v2\/media\/23102"}],"wp:attachment":[{"href":"https:\/\/tiketi.com\/fr-fr\/wp-json\/wp\/v2\/media?parent=23086"}],"curies":[{"name":"wp","href":"https:\/\/api.w.org\/{rel}","templated":true}]}}