{"id":23392,"date":"2022-06-21T16:58:16","date_gmt":"2022-06-21T15:58:16","guid":{"rendered":"https:\/\/new.tiketi.com\/?page_id=23392"},"modified":"2022-06-24T19:47:32","modified_gmt":"2022-06-24T18:47:32","slug":"livingstone","status":"publish","type":"page","link":"https:\/\/tiketi.com\/fr-fr\/airport-transfers\/livingstone\/","title":{"rendered":"Transfert A\u00e9roport Livingstone"},"content":{"rendered":"<h2 class=\"wp-block-heading\">Transferts pas chers de l\u2019a\u00e9roport de Livingstone \u2013 Navette<\/h2>\n\n\n\n<h3 class=\"wp-block-heading\">Itin\u00e9raires de transfert a\u00e9roport de Livingstone\u00a0:<\/h3>\n\n\n\n<p>A\u00e9roport de Livingstone \u00e0 David Livingstone \/ Sun International Properties<br>A\u00e9roport de Livingstone \u00e0 Livingstone Town\/Protea Hotel<br>De l\u2019a\u00e9roport de Livingstone aux lodges de Livingstone<br>A\u00e9roport Livingstone \u00e0 Royal Chundu<br>A\u00e9roport de Livingstone au poste fronti\u00e8re Zimbabwe-Zambie<br>Ferry de l&#039;a\u00e9roport de Livingstone \u00e0 Kazungula<br>A\u00e9roport Livingstone \u00e0 A\u00e9roport Chutes Victoria<br>A\u00e9roport Livingstone \u00e0 Imbabala<br>A\u00e9roport Livingstone \u00e0 A\u00e9roport Kasane<br>A\u00e9roport de Livingstone \u00e0 Chobe Safari Lodge<br>A\u00e9roport de Livingstone \u00e0 Chobe Game Lodge<\/p>\n\n\n\n<h3 class=\"wp-block-heading\">Transfert a\u00e9roport de l&#039;a\u00e9roport de Livingstone \u00e0 David Livingstone \/ Sun International Properties<\/h3>\n\n\n\n<p><strong>Points forts<\/strong><\/p>\r\n<p>\u2022 Rencontre et accueil<\/p>\r\n<p>\u2022 Profitez d&#039;un transfert aller simple de Livingstone \u00e0 David Livingstone \/ Sun International Properties<\/p>\r\n<p>\n\n\n\n<\/p>\r\n<p>Arrivez \u00e0 l&#039;a\u00e9roport international Harry Mwanga Nkumbula et profitez d&#039;un transfert priv\u00e9 de Livingstone \u00e0 David Livingstone \/ Sun International Properties.<\/p>\r\n<p>\n\n\n\n<\/p>\r\n<h3 class=\"wp-block-heading\">Transfert de Livingstone \u00e0 Livingstone Town\/Protea H\u00f4tel<\/h3>\r\n<p>\n\n\n\n<\/p>\r\n<p><strong>Points forts<\/strong><\/p>\r\n<p>\u2022 Rencontre et accueil<\/p>\r\n<p>\u2022 Profitez d&#039;un transfert aller simple de Livingstone \u00e0 la ville de Livingstone\/\u00e0 l&#039;h\u00f4tel Protea.<\/p>\r\n<p>\n\n\n\n<\/p>\r\n<p>Arrivez \u00e0 l&#039;a\u00e9roport international Harry Mwanga Nkumbula et profitez d&#039;un transfert priv\u00e9 de Livingstone \u00e0 Livingstone Town\/Protea Hotel.<\/p>\r\n<p>\n\n\n\n<\/p>\r\n<h3 class=\"wp-block-heading\">Transferts de l&#039;a\u00e9roport de Livingstone aux lodges de Livingstone<\/h3>\r\n<p>\n\n\n\n<\/p>\r\n<p><strong>Points forts<\/strong><\/p>\r\n<p>\u2022 Rencontre et accueil<\/p>\r\n<p>\u2022 Profitez d&#039;un transfert aller simple de Livingstone aux Livingstone Lodges<\/p>\r\n<p>\n\n\n\n<\/p>\r\n<p>Arrivez \u00e0 l&#039;a\u00e9roport international Harry Mwanga Nkumbula et profitez d&#039;un transfert priv\u00e9 de Livingstone aux Livingstone Lodges.<\/p>\r\n<p>\n\n\n\n<\/p>\r\n<h3 class=\"wp-block-heading\">Transfert de Livingstone \u00e0 Royal Chundu<\/h3>\r\n<p>\n\n\n\n<\/p>\r\n<p><strong>Points forts<\/strong><\/p>\r\n<p>\u2022 Rencontre et accueil<\/p>\r\n<p>\u2022 Profitez d&#039;un transfert aller simple de Livingstone \u00e0 Royal Chundu<\/p>\r\n<p>\n\n\n\n<\/p>\r\n<p>Arrivez \u00e0 l&#039;a\u00e9roport international Harry Mwanga Nkumbula et profitez d&#039;un transfert priv\u00e9 de Livingstone \u00e0 Royal Chundu.<\/p>\r\n<p>\n\n\n\n<\/p>\r\n<h3 class=\"wp-block-heading\">Transfert de Livingstone au poste fronti\u00e8re Zimbabwe-Zambie<\/h3>\r\n<p>\n\n\n\n<\/p>\r\n<p><strong>Points forts<\/strong><\/p>\r\n<p>\u2022 Rencontre et accueil<\/p>\r\n<p>\u2022 Profitez d&#039;un transfert aller simple de Livingstone au poste fronti\u00e8re Zimbabwe-Zambie<\/p>\r\n<p>\n\n\n\n<\/p>\r\n<p>Arrivez \u00e0 l&#039;a\u00e9roport international Harry Mwanga Nkumbula et profitez d&#039;un transfert priv\u00e9 de Livingstone au poste fronti\u00e8re Zimbabwe-Zambie.<\/p>\r\n<p>\n\n\n\n<\/p>\r\n<h3 class=\"wp-block-heading\">Transfert de Livingstone \u00e0 Kazungula Ferry<\/h3>\r\n<p>\n\n\n\n<\/p>\r\n<p><strong>Points forts<\/strong><\/p>\r\n<p>\u2022 Rencontre et accueil<\/p>\r\n<p>\u2022 Profitez d&#039;un transfert aller simple de Livingstone au ferry de Kazungula<\/p>\r\n<p>\n\n\n\n<\/p>\r\n<p>Arrivez \u00e0 l&#039;a\u00e9roport international Harry Mwanga Nkumbula et profitez d&#039;un transfert priv\u00e9 de Livingstone \u00e0 Chobe Safari Lodge.<\/p>\r\n<p>\n\n\n\n<\/p>\r\n<h3 class=\"wp-block-heading\">Transfert de Livingstone \u00e0 A\u00e9roport de Chutes Victoria<\/h3>\r\n<p>\n\n\n\n<\/p>\r\n<p><strong>Points forts<\/strong><\/p>\r\n<p>\u2022 Rencontre et accueil<\/p>\r\n<p>\u2022 Profitez d&#039;un transfert aller simple de Livingstone \u00e0 l&#039;a\u00e9roport de Victoria Falls<\/p>\r\n<p>\n\n\n\n<\/p>\r\n<p>Arrivez \u00e0 l&#039;a\u00e9roport international Harry Mwanga Nkumbula et profitez d&#039;un transfert priv\u00e9 de Livingstone \u00e0 l&#039;a\u00e9roport de Victoria Falls.<\/p>\r\n<p>\n\n\n\n<\/p>\r\n<h3 class=\"wp-block-heading\">Transfert de Livingstone \u00e0 Imbabala<\/h3>\r\n<p>\n\n\n\n<\/p>\r\n<p><strong>Points forts<\/strong><\/p>\r\n<p>\u2022 Rencontre et accueil<\/p>\r\n<p>\u2022 Profitez d&#039;un transfert aller simple de Livingstone \u00e0 Imbabala<\/p>\r\n<p>\n\n\n\n<\/p>\r\n<p>Arrivez \u00e0 l&#039;a\u00e9roport international Harry Mwanga Nkumbula et profitez d&#039;un transfert priv\u00e9 de Livingstone \u00e0 Imbabala.<\/p>\r\n<p>\n\n\n\n<\/p>\r\n<h3 class=\"wp-block-heading\">Transferts de l&#039;a\u00e9roport de Livingstone vers l&#039;a\u00e9roport de Kasane<\/h3>\r\n<p>\n\n\n\n<\/p>\r\n<p><strong>Points forts<\/strong><\/p>\r\n<p>\u2022 Rencontre et accueil<\/p>\r\n<p>\u2022 Profitez d&#039;un transfert aller simple de Livingstone \u00e0 l&#039;a\u00e9roport de Kasane<\/p>\r\n<p>\n\n\n\n<\/p>\r\n<p>Arrivez \u00e0 l&#039;a\u00e9roport international Harry Mwanga Nkumbula et profitez d&#039;un transfert priv\u00e9 de Livingstone \u00e0 l&#039;a\u00e9roport de Kasane.<\/p>\r\n<p>\n\n\n\n<\/p>\r\n<h3 class=\"wp-block-heading\">Navette de l&#039;a\u00e9roport international Harry Mwanga Nkumbula au Chobe Safari Lodge<\/h3>\r\n<p>\n\n\n\n<\/p>\r\n<p><strong>Points forts<\/strong><\/p>\r\n<p>\u2022 Rencontre et accueil<\/p>\r\n<p>\u2022 Profitez d&#039;un transfert aller simple\/navette de l&#039;a\u00e9roport international Harry Mwanga Nkumbula au Chobe Safari Lodge.<\/p>\r\n<p>\n\n\n\n<\/p>\r\n<p>Arrivez \u00e0 l&#039;a\u00e9roport international Harry Mwanga Nkumbula et profitez d&#039;un transfert\/navette de Livingstone \u00e0 Chobe Safari Lodge.<\/p>\r\n<p>","protected":false},"excerpt":{"rendered":"<p>Cheap Livingstone Airport Transfers &#8211; Shuttle Airport Transfer Livingstone Routes: Livingstone Airport to David Livingstone \/ Sun International PropertiesLivingstone Airport to Livingstone Town\/Protea HotelLivingstone Airport to Livingstone LodgesLivingstone Airport to Royal ChunduLivingstone Airport to Zimbabwe-Zambia Border PostLivingstone Airport to Kazungula FerryLivingstone Airport to Victoria Falls AirportLivingstone Airport to ImbabalaLivingstone Airport to Kasane AirportLivingstone Airport to [&hellip;]<\/p>\n","protected":false},"author":1,"featured_media":23398,"parent":23402,"menu_order":0,"comment_status":"closed","ping_status":"closed","template":"template-home-modern.php","meta":{"footnotes":""},"class_list":["post-23392","page","type-page","status-publish","has-post-thumbnail","hentry"],"yoast_head":"<!-- This site is optimized with the Yoast SEO plugin v27.3 - https:\/\/yoast.com\/product\/yoast-seo-wordpress\/ -->\n<title>Airport Transfer Livingstone - Tiketi.com<\/title>\n<meta name=\"description\" content=\"Cheap Livingstone airport transfers - arrive at the Harry Mwanga international airport and enjoy a private airport transfer Livingstone\" \/>\n<meta name=\"robots\" content=\"index, follow, max-snippet:-1, max-image-preview:large, max-video-preview:-1\" \/>\n<link rel=\"canonical\" href=\"https:\/\/tiketi.com\/fr-fr\/airport-transfers\/livingstone\/\" \/>\n<meta property=\"og:locale\" content=\"fr_FR\" \/>\n<meta property=\"og:type\" content=\"article\" \/>\n<meta property=\"og:title\" content=\"Airport Transfer Livingstone - Tiketi.com\" \/>\n<meta property=\"og:description\" content=\"Cheap Livingstone airport transfers - arrive at the Harry Mwanga international airport and enjoy a private airport transfer Livingstone\" \/>\n<meta property=\"og:url\" content=\"https:\/\/tiketi.com\/fr-fr\/airport-transfers\/livingstone\/\" \/>\n<meta property=\"og:site_name\" content=\"Tiketi.com\" \/>\n<meta property=\"article:publisher\" content=\"https:\/\/www.facebook.com\/TiketiCom\/\" \/>\n<meta property=\"article:modified_time\" content=\"2022-06-24T18:47:32+00:00\" \/>\n<meta property=\"og:image\" content=\"https:\/\/tiketi.com\/wp-content\/uploads\/2022\/06\/airport-transfers-6635981_1280.jpg\" \/>\n\t<meta property=\"og:image:width\" content=\"1200\" \/>\n\t<meta property=\"og:image:height\" content=\"414\" \/>\n\t<meta property=\"og:image:type\" content=\"image\/jpeg\" \/>\n<meta name=\"twitter:card\" content=\"summary_large_image\" \/>\n<meta name=\"twitter:label1\" content=\"Dur\u00e9e de lecture estim\u00e9e\" \/>\n\t<meta name=\"twitter:data1\" content=\"3 minutes\" \/>\n<script type=\"application\/ld+json\" class=\"yoast-schema-graph\">{\"@context\":\"https:\\\/\\\/schema.org\",\"@graph\":[{\"@type\":\"WebPage\",\"@id\":\"https:\\\/\\\/tiketi.com\\\/airport-transfers\\\/livingstone\\\/\",\"url\":\"https:\\\/\\\/tiketi.com\\\/airport-transfers\\\/livingstone\\\/\",\"name\":\"Airport Transfer Livingstone - Tiketi.com\",\"isPartOf\":{\"@id\":\"https:\\\/\\\/tiketi.com\\\/#website\"},\"primaryImageOfPage\":{\"@id\":\"https:\\\/\\\/tiketi.com\\\/airport-transfers\\\/livingstone\\\/#primaryimage\"},\"image\":{\"@id\":\"https:\\\/\\\/tiketi.com\\\/airport-transfers\\\/livingstone\\\/#primaryimage\"},\"thumbnailUrl\":\"https:\\\/\\\/tiketi.com\\\/wp-content\\\/uploads\\\/2022\\\/06\\\/airport-transfers-6635981_1280.jpg\",\"datePublished\":\"2022-06-21T15:58:16+00:00\",\"dateModified\":\"2022-06-24T18:47:32+00:00\",\"description\":\"Cheap Livingstone airport transfers - arrive at the Harry Mwanga international airport and enjoy a private airport transfer Livingstone\",\"breadcrumb\":{\"@id\":\"https:\\\/\\\/tiketi.com\\\/airport-transfers\\\/livingstone\\\/#breadcrumb\"},\"inLanguage\":\"fr-FR\",\"potentialAction\":[{\"@type\":\"ReadAction\",\"target\":[\"https:\\\/\\\/tiketi.com\\\/airport-transfers\\\/livingstone\\\/\"]}]},{\"@type\":\"ImageObject\",\"inLanguage\":\"fr-FR\",\"@id\":\"https:\\\/\\\/tiketi.com\\\/airport-transfers\\\/livingstone\\\/#primaryimage\",\"url\":\"https:\\\/\\\/tiketi.com\\\/wp-content\\\/uploads\\\/2022\\\/06\\\/airport-transfers-6635981_1280.jpg\",\"contentUrl\":\"https:\\\/\\\/tiketi.com\\\/wp-content\\\/uploads\\\/2022\\\/06\\\/airport-transfers-6635981_1280.jpg\",\"width\":1200,\"height\":414,\"caption\":\"Airport Transfer\"},{\"@type\":\"BreadcrumbList\",\"@id\":\"https:\\\/\\\/tiketi.com\\\/airport-transfers\\\/livingstone\\\/#breadcrumb\",\"itemListElement\":[{\"@type\":\"ListItem\",\"position\":1,\"name\":\"Home\",\"item\":\"https:\\\/\\\/tiketi.com\\\/\"},{\"@type\":\"ListItem\",\"position\":2,\"name\":\"Airport Transfers\",\"item\":\"https:\\\/\\\/tiketi.com\\\/airport-transfers\\\/\"},{\"@type\":\"ListItem\",\"position\":3,\"name\":\"Airport Transfer Livingstone\"}]},{\"@type\":\"WebSite\",\"@id\":\"https:\\\/\\\/tiketi.com\\\/#website\",\"url\":\"https:\\\/\\\/tiketi.com\\\/\",\"name\":\"Flight & Bus Tickets, Tour Packages & Activitites - Tiketi.com\",\"description\":\"Flight &amp; Bus Tickets, Tours, Activitites\",\"publisher\":{\"@id\":\"https:\\\/\\\/tiketi.com\\\/#organization\"},\"potentialAction\":[{\"@type\":\"SearchAction\",\"target\":{\"@type\":\"EntryPoint\",\"urlTemplate\":\"https:\\\/\\\/tiketi.com\\\/?s={search_term_string}\"},\"query-input\":{\"@type\":\"PropertyValueSpecification\",\"valueRequired\":true,\"valueName\":\"search_term_string\"}}],\"inLanguage\":\"fr-FR\"},{\"@type\":\"Organization\",\"@id\":\"https:\\\/\\\/tiketi.com\\\/#organization\",\"name\":\"Tiketi.com\",\"alternateName\":\"Tiketi\",\"url\":\"https:\\\/\\\/tiketi.com\\\/\",\"logo\":{\"@type\":\"ImageObject\",\"inLanguage\":\"fr-FR\",\"@id\":\"https:\\\/\\\/tiketi.com\\\/#\\\/schema\\\/logo\\\/image\\\/\",\"url\":\"https:\\\/\\\/tiketi.com\\\/wp-content\\\/uploads\\\/2019\\\/05\\\/tiketi-logo-696.png\",\"contentUrl\":\"https:\\\/\\\/tiketi.com\\\/wp-content\\\/uploads\\\/2019\\\/05\\\/tiketi-logo-696.png\",\"width\":696,\"height\":696,\"caption\":\"Tiketi.com\"},\"image\":{\"@id\":\"https:\\\/\\\/tiketi.com\\\/#\\\/schema\\\/logo\\\/image\\\/\"},\"sameAs\":[\"https:\\\/\\\/www.facebook.com\\\/TiketiCom\\\/\"]}]}<\/script>\n<!-- \/ Yoast SEO plugin. -->","yoast_head_json":{"title":"Transfert A\u00e9roport Livingstone - Tiketi.com","description":"Transferts a\u00e9roport pas chers de Livingstone - arrivez \u00e0 l&#039;a\u00e9roport international Harry Mwanga et profitez d&#039;un transfert a\u00e9roport priv\u00e9 Livingstone","robots":{"index":"index","follow":"follow","max-snippet":"max-snippet:-1","max-image-preview":"max-image-preview:large","max-video-preview":"max-video-preview:-1"},"canonical":"https:\/\/tiketi.com\/fr-fr\/airport-transfers\/livingstone\/","og_locale":"fr_FR","og_type":"article","og_title":"Airport Transfer Livingstone - Tiketi.com","og_description":"Cheap Livingstone airport transfers - arrive at the Harry Mwanga international airport and enjoy a private airport transfer Livingstone","og_url":"https:\/\/tiketi.com\/fr-fr\/airport-transfers\/livingstone\/","og_site_name":"Tiketi.com","article_publisher":"https:\/\/www.facebook.com\/TiketiCom\/","article_modified_time":"2022-06-24T18:47:32+00:00","og_image":[{"width":1200,"height":414,"url":"https:\/\/tiketi.com\/wp-content\/uploads\/2022\/06\/airport-transfers-6635981_1280.jpg","type":"image\/jpeg"}],"twitter_card":"summary_large_image","twitter_misc":{"Dur\u00e9e de lecture estim\u00e9e":"3 minutes"},"schema":{"@context":"https:\/\/schema.org","@graph":[{"@type":"WebPage","@id":"https:\/\/tiketi.com\/airport-transfers\/livingstone\/","url":"https:\/\/tiketi.com\/airport-transfers\/livingstone\/","name":"Transfert A\u00e9roport Livingstone - Tiketi.com","isPartOf":{"@id":"https:\/\/tiketi.com\/#website"},"primaryImageOfPage":{"@id":"https:\/\/tiketi.com\/airport-transfers\/livingstone\/#primaryimage"},"image":{"@id":"https:\/\/tiketi.com\/airport-transfers\/livingstone\/#primaryimage"},"thumbnailUrl":"https:\/\/tiketi.com\/wp-content\/uploads\/2022\/06\/airport-transfers-6635981_1280.jpg","datePublished":"2022-06-21T15:58:16+00:00","dateModified":"2022-06-24T18:47:32+00:00","description":"Transferts a\u00e9roport pas chers de Livingstone - arrivez \u00e0 l&#039;a\u00e9roport international Harry Mwanga et profitez d&#039;un transfert a\u00e9roport priv\u00e9 Livingstone","breadcrumb":{"@id":"https:\/\/tiketi.com\/airport-transfers\/livingstone\/#breadcrumb"},"inLanguage":"fr-FR","potentialAction":[{"@type":"ReadAction","target":["https:\/\/tiketi.com\/airport-transfers\/livingstone\/"]}]},{"@type":"ImageObject","inLanguage":"fr-FR","@id":"https:\/\/tiketi.com\/airport-transfers\/livingstone\/#primaryimage","url":"https:\/\/tiketi.com\/wp-content\/uploads\/2022\/06\/airport-transfers-6635981_1280.jpg","contentUrl":"https:\/\/tiketi.com\/wp-content\/uploads\/2022\/06\/airport-transfers-6635981_1280.jpg","width":1200,"height":414,"caption":"Airport Transfer"},{"@type":"BreadcrumbList","@id":"https:\/\/tiketi.com\/airport-transfers\/livingstone\/#breadcrumb","itemListElement":[{"@type":"ListItem","position":1,"name":"Home","item":"https:\/\/tiketi.com\/"},{"@type":"ListItem","position":2,"name":"Airport Transfers","item":"https:\/\/tiketi.com\/airport-transfers\/"},{"@type":"ListItem","position":3,"name":"Airport Transfer Livingstone"}]},{"@type":"WebSite","@id":"https:\/\/tiketi.com\/#website","url":"https:\/\/tiketi.com\/","name":"Billets d&#039;avion et de bus, forfaits touristiques et activit\u00e9s - Tiketi.com","description":"Billets d&#039;avion et de bus, Tours, Activit\u00e9s","publisher":{"@id":"https:\/\/tiketi.com\/#organization"},"potentialAction":[{"@type":"SearchAction","target":{"@type":"EntryPoint","urlTemplate":"https:\/\/tiketi.com\/?s={search_term_string}"},"query-input":{"@type":"PropertyValueSpecification","valueRequired":true,"valueName":"search_term_string"}}],"inLanguage":"fr-FR"},{"@type":"Organization","@id":"https:\/\/tiketi.com\/#organization","name":"Tiketi.com","alternateName":"Tiketi","url":"https:\/\/tiketi.com\/","logo":{"@type":"ImageObject","inLanguage":"fr-FR","@id":"https:\/\/tiketi.com\/#\/schema\/logo\/image\/","url":"https:\/\/tiketi.com\/wp-content\/uploads\/2019\/05\/tiketi-logo-696.png","contentUrl":"https:\/\/tiketi.com\/wp-content\/uploads\/2019\/05\/tiketi-logo-696.png","width":696,"height":696,"caption":"Tiketi.com"},"image":{"@id":"https:\/\/tiketi.com\/#\/schema\/logo\/image\/"},"sameAs":["https:\/\/www.facebook.com\/TiketiCom\/"]}]}},"_links":{"self":[{"href":"https:\/\/tiketi.com\/fr-fr\/wp-json\/wp\/v2\/pages\/23392","targetHints":{"allow":["GET"]}}],"collection":[{"href":"https:\/\/tiketi.com\/fr-fr\/wp-json\/wp\/v2\/pages"}],"about":[{"href":"https:\/\/tiketi.com\/fr-fr\/wp-json\/wp\/v2\/types\/page"}],"author":[{"embeddable":true,"href":"https:\/\/tiketi.com\/fr-fr\/wp-json\/wp\/v2\/users\/1"}],"replies":[{"embeddable":true,"href":"https:\/\/tiketi.com\/fr-fr\/wp-json\/wp\/v2\/comments?post=23392"}],"version-history":[{"count":0,"href":"https:\/\/tiketi.com\/fr-fr\/wp-json\/wp\/v2\/pages\/23392\/revisions"}],"up":[{"embeddable":true,"href":"https:\/\/tiketi.com\/fr-fr\/wp-json\/wp\/v2\/pages\/23402"}],"wp:featuredmedia":[{"embeddable":true,"href":"https:\/\/tiketi.com\/fr-fr\/wp-json\/wp\/v2\/media\/23398"}],"wp:attachment":[{"href":"https:\/\/tiketi.com\/fr-fr\/wp-json\/wp\/v2\/media?parent=23392"}],"curies":[{"name":"wp","href":"https:\/\/api.w.org\/{rel}","templated":true}]}}