{"id":23393,"date":"2022-06-21T17:21:16","date_gmt":"2022-06-21T16:21:16","guid":{"rendered":"https:\/\/new.tiketi.com\/?page_id=23393"},"modified":"2022-08-31T14:06:50","modified_gmt":"2022-08-31T13:06:50","slug":"airport-transfer-zanzibar","status":"publish","type":"page","link":"https:\/\/tiketi.com\/fr-fr\/airport-transfers\/airport-transfer-zanzibar\/","title":{"rendered":"Airport Transfer Zanzibar"},"content":{"rendered":"<h2 class=\"wp-block-heading\">Zanzibar Airport Transfers &#8211; Shuttle Transfer Services<\/h2>\r\n<h3>Points forts<\/h3>\r\n<p>\u2022 Simple, s\u00fbr et ponctuel<br \/>\u2022 Tous les transferts de l&#039;a\u00e9roport de Zanzibar se font avec un minibus climatis\u00e9.\u00a0<br \/>\u2022 Zanzibar airport transfer\u00a0service\u00a0available 24 hours a day, 7 days a week.<br \/>\u2022 Tous les prix des transferts a\u00e9roport de Zanzibar sont par voiture (minibus 1 \u00e0 6 personnes)<br \/>\u2022 Le transport a des prix tout compris et AUCUN frais cach\u00e9s\u00a0!<\/p>\r\n<p>Zanzibar, connue sous le nom de Spice Island, est un archipel situ\u00e9 au large des c\u00f4tes africaines, dans l\u2019oc\u00e9an Indien. Les \u00eeles de Zanzibar font partie de la Tanzanie et poss\u00e8dent une beaut\u00e9 naturelle extraordinaire. L&#039;\u00eele de Zanzibar attire des visiteurs de divers pays du monde entier avec les plus belles plages que vous puissiez trouver. Vous pouvez nager, plonger ou profiter de la vue depuis la plage. De nombreuses plages enchanteresses vous surprendront avec des vues sur la mer, des mers magnifiques et des couchers de soleil inoubliables.<\/p>\r\n<p>The capital of Zanzibar is located on Unguja island, which is the largest island. Visitors do not need to worry about transportation if they want to explore exotic places on these islands. Visitors can go to the tourist destination directly from Zanzibar airport. The Zanzibar Islands have a large international airport and provides scheduled flights to the mainland every day. Zanzibar International Airport is located on Unguja Island, and this airport can serve up to 1.5 million passengers per year. The airport also has several facilities to support visitors&#8217; convenience, including cafes, restaurants, and shops. Visitors can rest at a dining or cafe while waiting for their flight. Visitors can also use Airport Transfer Zanzibar privately or use the Zanzibar shuttle that connects the airport to tourist destinations.<\/p>\r\n<p>You can order Zanzibar airport transfers through our online booking system, and then the service will send a reply to confirm your order. Requesting in advance can provide you with several benefits, one of which is saving time. Upon arrival, you will be welcomed by the driver and will be immediately sent to the destination without waiting or still looking for transportation. Another advantage that you will get by using Zanzibar Airport transfers is that you don&#8217;t need to be afraid of getting lost or being fooled.\u00a0By using the airport transfer service, you will be served by people who are experienced and have licenses to ensure you get a safe and comfortable trip.<\/p>\r\n<p>The Zanzibar Islands are very famous for its beautiful beaches. Most tourists want to go straight to tourist attractions before going to the hotel. By using Airport Transfer Zanzibar, you can go directly to the beaches and famous tourist attractions right after you arrive at the airport. Some of the popular tourist destinations are Stone Town and Beaches, such as Bwejuu, Paje, Kendwa, Nungwi, Jambiani Kiwengwa, and many more. You can order a private car or Zanzibar shuttle to pick you up and take you to your destination.\u00a0<\/p>\r\n<p>By using the services of Zanzibar airport transfers, you can travel more safely and comfortably, even at night. You can also order some additional services, for example, child seats. If you bring your underage child, you can request that as an addition. If you want a lower cost, you can use public transportation services, such as buses. Indeed, public transportation is a cheap choice, but you must be more careful because you will not be accompanied during the trip.<\/p>\r\n<p>Enjoy a relaxing Zanzibar airport transfer\u00a0from Abeid Amani Karume International Airport\u00a0to your hotel destination in either East Coast, North East Coast, or South Coast or West Coast. Travel in comfort as you are picked up from Zanzibar airport and taken to your beach hotel, arriving relaxed and ready for your Zanzibar beach holiday!<\/p>\r\n<h2>Zanzibar Airport Transfers<\/h2>\r\n<p>A\u00e9roport de Zanzibar \u00e0 Stone Town.<br \/>De l&#039;a\u00e9roport de Zanzibar \u00e0 la destination plage Bwejuu, Paje, Kiwengwa, Jambiani, Uroa, Pwani-Mchangani et Matemwe.\u00a0<br \/>De l&#039;a\u00e9roport de Zanzibar \u00e0 la destination plage Kendwa, Michamvi, Kizimkazi et Nungwi.\u00a0<br \/>East Coast Airport Transfer Zanzibar<\/p>\r\n<p>Rencontrez votre chauffeur \u00e0 l&#039;a\u00e9roport international Abeid Amani Karume de Zanzibar et profitez d&#039;un transfert confortable et relaxant dans un minibus pouvant accueillir jusqu&#039;\u00e0 7 personnes dans votre groupe. Laissez-vous conduire aux h\u00f4tels de l&#039;est de Zanzibar par un chauffeur anglophone et arrivez \u00e0 votre h\u00f4tel avec style. Impr\u00e9gnez-vous du paysage de Zanzibar tout en \u00e9tant conduit vers les h\u00f4tels de l&#039;est de Zanzibar. Juste apr\u00e8s avoir r\u00e9cup\u00e9r\u00e9 vos bagages, vous verrez votre chauffeur vous attendre dans le salon d&#039;arriv\u00e9e. Il tiendra une pancarte indiquant le nom du passager principal de votre groupe de 7 passagers maximum.<\/p>\r\n<h3>Points forts<\/h3>\r\n<p>\u2022 Profitez d&#039;un transfert de l&#039;a\u00e9roport de Zanzibar depuis l&#039;a\u00e9roport international Abeid Amani Karume vers les h\u00f4tels de l&#039;est de Zanzibar.<\/p>\r\n<p>\u2022 Montez dans un minibus confortable avec un chauffeur anglophone comp\u00e9tent.<\/p>\r\n<p>\u2022 Voyagez avec style jusqu&#039;\u00e0 votre destination finale sur la c\u00f4te Est et arrivez d\u00e9tendu.<\/p>\r\n<p><strong>Inclusions \u00e0 l&#039;arriv\u00e9e<\/strong><\/p>\r\n<p>\u2022 Transfert aller simple \u00e0 l&#039;a\u00e9roport de Zanzibar depuis l&#039;a\u00e9roport international Abeid Amani Karume jusqu&#039;\u00e0 votre h\u00f4tel sur la c\u00f4te Est.<\/p>\r\n<p>\u2022 Chauffeur\/guide.<\/p>\r\n<p>\u2022 Services d&#039;accueil et d&#039;assistance \u00e0 l&#039;a\u00e9roport de Zanzibar.<\/p>\r\n<p><strong>Inclusions au d\u00e9part<\/strong><\/p>\r\n<p>\u2022 One way Zanzibar airport transfer from your East Coast Hotel\u00a0to Zanzibar Abeid Amani Karume International Airport.<\/p>\r\n<p>\u2022 Guide\/chauffeur.<\/p>\r\n<p>\u2022 Accueil et assistance \u00e0 l&#039;h\u00f4tel Beach.<\/p>\r\n<p>Exclusions<\/p>\r\n<p>\u2022 Pourboires (facultatifs)<\/p>\r\n<h3>North Coast\u00a0Zanzibar Airport Transfers<\/h3>\r\n<p>Your driver will pick you up at\u00a0Zanzibar Abeid Amani Karume International Airport as detailed in the reservation. Travel to North Zanzibar Hotels relaxed, refreshed and travel with up to 7 people in your group.\u00a0<br \/>Enjoy a comfortable and relaxing Zanzibar airport transfer in a minibus\u00a0with a multi-lingual speaking driver. Leave Abeid Amani Karume International Airport and soak up the city&#8217;s landscape and atmosphere while being driven to North Zanzibar Hotels with your group by a private driver.<\/p>\r\n<h3>Points forts<\/h3>\r\n<p>\u2022 Profitez d&#039;un transfert relaxant \u00e0 l&#039;a\u00e9roport de Zanzibar depuis l&#039;a\u00e9roport international Abeid Amani Karume vers votre destination pr\u00e9f\u00e9r\u00e9e sur la c\u00f4te nord.<\/p>\r\n<p>\u2022 Une mani\u00e8re confortable et sans tracas de voyager.<\/p>\r\n<p>\u2022 Simple \u00e0 utiliser.<\/p>\r\n<p><strong>Inclusions \u00e0 l&#039;arriv\u00e9e<\/strong><\/p>\r\n<p>\u2022 One way Zanzibar airport transfer from Abeid Amani Karume International Airport\u00a0to your North Coast Hotel.<\/p>\r\n<p>\u2022 Chauffeur\/guide.<\/p>\r\n<p>\u2022 Services d&#039;accueil et d&#039;assistance \u00e0 l&#039;a\u00e9roport de Zanzibar.<\/p>\r\n<p><strong>Inclusions au d\u00e9part<\/strong><\/p>\r\n<p>\u2022 One way Zanzibar airport transfer from your North Coast Hotel\u00a0to\u00a0Zanzibar Abeid Amani Karume International Airport.<\/p>\r\n<p>\u2022 Guide\/chauffeur.<\/p>\r\n<p>\u2022\u00a0Meet and assist services at the Beach hotel.<\/p>\r\n<p>&nbsp;<\/p>\r\n<h3>North East Coast\u00a0Zanzibar Airport Transfers<\/h3>\r\n<p>When you arrive at Zanzibar Abeid Amani Karume International Airport; your private driver will chauffeur you to your minibus\u00a0for a comfortable, convenient transfer to your North East Zanzibar hotel. Your private airport ride includes flight tracking, so even if your flight is delayed, your driver will be there to meet you at the right time. Once you have landed, you will receive complimentary waiting time, which allows you to collect your luggage and make your way to arrivals. When making a booking for this Zanzibar airport transfer from the Abeid Amani Karume International Airport to your Beach accommodation, you will need to advise your flight and hotel details.<\/p>\r\n<h3>Points forts<\/h3>\r\n<p>\u2022 Enjoy a relaxing Zanzibar airport transfer from Abeid Amani Karume International Airport\u00a0 to your preferred North East Coast destination.<\/p>\r\n<p>\u2022\u00a0Hassle-free and comfortable way to travel.<\/p>\r\n<p>\u2022\u00a0Simple to use.<\/p>\r\n<p><strong>Inclusions \u00e0 l&#039;arriv\u00e9e<\/strong><\/p>\r\n<p>\u2022 One way Zanzibar airport transfer from Zanzibar Abeid Amani Karume International Airport\u00a0 to your North East Coast Hotel.<\/p>\r\n<p>\u2022 Chauffeur\/guide.<\/p>\r\n<p>\u2022\u00a0Meet and assist services at Stone Town Hotels after breakfast.<\/p>\r\n<p><strong>Inclusions au d\u00e9part<\/strong><\/p>\r\n<p>\u2022 One way Zanzibar airport transfer from your North Coast Hotel to\u00a0Zanzibar Abeid Amani Karume International Airport.<\/p>\r\n<p>\u2022\u00a0Guide\/driver.<\/p>\r\n<p>\u2022\u00a0Meet and assist at the Beach hotel.<\/p>\r\n<p>&nbsp;<\/p>\r\n<h3>South Coast Airport Transfer Zanzibar<\/h3>\r\n<p>When you arrive at Zanzibar Abeid Amani Karume International Airport; your private driver will chauffeur you to your minibus\u00a0for a comfortable, convenient transfer to your North East Zanzibar hotel. Your private airport ride includes flight tracking, so even if your flight is delayed, your driver will be there to meet you at the right time. Once you have landed, you will receive complimentary waiting time, which allows you to collect your luggage and make your way to arrivals. When making a booking for this Zanzibar airport transfer from the Abeid Amani Karume International Airport to your Beach accommodation, you will need to advise your flight and hotel details.<\/p>\r\n<h3>Points forts<\/h3>\r\n<p>\u2022 Voyagez sans tracas de l&#039;a\u00e9roport de Zanzibar \u00e0 vos h\u00f4tels du sud de Zanzibar.<\/p>\r\n<p>\u2022 Prise en charge pratique au point de rendez-vous officiel \u00e0 l&#039;a\u00e9roport international Abeid Amani Karume de Zanzibar.<\/p>\r\n<p><strong>Inclusions \u00e0 l&#039;arriv\u00e9e<\/strong><\/p>\r\n<p>\u2022 Transfert aller simple \u00e0 l&#039;a\u00e9roport de Zanzibar depuis l&#039;a\u00e9roport international Abeid Amani Karume jusqu&#039;\u00e0 votre h\u00f4tel sur la c\u00f4te sud.<\/p>\r\n<p>\u2022\u00a0Driver\/guide.<\/p>\r\n<p>\u2022 Services d&#039;accueil et d&#039;assistance \u00e0 l&#039;a\u00e9roport international Abeid Amani Karume de Zanzibar<\/p>\r\n<p><strong>Inclusions au d\u00e9part<\/strong><\/p>\r\n<p>\u2022 Transfert aller simple de l&#039;a\u00e9roport de Zanzibar depuis votre h\u00f4tel de la c\u00f4te sud \u00e0 l&#039;a\u00e9roport international Abeid Amani Karume de Zanzibar.<\/p>\r\n<p>\u2022 Guide\/chauffeur.<\/p>\r\n<p>\u2022 Services d&#039;accueil et d&#039;assistance \u00e0 l&#039;h\u00f4tel Beach.<\/p>\r\n<p>&nbsp;<\/p>\r\n<h3>West Coast\u00a0Zanzibar Airport Transfers<\/h3>\r\n<p>Simply keep an eye out as you leave Zanzibar Airport baggage claims area for your chauffeur, who will be waiting for you with a signpost with your name printed on. Your personal chauffeur will meet and greet you, attend your luggage and ensure that you arrive at your final destination on time and in air-conditioned comfort\u2014all you need to do is relax after a long flight! Vehicle options: Minibus for up to 7 passengers. These Zanzibar airport transfers operates for all domestic and international flights arriving at Zanzibar Airport.\u00a0<\/p>\r\n<p>These Zanzibar airport transfers and shuttle bus service are\u00a0reliable and available to meet all domestic and international flights arriving in Zanzibar any time of day or night and drive you to your destination anywhere in West Zanzibar Hotels.<\/p>\r\n<h3>Points forts<\/h3>\r\n<p>\u2022 Choix de plusieurs arriv\u00e9es tout au long de la journ\u00e9e.<\/p>\r\n<p>\u2022 Un choix id\u00e9al pour les familles.<\/p>\r\n<p>\u2022 Plusieurs horaires offerts tout au long de la journ\u00e9e.<\/p>\r\n<p>\u2022 Transferts de l&#039;a\u00e9roport de Zanzibar toutes taxes, suppl\u00e9ments carburant et frais de service inclus.<\/p>\r\n<p>Veuillez noter:<\/p>\r\n<p>\u2022\u00a0The above prices are for minibuses. All vehicles take up to seven peoples including luggage.<\/p>\r\n<h3><br \/>Stone Town Airport Transfer Zanzibar<\/h3>\r\n<p>Enjoy the convenience of a Zanzibar airport transfer by a minibus\u00a0from Zanzibar Abeid Amani Karume International Airport to your Stone Town area accommodation. Skip the airport cab lines and relax with door-to-door service operated by a professional driver. You&#8217;ll travel directly to your Stone Town hotel or residence in a minibus with a safe and reliable driver, a perfect way to begin your Zanzibar holiday or business trip.<\/p>\r\n<p>When your flight lands at Zanzibar Abeid Amani Karume International Airport and you leave the baggage claim area, look for your driver, who will be holding a sign clearly marked with your name. Receive assistance with your luggage and get settled into your comfortable climate-controlled minibus\u00a0for the ride to your Stone Town hotel. Skip the worry of finding an airport cab or waiting in long lines after your arrival in Zanzibar. Instead, relax as you go from the airport to your hotel for a hassle-free start to your visit. These Zanzibar airport transfers services operates for all flights arriving at Zanzibar Abeid Amani Karume International Airport.<\/p>\r\n<p><strong>Inclusions<\/strong><\/p>\r\n<p>\u2022\u00a0Zanzibar airport transfer\u00a0from Abeid Amani Karume International Airport to Stone Town hotels.<\/p>\r\n<p>\u2022\u00a0Meet the driver at the arrivals area by looking for the custom sign.<\/p>\r\n<p>\u2022 B\u00e9n\u00e9ficiez d&#039;une assistance avec vos bagages.<\/p>\r\n<p>\u2022 Profitez d&#039;un bon d\u00e9but de vacances ou d&#039;un voyage d&#039;affaires \u00e0 Zanzibar.<\/p>","protected":false},"excerpt":{"rendered":"<p>Zanzibar Airport Transfers &#8211; Shuttle Transfer Services Highlights \u2022\u00a0Simple, safe &amp; on-time\u2022 All Zanzibar airport transfers are done with a minibus with A\/C.\u00a0\u2022 Zanzibar airport transfer\u00a0service\u00a0available 24 hours a day, 7 days a week.\u2022 All Zanzibar airport transfer\u00a0prices are per car (minibus 1 to 6\u00a0pax)\u2022 Transport has all-inclusive prices and NO hidden fees! Zanzibar, known [&hellip;]<\/p>\n","protected":false},"author":1,"featured_media":23398,"parent":23402,"menu_order":0,"comment_status":"closed","ping_status":"closed","template":"template-home-modern.php","meta":{"footnotes":""},"class_list":["post-23393","page","type-page","status-publish","has-post-thumbnail","hentry"],"yoast_head":"<!-- This site is optimized with the Yoast SEO plugin v27.3 - https:\/\/yoast.com\/product\/yoast-seo-wordpress\/ -->\n<title>Airport Transfer Zanzibar - Tiketi.com<\/title>\n<meta name=\"description\" content=\"Cheap Airport Transfer Zanzibar - arrive at the Abeid Karume international airport and enjoy a private airport transfer Zanzibar\" \/>\n<meta name=\"robots\" content=\"index, follow, max-snippet:-1, max-image-preview:large, max-video-preview:-1\" \/>\n<link rel=\"canonical\" href=\"https:\/\/tiketi.com\/fr-fr\/airport-transfers\/airport-transfer-zanzibar\/\" \/>\n<meta property=\"og:locale\" content=\"fr_FR\" \/>\n<meta property=\"og:type\" content=\"article\" \/>\n<meta property=\"og:title\" content=\"Airport Transfer Zanzibar - Tiketi.com\" \/>\n<meta property=\"og:description\" content=\"Cheap Airport Transfer Zanzibar - arrive at the Abeid Karume international airport and enjoy a private airport transfer Zanzibar\" \/>\n<meta property=\"og:url\" content=\"https:\/\/tiketi.com\/fr-fr\/airport-transfers\/airport-transfer-zanzibar\/\" \/>\n<meta property=\"og:site_name\" content=\"Tiketi.com\" \/>\n<meta property=\"article:publisher\" content=\"https:\/\/www.facebook.com\/TiketiCom\/\" \/>\n<meta property=\"article:modified_time\" content=\"2022-08-31T13:06:50+00:00\" \/>\n<meta property=\"og:image\" content=\"https:\/\/tiketi.com\/wp-content\/uploads\/2022\/06\/airport-transfers-6635981_1280.jpg\" \/>\n\t<meta property=\"og:image:width\" content=\"1200\" \/>\n\t<meta property=\"og:image:height\" content=\"414\" \/>\n\t<meta property=\"og:image:type\" content=\"image\/jpeg\" \/>\n<meta name=\"twitter:card\" content=\"summary_large_image\" \/>\n<meta name=\"twitter:label1\" content=\"Dur\u00e9e de lecture estim\u00e9e\" \/>\n\t<meta name=\"twitter:data1\" content=\"9 minutes\" \/>\n<script type=\"application\/ld+json\" class=\"yoast-schema-graph\">{\"@context\":\"https:\\\/\\\/schema.org\",\"@graph\":[{\"@type\":\"WebPage\",\"@id\":\"https:\\\/\\\/tiketi.com\\\/en-gb\\\/airport-transfers\\\/airport-transfer-zanzibar\\\/\",\"url\":\"https:\\\/\\\/tiketi.com\\\/en-gb\\\/airport-transfers\\\/airport-transfer-zanzibar\\\/\",\"name\":\"Airport Transfer Zanzibar - Tiketi.com\",\"isPartOf\":{\"@id\":\"https:\\\/\\\/tiketi.com\\\/#website\"},\"primaryImageOfPage\":{\"@id\":\"https:\\\/\\\/tiketi.com\\\/en-gb\\\/airport-transfers\\\/airport-transfer-zanzibar\\\/#primaryimage\"},\"image\":{\"@id\":\"https:\\\/\\\/tiketi.com\\\/en-gb\\\/airport-transfers\\\/airport-transfer-zanzibar\\\/#primaryimage\"},\"thumbnailUrl\":\"https:\\\/\\\/tiketi.com\\\/wp-content\\\/uploads\\\/2022\\\/06\\\/airport-transfers-6635981_1280.jpg\",\"datePublished\":\"2022-06-21T16:21:16+00:00\",\"dateModified\":\"2022-08-31T13:06:50+00:00\",\"description\":\"Cheap Airport Transfer Zanzibar - arrive at the Abeid Karume international airport and enjoy a private airport transfer Zanzibar\",\"breadcrumb\":{\"@id\":\"https:\\\/\\\/tiketi.com\\\/en-gb\\\/airport-transfers\\\/airport-transfer-zanzibar\\\/#breadcrumb\"},\"inLanguage\":\"fr-FR\",\"potentialAction\":[{\"@type\":\"ReadAction\",\"target\":[\"https:\\\/\\\/tiketi.com\\\/en-gb\\\/airport-transfers\\\/airport-transfer-zanzibar\\\/\"]}]},{\"@type\":\"ImageObject\",\"inLanguage\":\"fr-FR\",\"@id\":\"https:\\\/\\\/tiketi.com\\\/en-gb\\\/airport-transfers\\\/airport-transfer-zanzibar\\\/#primaryimage\",\"url\":\"https:\\\/\\\/tiketi.com\\\/wp-content\\\/uploads\\\/2022\\\/06\\\/airport-transfers-6635981_1280.jpg\",\"contentUrl\":\"https:\\\/\\\/tiketi.com\\\/wp-content\\\/uploads\\\/2022\\\/06\\\/airport-transfers-6635981_1280.jpg\",\"width\":1200,\"height\":414,\"caption\":\"Airport Transfer\"},{\"@type\":\"BreadcrumbList\",\"@id\":\"https:\\\/\\\/tiketi.com\\\/en-gb\\\/airport-transfers\\\/airport-transfer-zanzibar\\\/#breadcrumb\",\"itemListElement\":[{\"@type\":\"ListItem\",\"position\":1,\"name\":\"Home\",\"item\":\"https:\\\/\\\/tiketi.com\\\/\"},{\"@type\":\"ListItem\",\"position\":2,\"name\":\"Airport Transfers\",\"item\":\"https:\\\/\\\/tiketi.com\\\/airport-transfers\\\/\"},{\"@type\":\"ListItem\",\"position\":3,\"name\":\"Airport Transfer Zanzibar\"}]},{\"@type\":\"WebSite\",\"@id\":\"https:\\\/\\\/tiketi.com\\\/#website\",\"url\":\"https:\\\/\\\/tiketi.com\\\/\",\"name\":\"Flight & Bus Tickets, Tour Packages & Activitites - Tiketi.com\",\"description\":\"Flight &amp; Bus Tickets, Tours, Activitites\",\"publisher\":{\"@id\":\"https:\\\/\\\/tiketi.com\\\/#organization\"},\"potentialAction\":[{\"@type\":\"SearchAction\",\"target\":{\"@type\":\"EntryPoint\",\"urlTemplate\":\"https:\\\/\\\/tiketi.com\\\/?s={search_term_string}\"},\"query-input\":{\"@type\":\"PropertyValueSpecification\",\"valueRequired\":true,\"valueName\":\"search_term_string\"}}],\"inLanguage\":\"fr-FR\"},{\"@type\":\"Organization\",\"@id\":\"https:\\\/\\\/tiketi.com\\\/#organization\",\"name\":\"Tiketi.com\",\"alternateName\":\"Tiketi\",\"url\":\"https:\\\/\\\/tiketi.com\\\/\",\"logo\":{\"@type\":\"ImageObject\",\"inLanguage\":\"fr-FR\",\"@id\":\"https:\\\/\\\/tiketi.com\\\/#\\\/schema\\\/logo\\\/image\\\/\",\"url\":\"https:\\\/\\\/tiketi.com\\\/wp-content\\\/uploads\\\/2019\\\/05\\\/tiketi-logo-696.png\",\"contentUrl\":\"https:\\\/\\\/tiketi.com\\\/wp-content\\\/uploads\\\/2019\\\/05\\\/tiketi-logo-696.png\",\"width\":696,\"height\":696,\"caption\":\"Tiketi.com\"},\"image\":{\"@id\":\"https:\\\/\\\/tiketi.com\\\/#\\\/schema\\\/logo\\\/image\\\/\"},\"sameAs\":[\"https:\\\/\\\/www.facebook.com\\\/TiketiCom\\\/\"]}]}<\/script>\n<!-- \/ Yoast SEO plugin. -->","yoast_head_json":{"title":"Airport Transfer Zanzibar - Tiketi.com","description":"Cheap Airport Transfer Zanzibar - arrive at the Abeid Karume international airport and enjoy a private airport transfer Zanzibar","robots":{"index":"index","follow":"follow","max-snippet":"max-snippet:-1","max-image-preview":"max-image-preview:large","max-video-preview":"max-video-preview:-1"},"canonical":"https:\/\/tiketi.com\/fr-fr\/airport-transfers\/airport-transfer-zanzibar\/","og_locale":"fr_FR","og_type":"article","og_title":"Airport Transfer Zanzibar - Tiketi.com","og_description":"Cheap Airport Transfer Zanzibar - arrive at the Abeid Karume international airport and enjoy a private airport transfer Zanzibar","og_url":"https:\/\/tiketi.com\/fr-fr\/airport-transfers\/airport-transfer-zanzibar\/","og_site_name":"Tiketi.com","article_publisher":"https:\/\/www.facebook.com\/TiketiCom\/","article_modified_time":"2022-08-31T13:06:50+00:00","og_image":[{"width":1200,"height":414,"url":"https:\/\/tiketi.com\/wp-content\/uploads\/2022\/06\/airport-transfers-6635981_1280.jpg","type":"image\/jpeg"}],"twitter_card":"summary_large_image","twitter_misc":{"Dur\u00e9e de lecture estim\u00e9e":"9 minutes"},"schema":{"@context":"https:\/\/schema.org","@graph":[{"@type":"WebPage","@id":"https:\/\/tiketi.com\/en-gb\/airport-transfers\/airport-transfer-zanzibar\/","url":"https:\/\/tiketi.com\/en-gb\/airport-transfers\/airport-transfer-zanzibar\/","name":"Airport Transfer Zanzibar - Tiketi.com","isPartOf":{"@id":"https:\/\/tiketi.com\/#website"},"primaryImageOfPage":{"@id":"https:\/\/tiketi.com\/en-gb\/airport-transfers\/airport-transfer-zanzibar\/#primaryimage"},"image":{"@id":"https:\/\/tiketi.com\/en-gb\/airport-transfers\/airport-transfer-zanzibar\/#primaryimage"},"thumbnailUrl":"https:\/\/tiketi.com\/wp-content\/uploads\/2022\/06\/airport-transfers-6635981_1280.jpg","datePublished":"2022-06-21T16:21:16+00:00","dateModified":"2022-08-31T13:06:50+00:00","description":"Cheap Airport Transfer Zanzibar - arrive at the Abeid Karume international airport and enjoy a private airport transfer Zanzibar","breadcrumb":{"@id":"https:\/\/tiketi.com\/en-gb\/airport-transfers\/airport-transfer-zanzibar\/#breadcrumb"},"inLanguage":"fr-FR","potentialAction":[{"@type":"ReadAction","target":["https:\/\/tiketi.com\/en-gb\/airport-transfers\/airport-transfer-zanzibar\/"]}]},{"@type":"ImageObject","inLanguage":"fr-FR","@id":"https:\/\/tiketi.com\/en-gb\/airport-transfers\/airport-transfer-zanzibar\/#primaryimage","url":"https:\/\/tiketi.com\/wp-content\/uploads\/2022\/06\/airport-transfers-6635981_1280.jpg","contentUrl":"https:\/\/tiketi.com\/wp-content\/uploads\/2022\/06\/airport-transfers-6635981_1280.jpg","width":1200,"height":414,"caption":"Airport Transfer"},{"@type":"BreadcrumbList","@id":"https:\/\/tiketi.com\/en-gb\/airport-transfers\/airport-transfer-zanzibar\/#breadcrumb","itemListElement":[{"@type":"ListItem","position":1,"name":"Home","item":"https:\/\/tiketi.com\/"},{"@type":"ListItem","position":2,"name":"Airport Transfers","item":"https:\/\/tiketi.com\/airport-transfers\/"},{"@type":"ListItem","position":3,"name":"Airport Transfer Zanzibar"}]},{"@type":"WebSite","@id":"https:\/\/tiketi.com\/#website","url":"https:\/\/tiketi.com\/","name":"Billets d&#039;avion et de bus, forfaits touristiques et activit\u00e9s - Tiketi.com","description":"Billets d&#039;avion et de bus, Tours, Activit\u00e9s","publisher":{"@id":"https:\/\/tiketi.com\/#organization"},"potentialAction":[{"@type":"SearchAction","target":{"@type":"EntryPoint","urlTemplate":"https:\/\/tiketi.com\/?s={search_term_string}"},"query-input":{"@type":"PropertyValueSpecification","valueRequired":true,"valueName":"search_term_string"}}],"inLanguage":"fr-FR"},{"@type":"Organization","@id":"https:\/\/tiketi.com\/#organization","name":"Tiketi.com","alternateName":"Tiketi","url":"https:\/\/tiketi.com\/","logo":{"@type":"ImageObject","inLanguage":"fr-FR","@id":"https:\/\/tiketi.com\/#\/schema\/logo\/image\/","url":"https:\/\/tiketi.com\/wp-content\/uploads\/2019\/05\/tiketi-logo-696.png","contentUrl":"https:\/\/tiketi.com\/wp-content\/uploads\/2019\/05\/tiketi-logo-696.png","width":696,"height":696,"caption":"Tiketi.com"},"image":{"@id":"https:\/\/tiketi.com\/#\/schema\/logo\/image\/"},"sameAs":["https:\/\/www.facebook.com\/TiketiCom\/"]}]}},"_links":{"self":[{"href":"https:\/\/tiketi.com\/fr-fr\/wp-json\/wp\/v2\/pages\/23393","targetHints":{"allow":["GET"]}}],"collection":[{"href":"https:\/\/tiketi.com\/fr-fr\/wp-json\/wp\/v2\/pages"}],"about":[{"href":"https:\/\/tiketi.com\/fr-fr\/wp-json\/wp\/v2\/types\/page"}],"author":[{"embeddable":true,"href":"https:\/\/tiketi.com\/fr-fr\/wp-json\/wp\/v2\/users\/1"}],"replies":[{"embeddable":true,"href":"https:\/\/tiketi.com\/fr-fr\/wp-json\/wp\/v2\/comments?post=23393"}],"version-history":[{"count":0,"href":"https:\/\/tiketi.com\/fr-fr\/wp-json\/wp\/v2\/pages\/23393\/revisions"}],"up":[{"embeddable":true,"href":"https:\/\/tiketi.com\/fr-fr\/wp-json\/wp\/v2\/pages\/23402"}],"wp:featuredmedia":[{"embeddable":true,"href":"https:\/\/tiketi.com\/fr-fr\/wp-json\/wp\/v2\/media\/23398"}],"wp:attachment":[{"href":"https:\/\/tiketi.com\/fr-fr\/wp-json\/wp\/v2\/media?parent=23393"}],"curies":[{"name":"wp","href":"https:\/\/api.w.org\/{rel}","templated":true}]}}