{"id":24274,"date":"2022-07-14T12:28:24","date_gmt":"2022-07-14T11:28:24","guid":{"rendered":"https:\/\/tiketi.com\/?page_id=24274"},"modified":"2022-07-14T12:38:40","modified_gmt":"2022-07-14T11:38:40","slug":"flights-cape-town-durban-cpt-dur","status":"publish","type":"page","link":"https:\/\/tiketi.com\/fr-fr\/flights-cape-town-durban-cpt-dur\/","title":{"rendered":"Vols pas chers du Cap \u00e0 Durban \u2013 Meilleur taxi a\u00e9rien"},"content":{"rendered":"<h2 class=\"wp-block-heading\">Vous cherchez un taxi a\u00e9rien abordable du Cap \u00e0 Durban ?<\/h2>\n\n\n\n<h3 class=\"wp-block-heading\">Recherchez, comparez et r\u00e9servez en ligne maintenant des billets d&#039;avion \u00e0 bas prix entre Le Cap (CPT) et Durban (DUR).<\/h3>\n\n\n\n<p>L&#039;application Tiketi.com vous permet de rechercher, comparer et r\u00e9server en ligne des vols pas chers depuis Le Cap vers Durban. La magnifique ville c\u00f4ti\u00e8re de Durban est un lieu touristique c\u00e9l\u00e8bre en Afrique du Sud, o\u00f9 les gens peuvent profiter de toutes sortes d&#039;activit\u00e9s amusantes avec toute la famille. Que vous choisissiez d&#039;aller nager ou de visiter un mus\u00e9e, vous ne vous ennuierez jamais sur la c\u00f4te du KwaZulu-Natal. Alors trouvez et comparez les billets d&#039;avion de Le Cap (CPT) \u00e0 Durban (DUR) et r\u00e9servez en ligne d\u00e8s maintenant des offres exceptionnelles sur des taxis a\u00e9riens pas chers de Le Cap \u00e0 Durban. Voici les meilleures attractions de la ville :<\/p>\n\n\n\n<h3 class=\"wp-block-heading\">Mille d&#039;or<\/h3>\n\n\n\n<p>Le front de mer du Golden Mile est un endroit populaire pour les surfeurs, les joggeurs, les cyclistes, les baigneurs, les sports nautiques et les amateurs et pour ceux qui ont envie d&#039;une promenade calme. Le c\u00e9l\u00e8bre mile est en fait un tron\u00e7on de 4 miles qui s&#039;\u00e9tend de Blue Lagoon South \u00e0 Addington Beach et au port de Durban. Le nom provient des plages de sable dor\u00e9 le long de la c\u00f4te de la ville.<\/p>\n\n\n\n<h3 class=\"wp-block-heading\">Monde marin UShaka<\/h3>\n\n\n\n<p>Une visite \u00e0 Durban est incompl\u00e8te sans passer une journ\u00e9e au parc \u00e0 th\u00e8me de quarante acres uShaka Marine World. Le parc a 4 sections, dont le point culminant est uShaka Sea World. C&#039;est le 5\u00e8me plus grand aquarium de la plan\u00e8te, con\u00e7u autour de 5 \u00e9paves de navires o\u00f9 vous pourrez faire de la plong\u00e9e sous-marine et participer \u00e0 d&#039;autres activit\u00e9s ludiques.<\/p>\n\n\n\n<h3 class=\"wp-block-heading\">Soute<\/h3>\n\n\n\n<p>Si vous choisissez de visiter uShaka Marine World, vous devez d\u00eener ou d\u00e9jeuner au Cargo Hold. La soute est plac\u00e9e \u00e0 bord du tristement c\u00e9l\u00e8bre Phantom Ship. D\u00eenez dans un style parfait entour\u00e9 de requins et du bleu profond dans l&#039;un des cadres les plus \u00e9tonnants de Durban.<\/p>\n\n\n\n<h2 class=\"wp-block-heading\">FAQ sur les taxis a\u00e9riens pas chers de Le Cap \u00e0 Durban<\/h2>\n\n\n\n<h3 class=\"wp-block-heading\">Combien de temps durent les billets d&#039;avion pas chers de Le Cap \u00e0 Durban ?<\/h3>\n\n\n\n<p>Le billet d&#039;avion le moins cher du Cap \u00e0 Durban prend un peu moins de deux heures.<\/p>\n\n\n\n<h3 class=\"wp-block-heading\">Quels a\u00e9roports desservent Le Cap vers Durban ?<\/h3>\n\n\n\n<p>Vous partirez de CPT et arriverez \u00e0 l&#039;a\u00e9roport international de Durban King Shaka.<\/p>\n\n\n\n<h3 class=\"wp-block-heading\">Quelles compagnies a\u00e9riennes proposent des billets d&#039;avion pas chers entre Le Cap et Durban ?<\/h3>\n\n\n\n<p>Des transporteurs nationaux comme British Airways op\u00e8rent sur cette ligne, ainsi que des compagnies a\u00e9riennes \u00e0 bas prix comme Mango Airlines, Kulula et Safari proposent des billets d&#039;avion bon march\u00e9 du Cap \u00e0 Durban.<\/p>\n\n\n\n<h3 class=\"wp-block-heading\">Combien de temps dure un vol pas cher entre Le Cap et Durban ?<\/h3>\n\n\n\n<p>Un vol direct en taxi a\u00e9rien du Cap \u00e0 Durban prend jusqu&#039;\u00e0 deux heures, couvrant une distance de 795 kilom\u00e8tres.<\/p>\n\n\n\n<h3 class=\"wp-block-heading\">Combien de vols entre Durban et Le Cap partent en moyenne par jour\u00a0?<\/h3>\n\n\n\n<p>En moyenne, vous pouvez deviner qu&#039;il y a 41 vols de Le Cap \u00e0 Durban en moyenne par jour.<\/p>\n\n\n\n<p>\u2022 T\u00f4t le matin\u00a0: 12\u00a0% des d\u00e9parts de vols<\/p>\n\n\n\n<p>\u2022 Matin - quarante et un pour cent des d\u00e9parts de vol<\/p>\n\n\n\n<p>\u2022 Apr\u00e8s-midi\u00a0: 27\u00a0% des d\u00e9parts de vols<\/p>\n\n\n\n<p>\u2022 Soir - vingt et un pour cent des d\u00e9parts de vol<\/p>","protected":false},"excerpt":{"rendered":"<p>Looking for affordable air taxi from Cape Town to Durban? Search, compare and book cheap flight tickets from Cape Town (CPT) to Durban (DUR) online now. The Tiketi.com app helps you search, compare and book cheap flights from Cape Town to Durban online. The magnificent coastal city of Durban is a famous tourist location in [&hellip;]<\/p>\n","protected":false},"author":1,"featured_media":18135,"parent":0,"menu_order":0,"comment_status":"closed","ping_status":"closed","template":"","meta":{"footnotes":""},"class_list":["post-24274","page","type-page","status-publish","has-post-thumbnail","hentry"],"yoast_head":"<!-- This site is optimized with the Yoast SEO plugin v27.3 - https:\/\/yoast.com\/product\/yoast-seo-wordpress\/ -->\n<title>Cheap Flights from Cape Town to Durban - Best Air Taxi - Tiketi.com<\/title>\n<meta name=\"description\" content=\"Looking for cheap flights from\u00a0Cape Town to Durban? Search, compare and book cheap airline ticket from Cape Town to Durban online\" \/>\n<meta name=\"robots\" content=\"index, follow, max-snippet:-1, max-image-preview:large, max-video-preview:-1\" \/>\n<link rel=\"canonical\" href=\"https:\/\/tiketi.com\/fr-fr\/flights-cape-town-durban-cpt-dur\/\" \/>\n<meta property=\"og:locale\" content=\"fr_FR\" \/>\n<meta property=\"og:type\" content=\"article\" \/>\n<meta property=\"og:title\" content=\"Cheap Flights from Cape Town to Durban - Best Air Taxi - Tiketi.com\" \/>\n<meta property=\"og:description\" content=\"Looking for cheap flights from\u00a0Cape Town to Durban? Search, compare and book cheap airline ticket from Cape Town to Durban online\" \/>\n<meta property=\"og:url\" content=\"https:\/\/tiketi.com\/fr-fr\/flights-cape-town-durban-cpt-dur\/\" \/>\n<meta property=\"og:site_name\" content=\"Tiketi.com\" \/>\n<meta property=\"article:publisher\" content=\"https:\/\/www.facebook.com\/TiketiCom\/\" \/>\n<meta property=\"article:modified_time\" content=\"2022-07-14T11:38:40+00:00\" \/>\n<meta property=\"og:image\" content=\"https:\/\/tiketi.com\/wp-content\/uploads\/2019\/05\/durban-captureson-photography-YYWr.jpg\" \/>\n\t<meta property=\"og:image:width\" content=\"1200\" \/>\n\t<meta property=\"og:image:height\" content=\"202\" \/>\n\t<meta property=\"og:image:type\" content=\"image\/jpeg\" \/>\n<meta name=\"twitter:card\" content=\"summary_large_image\" \/>\n<meta name=\"twitter:label1\" content=\"Dur\u00e9e de lecture estim\u00e9e\" \/>\n\t<meta name=\"twitter:data1\" content=\"3 minutes\" \/>\n<script type=\"application\/ld+json\" class=\"yoast-schema-graph\">{\"@context\":\"https:\\\/\\\/schema.org\",\"@graph\":[{\"@type\":\"WebPage\",\"@id\":\"https:\\\/\\\/tiketi.com\\\/flights-cape-town-durban-cpt-dur\\\/\",\"url\":\"https:\\\/\\\/tiketi.com\\\/flights-cape-town-durban-cpt-dur\\\/\",\"name\":\"Cheap Flights from Cape Town to Durban - Best Air Taxi - Tiketi.com\",\"isPartOf\":{\"@id\":\"https:\\\/\\\/tiketi.com\\\/#website\"},\"primaryImageOfPage\":{\"@id\":\"https:\\\/\\\/tiketi.com\\\/flights-cape-town-durban-cpt-dur\\\/#primaryimage\"},\"image\":{\"@id\":\"https:\\\/\\\/tiketi.com\\\/flights-cape-town-durban-cpt-dur\\\/#primaryimage\"},\"thumbnailUrl\":\"https:\\\/\\\/tiketi.com\\\/wp-content\\\/uploads\\\/2019\\\/05\\\/durban-captureson-photography-YYWr.jpg\",\"datePublished\":\"2022-07-14T11:28:24+00:00\",\"dateModified\":\"2022-07-14T11:38:40+00:00\",\"description\":\"Looking for cheap flights from\u00a0Cape Town to Durban? Search, compare and book cheap airline ticket from Cape Town to Durban online\",\"breadcrumb\":{\"@id\":\"https:\\\/\\\/tiketi.com\\\/flights-cape-town-durban-cpt-dur\\\/#breadcrumb\"},\"inLanguage\":\"fr-FR\",\"potentialAction\":[{\"@type\":\"ReadAction\",\"target\":[\"https:\\\/\\\/tiketi.com\\\/flights-cape-town-durban-cpt-dur\\\/\"]}]},{\"@type\":\"ImageObject\",\"inLanguage\":\"fr-FR\",\"@id\":\"https:\\\/\\\/tiketi.com\\\/flights-cape-town-durban-cpt-dur\\\/#primaryimage\",\"url\":\"https:\\\/\\\/tiketi.com\\\/wp-content\\\/uploads\\\/2019\\\/05\\\/durban-captureson-photography-YYWr.jpg\",\"contentUrl\":\"https:\\\/\\\/tiketi.com\\\/wp-content\\\/uploads\\\/2019\\\/05\\\/durban-captureson-photography-YYWr.jpg\",\"width\":1200,\"height\":202,\"caption\":\"Durban air taxi\"},{\"@type\":\"BreadcrumbList\",\"@id\":\"https:\\\/\\\/tiketi.com\\\/flights-cape-town-durban-cpt-dur\\\/#breadcrumb\",\"itemListElement\":[{\"@type\":\"ListItem\",\"position\":1,\"name\":\"Home\",\"item\":\"https:\\\/\\\/tiketi.com\\\/\"},{\"@type\":\"ListItem\",\"position\":2,\"name\":\"Cheap Flights from Cape Town to Durban &#8211; Best Air Taxi\"}]},{\"@type\":\"WebSite\",\"@id\":\"https:\\\/\\\/tiketi.com\\\/#website\",\"url\":\"https:\\\/\\\/tiketi.com\\\/\",\"name\":\"Flight & Bus Tickets, Tour Packages & Activitites - Tiketi.com\",\"description\":\"Flight &amp; Bus Tickets, Tours, Activitites\",\"publisher\":{\"@id\":\"https:\\\/\\\/tiketi.com\\\/#organization\"},\"potentialAction\":[{\"@type\":\"SearchAction\",\"target\":{\"@type\":\"EntryPoint\",\"urlTemplate\":\"https:\\\/\\\/tiketi.com\\\/?s={search_term_string}\"},\"query-input\":{\"@type\":\"PropertyValueSpecification\",\"valueRequired\":true,\"valueName\":\"search_term_string\"}}],\"inLanguage\":\"fr-FR\"},{\"@type\":\"Organization\",\"@id\":\"https:\\\/\\\/tiketi.com\\\/#organization\",\"name\":\"Tiketi.com\",\"alternateName\":\"Tiketi\",\"url\":\"https:\\\/\\\/tiketi.com\\\/\",\"logo\":{\"@type\":\"ImageObject\",\"inLanguage\":\"fr-FR\",\"@id\":\"https:\\\/\\\/tiketi.com\\\/#\\\/schema\\\/logo\\\/image\\\/\",\"url\":\"https:\\\/\\\/tiketi.com\\\/wp-content\\\/uploads\\\/2019\\\/05\\\/tiketi-logo-696.png\",\"contentUrl\":\"https:\\\/\\\/tiketi.com\\\/wp-content\\\/uploads\\\/2019\\\/05\\\/tiketi-logo-696.png\",\"width\":696,\"height\":696,\"caption\":\"Tiketi.com\"},\"image\":{\"@id\":\"https:\\\/\\\/tiketi.com\\\/#\\\/schema\\\/logo\\\/image\\\/\"},\"sameAs\":[\"https:\\\/\\\/www.facebook.com\\\/TiketiCom\\\/\"]}]}<\/script>\n<!-- \/ Yoast SEO plugin. -->","yoast_head_json":{"title":"Vols Le Cap Durban pas chers - Meilleur Taxi A\u00e9rien - Tiketi.com","description":"Vous recherchez des vols \u00e0 bas prix de Le Cap vers Durban ? Recherchez, comparez et r\u00e9servez en ligne un billet d&#039;avion pas cher de Le Cap \u00e0 Durban","robots":{"index":"index","follow":"follow","max-snippet":"max-snippet:-1","max-image-preview":"max-image-preview:large","max-video-preview":"max-video-preview:-1"},"canonical":"https:\/\/tiketi.com\/fr-fr\/flights-cape-town-durban-cpt-dur\/","og_locale":"fr_FR","og_type":"article","og_title":"Cheap Flights from Cape Town to Durban - Best Air Taxi - Tiketi.com","og_description":"Looking for cheap flights from\u00a0Cape Town to Durban? Search, compare and book cheap airline ticket from Cape Town to Durban online","og_url":"https:\/\/tiketi.com\/fr-fr\/flights-cape-town-durban-cpt-dur\/","og_site_name":"Tiketi.com","article_publisher":"https:\/\/www.facebook.com\/TiketiCom\/","article_modified_time":"2022-07-14T11:38:40+00:00","og_image":[{"width":1200,"height":202,"url":"https:\/\/tiketi.com\/wp-content\/uploads\/2019\/05\/durban-captureson-photography-YYWr.jpg","type":"image\/jpeg"}],"twitter_card":"summary_large_image","twitter_misc":{"Dur\u00e9e de lecture estim\u00e9e":"3 minutes"},"schema":{"@context":"https:\/\/schema.org","@graph":[{"@type":"WebPage","@id":"https:\/\/tiketi.com\/flights-cape-town-durban-cpt-dur\/","url":"https:\/\/tiketi.com\/flights-cape-town-durban-cpt-dur\/","name":"Vols Le Cap Durban pas chers - Meilleur Taxi A\u00e9rien - Tiketi.com","isPartOf":{"@id":"https:\/\/tiketi.com\/#website"},"primaryImageOfPage":{"@id":"https:\/\/tiketi.com\/flights-cape-town-durban-cpt-dur\/#primaryimage"},"image":{"@id":"https:\/\/tiketi.com\/flights-cape-town-durban-cpt-dur\/#primaryimage"},"thumbnailUrl":"https:\/\/tiketi.com\/wp-content\/uploads\/2019\/05\/durban-captureson-photography-YYWr.jpg","datePublished":"2022-07-14T11:28:24+00:00","dateModified":"2022-07-14T11:38:40+00:00","description":"Vous recherchez des vols \u00e0 bas prix de Le Cap vers Durban ? Recherchez, comparez et r\u00e9servez en ligne un billet d&#039;avion pas cher de Le Cap \u00e0 Durban","breadcrumb":{"@id":"https:\/\/tiketi.com\/flights-cape-town-durban-cpt-dur\/#breadcrumb"},"inLanguage":"fr-FR","potentialAction":[{"@type":"ReadAction","target":["https:\/\/tiketi.com\/flights-cape-town-durban-cpt-dur\/"]}]},{"@type":"ImageObject","inLanguage":"fr-FR","@id":"https:\/\/tiketi.com\/flights-cape-town-durban-cpt-dur\/#primaryimage","url":"https:\/\/tiketi.com\/wp-content\/uploads\/2019\/05\/durban-captureson-photography-YYWr.jpg","contentUrl":"https:\/\/tiketi.com\/wp-content\/uploads\/2019\/05\/durban-captureson-photography-YYWr.jpg","width":1200,"height":202,"caption":"Durban air taxi"},{"@type":"BreadcrumbList","@id":"https:\/\/tiketi.com\/flights-cape-town-durban-cpt-dur\/#breadcrumb","itemListElement":[{"@type":"ListItem","position":1,"name":"Home","item":"https:\/\/tiketi.com\/"},{"@type":"ListItem","position":2,"name":"Cheap Flights from Cape Town to Durban &#8211; Best Air Taxi"}]},{"@type":"WebSite","@id":"https:\/\/tiketi.com\/#website","url":"https:\/\/tiketi.com\/","name":"Billets d&#039;avion et de bus, forfaits touristiques et activit\u00e9s - Tiketi.com","description":"Billets d&#039;avion et de bus, Tours, Activit\u00e9s","publisher":{"@id":"https:\/\/tiketi.com\/#organization"},"potentialAction":[{"@type":"SearchAction","target":{"@type":"EntryPoint","urlTemplate":"https:\/\/tiketi.com\/?s={search_term_string}"},"query-input":{"@type":"PropertyValueSpecification","valueRequired":true,"valueName":"search_term_string"}}],"inLanguage":"fr-FR"},{"@type":"Organization","@id":"https:\/\/tiketi.com\/#organization","name":"Tiketi.com","alternateName":"Tiketi","url":"https:\/\/tiketi.com\/","logo":{"@type":"ImageObject","inLanguage":"fr-FR","@id":"https:\/\/tiketi.com\/#\/schema\/logo\/image\/","url":"https:\/\/tiketi.com\/wp-content\/uploads\/2019\/05\/tiketi-logo-696.png","contentUrl":"https:\/\/tiketi.com\/wp-content\/uploads\/2019\/05\/tiketi-logo-696.png","width":696,"height":696,"caption":"Tiketi.com"},"image":{"@id":"https:\/\/tiketi.com\/#\/schema\/logo\/image\/"},"sameAs":["https:\/\/www.facebook.com\/TiketiCom\/"]}]}},"_links":{"self":[{"href":"https:\/\/tiketi.com\/fr-fr\/wp-json\/wp\/v2\/pages\/24274","targetHints":{"allow":["GET"]}}],"collection":[{"href":"https:\/\/tiketi.com\/fr-fr\/wp-json\/wp\/v2\/pages"}],"about":[{"href":"https:\/\/tiketi.com\/fr-fr\/wp-json\/wp\/v2\/types\/page"}],"author":[{"embeddable":true,"href":"https:\/\/tiketi.com\/fr-fr\/wp-json\/wp\/v2\/users\/1"}],"replies":[{"embeddable":true,"href":"https:\/\/tiketi.com\/fr-fr\/wp-json\/wp\/v2\/comments?post=24274"}],"version-history":[{"count":0,"href":"https:\/\/tiketi.com\/fr-fr\/wp-json\/wp\/v2\/pages\/24274\/revisions"}],"wp:featuredmedia":[{"embeddable":true,"href":"https:\/\/tiketi.com\/fr-fr\/wp-json\/wp\/v2\/media\/18135"}],"wp:attachment":[{"href":"https:\/\/tiketi.com\/fr-fr\/wp-json\/wp\/v2\/media?parent=24274"}],"curies":[{"name":"wp","href":"https:\/\/api.w.org\/{rel}","templated":true}]}}