{"id":24829,"date":"2022-08-22T10:50:30","date_gmt":"2022-08-22T09:50:30","guid":{"rendered":"https:\/\/tiketi.com\/?page_id=24829"},"modified":"2022-08-22T10:51:12","modified_gmt":"2022-08-22T09:51:12","slug":"bus-from-addis-ababa-to-hosanna","status":"publish","type":"page","link":"https:\/\/tiketi.com\/fr-fr\/bus-from-addis-ababa-to-hosanna\/","title":{"rendered":"Bus de Addis-Abeba \u00e0 Hosanna Billets de bus, tarifs et horaires"},"content":{"rendered":"<h2 class=\"wp-block-heading\">Billets de bus pas chers d&#039;Addis-Abeba \u00e0 Hosanna R\u00e9servation en ligne<\/h2>\r\n\r\n\r\n\r\n<h3 class=\"wp-block-heading\">R\u00e9servez en ligne maintenant votre billet de bus \u00e0 bas prix de Addis-Abeba \u00e0 Hosanna.<\/h3>\r\n\r\n\r\n\r\n<p>R\u00e9servez en ligne des billets de bus pas chers d&#039;Addis-Abeba \u00e0 Hosanna et voyagez d&#039;Addis-Abeba \u00e0 Dire Dawa par la route. Hosaena \u00e9galement appel\u00e9 Hosanna, un tr\u00e8s ancien nom est celui d&#039;une ville et d&#039;un woreda s\u00e9par\u00e9 du sud de l&#039;\u00c9thiopie, et le centre administratif de la r\u00e9gion de Hadiya. Plac\u00e9 dans la R\u00e9gion Nationalit\u00e9s, Nations et Peuples du Sud. Un point de rep\u00e8re proche est la grotte de Dawabelo creus\u00e9e dans le roc, dont les piliers creus\u00e9s dans le roc indiquent qu&#039;il s&#039;agit d&#039;une \u00e9glise monolithique inachev\u00e9e. Une route praticable en tout temps a \u00e9t\u00e9 construite en 1963 par la Gurage Road Association, qui reliait Hosaena \u00e0 Addis-Abeba en passant par Endibir et Welkite. Selon le Bureau des finances et du d\u00e9veloppement \u00e9conomique du SNNPR, depuis 2003, les \u00e9quipements d&#039;Hosaena contiennent un acc\u00e8s t\u00e9l\u00e9phonique num\u00e9rique, un service \u00e9lectrique 24h \/ 24, un service postal, un h\u00f4pital et une banque. Voici le guide sur la fa\u00e7on de r\u00e9server des billets de bus d&#039;Addis-Abeba \u00e0 Hosanna.<\/p>\r\n\r\n\r\n\r\n<h2 class=\"wp-block-heading\">Bus d&#039;Addis-Abeba \u00e0 Dire Dawa R\u00e9servation de billets de bus, itin\u00e9raires, horaires et tarifs FAQ<\/h2>\r\n\r\n\r\n\r\n<h3 class=\"wp-block-heading\">Quelle est la distance du voyage de Addis-Abeba \u00e0 Hosaina?<\/h3>\r\n\r\n\r\n\r\n<p>La distance du trajet en bus Addis-Abeba \u00e0 Hosaina est de 191 km. La distance routi\u00e8re est de 230,1 km.<\/p>\r\n\r\n\r\n\r\n<h3 class=\"wp-block-heading\">Puis-je conduire de Addis-Abeba \u00e0 Hosaina ?<\/h3>\r\n\r\n\r\n\r\n<p>Oui, la distance de bus de Addis-Abeba \u00e0 Hosaina est de 231 km. il faut environ 3h 35m pour conduire de Addis-Abeba \u00e0 Hosaina.<\/p>\r\n\r\n\r\n\r\n<h3 class=\"wp-block-heading\">Quel est le moyen le plus rapide pour se rendre de Addis-Abeba \u00e0 Hosaina ?<\/h3>\r\n\r\n\r\n\r\n<p>Addis-Abeba \u00e0 Hosa&#039;ina en bus est le moyen le plus rapide d&#039;aller.<\/p>\r\n\r\n\r\n\r\n<h3 class=\"wp-block-heading\">Quel est le moyen abordable de voyager d&#039;Addis-Abeba \u00e0 Hosaina ?<\/h3>\r\n\r\n\r\n\r\n<p>Le moyen de transport abordable est le bus d&#039;Addis-Abeba \u00e0 Hosa&#039;ina. billets de bus pas chers de Addis-Abeba \u00e0 Hosa&#039;ina $40 \u2013 $80.<\/p>\r\n\r\n\r\n\r\n<h2 class=\"wp-block-heading\">Billets de bus de Addis-Abeba \u00e0 Hosaina Tips<\/h2>\r\n\r\n\r\n\r\n<h3 class=\"wp-block-heading\">D\u00e9mographie<\/h3>\r\n\r\n\r\n\r\n<p>Sur la base du recensement de 2007 effectu\u00e9 par le CSA, ce woreda compte une population totale de 69 999, dont 35 524 hommes et 34 475 femmes. La majorit\u00e9 des habitants sont des protestants avec 65,74 % de la population d\u00e9clarant cette croyance, 24,6 % pratiquaient le christianisme orthodoxe \u00e9thiopien, 6,57 % \u00e9taient musulmans et 1,99 % \u00e9taient des missionnaires catholiques pr\u00e9-dioc\u00e9sains. Cath\u00e9drale de Hosa\u00efna.<\/p>","protected":false},"excerpt":{"rendered":"<p>Cheap Bus Tickets from\u00a0Addis Ababa to Hosanna\u00a0Online Booking Reserve your cheap bus ticket from Addis Ababa to Hosanna online now. Do cheap bus from Addis Ababa to Hosanna bus tickets online booking and travel Addis Ababa to Dire Dawa by road. Hosaena also called as Hosanna, a very old name is of a town and [&hellip;]<\/p>\n","protected":false},"author":1,"featured_media":13999,"parent":0,"menu_order":0,"comment_status":"closed","ping_status":"closed","template":"template-home-modern.php","meta":{"footnotes":""},"class_list":["post-24829","page","type-page","status-publish","has-post-thumbnail","hentry"],"yoast_head":"<!-- This site is optimized with the Yoast SEO plugin v27.3 - https:\/\/yoast.com\/product\/yoast-seo-wordpress\/ -->\n<title>Bus from Addis Ababa to Hosanna Bus Tickets, Fare &amp; Schedule - Tiketi.com<\/title>\n<meta name=\"description\" content=\"Looking for bus from\u00a0Addis Ababa to Hosanna bus tickets booking, routes, schedules &amp; fares? Book cheap bus tickets from Addis Ababa to Hosanna online now\" \/>\n<meta name=\"robots\" content=\"index, follow, max-snippet:-1, max-image-preview:large, max-video-preview:-1\" \/>\n<link rel=\"canonical\" href=\"https:\/\/tiketi.com\/fr-fr\/bus-from-addis-ababa-to-hosanna\/\" \/>\n<meta property=\"og:locale\" content=\"fr_FR\" \/>\n<meta property=\"og:type\" content=\"article\" \/>\n<meta property=\"og:title\" content=\"Bus from Addis Ababa to Hosanna Bus Tickets, Fare &amp; Schedule - Tiketi.com\" \/>\n<meta property=\"og:description\" content=\"Looking for bus from\u00a0Addis Ababa to Hosanna bus tickets booking, routes, schedules &amp; fares? Book cheap bus tickets from Addis Ababa to Hosanna online now\" \/>\n<meta property=\"og:url\" content=\"https:\/\/tiketi.com\/fr-fr\/bus-from-addis-ababa-to-hosanna\/\" \/>\n<meta property=\"og:site_name\" content=\"Tiketi.com\" \/>\n<meta property=\"article:publisher\" content=\"https:\/\/www.facebook.com\/TiketiCom\/\" \/>\n<meta property=\"article:modified_time\" content=\"2022-08-22T09:51:12+00:00\" \/>\n<meta property=\"og:image\" content=\"https:\/\/tiketi.com\/wp-content\/uploads\/2022\/01\/bus-ticket-online-booking.jpg\" \/>\n\t<meta property=\"og:image:width\" content=\"1200\" \/>\n\t<meta property=\"og:image:height\" content=\"206\" \/>\n\t<meta property=\"og:image:type\" content=\"image\/jpeg\" \/>\n<meta name=\"twitter:card\" content=\"summary_large_image\" \/>\n<meta name=\"twitter:label1\" content=\"Dur\u00e9e de lecture estim\u00e9e\" \/>\n\t<meta name=\"twitter:data1\" content=\"2 minutes\" \/>\n<script type=\"application\/ld+json\" class=\"yoast-schema-graph\">{\"@context\":\"https:\\\/\\\/schema.org\",\"@graph\":[{\"@type\":\"WebPage\",\"@id\":\"https:\\\/\\\/tiketi.com\\\/bus-from-addis-ababa-to-hosanna\\\/\",\"url\":\"https:\\\/\\\/tiketi.com\\\/bus-from-addis-ababa-to-hosanna\\\/\",\"name\":\"Bus from Addis Ababa to Hosanna Bus Tickets, Fare & Schedule - Tiketi.com\",\"isPartOf\":{\"@id\":\"https:\\\/\\\/tiketi.com\\\/#website\"},\"primaryImageOfPage\":{\"@id\":\"https:\\\/\\\/tiketi.com\\\/bus-from-addis-ababa-to-hosanna\\\/#primaryimage\"},\"image\":{\"@id\":\"https:\\\/\\\/tiketi.com\\\/bus-from-addis-ababa-to-hosanna\\\/#primaryimage\"},\"thumbnailUrl\":\"https:\\\/\\\/tiketi.com\\\/wp-content\\\/uploads\\\/2022\\\/01\\\/bus-ticket-online-booking.jpg\",\"datePublished\":\"2022-08-22T09:50:30+00:00\",\"dateModified\":\"2022-08-22T09:51:12+00:00\",\"description\":\"Looking for bus from\u00a0Addis Ababa to Hosanna bus tickets booking, routes, schedules & fares? Book cheap bus tickets from Addis Ababa to Hosanna online now\",\"breadcrumb\":{\"@id\":\"https:\\\/\\\/tiketi.com\\\/bus-from-addis-ababa-to-hosanna\\\/#breadcrumb\"},\"inLanguage\":\"fr-FR\",\"potentialAction\":[{\"@type\":\"ReadAction\",\"target\":[\"https:\\\/\\\/tiketi.com\\\/bus-from-addis-ababa-to-hosanna\\\/\"]}]},{\"@type\":\"ImageObject\",\"inLanguage\":\"fr-FR\",\"@id\":\"https:\\\/\\\/tiketi.com\\\/bus-from-addis-ababa-to-hosanna\\\/#primaryimage\",\"url\":\"https:\\\/\\\/tiketi.com\\\/wp-content\\\/uploads\\\/2022\\\/01\\\/bus-ticket-online-booking.jpg\",\"contentUrl\":\"https:\\\/\\\/tiketi.com\\\/wp-content\\\/uploads\\\/2022\\\/01\\\/bus-ticket-online-booking.jpg\",\"width\":1200,\"height\":206,\"caption\":\"Online Bus Ticket Booking\"},{\"@type\":\"BreadcrumbList\",\"@id\":\"https:\\\/\\\/tiketi.com\\\/bus-from-addis-ababa-to-hosanna\\\/#breadcrumb\",\"itemListElement\":[{\"@type\":\"ListItem\",\"position\":1,\"name\":\"Home\",\"item\":\"https:\\\/\\\/tiketi.com\\\/\"},{\"@type\":\"ListItem\",\"position\":2,\"name\":\"Bus from Addis Ababa to Hosanna Bus Tickets, Fare &#038; Schedule\"}]},{\"@type\":\"WebSite\",\"@id\":\"https:\\\/\\\/tiketi.com\\\/#website\",\"url\":\"https:\\\/\\\/tiketi.com\\\/\",\"name\":\"Flight & Bus Tickets, Tour Packages & Activitites - Tiketi.com\",\"description\":\"Flight &amp; Bus Tickets, Tours, Activitites\",\"publisher\":{\"@id\":\"https:\\\/\\\/tiketi.com\\\/#organization\"},\"potentialAction\":[{\"@type\":\"SearchAction\",\"target\":{\"@type\":\"EntryPoint\",\"urlTemplate\":\"https:\\\/\\\/tiketi.com\\\/?s={search_term_string}\"},\"query-input\":{\"@type\":\"PropertyValueSpecification\",\"valueRequired\":true,\"valueName\":\"search_term_string\"}}],\"inLanguage\":\"fr-FR\"},{\"@type\":\"Organization\",\"@id\":\"https:\\\/\\\/tiketi.com\\\/#organization\",\"name\":\"Tiketi.com\",\"alternateName\":\"Tiketi\",\"url\":\"https:\\\/\\\/tiketi.com\\\/\",\"logo\":{\"@type\":\"ImageObject\",\"inLanguage\":\"fr-FR\",\"@id\":\"https:\\\/\\\/tiketi.com\\\/#\\\/schema\\\/logo\\\/image\\\/\",\"url\":\"https:\\\/\\\/tiketi.com\\\/wp-content\\\/uploads\\\/2019\\\/05\\\/tiketi-logo-696.png\",\"contentUrl\":\"https:\\\/\\\/tiketi.com\\\/wp-content\\\/uploads\\\/2019\\\/05\\\/tiketi-logo-696.png\",\"width\":696,\"height\":696,\"caption\":\"Tiketi.com\"},\"image\":{\"@id\":\"https:\\\/\\\/tiketi.com\\\/#\\\/schema\\\/logo\\\/image\\\/\"},\"sameAs\":[\"https:\\\/\\\/www.facebook.com\\\/TiketiCom\\\/\"]}]}<\/script>\n<!-- \/ Yoast SEO plugin. -->","yoast_head_json":{"title":"Bus de Addis-Abeba \u00e0 Hosanna Billets de bus, tarifs &amp; horaires - Tiketi.com","description":"\u00c0 la recherche de billets de bus de Addis-Abeba \u00e0 Hosanna, r\u00e9servation de billets de bus, itin\u00e9raires, horaires et tarifs ? R\u00e9servez en ligne maintenant des billets de bus \u00e0 bas prix de Addis-Abeba \u00e0 Hosanna","robots":{"index":"index","follow":"follow","max-snippet":"max-snippet:-1","max-image-preview":"max-image-preview:large","max-video-preview":"max-video-preview:-1"},"canonical":"https:\/\/tiketi.com\/fr-fr\/bus-from-addis-ababa-to-hosanna\/","og_locale":"fr_FR","og_type":"article","og_title":"Bus from Addis Ababa to Hosanna Bus Tickets, Fare & Schedule - Tiketi.com","og_description":"Looking for bus from\u00a0Addis Ababa to Hosanna bus tickets booking, routes, schedules & fares? Book cheap bus tickets from Addis Ababa to Hosanna online now","og_url":"https:\/\/tiketi.com\/fr-fr\/bus-from-addis-ababa-to-hosanna\/","og_site_name":"Tiketi.com","article_publisher":"https:\/\/www.facebook.com\/TiketiCom\/","article_modified_time":"2022-08-22T09:51:12+00:00","og_image":[{"width":1200,"height":206,"url":"https:\/\/tiketi.com\/wp-content\/uploads\/2022\/01\/bus-ticket-online-booking.jpg","type":"image\/jpeg"}],"twitter_card":"summary_large_image","twitter_misc":{"Dur\u00e9e de lecture estim\u00e9e":"2 minutes"},"schema":{"@context":"https:\/\/schema.org","@graph":[{"@type":"WebPage","@id":"https:\/\/tiketi.com\/bus-from-addis-ababa-to-hosanna\/","url":"https:\/\/tiketi.com\/bus-from-addis-ababa-to-hosanna\/","name":"Bus de Addis-Abeba \u00e0 Hosanna Billets de bus, tarifs &amp; horaires - Tiketi.com","isPartOf":{"@id":"https:\/\/tiketi.com\/#website"},"primaryImageOfPage":{"@id":"https:\/\/tiketi.com\/bus-from-addis-ababa-to-hosanna\/#primaryimage"},"image":{"@id":"https:\/\/tiketi.com\/bus-from-addis-ababa-to-hosanna\/#primaryimage"},"thumbnailUrl":"https:\/\/tiketi.com\/wp-content\/uploads\/2022\/01\/bus-ticket-online-booking.jpg","datePublished":"2022-08-22T09:50:30+00:00","dateModified":"2022-08-22T09:51:12+00:00","description":"\u00c0 la recherche de billets de bus de Addis-Abeba \u00e0 Hosanna, r\u00e9servation de billets de bus, itin\u00e9raires, horaires et tarifs ? R\u00e9servez en ligne maintenant des billets de bus \u00e0 bas prix de Addis-Abeba \u00e0 Hosanna","breadcrumb":{"@id":"https:\/\/tiketi.com\/bus-from-addis-ababa-to-hosanna\/#breadcrumb"},"inLanguage":"fr-FR","potentialAction":[{"@type":"ReadAction","target":["https:\/\/tiketi.com\/bus-from-addis-ababa-to-hosanna\/"]}]},{"@type":"ImageObject","inLanguage":"fr-FR","@id":"https:\/\/tiketi.com\/bus-from-addis-ababa-to-hosanna\/#primaryimage","url":"https:\/\/tiketi.com\/wp-content\/uploads\/2022\/01\/bus-ticket-online-booking.jpg","contentUrl":"https:\/\/tiketi.com\/wp-content\/uploads\/2022\/01\/bus-ticket-online-booking.jpg","width":1200,"height":206,"caption":"Online Bus Ticket Booking"},{"@type":"BreadcrumbList","@id":"https:\/\/tiketi.com\/bus-from-addis-ababa-to-hosanna\/#breadcrumb","itemListElement":[{"@type":"ListItem","position":1,"name":"Home","item":"https:\/\/tiketi.com\/"},{"@type":"ListItem","position":2,"name":"Bus from Addis Ababa to Hosanna Bus Tickets, Fare &#038; Schedule"}]},{"@type":"WebSite","@id":"https:\/\/tiketi.com\/#website","url":"https:\/\/tiketi.com\/","name":"Billets d&#039;avion et de bus, forfaits touristiques et activit\u00e9s - Tiketi.com","description":"Billets d&#039;avion et de bus, Tours, Activit\u00e9s","publisher":{"@id":"https:\/\/tiketi.com\/#organization"},"potentialAction":[{"@type":"SearchAction","target":{"@type":"EntryPoint","urlTemplate":"https:\/\/tiketi.com\/?s={search_term_string}"},"query-input":{"@type":"PropertyValueSpecification","valueRequired":true,"valueName":"search_term_string"}}],"inLanguage":"fr-FR"},{"@type":"Organization","@id":"https:\/\/tiketi.com\/#organization","name":"Tiketi.com","alternateName":"Tiketi","url":"https:\/\/tiketi.com\/","logo":{"@type":"ImageObject","inLanguage":"fr-FR","@id":"https:\/\/tiketi.com\/#\/schema\/logo\/image\/","url":"https:\/\/tiketi.com\/wp-content\/uploads\/2019\/05\/tiketi-logo-696.png","contentUrl":"https:\/\/tiketi.com\/wp-content\/uploads\/2019\/05\/tiketi-logo-696.png","width":696,"height":696,"caption":"Tiketi.com"},"image":{"@id":"https:\/\/tiketi.com\/#\/schema\/logo\/image\/"},"sameAs":["https:\/\/www.facebook.com\/TiketiCom\/"]}]}},"_links":{"self":[{"href":"https:\/\/tiketi.com\/fr-fr\/wp-json\/wp\/v2\/pages\/24829","targetHints":{"allow":["GET"]}}],"collection":[{"href":"https:\/\/tiketi.com\/fr-fr\/wp-json\/wp\/v2\/pages"}],"about":[{"href":"https:\/\/tiketi.com\/fr-fr\/wp-json\/wp\/v2\/types\/page"}],"author":[{"embeddable":true,"href":"https:\/\/tiketi.com\/fr-fr\/wp-json\/wp\/v2\/users\/1"}],"replies":[{"embeddable":true,"href":"https:\/\/tiketi.com\/fr-fr\/wp-json\/wp\/v2\/comments?post=24829"}],"version-history":[{"count":0,"href":"https:\/\/tiketi.com\/fr-fr\/wp-json\/wp\/v2\/pages\/24829\/revisions"}],"wp:featuredmedia":[{"embeddable":true,"href":"https:\/\/tiketi.com\/fr-fr\/wp-json\/wp\/v2\/media\/13999"}],"wp:attachment":[{"href":"https:\/\/tiketi.com\/fr-fr\/wp-json\/wp\/v2\/media?parent=24829"}],"curies":[{"name":"wp","href":"https:\/\/api.w.org\/{rel}","templated":true}]}}