{"id":25997,"date":"2022-10-27T11:55:54","date_gmt":"2022-10-27T10:55:54","guid":{"rendered":"https:\/\/tiketi.com\/?page_id=25997"},"modified":"2024-09-24T11:00:19","modified_gmt":"2024-09-24T10:00:19","slug":"tazara-tanzania-zambia-railway","status":"publish","type":"page","link":"https:\/\/tiketi.com\/fr-fr\/companies\/railways\/tazara-tanzania-zambia-railway\/","title":{"rendered":"R\u00e9servation de billets Tazara, horaires de train, itin\u00e9raires et tarifs"},"content":{"rendered":"<h2 class=\"wp-block-heading\">D\u00e9couvrez votre itin\u00e9raire en train sur le web, le mobile ou l&#039;application et effectuez votre r\u00e9servation en ligne de train Tanzania-Zambia Railway \/ Tazara <a href=\"https:\/\/tazarasite.com\/tickets-and-reservations\" target=\"_blank\" rel=\"noreferrer noopener\">><\/a><a href=\"https:\/\/tazarasite.com\/tickets-and-reservations\" target=\"_blank\" rel=\"noreferrer noopener\">><\/a><\/h2>\n\n\n\n<p>R\u00e9servation de billets Tazara en ligne simplifi\u00e9e. En g\u00e9n\u00e9ral, Tazara Railway est plus relaxant et efficace que la Central Line. Quoi qu&#039;il en soit, les deux lignes sont actuellement en cours de mise \u00e0 niveau, et il y a d\u00e9j\u00e0 eu des am\u00e9liorations c\u00e9l\u00e8bres. Central Line propose d\u00e9sormais un service de luxe hebdomadaire relaxant. Vous trouverez ci-dessous plus d&#039;informations sur la r\u00e9servation du train Tazara.<\/p>\n\n\n\n<h2 class=\"wp-block-heading\">FAQ sur la r\u00e9servation de billets Tazara, les itin\u00e9raires, les horaires et les tarifs<\/h2>\n\n\n\n<h3 class=\"wp-block-heading\">Itin\u00e9raires ferroviaires en Tanzanie<\/h3>\n\n\n\n<p>Il existe 2 lignes: Tazara, reliant Dar es Salaam \u00e0 New Kapiri Mposhi en Zambie via Mbeya et Tunduma, et la ligne centrale des chemins de fer tanzaniens limit\u00e9e reliant Dar es Salaam \u00e0 Kigoma et Mwanza via Tobora. Une branche de la ligne m\u00e9diane relie \u00e9galement Tabora \u00e0 Mpanda, et Tazara assure la navette Udzungwa deux fois par semaine entre Makambako et la r\u00e9gion de Kilombero.<\/p>\n\n\n\n<h3 class=\"wp-block-heading\">Cours de r\u00e9servation de train Tazara<\/h3>\n\n\n\n<p>La r\u00e9servation de billets Tazara comprend 4 classes : premi\u00e8re classe de couchage (4 compartiments de lit), deuxi\u00e8me classe de couchage (6 compartiments de lit), deuxi\u00e8me classe assise (\u00e9galement appel\u00e9e super si\u00e8ge) et classe \u00e9conomique (troisi\u00e8me) (bancs, g\u00e9n\u00e9ralement extr\u00eamement encombr\u00e9s). Les hommes et les femmes ne peuvent voyager combin\u00e9s dans les zones de couchage qu&#039;en train Tazara en r\u00e9servant le compartiment complet.<\/p>\n\n\n\n<p><p>La nuit, prot\u00e9gez votre fen\u00eatre avec un b\u00e2ton, et ne sortez pas vos sacs ne serait-ce qu&#039;une seconde. La ligne centrale comprend la premi\u00e8re classe (compartiment \u00e0 4 lits), la deuxi\u00e8me classe (compartiments \u00e0 6 lits) et la classe \u00e9conomique. Il y a aussi un service luxueux sur la ligne Central.<\/p>\n<h2>Conseils de r\u00e9servation du chemin de fer de Tazara<\/h2>\n<p>Si vous voulez essayer le train, envisagez de petits tron\u00e7ons, comme Dar es Salaam dans la r\u00e9serve de gibier de Selous, ou entre Kigoma et Tabora. Pour les trajets plus longs, apportez des boissons et de la nourriture suppl\u00e9mentaires pour compl\u00e9ter les repas de base accessibles \u00e0 bord.<\/p><\/p>\n\n\n\n<h3 class=\"wp-block-heading\">Contexte historique de Tazara<\/h3>\n\n\n\n<p>Le Tazara a \u00e9t\u00e9 construit comme un gros produit entre 1870 et 1975. Le projet a \u00e9t\u00e9 financ\u00e9 via un pr\u00eat Internet gratuit de 988 millions de RMBY (\u00e9quivalent \u00e0 500 millions de dollars am\u00e9ricains) de la R\u00e9publique populaire de Chine. Elle a commenc\u00e9 ses activit\u00e9s commerciales en juillet 1976.<\/p>\n\n\n\n<p>Tazara fait partie int\u00e9grante de la structure de transport ferroviaire r\u00e9gional d&#039;Afrique australe. Il s&#039;agit d&#039;un syst\u00e8me ferroviaire d&#039;environ 1 860 km de long s&#039;\u00e9levant au niveau de la mer depuis le port est-africain de Dar es Salaam en Tanzanie, jusqu&#039;au nouveau Kapiri Mposhi \u00e0 1 400 m d&#039;altitude en Zambie. Dot\u00e9 d&#039;installations suffisantes, Tazara a une capacit\u00e9 pr\u00e9vue de cinq millions de tonnes de fret par an.<\/p>\n\n\n\n<p>Tazara g\u00e8re actuellement les importations\/exportations de la Zambie et de la Tanzanie, ainsi que de la RD Congo, du Malawi, de la r\u00e9gion des grands lacs, du Zimbabwe et de l&#039;Afrique du Sud. La construction du d\u00e9p\u00f4t de transbordement de Kidatu a ouvert et rattach\u00e9 de nouveaux march\u00e9s en Ouganda, au Kenya, au Burundi et au Rwanda.<\/p>\n\n\n\n<p>La construction du d\u00e9p\u00f4t de transbordement de Kidatu a ouvert et rattach\u00e9 de nouveaux march\u00e9s en Ouganda, au Kenya, au Burundi et au Rwanda. Le trafic conteneuris\u00e9 en provenance d&#039;Afrique du Sud ainsi que les importations via le port de Dar es Salaam peuvent d\u00e9sormais \u00eatre simplement transbord\u00e9s \u00e0 Kidatu (par TRC ou Tazara) vers d&#039;autres endroits dans les pays de la SADC et en Afrique centrale et orientale.<\/p>\n\n\n\n<h3 class=\"wp-block-heading\">Gestion de Tazara et services \u00e0 la client\u00e8le<\/h3>\n\n\n\n<p>La direction de Tazara continue de travailler en \u00e9troite collaboration avec les autorit\u00e9s portuaires de Dar es Salaam pour am\u00e9liorer encore le temps de transit d&#039;au moins trois jours. Faisant partie int\u00e9grante du r\u00e9seau ferroviaire du COMESA et de la SADC, TAZARA travaille dur pour assurer la satisfaction du client.<\/p>\n\n\n\n<p>Des op\u00e9rations parfaites dans sa grande gare de triage \u00e0 la gare de Yombo (\u00e0 une petite distance du port de Dar es Salaam) garantissent un assemblage et une exp\u00e9dition rapides des wagons.<\/p>\n\n\n\n<p>Tous les d\u00e9tails concernant l&#039;envoi, la position du wagon, etc. sont m\u00e9caniques, et le client peut \u00eatre inform\u00e9 de la position de sa cargaison en quelques secondes gr\u00e2ce \u00e0 l&#039;utilisation de l&#039;ACIS. La r\u00e9servation de Tazara Railway propose des tarifs comp\u00e9titifs, qui sont ouverts \u00e0 des n\u00e9gociations menant \u00e0 des tarifs contractuels et \u00e0 des remises.<\/p>\n\n\n\n<p>Tazara fournit \u00e9galement aux clients un forfait de transport unique dans lequel les marchandises des exportateurs et des importateurs sont d\u00e9douan\u00e9es par une unit\u00e9 de fret et d&#039;exp\u00e9dition pour le transport jusqu&#039;au point de destination, en Zambie, au Zimbabwe, en Tanzanie, au Za\u00efre et au Malawi.<\/p>\n\n\n\n<p>THA et Tazara ont \u00e9tabli une fonction mutuelle, avec les agents maritimes, pour s&#039;assurer que le traitement et la gestion des documents de fret sont rationalis\u00e9s et rapides. Le travail mutuel facilite \u00e9galement le mouvement rapide des envois en transit.<\/p>\n\n\n\n<p>Aucun frais de stockage ou de surestaries n&#039;est encouru si les frais de transport et de port sont pay\u00e9s rapidement pour que l&#039;envoi soit trait\u00e9 rapidement et de mani\u00e8re exclusive.<\/p>\n\n\n\n<p>Actuellement, il faut environ trois \u00e0 quatre jours pour acheminer le trafic depuis et vers le port de Dar es Salaam pour les clients \u00e0 n&#039;importe quel point en Zambie, et vice versa. La direction de Tazara continue de travailler avec les autorit\u00e9s portuaires de Dar es Salaam pour am\u00e9liorer le temps de transit \u00e0 au moins trois jours.<\/p>","protected":false},"excerpt":{"rendered":"<p>Discover your train travel route on web, mobile or app and do your Tanzania-Zambia Railway \/ Tazara train booking online >> Tazara ticket booking online made easy. In general, Tazara Railway is more relax and efficient than the Central Line. Anyway, both lines are presently in the process of upgrading, and there have already been [&hellip;]<\/p>\n","protected":false},"author":1,"featured_media":20644,"parent":25987,"menu_order":0,"comment_status":"closed","ping_status":"closed","template":"template-home-modern.php","meta":{"footnotes":""},"class_list":["post-25997","page","type-page","status-publish","has-post-thumbnail","hentry"],"yoast_head":"<!-- This site is optimized with the Yoast SEO plugin v27.4 - https:\/\/yoast.com\/product\/yoast-seo-wordpress\/ -->\n<title>Tazara Ticket Booking, Train Schedule, Routes &amp; Fares - Tiketi.com<\/title>\n<meta name=\"description\" content=\"Looking for Tazara ticket booking, routes, schedule &amp; fares? Do your Tanzania-Zambia Railway \/ Tazara train booking online now and save time and money\" \/>\n<meta name=\"robots\" content=\"index, follow, max-snippet:-1, max-image-preview:large, max-video-preview:-1\" \/>\n<link rel=\"canonical\" href=\"https:\/\/tiketi.com\/fr-fr\/companies\/railways\/tazara-tanzania-zambia-railway\/\" \/>\n<meta property=\"og:locale\" content=\"fr_FR\" \/>\n<meta property=\"og:type\" content=\"article\" \/>\n<meta property=\"og:title\" content=\"Tazara Ticket Booking, Train Schedule, Routes &amp; Fares - Tiketi.com\" \/>\n<meta property=\"og:description\" content=\"Looking for Tazara ticket booking, routes, schedule &amp; fares? Do your Tanzania-Zambia Railway \/ Tazara train booking online now and save time and money\" \/>\n<meta property=\"og:url\" content=\"https:\/\/tiketi.com\/fr-fr\/companies\/railways\/tazara-tanzania-zambia-railway\/\" \/>\n<meta property=\"og:site_name\" content=\"Tiketi.com\" \/>\n<meta property=\"article:publisher\" content=\"https:\/\/www.facebook.com\/TiketiCom\/\" \/>\n<meta property=\"article:modified_time\" content=\"2024-09-24T10:00:19+00:00\" \/>\n<meta property=\"og:image\" content=\"https:\/\/tiketi.com\/wp-content\/uploads\/2022\/02\/train-booking-ice-g5b642a238_1280.jpg\" \/>\n\t<meta property=\"og:image:width\" content=\"1200\" \/>\n\t<meta property=\"og:image:height\" content=\"200\" \/>\n\t<meta property=\"og:image:type\" content=\"image\/jpeg\" \/>\n<meta name=\"twitter:card\" content=\"summary_large_image\" \/>\n<meta name=\"twitter:label1\" content=\"Dur\u00e9e de lecture estim\u00e9e\" \/>\n\t<meta name=\"twitter:data1\" content=\"4 minutes\" \/>\n<script type=\"application\/ld+json\" class=\"yoast-schema-graph\">{\"@context\":\"https:\\\/\\\/schema.org\",\"@graph\":[{\"@type\":\"WebPage\",\"@id\":\"https:\\\/\\\/tiketi.com\\\/companies\\\/railways\\\/tazara-tanzania-zambia-railway\\\/\",\"url\":\"https:\\\/\\\/tiketi.com\\\/companies\\\/railways\\\/tazara-tanzania-zambia-railway\\\/\",\"name\":\"Tazara Ticket Booking, Train Schedule, Routes & Fares - Tiketi.com\",\"isPartOf\":{\"@id\":\"https:\\\/\\\/tiketi.com\\\/#website\"},\"primaryImageOfPage\":{\"@id\":\"https:\\\/\\\/tiketi.com\\\/companies\\\/railways\\\/tazara-tanzania-zambia-railway\\\/#primaryimage\"},\"image\":{\"@id\":\"https:\\\/\\\/tiketi.com\\\/companies\\\/railways\\\/tazara-tanzania-zambia-railway\\\/#primaryimage\"},\"thumbnailUrl\":\"https:\\\/\\\/tiketi.com\\\/wp-content\\\/uploads\\\/2022\\\/02\\\/train-booking-ice-g5b642a238_1280.jpg\",\"datePublished\":\"2022-10-27T10:55:54+00:00\",\"dateModified\":\"2024-09-24T10:00:19+00:00\",\"description\":\"Looking for Tazara ticket booking, routes, schedule & fares? Do your Tanzania-Zambia Railway \\\/ Tazara train booking online now and save time and money\",\"breadcrumb\":{\"@id\":\"https:\\\/\\\/tiketi.com\\\/companies\\\/railways\\\/tazara-tanzania-zambia-railway\\\/#breadcrumb\"},\"inLanguage\":\"fr-FR\",\"potentialAction\":[{\"@type\":\"ReadAction\",\"target\":[\"https:\\\/\\\/tiketi.com\\\/companies\\\/railways\\\/tazara-tanzania-zambia-railway\\\/\"]}]},{\"@type\":\"ImageObject\",\"inLanguage\":\"fr-FR\",\"@id\":\"https:\\\/\\\/tiketi.com\\\/companies\\\/railways\\\/tazara-tanzania-zambia-railway\\\/#primaryimage\",\"url\":\"https:\\\/\\\/tiketi.com\\\/wp-content\\\/uploads\\\/2022\\\/02\\\/train-booking-ice-g5b642a238_1280.jpg\",\"contentUrl\":\"https:\\\/\\\/tiketi.com\\\/wp-content\\\/uploads\\\/2022\\\/02\\\/train-booking-ice-g5b642a238_1280.jpg\",\"width\":1200,\"height\":200,\"caption\":\"Train Ticket Booking\"},{\"@type\":\"BreadcrumbList\",\"@id\":\"https:\\\/\\\/tiketi.com\\\/companies\\\/railways\\\/tazara-tanzania-zambia-railway\\\/#breadcrumb\",\"itemListElement\":[{\"@type\":\"ListItem\",\"position\":1,\"name\":\"Home\",\"item\":\"https:\\\/\\\/tiketi.com\\\/\"},{\"@type\":\"ListItem\",\"position\":2,\"name\":\"Companies\",\"item\":\"https:\\\/\\\/tiketi.com\\\/companies\\\/\"},{\"@type\":\"ListItem\",\"position\":3,\"name\":\"Railways\",\"item\":\"https:\\\/\\\/tiketi.com\\\/companies\\\/railways\\\/\"},{\"@type\":\"ListItem\",\"position\":4,\"name\":\"Tazara Ticket Booking, Train Schedule, Routes &#038; Fares\"}]},{\"@type\":\"WebSite\",\"@id\":\"https:\\\/\\\/tiketi.com\\\/#website\",\"url\":\"https:\\\/\\\/tiketi.com\\\/\",\"name\":\"Flight & Bus Tickets, Tour Packages & Activitites - Tiketi.com\",\"description\":\"Flight &amp; Bus Tickets, Tours, Activitites\",\"publisher\":{\"@id\":\"https:\\\/\\\/tiketi.com\\\/#organization\"},\"potentialAction\":[{\"@type\":\"SearchAction\",\"target\":{\"@type\":\"EntryPoint\",\"urlTemplate\":\"https:\\\/\\\/tiketi.com\\\/?s={search_term_string}\"},\"query-input\":{\"@type\":\"PropertyValueSpecification\",\"valueRequired\":true,\"valueName\":\"search_term_string\"}}],\"inLanguage\":\"fr-FR\"},{\"@type\":\"Organization\",\"@id\":\"https:\\\/\\\/tiketi.com\\\/#organization\",\"name\":\"Tiketi.com\",\"alternateName\":\"Tiketi\",\"url\":\"https:\\\/\\\/tiketi.com\\\/\",\"logo\":{\"@type\":\"ImageObject\",\"inLanguage\":\"fr-FR\",\"@id\":\"https:\\\/\\\/tiketi.com\\\/#\\\/schema\\\/logo\\\/image\\\/\",\"url\":\"https:\\\/\\\/tiketi.com\\\/wp-content\\\/uploads\\\/2019\\\/05\\\/tiketi-logo-696.png\",\"contentUrl\":\"https:\\\/\\\/tiketi.com\\\/wp-content\\\/uploads\\\/2019\\\/05\\\/tiketi-logo-696.png\",\"width\":696,\"height\":696,\"caption\":\"Tiketi.com\"},\"image\":{\"@id\":\"https:\\\/\\\/tiketi.com\\\/#\\\/schema\\\/logo\\\/image\\\/\"},\"sameAs\":[\"https:\\\/\\\/www.facebook.com\\\/TiketiCom\\\/\"]}]}<\/script>\n<!-- \/ Yoast SEO plugin. -->","yoast_head_json":{"title":"R\u00e9servation Billets Tazara, Horaires, Trajets &amp; Tarifs - Tiketi.com","description":"Vous recherchez une r\u00e9servation de billets pour Tazara, des itin\u00e9raires, des horaires et des tarifs\u00a0? Faites votre r\u00e9servation de train Tanzania-Zambia Railway \/ Tazara en ligne maintenant et \u00e9conomisez du temps et de l&#039;argent","robots":{"index":"index","follow":"follow","max-snippet":"max-snippet:-1","max-image-preview":"max-image-preview:large","max-video-preview":"max-video-preview:-1"},"canonical":"https:\/\/tiketi.com\/fr-fr\/companies\/railways\/tazara-tanzania-zambia-railway\/","og_locale":"fr_FR","og_type":"article","og_title":"Tazara Ticket Booking, Train Schedule, Routes & Fares - Tiketi.com","og_description":"Looking for Tazara ticket booking, routes, schedule & fares? Do your Tanzania-Zambia Railway \/ Tazara train booking online now and save time and money","og_url":"https:\/\/tiketi.com\/fr-fr\/companies\/railways\/tazara-tanzania-zambia-railway\/","og_site_name":"Tiketi.com","article_publisher":"https:\/\/www.facebook.com\/TiketiCom\/","article_modified_time":"2024-09-24T10:00:19+00:00","og_image":[{"width":1200,"height":200,"url":"https:\/\/tiketi.com\/wp-content\/uploads\/2022\/02\/train-booking-ice-g5b642a238_1280.jpg","type":"image\/jpeg"}],"twitter_card":"summary_large_image","twitter_misc":{"Dur\u00e9e de lecture estim\u00e9e":"4 minutes"},"schema":{"@context":"https:\/\/schema.org","@graph":[{"@type":"WebPage","@id":"https:\/\/tiketi.com\/companies\/railways\/tazara-tanzania-zambia-railway\/","url":"https:\/\/tiketi.com\/companies\/railways\/tazara-tanzania-zambia-railway\/","name":"R\u00e9servation Billets Tazara, Horaires, Trajets &amp; Tarifs - Tiketi.com","isPartOf":{"@id":"https:\/\/tiketi.com\/#website"},"primaryImageOfPage":{"@id":"https:\/\/tiketi.com\/companies\/railways\/tazara-tanzania-zambia-railway\/#primaryimage"},"image":{"@id":"https:\/\/tiketi.com\/companies\/railways\/tazara-tanzania-zambia-railway\/#primaryimage"},"thumbnailUrl":"https:\/\/tiketi.com\/wp-content\/uploads\/2022\/02\/train-booking-ice-g5b642a238_1280.jpg","datePublished":"2022-10-27T10:55:54+00:00","dateModified":"2024-09-24T10:00:19+00:00","description":"Vous recherchez une r\u00e9servation de billets pour Tazara, des itin\u00e9raires, des horaires et des tarifs\u00a0? Faites votre r\u00e9servation de train Tanzania-Zambia Railway \/ Tazara en ligne maintenant et \u00e9conomisez du temps et de l&#039;argent","breadcrumb":{"@id":"https:\/\/tiketi.com\/companies\/railways\/tazara-tanzania-zambia-railway\/#breadcrumb"},"inLanguage":"fr-FR","potentialAction":[{"@type":"ReadAction","target":["https:\/\/tiketi.com\/companies\/railways\/tazara-tanzania-zambia-railway\/"]}]},{"@type":"ImageObject","inLanguage":"fr-FR","@id":"https:\/\/tiketi.com\/companies\/railways\/tazara-tanzania-zambia-railway\/#primaryimage","url":"https:\/\/tiketi.com\/wp-content\/uploads\/2022\/02\/train-booking-ice-g5b642a238_1280.jpg","contentUrl":"https:\/\/tiketi.com\/wp-content\/uploads\/2022\/02\/train-booking-ice-g5b642a238_1280.jpg","width":1200,"height":200,"caption":"Train Ticket Booking"},{"@type":"BreadcrumbList","@id":"https:\/\/tiketi.com\/companies\/railways\/tazara-tanzania-zambia-railway\/#breadcrumb","itemListElement":[{"@type":"ListItem","position":1,"name":"Home","item":"https:\/\/tiketi.com\/"},{"@type":"ListItem","position":2,"name":"Companies","item":"https:\/\/tiketi.com\/companies\/"},{"@type":"ListItem","position":3,"name":"Railways","item":"https:\/\/tiketi.com\/companies\/railways\/"},{"@type":"ListItem","position":4,"name":"Tazara Ticket Booking, Train Schedule, Routes &#038; Fares"}]},{"@type":"WebSite","@id":"https:\/\/tiketi.com\/#website","url":"https:\/\/tiketi.com\/","name":"Billets d&#039;avion et de bus, forfaits touristiques et activit\u00e9s - Tiketi.com","description":"Billets d&#039;avion et de bus, Tours, Activit\u00e9s","publisher":{"@id":"https:\/\/tiketi.com\/#organization"},"potentialAction":[{"@type":"SearchAction","target":{"@type":"EntryPoint","urlTemplate":"https:\/\/tiketi.com\/?s={search_term_string}"},"query-input":{"@type":"PropertyValueSpecification","valueRequired":true,"valueName":"search_term_string"}}],"inLanguage":"fr-FR"},{"@type":"Organization","@id":"https:\/\/tiketi.com\/#organization","name":"Tiketi.com","alternateName":"Tiketi","url":"https:\/\/tiketi.com\/","logo":{"@type":"ImageObject","inLanguage":"fr-FR","@id":"https:\/\/tiketi.com\/#\/schema\/logo\/image\/","url":"https:\/\/tiketi.com\/wp-content\/uploads\/2019\/05\/tiketi-logo-696.png","contentUrl":"https:\/\/tiketi.com\/wp-content\/uploads\/2019\/05\/tiketi-logo-696.png","width":696,"height":696,"caption":"Tiketi.com"},"image":{"@id":"https:\/\/tiketi.com\/#\/schema\/logo\/image\/"},"sameAs":["https:\/\/www.facebook.com\/TiketiCom\/"]}]}},"_links":{"self":[{"href":"https:\/\/tiketi.com\/fr-fr\/wp-json\/wp\/v2\/pages\/25997","targetHints":{"allow":["GET"]}}],"collection":[{"href":"https:\/\/tiketi.com\/fr-fr\/wp-json\/wp\/v2\/pages"}],"about":[{"href":"https:\/\/tiketi.com\/fr-fr\/wp-json\/wp\/v2\/types\/page"}],"author":[{"embeddable":true,"href":"https:\/\/tiketi.com\/fr-fr\/wp-json\/wp\/v2\/users\/1"}],"replies":[{"embeddable":true,"href":"https:\/\/tiketi.com\/fr-fr\/wp-json\/wp\/v2\/comments?post=25997"}],"version-history":[{"count":4,"href":"https:\/\/tiketi.com\/fr-fr\/wp-json\/wp\/v2\/pages\/25997\/revisions"}],"predecessor-version":[{"id":31062,"href":"https:\/\/tiketi.com\/fr-fr\/wp-json\/wp\/v2\/pages\/25997\/revisions\/31062"}],"up":[{"embeddable":true,"href":"https:\/\/tiketi.com\/fr-fr\/wp-json\/wp\/v2\/pages\/25987"}],"wp:featuredmedia":[{"embeddable":true,"href":"https:\/\/tiketi.com\/fr-fr\/wp-json\/wp\/v2\/media\/20644"}],"wp:attachment":[{"href":"https:\/\/tiketi.com\/fr-fr\/wp-json\/wp\/v2\/media?parent=25997"}],"curies":[{"name":"wp","href":"https:\/\/api.w.org\/{rel}","templated":true}]}}