{"id":26589,"date":"2023-02-15T12:57:55","date_gmt":"2023-02-15T11:57:55","guid":{"rendered":"https:\/\/tiketi.com\/?page_id=26589"},"modified":"2023-02-15T13:40:03","modified_gmt":"2023-02-15T12:40:03","slug":"2nk-shuttle-sacco","status":"publish","type":"page","link":"https:\/\/tiketi.com\/fr-fr\/companies\/buses\/2nk-shuttle-sacco\/","title":{"rendered":"R\u00e9servation en ligne de la navette 2NK, billets de bus, horaires, itin\u00e9raires et tarifs"},"content":{"rendered":"<h2>2NK Shuttle Sacco R\u00e9servation de billets en ligne<\/h2>\n<h3>D\u00e9couvrez votre itin\u00e9raire de voyage sur le Web, le mobile ou l&#039;application et r\u00e9servez d\u00e8s maintenant vos billets en ligne 2NK Shuttle Sacco \u00e0 bas prix.<\/h3>\n<p>La r\u00e9servation en ligne de 2NK Shuttle au Kenya en toute simplicit\u00e9. La navette 2NK est une entreprise de Matatu Sacco dont le si\u00e8ge social est situ\u00e9 dans la ville de Nyeri. La SACCO a acquis un statut dans de nombreuses r\u00e9gions du pays pour son service de transport r\u00e9ussi \u00e0 la fois par des camionnettes ordinaires de 14 capacit\u00e9s et par des livraisons de cadres et de colis. Faites la r\u00e9servation de billets en ligne 2NK Shuttle Sacco et \u00e9conomisez de l&#039;argent et du temps.<\/p>\n<h2>R\u00e9servation en ligne de la navette 2NK Kenya, billets de bus, horaires, itin\u00e9raires et tarifs FAQ<\/h2>\n<h3>Quels sont les itin\u00e9raires de bus 2NK Shuttle les plus c\u00e9l\u00e8bres au quotidien ?<\/h3>\n<p>Le v\u00e9hicule Sacco assure des trajets quotidiens vers la capitale Nairobi depuis les grandes villes parmi lesquelles Kerugoya, Nyeri, Karatina, Thika, Eldoret, Nakuru, Kissi, Kitale, Nanyuki et Bungoma.<\/p>\n<h3>Navette 2NK et ligne de flotte sacco<\/h3>\n<p>Cette foire, le Sacco se targue d&#039;une flotte de plus de 600 v\u00e9hicules de faible capacit\u00e9, \u00e9tant \u00e0 la fois 14 places passagers et 11 places.<\/p>\n<p>Ceux-ci sont tir\u00e9s des membres, tir\u00e9s de tout le pays, tandis que les v\u00e9hicules d&#039;une capacit\u00e9 de 14 places sont tr\u00e8s c\u00e9l\u00e8bres parmi leurs clients.<\/p>\n<p>Le Sacco est all\u00e9 un peu plus loin pour offrir une gamme aux clients afin que ceux qui sont pr\u00eats \u00e0 payer un prix \u00e9lev\u00e9 pour leur d\u00e9tente voient leurs pr\u00e9f\u00e9rences prises en compte.<\/p>\n<p>La navette 2NK dispose \u00e9galement de 2 camionnettes dans la flotte qu&#039;elle dessert enti\u00e8rement afin de prot\u00e9ger les int\u00e9r\u00eats de tous les membres.<\/p>\n<h3>Services de transport 2NK Shuttle Sacco<\/h3>\n<p>Form\u00e9 il y a plus de quinze ans, 2NK sacco s&#039;est av\u00e9r\u00e9 \u00eatre le meilleur fournisseur de transport pour son service public de transport et de livraison de colis r\u00e9ussi dans le pays.<\/p>\n<p>Dans un secteur c\u00e9l\u00e8bre pour toutes les mauvaises raisons, la navette 2NK s&#039;est efforc\u00e9e de rendre les op\u00e9rations plus efficaces et d&#039;inculquer la discipline, imposant ainsi un grand respect aux navetteurs.<\/p>\n<p>Le sacco 2NK a \u00e9t\u00e9 form\u00e9 par les propri\u00e9taires de Matatu qui envisageaient de changer le secteur des transports. En effet le Sacco s&#039;est form\u00e9 \u00e0 une \u00e9poque o\u00f9 l&#039;industrie \u00e9tait r\u00e9put\u00e9e pour sa notori\u00e9t\u00e9.<\/p>\n<h3>Quelles sont les coordonn\u00e9es des bureaux de r\u00e9servation 2NK Shuttle ?<\/h3>\n<p>Si\u00e8ge social,<br \/>\nMaison d&#039;angle Kangaru,<br \/>\nNy\u00e9ri<\/p>\n<h2>Conseils de r\u00e9servation de billets en ligne 2NK Shuttle Sacco<\/h2>\n<p>La SACCO a \u00e9t\u00e9 cr\u00e9\u00e9e en 1994 par des propri\u00e9taires de maatatu de Karatina Nyeri \u00e0 une \u00e9poque o\u00f9 l&#039;industrie Matatu \u00e9tait c\u00e9l\u00e8bre pour sa notori\u00e9t\u00e9.<\/p>","protected":false},"excerpt":{"rendered":"<p>2NK Shuttle Sacco Online Ticket Booking Discover your travel route on web, mobile or app and do cheap 2NK Shuttle Sacco online ticket booking now. 2NK Shuttle online booking Kenya made easy. 2NK shuttle is a Matatu Sacco firm with its headquarters placed in Nyeri town. The SACCO has gained status in many parts of [&hellip;]<\/p>\n","protected":false},"author":1,"featured_media":13999,"parent":25524,"menu_order":0,"comment_status":"closed","ping_status":"closed","template":"template-home-modern.php","meta":{"footnotes":""},"class_list":["post-26589","page","type-page","status-publish","has-post-thumbnail","hentry"],"yoast_head":"<!-- This site is optimized with the Yoast SEO plugin v27.3 - https:\/\/yoast.com\/product\/yoast-seo-wordpress\/ -->\n<title>2NK Shuttle Online Booking, Bus Tickets, Schedule, Routes &amp; Fares - Tiketi.com<\/title>\n<meta name=\"description\" content=\"Looking for 2NK Shuttle online booking Kenya, app, contact, bus routes, fares and schedule timing? Make a 2NK Shuttle Sacco online ticket booking now\" \/>\n<meta name=\"robots\" content=\"index, follow, max-snippet:-1, max-image-preview:large, max-video-preview:-1\" \/>\n<link rel=\"canonical\" href=\"https:\/\/tiketi.com\/fr-fr\/companies\/buses\/2nk-shuttle-sacco\/\" \/>\n<meta property=\"og:locale\" content=\"fr_FR\" \/>\n<meta property=\"og:type\" content=\"article\" \/>\n<meta property=\"og:title\" content=\"2NK Shuttle Online Booking, Bus Tickets, Schedule, Routes &amp; Fares - Tiketi.com\" \/>\n<meta property=\"og:description\" content=\"Looking for 2NK Shuttle online booking Kenya, app, contact, bus routes, fares and schedule timing? Make a 2NK Shuttle Sacco online ticket booking now\" \/>\n<meta property=\"og:url\" content=\"https:\/\/tiketi.com\/fr-fr\/companies\/buses\/2nk-shuttle-sacco\/\" \/>\n<meta property=\"og:site_name\" content=\"Tiketi.com\" \/>\n<meta property=\"article:publisher\" content=\"https:\/\/www.facebook.com\/TiketiCom\/\" \/>\n<meta property=\"article:modified_time\" content=\"2023-02-15T12:40:03+00:00\" \/>\n<meta property=\"og:image\" content=\"https:\/\/tiketi.com\/wp-content\/uploads\/2022\/01\/bus-ticket-online-booking.jpg\" \/>\n\t<meta property=\"og:image:width\" content=\"1200\" \/>\n\t<meta property=\"og:image:height\" content=\"206\" \/>\n\t<meta property=\"og:image:type\" content=\"image\/jpeg\" \/>\n<meta name=\"twitter:card\" content=\"summary_large_image\" \/>\n<meta name=\"twitter:label1\" content=\"Dur\u00e9e de lecture estim\u00e9e\" \/>\n\t<meta name=\"twitter:data1\" content=\"2 minutes\" \/>\n<script type=\"application\/ld+json\" class=\"yoast-schema-graph\">{\"@context\":\"https:\\\/\\\/schema.org\",\"@graph\":[{\"@type\":\"WebPage\",\"@id\":\"https:\\\/\\\/tiketi.com\\\/companies\\\/buses\\\/2nk-shuttle-sacco\\\/\",\"url\":\"https:\\\/\\\/tiketi.com\\\/companies\\\/buses\\\/2nk-shuttle-sacco\\\/\",\"name\":\"2NK Shuttle Online Booking, Bus Tickets, Schedule, Routes & Fares - Tiketi.com\",\"isPartOf\":{\"@id\":\"https:\\\/\\\/tiketi.com\\\/#website\"},\"primaryImageOfPage\":{\"@id\":\"https:\\\/\\\/tiketi.com\\\/companies\\\/buses\\\/2nk-shuttle-sacco\\\/#primaryimage\"},\"image\":{\"@id\":\"https:\\\/\\\/tiketi.com\\\/companies\\\/buses\\\/2nk-shuttle-sacco\\\/#primaryimage\"},\"thumbnailUrl\":\"https:\\\/\\\/tiketi.com\\\/wp-content\\\/uploads\\\/2022\\\/01\\\/bus-ticket-online-booking.jpg\",\"datePublished\":\"2023-02-15T11:57:55+00:00\",\"dateModified\":\"2023-02-15T12:40:03+00:00\",\"description\":\"Looking for 2NK Shuttle online booking Kenya, app, contact, bus routes, fares and schedule timing? Make a 2NK Shuttle Sacco online ticket booking now\",\"breadcrumb\":{\"@id\":\"https:\\\/\\\/tiketi.com\\\/companies\\\/buses\\\/2nk-shuttle-sacco\\\/#breadcrumb\"},\"inLanguage\":\"fr-FR\",\"potentialAction\":[{\"@type\":\"ReadAction\",\"target\":[\"https:\\\/\\\/tiketi.com\\\/companies\\\/buses\\\/2nk-shuttle-sacco\\\/\"]}]},{\"@type\":\"ImageObject\",\"inLanguage\":\"fr-FR\",\"@id\":\"https:\\\/\\\/tiketi.com\\\/companies\\\/buses\\\/2nk-shuttle-sacco\\\/#primaryimage\",\"url\":\"https:\\\/\\\/tiketi.com\\\/wp-content\\\/uploads\\\/2022\\\/01\\\/bus-ticket-online-booking.jpg\",\"contentUrl\":\"https:\\\/\\\/tiketi.com\\\/wp-content\\\/uploads\\\/2022\\\/01\\\/bus-ticket-online-booking.jpg\",\"width\":1200,\"height\":206,\"caption\":\"Online Bus Ticket Booking\"},{\"@type\":\"BreadcrumbList\",\"@id\":\"https:\\\/\\\/tiketi.com\\\/companies\\\/buses\\\/2nk-shuttle-sacco\\\/#breadcrumb\",\"itemListElement\":[{\"@type\":\"ListItem\",\"position\":1,\"name\":\"Home\",\"item\":\"https:\\\/\\\/tiketi.com\\\/\"},{\"@type\":\"ListItem\",\"position\":2,\"name\":\"Companies\",\"item\":\"https:\\\/\\\/tiketi.com\\\/companies\\\/\"},{\"@type\":\"ListItem\",\"position\":3,\"name\":\"Buses\",\"item\":\"https:\\\/\\\/tiketi.com\\\/companies\\\/buses\\\/\"},{\"@type\":\"ListItem\",\"position\":4,\"name\":\"2NK Shuttle Online Booking, Bus Tickets, Schedule, Routes &#038; Fares\"}]},{\"@type\":\"WebSite\",\"@id\":\"https:\\\/\\\/tiketi.com\\\/#website\",\"url\":\"https:\\\/\\\/tiketi.com\\\/\",\"name\":\"Flight & Bus Tickets, Tour Packages & Activitites - Tiketi.com\",\"description\":\"Flight &amp; Bus Tickets, Tours, Activitites\",\"publisher\":{\"@id\":\"https:\\\/\\\/tiketi.com\\\/#organization\"},\"potentialAction\":[{\"@type\":\"SearchAction\",\"target\":{\"@type\":\"EntryPoint\",\"urlTemplate\":\"https:\\\/\\\/tiketi.com\\\/?s={search_term_string}\"},\"query-input\":{\"@type\":\"PropertyValueSpecification\",\"valueRequired\":true,\"valueName\":\"search_term_string\"}}],\"inLanguage\":\"fr-FR\"},{\"@type\":\"Organization\",\"@id\":\"https:\\\/\\\/tiketi.com\\\/#organization\",\"name\":\"Tiketi.com\",\"alternateName\":\"Tiketi\",\"url\":\"https:\\\/\\\/tiketi.com\\\/\",\"logo\":{\"@type\":\"ImageObject\",\"inLanguage\":\"fr-FR\",\"@id\":\"https:\\\/\\\/tiketi.com\\\/#\\\/schema\\\/logo\\\/image\\\/\",\"url\":\"https:\\\/\\\/tiketi.com\\\/wp-content\\\/uploads\\\/2019\\\/05\\\/tiketi-logo-696.png\",\"contentUrl\":\"https:\\\/\\\/tiketi.com\\\/wp-content\\\/uploads\\\/2019\\\/05\\\/tiketi-logo-696.png\",\"width\":696,\"height\":696,\"caption\":\"Tiketi.com\"},\"image\":{\"@id\":\"https:\\\/\\\/tiketi.com\\\/#\\\/schema\\\/logo\\\/image\\\/\"},\"sameAs\":[\"https:\\\/\\\/www.facebook.com\\\/TiketiCom\\\/\"]}]}<\/script>\n<!-- \/ Yoast SEO plugin. -->","yoast_head_json":{"title":"2NK Shuttle R\u00e9servation en ligne, Billets de bus, Horaires, Trajets &amp; Tarifs - Tiketi.com","description":"Vous recherchez une r\u00e9servation en ligne 2NK Shuttle Kenya, une application, un contact, des itin\u00e9raires de bus, des tarifs et des horaires? Faites une r\u00e9servation en ligne de billets 2NK Shuttle Sacco maintenant","robots":{"index":"index","follow":"follow","max-snippet":"max-snippet:-1","max-image-preview":"max-image-preview:large","max-video-preview":"max-video-preview:-1"},"canonical":"https:\/\/tiketi.com\/fr-fr\/companies\/buses\/2nk-shuttle-sacco\/","og_locale":"fr_FR","og_type":"article","og_title":"2NK Shuttle Online Booking, Bus Tickets, Schedule, Routes & Fares - Tiketi.com","og_description":"Looking for 2NK Shuttle online booking Kenya, app, contact, bus routes, fares and schedule timing? Make a 2NK Shuttle Sacco online ticket booking now","og_url":"https:\/\/tiketi.com\/fr-fr\/companies\/buses\/2nk-shuttle-sacco\/","og_site_name":"Tiketi.com","article_publisher":"https:\/\/www.facebook.com\/TiketiCom\/","article_modified_time":"2023-02-15T12:40:03+00:00","og_image":[{"width":1200,"height":206,"url":"https:\/\/tiketi.com\/wp-content\/uploads\/2022\/01\/bus-ticket-online-booking.jpg","type":"image\/jpeg"}],"twitter_card":"summary_large_image","twitter_misc":{"Dur\u00e9e de lecture estim\u00e9e":"2 minutes"},"schema":{"@context":"https:\/\/schema.org","@graph":[{"@type":"WebPage","@id":"https:\/\/tiketi.com\/companies\/buses\/2nk-shuttle-sacco\/","url":"https:\/\/tiketi.com\/companies\/buses\/2nk-shuttle-sacco\/","name":"2NK Shuttle R\u00e9servation en ligne, Billets de bus, Horaires, Trajets &amp; Tarifs - Tiketi.com","isPartOf":{"@id":"https:\/\/tiketi.com\/#website"},"primaryImageOfPage":{"@id":"https:\/\/tiketi.com\/companies\/buses\/2nk-shuttle-sacco\/#primaryimage"},"image":{"@id":"https:\/\/tiketi.com\/companies\/buses\/2nk-shuttle-sacco\/#primaryimage"},"thumbnailUrl":"https:\/\/tiketi.com\/wp-content\/uploads\/2022\/01\/bus-ticket-online-booking.jpg","datePublished":"2023-02-15T11:57:55+00:00","dateModified":"2023-02-15T12:40:03+00:00","description":"Vous recherchez une r\u00e9servation en ligne 2NK Shuttle Kenya, une application, un contact, des itin\u00e9raires de bus, des tarifs et des horaires? Faites une r\u00e9servation en ligne de billets 2NK Shuttle Sacco maintenant","breadcrumb":{"@id":"https:\/\/tiketi.com\/companies\/buses\/2nk-shuttle-sacco\/#breadcrumb"},"inLanguage":"fr-FR","potentialAction":[{"@type":"ReadAction","target":["https:\/\/tiketi.com\/companies\/buses\/2nk-shuttle-sacco\/"]}]},{"@type":"ImageObject","inLanguage":"fr-FR","@id":"https:\/\/tiketi.com\/companies\/buses\/2nk-shuttle-sacco\/#primaryimage","url":"https:\/\/tiketi.com\/wp-content\/uploads\/2022\/01\/bus-ticket-online-booking.jpg","contentUrl":"https:\/\/tiketi.com\/wp-content\/uploads\/2022\/01\/bus-ticket-online-booking.jpg","width":1200,"height":206,"caption":"Online Bus Ticket Booking"},{"@type":"BreadcrumbList","@id":"https:\/\/tiketi.com\/companies\/buses\/2nk-shuttle-sacco\/#breadcrumb","itemListElement":[{"@type":"ListItem","position":1,"name":"Home","item":"https:\/\/tiketi.com\/"},{"@type":"ListItem","position":2,"name":"Companies","item":"https:\/\/tiketi.com\/companies\/"},{"@type":"ListItem","position":3,"name":"Buses","item":"https:\/\/tiketi.com\/companies\/buses\/"},{"@type":"ListItem","position":4,"name":"2NK Shuttle Online Booking, Bus Tickets, Schedule, Routes &#038; Fares"}]},{"@type":"WebSite","@id":"https:\/\/tiketi.com\/#website","url":"https:\/\/tiketi.com\/","name":"Billets d&#039;avion et de bus, forfaits touristiques et activit\u00e9s - Tiketi.com","description":"Billets d&#039;avion et de bus, Tours, Activit\u00e9s","publisher":{"@id":"https:\/\/tiketi.com\/#organization"},"potentialAction":[{"@type":"SearchAction","target":{"@type":"EntryPoint","urlTemplate":"https:\/\/tiketi.com\/?s={search_term_string}"},"query-input":{"@type":"PropertyValueSpecification","valueRequired":true,"valueName":"search_term_string"}}],"inLanguage":"fr-FR"},{"@type":"Organization","@id":"https:\/\/tiketi.com\/#organization","name":"Tiketi.com","alternateName":"Tiketi","url":"https:\/\/tiketi.com\/","logo":{"@type":"ImageObject","inLanguage":"fr-FR","@id":"https:\/\/tiketi.com\/#\/schema\/logo\/image\/","url":"https:\/\/tiketi.com\/wp-content\/uploads\/2019\/05\/tiketi-logo-696.png","contentUrl":"https:\/\/tiketi.com\/wp-content\/uploads\/2019\/05\/tiketi-logo-696.png","width":696,"height":696,"caption":"Tiketi.com"},"image":{"@id":"https:\/\/tiketi.com\/#\/schema\/logo\/image\/"},"sameAs":["https:\/\/www.facebook.com\/TiketiCom\/"]}]}},"_links":{"self":[{"href":"https:\/\/tiketi.com\/fr-fr\/wp-json\/wp\/v2\/pages\/26589","targetHints":{"allow":["GET"]}}],"collection":[{"href":"https:\/\/tiketi.com\/fr-fr\/wp-json\/wp\/v2\/pages"}],"about":[{"href":"https:\/\/tiketi.com\/fr-fr\/wp-json\/wp\/v2\/types\/page"}],"author":[{"embeddable":true,"href":"https:\/\/tiketi.com\/fr-fr\/wp-json\/wp\/v2\/users\/1"}],"replies":[{"embeddable":true,"href":"https:\/\/tiketi.com\/fr-fr\/wp-json\/wp\/v2\/comments?post=26589"}],"version-history":[{"count":0,"href":"https:\/\/tiketi.com\/fr-fr\/wp-json\/wp\/v2\/pages\/26589\/revisions"}],"up":[{"embeddable":true,"href":"https:\/\/tiketi.com\/fr-fr\/wp-json\/wp\/v2\/pages\/25524"}],"wp:featuredmedia":[{"embeddable":true,"href":"https:\/\/tiketi.com\/fr-fr\/wp-json\/wp\/v2\/media\/13999"}],"wp:attachment":[{"href":"https:\/\/tiketi.com\/fr-fr\/wp-json\/wp\/v2\/media?parent=26589"}],"curies":[{"name":"wp","href":"https:\/\/api.w.org\/{rel}","templated":true}]}}