{"id":26590,"date":"2023-02-15T13:56:15","date_gmt":"2023-02-15T12:56:15","guid":{"rendered":"https:\/\/tiketi.com\/?page_id=26590"},"modified":"2023-02-15T14:05:09","modified_gmt":"2023-02-15T13:05:09","slug":"alpha-bus-online-booking-bus-tickets-schedule-routes-fares","status":"publish","type":"page","link":"https:\/\/tiketi.com\/fr-fr\/companies\/buses\/alpha-bus-online-booking-bus-tickets-schedule-routes-fares\/","title":{"rendered":"R\u00e9servation en ligne Alpha Bus, billets de bus, horaires, itin\u00e9raires et tarifs"},"content":{"rendered":"<h2>R\u00e9servation de billets en ligne Alpha Bus<\/h2>\n<h3>D\u00e9couvrez votre itin\u00e9raire de voyage sur le Web, le mobile ou l&#039;application et r\u00e9servez d\u00e8s maintenant vos billets en ligne Alpha Bus \u00e0 bas prix.<\/h3>\n<p>La r\u00e9servation en ligne d&#039;Alpha Bus au Kenya en toute simplicit\u00e9. Alpha bus est une soci\u00e9t\u00e9 de transport de passagers bas\u00e9e \u00e0 Eastleigh \u00e0 Nairobi qui g\u00e8re une flotte \u00e9l\u00e9gante et moderne au Kenya pour votre voyage relaxant. Faites la r\u00e9servation de billets en ligne Alpha Bus et \u00e9conomisez de l&#039;argent et du temps.<\/p>\n<h2>R\u00e9servation en ligne Alpha Bus Kenya, billets de bus, horaires, itin\u00e9raires et tarifs FAQ<\/h2>\n<h3>Quelles sont les lignes de bus Alpha Bus les plus c\u00e9l\u00e8bres au quotidien ?<\/h3>\n<p>Les lignes de bus en direct de l&#039;entreprise<br \/>\n\u2022 Garissa \u00e0 Nairobi<br \/>\n\u2022 Nariorbi \u00e0 Garissa<\/p>\n<h3>Ligne de flotte de la compagnie de bus Alpha<\/h3>\n<p>L&#039;entreprise poss\u00e8de et exploite de nouveaux bus Yutong chinois import\u00e9s pour leurs itin\u00e9raires de Nairobi \u00e0 Garissa et est la premi\u00e8re entreprise \u00e0 exploiter ce type de bus sur l&#039;itin\u00e9raire.<\/p>\n<p>Leurs bus offrent une large gamme de services et d&#039;\u00e9quipements \u00e0 bord pour votre voyage relaxant, voici quelques-unes de ces caract\u00e9ristiques et services\u00a0:<\/p>\n<p>\u2022 Wi-Fi gratuit pour vos smartphones<br \/>\n\u2022 Divertissement audiovisuel<br \/>\n\u2022 2 X 2 si\u00e8ges inclinables confortables<br \/>\n\u2022 Syst\u00e8mes de charge USB<br \/>\n\u2022 Lampes de lecture et haut-parleurs au plafond<br \/>\n\u2022 Compartiment \u00e0 bagages sup\u00e9rieur<br \/>\n\u2022 Grand espace pour les jambes pour votre voyage relaxant<\/p>\n<p>Leurs bus sont \u00e9quip\u00e9s d&#039;un climatiseur pour l&#039;air frais et d&#039;un mini-r\u00e9frig\u00e9rateur permettant de fournir au passager des boissons fra\u00eeches.<\/p>\n<h3>Ligne de service d&#039;autobus Alpha<\/h3>\n<p>L&#039;entreprise offre un service de transport public quotidien de passagers depuis la ville d&#039;affaires et la capitale Nairobi jusqu&#039;\u00e0 la province du nord-est de Garissa.<\/p>\n<p>L&#039;entreprise apporte une grande innovation dans le transport de passagers sur cette route avec ses nouveaux bus import\u00e9s de Chine. Les visiteurs disposent d\u00e9sormais d&#039;une large gamme de services et de fonctionnalit\u00e9s \u00e0 bord.<\/p>\n<p>Ils offrent \u00e9galement des services de transport de colis aux deux endroits et \u00e0 des prix abordables en fonction de la taille et de la nature.<\/p>\n<p>La r\u00e9servation de billets de bus Alpha peut \u00eatre effectu\u00e9e \u00e0 leur bureau situ\u00e9 dans chaque terminal de bus ainsi qu&#039;aux arr\u00eats de bus plac\u00e9s sur leurs itin\u00e9raires entre les 2 comt\u00e9s.<\/p>\n<h3>Quelles sont les coordonn\u00e9es des bureaux de r\u00e9servation Alpha Bus ?<\/h3>\n<p>Coordonn\u00e9es du bureau des coachs Alpha<br \/>\nGarissa et Nairobi<\/p>\n<h2>Conseils de r\u00e9servation de billets en ligne Alpha Bus<\/h2>\n<p>La soci\u00e9t\u00e9 est enregistr\u00e9e sous Grand bus sacco et g\u00e8re sa flotte sur la route Nairobi-Garissa avec un horaire quotidien dans les deux pays.<\/p>\n<p>C&#039;est l&#039;une des rares entreprises \u00e0 exploiter des bus chinois import\u00e9s au Kenya.<\/p>","protected":false},"excerpt":{"rendered":"<p>Alpha Bus Online Ticket Booking Discover your travel route on web, mobile or app and do cheap Alpha Bus online ticket booking now. Alpha Bus online booking Kenya made easy. Alpha bus is a Eastleigh based passenger transportation firm in Nairobi which runs a stylish and modern fleet in Kenya for your relax travel. Do [&hellip;]<\/p>\n","protected":false},"author":1,"featured_media":13999,"parent":25524,"menu_order":0,"comment_status":"closed","ping_status":"closed","template":"template-home-modern.php","meta":{"footnotes":""},"class_list":["post-26590","page","type-page","status-publish","has-post-thumbnail","hentry"],"yoast_head":"<!-- This site is optimized with the Yoast SEO plugin v27.3 - https:\/\/yoast.com\/product\/yoast-seo-wordpress\/ -->\n<title>Alpha Bus Online Booking, Bus Tickets, Schedule, Routes &amp; Fares - Tiketi.com<\/title>\n<meta name=\"description\" content=\"Looking for Alpha bus online booking Kenya Kenya, app, contact, bus routes, fares and schedule timing? Make a Transline Coaches online bus ticket booking now\" \/>\n<meta name=\"robots\" content=\"index, follow, max-snippet:-1, max-image-preview:large, max-video-preview:-1\" \/>\n<link rel=\"canonical\" href=\"https:\/\/tiketi.com\/fr-fr\/companies\/buses\/alpha-bus-online-booking-bus-tickets-schedule-routes-fares\/\" \/>\n<meta property=\"og:locale\" content=\"fr_FR\" \/>\n<meta property=\"og:type\" content=\"article\" \/>\n<meta property=\"og:title\" content=\"Alpha Bus Online Booking, Bus Tickets, Schedule, Routes &amp; Fares - Tiketi.com\" \/>\n<meta property=\"og:description\" content=\"Looking for Alpha bus online booking Kenya Kenya, app, contact, bus routes, fares and schedule timing? Make a Transline Coaches online bus ticket booking now\" \/>\n<meta property=\"og:url\" content=\"https:\/\/tiketi.com\/fr-fr\/companies\/buses\/alpha-bus-online-booking-bus-tickets-schedule-routes-fares\/\" \/>\n<meta property=\"og:site_name\" content=\"Tiketi.com\" \/>\n<meta property=\"article:publisher\" content=\"https:\/\/www.facebook.com\/TiketiCom\/\" \/>\n<meta property=\"article:modified_time\" content=\"2023-02-15T13:05:09+00:00\" \/>\n<meta property=\"og:image\" content=\"https:\/\/tiketi.com\/wp-content\/uploads\/2022\/01\/bus-ticket-online-booking.jpg\" \/>\n\t<meta property=\"og:image:width\" content=\"1200\" \/>\n\t<meta property=\"og:image:height\" content=\"206\" \/>\n\t<meta property=\"og:image:type\" content=\"image\/jpeg\" \/>\n<meta name=\"twitter:card\" content=\"summary_large_image\" \/>\n<meta name=\"twitter:label1\" content=\"Dur\u00e9e de lecture estim\u00e9e\" \/>\n\t<meta name=\"twitter:data1\" content=\"2 minutes\" \/>\n<script type=\"application\/ld+json\" class=\"yoast-schema-graph\">{\"@context\":\"https:\\\/\\\/schema.org\",\"@graph\":[{\"@type\":\"WebPage\",\"@id\":\"https:\\\/\\\/tiketi.com\\\/companies\\\/buses\\\/alpha-bus-online-booking-bus-tickets-schedule-routes-fares\\\/\",\"url\":\"https:\\\/\\\/tiketi.com\\\/companies\\\/buses\\\/alpha-bus-online-booking-bus-tickets-schedule-routes-fares\\\/\",\"name\":\"Alpha Bus Online Booking, Bus Tickets, Schedule, Routes & Fares - Tiketi.com\",\"isPartOf\":{\"@id\":\"https:\\\/\\\/tiketi.com\\\/#website\"},\"primaryImageOfPage\":{\"@id\":\"https:\\\/\\\/tiketi.com\\\/companies\\\/buses\\\/alpha-bus-online-booking-bus-tickets-schedule-routes-fares\\\/#primaryimage\"},\"image\":{\"@id\":\"https:\\\/\\\/tiketi.com\\\/companies\\\/buses\\\/alpha-bus-online-booking-bus-tickets-schedule-routes-fares\\\/#primaryimage\"},\"thumbnailUrl\":\"https:\\\/\\\/tiketi.com\\\/wp-content\\\/uploads\\\/2022\\\/01\\\/bus-ticket-online-booking.jpg\",\"datePublished\":\"2023-02-15T12:56:15+00:00\",\"dateModified\":\"2023-02-15T13:05:09+00:00\",\"description\":\"Looking for Alpha bus online booking Kenya Kenya, app, contact, bus routes, fares and schedule timing? Make a Transline Coaches online bus ticket booking now\",\"breadcrumb\":{\"@id\":\"https:\\\/\\\/tiketi.com\\\/companies\\\/buses\\\/alpha-bus-online-booking-bus-tickets-schedule-routes-fares\\\/#breadcrumb\"},\"inLanguage\":\"fr-FR\",\"potentialAction\":[{\"@type\":\"ReadAction\",\"target\":[\"https:\\\/\\\/tiketi.com\\\/companies\\\/buses\\\/alpha-bus-online-booking-bus-tickets-schedule-routes-fares\\\/\"]}]},{\"@type\":\"ImageObject\",\"inLanguage\":\"fr-FR\",\"@id\":\"https:\\\/\\\/tiketi.com\\\/companies\\\/buses\\\/alpha-bus-online-booking-bus-tickets-schedule-routes-fares\\\/#primaryimage\",\"url\":\"https:\\\/\\\/tiketi.com\\\/wp-content\\\/uploads\\\/2022\\\/01\\\/bus-ticket-online-booking.jpg\",\"contentUrl\":\"https:\\\/\\\/tiketi.com\\\/wp-content\\\/uploads\\\/2022\\\/01\\\/bus-ticket-online-booking.jpg\",\"width\":1200,\"height\":206,\"caption\":\"Online Bus Ticket Booking\"},{\"@type\":\"BreadcrumbList\",\"@id\":\"https:\\\/\\\/tiketi.com\\\/companies\\\/buses\\\/alpha-bus-online-booking-bus-tickets-schedule-routes-fares\\\/#breadcrumb\",\"itemListElement\":[{\"@type\":\"ListItem\",\"position\":1,\"name\":\"Home\",\"item\":\"https:\\\/\\\/tiketi.com\\\/\"},{\"@type\":\"ListItem\",\"position\":2,\"name\":\"Companies\",\"item\":\"https:\\\/\\\/tiketi.com\\\/companies\\\/\"},{\"@type\":\"ListItem\",\"position\":3,\"name\":\"Buses\",\"item\":\"https:\\\/\\\/tiketi.com\\\/companies\\\/buses\\\/\"},{\"@type\":\"ListItem\",\"position\":4,\"name\":\"Alpha Bus Online Booking, Bus Tickets, Schedule, Routes &#038; Fares\"}]},{\"@type\":\"WebSite\",\"@id\":\"https:\\\/\\\/tiketi.com\\\/#website\",\"url\":\"https:\\\/\\\/tiketi.com\\\/\",\"name\":\"Flight & Bus Tickets, Tour Packages & Activitites - Tiketi.com\",\"description\":\"Flight &amp; Bus Tickets, Tours, Activitites\",\"publisher\":{\"@id\":\"https:\\\/\\\/tiketi.com\\\/#organization\"},\"potentialAction\":[{\"@type\":\"SearchAction\",\"target\":{\"@type\":\"EntryPoint\",\"urlTemplate\":\"https:\\\/\\\/tiketi.com\\\/?s={search_term_string}\"},\"query-input\":{\"@type\":\"PropertyValueSpecification\",\"valueRequired\":true,\"valueName\":\"search_term_string\"}}],\"inLanguage\":\"fr-FR\"},{\"@type\":\"Organization\",\"@id\":\"https:\\\/\\\/tiketi.com\\\/#organization\",\"name\":\"Tiketi.com\",\"alternateName\":\"Tiketi\",\"url\":\"https:\\\/\\\/tiketi.com\\\/\",\"logo\":{\"@type\":\"ImageObject\",\"inLanguage\":\"fr-FR\",\"@id\":\"https:\\\/\\\/tiketi.com\\\/#\\\/schema\\\/logo\\\/image\\\/\",\"url\":\"https:\\\/\\\/tiketi.com\\\/wp-content\\\/uploads\\\/2019\\\/05\\\/tiketi-logo-696.png\",\"contentUrl\":\"https:\\\/\\\/tiketi.com\\\/wp-content\\\/uploads\\\/2019\\\/05\\\/tiketi-logo-696.png\",\"width\":696,\"height\":696,\"caption\":\"Tiketi.com\"},\"image\":{\"@id\":\"https:\\\/\\\/tiketi.com\\\/#\\\/schema\\\/logo\\\/image\\\/\"},\"sameAs\":[\"https:\\\/\\\/www.facebook.com\\\/TiketiCom\\\/\"]}]}<\/script>\n<!-- \/ Yoast SEO plugin. -->","yoast_head_json":{"title":"Alpha Bus R\u00e9servation en ligne, Billets de bus, Horaires, Trajets &amp; Tarifs - Tiketi.com","description":"Vous recherchez la r\u00e9servation en ligne de bus Alpha Kenya Kenya, l&#039;application, les contacts, les itin\u00e9raires de bus, les tarifs et les horaires? Faites une r\u00e9servation de billet de bus en ligne Transline Coaches maintenant","robots":{"index":"index","follow":"follow","max-snippet":"max-snippet:-1","max-image-preview":"max-image-preview:large","max-video-preview":"max-video-preview:-1"},"canonical":"https:\/\/tiketi.com\/fr-fr\/companies\/buses\/alpha-bus-online-booking-bus-tickets-schedule-routes-fares\/","og_locale":"fr_FR","og_type":"article","og_title":"Alpha Bus Online Booking, Bus Tickets, Schedule, Routes & Fares - Tiketi.com","og_description":"Looking for Alpha bus online booking Kenya Kenya, app, contact, bus routes, fares and schedule timing? Make a Transline Coaches online bus ticket booking now","og_url":"https:\/\/tiketi.com\/fr-fr\/companies\/buses\/alpha-bus-online-booking-bus-tickets-schedule-routes-fares\/","og_site_name":"Tiketi.com","article_publisher":"https:\/\/www.facebook.com\/TiketiCom\/","article_modified_time":"2023-02-15T13:05:09+00:00","og_image":[{"width":1200,"height":206,"url":"https:\/\/tiketi.com\/wp-content\/uploads\/2022\/01\/bus-ticket-online-booking.jpg","type":"image\/jpeg"}],"twitter_card":"summary_large_image","twitter_misc":{"Dur\u00e9e de lecture estim\u00e9e":"2 minutes"},"schema":{"@context":"https:\/\/schema.org","@graph":[{"@type":"WebPage","@id":"https:\/\/tiketi.com\/companies\/buses\/alpha-bus-online-booking-bus-tickets-schedule-routes-fares\/","url":"https:\/\/tiketi.com\/companies\/buses\/alpha-bus-online-booking-bus-tickets-schedule-routes-fares\/","name":"Alpha Bus R\u00e9servation en ligne, Billets de bus, Horaires, Trajets &amp; Tarifs - Tiketi.com","isPartOf":{"@id":"https:\/\/tiketi.com\/#website"},"primaryImageOfPage":{"@id":"https:\/\/tiketi.com\/companies\/buses\/alpha-bus-online-booking-bus-tickets-schedule-routes-fares\/#primaryimage"},"image":{"@id":"https:\/\/tiketi.com\/companies\/buses\/alpha-bus-online-booking-bus-tickets-schedule-routes-fares\/#primaryimage"},"thumbnailUrl":"https:\/\/tiketi.com\/wp-content\/uploads\/2022\/01\/bus-ticket-online-booking.jpg","datePublished":"2023-02-15T12:56:15+00:00","dateModified":"2023-02-15T13:05:09+00:00","description":"Vous recherchez la r\u00e9servation en ligne de bus Alpha Kenya Kenya, l&#039;application, les contacts, les itin\u00e9raires de bus, les tarifs et les horaires? Faites une r\u00e9servation de billet de bus en ligne Transline Coaches maintenant","breadcrumb":{"@id":"https:\/\/tiketi.com\/companies\/buses\/alpha-bus-online-booking-bus-tickets-schedule-routes-fares\/#breadcrumb"},"inLanguage":"fr-FR","potentialAction":[{"@type":"ReadAction","target":["https:\/\/tiketi.com\/companies\/buses\/alpha-bus-online-booking-bus-tickets-schedule-routes-fares\/"]}]},{"@type":"ImageObject","inLanguage":"fr-FR","@id":"https:\/\/tiketi.com\/companies\/buses\/alpha-bus-online-booking-bus-tickets-schedule-routes-fares\/#primaryimage","url":"https:\/\/tiketi.com\/wp-content\/uploads\/2022\/01\/bus-ticket-online-booking.jpg","contentUrl":"https:\/\/tiketi.com\/wp-content\/uploads\/2022\/01\/bus-ticket-online-booking.jpg","width":1200,"height":206,"caption":"Online Bus Ticket Booking"},{"@type":"BreadcrumbList","@id":"https:\/\/tiketi.com\/companies\/buses\/alpha-bus-online-booking-bus-tickets-schedule-routes-fares\/#breadcrumb","itemListElement":[{"@type":"ListItem","position":1,"name":"Home","item":"https:\/\/tiketi.com\/"},{"@type":"ListItem","position":2,"name":"Companies","item":"https:\/\/tiketi.com\/companies\/"},{"@type":"ListItem","position":3,"name":"Buses","item":"https:\/\/tiketi.com\/companies\/buses\/"},{"@type":"ListItem","position":4,"name":"Alpha Bus Online Booking, Bus Tickets, Schedule, Routes &#038; Fares"}]},{"@type":"WebSite","@id":"https:\/\/tiketi.com\/#website","url":"https:\/\/tiketi.com\/","name":"Billets d&#039;avion et de bus, forfaits touristiques et activit\u00e9s - Tiketi.com","description":"Billets d&#039;avion et de bus, Tours, Activit\u00e9s","publisher":{"@id":"https:\/\/tiketi.com\/#organization"},"potentialAction":[{"@type":"SearchAction","target":{"@type":"EntryPoint","urlTemplate":"https:\/\/tiketi.com\/?s={search_term_string}"},"query-input":{"@type":"PropertyValueSpecification","valueRequired":true,"valueName":"search_term_string"}}],"inLanguage":"fr-FR"},{"@type":"Organization","@id":"https:\/\/tiketi.com\/#organization","name":"Tiketi.com","alternateName":"Tiketi","url":"https:\/\/tiketi.com\/","logo":{"@type":"ImageObject","inLanguage":"fr-FR","@id":"https:\/\/tiketi.com\/#\/schema\/logo\/image\/","url":"https:\/\/tiketi.com\/wp-content\/uploads\/2019\/05\/tiketi-logo-696.png","contentUrl":"https:\/\/tiketi.com\/wp-content\/uploads\/2019\/05\/tiketi-logo-696.png","width":696,"height":696,"caption":"Tiketi.com"},"image":{"@id":"https:\/\/tiketi.com\/#\/schema\/logo\/image\/"},"sameAs":["https:\/\/www.facebook.com\/TiketiCom\/"]}]}},"_links":{"self":[{"href":"https:\/\/tiketi.com\/fr-fr\/wp-json\/wp\/v2\/pages\/26590","targetHints":{"allow":["GET"]}}],"collection":[{"href":"https:\/\/tiketi.com\/fr-fr\/wp-json\/wp\/v2\/pages"}],"about":[{"href":"https:\/\/tiketi.com\/fr-fr\/wp-json\/wp\/v2\/types\/page"}],"author":[{"embeddable":true,"href":"https:\/\/tiketi.com\/fr-fr\/wp-json\/wp\/v2\/users\/1"}],"replies":[{"embeddable":true,"href":"https:\/\/tiketi.com\/fr-fr\/wp-json\/wp\/v2\/comments?post=26590"}],"version-history":[{"count":0,"href":"https:\/\/tiketi.com\/fr-fr\/wp-json\/wp\/v2\/pages\/26590\/revisions"}],"up":[{"embeddable":true,"href":"https:\/\/tiketi.com\/fr-fr\/wp-json\/wp\/v2\/pages\/25524"}],"wp:featuredmedia":[{"embeddable":true,"href":"https:\/\/tiketi.com\/fr-fr\/wp-json\/wp\/v2\/media\/13999"}],"wp:attachment":[{"href":"https:\/\/tiketi.com\/fr-fr\/wp-json\/wp\/v2\/media?parent=26590"}],"curies":[{"name":"wp","href":"https:\/\/api.w.org\/{rel}","templated":true}]}}