{"id":26591,"date":"2023-02-15T13:41:51","date_gmt":"2023-02-15T12:41:51","guid":{"rendered":"https:\/\/tiketi.com\/?page_id=26591"},"modified":"2023-02-15T14:04:54","modified_gmt":"2023-02-15T13:04:54","slug":"aifola-express-bus","status":"publish","type":"page","link":"https:\/\/tiketi.com\/fr-fr\/companies\/buses\/aifola-express-bus\/","title":{"rendered":"R\u00e9servation en ligne Aifola Express, billets de bus, horaires, itin\u00e9raires et tarifs"},"content":{"rendered":"<h2>R\u00e9servation de billets de bus en ligne Aifola Express<\/h2>\n<h3>D\u00e9couvrez votre itin\u00e9raire de voyage sur le web, le mobile ou l&#039;application et r\u00e9servez d\u00e8s maintenant vos billets de bus en ligne Aifola Express pas chers.<\/h3>\n<p>La r\u00e9servation en ligne d&#039;Aifola Express au Kenya en toute simplicit\u00e9. Aifola express est une soci\u00e9t\u00e9 de transport de passagers enregistr\u00e9e bas\u00e9e \u00e0 Dar es Salaam. C&#039;est l&#039;une des compagnies de bus les plus c\u00e9l\u00e8bres pour la route de Dar \u00e0 Kigoma via Tabora et Dodoma. Faites la r\u00e9servation de billets de bus en ligne Aifola Express et \u00e9conomisez de l&#039;argent et du temps.<\/p>\n<h2>R\u00e9servation en ligne Aifola Express Kenya, billets de bus, horaires, itin\u00e9raires et tarifs FAQ<\/h2>\n<h3>Quelles sont les lignes de bus Aifola Express les plus c\u00e9l\u00e8bres au quotidien ?<\/h3>\n<p>Les lignes de bus Aifola Express sont :<\/p>\n<p>\u2022 Dar es Salam \u00e0 Tabora<br \/>\n\u2022 Dar es Salam \u00e0 Kigoma<br \/>\n\u2022 Dar es Salam \u00e0 Dododma<br \/>\n\u2022 Dar es Salam \u00e0 Morogoro<\/p>\n<h3>Caract\u00e9ristiques de la flotte de bus express Aifola<\/h3>\n<p>Actuellement, Aifola est l&#039;une des rares entreprises de bus en Tanzanie \u00e0 poss\u00e9der un grand nombre de bus dans leur flotte. Leur liste contient Kinglong, Chinese Hger, Yutong et de nombreuses autres marques.<\/p>\n<p>Tous les bus de l&#039;entreprise ont \u00e9t\u00e9 con\u00e7us avec des caract\u00e9ristiques sp\u00e9ciales et personnalis\u00e9es pour rendre votre visite si fra\u00eeche, certains d&#039;entre eux sont comme suit\u00a0:<\/p>\n<p><strong>D\u00e9tendez-vous assis<\/strong><\/p>\n<p>La majorit\u00e9 de leurs autocars sont \u00e9quip\u00e9s de si\u00e8ges relaxants et d&#039;un repose-pieds pratique, vous permettant ainsi de trouver le meilleur endroit pour vous d\u00e9tendre.<\/p>\n<p><strong>Wifi gratuit<\/strong><\/p>\n<p>Obtenez une connexion Wi-Fi gratuite chaque fois que vous voyagez avec Alifola, partagez vos moments de voyage avec vos amis et votre famille.<\/p>\n<p><strong>Air conditionn\u00e9<\/strong><\/p>\n<p>Tous leurs autocars sont \u00e9quip\u00e9s d&#039;une climatisation \u00e9tonnamment contr\u00f4l\u00e9e ainsi que d&#039;un chauffage efficace pour garder les passagers d&#039;Aifola express au chaud pendant la saison hivernale.<\/p>\n<p><strong>De confiance<\/strong><\/p>\n<p>Ils sont heureux d&#039;assurer votre voyage en toute s\u00e9curit\u00e9.<\/p>\n<p><strong>Service client<\/strong><\/p>\n<p>Ils sont toujours mis notre client en premier en r\u00e9agissant \u00e0 toute requ\u00eate.<\/p>\n<h3>Quelles sont les coordonn\u00e9es des bureaux de r\u00e9servation Aifola Express ?<\/h3>\n<p>Le si\u00e8ge social est \u00e0 Dar es Salaam.<\/p>\n<h2>Conseils de r\u00e9servation de billets de bus en ligne Aifola Express<\/h2>\n<p>Ils ont une meilleure gestion pour prendre soin de leur entreprise et de leurs clients. Le meilleur traitement pour leurs clients est leur principale priorit\u00e9.<\/p>\n<p>Chez l&#039;entreprise de bus Aifola, la valeur d&#039;un bon service leur importe plus que la valeur de l&#039;argent pour leurs clients.<\/p>","protected":false},"excerpt":{"rendered":"<p>Aifola Express Online Bus Ticket Booking Discover your travel route on web, mobile or app and do cheap Aifola Express online bus ticket booking now. Aifola Express online booking Kenya made easy. Aifola express is a passenger transportation firm registered which is based in Dar es Salaam city. It is one among the famous bus [&hellip;]<\/p>\n","protected":false},"author":1,"featured_media":13999,"parent":25524,"menu_order":0,"comment_status":"closed","ping_status":"closed","template":"template-home-modern.php","meta":{"footnotes":""},"class_list":["post-26591","page","type-page","status-publish","has-post-thumbnail","hentry"],"yoast_head":"<!-- This site is optimized with the Yoast SEO plugin v27.3 - https:\/\/yoast.com\/product\/yoast-seo-wordpress\/ -->\n<title>Aifola Express Online Booking, Bus Tickets, Schedule, Routes &amp; Fares - Tiketi.com<\/title>\n<meta name=\"description\" content=\"Looking for Aifola Express Online Booking Kenya, app, contact, bus routes, fares and schedule timing? Make a Transline Coaches online bus ticket booking now\" \/>\n<meta name=\"robots\" content=\"index, follow, max-snippet:-1, max-image-preview:large, max-video-preview:-1\" \/>\n<link rel=\"canonical\" href=\"https:\/\/tiketi.com\/fr-fr\/companies\/buses\/aifola-express-bus\/\" \/>\n<meta property=\"og:locale\" content=\"fr_FR\" \/>\n<meta property=\"og:type\" content=\"article\" \/>\n<meta property=\"og:title\" content=\"Aifola Express Online Booking, Bus Tickets, Schedule, Routes &amp; Fares - Tiketi.com\" \/>\n<meta property=\"og:description\" content=\"Looking for Aifola Express Online Booking Kenya, app, contact, bus routes, fares and schedule timing? Make a Transline Coaches online bus ticket booking now\" \/>\n<meta property=\"og:url\" content=\"https:\/\/tiketi.com\/fr-fr\/companies\/buses\/aifola-express-bus\/\" \/>\n<meta property=\"og:site_name\" content=\"Tiketi.com\" \/>\n<meta property=\"article:publisher\" content=\"https:\/\/www.facebook.com\/TiketiCom\/\" \/>\n<meta property=\"article:modified_time\" content=\"2023-02-15T13:04:54+00:00\" \/>\n<meta property=\"og:image\" content=\"https:\/\/tiketi.com\/wp-content\/uploads\/2022\/01\/bus-ticket-online-booking.jpg\" \/>\n\t<meta property=\"og:image:width\" content=\"1200\" \/>\n\t<meta property=\"og:image:height\" content=\"206\" \/>\n\t<meta property=\"og:image:type\" content=\"image\/jpeg\" \/>\n<meta name=\"twitter:card\" content=\"summary_large_image\" \/>\n<meta name=\"twitter:label1\" content=\"Dur\u00e9e de lecture estim\u00e9e\" \/>\n\t<meta name=\"twitter:data1\" content=\"2 minutes\" \/>\n<script type=\"application\/ld+json\" class=\"yoast-schema-graph\">{\"@context\":\"https:\\\/\\\/schema.org\",\"@graph\":[{\"@type\":\"WebPage\",\"@id\":\"https:\\\/\\\/tiketi.com\\\/companies\\\/buses\\\/aifola-express-bus\\\/\",\"url\":\"https:\\\/\\\/tiketi.com\\\/companies\\\/buses\\\/aifola-express-bus\\\/\",\"name\":\"Aifola Express Online Booking, Bus Tickets, Schedule, Routes & Fares - Tiketi.com\",\"isPartOf\":{\"@id\":\"https:\\\/\\\/tiketi.com\\\/#website\"},\"primaryImageOfPage\":{\"@id\":\"https:\\\/\\\/tiketi.com\\\/companies\\\/buses\\\/aifola-express-bus\\\/#primaryimage\"},\"image\":{\"@id\":\"https:\\\/\\\/tiketi.com\\\/companies\\\/buses\\\/aifola-express-bus\\\/#primaryimage\"},\"thumbnailUrl\":\"https:\\\/\\\/tiketi.com\\\/wp-content\\\/uploads\\\/2022\\\/01\\\/bus-ticket-online-booking.jpg\",\"datePublished\":\"2023-02-15T12:41:51+00:00\",\"dateModified\":\"2023-02-15T13:04:54+00:00\",\"description\":\"Looking for Aifola Express Online Booking Kenya, app, contact, bus routes, fares and schedule timing? Make a Transline Coaches online bus ticket booking now\",\"breadcrumb\":{\"@id\":\"https:\\\/\\\/tiketi.com\\\/companies\\\/buses\\\/aifola-express-bus\\\/#breadcrumb\"},\"inLanguage\":\"fr-FR\",\"potentialAction\":[{\"@type\":\"ReadAction\",\"target\":[\"https:\\\/\\\/tiketi.com\\\/companies\\\/buses\\\/aifola-express-bus\\\/\"]}]},{\"@type\":\"ImageObject\",\"inLanguage\":\"fr-FR\",\"@id\":\"https:\\\/\\\/tiketi.com\\\/companies\\\/buses\\\/aifola-express-bus\\\/#primaryimage\",\"url\":\"https:\\\/\\\/tiketi.com\\\/wp-content\\\/uploads\\\/2022\\\/01\\\/bus-ticket-online-booking.jpg\",\"contentUrl\":\"https:\\\/\\\/tiketi.com\\\/wp-content\\\/uploads\\\/2022\\\/01\\\/bus-ticket-online-booking.jpg\",\"width\":1200,\"height\":206,\"caption\":\"Online Bus Ticket Booking\"},{\"@type\":\"BreadcrumbList\",\"@id\":\"https:\\\/\\\/tiketi.com\\\/companies\\\/buses\\\/aifola-express-bus\\\/#breadcrumb\",\"itemListElement\":[{\"@type\":\"ListItem\",\"position\":1,\"name\":\"Home\",\"item\":\"https:\\\/\\\/tiketi.com\\\/\"},{\"@type\":\"ListItem\",\"position\":2,\"name\":\"Companies\",\"item\":\"https:\\\/\\\/tiketi.com\\\/companies\\\/\"},{\"@type\":\"ListItem\",\"position\":3,\"name\":\"Buses\",\"item\":\"https:\\\/\\\/tiketi.com\\\/companies\\\/buses\\\/\"},{\"@type\":\"ListItem\",\"position\":4,\"name\":\"Aifola Express Online Booking, Bus Tickets, Schedule, Routes &#038; Fares\"}]},{\"@type\":\"WebSite\",\"@id\":\"https:\\\/\\\/tiketi.com\\\/#website\",\"url\":\"https:\\\/\\\/tiketi.com\\\/\",\"name\":\"Flight & Bus Tickets, Tour Packages & Activitites - Tiketi.com\",\"description\":\"Flight &amp; Bus Tickets, Tours, Activitites\",\"publisher\":{\"@id\":\"https:\\\/\\\/tiketi.com\\\/#organization\"},\"potentialAction\":[{\"@type\":\"SearchAction\",\"target\":{\"@type\":\"EntryPoint\",\"urlTemplate\":\"https:\\\/\\\/tiketi.com\\\/?s={search_term_string}\"},\"query-input\":{\"@type\":\"PropertyValueSpecification\",\"valueRequired\":true,\"valueName\":\"search_term_string\"}}],\"inLanguage\":\"fr-FR\"},{\"@type\":\"Organization\",\"@id\":\"https:\\\/\\\/tiketi.com\\\/#organization\",\"name\":\"Tiketi.com\",\"alternateName\":\"Tiketi\",\"url\":\"https:\\\/\\\/tiketi.com\\\/\",\"logo\":{\"@type\":\"ImageObject\",\"inLanguage\":\"fr-FR\",\"@id\":\"https:\\\/\\\/tiketi.com\\\/#\\\/schema\\\/logo\\\/image\\\/\",\"url\":\"https:\\\/\\\/tiketi.com\\\/wp-content\\\/uploads\\\/2019\\\/05\\\/tiketi-logo-696.png\",\"contentUrl\":\"https:\\\/\\\/tiketi.com\\\/wp-content\\\/uploads\\\/2019\\\/05\\\/tiketi-logo-696.png\",\"width\":696,\"height\":696,\"caption\":\"Tiketi.com\"},\"image\":{\"@id\":\"https:\\\/\\\/tiketi.com\\\/#\\\/schema\\\/logo\\\/image\\\/\"},\"sameAs\":[\"https:\\\/\\\/www.facebook.com\\\/TiketiCom\\\/\"]}]}<\/script>\n<!-- \/ Yoast SEO plugin. -->","yoast_head_json":{"title":"R\u00e9servation en ligne Aifola Express, Billets de bus, Horaires, Trajets &amp; Tarifs - Tiketi.com","description":"Vous recherchez Aifola Express Online Booking Kenya, l&#039;application, le contact, les itin\u00e9raires de bus, les tarifs et les horaires? Faites une r\u00e9servation de billet de bus en ligne Transline Coaches maintenant","robots":{"index":"index","follow":"follow","max-snippet":"max-snippet:-1","max-image-preview":"max-image-preview:large","max-video-preview":"max-video-preview:-1"},"canonical":"https:\/\/tiketi.com\/fr-fr\/companies\/buses\/aifola-express-bus\/","og_locale":"fr_FR","og_type":"article","og_title":"Aifola Express Online Booking, Bus Tickets, Schedule, Routes & Fares - Tiketi.com","og_description":"Looking for Aifola Express Online Booking Kenya, app, contact, bus routes, fares and schedule timing? Make a Transline Coaches online bus ticket booking now","og_url":"https:\/\/tiketi.com\/fr-fr\/companies\/buses\/aifola-express-bus\/","og_site_name":"Tiketi.com","article_publisher":"https:\/\/www.facebook.com\/TiketiCom\/","article_modified_time":"2023-02-15T13:04:54+00:00","og_image":[{"width":1200,"height":206,"url":"https:\/\/tiketi.com\/wp-content\/uploads\/2022\/01\/bus-ticket-online-booking.jpg","type":"image\/jpeg"}],"twitter_card":"summary_large_image","twitter_misc":{"Dur\u00e9e de lecture estim\u00e9e":"2 minutes"},"schema":{"@context":"https:\/\/schema.org","@graph":[{"@type":"WebPage","@id":"https:\/\/tiketi.com\/companies\/buses\/aifola-express-bus\/","url":"https:\/\/tiketi.com\/companies\/buses\/aifola-express-bus\/","name":"R\u00e9servation en ligne Aifola Express, Billets de bus, Horaires, Trajets &amp; Tarifs - Tiketi.com","isPartOf":{"@id":"https:\/\/tiketi.com\/#website"},"primaryImageOfPage":{"@id":"https:\/\/tiketi.com\/companies\/buses\/aifola-express-bus\/#primaryimage"},"image":{"@id":"https:\/\/tiketi.com\/companies\/buses\/aifola-express-bus\/#primaryimage"},"thumbnailUrl":"https:\/\/tiketi.com\/wp-content\/uploads\/2022\/01\/bus-ticket-online-booking.jpg","datePublished":"2023-02-15T12:41:51+00:00","dateModified":"2023-02-15T13:04:54+00:00","description":"Vous recherchez Aifola Express Online Booking Kenya, l&#039;application, le contact, les itin\u00e9raires de bus, les tarifs et les horaires? Faites une r\u00e9servation de billet de bus en ligne Transline Coaches maintenant","breadcrumb":{"@id":"https:\/\/tiketi.com\/companies\/buses\/aifola-express-bus\/#breadcrumb"},"inLanguage":"fr-FR","potentialAction":[{"@type":"ReadAction","target":["https:\/\/tiketi.com\/companies\/buses\/aifola-express-bus\/"]}]},{"@type":"ImageObject","inLanguage":"fr-FR","@id":"https:\/\/tiketi.com\/companies\/buses\/aifola-express-bus\/#primaryimage","url":"https:\/\/tiketi.com\/wp-content\/uploads\/2022\/01\/bus-ticket-online-booking.jpg","contentUrl":"https:\/\/tiketi.com\/wp-content\/uploads\/2022\/01\/bus-ticket-online-booking.jpg","width":1200,"height":206,"caption":"Online Bus Ticket Booking"},{"@type":"BreadcrumbList","@id":"https:\/\/tiketi.com\/companies\/buses\/aifola-express-bus\/#breadcrumb","itemListElement":[{"@type":"ListItem","position":1,"name":"Home","item":"https:\/\/tiketi.com\/"},{"@type":"ListItem","position":2,"name":"Companies","item":"https:\/\/tiketi.com\/companies\/"},{"@type":"ListItem","position":3,"name":"Buses","item":"https:\/\/tiketi.com\/companies\/buses\/"},{"@type":"ListItem","position":4,"name":"Aifola Express Online Booking, Bus Tickets, Schedule, Routes &#038; Fares"}]},{"@type":"WebSite","@id":"https:\/\/tiketi.com\/#website","url":"https:\/\/tiketi.com\/","name":"Billets d&#039;avion et de bus, forfaits touristiques et activit\u00e9s - Tiketi.com","description":"Billets d&#039;avion et de bus, Tours, Activit\u00e9s","publisher":{"@id":"https:\/\/tiketi.com\/#organization"},"potentialAction":[{"@type":"SearchAction","target":{"@type":"EntryPoint","urlTemplate":"https:\/\/tiketi.com\/?s={search_term_string}"},"query-input":{"@type":"PropertyValueSpecification","valueRequired":true,"valueName":"search_term_string"}}],"inLanguage":"fr-FR"},{"@type":"Organization","@id":"https:\/\/tiketi.com\/#organization","name":"Tiketi.com","alternateName":"Tiketi","url":"https:\/\/tiketi.com\/","logo":{"@type":"ImageObject","inLanguage":"fr-FR","@id":"https:\/\/tiketi.com\/#\/schema\/logo\/image\/","url":"https:\/\/tiketi.com\/wp-content\/uploads\/2019\/05\/tiketi-logo-696.png","contentUrl":"https:\/\/tiketi.com\/wp-content\/uploads\/2019\/05\/tiketi-logo-696.png","width":696,"height":696,"caption":"Tiketi.com"},"image":{"@id":"https:\/\/tiketi.com\/#\/schema\/logo\/image\/"},"sameAs":["https:\/\/www.facebook.com\/TiketiCom\/"]}]}},"_links":{"self":[{"href":"https:\/\/tiketi.com\/fr-fr\/wp-json\/wp\/v2\/pages\/26591","targetHints":{"allow":["GET"]}}],"collection":[{"href":"https:\/\/tiketi.com\/fr-fr\/wp-json\/wp\/v2\/pages"}],"about":[{"href":"https:\/\/tiketi.com\/fr-fr\/wp-json\/wp\/v2\/types\/page"}],"author":[{"embeddable":true,"href":"https:\/\/tiketi.com\/fr-fr\/wp-json\/wp\/v2\/users\/1"}],"replies":[{"embeddable":true,"href":"https:\/\/tiketi.com\/fr-fr\/wp-json\/wp\/v2\/comments?post=26591"}],"version-history":[{"count":0,"href":"https:\/\/tiketi.com\/fr-fr\/wp-json\/wp\/v2\/pages\/26591\/revisions"}],"up":[{"embeddable":true,"href":"https:\/\/tiketi.com\/fr-fr\/wp-json\/wp\/v2\/pages\/25524"}],"wp:featuredmedia":[{"embeddable":true,"href":"https:\/\/tiketi.com\/fr-fr\/wp-json\/wp\/v2\/media\/13999"}],"wp:attachment":[{"href":"https:\/\/tiketi.com\/fr-fr\/wp-json\/wp\/v2\/media?parent=26591"}],"curies":[{"name":"wp","href":"https:\/\/api.w.org\/{rel}","templated":true}]}}