{"id":26592,"date":"2023-02-15T13:21:05","date_gmt":"2023-02-15T12:21:05","guid":{"rendered":"https:\/\/tiketi.com\/?page_id=26592"},"modified":"2023-02-15T13:52:41","modified_gmt":"2023-02-15T12:52:41","slug":"4nte-shuttle-sacco","status":"publish","type":"page","link":"https:\/\/tiketi.com\/fr-fr\/companies\/buses\/4nte-shuttle-sacco\/","title":{"rendered":"R\u00e9servation en ligne 4NTE, billets de bus, horaires, itin\u00e9raires et tarifs"},"content":{"rendered":"<h2>R\u00e9servation de billets en ligne 4NTE Shuttle Sacco<\/h2>\n<h3>D\u00e9couvrez votre itin\u00e9raire de voyage sur le web, le mobile ou l&#039;application et r\u00e9servez des billets en ligne 4NTE Shuttle Sacco \u00e0 bas prix d\u00e8s maintenant.<\/h3>\n<p>La r\u00e9servation en ligne 4NTE au Kenya en toute simplicit\u00e9. 4NTE Sacco est une entreprise de transport de passagers de Maatau dont le si\u00e8ge social est situ\u00e9 dans la ville de Nyahruru au nord-est de Nakuru. Le Sacco est l&#039;un des plus grands op\u00e9rateurs de matatu au service du pays. Il est le plus important d&#039;emprunter les routes Nairobi - Nyahuru - Nanyuki, bien qu&#039;elles se rendent dans de nombreuses autres r\u00e9gions du pays. Faites la r\u00e9servation de billets en ligne 4NTE Shuttle Sacco et \u00e9conomisez de l&#039;argent et du temps.<\/p>\n<h2>R\u00e9servation en ligne 4NTE Kenya, billets de bus, horaires, itin\u00e9raires et tarifs FAQ<\/h2>\n<h3>Quelles sont les lignes de bus 4NTE les plus c\u00e9l\u00e8bres au quotidien\u00a0?<\/h3>\n<p>Le Matatu sacco exploite divers itin\u00e9raires dans 3 comt\u00e9s :<\/p>\n<p>\u2022 Nyeri (couvrant Kerugoya, Embu, Thika, Kngema, Kutus, Karatina, Mwea et Nairobi)<br \/>\n\u2022 Nakuru (couvrant Eldoret, Naivasha, Kisumu et Kericho)<br \/>\n\u2022 Nyahruru (couvrant Rummuruti, Maralal, Isiolo, Nanyuki et Olkalou)<\/p>\n<h3>Ligne de flotte 4NTE Sacco Kenya<\/h3>\n<p>L&#039;entreprise poss\u00e8de et exploite le meilleur nombre de bus Min (navettes) dans leur liste qui offrent des colis quotidiens et le transfert de passagers au Kenya.<\/p>\n<p>Leur flotte contient un certain nombre de v\u00e9hicules de diff\u00e9rents fabricants, dont les soci\u00e9t\u00e9s Nissan et Toyota. Ceux-ci sont nouvellement import\u00e9s d&#039;Asie et d&#039;Europe.<\/p>\n<p>Ces navettes sont con\u00e7ues avec des caract\u00e9ristiques int\u00e9rieures d\u00e9contract\u00e9es pour vous offrir la meilleure exp\u00e9rience de voyage jusqu&#039;\u00e0 vos endroits dans le pays.<\/p>\n<p>Vous profiterez de la climatisation \u00e0 bord, du divertissement audiovisuel, du canap\u00e9, du syst\u00e8me de charge et de bien d&#039;autres fonctionnalit\u00e9s.<\/p>\n<h3>Ligne de service 4NTE Sacco Kenya<\/h3>\n<p>Le Sacco offre un service professionnel de transfert de passagers de la ville de Nyahururu vers d&#039;autres grandes villes du pays.<\/p>\n<p>Ils fournissent des services de transport quotidiens vers et depuis toutes les villes avec un horaire bien planifi\u00e9 pour vous offrir une meilleure chance de faire le bon voyage.<\/p>\n<p>4NTE offre \u00e9galement des services professionnels de livraison de colis \u00e0 toutes leurs stations recherch\u00e9es dans le pays.<\/p>\n<h3>Quelles sont les coordonn\u00e9es des billetteries 4NTE Shuttle Sacco ?<\/h3>\n<p>Sacco 4NTE<br \/>\nHeures d&#039;ouverture:<br \/>\nLundi-vendredi : 8h00-18h00<\/p>\n<p>Si\u00e8ge social<br \/>\n4N.TE SACCO Nyahururu, Kenya<\/p>\n<h2>Conseils de r\u00e9servation de billets en ligne 4NTE Shuttle Sacco<\/h2>\n<p>La soci\u00e9t\u00e9 a \u00e9t\u00e9 enregistr\u00e9e en tant que sacco de transport en 1992 avec une quarantaine de membres \u00e0 part enti\u00e8re issus de l&#039;association des propri\u00e9taires de Matatu, alors dissoute.<\/p>","protected":false},"excerpt":{"rendered":"<p>4NTE Shuttle Sacco online ticket booking Discover your travel route on web, mobile or app and do cheap 4NTE Shuttle Sacco online ticket booking now. 4NTE online booking Kenya made easy. 4NTE Sacco is a Maatau passenger transport firm with their head office in Nyahruru town North East of Nakuru. The Sacco is among the [&hellip;]<\/p>\n","protected":false},"author":1,"featured_media":13999,"parent":25524,"menu_order":0,"comment_status":"closed","ping_status":"closed","template":"template-home-modern.php","meta":{"footnotes":""},"class_list":["post-26592","page","type-page","status-publish","has-post-thumbnail","hentry"],"yoast_head":"<!-- This site is optimized with the Yoast SEO plugin v27.5 - https:\/\/yoast.com\/product\/yoast-seo-wordpress\/ -->\n<title>4NTE Online Booking, Bus Tickets, Schedule, Routes &amp; Fares - Tiketi.com<\/title>\n<meta name=\"description\" content=\"Looking for 4NTE online booking Kenya, app, contact, bus routes, fares and schedule timing? Make a 4NTE Shuttle Sacco online ticket booking now\" \/>\n<meta name=\"robots\" content=\"index, follow, max-snippet:-1, max-image-preview:large, max-video-preview:-1\" \/>\n<link rel=\"canonical\" href=\"https:\/\/tiketi.com\/fr-fr\/companies\/buses\/4nte-shuttle-sacco\/\" \/>\n<meta property=\"og:locale\" content=\"fr_FR\" \/>\n<meta property=\"og:type\" content=\"article\" \/>\n<meta property=\"og:title\" content=\"4NTE Online Booking, Bus Tickets, Schedule, Routes &amp; Fares - Tiketi.com\" \/>\n<meta property=\"og:description\" content=\"Looking for 4NTE online booking Kenya, app, contact, bus routes, fares and schedule timing? Make a 4NTE Shuttle Sacco online ticket booking now\" \/>\n<meta property=\"og:url\" content=\"https:\/\/tiketi.com\/fr-fr\/companies\/buses\/4nte-shuttle-sacco\/\" \/>\n<meta property=\"og:site_name\" content=\"Tiketi.com\" \/>\n<meta property=\"article:publisher\" content=\"https:\/\/www.facebook.com\/TiketiCom\/\" \/>\n<meta property=\"article:modified_time\" content=\"2023-02-15T12:52:41+00:00\" \/>\n<meta property=\"og:image\" content=\"https:\/\/tiketi.com\/wp-content\/uploads\/2022\/01\/bus-ticket-online-booking.jpg\" \/>\n\t<meta property=\"og:image:width\" content=\"1200\" \/>\n\t<meta property=\"og:image:height\" content=\"206\" \/>\n\t<meta property=\"og:image:type\" content=\"image\/jpeg\" \/>\n<meta name=\"twitter:card\" content=\"summary_large_image\" \/>\n<meta name=\"twitter:label1\" content=\"Dur\u00e9e de lecture estim\u00e9e\" \/>\n\t<meta name=\"twitter:data1\" content=\"2 minutes\" \/>\n<script type=\"application\/ld+json\" class=\"yoast-schema-graph\">{\"@context\":\"https:\\\/\\\/schema.org\",\"@graph\":[{\"@type\":\"WebPage\",\"@id\":\"https:\\\/\\\/tiketi.com\\\/companies\\\/buses\\\/4nte-shuttle-sacco\\\/\",\"url\":\"https:\\\/\\\/tiketi.com\\\/companies\\\/buses\\\/4nte-shuttle-sacco\\\/\",\"name\":\"4NTE Online Booking, Bus Tickets, Schedule, Routes & Fares - Tiketi.com\",\"isPartOf\":{\"@id\":\"https:\\\/\\\/tiketi.com\\\/#website\"},\"primaryImageOfPage\":{\"@id\":\"https:\\\/\\\/tiketi.com\\\/companies\\\/buses\\\/4nte-shuttle-sacco\\\/#primaryimage\"},\"image\":{\"@id\":\"https:\\\/\\\/tiketi.com\\\/companies\\\/buses\\\/4nte-shuttle-sacco\\\/#primaryimage\"},\"thumbnailUrl\":\"https:\\\/\\\/tiketi.com\\\/wp-content\\\/uploads\\\/2022\\\/01\\\/bus-ticket-online-booking.jpg\",\"datePublished\":\"2023-02-15T12:21:05+00:00\",\"dateModified\":\"2023-02-15T12:52:41+00:00\",\"description\":\"Looking for 4NTE online booking Kenya, app, contact, bus routes, fares and schedule timing? Make a 4NTE Shuttle Sacco online ticket booking now\",\"breadcrumb\":{\"@id\":\"https:\\\/\\\/tiketi.com\\\/companies\\\/buses\\\/4nte-shuttle-sacco\\\/#breadcrumb\"},\"inLanguage\":\"fr-FR\",\"potentialAction\":[{\"@type\":\"ReadAction\",\"target\":[\"https:\\\/\\\/tiketi.com\\\/companies\\\/buses\\\/4nte-shuttle-sacco\\\/\"]}]},{\"@type\":\"ImageObject\",\"inLanguage\":\"fr-FR\",\"@id\":\"https:\\\/\\\/tiketi.com\\\/companies\\\/buses\\\/4nte-shuttle-sacco\\\/#primaryimage\",\"url\":\"https:\\\/\\\/tiketi.com\\\/wp-content\\\/uploads\\\/2022\\\/01\\\/bus-ticket-online-booking.jpg\",\"contentUrl\":\"https:\\\/\\\/tiketi.com\\\/wp-content\\\/uploads\\\/2022\\\/01\\\/bus-ticket-online-booking.jpg\",\"width\":1200,\"height\":206,\"caption\":\"Online Bus Ticket Booking\"},{\"@type\":\"BreadcrumbList\",\"@id\":\"https:\\\/\\\/tiketi.com\\\/companies\\\/buses\\\/4nte-shuttle-sacco\\\/#breadcrumb\",\"itemListElement\":[{\"@type\":\"ListItem\",\"position\":1,\"name\":\"Home\",\"item\":\"https:\\\/\\\/tiketi.com\\\/\"},{\"@type\":\"ListItem\",\"position\":2,\"name\":\"Companies\",\"item\":\"https:\\\/\\\/tiketi.com\\\/companies\\\/\"},{\"@type\":\"ListItem\",\"position\":3,\"name\":\"Buses\",\"item\":\"https:\\\/\\\/tiketi.com\\\/companies\\\/buses\\\/\"},{\"@type\":\"ListItem\",\"position\":4,\"name\":\"4NTE Online Booking, Bus Tickets, Schedule, Routes &#038; Fares\"}]},{\"@type\":\"WebSite\",\"@id\":\"https:\\\/\\\/tiketi.com\\\/#website\",\"url\":\"https:\\\/\\\/tiketi.com\\\/\",\"name\":\"Flight & Bus Tickets, Tour Packages & Activitites - Tiketi.com\",\"description\":\"Flight &amp; Bus Tickets, Tours, Activitites\",\"publisher\":{\"@id\":\"https:\\\/\\\/tiketi.com\\\/#organization\"},\"potentialAction\":[{\"@type\":\"SearchAction\",\"target\":{\"@type\":\"EntryPoint\",\"urlTemplate\":\"https:\\\/\\\/tiketi.com\\\/?s={search_term_string}\"},\"query-input\":{\"@type\":\"PropertyValueSpecification\",\"valueRequired\":true,\"valueName\":\"search_term_string\"}}],\"inLanguage\":\"fr-FR\"},{\"@type\":\"Organization\",\"@id\":\"https:\\\/\\\/tiketi.com\\\/#organization\",\"name\":\"Tiketi.com\",\"alternateName\":\"Tiketi\",\"url\":\"https:\\\/\\\/tiketi.com\\\/\",\"logo\":{\"@type\":\"ImageObject\",\"inLanguage\":\"fr-FR\",\"@id\":\"https:\\\/\\\/tiketi.com\\\/#\\\/schema\\\/logo\\\/image\\\/\",\"url\":\"https:\\\/\\\/tiketi.com\\\/wp-content\\\/uploads\\\/2019\\\/05\\\/tiketi-logo-696.png\",\"contentUrl\":\"https:\\\/\\\/tiketi.com\\\/wp-content\\\/uploads\\\/2019\\\/05\\\/tiketi-logo-696.png\",\"width\":696,\"height\":696,\"caption\":\"Tiketi.com\"},\"image\":{\"@id\":\"https:\\\/\\\/tiketi.com\\\/#\\\/schema\\\/logo\\\/image\\\/\"},\"sameAs\":[\"https:\\\/\\\/www.facebook.com\\\/TiketiCom\\\/\"]}]}<\/script>\n<!-- \/ Yoast SEO plugin. -->","yoast_head_json":{"title":"4NTE R\u00e9servation en ligne, Billets de bus, Horaires, Trajets &amp; Tarifs - Tiketi.com","description":"Vous recherchez une r\u00e9servation en ligne 4NTE Kenya, une application, un contact, des itin\u00e9raires de bus, des tarifs et des horaires? Faites une r\u00e9servation en ligne de billets 4NTE Shuttle Sacco maintenant","robots":{"index":"index","follow":"follow","max-snippet":"max-snippet:-1","max-image-preview":"max-image-preview:large","max-video-preview":"max-video-preview:-1"},"canonical":"https:\/\/tiketi.com\/fr-fr\/companies\/buses\/4nte-shuttle-sacco\/","og_locale":"fr_FR","og_type":"article","og_title":"4NTE Online Booking, Bus Tickets, Schedule, Routes & Fares - Tiketi.com","og_description":"Looking for 4NTE online booking Kenya, app, contact, bus routes, fares and schedule timing? Make a 4NTE Shuttle Sacco online ticket booking now","og_url":"https:\/\/tiketi.com\/fr-fr\/companies\/buses\/4nte-shuttle-sacco\/","og_site_name":"Tiketi.com","article_publisher":"https:\/\/www.facebook.com\/TiketiCom\/","article_modified_time":"2023-02-15T12:52:41+00:00","og_image":[{"width":1200,"height":206,"url":"https:\/\/tiketi.com\/wp-content\/uploads\/2022\/01\/bus-ticket-online-booking.jpg","type":"image\/jpeg"}],"twitter_card":"summary_large_image","twitter_misc":{"Dur\u00e9e de lecture estim\u00e9e":"2 minutes"},"schema":{"@context":"https:\/\/schema.org","@graph":[{"@type":"WebPage","@id":"https:\/\/tiketi.com\/companies\/buses\/4nte-shuttle-sacco\/","url":"https:\/\/tiketi.com\/companies\/buses\/4nte-shuttle-sacco\/","name":"4NTE R\u00e9servation en ligne, Billets de bus, Horaires, Trajets &amp; Tarifs - Tiketi.com","isPartOf":{"@id":"https:\/\/tiketi.com\/#website"},"primaryImageOfPage":{"@id":"https:\/\/tiketi.com\/companies\/buses\/4nte-shuttle-sacco\/#primaryimage"},"image":{"@id":"https:\/\/tiketi.com\/companies\/buses\/4nte-shuttle-sacco\/#primaryimage"},"thumbnailUrl":"https:\/\/tiketi.com\/wp-content\/uploads\/2022\/01\/bus-ticket-online-booking.jpg","datePublished":"2023-02-15T12:21:05+00:00","dateModified":"2023-02-15T12:52:41+00:00","description":"Vous recherchez une r\u00e9servation en ligne 4NTE Kenya, une application, un contact, des itin\u00e9raires de bus, des tarifs et des horaires? Faites une r\u00e9servation en ligne de billets 4NTE Shuttle Sacco maintenant","breadcrumb":{"@id":"https:\/\/tiketi.com\/companies\/buses\/4nte-shuttle-sacco\/#breadcrumb"},"inLanguage":"fr-FR","potentialAction":[{"@type":"ReadAction","target":["https:\/\/tiketi.com\/companies\/buses\/4nte-shuttle-sacco\/"]}]},{"@type":"ImageObject","inLanguage":"fr-FR","@id":"https:\/\/tiketi.com\/companies\/buses\/4nte-shuttle-sacco\/#primaryimage","url":"https:\/\/tiketi.com\/wp-content\/uploads\/2022\/01\/bus-ticket-online-booking.jpg","contentUrl":"https:\/\/tiketi.com\/wp-content\/uploads\/2022\/01\/bus-ticket-online-booking.jpg","width":1200,"height":206,"caption":"Online Bus Ticket Booking"},{"@type":"BreadcrumbList","@id":"https:\/\/tiketi.com\/companies\/buses\/4nte-shuttle-sacco\/#breadcrumb","itemListElement":[{"@type":"ListItem","position":1,"name":"Home","item":"https:\/\/tiketi.com\/"},{"@type":"ListItem","position":2,"name":"Companies","item":"https:\/\/tiketi.com\/companies\/"},{"@type":"ListItem","position":3,"name":"Buses","item":"https:\/\/tiketi.com\/companies\/buses\/"},{"@type":"ListItem","position":4,"name":"4NTE Online Booking, Bus Tickets, Schedule, Routes &#038; Fares"}]},{"@type":"WebSite","@id":"https:\/\/tiketi.com\/#website","url":"https:\/\/tiketi.com\/","name":"Billets d&#039;avion et de bus, forfaits touristiques et activit\u00e9s - Tiketi.com","description":"Billets d&#039;avion et de bus, Tours, Activit\u00e9s","publisher":{"@id":"https:\/\/tiketi.com\/#organization"},"potentialAction":[{"@type":"SearchAction","target":{"@type":"EntryPoint","urlTemplate":"https:\/\/tiketi.com\/?s={search_term_string}"},"query-input":{"@type":"PropertyValueSpecification","valueRequired":true,"valueName":"search_term_string"}}],"inLanguage":"fr-FR"},{"@type":"Organization","@id":"https:\/\/tiketi.com\/#organization","name":"Tiketi.com","alternateName":"Tiketi","url":"https:\/\/tiketi.com\/","logo":{"@type":"ImageObject","inLanguage":"fr-FR","@id":"https:\/\/tiketi.com\/#\/schema\/logo\/image\/","url":"https:\/\/tiketi.com\/wp-content\/uploads\/2019\/05\/tiketi-logo-696.png","contentUrl":"https:\/\/tiketi.com\/wp-content\/uploads\/2019\/05\/tiketi-logo-696.png","width":696,"height":696,"caption":"Tiketi.com"},"image":{"@id":"https:\/\/tiketi.com\/#\/schema\/logo\/image\/"},"sameAs":["https:\/\/www.facebook.com\/TiketiCom\/"]}]}},"_links":{"self":[{"href":"https:\/\/tiketi.com\/fr-fr\/wp-json\/wp\/v2\/pages\/26592","targetHints":{"allow":["GET"]}}],"collection":[{"href":"https:\/\/tiketi.com\/fr-fr\/wp-json\/wp\/v2\/pages"}],"about":[{"href":"https:\/\/tiketi.com\/fr-fr\/wp-json\/wp\/v2\/types\/page"}],"author":[{"embeddable":true,"href":"https:\/\/tiketi.com\/fr-fr\/wp-json\/wp\/v2\/users\/1"}],"replies":[{"embeddable":true,"href":"https:\/\/tiketi.com\/fr-fr\/wp-json\/wp\/v2\/comments?post=26592"}],"version-history":[{"count":0,"href":"https:\/\/tiketi.com\/fr-fr\/wp-json\/wp\/v2\/pages\/26592\/revisions"}],"up":[{"embeddable":true,"href":"https:\/\/tiketi.com\/fr-fr\/wp-json\/wp\/v2\/pages\/25524"}],"wp:featuredmedia":[{"embeddable":true,"href":"https:\/\/tiketi.com\/fr-fr\/wp-json\/wp\/v2\/media\/13999"}],"wp:attachment":[{"href":"https:\/\/tiketi.com\/fr-fr\/wp-json\/wp\/v2\/media?parent=26592"}],"curies":[{"name":"wp","href":"https:\/\/api.w.org\/{rel}","templated":true}]}}