{"id":26594,"date":"2023-02-15T14:07:13","date_gmt":"2023-02-15T13:07:13","guid":{"rendered":"https:\/\/tiketi.com\/?page_id=26594"},"modified":"2023-02-15T14:07:13","modified_gmt":"2023-02-15T13:07:13","slug":"bukhari-bus","status":"publish","type":"page","link":"https:\/\/tiketi.com\/fr-fr\/companies\/buses\/bukhari-bus\/","title":{"rendered":"R\u00e9servation en ligne de bus Bukhari, billets de bus, horaires, itin\u00e9raires et tarifs"},"content":{"rendered":"<h2>R\u00e9servation de billets en ligne pour le bus Bukhari<\/h2>\n<h3>D\u00e9couvrez votre itin\u00e9raire de voyage sur le Web, sur mobile ou sur une application et r\u00e9servez d\u00e8s maintenant des billets de bus en ligne pour Bukhari \u00e0 bas prix.<\/h3>\n<p>La r\u00e9servation en ligne du bus Bukhari au Kenya est simplifi\u00e9e. Le bus Bukhari est l&#039;une des meilleures entreprises de transport express de passagers sur la route Nairobi-Garissa, d\u00e9fiant les autres grandes entreprises intervenant sur la route. R\u00e9servez des billets en ligne pour le bus Bukhari et \u00e9conomisez du temps et de l&#039;argent.<\/p>\n<h2>R\u00e9servation en ligne de bus Bukhari au Kenya, billets de bus, horaires, itin\u00e9raires et tarifs FAQ<\/h2>\n<h3>Quelles sont les lignes de bus de Boukhari les plus connues quotidiennement ?<\/h3>\n<p><strong>Les lignes et horaires fermes des bus<\/strong><\/p>\n<p>\u2022 Garissa \u00e0 Nairobi<br \/>\n\u2022 Nairobi \u00e0 Garissa<\/p>\n<p><strong>D\u00e9parts Retours<\/strong><\/p>\n<p>Garissa 15h<br \/>\nNairobi 19h<br \/>\nD\u00e9parts Matin<br \/>\nNairobi 9h<br \/>\nGarissa 6h<\/p>\n<p><strong>Ligne de flotte de bus Bukhari Kenya<\/strong><\/p>\n<p>Avec ses bus de fabrication nationale, l&#039;entreprise poss\u00e8de le plus grand nombre de v\u00e9hicules Scanaria dans sa liste pour offrir des services r\u00e9guliers \u00e0 ses clients.<\/p>\n<p>La plupart de leurs bus sont con\u00e7us pour offrir aux voyageurs une concentration unique et des voyages relaxants vers leur destination au Kenya.<br \/>\nChaque fois que vous aurez le choix de voyager avec cette entreprise, vous profiterez et exp\u00e9rimenterez les services et fonctionnalit\u00e9s suivants \u00e0 bord\u00a0:<\/p>\n<p>\u2022 Accoudoir sur chaque si\u00e8ge<br \/>\n\u2022 2 x 2 si\u00e8ges inclinables avec suffisamment d&#039;espace pour les jambes<br \/>\n\u2022 Lampes de lecture et haut-parleurs suspendus<br \/>\n\u2022 Compartiment \u00e0 bagages sup\u00e9rieur<br \/>\n\u2022 Audiovisuel \u00e0 des fins de divertissement<br \/>\n\u2022 Syst\u00e8me de recharge sur certains de leurs bus<\/p>\n<h3>La ligne de service ferme<\/h3>\n<p>Le bus Bukhari offre des services de transport quotidiens r\u00e9guliers de passagers depuis la ville d&#039;affaires et capitale de Nairobi vers le pays du nord-est de Garissa au Kenya.<\/p>\n<p>L&#039;entreprise fait \u00e9galement transiter des colis entre les 2 endroits \u00e0 des prix abordables pour tous en fonction de la taille et de la nature d&#039;un colis particulier.<\/p>\n<p>Vous pouvez r\u00e9server vos billets de bus dans leurs bureaux situ\u00e9s dans chaque terminal de bus ainsi qu&#039;\u00e0 l&#039;arr\u00eat de bus sur leur itin\u00e9raire ou r\u00e9server en ligne des billets de bus Bukhari.<\/p>\n<h3>Quelles sont les coordonn\u00e9es des bureaux de r\u00e9servation de Bukhari ?<\/h3>\n<p>Adresse<br \/>\nEn face du Grand Royal Hotel, Eastleigh,<br \/>\nRue G\u00e9n\u00e9ral Waruingi,<br \/>\nNairobi, Kenya<\/p>\n<h2>Conseils pour la r\u00e9servation de billets en ligne du bus Bukhari<\/h2>\n<p>L&#039;entreprise a \u00e9t\u00e9 cr\u00e9\u00e9e il y a de nombreuses ann\u00e9es dans le but de faciliter la circulation des personnes et des colis entre les 2 pays du Kenya.<\/p>\n<p>Ils sont d\u00e9sormais les plus performants sur l&#039;itin\u00e9raire et jouissent d&#039;une marque bien connue parmi les visiteurs et autres clients qui d\u00e9pendent du transport par bus.<\/p>","protected":false},"excerpt":{"rendered":"<p>Bukhari Bus Online Ticket Booking Discover your travel route on web, mobile or app and do cheap Bukhari bus online ticketing now. Bukhari bus online booking Kenya made easy. Bukhari bus is one among the best Express passenger transport firm on the Nairobi to Garissa route challenging other top firms playing on the route. Do [&hellip;]<\/p>\n","protected":false},"author":1,"featured_media":13999,"parent":25524,"menu_order":0,"comment_status":"closed","ping_status":"closed","template":"template-home-modern.php","meta":{"footnotes":""},"class_list":["post-26594","page","type-page","status-publish","has-post-thumbnail","hentry"],"yoast_head":"<!-- This site is optimized with the Yoast SEO plugin v27.3 - https:\/\/yoast.com\/product\/yoast-seo-wordpress\/ -->\n<title>Bukhari Bus Online Booking, Bus Tickets, Schedule, Routes &amp; Fares - Tiketi.com<\/title>\n<meta name=\"description\" content=\"Looking for Transline Classic online booking Kenya, app, contact, bus routes, fares and schedule timing? Make a Transline Coaches online bus ticket booking now\" \/>\n<meta name=\"robots\" content=\"index, follow, max-snippet:-1, max-image-preview:large, max-video-preview:-1\" \/>\n<link rel=\"canonical\" href=\"https:\/\/tiketi.com\/fr-fr\/companies\/buses\/bukhari-bus\/\" \/>\n<meta property=\"og:locale\" content=\"fr_FR\" \/>\n<meta property=\"og:type\" content=\"article\" \/>\n<meta property=\"og:title\" content=\"Bukhari Bus Online Booking, Bus Tickets, Schedule, Routes &amp; Fares - Tiketi.com\" \/>\n<meta property=\"og:description\" content=\"Looking for Transline Classic online booking Kenya, app, contact, bus routes, fares and schedule timing? Make a Transline Coaches online bus ticket booking now\" \/>\n<meta property=\"og:url\" content=\"https:\/\/tiketi.com\/fr-fr\/companies\/buses\/bukhari-bus\/\" \/>\n<meta property=\"og:site_name\" content=\"Tiketi.com\" \/>\n<meta property=\"article:publisher\" content=\"https:\/\/www.facebook.com\/TiketiCom\/\" \/>\n<meta property=\"og:image\" content=\"https:\/\/tiketi.com\/wp-content\/uploads\/2022\/01\/bus-ticket-online-booking.jpg\" \/>\n\t<meta property=\"og:image:width\" content=\"1200\" \/>\n\t<meta property=\"og:image:height\" content=\"206\" \/>\n\t<meta property=\"og:image:type\" content=\"image\/jpeg\" \/>\n<meta name=\"twitter:card\" content=\"summary_large_image\" \/>\n<meta name=\"twitter:label1\" content=\"Dur\u00e9e de lecture estim\u00e9e\" \/>\n\t<meta name=\"twitter:data1\" content=\"2 minutes\" \/>\n<script type=\"application\/ld+json\" class=\"yoast-schema-graph\">{\"@context\":\"https:\\\/\\\/schema.org\",\"@graph\":[{\"@type\":\"WebPage\",\"@id\":\"https:\\\/\\\/tiketi.com\\\/companies\\\/buses\\\/bukhari-bus\\\/\",\"url\":\"https:\\\/\\\/tiketi.com\\\/companies\\\/buses\\\/bukhari-bus\\\/\",\"name\":\"Bukhari Bus Online Booking, Bus Tickets, Schedule, Routes & Fares - Tiketi.com\",\"isPartOf\":{\"@id\":\"https:\\\/\\\/tiketi.com\\\/#website\"},\"primaryImageOfPage\":{\"@id\":\"https:\\\/\\\/tiketi.com\\\/companies\\\/buses\\\/bukhari-bus\\\/#primaryimage\"},\"image\":{\"@id\":\"https:\\\/\\\/tiketi.com\\\/companies\\\/buses\\\/bukhari-bus\\\/#primaryimage\"},\"thumbnailUrl\":\"https:\\\/\\\/tiketi.com\\\/wp-content\\\/uploads\\\/2022\\\/01\\\/bus-ticket-online-booking.jpg\",\"datePublished\":\"2023-02-15T13:07:13+00:00\",\"description\":\"Looking for Transline Classic online booking Kenya, app, contact, bus routes, fares and schedule timing? Make a Transline Coaches online bus ticket booking now\",\"breadcrumb\":{\"@id\":\"https:\\\/\\\/tiketi.com\\\/companies\\\/buses\\\/bukhari-bus\\\/#breadcrumb\"},\"inLanguage\":\"fr-FR\",\"potentialAction\":[{\"@type\":\"ReadAction\",\"target\":[\"https:\\\/\\\/tiketi.com\\\/companies\\\/buses\\\/bukhari-bus\\\/\"]}]},{\"@type\":\"ImageObject\",\"inLanguage\":\"fr-FR\",\"@id\":\"https:\\\/\\\/tiketi.com\\\/companies\\\/buses\\\/bukhari-bus\\\/#primaryimage\",\"url\":\"https:\\\/\\\/tiketi.com\\\/wp-content\\\/uploads\\\/2022\\\/01\\\/bus-ticket-online-booking.jpg\",\"contentUrl\":\"https:\\\/\\\/tiketi.com\\\/wp-content\\\/uploads\\\/2022\\\/01\\\/bus-ticket-online-booking.jpg\",\"width\":1200,\"height\":206,\"caption\":\"Online Bus Ticket Booking\"},{\"@type\":\"BreadcrumbList\",\"@id\":\"https:\\\/\\\/tiketi.com\\\/companies\\\/buses\\\/bukhari-bus\\\/#breadcrumb\",\"itemListElement\":[{\"@type\":\"ListItem\",\"position\":1,\"name\":\"Home\",\"item\":\"https:\\\/\\\/tiketi.com\\\/\"},{\"@type\":\"ListItem\",\"position\":2,\"name\":\"Companies\",\"item\":\"https:\\\/\\\/tiketi.com\\\/companies\\\/\"},{\"@type\":\"ListItem\",\"position\":3,\"name\":\"Buses\",\"item\":\"https:\\\/\\\/tiketi.com\\\/companies\\\/buses\\\/\"},{\"@type\":\"ListItem\",\"position\":4,\"name\":\"Bukhari Bus Online Booking, Bus Tickets, Schedule, Routes &#038; Fares\"}]},{\"@type\":\"WebSite\",\"@id\":\"https:\\\/\\\/tiketi.com\\\/#website\",\"url\":\"https:\\\/\\\/tiketi.com\\\/\",\"name\":\"Flight & Bus Tickets, Tour Packages & Activitites - Tiketi.com\",\"description\":\"Flight &amp; Bus Tickets, Tours, Activitites\",\"publisher\":{\"@id\":\"https:\\\/\\\/tiketi.com\\\/#organization\"},\"potentialAction\":[{\"@type\":\"SearchAction\",\"target\":{\"@type\":\"EntryPoint\",\"urlTemplate\":\"https:\\\/\\\/tiketi.com\\\/?s={search_term_string}\"},\"query-input\":{\"@type\":\"PropertyValueSpecification\",\"valueRequired\":true,\"valueName\":\"search_term_string\"}}],\"inLanguage\":\"fr-FR\"},{\"@type\":\"Organization\",\"@id\":\"https:\\\/\\\/tiketi.com\\\/#organization\",\"name\":\"Tiketi.com\",\"alternateName\":\"Tiketi\",\"url\":\"https:\\\/\\\/tiketi.com\\\/\",\"logo\":{\"@type\":\"ImageObject\",\"inLanguage\":\"fr-FR\",\"@id\":\"https:\\\/\\\/tiketi.com\\\/#\\\/schema\\\/logo\\\/image\\\/\",\"url\":\"https:\\\/\\\/tiketi.com\\\/wp-content\\\/uploads\\\/2019\\\/05\\\/tiketi-logo-696.png\",\"contentUrl\":\"https:\\\/\\\/tiketi.com\\\/wp-content\\\/uploads\\\/2019\\\/05\\\/tiketi-logo-696.png\",\"width\":696,\"height\":696,\"caption\":\"Tiketi.com\"},\"image\":{\"@id\":\"https:\\\/\\\/tiketi.com\\\/#\\\/schema\\\/logo\\\/image\\\/\"},\"sameAs\":[\"https:\\\/\\\/www.facebook.com\\\/TiketiCom\\\/\"]}]}<\/script>\n<!-- \/ Yoast SEO plugin. -->","yoast_head_json":{"title":"R\u00e9servation en ligne de bus de Bukhari, billets de bus, horaires, itin\u00e9raires et tarifs - Tiketi.com","description":"Vous recherchez Transline Classic r\u00e9servation en ligne Kenya, application, contact, itin\u00e9raires de bus, tarifs et horaires? Faites une r\u00e9servation de billet de bus en ligne Transline Coaches maintenant","robots":{"index":"index","follow":"follow","max-snippet":"max-snippet:-1","max-image-preview":"max-image-preview:large","max-video-preview":"max-video-preview:-1"},"canonical":"https:\/\/tiketi.com\/fr-fr\/companies\/buses\/bukhari-bus\/","og_locale":"fr_FR","og_type":"article","og_title":"Bukhari Bus Online Booking, Bus Tickets, Schedule, Routes & Fares - Tiketi.com","og_description":"Looking for Transline Classic online booking Kenya, app, contact, bus routes, fares and schedule timing? Make a Transline Coaches online bus ticket booking now","og_url":"https:\/\/tiketi.com\/fr-fr\/companies\/buses\/bukhari-bus\/","og_site_name":"Tiketi.com","article_publisher":"https:\/\/www.facebook.com\/TiketiCom\/","og_image":[{"width":1200,"height":206,"url":"https:\/\/tiketi.com\/wp-content\/uploads\/2022\/01\/bus-ticket-online-booking.jpg","type":"image\/jpeg"}],"twitter_card":"summary_large_image","twitter_misc":{"Dur\u00e9e de lecture estim\u00e9e":"2 minutes"},"schema":{"@context":"https:\/\/schema.org","@graph":[{"@type":"WebPage","@id":"https:\/\/tiketi.com\/companies\/buses\/bukhari-bus\/","url":"https:\/\/tiketi.com\/companies\/buses\/bukhari-bus\/","name":"R\u00e9servation en ligne de bus de Bukhari, billets de bus, horaires, itin\u00e9raires et tarifs - Tiketi.com","isPartOf":{"@id":"https:\/\/tiketi.com\/#website"},"primaryImageOfPage":{"@id":"https:\/\/tiketi.com\/companies\/buses\/bukhari-bus\/#primaryimage"},"image":{"@id":"https:\/\/tiketi.com\/companies\/buses\/bukhari-bus\/#primaryimage"},"thumbnailUrl":"https:\/\/tiketi.com\/wp-content\/uploads\/2022\/01\/bus-ticket-online-booking.jpg","datePublished":"2023-02-15T13:07:13+00:00","description":"Vous recherchez Transline Classic r\u00e9servation en ligne Kenya, application, contact, itin\u00e9raires de bus, tarifs et horaires? Faites une r\u00e9servation de billet de bus en ligne Transline Coaches maintenant","breadcrumb":{"@id":"https:\/\/tiketi.com\/companies\/buses\/bukhari-bus\/#breadcrumb"},"inLanguage":"fr-FR","potentialAction":[{"@type":"ReadAction","target":["https:\/\/tiketi.com\/companies\/buses\/bukhari-bus\/"]}]},{"@type":"ImageObject","inLanguage":"fr-FR","@id":"https:\/\/tiketi.com\/companies\/buses\/bukhari-bus\/#primaryimage","url":"https:\/\/tiketi.com\/wp-content\/uploads\/2022\/01\/bus-ticket-online-booking.jpg","contentUrl":"https:\/\/tiketi.com\/wp-content\/uploads\/2022\/01\/bus-ticket-online-booking.jpg","width":1200,"height":206,"caption":"Online Bus Ticket Booking"},{"@type":"BreadcrumbList","@id":"https:\/\/tiketi.com\/companies\/buses\/bukhari-bus\/#breadcrumb","itemListElement":[{"@type":"ListItem","position":1,"name":"Home","item":"https:\/\/tiketi.com\/"},{"@type":"ListItem","position":2,"name":"Companies","item":"https:\/\/tiketi.com\/companies\/"},{"@type":"ListItem","position":3,"name":"Buses","item":"https:\/\/tiketi.com\/companies\/buses\/"},{"@type":"ListItem","position":4,"name":"Bukhari Bus Online Booking, Bus Tickets, Schedule, Routes &#038; Fares"}]},{"@type":"WebSite","@id":"https:\/\/tiketi.com\/#website","url":"https:\/\/tiketi.com\/","name":"Billets d&#039;avion et de bus, forfaits touristiques et activit\u00e9s - Tiketi.com","description":"Billets d&#039;avion et de bus, Tours, Activit\u00e9s","publisher":{"@id":"https:\/\/tiketi.com\/#organization"},"potentialAction":[{"@type":"SearchAction","target":{"@type":"EntryPoint","urlTemplate":"https:\/\/tiketi.com\/?s={search_term_string}"},"query-input":{"@type":"PropertyValueSpecification","valueRequired":true,"valueName":"search_term_string"}}],"inLanguage":"fr-FR"},{"@type":"Organization","@id":"https:\/\/tiketi.com\/#organization","name":"Tiketi.com","alternateName":"Tiketi","url":"https:\/\/tiketi.com\/","logo":{"@type":"ImageObject","inLanguage":"fr-FR","@id":"https:\/\/tiketi.com\/#\/schema\/logo\/image\/","url":"https:\/\/tiketi.com\/wp-content\/uploads\/2019\/05\/tiketi-logo-696.png","contentUrl":"https:\/\/tiketi.com\/wp-content\/uploads\/2019\/05\/tiketi-logo-696.png","width":696,"height":696,"caption":"Tiketi.com"},"image":{"@id":"https:\/\/tiketi.com\/#\/schema\/logo\/image\/"},"sameAs":["https:\/\/www.facebook.com\/TiketiCom\/"]}]}},"_links":{"self":[{"href":"https:\/\/tiketi.com\/fr-fr\/wp-json\/wp\/v2\/pages\/26594","targetHints":{"allow":["GET"]}}],"collection":[{"href":"https:\/\/tiketi.com\/fr-fr\/wp-json\/wp\/v2\/pages"}],"about":[{"href":"https:\/\/tiketi.com\/fr-fr\/wp-json\/wp\/v2\/types\/page"}],"author":[{"embeddable":true,"href":"https:\/\/tiketi.com\/fr-fr\/wp-json\/wp\/v2\/users\/1"}],"replies":[{"embeddable":true,"href":"https:\/\/tiketi.com\/fr-fr\/wp-json\/wp\/v2\/comments?post=26594"}],"version-history":[{"count":0,"href":"https:\/\/tiketi.com\/fr-fr\/wp-json\/wp\/v2\/pages\/26594\/revisions"}],"up":[{"embeddable":true,"href":"https:\/\/tiketi.com\/fr-fr\/wp-json\/wp\/v2\/pages\/25524"}],"wp:featuredmedia":[{"embeddable":true,"href":"https:\/\/tiketi.com\/fr-fr\/wp-json\/wp\/v2\/media\/13999"}],"wp:attachment":[{"href":"https:\/\/tiketi.com\/fr-fr\/wp-json\/wp\/v2\/media?parent=26594"}],"curies":[{"name":"wp","href":"https:\/\/api.w.org\/{rel}","templated":true}]}}