{"id":26621,"date":"2023-02-15T14:19:22","date_gmt":"2023-02-15T13:19:22","guid":{"rendered":"https:\/\/tiketi.com\/?page_id=26621"},"modified":"2023-02-15T14:29:37","modified_gmt":"2023-02-15T13:29:37","slug":"galaxy-royal-class-bus","status":"publish","type":"page","link":"https:\/\/tiketi.com\/fr-fr\/companies\/buses\/galaxy-royal-class-bus\/","title":{"rendered":"R\u00e9servation en ligne de bus Galaxy Royal Class, billets de bus, horaires, itin\u00e9raires et tarifs"},"content":{"rendered":"<h2>R\u00e9servation de billets en ligne pour le bus Galaxy Royal Class<\/h2>\n<h3>D\u00e9couvrez votre itin\u00e9raire de voyage sur le web, le mobile ou l&#039;application et r\u00e9servez en ligne des billets de bus Galaxy Royal Class pas chers d\u00e8s maintenant.<\/h3>\n<p>La r\u00e9servation en ligne de bus Galaxy Royal Class au Kenya en toute simplicit\u00e9. Galaxy Royal Class est une soci\u00e9t\u00e9 de bus enregistr\u00e9e en Tanzanie continentale qui propose des services de transport de passagers et de colis de la ville de Dar es Salaam aux r\u00e9gions montagneuses du sud. Faites la r\u00e9servation en ligne de billets de bus Galaxy Royal Class et \u00e9conomisez de l&#039;argent et du temps.<\/p>\n<h2>FAQ sur la r\u00e9servation en ligne des bus Galaxy Royal Class, les billets de bus, les horaires, les itin\u00e9raires et les tarifs<\/h2>\n<h3>Quelles sont les lignes de bus Galaxy Royal Class les plus c\u00e9l\u00e8bres au quotidien ?<\/h3>\n<p>Lignes de bus Galaxy Royal Class :<\/p>\n<p>\u2022 Dar es Salam \u00e0 Mafinga<br \/>\n\u2022 Dar es Salam \u00e0 Njombe<br \/>\n\u2022 Dar es Salam \u00e0 Rujewa<br \/>\n\u2022 Dar es Salam \u00e0 Makambako<br \/>\n\u2022 Dar es Salam \u00e0 Ubaruku<br \/>\n\u2022 Dar es Salam \u00e0 Iringa<\/p>\n<h3>Ligne de flotte de bus de classe Galaxy Royal<\/h3>\n<p>La soci\u00e9t\u00e9 propose une large gamme de mod\u00e8les de bus dans sa gamme de flottes. Elle poss\u00e8de et g\u00e8re des bus chinois comme Higer, Zhongtong et Sunlong avec un design int\u00e9rieur personnalis\u00e9.<\/p>\n<p>La plupart de leurs bus sont \u00e9quip\u00e9s de services \u00e0 bord et d&#039;\u00e9quipements luxueux pour offrir aux voyageurs des voyages sp\u00e9ciaux et \u00e9l\u00e9gants jusqu&#039;\u00e0 leurs destinations.<\/p>\n<p>Tous leurs bus ont les \u00e9l\u00e9ments suivants\u00a0: des fonctions d&#039;inclinaison deux par deux avec suffisamment d&#039;espace pour les jambes, des lampes de lecture au plafond, des services Wi-Fi gratuits, des ports de chargement USB, des divertissements et des annonces audiovisuels, des collations et des boissons gratuites \u00e0 bord.<\/p>\n<h3>Billets de bus Galaxy Royal Class<\/h3>\n<p>Ils offrent des services de bus r\u00e9guliers de la ville d&#039;affaires de Dar es Salaam aux r\u00e9gions du sud des Highlands. Cela comprend Mafinga \u00e0 Iringa et Njombe et Ubaruku \u00e0 Mbeya.<\/p>\n<p>Ils transportent \u00e0 la fois des colis et des passagers \u00e0 un prix abordable. Vous pouvez r\u00e9server vos billets de bus classiques Galaxy Royal dans leurs bureaux situ\u00e9s dans toutes les gares routi\u00e8res et dans leur bureau priv\u00e9 \u00e0 l&#039;ext\u00e9rieur de la gare.<\/p>\n<p>Vous pouvez effectuer une pr\u00e9-r\u00e9servation quelques jours avant la date du voyage pour une excellente organisation de votre safari ou une r\u00e9servation en temps r\u00e9el pendant la date du voyage.<\/p>\n<h3>Quelles sont les coordonn\u00e9es des bureaux de r\u00e9servation Galaxy Royal Class ?<\/h3>\n<p>Urafiki, Dar es Salaam, Tanzanie.<\/p>\n<h2>Conseils de r\u00e9servation de billets en ligne Galaxy Royal Class Bus<\/h2>\n<p>C&#039;est l&#039;une des c\u00e9l\u00e8bres compagnies de bus qui fournissent des services fiables vers Ubaruku et Njombe \u00e0 des prix abordables en temps opportun.<\/p>","protected":false},"excerpt":{"rendered":"<p>Galaxy Royal Class Bus Online Ticket Booking Discover your travel route on web, mobile or app and do cheap Galaxy Royal Class bus online ticket booking now. Galaxy Royal Class bus online booking Kenya made easy. Galaxy Royal Class is a bus firm registered in Tanzania mainland which give passengers and parcel transportation services from [&hellip;]<\/p>\n","protected":false},"author":1,"featured_media":13999,"parent":25524,"menu_order":0,"comment_status":"closed","ping_status":"closed","template":"template-home-modern.php","meta":{"footnotes":""},"class_list":["post-26621","page","type-page","status-publish","has-post-thumbnail","hentry"],"yoast_head":"<!-- This site is optimized with the Yoast SEO plugin v27.2 - https:\/\/yoast.com\/product\/yoast-seo-wordpress\/ -->\n<title>Galaxy Royal Class Bus Online Booking, Bus Tickets, Schedule, Routes &amp; Fares - Tiketi.com<\/title>\n<meta name=\"description\" content=\"Looking for Galaxy Royal Class bus online booking Kenya, app, contact, bus routes, fares and schedule timing? Make a Galaxy Royal Class bus online ticket booking now\" \/>\n<meta name=\"robots\" content=\"index, follow, max-snippet:-1, max-image-preview:large, max-video-preview:-1\" \/>\n<link rel=\"canonical\" href=\"https:\/\/tiketi.com\/fr-fr\/companies\/buses\/galaxy-royal-class-bus\/\" \/>\n<meta property=\"og:locale\" content=\"fr_FR\" \/>\n<meta property=\"og:type\" content=\"article\" \/>\n<meta property=\"og:title\" content=\"Galaxy Royal Class Bus Online Booking, Bus Tickets, Schedule, Routes &amp; Fares - Tiketi.com\" \/>\n<meta property=\"og:description\" content=\"Looking for Galaxy Royal Class bus online booking Kenya, app, contact, bus routes, fares and schedule timing? Make a Galaxy Royal Class bus online ticket booking now\" \/>\n<meta property=\"og:url\" content=\"https:\/\/tiketi.com\/fr-fr\/companies\/buses\/galaxy-royal-class-bus\/\" \/>\n<meta property=\"og:site_name\" content=\"Tiketi.com\" \/>\n<meta property=\"article:publisher\" content=\"https:\/\/www.facebook.com\/TiketiCom\/\" \/>\n<meta property=\"article:modified_time\" content=\"2023-02-15T13:29:37+00:00\" \/>\n<meta property=\"og:image\" content=\"https:\/\/tiketi.com\/wp-content\/uploads\/2022\/01\/bus-ticket-online-booking.jpg\" \/>\n\t<meta property=\"og:image:width\" content=\"1200\" \/>\n\t<meta property=\"og:image:height\" content=\"206\" \/>\n\t<meta property=\"og:image:type\" content=\"image\/jpeg\" \/>\n<meta name=\"twitter:card\" content=\"summary_large_image\" \/>\n<meta name=\"twitter:label1\" content=\"Dur\u00e9e de lecture estim\u00e9e\" \/>\n\t<meta name=\"twitter:data1\" content=\"2 minutes\" \/>\n<script type=\"application\/ld+json\" class=\"yoast-schema-graph\">{\"@context\":\"https:\/\/schema.org\",\"@graph\":[{\"@type\":\"WebPage\",\"@id\":\"https:\/\/tiketi.com\/companies\/buses\/galaxy-royal-class-bus\/\",\"url\":\"https:\/\/tiketi.com\/companies\/buses\/galaxy-royal-class-bus\/\",\"name\":\"Galaxy Royal Class Bus Online Booking, Bus Tickets, Schedule, Routes & Fares - Tiketi.com\",\"isPartOf\":{\"@id\":\"https:\/\/tiketi.com\/#website\"},\"primaryImageOfPage\":{\"@id\":\"https:\/\/tiketi.com\/companies\/buses\/galaxy-royal-class-bus\/#primaryimage\"},\"image\":{\"@id\":\"https:\/\/tiketi.com\/companies\/buses\/galaxy-royal-class-bus\/#primaryimage\"},\"thumbnailUrl\":\"https:\/\/tiketi.com\/wp-content\/uploads\/2022\/01\/bus-ticket-online-booking.jpg\",\"datePublished\":\"2023-02-15T13:19:22+00:00\",\"dateModified\":\"2023-02-15T13:29:37+00:00\",\"description\":\"Looking for Galaxy Royal Class bus online booking Kenya, app, contact, bus routes, fares and schedule timing? Make a Galaxy Royal Class bus online ticket booking now\",\"breadcrumb\":{\"@id\":\"https:\/\/tiketi.com\/companies\/buses\/galaxy-royal-class-bus\/#breadcrumb\"},\"inLanguage\":\"fr-FR\",\"potentialAction\":[{\"@type\":\"ReadAction\",\"target\":[\"https:\/\/tiketi.com\/companies\/buses\/galaxy-royal-class-bus\/\"]}]},{\"@type\":\"ImageObject\",\"inLanguage\":\"fr-FR\",\"@id\":\"https:\/\/tiketi.com\/companies\/buses\/galaxy-royal-class-bus\/#primaryimage\",\"url\":\"https:\/\/tiketi.com\/wp-content\/uploads\/2022\/01\/bus-ticket-online-booking.jpg\",\"contentUrl\":\"https:\/\/tiketi.com\/wp-content\/uploads\/2022\/01\/bus-ticket-online-booking.jpg\",\"width\":1200,\"height\":206,\"caption\":\"Online Bus Ticket Booking\"},{\"@type\":\"BreadcrumbList\",\"@id\":\"https:\/\/tiketi.com\/companies\/buses\/galaxy-royal-class-bus\/#breadcrumb\",\"itemListElement\":[{\"@type\":\"ListItem\",\"position\":1,\"name\":\"Home\",\"item\":\"https:\/\/tiketi.com\/\"},{\"@type\":\"ListItem\",\"position\":2,\"name\":\"Companies\",\"item\":\"https:\/\/tiketi.com\/companies\/\"},{\"@type\":\"ListItem\",\"position\":3,\"name\":\"Buses\",\"item\":\"https:\/\/tiketi.com\/companies\/buses\/\"},{\"@type\":\"ListItem\",\"position\":4,\"name\":\"Galaxy Royal Class Bus Online Booking, Bus Tickets, Schedule, Routes &#038; Fares\"}]},{\"@type\":\"WebSite\",\"@id\":\"https:\/\/tiketi.com\/#website\",\"url\":\"https:\/\/tiketi.com\/\",\"name\":\"Flight & Bus Tickets, Tour Packages & Activitites - Tiketi.com\",\"description\":\"Flight &amp; Bus Tickets, Tours, Activitites\",\"publisher\":{\"@id\":\"https:\/\/tiketi.com\/#organization\"},\"potentialAction\":[{\"@type\":\"SearchAction\",\"target\":{\"@type\":\"EntryPoint\",\"urlTemplate\":\"https:\/\/tiketi.com\/?s={search_term_string}\"},\"query-input\":{\"@type\":\"PropertyValueSpecification\",\"valueRequired\":true,\"valueName\":\"search_term_string\"}}],\"inLanguage\":\"fr-FR\"},{\"@type\":\"Organization\",\"@id\":\"https:\/\/tiketi.com\/#organization\",\"name\":\"Tiketi.com\",\"alternateName\":\"Tiketi\",\"url\":\"https:\/\/tiketi.com\/\",\"logo\":{\"@type\":\"ImageObject\",\"inLanguage\":\"fr-FR\",\"@id\":\"https:\/\/tiketi.com\/#\/schema\/logo\/image\/\",\"url\":\"https:\/\/tiketi.com\/wp-content\/uploads\/2019\/05\/tiketi-logo-696.png\",\"contentUrl\":\"https:\/\/tiketi.com\/wp-content\/uploads\/2019\/05\/tiketi-logo-696.png\",\"width\":696,\"height\":696,\"caption\":\"Tiketi.com\"},\"image\":{\"@id\":\"https:\/\/tiketi.com\/#\/schema\/logo\/image\/\"},\"sameAs\":[\"https:\/\/www.facebook.com\/TiketiCom\/\"]}]}<\/script>\n<!-- \/ Yoast SEO plugin. -->","yoast_head_json":{"title":"R\u00e9servation en ligne de bus Galaxy Royal Class, billets de bus, horaires, trajets &amp; tarifs - Tiketi.com","description":"Vous recherchez une r\u00e9servation en ligne de bus Galaxy Royal Class Kenya, une application, un contact, des itin\u00e9raires de bus, des tarifs et des horaires? Faites une r\u00e9servation en ligne de billets de bus Galaxy Royal Class maintenant","robots":{"index":"index","follow":"follow","max-snippet":"max-snippet:-1","max-image-preview":"max-image-preview:large","max-video-preview":"max-video-preview:-1"},"canonical":"https:\/\/tiketi.com\/fr-fr\/companies\/buses\/galaxy-royal-class-bus\/","og_locale":"fr_FR","og_type":"article","og_title":"Galaxy Royal Class Bus Online Booking, Bus Tickets, Schedule, Routes & Fares - Tiketi.com","og_description":"Looking for Galaxy Royal Class bus online booking Kenya, app, contact, bus routes, fares and schedule timing? Make a Galaxy Royal Class bus online ticket booking now","og_url":"https:\/\/tiketi.com\/fr-fr\/companies\/buses\/galaxy-royal-class-bus\/","og_site_name":"Tiketi.com","article_publisher":"https:\/\/www.facebook.com\/TiketiCom\/","article_modified_time":"2023-02-15T13:29:37+00:00","og_image":[{"width":1200,"height":206,"url":"https:\/\/tiketi.com\/wp-content\/uploads\/2022\/01\/bus-ticket-online-booking.jpg","type":"image\/jpeg"}],"twitter_card":"summary_large_image","twitter_misc":{"Dur\u00e9e de lecture estim\u00e9e":"2 minutes"},"schema":{"@context":"https:\/\/schema.org","@graph":[{"@type":"WebPage","@id":"https:\/\/tiketi.com\/companies\/buses\/galaxy-royal-class-bus\/","url":"https:\/\/tiketi.com\/companies\/buses\/galaxy-royal-class-bus\/","name":"R\u00e9servation en ligne de bus Galaxy Royal Class, billets de bus, horaires, trajets &amp; tarifs - Tiketi.com","isPartOf":{"@id":"https:\/\/tiketi.com\/#website"},"primaryImageOfPage":{"@id":"https:\/\/tiketi.com\/companies\/buses\/galaxy-royal-class-bus\/#primaryimage"},"image":{"@id":"https:\/\/tiketi.com\/companies\/buses\/galaxy-royal-class-bus\/#primaryimage"},"thumbnailUrl":"https:\/\/tiketi.com\/wp-content\/uploads\/2022\/01\/bus-ticket-online-booking.jpg","datePublished":"2023-02-15T13:19:22+00:00","dateModified":"2023-02-15T13:29:37+00:00","description":"Vous recherchez une r\u00e9servation en ligne de bus Galaxy Royal Class Kenya, une application, un contact, des itin\u00e9raires de bus, des tarifs et des horaires? Faites une r\u00e9servation en ligne de billets de bus Galaxy Royal Class maintenant","breadcrumb":{"@id":"https:\/\/tiketi.com\/companies\/buses\/galaxy-royal-class-bus\/#breadcrumb"},"inLanguage":"fr-FR","potentialAction":[{"@type":"ReadAction","target":["https:\/\/tiketi.com\/companies\/buses\/galaxy-royal-class-bus\/"]}]},{"@type":"ImageObject","inLanguage":"fr-FR","@id":"https:\/\/tiketi.com\/companies\/buses\/galaxy-royal-class-bus\/#primaryimage","url":"https:\/\/tiketi.com\/wp-content\/uploads\/2022\/01\/bus-ticket-online-booking.jpg","contentUrl":"https:\/\/tiketi.com\/wp-content\/uploads\/2022\/01\/bus-ticket-online-booking.jpg","width":1200,"height":206,"caption":"Online Bus Ticket Booking"},{"@type":"BreadcrumbList","@id":"https:\/\/tiketi.com\/companies\/buses\/galaxy-royal-class-bus\/#breadcrumb","itemListElement":[{"@type":"ListItem","position":1,"name":"Home","item":"https:\/\/tiketi.com\/"},{"@type":"ListItem","position":2,"name":"Companies","item":"https:\/\/tiketi.com\/companies\/"},{"@type":"ListItem","position":3,"name":"Buses","item":"https:\/\/tiketi.com\/companies\/buses\/"},{"@type":"ListItem","position":4,"name":"Galaxy Royal Class Bus Online Booking, Bus Tickets, Schedule, Routes &#038; Fares"}]},{"@type":"WebSite","@id":"https:\/\/tiketi.com\/#website","url":"https:\/\/tiketi.com\/","name":"Billets d&#039;avion et de bus, forfaits touristiques et activit\u00e9s - Tiketi.com","description":"Billets d&#039;avion et de bus, Tours, Activit\u00e9s","publisher":{"@id":"https:\/\/tiketi.com\/#organization"},"potentialAction":[{"@type":"SearchAction","target":{"@type":"EntryPoint","urlTemplate":"https:\/\/tiketi.com\/?s={search_term_string}"},"query-input":{"@type":"PropertyValueSpecification","valueRequired":true,"valueName":"search_term_string"}}],"inLanguage":"fr-FR"},{"@type":"Organization","@id":"https:\/\/tiketi.com\/#organization","name":"Tiketi.com","alternateName":"Tiketi","url":"https:\/\/tiketi.com\/","logo":{"@type":"ImageObject","inLanguage":"fr-FR","@id":"https:\/\/tiketi.com\/#\/schema\/logo\/image\/","url":"https:\/\/tiketi.com\/wp-content\/uploads\/2019\/05\/tiketi-logo-696.png","contentUrl":"https:\/\/tiketi.com\/wp-content\/uploads\/2019\/05\/tiketi-logo-696.png","width":696,"height":696,"caption":"Tiketi.com"},"image":{"@id":"https:\/\/tiketi.com\/#\/schema\/logo\/image\/"},"sameAs":["https:\/\/www.facebook.com\/TiketiCom\/"]}]}},"_links":{"self":[{"href":"https:\/\/tiketi.com\/fr-fr\/wp-json\/wp\/v2\/pages\/26621","targetHints":{"allow":["GET"]}}],"collection":[{"href":"https:\/\/tiketi.com\/fr-fr\/wp-json\/wp\/v2\/pages"}],"about":[{"href":"https:\/\/tiketi.com\/fr-fr\/wp-json\/wp\/v2\/types\/page"}],"author":[{"embeddable":true,"href":"https:\/\/tiketi.com\/fr-fr\/wp-json\/wp\/v2\/users\/1"}],"replies":[{"embeddable":true,"href":"https:\/\/tiketi.com\/fr-fr\/wp-json\/wp\/v2\/comments?post=26621"}],"version-history":[{"count":0,"href":"https:\/\/tiketi.com\/fr-fr\/wp-json\/wp\/v2\/pages\/26621\/revisions"}],"up":[{"embeddable":true,"href":"https:\/\/tiketi.com\/fr-fr\/wp-json\/wp\/v2\/pages\/25524"}],"wp:featuredmedia":[{"embeddable":true,"href":"https:\/\/tiketi.com\/fr-fr\/wp-json\/wp\/v2\/media\/13999"}],"wp:attachment":[{"href":"https:\/\/tiketi.com\/fr-fr\/wp-json\/wp\/v2\/media?parent=26621"}],"curies":[{"name":"wp","href":"https:\/\/api.w.org\/{rel}","templated":true}]}}