{"id":26624,"date":"2023-02-15T14:37:40","date_gmt":"2023-02-15T13:37:40","guid":{"rendered":"https:\/\/tiketi.com\/?page_id=26624"},"modified":"2023-02-15T14:37:40","modified_gmt":"2023-02-15T13:37:40","slug":"hodan-bus","status":"publish","type":"page","link":"https:\/\/tiketi.com\/fr-fr\/companies\/buses\/hodan-bus\/","title":{"rendered":"R\u00e9servation en ligne de bus Hodan, billets de bus, horaires, itin\u00e9raires et tarifs"},"content":{"rendered":"<h2>R\u00e9servation de billets en ligne pas cher pour le bus Hodan<\/h2>\n<h3>D\u00e9couvrez votre itin\u00e9raire de voyage sur le web, le mobile ou l&#039;application et r\u00e9servez en ligne des billets de bus Hodan pas chers d\u00e8s maintenant.<\/h3>\n<p>La r\u00e9servation en ligne de Hodan Bus au Kenya en toute simplicit\u00e9. Hodan bus est une entreprise k\u00e9nyane de transport de passagers haut de gamme qui relie la ville d&#039;affaires et la capitale du Kenya, Nairobi, aux pays occidentaux et \u00e0 Mombasa \u00e9galement. Faites la r\u00e9servation en ligne de billets de bus Hodan et \u00e9conomisez de l&#039;argent et du temps.<\/p>\n<h2>R\u00e9servation en ligne de bus Hodan Kenya, FAQ sur les billets de bus, les horaires, les itin\u00e9raires et les tarifs<\/h2>\n<h3>Quelles sont les lignes de bus Hodan Bus les plus c\u00e9l\u00e8bres du jour ?<\/h3>\n<p><strong>Lignes de bus et tarifs moyens de Hondan<\/strong><\/p>\n<p>\u2022 Nairobi \u00e0 Kisumu 1500<br \/>\n\u2022 Nairobi \u00e0 Mumias 1500<br \/>\n\u2022 Mombasa Mumias via Kakamega et Kapsabet 2800<br \/>\n\u2022 Nairobi \u00e0 Busia 1500<br \/>\n\u2022 Nairobi \u00e0 Bondo et Siaya 1500<br \/>\n\u2022 Nairobi \u00e0 Mombasa 1800<\/p>\n<h3>Flotte de bus Hodan au Kenya<\/h3>\n<p>Ils ont le meilleur nombre de flottes dans leur liste allant dans une classe semi-luxe avec beaucoup de divertissements et de services \u00e0 bord. Leurs bus sont g\u00e9r\u00e9s par des \u00e9quipes bien talentueuses.<\/p>\n<p>Leurs chauffeurs sont bien form\u00e9s avec des certificats d&#039;institutions renomm\u00e9es et leurs bus subissent un entretien r\u00e9gulier pour les garder frais pour tous les trajets programm\u00e9s.<\/p>\n<p>Leurs chauffeurs sont bien form\u00e9s avec des certificats d&#039;institutions renomm\u00e9es et leurs bus subissent un entretien r\u00e9gulier pour les garder frais pour tous les trajets programm\u00e9s.<\/p>\n<p>\u2022 Plusieurs t\u00e9l\u00e9viseurs pour le divertissement<br \/>\n\u2022 Accoudoir sur chaque si\u00e8ge et suffisamment d&#039;espace pour les jambes<\/p>\n<h2>Ligne de service de bus Hodan<\/h2>\n<p>Le bus Hodan offre des services quotidiens de transport de passagers du Kenya \u00e0 la r\u00e9gion c\u00f4ti\u00e8re.<br \/>\nLeurs services sont fiables avec une visite bien programm\u00e9e dans tous les terminaux, les passagers ont une option \u00e0 quelle heure peuvent r\u00e9server et partir vers leurs lieux pr\u00e9vus.<\/p>\n<p>L&#039;entreprise fait \u00e9galement transiter des colis de la ville de Nairobi vers tous les lieux de leurs itin\u00e9raires \u00e0 des prix abordables en fonction de la taille et de la nature du colis respectif.<\/p>\n<p>La r\u00e9servation des billets de bus Hodan peut \u00eatre effectu\u00e9e dans leurs bureaux plac\u00e9s dans chaque terminal de bus ainsi que dans leurs propres bureaux \u00e0 l&#039;ext\u00e9rieur des terminaux.<\/p>\n<h3>Quelles sont les coordonn\u00e9es des bureaux de r\u00e9servation Hodan Bus ?<\/h3>\n<p>Adresse : Nairobi, Kenya<\/p>\n<h2>Conseils de r\u00e9servation de billets en ligne pour le bus Hodan<\/h2>\n<p>C&#039;est l&#039;une des compagnies de bus qui offre les meilleurs services de transport de passagers et fiables aux parties occidentales des pays et \u00e0 la zone c\u00f4ti\u00e8re.<\/p>","protected":false},"excerpt":{"rendered":"<p>Cheap Hodan Bus Online Ticket Booking Discover your travel route on web, mobile or app and do cheap Hodan bus online ticket booking now. Hodan Bus online booking Kenya made easy. Hodan bus is a Kenyan premium passenger transportation firm which runs from the business city and capital of Kenya, Nairobi to Western countries and [&hellip;]<\/p>\n","protected":false},"author":1,"featured_media":13999,"parent":25524,"menu_order":0,"comment_status":"closed","ping_status":"closed","template":"template-home-modern.php","meta":{"footnotes":""},"class_list":["post-26624","page","type-page","status-publish","has-post-thumbnail","hentry"],"yoast_head":"<!-- This site is optimized with the Yoast SEO plugin v27.3 - https:\/\/yoast.com\/product\/yoast-seo-wordpress\/ -->\n<title>Hodan Bus Online Booking, Bus Tickets, Schedule, Routes &amp; Fares - Tiketi.com<\/title>\n<meta name=\"description\" content=\"Looking for Hodan bus online booking Kenya, app, contact, bus routes, fares and schedule timing? Make a Hodan bus online ticket booking now\" \/>\n<meta name=\"robots\" content=\"index, follow, max-snippet:-1, max-image-preview:large, max-video-preview:-1\" \/>\n<link rel=\"canonical\" href=\"https:\/\/tiketi.com\/fr-fr\/companies\/buses\/hodan-bus\/\" \/>\n<meta property=\"og:locale\" content=\"fr_FR\" \/>\n<meta property=\"og:type\" content=\"article\" \/>\n<meta property=\"og:title\" content=\"Hodan Bus Online Booking, Bus Tickets, Schedule, Routes &amp; Fares - Tiketi.com\" \/>\n<meta property=\"og:description\" content=\"Looking for Hodan bus online booking Kenya, app, contact, bus routes, fares and schedule timing? Make a Hodan bus online ticket booking now\" \/>\n<meta property=\"og:url\" content=\"https:\/\/tiketi.com\/fr-fr\/companies\/buses\/hodan-bus\/\" \/>\n<meta property=\"og:site_name\" content=\"Tiketi.com\" \/>\n<meta property=\"article:publisher\" content=\"https:\/\/www.facebook.com\/TiketiCom\/\" \/>\n<meta property=\"og:image\" content=\"https:\/\/tiketi.com\/wp-content\/uploads\/2022\/01\/bus-ticket-online-booking.jpg\" \/>\n\t<meta property=\"og:image:width\" content=\"1200\" \/>\n\t<meta property=\"og:image:height\" content=\"206\" \/>\n\t<meta property=\"og:image:type\" content=\"image\/jpeg\" \/>\n<meta name=\"twitter:card\" content=\"summary_large_image\" \/>\n<meta name=\"twitter:label1\" content=\"Dur\u00e9e de lecture estim\u00e9e\" \/>\n\t<meta name=\"twitter:data1\" content=\"2 minutes\" \/>\n<script type=\"application\/ld+json\" class=\"yoast-schema-graph\">{\"@context\":\"https:\\\/\\\/schema.org\",\"@graph\":[{\"@type\":\"WebPage\",\"@id\":\"https:\\\/\\\/tiketi.com\\\/companies\\\/buses\\\/hodan-bus\\\/\",\"url\":\"https:\\\/\\\/tiketi.com\\\/companies\\\/buses\\\/hodan-bus\\\/\",\"name\":\"Hodan Bus Online Booking, Bus Tickets, Schedule, Routes & Fares - Tiketi.com\",\"isPartOf\":{\"@id\":\"https:\\\/\\\/tiketi.com\\\/#website\"},\"primaryImageOfPage\":{\"@id\":\"https:\\\/\\\/tiketi.com\\\/companies\\\/buses\\\/hodan-bus\\\/#primaryimage\"},\"image\":{\"@id\":\"https:\\\/\\\/tiketi.com\\\/companies\\\/buses\\\/hodan-bus\\\/#primaryimage\"},\"thumbnailUrl\":\"https:\\\/\\\/tiketi.com\\\/wp-content\\\/uploads\\\/2022\\\/01\\\/bus-ticket-online-booking.jpg\",\"datePublished\":\"2023-02-15T13:37:40+00:00\",\"description\":\"Looking for Hodan bus online booking Kenya, app, contact, bus routes, fares and schedule timing? Make a Hodan bus online ticket booking now\",\"breadcrumb\":{\"@id\":\"https:\\\/\\\/tiketi.com\\\/companies\\\/buses\\\/hodan-bus\\\/#breadcrumb\"},\"inLanguage\":\"fr-FR\",\"potentialAction\":[{\"@type\":\"ReadAction\",\"target\":[\"https:\\\/\\\/tiketi.com\\\/companies\\\/buses\\\/hodan-bus\\\/\"]}]},{\"@type\":\"ImageObject\",\"inLanguage\":\"fr-FR\",\"@id\":\"https:\\\/\\\/tiketi.com\\\/companies\\\/buses\\\/hodan-bus\\\/#primaryimage\",\"url\":\"https:\\\/\\\/tiketi.com\\\/wp-content\\\/uploads\\\/2022\\\/01\\\/bus-ticket-online-booking.jpg\",\"contentUrl\":\"https:\\\/\\\/tiketi.com\\\/wp-content\\\/uploads\\\/2022\\\/01\\\/bus-ticket-online-booking.jpg\",\"width\":1200,\"height\":206,\"caption\":\"Online Bus Ticket Booking\"},{\"@type\":\"BreadcrumbList\",\"@id\":\"https:\\\/\\\/tiketi.com\\\/companies\\\/buses\\\/hodan-bus\\\/#breadcrumb\",\"itemListElement\":[{\"@type\":\"ListItem\",\"position\":1,\"name\":\"Home\",\"item\":\"https:\\\/\\\/tiketi.com\\\/\"},{\"@type\":\"ListItem\",\"position\":2,\"name\":\"Companies\",\"item\":\"https:\\\/\\\/tiketi.com\\\/companies\\\/\"},{\"@type\":\"ListItem\",\"position\":3,\"name\":\"Buses\",\"item\":\"https:\\\/\\\/tiketi.com\\\/companies\\\/buses\\\/\"},{\"@type\":\"ListItem\",\"position\":4,\"name\":\"Hodan Bus Online Booking, Bus Tickets, Schedule, Routes &#038; Fares\"}]},{\"@type\":\"WebSite\",\"@id\":\"https:\\\/\\\/tiketi.com\\\/#website\",\"url\":\"https:\\\/\\\/tiketi.com\\\/\",\"name\":\"Flight & Bus Tickets, Tour Packages & Activitites - Tiketi.com\",\"description\":\"Flight &amp; Bus Tickets, Tours, Activitites\",\"publisher\":{\"@id\":\"https:\\\/\\\/tiketi.com\\\/#organization\"},\"potentialAction\":[{\"@type\":\"SearchAction\",\"target\":{\"@type\":\"EntryPoint\",\"urlTemplate\":\"https:\\\/\\\/tiketi.com\\\/?s={search_term_string}\"},\"query-input\":{\"@type\":\"PropertyValueSpecification\",\"valueRequired\":true,\"valueName\":\"search_term_string\"}}],\"inLanguage\":\"fr-FR\"},{\"@type\":\"Organization\",\"@id\":\"https:\\\/\\\/tiketi.com\\\/#organization\",\"name\":\"Tiketi.com\",\"alternateName\":\"Tiketi\",\"url\":\"https:\\\/\\\/tiketi.com\\\/\",\"logo\":{\"@type\":\"ImageObject\",\"inLanguage\":\"fr-FR\",\"@id\":\"https:\\\/\\\/tiketi.com\\\/#\\\/schema\\\/logo\\\/image\\\/\",\"url\":\"https:\\\/\\\/tiketi.com\\\/wp-content\\\/uploads\\\/2019\\\/05\\\/tiketi-logo-696.png\",\"contentUrl\":\"https:\\\/\\\/tiketi.com\\\/wp-content\\\/uploads\\\/2019\\\/05\\\/tiketi-logo-696.png\",\"width\":696,\"height\":696,\"caption\":\"Tiketi.com\"},\"image\":{\"@id\":\"https:\\\/\\\/tiketi.com\\\/#\\\/schema\\\/logo\\\/image\\\/\"},\"sameAs\":[\"https:\\\/\\\/www.facebook.com\\\/TiketiCom\\\/\"]}]}<\/script>\n<!-- \/ Yoast SEO plugin. -->","yoast_head_json":{"title":"Hodan Bus R\u00e9servation en ligne, Billets de bus, Horaires, Trajets &amp; Tarifs - Tiketi.com","description":"Vous recherchez une r\u00e9servation en ligne de bus Hodan Kenya, une application, un contact, des itin\u00e9raires de bus, des tarifs et des horaires? Faites une r\u00e9servation en ligne de billets de bus Hodan maintenant","robots":{"index":"index","follow":"follow","max-snippet":"max-snippet:-1","max-image-preview":"max-image-preview:large","max-video-preview":"max-video-preview:-1"},"canonical":"https:\/\/tiketi.com\/fr-fr\/companies\/buses\/hodan-bus\/","og_locale":"fr_FR","og_type":"article","og_title":"Hodan Bus Online Booking, Bus Tickets, Schedule, Routes & Fares - Tiketi.com","og_description":"Looking for Hodan bus online booking Kenya, app, contact, bus routes, fares and schedule timing? Make a Hodan bus online ticket booking now","og_url":"https:\/\/tiketi.com\/fr-fr\/companies\/buses\/hodan-bus\/","og_site_name":"Tiketi.com","article_publisher":"https:\/\/www.facebook.com\/TiketiCom\/","og_image":[{"width":1200,"height":206,"url":"https:\/\/tiketi.com\/wp-content\/uploads\/2022\/01\/bus-ticket-online-booking.jpg","type":"image\/jpeg"}],"twitter_card":"summary_large_image","twitter_misc":{"Dur\u00e9e de lecture estim\u00e9e":"2 minutes"},"schema":{"@context":"https:\/\/schema.org","@graph":[{"@type":"WebPage","@id":"https:\/\/tiketi.com\/companies\/buses\/hodan-bus\/","url":"https:\/\/tiketi.com\/companies\/buses\/hodan-bus\/","name":"Hodan Bus R\u00e9servation en ligne, Billets de bus, Horaires, Trajets &amp; Tarifs - Tiketi.com","isPartOf":{"@id":"https:\/\/tiketi.com\/#website"},"primaryImageOfPage":{"@id":"https:\/\/tiketi.com\/companies\/buses\/hodan-bus\/#primaryimage"},"image":{"@id":"https:\/\/tiketi.com\/companies\/buses\/hodan-bus\/#primaryimage"},"thumbnailUrl":"https:\/\/tiketi.com\/wp-content\/uploads\/2022\/01\/bus-ticket-online-booking.jpg","datePublished":"2023-02-15T13:37:40+00:00","description":"Vous recherchez une r\u00e9servation en ligne de bus Hodan Kenya, une application, un contact, des itin\u00e9raires de bus, des tarifs et des horaires? Faites une r\u00e9servation en ligne de billets de bus Hodan maintenant","breadcrumb":{"@id":"https:\/\/tiketi.com\/companies\/buses\/hodan-bus\/#breadcrumb"},"inLanguage":"fr-FR","potentialAction":[{"@type":"ReadAction","target":["https:\/\/tiketi.com\/companies\/buses\/hodan-bus\/"]}]},{"@type":"ImageObject","inLanguage":"fr-FR","@id":"https:\/\/tiketi.com\/companies\/buses\/hodan-bus\/#primaryimage","url":"https:\/\/tiketi.com\/wp-content\/uploads\/2022\/01\/bus-ticket-online-booking.jpg","contentUrl":"https:\/\/tiketi.com\/wp-content\/uploads\/2022\/01\/bus-ticket-online-booking.jpg","width":1200,"height":206,"caption":"Online Bus Ticket Booking"},{"@type":"BreadcrumbList","@id":"https:\/\/tiketi.com\/companies\/buses\/hodan-bus\/#breadcrumb","itemListElement":[{"@type":"ListItem","position":1,"name":"Home","item":"https:\/\/tiketi.com\/"},{"@type":"ListItem","position":2,"name":"Companies","item":"https:\/\/tiketi.com\/companies\/"},{"@type":"ListItem","position":3,"name":"Buses","item":"https:\/\/tiketi.com\/companies\/buses\/"},{"@type":"ListItem","position":4,"name":"Hodan Bus Online Booking, Bus Tickets, Schedule, Routes &#038; Fares"}]},{"@type":"WebSite","@id":"https:\/\/tiketi.com\/#website","url":"https:\/\/tiketi.com\/","name":"Billets d&#039;avion et de bus, forfaits touristiques et activit\u00e9s - Tiketi.com","description":"Billets d&#039;avion et de bus, Tours, Activit\u00e9s","publisher":{"@id":"https:\/\/tiketi.com\/#organization"},"potentialAction":[{"@type":"SearchAction","target":{"@type":"EntryPoint","urlTemplate":"https:\/\/tiketi.com\/?s={search_term_string}"},"query-input":{"@type":"PropertyValueSpecification","valueRequired":true,"valueName":"search_term_string"}}],"inLanguage":"fr-FR"},{"@type":"Organization","@id":"https:\/\/tiketi.com\/#organization","name":"Tiketi.com","alternateName":"Tiketi","url":"https:\/\/tiketi.com\/","logo":{"@type":"ImageObject","inLanguage":"fr-FR","@id":"https:\/\/tiketi.com\/#\/schema\/logo\/image\/","url":"https:\/\/tiketi.com\/wp-content\/uploads\/2019\/05\/tiketi-logo-696.png","contentUrl":"https:\/\/tiketi.com\/wp-content\/uploads\/2019\/05\/tiketi-logo-696.png","width":696,"height":696,"caption":"Tiketi.com"},"image":{"@id":"https:\/\/tiketi.com\/#\/schema\/logo\/image\/"},"sameAs":["https:\/\/www.facebook.com\/TiketiCom\/"]}]}},"_links":{"self":[{"href":"https:\/\/tiketi.com\/fr-fr\/wp-json\/wp\/v2\/pages\/26624","targetHints":{"allow":["GET"]}}],"collection":[{"href":"https:\/\/tiketi.com\/fr-fr\/wp-json\/wp\/v2\/pages"}],"about":[{"href":"https:\/\/tiketi.com\/fr-fr\/wp-json\/wp\/v2\/types\/page"}],"author":[{"embeddable":true,"href":"https:\/\/tiketi.com\/fr-fr\/wp-json\/wp\/v2\/users\/1"}],"replies":[{"embeddable":true,"href":"https:\/\/tiketi.com\/fr-fr\/wp-json\/wp\/v2\/comments?post=26624"}],"version-history":[{"count":0,"href":"https:\/\/tiketi.com\/fr-fr\/wp-json\/wp\/v2\/pages\/26624\/revisions"}],"up":[{"embeddable":true,"href":"https:\/\/tiketi.com\/fr-fr\/wp-json\/wp\/v2\/pages\/25524"}],"wp:featuredmedia":[{"embeddable":true,"href":"https:\/\/tiketi.com\/fr-fr\/wp-json\/wp\/v2\/media\/13999"}],"wp:attachment":[{"href":"https:\/\/tiketi.com\/fr-fr\/wp-json\/wp\/v2\/media?parent=26624"}],"curies":[{"name":"wp","href":"https:\/\/api.w.org\/{rel}","templated":true}]}}