{"id":26625,"date":"2023-02-15T14:49:02","date_gmt":"2023-02-15T13:49:02","guid":{"rendered":"https:\/\/tiketi.com\/?page_id=26625"},"modified":"2023-02-15T14:58:51","modified_gmt":"2023-02-15T13:58:51","slug":"kinatwa-sacco","status":"publish","type":"page","link":"https:\/\/tiketi.com\/fr-fr\/companies\/buses\/kinatwa-sacco\/","title":{"rendered":"Kinatwa Sacco R\u00e9servation en ligne, billets de bus, horaires, itin\u00e9raires et tarifs"},"content":{"rendered":"<h2>Kinatwa Sacco R\u00e9servation de billets de bus en ligne<\/h2>\n<h3>D\u00e9couvrez votre itin\u00e9raire sur le Web, le mobile ou l&#039;application et r\u00e9servez d\u00e8s maintenant vos billets de bus en ligne Kinatwa Sacco pas chers.<\/h3>\n<p>Kinatwa Sacco r\u00e9servation en ligne Kenya facile. Kinatwa Sacco est une SACCO bas\u00e9e sur le transport avec son si\u00e8ge social place din Kitui. La SACCO a acquis un statut dans de nombreuses r\u00e9gions du Kenya pour son service de transport r\u00e9ussi \u00e0 la fois par des camionnettes ordinaires de 14 capacit\u00e9s et des livraisons de cadres et de colis. Faites la r\u00e9servation de billets de bus en ligne Kinatwa Sacco et \u00e9conomisez de l&#039;argent et du temps.<\/p>\n<h2>Kinatwa Sacco R\u00e9servation en ligne Kenya, billets de bus, horaires, itin\u00e9raires et tarifs FAQs<\/h2>\n<h3>Quelles sont les lignes de bus Kinatwa Sacco Classic les plus c\u00e9l\u00e8bres au quotidien ?<\/h3>\n<p>Lignes de bus de la navette Kinatwa au Kenya\u00a0:<\/p>\n<p>\u2022 Nariboi \u00e0 Mwingi<br \/>\n\u2022 Nairobi \u00e0 Kitui<br \/>\n\u2022 Nairobi \u00e0 Wote<br \/>\n\u2022 Nairobi \u00e0 Mutomo<br \/>\n\u2022 Nairobi \u00e0 Makindu<br \/>\n\u2022 Nairobi \u00e0 Kibwezi<br \/>\n\u2022 Nairobi \u00e0 Mombasa<br \/>\n\u2022 Kitui \u00e0 Mombasa<\/p>\n<h3>Ligne Kinatwa Shuttle Fleet<\/h3>\n<p>L&#039;entreprise poss\u00e8de et g\u00e8re les meilleurs Matatu du Kenya, principalement sur les routes Kitui depuis Mombasa et Nairobi. La plupart de leurs Matau sont de nouvelles \u00e9ditions de Nissan et de Toyota Hiace.<\/p>\n<p>Leurs matatus sont constitu\u00e9s d&#039;un petit bus de 14 places avec un canap\u00e9 extr\u00eamement relaxant pour vous offrir les meilleures exp\u00e9riences de voyage vers vos destinations.<\/p>\n<p>Leur Matatu dispose de nombreux \u00e9quipements \u00e0 bord comme la climatisation, un syst\u00e8me visuel pour le divertissement, un syst\u00e8me de charge et bien d&#039;autres sp\u00e9cifications.<\/p>\n<h3>La ligne de service de la soci\u00e9t\u00e9 Matatu<\/h3>\n<p>Kinatwa sacco propose des trajets quotidiens vers la capitale Nairobi depuis les grandes villes comme Kibwezi, Kitui, Mombasa et Makindu.<\/p>\n<p>Le Sacco fournit \u00e0 la fois des services de transport de passagers et des services de transfert de colis vers toutes les grandes routes et villes.<\/p>\n<p>Kinatwa fournit une grande liste d&#039;options de transport pour mieux r\u00e9pondre aux besoins de nos clients. Le courrier de Kinatwa livre des colis sur tous les itin\u00e9raires.<\/p>\n<p>La SACCO a \u00e9galement maintenu ses objectifs fondamentaux de mobilisation de l&#039;\u00e9pargne pour les terres poss\u00e9d\u00e9es \u00e0 des tarifs abordables afin de permettre aux membres de s&#039;engager dans leurs entreprises de mani\u00e8re rentable et d&#039;am\u00e9liorer leur quartier vivant.<\/p>\n<h3>Quelles sont les coordonn\u00e9es des bureaux de r\u00e9servation Kinatwa Sacco Classic ?<\/h3>\n<p>Bureau Kinatwa sacco<br \/>\nAdresse<br \/>\nPO BOX 979-90200<br \/>\nKituiKenya<\/p>\n<h2>Kinatwa Sacco Conseils de r\u00e9servation de billets de bus en ligne<\/h2>\n<p>La SACCO a \u00e9t\u00e9 cr\u00e9\u00e9e en 2001 par des propri\u00e9taires de matatu de Kitui et de Nairobi \u00e0 une \u00e9poque o\u00f9 l&#039;industrie du matatu \u00e9tait c\u00e9l\u00e8bre pour sa notori\u00e9t\u00e9.<\/p>\n<p>Avec le z\u00e8le de rationaliser les op\u00e9rations et d&#039;inculquer la discipline, les propri\u00e9taires du groupe Matatu ont poursuivi l&#039;enregistrement et l&#039;incorporation de Klnatwa en 2004 en vertu de la loi sur la soci\u00e9t\u00e9 coop\u00e9rative cap 490.<\/p>","protected":false},"excerpt":{"rendered":"<p>Kinatwa Sacco Online Bus Ticket Booking Discover your travel route on web, mobile or app and do cheap Kinatwa Sacco online bus ticket booking now. Kinatwa Sacco online booking &nbsp;Kenya made easy. Kinatwa Sacco is a transport based SACCO with its headquarters place din Kitui. The SACCO has gained status in many parts of Kenya [&hellip;]<\/p>\n","protected":false},"author":1,"featured_media":13999,"parent":25524,"menu_order":0,"comment_status":"closed","ping_status":"closed","template":"template-home-modern.php","meta":{"footnotes":""},"class_list":["post-26625","page","type-page","status-publish","has-post-thumbnail","hentry"],"yoast_head":"<!-- This site is optimized with the Yoast SEO plugin v27.5 - https:\/\/yoast.com\/product\/yoast-seo-wordpress\/ -->\n<title>Kinatwa Sacco Online Booking, Bus Tickets, Schedule, Routes &amp; Fares - Tiketi.com<\/title>\n<meta name=\"description\" content=\"Looking for Kinatwa Sacco online booking Kenya, app, contact, bus routes, fares and schedule timing? Make a Kinatwa Sacco online bus ticket booking now\" \/>\n<meta name=\"robots\" content=\"index, follow, max-snippet:-1, max-image-preview:large, max-video-preview:-1\" \/>\n<link rel=\"canonical\" href=\"https:\/\/tiketi.com\/fr-fr\/companies\/buses\/kinatwa-sacco\/\" \/>\n<meta property=\"og:locale\" content=\"fr_FR\" \/>\n<meta property=\"og:type\" content=\"article\" \/>\n<meta property=\"og:title\" content=\"Kinatwa Sacco Online Booking, Bus Tickets, Schedule, Routes &amp; Fares - Tiketi.com\" \/>\n<meta property=\"og:description\" content=\"Looking for Kinatwa Sacco online booking Kenya, app, contact, bus routes, fares and schedule timing? Make a Kinatwa Sacco online bus ticket booking now\" \/>\n<meta property=\"og:url\" content=\"https:\/\/tiketi.com\/fr-fr\/companies\/buses\/kinatwa-sacco\/\" \/>\n<meta property=\"og:site_name\" content=\"Tiketi.com\" \/>\n<meta property=\"article:publisher\" content=\"https:\/\/www.facebook.com\/TiketiCom\/\" \/>\n<meta property=\"article:modified_time\" content=\"2023-02-15T13:58:51+00:00\" \/>\n<meta property=\"og:image\" content=\"https:\/\/tiketi.com\/wp-content\/uploads\/2022\/01\/bus-ticket-online-booking.jpg\" \/>\n\t<meta property=\"og:image:width\" content=\"1200\" \/>\n\t<meta property=\"og:image:height\" content=\"206\" \/>\n\t<meta property=\"og:image:type\" content=\"image\/jpeg\" \/>\n<meta name=\"twitter:card\" content=\"summary_large_image\" \/>\n<meta name=\"twitter:label1\" content=\"Dur\u00e9e de lecture estim\u00e9e\" \/>\n\t<meta name=\"twitter:data1\" content=\"2 minutes\" \/>\n<script type=\"application\/ld+json\" class=\"yoast-schema-graph\">{\"@context\":\"https:\\\/\\\/schema.org\",\"@graph\":[{\"@type\":\"WebPage\",\"@id\":\"https:\\\/\\\/tiketi.com\\\/companies\\\/buses\\\/kinatwa-sacco\\\/\",\"url\":\"https:\\\/\\\/tiketi.com\\\/companies\\\/buses\\\/kinatwa-sacco\\\/\",\"name\":\"Kinatwa Sacco Online Booking, Bus Tickets, Schedule, Routes & Fares - Tiketi.com\",\"isPartOf\":{\"@id\":\"https:\\\/\\\/tiketi.com\\\/#website\"},\"primaryImageOfPage\":{\"@id\":\"https:\\\/\\\/tiketi.com\\\/companies\\\/buses\\\/kinatwa-sacco\\\/#primaryimage\"},\"image\":{\"@id\":\"https:\\\/\\\/tiketi.com\\\/companies\\\/buses\\\/kinatwa-sacco\\\/#primaryimage\"},\"thumbnailUrl\":\"https:\\\/\\\/tiketi.com\\\/wp-content\\\/uploads\\\/2022\\\/01\\\/bus-ticket-online-booking.jpg\",\"datePublished\":\"2023-02-15T13:49:02+00:00\",\"dateModified\":\"2023-02-15T13:58:51+00:00\",\"description\":\"Looking for Kinatwa Sacco online booking Kenya, app, contact, bus routes, fares and schedule timing? Make a Kinatwa Sacco online bus ticket booking now\",\"breadcrumb\":{\"@id\":\"https:\\\/\\\/tiketi.com\\\/companies\\\/buses\\\/kinatwa-sacco\\\/#breadcrumb\"},\"inLanguage\":\"fr-FR\",\"potentialAction\":[{\"@type\":\"ReadAction\",\"target\":[\"https:\\\/\\\/tiketi.com\\\/companies\\\/buses\\\/kinatwa-sacco\\\/\"]}]},{\"@type\":\"ImageObject\",\"inLanguage\":\"fr-FR\",\"@id\":\"https:\\\/\\\/tiketi.com\\\/companies\\\/buses\\\/kinatwa-sacco\\\/#primaryimage\",\"url\":\"https:\\\/\\\/tiketi.com\\\/wp-content\\\/uploads\\\/2022\\\/01\\\/bus-ticket-online-booking.jpg\",\"contentUrl\":\"https:\\\/\\\/tiketi.com\\\/wp-content\\\/uploads\\\/2022\\\/01\\\/bus-ticket-online-booking.jpg\",\"width\":1200,\"height\":206,\"caption\":\"Online Bus Ticket Booking\"},{\"@type\":\"BreadcrumbList\",\"@id\":\"https:\\\/\\\/tiketi.com\\\/companies\\\/buses\\\/kinatwa-sacco\\\/#breadcrumb\",\"itemListElement\":[{\"@type\":\"ListItem\",\"position\":1,\"name\":\"Home\",\"item\":\"https:\\\/\\\/tiketi.com\\\/\"},{\"@type\":\"ListItem\",\"position\":2,\"name\":\"Companies\",\"item\":\"https:\\\/\\\/tiketi.com\\\/companies\\\/\"},{\"@type\":\"ListItem\",\"position\":3,\"name\":\"Buses\",\"item\":\"https:\\\/\\\/tiketi.com\\\/companies\\\/buses\\\/\"},{\"@type\":\"ListItem\",\"position\":4,\"name\":\"Kinatwa Sacco Online Booking, Bus Tickets, Schedule, Routes &#038; Fares\"}]},{\"@type\":\"WebSite\",\"@id\":\"https:\\\/\\\/tiketi.com\\\/#website\",\"url\":\"https:\\\/\\\/tiketi.com\\\/\",\"name\":\"Flight & Bus Tickets, Tour Packages & Activitites - Tiketi.com\",\"description\":\"Flight &amp; Bus Tickets, Tours, Activitites\",\"publisher\":{\"@id\":\"https:\\\/\\\/tiketi.com\\\/#organization\"},\"potentialAction\":[{\"@type\":\"SearchAction\",\"target\":{\"@type\":\"EntryPoint\",\"urlTemplate\":\"https:\\\/\\\/tiketi.com\\\/?s={search_term_string}\"},\"query-input\":{\"@type\":\"PropertyValueSpecification\",\"valueRequired\":true,\"valueName\":\"search_term_string\"}}],\"inLanguage\":\"fr-FR\"},{\"@type\":\"Organization\",\"@id\":\"https:\\\/\\\/tiketi.com\\\/#organization\",\"name\":\"Tiketi.com\",\"alternateName\":\"Tiketi\",\"url\":\"https:\\\/\\\/tiketi.com\\\/\",\"logo\":{\"@type\":\"ImageObject\",\"inLanguage\":\"fr-FR\",\"@id\":\"https:\\\/\\\/tiketi.com\\\/#\\\/schema\\\/logo\\\/image\\\/\",\"url\":\"https:\\\/\\\/tiketi.com\\\/wp-content\\\/uploads\\\/2019\\\/05\\\/tiketi-logo-696.png\",\"contentUrl\":\"https:\\\/\\\/tiketi.com\\\/wp-content\\\/uploads\\\/2019\\\/05\\\/tiketi-logo-696.png\",\"width\":696,\"height\":696,\"caption\":\"Tiketi.com\"},\"image\":{\"@id\":\"https:\\\/\\\/tiketi.com\\\/#\\\/schema\\\/logo\\\/image\\\/\"},\"sameAs\":[\"https:\\\/\\\/www.facebook.com\\\/TiketiCom\\\/\"]}]}<\/script>\n<!-- \/ Yoast SEO plugin. -->","yoast_head_json":{"title":"Kinatwa Sacco R\u00e9servation en ligne, Billets de bus, Horaires, Trajets &amp; Tarifs - Tiketi.com","description":"Vous recherchez Kinatwa Sacco r\u00e9servation en ligne Kenya, application, contact, itin\u00e9raires de bus, tarifs et horaires? Faites une r\u00e9servation de billet de bus en ligne Kinatwa Sacco maintenant","robots":{"index":"index","follow":"follow","max-snippet":"max-snippet:-1","max-image-preview":"max-image-preview:large","max-video-preview":"max-video-preview:-1"},"canonical":"https:\/\/tiketi.com\/fr-fr\/companies\/buses\/kinatwa-sacco\/","og_locale":"fr_FR","og_type":"article","og_title":"Kinatwa Sacco Online Booking, Bus Tickets, Schedule, Routes & Fares - Tiketi.com","og_description":"Looking for Kinatwa Sacco online booking Kenya, app, contact, bus routes, fares and schedule timing? Make a Kinatwa Sacco online bus ticket booking now","og_url":"https:\/\/tiketi.com\/fr-fr\/companies\/buses\/kinatwa-sacco\/","og_site_name":"Tiketi.com","article_publisher":"https:\/\/www.facebook.com\/TiketiCom\/","article_modified_time":"2023-02-15T13:58:51+00:00","og_image":[{"width":1200,"height":206,"url":"https:\/\/tiketi.com\/wp-content\/uploads\/2022\/01\/bus-ticket-online-booking.jpg","type":"image\/jpeg"}],"twitter_card":"summary_large_image","twitter_misc":{"Dur\u00e9e de lecture estim\u00e9e":"2 minutes"},"schema":{"@context":"https:\/\/schema.org","@graph":[{"@type":"WebPage","@id":"https:\/\/tiketi.com\/companies\/buses\/kinatwa-sacco\/","url":"https:\/\/tiketi.com\/companies\/buses\/kinatwa-sacco\/","name":"Kinatwa Sacco R\u00e9servation en ligne, Billets de bus, Horaires, Trajets &amp; Tarifs - Tiketi.com","isPartOf":{"@id":"https:\/\/tiketi.com\/#website"},"primaryImageOfPage":{"@id":"https:\/\/tiketi.com\/companies\/buses\/kinatwa-sacco\/#primaryimage"},"image":{"@id":"https:\/\/tiketi.com\/companies\/buses\/kinatwa-sacco\/#primaryimage"},"thumbnailUrl":"https:\/\/tiketi.com\/wp-content\/uploads\/2022\/01\/bus-ticket-online-booking.jpg","datePublished":"2023-02-15T13:49:02+00:00","dateModified":"2023-02-15T13:58:51+00:00","description":"Vous recherchez Kinatwa Sacco r\u00e9servation en ligne Kenya, application, contact, itin\u00e9raires de bus, tarifs et horaires? Faites une r\u00e9servation de billet de bus en ligne Kinatwa Sacco maintenant","breadcrumb":{"@id":"https:\/\/tiketi.com\/companies\/buses\/kinatwa-sacco\/#breadcrumb"},"inLanguage":"fr-FR","potentialAction":[{"@type":"ReadAction","target":["https:\/\/tiketi.com\/companies\/buses\/kinatwa-sacco\/"]}]},{"@type":"ImageObject","inLanguage":"fr-FR","@id":"https:\/\/tiketi.com\/companies\/buses\/kinatwa-sacco\/#primaryimage","url":"https:\/\/tiketi.com\/wp-content\/uploads\/2022\/01\/bus-ticket-online-booking.jpg","contentUrl":"https:\/\/tiketi.com\/wp-content\/uploads\/2022\/01\/bus-ticket-online-booking.jpg","width":1200,"height":206,"caption":"Online Bus Ticket Booking"},{"@type":"BreadcrumbList","@id":"https:\/\/tiketi.com\/companies\/buses\/kinatwa-sacco\/#breadcrumb","itemListElement":[{"@type":"ListItem","position":1,"name":"Home","item":"https:\/\/tiketi.com\/"},{"@type":"ListItem","position":2,"name":"Companies","item":"https:\/\/tiketi.com\/companies\/"},{"@type":"ListItem","position":3,"name":"Buses","item":"https:\/\/tiketi.com\/companies\/buses\/"},{"@type":"ListItem","position":4,"name":"Kinatwa Sacco Online Booking, Bus Tickets, Schedule, Routes &#038; Fares"}]},{"@type":"WebSite","@id":"https:\/\/tiketi.com\/#website","url":"https:\/\/tiketi.com\/","name":"Billets d&#039;avion et de bus, forfaits touristiques et activit\u00e9s - Tiketi.com","description":"Billets d&#039;avion et de bus, Tours, Activit\u00e9s","publisher":{"@id":"https:\/\/tiketi.com\/#organization"},"potentialAction":[{"@type":"SearchAction","target":{"@type":"EntryPoint","urlTemplate":"https:\/\/tiketi.com\/?s={search_term_string}"},"query-input":{"@type":"PropertyValueSpecification","valueRequired":true,"valueName":"search_term_string"}}],"inLanguage":"fr-FR"},{"@type":"Organization","@id":"https:\/\/tiketi.com\/#organization","name":"Tiketi.com","alternateName":"Tiketi","url":"https:\/\/tiketi.com\/","logo":{"@type":"ImageObject","inLanguage":"fr-FR","@id":"https:\/\/tiketi.com\/#\/schema\/logo\/image\/","url":"https:\/\/tiketi.com\/wp-content\/uploads\/2019\/05\/tiketi-logo-696.png","contentUrl":"https:\/\/tiketi.com\/wp-content\/uploads\/2019\/05\/tiketi-logo-696.png","width":696,"height":696,"caption":"Tiketi.com"},"image":{"@id":"https:\/\/tiketi.com\/#\/schema\/logo\/image\/"},"sameAs":["https:\/\/www.facebook.com\/TiketiCom\/"]}]}},"_links":{"self":[{"href":"https:\/\/tiketi.com\/fr-fr\/wp-json\/wp\/v2\/pages\/26625","targetHints":{"allow":["GET"]}}],"collection":[{"href":"https:\/\/tiketi.com\/fr-fr\/wp-json\/wp\/v2\/pages"}],"about":[{"href":"https:\/\/tiketi.com\/fr-fr\/wp-json\/wp\/v2\/types\/page"}],"author":[{"embeddable":true,"href":"https:\/\/tiketi.com\/fr-fr\/wp-json\/wp\/v2\/users\/1"}],"replies":[{"embeddable":true,"href":"https:\/\/tiketi.com\/fr-fr\/wp-json\/wp\/v2\/comments?post=26625"}],"version-history":[{"count":0,"href":"https:\/\/tiketi.com\/fr-fr\/wp-json\/wp\/v2\/pages\/26625\/revisions"}],"up":[{"embeddable":true,"href":"https:\/\/tiketi.com\/fr-fr\/wp-json\/wp\/v2\/pages\/25524"}],"wp:featuredmedia":[{"embeddable":true,"href":"https:\/\/tiketi.com\/fr-fr\/wp-json\/wp\/v2\/media\/13999"}],"wp:attachment":[{"href":"https:\/\/tiketi.com\/fr-fr\/wp-json\/wp\/v2\/media?parent=26625"}],"curies":[{"name":"wp","href":"https:\/\/api.w.org\/{rel}","templated":true}]}}