{"id":26630,"date":"2023-02-15T15:33:01","date_gmt":"2023-02-15T14:33:01","guid":{"rendered":"https:\/\/tiketi.com\/?page_id=26630"},"modified":"2025-08-03T19:13:35","modified_gmt":"2025-08-03T18:13:35","slug":"loliondo-coach","status":"publish","type":"page","link":"https:\/\/tiketi.com\/fr-fr\/companies\/buses\/loliondo-coach\/","title":{"rendered":"R\u00e9servation en ligne de Loliondo Coach"},"content":{"rendered":"<h2>Loliondo Coach R\u00e9servation de billets de bus en ligne<\/h2>\n<h3>D\u00e9couvrez votre itin\u00e9raire de voyage sur le web, le mobile ou l&#039;application et r\u00e9servez d\u00e8s maintenant vos billets de bus en ligne Loliondo Coach \u00e0 bas prix.<\/h3>\n<p>La r\u00e9servation en ligne de Loliondo Coach simplifi\u00e9e. Loliondo coach est une c\u00e9l\u00e8bre entreprise de transport par autobus bas\u00e9e dans la ville d&#039;Arusha. Le si\u00e8ge social est situ\u00e9 dans la ville de Lolindo dans la r\u00e9gion d&#039;Arusha. L&#039;entreprise est bien d\u00e9termin\u00e9e \u00e0 vous servir lorsque vous montez \u00e0 bord de leurs bus. Ils circulent principalement sur les routes Arusha \u00e0 Musoma, Arusha \u00e0 Mwanza, Arusha \u00e0 Lolindo. Faites la r\u00e9servation de billets de bus en ligne Loliondo Coach et \u00e9conomisez de l&#039;argent et du temps.<\/p>\n<h2>Loliondo Coach R\u00e9servation en ligne, billets de bus, horaires, itin\u00e9raires et tarifs FAQ<\/h2>\n<h3>Quelles sont les lignes de bus les plus c\u00e9l\u00e8bres de Loliondo Coach au quotidien ?<\/h3>\n<p>Lignes de bus en direct de l&#039;autocar Loliondo\u00a0:<\/p>\n<p>\u2022 Arusha \u00e0 Musoma<br \/>\n\u2022 Arusha \u00e0 Mwanza<br \/>\n\u2022 Arusha \u00e0 Tarime<br \/>\n\u2022 Arusha \u00e0 Tarime<\/p>\n<h3>Loliondo Coach Company Fleet Line<\/h3>\n<p>L&#039;entreprise dispose d&#039;une nouvelle flotte de luxe pour fournir \u00e0 ses clients ce qu&#039;ils veulent sur les longs trajets entre la r\u00e9gion du lac et la zone nord.<\/p>\n<p>La plupart de leurs bus sont des autocars Yutong qui sont construits avec un design int\u00e9rieur et des caract\u00e9ristiques personnalis\u00e9s. Leurs bus offrent une exp\u00e9rience sp\u00e9ciale aux visiteurs qui privil\u00e9gient les derni\u00e8res technologies. Tous leurs bus sont livr\u00e9s avec les services et fonctionnalit\u00e9s \u00e0 bord suivants\u00a0:<\/p>\n<p>\u2022 Ports de chargement USB sur chaque si\u00e8ge<br \/>\n\u2022 2 x 2 si\u00e8ges inclinables avec suffisamment d&#039;espace pour les jambes<br \/>\n\u2022 Service de climatisation avec panneau de commande individuel<br \/>\n\u2022 Audiovisuel pour l&#039;annonce et le divertissement<br \/>\n\u2022 des collations et des boissons non alcoolis\u00e9es gratuites \u00e0 bord<br \/>\n\u2022 Lampes de lecture au pavillon et coffre \u00e0 bagages<br \/>\n\u2022 Services Wi-Fi gratuits pour la navigation en ligne<\/p>\n<h3>Ligne de service de la soci\u00e9t\u00e9 d&#039;autocars de Lolindo<\/h3>\n<p>L&#039;entreprise fournit des services quotidiens de transport de passagers de la ville d&#039;Arusha vers d&#039;autres villes d&#039;affaires comme Musoma, Mwanza et Lolindo.<\/p>\n<p>Ils proposent \u00e9galement diff\u00e9rents moyens de r\u00e9servation de billets en ligne, et vous pouvez opter pour le moyen le plus parfait, \u00e0 savoir les options de r\u00e9servation en ligne. Vous pouvez \u00e9galement r\u00e9server vos billets de bus dans leurs bureaux.<\/p>\n<p>Leurs bus sont \u00e9galement accessibles \u00e0 la location priv\u00e9e par diff\u00e9rents groupes de personnes, y compris l&#039;\u00e9glise, l&#039;\u00e9cole, les institutions et bien d&#039;autres groupes.<\/p>\n<h3>Quelles sont les coordonn\u00e9es des bureaux de r\u00e9servation Loliondo Coach ?<\/h3>\n<p>Adresse:<br \/>\nBP 4 LOLIONDO,<br \/>\nNGORONGORO,<br \/>\nTANZANIE<\/p>\n<h2>Loliondo Coach Conseils de r\u00e9servation de billets de bus en ligne<\/h2>\n<p>Depuis sa cr\u00e9ation, l&#039;entreprise a r\u00e9ussi \u00e0 construire une marque bien connue parmi les voyageurs qui voyageaient de la ville touristique d&#039;Aursha \u00e0 la r\u00e9gion du lac.<\/p>\n<h2>Autres compagnies de bus populaires en Tanzanie<\/h2>\n<table border=\"0\" cellspacing=\"1\" cellpadding=\"1\">\n<tbody>\n<tr>\n<td>\n<ul>\n<li><a href=\"https:\/\/tiketi.com\/fr-fr\/companies\/buses\/new-force-coaches\/\" target=\"_blank\" rel=\"noopener\">R\u00e9servation de bus New Force<\/a><\/li>\n<\/ul>\n<\/td>\n<td style=\"width: 30px;\"><\/td>\n<td>\n<ul>\n<li><a href=\"https:\/\/tiketi.com\/fr-fr\/companies\/buses\/kilimanjaro-express\/\" target=\"_blank\" rel=\"noopener\">R\u00e9servation Dar Express<\/a><\/li>\n<\/ul>\n<\/td>\n<td style=\"width: 30px;\"><\/td>\n<td>\n<ul>\n<li><a href=\"https:\/\/tiketi.com\/fr-fr\/companies\/buses\/abood-bus\/\" target=\"_blank\" rel=\"noopener\">R\u00e9servation de bus Abood<\/a><\/li>\n<\/ul>\n<\/td>\n<\/tr>\n<tr>\n<td>\n<ul>\n<li><a href=\"https:\/\/tiketi.com\/fr-fr\/companies\/buses\/super-feo-bus\/\" target=\"_blank\" rel=\"noopener\">Super Feo Booking<\/a><\/li>\n<\/ul>\n<\/td>\n<td style=\"width: 30px;\"><\/td>\n<td>\n<ul>\n<li><a href=\"https:\/\/tiketi.com\/fr-fr\/companies\/buses\/happy-nation-express\/\" target=\"_blank\" rel=\"noopener\">R\u00e9servation Happy Nation Express<\/a><\/li>\n<\/ul>\n<\/td>\n<td style=\"width: 30px;\"><\/td>\n<td>\n<ul>\n<li><a href=\"https:\/\/tiketi.com\/fr-fr\/companies\/buses\/esther-luxury-coach\/\" target=\"_blank\" rel=\"noopener\">R\u00e9servation d&#039;autocars de luxe Esther<\/a><\/li>\n<\/ul>\n<\/td>\n<\/tr>\n<tr>\n<td>\n<ul>\n<li><a href=\"https:\/\/tiketi.com\/fr-fr\/companies\/buses\/bm-luxury-coach\/\" target=\"_blank\" rel=\"noopener\">R\u00e9servation de bus BM<\/a><\/li>\n<\/ul>\n<\/td>\n<td style=\"width: 30px;\"><\/td>\n<td>\n<ul>\n<li><a href=\"https:\/\/tiketi.com\/fr-fr\/companies\/buses\/satco-express\/\" target=\"_blank\" rel=\"noopener\">R\u00e9servation de bus Satco<\/a><\/li>\n<\/ul>\n<\/td>\n<td style=\"width: 30px;\"><\/td>\n<td>\n<ul>\n<li><a href=\"https:\/\/tiketi.com\/fr-fr\/companies\/buses\/abc-autobus-de-classe-superieur\/\" target=\"_blank\" rel=\"noopener\">R\u00e9servation de bus ABC Upper Class<\/a><\/li>\n<\/ul>\n<\/td>\n<\/tr>\n<\/tbody>\n<\/table>\n<p>&nbsp;<\/p>\n<p>&nbsp;<\/p>","protected":false},"excerpt":{"rendered":"<p>Loliondo Coach Online Bus Ticket Booking Discover your travel route on web, mobile or app and do cheap Loliondo Coach online bus ticket booking now. Loliondo Coach online booking made easy. Loliondo coach is a famous bus transportation firm which is based in Arusha city. The headquarter is at Lolindo town in Arusha area. The [&hellip;]<\/p>\n","protected":false},"author":1,"featured_media":13999,"parent":25524,"menu_order":0,"comment_status":"closed","ping_status":"closed","template":"template-home-modern.php","meta":{"footnotes":""},"class_list":["post-26630","page","type-page","status-publish","has-post-thumbnail","hentry"],"yoast_head":"<!-- This site is optimized with the Yoast SEO plugin v27.3 - https:\/\/yoast.com\/product\/yoast-seo-wordpress\/ -->\n<title>Loliondo Coach Online Booking - Tiketi.com<\/title>\n<meta name=\"description\" content=\"Looking for Loliondo Coach online booking, app, contact, bus routes, fares and schedule timing? Make a Loliondo Coach online bus ticket booking now\" \/>\n<meta name=\"robots\" content=\"index, follow, max-snippet:-1, max-image-preview:large, max-video-preview:-1\" \/>\n<link rel=\"canonical\" href=\"https:\/\/tiketi.com\/fr-fr\/companies\/buses\/loliondo-coach\/\" \/>\n<meta property=\"og:locale\" content=\"fr_FR\" \/>\n<meta property=\"og:type\" content=\"article\" \/>\n<meta property=\"og:title\" content=\"Loliondo Coach Online Booking - Tiketi.com\" \/>\n<meta property=\"og:description\" content=\"Looking for Loliondo Coach online booking, app, contact, bus routes, fares and schedule timing? Make a Loliondo Coach online bus ticket booking now\" \/>\n<meta property=\"og:url\" content=\"https:\/\/tiketi.com\/fr-fr\/companies\/buses\/loliondo-coach\/\" \/>\n<meta property=\"og:site_name\" content=\"Tiketi.com\" \/>\n<meta property=\"article:publisher\" content=\"https:\/\/www.facebook.com\/TiketiCom\/\" \/>\n<meta property=\"article:modified_time\" content=\"2025-08-03T18:13:35+00:00\" \/>\n<meta property=\"og:image\" content=\"https:\/\/tiketi.com\/wp-content\/uploads\/2022\/01\/bus-ticket-online-booking.jpg\" \/>\n\t<meta property=\"og:image:width\" content=\"1200\" \/>\n\t<meta property=\"og:image:height\" content=\"206\" \/>\n\t<meta property=\"og:image:type\" content=\"image\/jpeg\" \/>\n<meta name=\"twitter:card\" content=\"summary_large_image\" \/>\n<meta name=\"twitter:label1\" content=\"Dur\u00e9e de lecture estim\u00e9e\" \/>\n\t<meta name=\"twitter:data1\" content=\"3 minutes\" \/>\n<script type=\"application\/ld+json\" class=\"yoast-schema-graph\">{\"@context\":\"https:\\\/\\\/schema.org\",\"@graph\":[{\"@type\":\"WebPage\",\"@id\":\"https:\\\/\\\/tiketi.com\\\/companies\\\/buses\\\/loliondo-coach\\\/\",\"url\":\"https:\\\/\\\/tiketi.com\\\/companies\\\/buses\\\/loliondo-coach\\\/\",\"name\":\"Loliondo Coach Online Booking - Tiketi.com\",\"isPartOf\":{\"@id\":\"https:\\\/\\\/tiketi.com\\\/#website\"},\"primaryImageOfPage\":{\"@id\":\"https:\\\/\\\/tiketi.com\\\/companies\\\/buses\\\/loliondo-coach\\\/#primaryimage\"},\"image\":{\"@id\":\"https:\\\/\\\/tiketi.com\\\/companies\\\/buses\\\/loliondo-coach\\\/#primaryimage\"},\"thumbnailUrl\":\"https:\\\/\\\/tiketi.com\\\/wp-content\\\/uploads\\\/2022\\\/01\\\/bus-ticket-online-booking.jpg\",\"datePublished\":\"2023-02-15T14:33:01+00:00\",\"dateModified\":\"2025-08-03T18:13:35+00:00\",\"description\":\"Looking for Loliondo Coach online booking, app, contact, bus routes, fares and schedule timing? Make a Loliondo Coach online bus ticket booking now\",\"breadcrumb\":{\"@id\":\"https:\\\/\\\/tiketi.com\\\/companies\\\/buses\\\/loliondo-coach\\\/#breadcrumb\"},\"inLanguage\":\"fr-FR\",\"potentialAction\":[{\"@type\":\"ReadAction\",\"target\":[\"https:\\\/\\\/tiketi.com\\\/companies\\\/buses\\\/loliondo-coach\\\/\"]}]},{\"@type\":\"ImageObject\",\"inLanguage\":\"fr-FR\",\"@id\":\"https:\\\/\\\/tiketi.com\\\/companies\\\/buses\\\/loliondo-coach\\\/#primaryimage\",\"url\":\"https:\\\/\\\/tiketi.com\\\/wp-content\\\/uploads\\\/2022\\\/01\\\/bus-ticket-online-booking.jpg\",\"contentUrl\":\"https:\\\/\\\/tiketi.com\\\/wp-content\\\/uploads\\\/2022\\\/01\\\/bus-ticket-online-booking.jpg\",\"width\":1200,\"height\":206,\"caption\":\"Online Bus Ticket Booking\"},{\"@type\":\"BreadcrumbList\",\"@id\":\"https:\\\/\\\/tiketi.com\\\/companies\\\/buses\\\/loliondo-coach\\\/#breadcrumb\",\"itemListElement\":[{\"@type\":\"ListItem\",\"position\":1,\"name\":\"Home\",\"item\":\"https:\\\/\\\/tiketi.com\\\/\"},{\"@type\":\"ListItem\",\"position\":2,\"name\":\"Companies\",\"item\":\"https:\\\/\\\/tiketi.com\\\/companies\\\/\"},{\"@type\":\"ListItem\",\"position\":3,\"name\":\"Buses\",\"item\":\"https:\\\/\\\/tiketi.com\\\/companies\\\/buses\\\/\"},{\"@type\":\"ListItem\",\"position\":4,\"name\":\"Loliondo Coach Online Booking\"}]},{\"@type\":\"WebSite\",\"@id\":\"https:\\\/\\\/tiketi.com\\\/#website\",\"url\":\"https:\\\/\\\/tiketi.com\\\/\",\"name\":\"Flight & Bus Tickets, Tour Packages & Activitites - Tiketi.com\",\"description\":\"Flight &amp; Bus Tickets, Tours, Activitites\",\"publisher\":{\"@id\":\"https:\\\/\\\/tiketi.com\\\/#organization\"},\"potentialAction\":[{\"@type\":\"SearchAction\",\"target\":{\"@type\":\"EntryPoint\",\"urlTemplate\":\"https:\\\/\\\/tiketi.com\\\/?s={search_term_string}\"},\"query-input\":{\"@type\":\"PropertyValueSpecification\",\"valueRequired\":true,\"valueName\":\"search_term_string\"}}],\"inLanguage\":\"fr-FR\"},{\"@type\":\"Organization\",\"@id\":\"https:\\\/\\\/tiketi.com\\\/#organization\",\"name\":\"Tiketi.com\",\"alternateName\":\"Tiketi\",\"url\":\"https:\\\/\\\/tiketi.com\\\/\",\"logo\":{\"@type\":\"ImageObject\",\"inLanguage\":\"fr-FR\",\"@id\":\"https:\\\/\\\/tiketi.com\\\/#\\\/schema\\\/logo\\\/image\\\/\",\"url\":\"https:\\\/\\\/tiketi.com\\\/wp-content\\\/uploads\\\/2019\\\/05\\\/tiketi-logo-696.png\",\"contentUrl\":\"https:\\\/\\\/tiketi.com\\\/wp-content\\\/uploads\\\/2019\\\/05\\\/tiketi-logo-696.png\",\"width\":696,\"height\":696,\"caption\":\"Tiketi.com\"},\"image\":{\"@id\":\"https:\\\/\\\/tiketi.com\\\/#\\\/schema\\\/logo\\\/image\\\/\"},\"sameAs\":[\"https:\\\/\\\/www.facebook.com\\\/TiketiCom\\\/\"]}]}<\/script>\n<!-- \/ Yoast SEO plugin. -->","yoast_head_json":{"title":"R\u00e9servation en ligne d&#039;autocar Loliondo - Tiketi.com","description":"Vous recherchez une r\u00e9servation en ligne, une application, un contact, des itin\u00e9raires de bus, des tarifs et des horaires pour Loliondo Coach\u00a0? Faites une r\u00e9servation de billet de bus en ligne Loliondo Coach maintenant","robots":{"index":"index","follow":"follow","max-snippet":"max-snippet:-1","max-image-preview":"max-image-preview:large","max-video-preview":"max-video-preview:-1"},"canonical":"https:\/\/tiketi.com\/fr-fr\/companies\/buses\/loliondo-coach\/","og_locale":"fr_FR","og_type":"article","og_title":"Loliondo Coach Online Booking - Tiketi.com","og_description":"Looking for Loliondo Coach online booking, app, contact, bus routes, fares and schedule timing? Make a Loliondo Coach online bus ticket booking now","og_url":"https:\/\/tiketi.com\/fr-fr\/companies\/buses\/loliondo-coach\/","og_site_name":"Tiketi.com","article_publisher":"https:\/\/www.facebook.com\/TiketiCom\/","article_modified_time":"2025-08-03T18:13:35+00:00","og_image":[{"width":1200,"height":206,"url":"https:\/\/tiketi.com\/wp-content\/uploads\/2022\/01\/bus-ticket-online-booking.jpg","type":"image\/jpeg"}],"twitter_card":"summary_large_image","twitter_misc":{"Dur\u00e9e de lecture estim\u00e9e":"3 minutes"},"schema":{"@context":"https:\/\/schema.org","@graph":[{"@type":"WebPage","@id":"https:\/\/tiketi.com\/companies\/buses\/loliondo-coach\/","url":"https:\/\/tiketi.com\/companies\/buses\/loliondo-coach\/","name":"R\u00e9servation en ligne d&#039;autocar Loliondo - Tiketi.com","isPartOf":{"@id":"https:\/\/tiketi.com\/#website"},"primaryImageOfPage":{"@id":"https:\/\/tiketi.com\/companies\/buses\/loliondo-coach\/#primaryimage"},"image":{"@id":"https:\/\/tiketi.com\/companies\/buses\/loliondo-coach\/#primaryimage"},"thumbnailUrl":"https:\/\/tiketi.com\/wp-content\/uploads\/2022\/01\/bus-ticket-online-booking.jpg","datePublished":"2023-02-15T14:33:01+00:00","dateModified":"2025-08-03T18:13:35+00:00","description":"Vous recherchez une r\u00e9servation en ligne, une application, un contact, des itin\u00e9raires de bus, des tarifs et des horaires pour Loliondo Coach\u00a0? Faites une r\u00e9servation de billet de bus en ligne Loliondo Coach maintenant","breadcrumb":{"@id":"https:\/\/tiketi.com\/companies\/buses\/loliondo-coach\/#breadcrumb"},"inLanguage":"fr-FR","potentialAction":[{"@type":"ReadAction","target":["https:\/\/tiketi.com\/companies\/buses\/loliondo-coach\/"]}]},{"@type":"ImageObject","inLanguage":"fr-FR","@id":"https:\/\/tiketi.com\/companies\/buses\/loliondo-coach\/#primaryimage","url":"https:\/\/tiketi.com\/wp-content\/uploads\/2022\/01\/bus-ticket-online-booking.jpg","contentUrl":"https:\/\/tiketi.com\/wp-content\/uploads\/2022\/01\/bus-ticket-online-booking.jpg","width":1200,"height":206,"caption":"Online Bus Ticket Booking"},{"@type":"BreadcrumbList","@id":"https:\/\/tiketi.com\/companies\/buses\/loliondo-coach\/#breadcrumb","itemListElement":[{"@type":"ListItem","position":1,"name":"Home","item":"https:\/\/tiketi.com\/"},{"@type":"ListItem","position":2,"name":"Companies","item":"https:\/\/tiketi.com\/companies\/"},{"@type":"ListItem","position":3,"name":"Buses","item":"https:\/\/tiketi.com\/companies\/buses\/"},{"@type":"ListItem","position":4,"name":"Loliondo Coach Online Booking"}]},{"@type":"WebSite","@id":"https:\/\/tiketi.com\/#website","url":"https:\/\/tiketi.com\/","name":"Billets d&#039;avion et de bus, forfaits touristiques et activit\u00e9s - Tiketi.com","description":"Billets d&#039;avion et de bus, Tours, Activit\u00e9s","publisher":{"@id":"https:\/\/tiketi.com\/#organization"},"potentialAction":[{"@type":"SearchAction","target":{"@type":"EntryPoint","urlTemplate":"https:\/\/tiketi.com\/?s={search_term_string}"},"query-input":{"@type":"PropertyValueSpecification","valueRequired":true,"valueName":"search_term_string"}}],"inLanguage":"fr-FR"},{"@type":"Organization","@id":"https:\/\/tiketi.com\/#organization","name":"Tiketi.com","alternateName":"Tiketi","url":"https:\/\/tiketi.com\/","logo":{"@type":"ImageObject","inLanguage":"fr-FR","@id":"https:\/\/tiketi.com\/#\/schema\/logo\/image\/","url":"https:\/\/tiketi.com\/wp-content\/uploads\/2019\/05\/tiketi-logo-696.png","contentUrl":"https:\/\/tiketi.com\/wp-content\/uploads\/2019\/05\/tiketi-logo-696.png","width":696,"height":696,"caption":"Tiketi.com"},"image":{"@id":"https:\/\/tiketi.com\/#\/schema\/logo\/image\/"},"sameAs":["https:\/\/www.facebook.com\/TiketiCom\/"]}]}},"_links":{"self":[{"href":"https:\/\/tiketi.com\/fr-fr\/wp-json\/wp\/v2\/pages\/26630","targetHints":{"allow":["GET"]}}],"collection":[{"href":"https:\/\/tiketi.com\/fr-fr\/wp-json\/wp\/v2\/pages"}],"about":[{"href":"https:\/\/tiketi.com\/fr-fr\/wp-json\/wp\/v2\/types\/page"}],"author":[{"embeddable":true,"href":"https:\/\/tiketi.com\/fr-fr\/wp-json\/wp\/v2\/users\/1"}],"replies":[{"embeddable":true,"href":"https:\/\/tiketi.com\/fr-fr\/wp-json\/wp\/v2\/comments?post=26630"}],"version-history":[{"count":2,"href":"https:\/\/tiketi.com\/fr-fr\/wp-json\/wp\/v2\/pages\/26630\/revisions"}],"predecessor-version":[{"id":32338,"href":"https:\/\/tiketi.com\/fr-fr\/wp-json\/wp\/v2\/pages\/26630\/revisions\/32338"}],"up":[{"embeddable":true,"href":"https:\/\/tiketi.com\/fr-fr\/wp-json\/wp\/v2\/pages\/25524"}],"wp:featuredmedia":[{"embeddable":true,"href":"https:\/\/tiketi.com\/fr-fr\/wp-json\/wp\/v2\/media\/13999"}],"wp:attachment":[{"href":"https:\/\/tiketi.com\/fr-fr\/wp-json\/wp\/v2\/media?parent=26630"}],"curies":[{"name":"wp","href":"https:\/\/api.w.org\/{rel}","templated":true}]}}