{"id":26837,"date":"2023-02-27T16:24:58","date_gmt":"2023-02-27T15:24:58","guid":{"rendered":"https:\/\/tiketi.com\/?page_id=26837"},"modified":"2023-02-27T16:24:58","modified_gmt":"2023-02-27T15:24:58","slug":"dar-es-salaam-to-bukoba","status":"publish","type":"page","link":"https:\/\/tiketi.com\/fr-fr\/routes\/bus\/dar-es-salaam-to-bukoba\/","title":{"rendered":"Mwanza \u00e0 Bukoba Billets de bus, itin\u00e9raire, horaires et tarifs"},"content":{"rendered":"<h2>Billets de bus pas chers de Mwanza \u00e0 Bukoba R\u00e9servation en ligne<\/h2>\n<h3>D\u00e9couvrez votre itin\u00e9raire de voyage sur le web, le mobile ou l&#039;application et r\u00e9servez en ligne maintenant un bus pas cher de Mwanza \u00e0 Bukoba.<\/h3>\n<p>Comparez et r\u00e9servez les meilleures offres sur les billets de bus pas chers de Mwanza \u00e0 Bukoba en ligne et voyagez de Mwanza \u00e0 Bukoba en bus. Bukoba est une ville situ\u00e9e au nord-ouest de la R\u00e9publique-Unie de Tanzanie sur les rives sud-ouest du lac Victoria. C&#039;est la capitale de la r\u00e9gion de Kagera et le si\u00e8ge administratif de la zone urbaine de Bukoba. Alors achetez en ligne d\u00e8s maintenant vos billets de bus de Mwanza \u00e0 Bukoba.<\/p>\n<h2>Bus de Mwanza \u00e0 Bukoba Billets de bus, itin\u00e9raires, horaires et tarifs FAQ<\/h2>\n<h3>Est-ce que Mwanza \u00e0 Bukoba en bus est le moyen le plus \u00e9conomique pour se rendre \u00e0 Bukoba ?<\/h3>\n<p>Mwanza \u00e0 Bukoba en ferry est le moyen abordable de se rendre de Mwanza \u00e0 Bukoba. Vous pouvez \u00e9galement voyager de Mwanza \u00e0 Bukoba par la route. Train co\u00fbte $29 -$32 et dure 43h 35m. Ferry et bus Mwanza \u00e0 Bukoba tarif $52 \u2013 $55 et dure 25h.<\/p>\n<h3>Quelle est la distance entre Mwanza et Bukoba en bus ?<\/h3>\n<p>La distance entre Mwanza et Bukoba en bus est de 1028 km.<\/p>\n<h3>Puis-je conduire ou bus de Mwanza \u00e0 Bukoba ?<\/h3>\n<p>Oui, la distance en voiture de Mwanza et Bukoba est de 1433 km. Il faut environ 20h 45m pour conduire de Mwanza \u00e0 Bukoba ?<\/p>\n<h3>O\u00f9 puis-je prendre le bus de Mwanza \u00e0 Bukoba ?<\/h3>\n<p>Service de bus de Mwanza \u00e0 Bukoba. Vous pouvez prendre le bus de Mwanza \u00e0 Bukoba Dar express.<\/p>\n<h2>Billets de bus de Mwanza \u00e0 Bukoba Tips<\/h2>\n<p>Voici quelques-unes des meilleures attractions :<\/p>\n<h3>Mus\u00e9e de la Kagera<\/h3>\n<p>Ce petit mais pr\u00e9cieux mus\u00e9e rassemble un ensemble d&#039;objets tribaux domestiques avec des photographies de la faune de la r\u00e9gion de Kagera, des sacs \u00e0 main de tambours et d&#039;autres objets tr\u00e8s anciens sont expos\u00e9s. Le mus\u00e9e se trouve en face de l&#039;a\u00e9roport de Bukoba dans la r\u00e9gion de Nyamukazi. Si les chauffeurs de moto-taxi ou les chauffeurs de taxi ne connaissent pas le mus\u00e9e, dites-le au Peter Mulim et ils comprendront la r\u00e9gion.<\/p>\n<h3>\u00c9glise de Bunera<\/h3>\n<p>V\u00e9ritable cath\u00e9drale de la ville, l&#039;\u00e9glise Bunena de 1914 est la plus ancienne \u00e9glise de la ville. Il brosse un tableau magnifique vu de la plage de Bukoba, mais n&#039;est pas tr\u00e8s proche. La falaise rocheuse en dessous, de toute fa\u00e7on, est extr\u00eamement \u00e9tonnante.<\/p>\n<h3>\u00cele de Musila<\/h3>\n<p>L&#039;\u00e9norme morceau de roche devant Bukoba \u00e9tait une \u00eele-prison \u00e0 l&#039;\u00e9poque des rois et maintenant il offre une escapade intrigante. \u00c0 votre arriv\u00e9e, pr\u00e9sentez-vous au maire et payez les frais d&#039;\u00eele. Demandez-lui de pr\u00e9senter le chemin vers le sommet, qui passe devant l&#039;\u00e9glise orthodoxe et de nombreuses maisons en herbe \u00e0 \u00e9l\u00e9phant.<\/p>","protected":false},"excerpt":{"rendered":"<p>Cheap Bus Tickets from\u00a0Mwanza to Bukoba Online Booking Discover your travel route on web, mobile or app and book cheap bus from Mwanza to Bukoba online now. Compare &amp; book the best offers on cheap Mwanza to Bukoba bus tickets online and travel Mwanza to Bukoba by bus. Bukoba is a city placed in the [&hellip;]<\/p>\n","protected":false},"author":1,"featured_media":13999,"parent":25566,"menu_order":0,"comment_status":"closed","ping_status":"closed","template":"template-home-modern.php","meta":{"footnotes":""},"class_list":["post-26837","page","type-page","status-publish","has-post-thumbnail","hentry"],"yoast_head":"<!-- This site is optimized with the Yoast SEO plugin v27.3 - https:\/\/yoast.com\/product\/yoast-seo-wordpress\/ -->\n<title>Mwanza to Bukoba Bus Tickets, Route,\u00a0Schedule &amp; Fare - Tiketi.com<\/title>\n<meta name=\"description\" content=\"Looking for bus from Mwanza to Bukoba bus ticket booking ap, route, schedule &amp; fare? Book cheap bus tickets from Mwanza to Bukoba online now\" \/>\n<meta name=\"robots\" content=\"index, follow, max-snippet:-1, max-image-preview:large, max-video-preview:-1\" \/>\n<link rel=\"canonical\" href=\"https:\/\/tiketi.com\/fr-fr\/njia\/nauli-mabasi\/dar-es-salaam-to-bukoba\/\" \/>\n<meta property=\"og:locale\" content=\"fr_FR\" \/>\n<meta property=\"og:type\" content=\"article\" \/>\n<meta property=\"og:title\" content=\"Mwanza to Bukoba Bus Tickets, Route,\u00a0Schedule &amp; Fare - Tiketi.com\" \/>\n<meta property=\"og:description\" content=\"Looking for bus from Mwanza to Bukoba bus ticket booking ap, route, schedule &amp; fare? Book cheap bus tickets from Mwanza to Bukoba online now\" \/>\n<meta property=\"og:url\" content=\"https:\/\/tiketi.com\/fr-fr\/njia\/nauli-mabasi\/dar-es-salaam-to-bukoba\/\" \/>\n<meta property=\"og:site_name\" content=\"Tiketi.com\" \/>\n<meta property=\"article:publisher\" content=\"https:\/\/www.facebook.com\/TiketiCom\/\" \/>\n<meta property=\"og:image\" content=\"https:\/\/tiketi.com\/wp-content\/uploads\/2022\/01\/bus-ticket-online-booking.jpg\" \/>\n\t<meta property=\"og:image:width\" content=\"1200\" \/>\n\t<meta property=\"og:image:height\" content=\"206\" \/>\n\t<meta property=\"og:image:type\" content=\"image\/jpeg\" \/>\n<meta name=\"twitter:card\" content=\"summary_large_image\" \/>\n<meta name=\"twitter:label1\" content=\"Dur\u00e9e de lecture estim\u00e9e\" \/>\n\t<meta name=\"twitter:data1\" content=\"2 minutes\" \/>\n<script type=\"application\/ld+json\" class=\"yoast-schema-graph\">{\"@context\":\"https:\\\/\\\/schema.org\",\"@graph\":[{\"@type\":\"WebPage\",\"@id\":\"https:\\\/\\\/tiketi.com\\\/sw\\\/njia\\\/nauli-mabasi\\\/dar-es-salaam-to-bukoba\\\/\",\"url\":\"https:\\\/\\\/tiketi.com\\\/sw\\\/njia\\\/nauli-mabasi\\\/dar-es-salaam-to-bukoba\\\/\",\"name\":\"Mwanza to Bukoba Bus Tickets, Route,\u00a0Schedule & Fare - Tiketi.com\",\"isPartOf\":{\"@id\":\"https:\\\/\\\/tiketi.com\\\/#website\"},\"primaryImageOfPage\":{\"@id\":\"https:\\\/\\\/tiketi.com\\\/sw\\\/njia\\\/nauli-mabasi\\\/dar-es-salaam-to-bukoba\\\/#primaryimage\"},\"image\":{\"@id\":\"https:\\\/\\\/tiketi.com\\\/sw\\\/njia\\\/nauli-mabasi\\\/dar-es-salaam-to-bukoba\\\/#primaryimage\"},\"thumbnailUrl\":\"https:\\\/\\\/tiketi.com\\\/wp-content\\\/uploads\\\/2022\\\/01\\\/bus-ticket-online-booking.jpg\",\"datePublished\":\"2023-02-27T15:24:58+00:00\",\"description\":\"Looking for bus from Mwanza to Bukoba bus ticket booking ap, route, schedule & fare? Book cheap bus tickets from Mwanza to Bukoba online now\",\"breadcrumb\":{\"@id\":\"https:\\\/\\\/tiketi.com\\\/sw\\\/njia\\\/nauli-mabasi\\\/dar-es-salaam-to-bukoba\\\/#breadcrumb\"},\"inLanguage\":\"fr-FR\",\"potentialAction\":[{\"@type\":\"ReadAction\",\"target\":[\"https:\\\/\\\/tiketi.com\\\/sw\\\/njia\\\/nauli-mabasi\\\/dar-es-salaam-to-bukoba\\\/\"]}]},{\"@type\":\"ImageObject\",\"inLanguage\":\"fr-FR\",\"@id\":\"https:\\\/\\\/tiketi.com\\\/sw\\\/njia\\\/nauli-mabasi\\\/dar-es-salaam-to-bukoba\\\/#primaryimage\",\"url\":\"https:\\\/\\\/tiketi.com\\\/wp-content\\\/uploads\\\/2022\\\/01\\\/bus-ticket-online-booking.jpg\",\"contentUrl\":\"https:\\\/\\\/tiketi.com\\\/wp-content\\\/uploads\\\/2022\\\/01\\\/bus-ticket-online-booking.jpg\",\"width\":1200,\"height\":206,\"caption\":\"Online Bus Ticket Booking\"},{\"@type\":\"BreadcrumbList\",\"@id\":\"https:\\\/\\\/tiketi.com\\\/sw\\\/njia\\\/nauli-mabasi\\\/dar-es-salaam-to-bukoba\\\/#breadcrumb\",\"itemListElement\":[{\"@type\":\"ListItem\",\"position\":1,\"name\":\"Home\",\"item\":\"https:\\\/\\\/tiketi.com\\\/\"},{\"@type\":\"ListItem\",\"position\":2,\"name\":\"Routes\",\"item\":\"https:\\\/\\\/tiketi.com\\\/routes\\\/\"},{\"@type\":\"ListItem\",\"position\":3,\"name\":\"Bus\",\"item\":\"https:\\\/\\\/tiketi.com\\\/routes\\\/bus\\\/\"},{\"@type\":\"ListItem\",\"position\":4,\"name\":\"Mwanza to Bukoba Bus Tickets, Route,\u00a0Schedule &#038; Fare\"}]},{\"@type\":\"WebSite\",\"@id\":\"https:\\\/\\\/tiketi.com\\\/#website\",\"url\":\"https:\\\/\\\/tiketi.com\\\/\",\"name\":\"Flight & Bus Tickets, Tour Packages & Activitites - Tiketi.com\",\"description\":\"Flight &amp; Bus Tickets, Tours, Activitites\",\"publisher\":{\"@id\":\"https:\\\/\\\/tiketi.com\\\/#organization\"},\"potentialAction\":[{\"@type\":\"SearchAction\",\"target\":{\"@type\":\"EntryPoint\",\"urlTemplate\":\"https:\\\/\\\/tiketi.com\\\/?s={search_term_string}\"},\"query-input\":{\"@type\":\"PropertyValueSpecification\",\"valueRequired\":true,\"valueName\":\"search_term_string\"}}],\"inLanguage\":\"fr-FR\"},{\"@type\":\"Organization\",\"@id\":\"https:\\\/\\\/tiketi.com\\\/#organization\",\"name\":\"Tiketi.com\",\"alternateName\":\"Tiketi\",\"url\":\"https:\\\/\\\/tiketi.com\\\/\",\"logo\":{\"@type\":\"ImageObject\",\"inLanguage\":\"fr-FR\",\"@id\":\"https:\\\/\\\/tiketi.com\\\/#\\\/schema\\\/logo\\\/image\\\/\",\"url\":\"https:\\\/\\\/tiketi.com\\\/wp-content\\\/uploads\\\/2019\\\/05\\\/tiketi-logo-696.png\",\"contentUrl\":\"https:\\\/\\\/tiketi.com\\\/wp-content\\\/uploads\\\/2019\\\/05\\\/tiketi-logo-696.png\",\"width\":696,\"height\":696,\"caption\":\"Tiketi.com\"},\"image\":{\"@id\":\"https:\\\/\\\/tiketi.com\\\/#\\\/schema\\\/logo\\\/image\\\/\"},\"sameAs\":[\"https:\\\/\\\/www.facebook.com\\\/TiketiCom\\\/\"]}]}<\/script>\n<!-- \/ Yoast SEO plugin. -->","yoast_head_json":{"title":"Mwanza \u00e0 Bukoba Bus Billets, Itin\u00e9raire, Horaires &amp; Tarif - Tiketi.com","description":"\u00c0 la recherche d&#039;une application de r\u00e9servation de billets de bus de Mwanza \u00e0 Bukoba, d&#039;un itin\u00e9raire, d&#039;un horaire et d&#039;un tarif\u00a0? R\u00e9servez en ligne maintenant des billets de bus \u00e0 bas prix de Mwanza \u00e0 Bukoba","robots":{"index":"index","follow":"follow","max-snippet":"max-snippet:-1","max-image-preview":"max-image-preview:large","max-video-preview":"max-video-preview:-1"},"canonical":"https:\/\/tiketi.com\/fr-fr\/njia\/nauli-mabasi\/dar-es-salaam-to-bukoba\/","og_locale":"fr_FR","og_type":"article","og_title":"Mwanza to Bukoba Bus Tickets, Route,\u00a0Schedule & Fare - Tiketi.com","og_description":"Looking for bus from Mwanza to Bukoba bus ticket booking ap, route, schedule & fare? Book cheap bus tickets from Mwanza to Bukoba online now","og_url":"https:\/\/tiketi.com\/fr-fr\/njia\/nauli-mabasi\/dar-es-salaam-to-bukoba\/","og_site_name":"Tiketi.com","article_publisher":"https:\/\/www.facebook.com\/TiketiCom\/","og_image":[{"width":1200,"height":206,"url":"https:\/\/tiketi.com\/wp-content\/uploads\/2022\/01\/bus-ticket-online-booking.jpg","type":"image\/jpeg"}],"twitter_card":"summary_large_image","twitter_misc":{"Dur\u00e9e de lecture estim\u00e9e":"2 minutes"},"schema":{"@context":"https:\/\/schema.org","@graph":[{"@type":"WebPage","@id":"https:\/\/tiketi.com\/sw\/njia\/nauli-mabasi\/dar-es-salaam-to-bukoba\/","url":"https:\/\/tiketi.com\/sw\/njia\/nauli-mabasi\/dar-es-salaam-to-bukoba\/","name":"Mwanza \u00e0 Bukoba Bus Billets, Itin\u00e9raire, Horaires &amp; Tarif - Tiketi.com","isPartOf":{"@id":"https:\/\/tiketi.com\/#website"},"primaryImageOfPage":{"@id":"https:\/\/tiketi.com\/sw\/njia\/nauli-mabasi\/dar-es-salaam-to-bukoba\/#primaryimage"},"image":{"@id":"https:\/\/tiketi.com\/sw\/njia\/nauli-mabasi\/dar-es-salaam-to-bukoba\/#primaryimage"},"thumbnailUrl":"https:\/\/tiketi.com\/wp-content\/uploads\/2022\/01\/bus-ticket-online-booking.jpg","datePublished":"2023-02-27T15:24:58+00:00","description":"\u00c0 la recherche d&#039;une application de r\u00e9servation de billets de bus de Mwanza \u00e0 Bukoba, d&#039;un itin\u00e9raire, d&#039;un horaire et d&#039;un tarif\u00a0? R\u00e9servez en ligne maintenant des billets de bus \u00e0 bas prix de Mwanza \u00e0 Bukoba","breadcrumb":{"@id":"https:\/\/tiketi.com\/sw\/njia\/nauli-mabasi\/dar-es-salaam-to-bukoba\/#breadcrumb"},"inLanguage":"fr-FR","potentialAction":[{"@type":"ReadAction","target":["https:\/\/tiketi.com\/sw\/njia\/nauli-mabasi\/dar-es-salaam-to-bukoba\/"]}]},{"@type":"ImageObject","inLanguage":"fr-FR","@id":"https:\/\/tiketi.com\/sw\/njia\/nauli-mabasi\/dar-es-salaam-to-bukoba\/#primaryimage","url":"https:\/\/tiketi.com\/wp-content\/uploads\/2022\/01\/bus-ticket-online-booking.jpg","contentUrl":"https:\/\/tiketi.com\/wp-content\/uploads\/2022\/01\/bus-ticket-online-booking.jpg","width":1200,"height":206,"caption":"Online Bus Ticket Booking"},{"@type":"BreadcrumbList","@id":"https:\/\/tiketi.com\/sw\/njia\/nauli-mabasi\/dar-es-salaam-to-bukoba\/#breadcrumb","itemListElement":[{"@type":"ListItem","position":1,"name":"Home","item":"https:\/\/tiketi.com\/"},{"@type":"ListItem","position":2,"name":"Routes","item":"https:\/\/tiketi.com\/routes\/"},{"@type":"ListItem","position":3,"name":"Bus","item":"https:\/\/tiketi.com\/routes\/bus\/"},{"@type":"ListItem","position":4,"name":"Mwanza to Bukoba Bus Tickets, Route,\u00a0Schedule &#038; Fare"}]},{"@type":"WebSite","@id":"https:\/\/tiketi.com\/#website","url":"https:\/\/tiketi.com\/","name":"Billets d&#039;avion et de bus, forfaits touristiques et activit\u00e9s - Tiketi.com","description":"Billets d&#039;avion et de bus, Tours, Activit\u00e9s","publisher":{"@id":"https:\/\/tiketi.com\/#organization"},"potentialAction":[{"@type":"SearchAction","target":{"@type":"EntryPoint","urlTemplate":"https:\/\/tiketi.com\/?s={search_term_string}"},"query-input":{"@type":"PropertyValueSpecification","valueRequired":true,"valueName":"search_term_string"}}],"inLanguage":"fr-FR"},{"@type":"Organization","@id":"https:\/\/tiketi.com\/#organization","name":"Tiketi.com","alternateName":"Tiketi","url":"https:\/\/tiketi.com\/","logo":{"@type":"ImageObject","inLanguage":"fr-FR","@id":"https:\/\/tiketi.com\/#\/schema\/logo\/image\/","url":"https:\/\/tiketi.com\/wp-content\/uploads\/2019\/05\/tiketi-logo-696.png","contentUrl":"https:\/\/tiketi.com\/wp-content\/uploads\/2019\/05\/tiketi-logo-696.png","width":696,"height":696,"caption":"Tiketi.com"},"image":{"@id":"https:\/\/tiketi.com\/#\/schema\/logo\/image\/"},"sameAs":["https:\/\/www.facebook.com\/TiketiCom\/"]}]}},"_links":{"self":[{"href":"https:\/\/tiketi.com\/fr-fr\/wp-json\/wp\/v2\/pages\/26837","targetHints":{"allow":["GET"]}}],"collection":[{"href":"https:\/\/tiketi.com\/fr-fr\/wp-json\/wp\/v2\/pages"}],"about":[{"href":"https:\/\/tiketi.com\/fr-fr\/wp-json\/wp\/v2\/types\/page"}],"author":[{"embeddable":true,"href":"https:\/\/tiketi.com\/fr-fr\/wp-json\/wp\/v2\/users\/1"}],"replies":[{"embeddable":true,"href":"https:\/\/tiketi.com\/fr-fr\/wp-json\/wp\/v2\/comments?post=26837"}],"version-history":[{"count":0,"href":"https:\/\/tiketi.com\/fr-fr\/wp-json\/wp\/v2\/pages\/26837\/revisions"}],"up":[{"embeddable":true,"href":"https:\/\/tiketi.com\/fr-fr\/wp-json\/wp\/v2\/pages\/25566"}],"wp:featuredmedia":[{"embeddable":true,"href":"https:\/\/tiketi.com\/fr-fr\/wp-json\/wp\/v2\/media\/13999"}],"wp:attachment":[{"href":"https:\/\/tiketi.com\/fr-fr\/wp-json\/wp\/v2\/media?parent=26837"}],"curies":[{"name":"wp","href":"https:\/\/api.w.org\/{rel}","templated":true}]}}